{"id":10128,"date":"2025-06-28T11:31:07","date_gmt":"2025-06-28T11:31:07","guid":{"rendered":"https:\/\/meetgirl.ch\/?page_id=10128"},"modified":"2025-06-28T11:34:25","modified_gmt":"2025-06-28T11:34:25","slug":"sexueller-fetisch-in-genf","status":"publish","type":"page","link":"https:\/\/meetgirl.ch\/de\/sexueller-fetisch-in-genf\/","title":{"rendered":"Fetisch Sex in Genf"},"content":{"rendered":"<div data-elementor-type=\"wp-page\" data-elementor-id=\"10128\" class=\"elementor elementor-10128\">\n\t\t\t\t<div class=\"elementor-element elementor-element-9667f4a e-flex e-con-boxed e-con e-parent\" data-id=\"9667f4a\" data-element_type=\"container\" data-settings=\"{&quot;jet_parallax_layout_list&quot;:[]}\">\n\t\t\t\t\t<div class=\"e-con-inner\">\n\t\t<div class=\"elementor-element elementor-element-717bdd6 e-con-full e-flex e-con e-child\" data-id=\"717bdd6\" data-element_type=\"container\" data-settings=\"{&quot;jet_parallax_layout_list&quot;:[]}\">\n\t\t\t\t<div class=\"elementor-element elementor-element-39935b0 elementor-widget elementor-widget-image\" data-id=\"39935b0\" data-element_type=\"widget\" data-widget_type=\"image.default\">\n\t\t\t\t<div class=\"elementor-widget-container\">\n\t\t\t\t\t\t\t\t\t\t\t\t\t\t\t<img decoding=\"async\" width=\"421\" height=\"748\" src=\"https:\/\/meetgirl.ch\/wp-content\/uploads\/listing-uploads\/gallery\/2024\/12\/USMPT6tE.jpeg\" class=\"attachment-large size-large wp-image-4859\" alt=\"\" srcset=\"https:\/\/meetgirl.ch\/wp-content\/uploads\/listing-uploads\/gallery\/2024\/12\/USMPT6tE.jpeg 421w, https:\/\/meetgirl.ch\/wp-content\/uploads\/listing-uploads\/gallery\/2024\/12\/USMPT6tE-169x300.jpeg 169w, https:\/\/meetgirl.ch\/wp-content\/uploads\/listing-uploads\/gallery\/2024\/12\/USMPT6tE-7x12.jpeg 7w\" sizes=\"(max-width: 421px) 100vw, 421px\" \/>\t\t\t\t\t\t\t\t\t\t\t\t\t\t\t<\/div>\n\t\t\t\t<\/div>\n\t\t\t\t<\/div>\n\t\t<div class=\"elementor-element elementor-element-acfc109 e-con-full e-flex e-con e-child\" data-id=\"acfc109\" data-element_type=\"container\" data-settings=\"{&quot;jet_parallax_layout_list&quot;:[]}\">\n\t\t\t\t<div class=\"elementor-element elementor-element-5a67fad elementor-widget elementor-widget-text-editor\" data-id=\"5a67fad\" data-element_type=\"widget\" data-widget_type=\"text-editor.default\">\n\t\t\t\t<div class=\"elementor-widget-container\">\n\t\t\t\t\t\t\t\t\t<h1><span style=\"color: #ffffff;\">Auf sexuelle Fetische spezialisierter Escort in Genf<\/span><\/h1>\n<p><span style=\"color: #ffffff;\">Sie sind fasziniert von der Welt des <strong>Fetischismus<\/strong> ? Finden Sie heraus, wie Sie Ihre Fantasien in Begleitung einer <strong>Escort mit sexuellen Fetischen in Genf<\/strong>. Fetischismus ist eine Sexualpraktik, bei der durch bestimmte Gegenst\u00e4nde oder K\u00f6rperteile Erregung empfunden wird.<\/span><\/p>\n<h2><span style=\"color: #ffffff;\">Sexuelle Fetische in Genf verstehen<\/span><\/h2>\n<p><span style=\"color: #ffffff;\">Die <strong>Sexualfetischismus<\/strong> kann sich auf verschiedene Dinge beziehen: Schuhe mit Abs\u00e4tzen, Str\u00fcmpfe, Handschuhe, H\u00f6schen oder auch K\u00f6rperteile wie F\u00fc\u00dfe, H\u00e4nde oder Beine. In Genf gibt es einige Escorts, die f\u00fcr diese Art von Praktiken offen sind und Ihnen erlauben, Ihre W\u00fcnsche frei zu erkunden.<\/span><\/p>\n<h2><span style=\"color: #ffffff;\">Warum sollten Sie eine Escort-Dame f\u00fcr Ihren Sex-Fetisch in Genf engagieren?<\/span><\/h2>\n<p><span style=\"color: #ffffff;\">Fantasien ausleben mit einer <strong>auf sexuelle Fetische spezialisierte Escort in Genf<\/strong>Wenn Sie eine Frau kennenlernen, genie\u00dfen Sie einen sinnlichen Moment ohne Bewertung. Diese Profis wissen, wie Sie Ihre Fetischobjekte in den Intimverkehr integrieren und dabei Ihre Grenzen und Vorlieben respektieren k\u00f6nnen.<\/span><\/p>\n<h3><span style=\"color: #ffffff;\">G\u00e4ngige Fetische und verwandte Objekte<\/span><\/h3>\n<p><span style=\"color: #ffffff;\">Zu den beliebtesten Fetischen geh\u00f6ren :<\/span><\/p>\n<ul>\n<li><span style=\"color: #ffffff;\">Schuhe und Stiefel aus Leder<\/span><\/li>\n<li><span style=\"color: #ffffff;\">Frauenunterw\u00e4sche<\/span><\/li>\n<li><span style=\"color: #ffffff;\">F\u00fc\u00dfe und Zehen<\/span><\/li>\n<li><span style=\"color: #ffffff;\">Handschuhe, Str\u00fcmpfe und Strumpfhosen<\/span><\/li>\n<li><span style=\"color: #ffffff;\">T\u00e4towierungen oder Piercings<\/span><\/li>\n<\/ul>\n<p><span style=\"color: #ffffff;\">Die <strong>escort girls in Genf<\/strong> k\u00f6nnen diese Gegenst\u00e4nde in einem wohlwollenden erotischen Rahmen verwenden.<\/span><\/p>\n<h2><span style=\"color: #ffffff;\">Respekt und Zustimmung in der Praxis sexueller Fetische in Genf<\/span><\/h2>\n<p><span style=\"color: #ffffff;\">Gegenseitiger Respekt ist von grundlegender Bedeutung. Eine <strong>erfahrene Escortdame<\/strong> wird Ihre Erwartungen besprechen, klare Grenzen setzen und daf\u00fcr sorgen, dass die Erfahrung f\u00fcr beide Seiten positiv bleibt.<\/span><\/p>\n<h3><span style=\"color: #ffffff;\">Fetisch-offene Escorts in Genf<\/span><\/h3>\n<p><span style=\"color: #ffffff;\">Bei Felina bieten einige Escorts ma\u00dfgeschneiderte Dienstleistungen f\u00fcr Liebhaber von <strong>sexueller Fetisch in Genf<\/strong>. Zahlreiche Accessoires und Verkleidungen stehen zur Verf\u00fcgung, um Ihre Fantasie anzuregen und den Spa\u00df zu intensivieren.<\/span><\/p>\n<h2><span style=\"color: #ffffff;\">Eine einzigartige Fetisch-Erfahrung mit einer Escort-Dame in Genf<\/span><\/h2>\n<p><span style=\"color: #ffffff;\">Wenn Sie nach einer <strong>Escort mit sexuellen Fetischen in Genf<\/strong>Meetgirl ist da, um Ihre Erwartungen in aller Diskretion zu erf\u00fcllen. G\u00f6nnen Sie sich einen intimen und originellen Moment, der von einer aufmerksamen und zuh\u00f6renden Fachfrau geleitet wird.<\/span><\/p>\t\t\t\t\t\t\t\t<\/div>\n\t\t\t\t<\/div>\n\t\t\t\t<\/div>\n\t\t\t\t\t<\/div>\n\t\t\t\t<\/div>\n\t\t\t\t<\/div>","protected":false},"excerpt":{"rendered":"<p>Escort sp\u00e9cialis\u00e9e dans les f\u00e9tiches sexuels \u00e0 Gen\u00e8ve Vous \u00eates fascin\u00e9 par l\u2019univers du f\u00e9tichisme ? D\u00e9couvrez comment vivre vos fantasmes en compagnie d\u2019une escort pratiquant les f\u00e9tiches sexuels \u00e0 Gen\u00e8ve. Le f\u00e9tichisme est une pratique sexuelle qui consiste \u00e0 ressentir de l\u2019excitation gr\u00e2ce \u00e0 des objets ou des parties du corps sp\u00e9cifiques. Comprendre les [&hellip;]<\/p>","protected":false},"author":3,"featured_media":0,"parent":0,"menu_order":0,"comment_status":"closed","ping_status":"closed","template":"","meta":{"footnotes":""},"class_list":["post-10128","page","type-page","status-publish","hentry"],"acf":[],"yoast_head":"<!-- This site is optimized with the Yoast SEO plugin v26.0 - https:\/\/yoast.com\/wordpress\/plugins\/seo\/ -->\n<title>F\u00e9tiche Sexuels \u00e0 Gen\u00e8ve - Meetgirl - Annonces \u00e9rotiques - Escorts, massages et salons<\/title>\n<meta name=\"description\" content=\"Vivez vos fantasmes de f\u00e9tichisme avec une escort \u00e0 Gen\u00e8ve. D\u00e9couvrez les services sensuels autour des f\u00e9tiches\" \/>\n<meta name=\"robots\" content=\"index, follow, max-snippet:-1, max-image-preview:large, max-video-preview:-1\" \/>\n<link rel=\"canonical\" href=\"https:\/\/meetgirl.ch\/de\/sexueller-fetisch-in-genf\/\" \/>\n<meta property=\"og:locale\" content=\"de_DE\" \/>\n<meta property=\"og:type\" content=\"article\" \/>\n<meta property=\"og:title\" content=\"F\u00e9tiche Sexuels \u00e0 Gen\u00e8ve - Meetgirl - Annonces \u00e9rotiques - Escorts, massages et salons\" \/>\n<meta property=\"og:description\" content=\"Vivez vos fantasmes de f\u00e9tichisme avec une escort \u00e0 Gen\u00e8ve. D\u00e9couvrez les services sensuels autour des f\u00e9tiches\" \/>\n<meta property=\"og:url\" content=\"https:\/\/meetgirl.ch\/de\/sexueller-fetisch-in-genf\/\" \/>\n<meta property=\"og:site_name\" content=\"Meetgirl - Annonces \u00e9rotiques - Escorts, massages et salons\" \/>\n<meta property=\"article:modified_time\" content=\"2025-06-28T11:34:25+00:00\" \/>\n<meta property=\"og:image\" content=\"https:\/\/meetgirl.ch\/wp-content\/uploads\/listing-uploads\/gallery\/2024\/12\/USMPT6tE.jpeg\" \/>\n<meta name=\"twitter:card\" content=\"summary_large_image\" \/>\n<meta name=\"twitter:label1\" content=\"Gesch\u00e4tzte Lesezeit\" \/>\n\t<meta name=\"twitter:data1\" content=\"2\u00a0Minuten\" \/>\n<script type=\"application\/ld+json\" class=\"yoast-schema-graph\">{\"@context\":\"https:\/\/schema.org\",\"@graph\":[{\"@type\":\"WebPage\",\"@id\":\"https:\/\/meetgirl.ch\/fetiche-sexuels-a-geneve\/\",\"url\":\"https:\/\/meetgirl.ch\/fetiche-sexuels-a-geneve\/\",\"name\":\"F\u00e9tiche Sexuels \u00e0 Gen\u00e8ve - Meetgirl - Annonces \u00e9rotiques - Escorts, massages et salons\",\"isPartOf\":{\"@id\":\"https:\/\/meetgirl.ch\/#website\"},\"primaryImageOfPage\":{\"@id\":\"https:\/\/meetgirl.ch\/fetiche-sexuels-a-geneve\/#primaryimage\"},\"image\":{\"@id\":\"https:\/\/meetgirl.ch\/fetiche-sexuels-a-geneve\/#primaryimage\"},\"thumbnailUrl\":\"https:\/\/meetgirl.ch\/wp-content\/uploads\/listing-uploads\/gallery\/2024\/12\/USMPT6tE.jpeg\",\"datePublished\":\"2025-06-28T11:31:07+00:00\",\"dateModified\":\"2025-06-28T11:34:25+00:00\",\"description\":\"Vivez vos fantasmes de f\u00e9tichisme avec une escort \u00e0 Gen\u00e8ve. D\u00e9couvrez les services sensuels autour des f\u00e9tiches\",\"breadcrumb\":{\"@id\":\"https:\/\/meetgirl.ch\/fetiche-sexuels-a-geneve\/#breadcrumb\"},\"inLanguage\":\"de\",\"potentialAction\":[{\"@type\":\"ReadAction\",\"target\":[\"https:\/\/meetgirl.ch\/fetiche-sexuels-a-geneve\/\"]}]},{\"@type\":\"ImageObject\",\"inLanguage\":\"de\",\"@id\":\"https:\/\/meetgirl.ch\/fetiche-sexuels-a-geneve\/#primaryimage\",\"url\":\"https:\/\/meetgirl.ch\/wp-content\/uploads\/listing-uploads\/gallery\/2024\/12\/USMPT6tE.jpeg\",\"contentUrl\":\"https:\/\/meetgirl.ch\/wp-content\/uploads\/listing-uploads\/gallery\/2024\/12\/USMPT6tE.jpeg\"},{\"@type\":\"BreadcrumbList\",\"@id\":\"https:\/\/meetgirl.ch\/fetiche-sexuels-a-geneve\/#breadcrumb\",\"itemListElement\":[{\"@type\":\"ListItem\",\"position\":1,\"name\":\"Accueil\",\"item\":\"https:\/\/meetgirl.ch\/\"},{\"@type\":\"ListItem\",\"position\":2,\"name\":\"F\u00e9tiche Sexuels \u00e0 Gen\u00e8ve\"}]},{\"@type\":\"WebSite\",\"@id\":\"https:\/\/meetgirl.ch\/#website\",\"url\":\"https:\/\/meetgirl.ch\/\",\"name\":\"MeetGirl - Annonces \u00e9rotiques Suisse - Escorts, massages et salons\",\"description\":\"Escorts et massages \u00e9rotiques\",\"publisher\":{\"@id\":\"https:\/\/meetgirl.ch\/#organization\"},\"alternateName\":\"Annuaire \u00e9rotique Suisse Escort \u00e0 Gen\u00e8ve, Lausanne, Valais, Neuch\u00e2tel\",\"potentialAction\":[{\"@type\":\"SearchAction\",\"target\":{\"@type\":\"EntryPoint\",\"urlTemplate\":\"https:\/\/meetgirl.ch\/?s={search_term_string}\"},\"query-input\":{\"@type\":\"PropertyValueSpecification\",\"valueRequired\":true,\"valueName\":\"search_term_string\"}}],\"inLanguage\":\"de\"},{\"@type\":\"Organization\",\"@id\":\"https:\/\/meetgirl.ch\/#organization\",\"name\":\"Escort et massage \u00e9rotique\",\"alternateName\":\"Meetgirl escortes et masseuses\",\"url\":\"https:\/\/meetgirl.ch\/\",\"logo\":{\"@type\":\"ImageObject\",\"inLanguage\":\"de\",\"@id\":\"https:\/\/meetgirl.ch\/#\/schema\/logo\/image\/\",\"url\":\"https:\/\/meetgirl.ch\/wp-content\/uploads\/2024\/05\/cropped-meet-logo.png\",\"contentUrl\":\"https:\/\/meetgirl.ch\/wp-content\/uploads\/2024\/05\/cropped-meet-logo.png\",\"width\":512,\"height\":512,\"caption\":\"Escort et massage \u00e9rotique\"},\"image\":{\"@id\":\"https:\/\/meetgirl.ch\/#\/schema\/logo\/image\/\"}}]}<\/script>\n<!-- \/ Yoast SEO plugin. -->","yoast_head_json":{"title":"Fetisch Sex in Genf - Meetgirl - Erotikanzeigen - Escorts, Massagen und Salons","description":"Leben Sie Ihre Fetisch-Fantasien mit einer Escort-Dame in Genf aus. Entdecken Sie die sinnlichen Dienstleistungen rund um den Fetisch","robots":{"index":"index","follow":"follow","max-snippet":"max-snippet:-1","max-image-preview":"max-image-preview:large","max-video-preview":"max-video-preview:-1"},"canonical":"https:\/\/meetgirl.ch\/de\/sexueller-fetisch-in-genf\/","og_locale":"de_DE","og_type":"article","og_title":"F\u00e9tiche Sexuels \u00e0 Gen\u00e8ve - Meetgirl - Annonces \u00e9rotiques - Escorts, massages et salons","og_description":"Vivez vos fantasmes de f\u00e9tichisme avec une escort \u00e0 Gen\u00e8ve. D\u00e9couvrez les services sensuels autour des f\u00e9tiches","og_url":"https:\/\/meetgirl.ch\/de\/sexueller-fetisch-in-genf\/","og_site_name":"Meetgirl - Annonces \u00e9rotiques - Escorts, massages et salons","article_modified_time":"2025-06-28T11:34:25+00:00","og_image":[{"url":"https:\/\/meetgirl.ch\/wp-content\/uploads\/listing-uploads\/gallery\/2024\/12\/USMPT6tE.jpeg","type":"","width":"","height":""}],"twitter_card":"summary_large_image","twitter_misc":{"Gesch\u00e4tzte Lesezeit":"2\u00a0Minuten"},"schema":{"@context":"https:\/\/schema.org","@graph":[{"@type":"WebPage","@id":"https:\/\/meetgirl.ch\/fetiche-sexuels-a-geneve\/","url":"https:\/\/meetgirl.ch\/fetiche-sexuels-a-geneve\/","name":"Fetisch Sex in Genf - Meetgirl - Erotikanzeigen - Escorts, Massagen und Salons","isPartOf":{"@id":"https:\/\/meetgirl.ch\/#website"},"primaryImageOfPage":{"@id":"https:\/\/meetgirl.ch\/fetiche-sexuels-a-geneve\/#primaryimage"},"image":{"@id":"https:\/\/meetgirl.ch\/fetiche-sexuels-a-geneve\/#primaryimage"},"thumbnailUrl":"https:\/\/meetgirl.ch\/wp-content\/uploads\/listing-uploads\/gallery\/2024\/12\/USMPT6tE.jpeg","datePublished":"2025-06-28T11:31:07+00:00","dateModified":"2025-06-28T11:34:25+00:00","description":"Leben Sie Ihre Fetisch-Fantasien mit einer Escort-Dame in Genf aus. Entdecken Sie die sinnlichen Dienstleistungen rund um den Fetisch","breadcrumb":{"@id":"https:\/\/meetgirl.ch\/fetiche-sexuels-a-geneve\/#breadcrumb"},"inLanguage":"de","potentialAction":[{"@type":"ReadAction","target":["https:\/\/meetgirl.ch\/fetiche-sexuels-a-geneve\/"]}]},{"@type":"ImageObject","inLanguage":"de","@id":"https:\/\/meetgirl.ch\/fetiche-sexuels-a-geneve\/#primaryimage","url":"https:\/\/meetgirl.ch\/wp-content\/uploads\/listing-uploads\/gallery\/2024\/12\/USMPT6tE.jpeg","contentUrl":"https:\/\/meetgirl.ch\/wp-content\/uploads\/listing-uploads\/gallery\/2024\/12\/USMPT6tE.jpeg"},{"@type":"BreadcrumbList","@id":"https:\/\/meetgirl.ch\/fetiche-sexuels-a-geneve\/#breadcrumb","itemListElement":[{"@type":"ListItem","position":1,"name":"Accueil","item":"https:\/\/meetgirl.ch\/"},{"@type":"ListItem","position":2,"name":"F\u00e9tiche Sexuels \u00e0 Gen\u00e8ve"}]},{"@type":"WebSite","@id":"https:\/\/meetgirl.ch\/#website","url":"https:\/\/meetgirl.ch\/","name":"MeetGirl - Erotikanzeigen Schweiz - Escorts, Massagen und Salons","description":"Escorts und erotische Massagen","publisher":{"@id":"https:\/\/meetgirl.ch\/#organization"},"alternateName":"Annuaire \u00e9rotique Suisse Escort \u00e0 Gen\u00e8ve, Lausanne, Valais, Neuch\u00e2tel","potentialAction":[{"@type":"SearchAction","target":{"@type":"EntryPoint","urlTemplate":"https:\/\/meetgirl.ch\/?s={search_term_string}"},"query-input":{"@type":"PropertyValueSpecification","valueRequired":true,"valueName":"search_term_string"}}],"inLanguage":"de"},{"@type":"Organization","@id":"https:\/\/meetgirl.ch\/#organization","name":"Escort und erotische Massage","alternateName":"Meetgirl escortes et masseuses","url":"https:\/\/meetgirl.ch\/","logo":{"@type":"ImageObject","inLanguage":"de","@id":"https:\/\/meetgirl.ch\/#\/schema\/logo\/image\/","url":"https:\/\/meetgirl.ch\/wp-content\/uploads\/2024\/05\/cropped-meet-logo.png","contentUrl":"https:\/\/meetgirl.ch\/wp-content\/uploads\/2024\/05\/cropped-meet-logo.png","width":512,"height":512,"caption":"Escort et massage \u00e9rotique"},"image":{"@id":"https:\/\/meetgirl.ch\/#\/schema\/logo\/image\/"}}]}},"_links":{"self":[{"href":"https:\/\/meetgirl.ch\/de\/wp-json\/wp\/v2\/pages\/10128","targetHints":{"allow":["GET"]}}],"collection":[{"href":"https:\/\/meetgirl.ch\/de\/wp-json\/wp\/v2\/pages"}],"about":[{"href":"https:\/\/meetgirl.ch\/de\/wp-json\/wp\/v2\/types\/page"}],"author":[{"embeddable":true,"href":"https:\/\/meetgirl.ch\/de\/wp-json\/wp\/v2\/users\/3"}],"replies":[{"embeddable":true,"href":"https:\/\/meetgirl.ch\/de\/wp-json\/wp\/v2\/comments?post=10128"}],"version-history":[{"count":0,"href":"https:\/\/meetgirl.ch\/de\/wp-json\/wp\/v2\/pages\/10128\/revisions"}],"wp:attachment":[{"href":"https:\/\/meetgirl.ch\/de\/wp-json\/wp\/v2\/media?parent=10128"}],"curies":[{"name":"wp","href":"https:\/\/api.w.org\/{rel}","templated":true}]}}