{"id":10139,"date":"2025-06-28T11:40:19","date_gmt":"2025-06-28T11:40:19","guid":{"rendered":"https:\/\/meetgirl.ch\/?page_id=10139"},"modified":"2025-06-28T11:44:43","modified_gmt":"2025-06-28T11:44:43","slug":"tiefe-schlucht-in-genf","status":"publish","type":"page","link":"https:\/\/meetgirl.ch\/de\/tiefe-schlucht-in-genf\/","title":{"rendered":"Deep Throat in Genf"},"content":{"rendered":"<div data-elementor-type=\"wp-page\" data-elementor-id=\"10139\" class=\"elementor elementor-10139\">\n\t\t\t\t<div class=\"elementor-element elementor-element-6b7747a e-flex e-con-boxed e-con e-parent\" data-id=\"6b7747a\" data-element_type=\"container\" data-settings=\"{&quot;jet_parallax_layout_list&quot;:[]}\">\n\t\t\t\t\t<div class=\"e-con-inner\">\n\t\t<div class=\"elementor-element elementor-element-9857701 e-con-full e-flex e-con e-child\" data-id=\"9857701\" data-element_type=\"container\" data-settings=\"{&quot;jet_parallax_layout_list&quot;:[]}\">\n\t\t\t\t<div class=\"elementor-element elementor-element-ab45d18 elementor-widget elementor-widget-image\" data-id=\"ab45d18\" data-element_type=\"widget\" data-widget_type=\"image.default\">\n\t\t\t\t<div class=\"elementor-widget-container\">\n\t\t\t\t\t\t\t\t\t\t\t\t\t\t\t<img decoding=\"async\" width=\"1024\" height=\"682\" src=\"https:\/\/meetgirl.ch\/wp-content\/uploads\/2025\/04\/person-holding-yellow-banana-fruit-scaled-1024x682.jpg\" class=\"attachment-large size-large wp-image-5814\" alt=\"\" srcset=\"https:\/\/meetgirl.ch\/wp-content\/uploads\/2025\/04\/person-holding-yellow-banana-fruit-scaled-1024x682.jpg 1024w, https:\/\/meetgirl.ch\/wp-content\/uploads\/2025\/04\/person-holding-yellow-banana-fruit-scaled-300x200.jpg 300w, https:\/\/meetgirl.ch\/wp-content\/uploads\/2025\/04\/person-holding-yellow-banana-fruit-scaled-768x512.jpg 768w, https:\/\/meetgirl.ch\/wp-content\/uploads\/2025\/04\/person-holding-yellow-banana-fruit-scaled-1536x1024.jpg 1536w, https:\/\/meetgirl.ch\/wp-content\/uploads\/2025\/04\/person-holding-yellow-banana-fruit-scaled-2048x1365.jpg 2048w, https:\/\/meetgirl.ch\/wp-content\/uploads\/2025\/04\/person-holding-yellow-banana-fruit-scaled-18x12.jpg 18w, https:\/\/meetgirl.ch\/wp-content\/uploads\/2025\/04\/person-holding-yellow-banana-fruit-scaled-600x400.jpg 600w\" sizes=\"(max-width: 1024px) 100vw, 1024px\" \/>\t\t\t\t\t\t\t\t\t\t\t\t\t\t\t<\/div>\n\t\t\t\t<\/div>\n\t\t\t\t<\/div>\n\t\t<div class=\"elementor-element elementor-element-7b45411 e-con-full e-flex e-con e-child\" data-id=\"7b45411\" data-element_type=\"container\" data-settings=\"{&quot;jet_parallax_layout_list&quot;:[]}\">\n\t\t\t\t<div class=\"elementor-element elementor-element-6ef141b elementor-widget elementor-widget-text-editor\" data-id=\"6ef141b\" data-element_type=\"widget\" data-widget_type=\"text-editor.default\">\n\t\t\t\t<div class=\"elementor-widget-container\">\n\t\t\t\t\t\t\t\t\t<h1><span style=\"color: #ffffff;\">Escort spezialisiert auf Deep Throat in Genf: Erleben Sie eine intensive Erfahrung<\/span><\/h1><p><span style=\"color: #ffffff;\">Sie sind auf der Suche nach einem <strong>Escort, die Deep Throat in Genf praktiziert<\/strong> ? Diese Oralsex-Technik, die nur Expertinnen vorbehalten ist, bietet eine au\u00dfergew\u00f6hnliche Stimulation und einen unvergleichlichen Lustanstieg f\u00fcr den Mann. Bei Felina Genf gibt es Escorts, die diese erotische Kunst perfekt beherrschen.<\/span><\/p><h2><span style=\"color: #ffffff;\">Was ist Deep Throat?<\/span><\/h2><p><span style=\"color: #ffffff;\">Die <strong>Deep Throat<\/strong> ist eine fortgeschrittene Form des Fellatio, bei der der Penis vollst\u00e4ndig in den Mund eingef\u00fchrt wird, bis er die Kehle ber\u00fchrt. Dieses Gef\u00fchl, das von vielen M\u00e4nnern sehr begehrt ist, intensiviert die Lust durch tiefes, rhythmisches und kontinuierliches Saugen.<\/span><\/p>\t\t\t\t\t\t\t\t<\/div>\n\t\t\t\t<\/div>\n\t\t\t\t<\/div>\n\t\t\t\t\t<\/div>\n\t\t\t\t<\/div>\n\t\t<div class=\"elementor-element elementor-element-f663026 e-flex e-con-boxed e-con e-parent\" data-id=\"f663026\" data-element_type=\"container\" data-settings=\"{&quot;jet_parallax_layout_list&quot;:[]}\">\n\t\t\t\t\t<div class=\"e-con-inner\">\n\t\t\t\t<div class=\"elementor-element elementor-element-e4ae829 elementor-widget elementor-widget-text-editor\" data-id=\"e4ae829\" data-element_type=\"widget\" data-widget_type=\"text-editor.default\">\n\t\t\t\t<div class=\"elementor-widget-container\">\n\t\t\t\t\t\t\t\t\t<h2><span style=\"color: #ffffff;\">Die Vorteile eines kontrollierten Deep Throat<\/span><\/h2>\n<p><span style=\"color: #ffffff;\">Fachkundig praktiziert, ist die <strong>Deep Throat<\/strong> kann ein starkes k\u00f6rperliches und geistiges Vergn\u00fcgen hervorrufen. Die F\u00e4higkeit, den W\u00fcrgereflex zu vermeiden, erfordert eine gro\u00dfe Beherrschung, die oft durch Erfahrung oder vorbereitende \u00dcbungen mit geeigneten Sextoys oder Gegenst\u00e4nden erworben wird.<\/span><\/p>\n<h3><span style=\"color: #ffffff;\">Warum sollten Sie eine Deep Throat Escort in Genf w\u00e4hlen?<\/span><\/h3>\n<p><span style=\"color: #ffffff;\">Auf eine <strong>auf Deep Throat spezialisierte Escort in Genf<\/strong> garantiert Ihnen ein unbefangenes, fl\u00fcssiges und extrem aufregendes Erlebnis. Diese Profis verstehen es, die Tiefe und das Tempo Ihren W\u00fcnschen anzupassen und Ihnen einen Moment der puren Hingabe zu schenken.<\/span><\/p>\n<h2><span style=\"color: #ffffff;\">Escorts, die Experten f\u00fcr Deep Throat sind<\/span><\/h2>\n<p><span style=\"color: #ffffff;\">Meetgirl, pr\u00e4sentiert Ihnen eine Auswahl an<strong>escort girls in Genf<\/strong> die die <strong>Deep Throat<\/strong> mit Leidenschaft, Diskretion und Einf\u00fchlungsverm\u00f6gen. Ihre Erfahrung erm\u00f6glicht es Ihnen, diese Fantasie ohne Unbehagen oder Ungeschicklichkeit voll auszukosten.<\/span><\/p>\n<h3><span style=\"color: #ffffff;\">Eine raffinierte und aufregende Begegnung<\/span><\/h3>\n<p><span style=\"color: #ffffff;\">Escorts vereinen Sch\u00f6nheit, Eleganz und fortgeschrittene sexuelle F\u00e4higkeiten. Die <strong>tiefe Kehle in Genf<\/strong> wird so zu einem intimen Moment von hoher Intensit\u00e4t, in einem raffinierten und respektvollen Rahmen.<\/span><\/p>\n<h2><span style=\"color: #ffffff;\">Buchen Sie Ihren Escort f\u00fcr ein Deep Throat-Erlebnis in Genf<\/span><\/h2>\n<p><span style=\"color: #ffffff;\">Lust auf einen starken Moment mit einer <strong>Deep Throat Expert Escort in Genf<\/strong> ?&nbsp;<\/span><\/p>\t\t\t\t\t\t\t\t<\/div>\n\t\t\t\t<\/div>\n\t\t\t\t\t<\/div>\n\t\t\t\t<\/div>\n\t\t\t\t<\/div>","protected":false},"excerpt":{"rendered":"<p>Escort sp\u00e9cialis\u00e9e en gorge profonde \u00e0 Gen\u00e8ve : vivez une exp\u00e9rience intense Vous \u00eates \u00e0 la recherche d\u2019une escort qui pratique la gorge profonde \u00e0 Gen\u00e8ve ? Cette technique de sexe oral, r\u00e9serv\u00e9e aux expertes, offre une stimulation exceptionnelle et une mont\u00e9e de plaisir incomparable pour l\u2019homme. Chez Felina Gen\u00e8ve, certaines escortes ma\u00eetrisent parfaitement cet [&hellip;]<\/p>","protected":false},"author":3,"featured_media":0,"parent":0,"menu_order":0,"comment_status":"closed","ping_status":"closed","template":"","meta":{"footnotes":""},"class_list":["post-10139","page","type-page","status-publish","hentry"],"acf":[],"yoast_head":"<!-- This site is optimized with the Yoast SEO plugin v26.0 - https:\/\/yoast.com\/wordpress\/plugins\/seo\/ -->\n<title>Gorge Profonde \u00e0 Gen\u00e8ve - Meetgirl - Annonces \u00e9rotiques - Escorts, massages et salons<\/title>\n<meta name=\"description\" content=\"Profitez d\u2019une exp\u00e9rience de gorge profonde \u00e0 Gen\u00e8ve avec une escort experte. Un plaisir oral intense, ma\u00eetris\u00e9 et raffin\u00e9\" \/>\n<meta name=\"robots\" content=\"index, follow, max-snippet:-1, max-image-preview:large, max-video-preview:-1\" \/>\n<link rel=\"canonical\" href=\"https:\/\/meetgirl.ch\/de\/tiefe-schlucht-in-genf\/\" \/>\n<meta property=\"og:locale\" content=\"de_DE\" \/>\n<meta property=\"og:type\" content=\"article\" \/>\n<meta property=\"og:title\" content=\"Gorge Profonde \u00e0 Gen\u00e8ve - Meetgirl - Annonces \u00e9rotiques - Escorts, massages et salons\" \/>\n<meta property=\"og:description\" content=\"Profitez d\u2019une exp\u00e9rience de gorge profonde \u00e0 Gen\u00e8ve avec une escort experte. Un plaisir oral intense, ma\u00eetris\u00e9 et raffin\u00e9\" \/>\n<meta property=\"og:url\" content=\"https:\/\/meetgirl.ch\/de\/tiefe-schlucht-in-genf\/\" \/>\n<meta property=\"og:site_name\" content=\"Meetgirl - Annonces \u00e9rotiques - Escorts, massages et salons\" \/>\n<meta property=\"article:modified_time\" content=\"2025-06-28T11:44:43+00:00\" \/>\n<meta property=\"og:image\" content=\"https:\/\/meetgirl.ch\/wp-content\/uploads\/2025\/04\/person-holding-yellow-banana-fruit-scaled.jpg\" \/>\n<meta name=\"twitter:card\" content=\"summary_large_image\" \/>\n<meta name=\"twitter:label1\" content=\"Gesch\u00e4tzte Lesezeit\" \/>\n\t<meta name=\"twitter:data1\" content=\"2\u00a0Minuten\" \/>\n<script type=\"application\/ld+json\" class=\"yoast-schema-graph\">{\"@context\":\"https:\/\/schema.org\",\"@graph\":[{\"@type\":\"WebPage\",\"@id\":\"https:\/\/meetgirl.ch\/gorge-profonde-a-geneve\/\",\"url\":\"https:\/\/meetgirl.ch\/gorge-profonde-a-geneve\/\",\"name\":\"Gorge Profonde \u00e0 Gen\u00e8ve - Meetgirl - Annonces \u00e9rotiques - Escorts, massages et salons\",\"isPartOf\":{\"@id\":\"https:\/\/meetgirl.ch\/#website\"},\"primaryImageOfPage\":{\"@id\":\"https:\/\/meetgirl.ch\/gorge-profonde-a-geneve\/#primaryimage\"},\"image\":{\"@id\":\"https:\/\/meetgirl.ch\/gorge-profonde-a-geneve\/#primaryimage\"},\"thumbnailUrl\":\"https:\/\/meetgirl.ch\/wp-content\/uploads\/2025\/04\/person-holding-yellow-banana-fruit-scaled.jpg\",\"datePublished\":\"2025-06-28T11:40:19+00:00\",\"dateModified\":\"2025-06-28T11:44:43+00:00\",\"description\":\"Profitez d\u2019une exp\u00e9rience de gorge profonde \u00e0 Gen\u00e8ve avec une escort experte. Un plaisir oral intense, ma\u00eetris\u00e9 et raffin\u00e9\",\"breadcrumb\":{\"@id\":\"https:\/\/meetgirl.ch\/gorge-profonde-a-geneve\/#breadcrumb\"},\"inLanguage\":\"de\",\"potentialAction\":[{\"@type\":\"ReadAction\",\"target\":[\"https:\/\/meetgirl.ch\/gorge-profonde-a-geneve\/\"]}]},{\"@type\":\"ImageObject\",\"inLanguage\":\"de\",\"@id\":\"https:\/\/meetgirl.ch\/gorge-profonde-a-geneve\/#primaryimage\",\"url\":\"https:\/\/meetgirl.ch\/wp-content\/uploads\/2025\/04\/person-holding-yellow-banana-fruit-scaled.jpg\",\"contentUrl\":\"https:\/\/meetgirl.ch\/wp-content\/uploads\/2025\/04\/person-holding-yellow-banana-fruit-scaled.jpg\"},{\"@type\":\"BreadcrumbList\",\"@id\":\"https:\/\/meetgirl.ch\/gorge-profonde-a-geneve\/#breadcrumb\",\"itemListElement\":[{\"@type\":\"ListItem\",\"position\":1,\"name\":\"Accueil\",\"item\":\"https:\/\/meetgirl.ch\/\"},{\"@type\":\"ListItem\",\"position\":2,\"name\":\"Gorge Profonde \u00e0 Gen\u00e8ve\"}]},{\"@type\":\"WebSite\",\"@id\":\"https:\/\/meetgirl.ch\/#website\",\"url\":\"https:\/\/meetgirl.ch\/\",\"name\":\"MeetGirl - Annonces \u00e9rotiques Suisse - Escorts, massages et salons\",\"description\":\"Escorts et massages \u00e9rotiques\",\"publisher\":{\"@id\":\"https:\/\/meetgirl.ch\/#organization\"},\"alternateName\":\"Annuaire \u00e9rotique Suisse Escort \u00e0 Gen\u00e8ve, Lausanne, Valais, Neuch\u00e2tel\",\"potentialAction\":[{\"@type\":\"SearchAction\",\"target\":{\"@type\":\"EntryPoint\",\"urlTemplate\":\"https:\/\/meetgirl.ch\/?s={search_term_string}\"},\"query-input\":{\"@type\":\"PropertyValueSpecification\",\"valueRequired\":true,\"valueName\":\"search_term_string\"}}],\"inLanguage\":\"de\"},{\"@type\":\"Organization\",\"@id\":\"https:\/\/meetgirl.ch\/#organization\",\"name\":\"Escort et massage \u00e9rotique\",\"alternateName\":\"Meetgirl escortes et masseuses\",\"url\":\"https:\/\/meetgirl.ch\/\",\"logo\":{\"@type\":\"ImageObject\",\"inLanguage\":\"de\",\"@id\":\"https:\/\/meetgirl.ch\/#\/schema\/logo\/image\/\",\"url\":\"https:\/\/meetgirl.ch\/wp-content\/uploads\/2024\/05\/cropped-meet-logo.png\",\"contentUrl\":\"https:\/\/meetgirl.ch\/wp-content\/uploads\/2024\/05\/cropped-meet-logo.png\",\"width\":512,\"height\":512,\"caption\":\"Escort et massage \u00e9rotique\"},\"image\":{\"@id\":\"https:\/\/meetgirl.ch\/#\/schema\/logo\/image\/\"}}]}<\/script>\n<!-- \/ Yoast SEO plugin. -->","yoast_head_json":{"title":"Deep Throat in Genf - Meetgirl - Erotische Anzeigen - Escorts, Massagen und Salons","description":"Genie\u00dfen Sie ein Deep Throat-Erlebnis in Genf mit einer erfahrenen Escortdame. Ein intensives, kontrolliertes und raffiniertes orales Vergn\u00fcgen","robots":{"index":"index","follow":"follow","max-snippet":"max-snippet:-1","max-image-preview":"max-image-preview:large","max-video-preview":"max-video-preview:-1"},"canonical":"https:\/\/meetgirl.ch\/de\/tiefe-schlucht-in-genf\/","og_locale":"de_DE","og_type":"article","og_title":"Gorge Profonde \u00e0 Gen\u00e8ve - Meetgirl - Annonces \u00e9rotiques - Escorts, massages et salons","og_description":"Profitez d\u2019une exp\u00e9rience de gorge profonde \u00e0 Gen\u00e8ve avec une escort experte. Un plaisir oral intense, ma\u00eetris\u00e9 et raffin\u00e9","og_url":"https:\/\/meetgirl.ch\/de\/tiefe-schlucht-in-genf\/","og_site_name":"Meetgirl - Annonces \u00e9rotiques - Escorts, massages et salons","article_modified_time":"2025-06-28T11:44:43+00:00","og_image":[{"url":"https:\/\/meetgirl.ch\/wp-content\/uploads\/2025\/04\/person-holding-yellow-banana-fruit-scaled.jpg","type":"","width":"","height":""}],"twitter_card":"summary_large_image","twitter_misc":{"Gesch\u00e4tzte Lesezeit":"2\u00a0Minuten"},"schema":{"@context":"https:\/\/schema.org","@graph":[{"@type":"WebPage","@id":"https:\/\/meetgirl.ch\/gorge-profonde-a-geneve\/","url":"https:\/\/meetgirl.ch\/gorge-profonde-a-geneve\/","name":"Deep Throat in Genf - Meetgirl - Erotische Anzeigen - Escorts, Massagen und Salons","isPartOf":{"@id":"https:\/\/meetgirl.ch\/#website"},"primaryImageOfPage":{"@id":"https:\/\/meetgirl.ch\/gorge-profonde-a-geneve\/#primaryimage"},"image":{"@id":"https:\/\/meetgirl.ch\/gorge-profonde-a-geneve\/#primaryimage"},"thumbnailUrl":"https:\/\/meetgirl.ch\/wp-content\/uploads\/2025\/04\/person-holding-yellow-banana-fruit-scaled.jpg","datePublished":"2025-06-28T11:40:19+00:00","dateModified":"2025-06-28T11:44:43+00:00","description":"Genie\u00dfen Sie ein Deep Throat-Erlebnis in Genf mit einer erfahrenen Escortdame. Ein intensives, kontrolliertes und raffiniertes orales Vergn\u00fcgen","breadcrumb":{"@id":"https:\/\/meetgirl.ch\/gorge-profonde-a-geneve\/#breadcrumb"},"inLanguage":"de","potentialAction":[{"@type":"ReadAction","target":["https:\/\/meetgirl.ch\/gorge-profonde-a-geneve\/"]}]},{"@type":"ImageObject","inLanguage":"de","@id":"https:\/\/meetgirl.ch\/gorge-profonde-a-geneve\/#primaryimage","url":"https:\/\/meetgirl.ch\/wp-content\/uploads\/2025\/04\/person-holding-yellow-banana-fruit-scaled.jpg","contentUrl":"https:\/\/meetgirl.ch\/wp-content\/uploads\/2025\/04\/person-holding-yellow-banana-fruit-scaled.jpg"},{"@type":"BreadcrumbList","@id":"https:\/\/meetgirl.ch\/gorge-profonde-a-geneve\/#breadcrumb","itemListElement":[{"@type":"ListItem","position":1,"name":"Accueil","item":"https:\/\/meetgirl.ch\/"},{"@type":"ListItem","position":2,"name":"Gorge Profonde \u00e0 Gen\u00e8ve"}]},{"@type":"WebSite","@id":"https:\/\/meetgirl.ch\/#website","url":"https:\/\/meetgirl.ch\/","name":"MeetGirl - Erotikanzeigen Schweiz - Escorts, Massagen und Salons","description":"Escorts und erotische Massagen","publisher":{"@id":"https:\/\/meetgirl.ch\/#organization"},"alternateName":"Annuaire \u00e9rotique Suisse Escort \u00e0 Gen\u00e8ve, Lausanne, Valais, Neuch\u00e2tel","potentialAction":[{"@type":"SearchAction","target":{"@type":"EntryPoint","urlTemplate":"https:\/\/meetgirl.ch\/?s={search_term_string}"},"query-input":{"@type":"PropertyValueSpecification","valueRequired":true,"valueName":"search_term_string"}}],"inLanguage":"de"},{"@type":"Organization","@id":"https:\/\/meetgirl.ch\/#organization","name":"Escort und erotische Massage","alternateName":"Meetgirl escortes et masseuses","url":"https:\/\/meetgirl.ch\/","logo":{"@type":"ImageObject","inLanguage":"de","@id":"https:\/\/meetgirl.ch\/#\/schema\/logo\/image\/","url":"https:\/\/meetgirl.ch\/wp-content\/uploads\/2024\/05\/cropped-meet-logo.png","contentUrl":"https:\/\/meetgirl.ch\/wp-content\/uploads\/2024\/05\/cropped-meet-logo.png","width":512,"height":512,"caption":"Escort et massage \u00e9rotique"},"image":{"@id":"https:\/\/meetgirl.ch\/#\/schema\/logo\/image\/"}}]}},"_links":{"self":[{"href":"https:\/\/meetgirl.ch\/de\/wp-json\/wp\/v2\/pages\/10139","targetHints":{"allow":["GET"]}}],"collection":[{"href":"https:\/\/meetgirl.ch\/de\/wp-json\/wp\/v2\/pages"}],"about":[{"href":"https:\/\/meetgirl.ch\/de\/wp-json\/wp\/v2\/types\/page"}],"author":[{"embeddable":true,"href":"https:\/\/meetgirl.ch\/de\/wp-json\/wp\/v2\/users\/3"}],"replies":[{"embeddable":true,"href":"https:\/\/meetgirl.ch\/de\/wp-json\/wp\/v2\/comments?post=10139"}],"version-history":[{"count":0,"href":"https:\/\/meetgirl.ch\/de\/wp-json\/wp\/v2\/pages\/10139\/revisions"}],"wp:attachment":[{"href":"https:\/\/meetgirl.ch\/de\/wp-json\/wp\/v2\/media?parent=10139"}],"curies":[{"name":"wp","href":"https:\/\/api.w.org\/{rel}","templated":true}]}}