{"id":10158,"date":"2025-06-28T12:04:01","date_gmt":"2025-06-28T12:04:01","guid":{"rendered":"https:\/\/meetgirl.ch\/?page_id=10158"},"modified":"2025-06-28T12:08:10","modified_gmt":"2025-06-28T12:08:10","slug":"escort-submission-a-geneve","status":"publish","type":"page","link":"https:\/\/meetgirl.ch\/de\/escort-submission-a-geneve\/","title":{"rendered":"Escort Submission in Genf"},"content":{"rendered":"<div data-elementor-type=\"wp-page\" data-elementor-id=\"10158\" class=\"elementor elementor-10158\">\n\t\t\t\t<div class=\"elementor-element elementor-element-731ab9f e-flex e-con-boxed e-con e-parent\" data-id=\"731ab9f\" data-element_type=\"container\" data-settings=\"{&quot;jet_parallax_layout_list&quot;:[]}\">\n\t\t\t\t\t<div class=\"e-con-inner\">\n\t\t<div class=\"elementor-element elementor-element-1bf204c e-con-full e-flex e-con e-child\" data-id=\"1bf204c\" data-element_type=\"container\" data-settings=\"{&quot;jet_parallax_layout_list&quot;:[]}\">\n\t\t\t\t<div class=\"elementor-element elementor-element-9f2aa8d elementor-widget elementor-widget-image\" data-id=\"9f2aa8d\" data-element_type=\"widget\" data-widget_type=\"image.default\">\n\t\t\t\t<div class=\"elementor-widget-container\">\n\t\t\t\t\t\t\t\t\t\t\t\t\t\t\t<img decoding=\"async\" src=\"https:\/\/meetgirl.ch\/wp-content\/uploads\/2025\/05\/domina-geneve-8.jpg\" title=\"\" alt=\"\" loading=\"lazy\" \/>\t\t\t\t\t\t\t\t\t\t\t\t\t\t\t<\/div>\n\t\t\t\t<\/div>\n\t\t\t\t<\/div>\n\t\t<div class=\"elementor-element elementor-element-fedd332 e-con-full e-flex e-con e-child\" data-id=\"fedd332\" data-element_type=\"container\" data-settings=\"{&quot;jet_parallax_layout_list&quot;:[]}\">\n\t\t\t\t<div class=\"elementor-element elementor-element-9e05921 elementor-widget elementor-widget-text-editor\" data-id=\"9e05921\" data-element_type=\"widget\" data-widget_type=\"text-editor.default\">\n\t\t\t\t<div class=\"elementor-widget-container\">\n\t\t\t\t\t\t\t\t\t<h1><span style=\"color: #ffffff;\">Unterwerfung in Genf mit einer Escort: Erkunden Sie Ihre BDSM-Fantasien mit Eleganz<\/span><\/h1>\n<p><span style=\"color: #ffffff;\">Sie suchen eine <strong>auf Unterwerfung spezialisierte Escort in Genf<\/strong> um eine einzigartige BDSM-Erfahrung zu machen? Meetgirl, Escort Girls stehen zur Verf\u00fcgung, um die Rolle der Unterw\u00fcrfigen zu verk\u00f6rpern und Ihnen die M\u00f6glichkeit zu geben, Ihre Dominanzfantasien in einem sicheren, raffinierten und aufregenden Rahmen zu verwirklichen.<\/span><\/p>\n<h2><span style=\"color: #ffffff;\">Unterwerfung: eine Praxis im Zentrum von BDSM<\/span><\/h2>\n<p><span style=\"color: #ffffff;\">Die <strong>sexuelle Unterwerfung<\/strong> ist Teil der Praktiken des <strong>BDSM<\/strong> (Bondage, Discipline, Domination, Submission, Sadomasochismus). Sie besteht darin, dass ein Partner (der\/die Unterworfene) bereit ist, sich unter die Autorit\u00e4t eines anderen (des\/der Dominanten) zu stellen, und zwar nach klaren und gegenseitig festgelegten Regeln.<\/span><\/p>\n<h2><span style=\"color: #ffffff;\">Unterw\u00fcrfige Escort Girls in Genf: zwischen Fantasie und Vertrauen<\/span><\/h2>\n<p><span style=\"color: #ffffff;\">Die <strong>unterw\u00fcrfige Escorts in Genf<\/strong> die Sie bei Meetgirl Genf treffen k\u00f6nnen, sind erfahrene Frauen, die sich in dieser Art von erotischem Spiel vollkommen wohlf\u00fchlen. Sie verstehen es, sich in die Rolle der idealen Unterw\u00fcrfigen zu versetzen, die gehorsam ist, auf Ihre Befehle und W\u00fcnsche achtet und dabei vorher festgelegte Grenzen einh\u00e4lt.<\/span><\/p>\n<h3><span style=\"color: #ffffff;\">Klare Regeln f\u00fcr ein sicheres Vergn\u00fcgen<\/span><\/h3>\n<p><span style=\"color: #ffffff;\">Bei allen BDSM-Praktiken ist das Schl\u00fcsselwort: Zustimmung. Jede Begegnung beruht auf einer offenen Kommunikation, dem Setzen von Grenzen und, wenn n\u00f6tig, der Verwendung eines Sicherheitswortes. Dieses Wort erm\u00f6glicht es dem\/der Unterworfenen, den Akt jederzeit abzubrechen, wenn die Bequemlichkeit oder die Grenzen \u00fcberschritten werden.<\/span><\/p>\n<h2><span style=\"color: #ffffff;\">Welche Arten von Praktiken sind mit einer devoten Escort m\u00f6glich?<\/span><\/h2>\n<ul>\n<li><span style=\"color: #ffffff;\">Verbale Befehle und autorit\u00e4re Rolle<\/span><\/li>\n<li><span style=\"color: #ffffff;\">Pr\u00fcgelstrafe und leichte Bestrafung<\/span><\/li>\n<li><span style=\"color: #ffffff;\">Sanfte Ruhigstellung (Fesseln, Augenbinden ...)<\/span><\/li>\n<li><span style=\"color: #ffffff;\">Fantasien von Knechtschaft oder Disziplin<\/span><\/li>\n<\/ul>\n<p><span style=\"color: rgb(255, 255, 255); font-family: inherit; font-size: 30px; font-weight: 600; text-align: var(--text-align);\">Buchen Sie Ihre unterw\u00fcrfige Escortdame in Genf noch heute bei Meetgirl<\/span><br><\/p>\n<p><span style=\"color: #ffffff;\">Ob Sie nun ein erfahrener Dominanter sind oder einfach nur eine neue Facette Ihrer Sexualit\u00e4t erkunden wollen, unsere <strong>Escort Girls f\u00fcr Unterwerfung in Genf<\/strong> sind bereit, Ihnen ein ebenso aufregendes wie unvergessliches Erlebnis zu bescheren.<\/span><\/p>\t\t\t\t\t\t\t\t<\/div>\n\t\t\t\t<\/div>\n\t\t\t\t<\/div>\n\t\t\t\t\t<\/div>\n\t\t\t\t<\/div>\n\t\t\t\t<\/div>","protected":false},"excerpt":{"rendered":"<p>Soumission \u00e0 Gen\u00e8ve avec une escort : explorez vos fantasmes BDSM avec \u00e9l\u00e9gance Vous recherchez une escort sp\u00e9cialis\u00e9e dans la soumission \u00e0 Gen\u00e8ve pour vivre une exp\u00e9rience BDSM unique ? Meetgirl, les escort girls sont disponibles pour incarner le r\u00f4le de soumise et vous permettre de concr\u00e9tiser vos fantasmes de domination dans un cadre s\u00e9curis\u00e9, [&hellip;]<\/p>","protected":false},"author":3,"featured_media":0,"parent":0,"menu_order":0,"comment_status":"closed","ping_status":"closed","template":"","meta":{"footnotes":""},"class_list":["post-10158","page","type-page","status-publish","hentry"],"acf":[],"yoast_head":"<!-- This site is optimized with the Yoast SEO plugin v26.0 - https:\/\/yoast.com\/wordpress\/plugins\/seo\/ -->\n<title>Escort Soumission \u00e0 Gen\u00e8ve - Meetgirl - Annonces \u00e9rotiques - Escorts, massages et salons<\/title>\n<meta name=\"description\" content=\"Explorez la soumission \u00e0 Gen\u00e8ve avec les escorts professionnelles de Meetgirl. BDSM soft, domination consensuelle et fantasmes\" \/>\n<meta name=\"robots\" content=\"index, follow, max-snippet:-1, max-image-preview:large, max-video-preview:-1\" \/>\n<link rel=\"canonical\" href=\"https:\/\/meetgirl.ch\/de\/escort-submission-a-geneve\/\" \/>\n<meta property=\"og:locale\" content=\"de_DE\" \/>\n<meta property=\"og:type\" content=\"article\" \/>\n<meta property=\"og:title\" content=\"Escort Soumission \u00e0 Gen\u00e8ve - Meetgirl - Annonces \u00e9rotiques - Escorts, massages et salons\" \/>\n<meta property=\"og:description\" content=\"Explorez la soumission \u00e0 Gen\u00e8ve avec les escorts professionnelles de Meetgirl. BDSM soft, domination consensuelle et fantasmes\" \/>\n<meta property=\"og:url\" content=\"https:\/\/meetgirl.ch\/de\/escort-submission-a-geneve\/\" \/>\n<meta property=\"og:site_name\" content=\"Meetgirl - Annonces \u00e9rotiques - Escorts, massages et salons\" \/>\n<meta property=\"article:modified_time\" content=\"2025-06-28T12:08:10+00:00\" \/>\n<meta property=\"og:image\" content=\"https:\/\/meetgirl.ch\/wp-content\/uploads\/2025\/05\/domina-geneve-8.jpg\" \/>\n<meta name=\"twitter:card\" content=\"summary_large_image\" \/>\n<meta name=\"twitter:label1\" content=\"Gesch\u00e4tzte Lesezeit\" \/>\n\t<meta name=\"twitter:data1\" content=\"2\u00a0Minuten\" \/>\n<script type=\"application\/ld+json\" class=\"yoast-schema-graph\">{\"@context\":\"https:\/\/schema.org\",\"@graph\":[{\"@type\":\"WebPage\",\"@id\":\"https:\/\/meetgirl.ch\/escort-soumission-a-geneve\/\",\"url\":\"https:\/\/meetgirl.ch\/escort-soumission-a-geneve\/\",\"name\":\"Escort Soumission \u00e0 Gen\u00e8ve - Meetgirl - Annonces \u00e9rotiques - Escorts, massages et salons\",\"isPartOf\":{\"@id\":\"https:\/\/meetgirl.ch\/#website\"},\"primaryImageOfPage\":{\"@id\":\"https:\/\/meetgirl.ch\/escort-soumission-a-geneve\/#primaryimage\"},\"image\":{\"@id\":\"https:\/\/meetgirl.ch\/escort-soumission-a-geneve\/#primaryimage\"},\"thumbnailUrl\":\"https:\/\/meetgirl.ch\/wp-content\/uploads\/2025\/05\/domina-geneve-8.jpg\",\"datePublished\":\"2025-06-28T12:04:01+00:00\",\"dateModified\":\"2025-06-28T12:08:10+00:00\",\"description\":\"Explorez la soumission \u00e0 Gen\u00e8ve avec les escorts professionnelles de Meetgirl. BDSM soft, domination consensuelle et fantasmes\",\"breadcrumb\":{\"@id\":\"https:\/\/meetgirl.ch\/escort-soumission-a-geneve\/#breadcrumb\"},\"inLanguage\":\"de\",\"potentialAction\":[{\"@type\":\"ReadAction\",\"target\":[\"https:\/\/meetgirl.ch\/escort-soumission-a-geneve\/\"]}]},{\"@type\":\"ImageObject\",\"inLanguage\":\"de\",\"@id\":\"https:\/\/meetgirl.ch\/escort-soumission-a-geneve\/#primaryimage\",\"url\":\"https:\/\/meetgirl.ch\/wp-content\/uploads\/2025\/05\/domina-geneve-8.jpg\",\"contentUrl\":\"https:\/\/meetgirl.ch\/wp-content\/uploads\/2025\/05\/domina-geneve-8.jpg\"},{\"@type\":\"BreadcrumbList\",\"@id\":\"https:\/\/meetgirl.ch\/escort-soumission-a-geneve\/#breadcrumb\",\"itemListElement\":[{\"@type\":\"ListItem\",\"position\":1,\"name\":\"Accueil\",\"item\":\"https:\/\/meetgirl.ch\/\"},{\"@type\":\"ListItem\",\"position\":2,\"name\":\"Escort Soumission \u00e0 Gen\u00e8ve\"}]},{\"@type\":\"WebSite\",\"@id\":\"https:\/\/meetgirl.ch\/#website\",\"url\":\"https:\/\/meetgirl.ch\/\",\"name\":\"MeetGirl - Annonces \u00e9rotiques Suisse - Escorts, massages et salons\",\"description\":\"Escorts et massages \u00e9rotiques\",\"publisher\":{\"@id\":\"https:\/\/meetgirl.ch\/#organization\"},\"alternateName\":\"Annuaire \u00e9rotique Suisse Escort \u00e0 Gen\u00e8ve, Lausanne, Valais, Neuch\u00e2tel\",\"potentialAction\":[{\"@type\":\"SearchAction\",\"target\":{\"@type\":\"EntryPoint\",\"urlTemplate\":\"https:\/\/meetgirl.ch\/?s={search_term_string}\"},\"query-input\":{\"@type\":\"PropertyValueSpecification\",\"valueRequired\":true,\"valueName\":\"search_term_string\"}}],\"inLanguage\":\"de\"},{\"@type\":\"Organization\",\"@id\":\"https:\/\/meetgirl.ch\/#organization\",\"name\":\"Escort et massage \u00e9rotique\",\"alternateName\":\"Meetgirl escortes et masseuses\",\"url\":\"https:\/\/meetgirl.ch\/\",\"logo\":{\"@type\":\"ImageObject\",\"inLanguage\":\"de\",\"@id\":\"https:\/\/meetgirl.ch\/#\/schema\/logo\/image\/\",\"url\":\"https:\/\/meetgirl.ch\/wp-content\/uploads\/2024\/05\/cropped-meet-logo.png\",\"contentUrl\":\"https:\/\/meetgirl.ch\/wp-content\/uploads\/2024\/05\/cropped-meet-logo.png\",\"width\":512,\"height\":512,\"caption\":\"Escort et massage \u00e9rotique\"},\"image\":{\"@id\":\"https:\/\/meetgirl.ch\/#\/schema\/logo\/image\/\"}}]}<\/script>\n<!-- \/ Yoast SEO plugin. -->","yoast_head_json":{"title":"Escort Submission in Genf - Meetgirl - Erotische Anzeigen - Escorts, Massagen und Salons","description":"Erkunden Sie die Unterwerfung in Genf mit den professionellen Escorts von Meetgirl. Soft BDSM, einvernehmliche Dominanz und Fantasien","robots":{"index":"index","follow":"follow","max-snippet":"max-snippet:-1","max-image-preview":"max-image-preview:large","max-video-preview":"max-video-preview:-1"},"canonical":"https:\/\/meetgirl.ch\/de\/escort-submission-a-geneve\/","og_locale":"de_DE","og_type":"article","og_title":"Escort Soumission \u00e0 Gen\u00e8ve - Meetgirl - Annonces \u00e9rotiques - Escorts, massages et salons","og_description":"Explorez la soumission \u00e0 Gen\u00e8ve avec les escorts professionnelles de Meetgirl. BDSM soft, domination consensuelle et fantasmes","og_url":"https:\/\/meetgirl.ch\/de\/escort-submission-a-geneve\/","og_site_name":"Meetgirl - Annonces \u00e9rotiques - Escorts, massages et salons","article_modified_time":"2025-06-28T12:08:10+00:00","og_image":[{"url":"https:\/\/meetgirl.ch\/wp-content\/uploads\/2025\/05\/domina-geneve-8.jpg","type":"","width":"","height":""}],"twitter_card":"summary_large_image","twitter_misc":{"Gesch\u00e4tzte Lesezeit":"2\u00a0Minuten"},"schema":{"@context":"https:\/\/schema.org","@graph":[{"@type":"WebPage","@id":"https:\/\/meetgirl.ch\/escort-soumission-a-geneve\/","url":"https:\/\/meetgirl.ch\/escort-soumission-a-geneve\/","name":"Escort Submission in Genf - Meetgirl - Erotische Anzeigen - Escorts, Massagen und Salons","isPartOf":{"@id":"https:\/\/meetgirl.ch\/#website"},"primaryImageOfPage":{"@id":"https:\/\/meetgirl.ch\/escort-soumission-a-geneve\/#primaryimage"},"image":{"@id":"https:\/\/meetgirl.ch\/escort-soumission-a-geneve\/#primaryimage"},"thumbnailUrl":"https:\/\/meetgirl.ch\/wp-content\/uploads\/2025\/05\/domina-geneve-8.jpg","datePublished":"2025-06-28T12:04:01+00:00","dateModified":"2025-06-28T12:08:10+00:00","description":"Erkunden Sie die Unterwerfung in Genf mit den professionellen Escorts von Meetgirl. Soft BDSM, einvernehmliche Dominanz und Fantasien","breadcrumb":{"@id":"https:\/\/meetgirl.ch\/escort-soumission-a-geneve\/#breadcrumb"},"inLanguage":"de","potentialAction":[{"@type":"ReadAction","target":["https:\/\/meetgirl.ch\/escort-soumission-a-geneve\/"]}]},{"@type":"ImageObject","inLanguage":"de","@id":"https:\/\/meetgirl.ch\/escort-soumission-a-geneve\/#primaryimage","url":"https:\/\/meetgirl.ch\/wp-content\/uploads\/2025\/05\/domina-geneve-8.jpg","contentUrl":"https:\/\/meetgirl.ch\/wp-content\/uploads\/2025\/05\/domina-geneve-8.jpg"},{"@type":"BreadcrumbList","@id":"https:\/\/meetgirl.ch\/escort-soumission-a-geneve\/#breadcrumb","itemListElement":[{"@type":"ListItem","position":1,"name":"Accueil","item":"https:\/\/meetgirl.ch\/"},{"@type":"ListItem","position":2,"name":"Escort Soumission \u00e0 Gen\u00e8ve"}]},{"@type":"WebSite","@id":"https:\/\/meetgirl.ch\/#website","url":"https:\/\/meetgirl.ch\/","name":"MeetGirl - Erotikanzeigen Schweiz - Escorts, Massagen und Salons","description":"Escorts und erotische Massagen","publisher":{"@id":"https:\/\/meetgirl.ch\/#organization"},"alternateName":"Annuaire \u00e9rotique Suisse Escort \u00e0 Gen\u00e8ve, Lausanne, Valais, Neuch\u00e2tel","potentialAction":[{"@type":"SearchAction","target":{"@type":"EntryPoint","urlTemplate":"https:\/\/meetgirl.ch\/?s={search_term_string}"},"query-input":{"@type":"PropertyValueSpecification","valueRequired":true,"valueName":"search_term_string"}}],"inLanguage":"de"},{"@type":"Organization","@id":"https:\/\/meetgirl.ch\/#organization","name":"Escort und erotische Massage","alternateName":"Meetgirl escortes et masseuses","url":"https:\/\/meetgirl.ch\/","logo":{"@type":"ImageObject","inLanguage":"de","@id":"https:\/\/meetgirl.ch\/#\/schema\/logo\/image\/","url":"https:\/\/meetgirl.ch\/wp-content\/uploads\/2024\/05\/cropped-meet-logo.png","contentUrl":"https:\/\/meetgirl.ch\/wp-content\/uploads\/2024\/05\/cropped-meet-logo.png","width":512,"height":512,"caption":"Escort et massage \u00e9rotique"},"image":{"@id":"https:\/\/meetgirl.ch\/#\/schema\/logo\/image\/"}}]}},"_links":{"self":[{"href":"https:\/\/meetgirl.ch\/de\/wp-json\/wp\/v2\/pages\/10158","targetHints":{"allow":["GET"]}}],"collection":[{"href":"https:\/\/meetgirl.ch\/de\/wp-json\/wp\/v2\/pages"}],"about":[{"href":"https:\/\/meetgirl.ch\/de\/wp-json\/wp\/v2\/types\/page"}],"author":[{"embeddable":true,"href":"https:\/\/meetgirl.ch\/de\/wp-json\/wp\/v2\/users\/3"}],"replies":[{"embeddable":true,"href":"https:\/\/meetgirl.ch\/de\/wp-json\/wp\/v2\/comments?post=10158"}],"version-history":[{"count":0,"href":"https:\/\/meetgirl.ch\/de\/wp-json\/wp\/v2\/pages\/10158\/revisions"}],"wp:attachment":[{"href":"https:\/\/meetgirl.ch\/de\/wp-json\/wp\/v2\/media?parent=10158"}],"curies":[{"name":"wp","href":"https:\/\/api.w.org\/{rel}","templated":true}]}}