{"id":10164,"date":"2025-06-28T12:10:08","date_gmt":"2025-06-28T12:10:08","guid":{"rendered":"https:\/\/meetgirl.ch\/?page_id=10164"},"modified":"2025-08-29T08:33:14","modified_gmt":"2025-08-29T08:33:14","slug":"erotische-massagen-in-geneve","status":"publish","type":"page","link":"https:\/\/meetgirl.ch\/de\/erotische-massagen-in-geneve\/","title":{"rendered":"Erotische Massagen in Genf"},"content":{"rendered":"<div data-elementor-type=\"wp-page\" data-elementor-id=\"10164\" class=\"elementor elementor-10164\">\n\t\t\t\t<div class=\"elementor-element elementor-element-29679f8 e-flex e-con-boxed e-con e-parent\" data-id=\"29679f8\" data-element_type=\"container\" data-settings=\"{&quot;jet_parallax_layout_list&quot;:[]}\">\n\t\t\t\t\t<div class=\"e-con-inner\">\n\t\t<div class=\"elementor-element elementor-element-672f812 e-con-full e-flex e-con e-child\" data-id=\"672f812\" data-element_type=\"container\" data-settings=\"{&quot;jet_parallax_layout_list&quot;:[]}\">\n\t\t\t\t<div class=\"elementor-element elementor-element-cc911f2 elementor-widget elementor-widget-image\" data-id=\"cc911f2\" data-element_type=\"widget\" data-widget_type=\"image.default\">\n\t\t\t\t<div class=\"elementor-widget-container\">\n\t\t\t\t\t\t\t\t\t\t\t\t\t\t\t<img decoding=\"async\" width=\"1024\" height=\"512\" src=\"https:\/\/meetgirl.ch\/wp-content\/uploads\/2024\/10\/massage-erotique-lausanne-1024x512.jpeg\" class=\"attachment-large size-large wp-image-4240\" alt=\"\" srcset=\"https:\/\/meetgirl.ch\/wp-content\/uploads\/2024\/10\/massage-erotique-lausanne-1024x512.jpeg 1024w, https:\/\/meetgirl.ch\/wp-content\/uploads\/2024\/10\/massage-erotique-lausanne-300x150.jpeg 300w, https:\/\/meetgirl.ch\/wp-content\/uploads\/2024\/10\/massage-erotique-lausanne-768x384.jpeg 768w, https:\/\/meetgirl.ch\/wp-content\/uploads\/2024\/10\/massage-erotique-lausanne-18x9.jpeg 18w, https:\/\/meetgirl.ch\/wp-content\/uploads\/2024\/10\/massage-erotique-lausanne-600x300.jpeg 600w, https:\/\/meetgirl.ch\/wp-content\/uploads\/2024\/10\/massage-erotique-lausanne.jpeg 1408w\" sizes=\"(max-width: 1024px) 100vw, 1024px\" \/>\t\t\t\t\t\t\t\t\t\t\t\t\t\t\t<\/div>\n\t\t\t\t<\/div>\n\t\t\t\t<div class=\"elementor-element elementor-element-b1ad899 elementor-widget elementor-widget-image\" data-id=\"b1ad899\" data-element_type=\"widget\" data-widget_type=\"image.default\">\n\t\t\t\t<div class=\"elementor-widget-container\">\n\t\t\t\t\t\t\t\t\t\t\t\t\t\t\t<img decoding=\"async\" width=\"600\" height=\"400\" src=\"https:\/\/meetgirl.ch\/wp-content\/uploads\/2025\/02\/massage-erotique-geneve.webp\" class=\"attachment-large size-large wp-image-5048\" alt=\"\" srcset=\"https:\/\/meetgirl.ch\/wp-content\/uploads\/2025\/02\/massage-erotique-geneve.webp 600w, https:\/\/meetgirl.ch\/wp-content\/uploads\/2025\/02\/massage-erotique-geneve-300x200.webp 300w, https:\/\/meetgirl.ch\/wp-content\/uploads\/2025\/02\/massage-erotique-geneve-18x12.webp 18w\" sizes=\"(max-width: 600px) 100vw, 600px\" \/>\t\t\t\t\t\t\t\t\t\t\t\t\t\t\t<\/div>\n\t\t\t\t<\/div>\n\t\t\t\t<\/div>\n\t\t<div class=\"elementor-element elementor-element-8d2b098 e-con-full e-flex e-con e-child\" data-id=\"8d2b098\" data-element_type=\"container\" data-settings=\"{&quot;jet_parallax_layout_list&quot;:[]}\">\n\t\t\t\t<div class=\"elementor-element elementor-element-e2c0068 elementor-widget elementor-widget-text-editor\" data-id=\"e2c0068\" data-element_type=\"widget\" data-widget_type=\"text-editor.default\">\n\t\t\t\t<div class=\"elementor-widget-container\">\n\t\t\t\t\t\t\t\t\t<section class=\"massage-erotique-geneve\" style=\"color:#ffffff;\">\n\n<h1 style=\"color:#ffffff;\">Erotische Massage in Genf mit Escort auf meetgirl.ch<\/h1>\n<p>Vous cherchez un moment intime et sensuel avec une <strong>auf erotische Massagen spezialisierte Escortdame in Genf<\/strong> ? Auf <strong>meetgirl.ch<\/strong>, d\u00e9couvrez une s\u00e9lection de professionnelles raffin\u00e9es. Elles ma\u00eetrisent l\u2019art du massage \u00e9rotique et offrent des instants de pur plaisir.<\/p>\n\n<h2 style=\"color:#ffffff;\">Was ist eine erotische Massage in Genf?<\/h2>\n<p>Eine <strong>erotische Massage<\/strong> est une exp\u00e9rience sensuelle compl\u00e8te. Il combine relaxation, caresses suggestives et stimulation corporelle. R\u00e9alis\u00e9 par une escort nue ou en lingerie, ce massage intime \u00e9veille vos sens et vous conduit lentement vers l\u2019extase.<\/p>\n\n<h2 style=\"color:#ffffff;\">Escorts, die Experten f\u00fcr Intimmassagen in Genf sind<\/h2>\n<p>Les escort girls sur <strong>meetgirl.ch<\/strong> proposent diff\u00e9rents types de <strong>sinnliche Massagen in Genf<\/strong>. Leur objectif : vous offrir un moment intense d\u2019\u00e9veil \u00e9rotique. Vous pouvez profiter de ces services dans un appartement priv\u00e9, \u00e0 votre h\u00f4tel ou \u00e0 domicile.<\/p>\n\n<h3 style=\"color:#ffffff;\">Body-to-Body-Massage<\/h3>\n<p>Le massage body-to-body est l\u2019un des services les plus pris\u00e9s. L\u2019escort glisse son corps lubrifi\u00e9 contre le v\u00f4tre. Cette pratique ultra-sensorielle vous enveloppe de chaleur et de d\u00e9sir. Elle est id\u00e9ale pour rel\u00e2cher toutes les tensions.<\/p>\n\n<h3 style=\"color:#ffffff;\">FKK-Vollmassage<\/h3>\n<p>Le massage naturiste se d\u00e9roule dans une ambiance intime. L\u2019escort travaille avec douceur et sensualit\u00e9 sur tout votre corps, incluant les zones \u00e9rog\u00e8nes. Cela cr\u00e9e une mont\u00e9e de plaisir progressive, jusqu&rsquo;\u00e0 l&rsquo;orgasme.<\/p>\n\n<h2 style=\"color:#ffffff;\">Finden Sie Ihre Escort f\u00fcr eine erotische Massage auf meetgirl.ch<\/h2>\n<p>Auf <strong>meetgirl.ch<\/strong>, parcourez les profils d\u2019<strong>escort girls pratiquant le massage \u00e9rotique \u00e0 Gen\u00e8ve<\/strong>. Choisissez celle qui correspond \u00e0 vos envies. Chaque profil d\u00e9taille les prestations, les tarifs et les lieux de rendez-vous possibles.<\/p>\n\n<h3 style=\"color:#ffffff;\">Diskretion, Freude und Professionalit\u00e4t<\/h3>\n<p>Toutes les rencontres via meetgirl.ch se d\u00e9roulent dans le respect, la discr\u00e9tion et l\u2019hygi\u00e8ne. Les escorts adaptent leurs gestes \u00e0 vos pr\u00e9f\u00e9rences pour un plaisir sur mesure, tout en assurant votre confort et s\u00e9curit\u00e9.<\/p>\n\n<h2 style=\"color:#ffffff;\">Buchen Sie jetzt Ihre erotische Massage<\/h2>\n<p>Lassen Sie sich zu einer einzigartigen Sinneserfahrung mit einer <strong>Escort Expertin f\u00fcr erotische Massage in Genf<\/strong>. R\u00e9servez directement sur <strong>meetgirl.ch<\/strong> und genie\u00dfen Sie einen erstklassigen Service in einer beruhigenden und vertraulichen Umgebung.<\/p>\n\n<\/section>\n\t\t\t\t\t\t\t\t<\/div>\n\t\t\t\t<\/div>\n\t\t\t\t<\/div>\n\t\t\t\t\t<\/div>\n\t\t\t\t<\/div>\n\t\t\t\t<\/div>","protected":false},"excerpt":{"rendered":"<p>Massage \u00e9rotique \u00e0 Gen\u00e8ve avec escort sur meetgirl.ch Vous cherchez un moment intime et sensuel avec une escort sp\u00e9cialis\u00e9e dans le massage \u00e9rotique \u00e0 Gen\u00e8ve ? Sur meetgirl.ch, d\u00e9couvrez une s\u00e9lection de professionnelles raffin\u00e9es. Elles ma\u00eetrisent l\u2019art du massage \u00e9rotique et offrent des instants de pur plaisir. Qu\u2019est-ce qu\u2019un massage \u00e9rotique \u00e0 Gen\u00e8ve ? Un [&hellip;]<\/p>","protected":false},"author":3,"featured_media":0,"parent":0,"menu_order":0,"comment_status":"closed","ping_status":"closed","template":"","meta":{"footnotes":""},"class_list":["post-10164","page","type-page","status-publish","hentry"],"acf":[],"yoast_head":"<!-- This site is optimized with the Yoast SEO plugin v26.0 - https:\/\/yoast.com\/wordpress\/plugins\/seo\/ -->\n<title>Massages \u00c9rotiques \u00e0 Gen\u00e8ve - Meetgirl - Annonces \u00e9rotiques - Escorts, massages et salons<\/title>\n<meta name=\"description\" content=\"Profitez d\u2019un massage \u00e9rotique \u00e0 Gen\u00e8ve avec une escort experte. R\u00e9servez sur meetgirl.ch pour une exp\u00e9rience sensuelle, intime et discr\u00e8te.\" \/>\n<meta name=\"robots\" content=\"index, follow, max-snippet:-1, max-image-preview:large, max-video-preview:-1\" \/>\n<link rel=\"canonical\" href=\"https:\/\/meetgirl.ch\/de\/erotische-massagen-in-geneve\/\" \/>\n<meta property=\"og:locale\" content=\"de_DE\" \/>\n<meta property=\"og:type\" content=\"article\" \/>\n<meta property=\"og:title\" content=\"Massages \u00c9rotiques \u00e0 Gen\u00e8ve - Meetgirl - Annonces \u00e9rotiques - Escorts, massages et salons\" \/>\n<meta property=\"og:description\" content=\"Profitez d\u2019un massage \u00e9rotique \u00e0 Gen\u00e8ve avec une escort experte. R\u00e9servez sur meetgirl.ch pour une exp\u00e9rience sensuelle, intime et discr\u00e8te.\" \/>\n<meta property=\"og:url\" content=\"https:\/\/meetgirl.ch\/de\/erotische-massagen-in-geneve\/\" \/>\n<meta property=\"og:site_name\" content=\"Meetgirl - Annonces \u00e9rotiques - Escorts, massages et salons\" \/>\n<meta property=\"article:modified_time\" content=\"2025-08-29T08:33:14+00:00\" \/>\n<meta property=\"og:image\" content=\"https:\/\/meetgirl.ch\/wp-content\/uploads\/2024\/10\/massage-erotique-lausanne-1024x512.jpeg\" \/>\n<meta name=\"twitter:card\" content=\"summary_large_image\" \/>\n<meta name=\"twitter:label1\" content=\"Gesch\u00e4tzte Lesezeit\" \/>\n\t<meta name=\"twitter:data1\" content=\"3\u00a0Minuten\" \/>\n<script type=\"application\/ld+json\" class=\"yoast-schema-graph\">{\"@context\":\"https:\/\/schema.org\",\"@graph\":[{\"@type\":\"WebPage\",\"@id\":\"https:\/\/meetgirl.ch\/massages-erotiques-a-geneve\/\",\"url\":\"https:\/\/meetgirl.ch\/massages-erotiques-a-geneve\/\",\"name\":\"Massages \u00c9rotiques \u00e0 Gen\u00e8ve - Meetgirl - Annonces \u00e9rotiques - Escorts, massages et salons\",\"isPartOf\":{\"@id\":\"https:\/\/meetgirl.ch\/#website\"},\"primaryImageOfPage\":{\"@id\":\"https:\/\/meetgirl.ch\/massages-erotiques-a-geneve\/#primaryimage\"},\"image\":{\"@id\":\"https:\/\/meetgirl.ch\/massages-erotiques-a-geneve\/#primaryimage\"},\"thumbnailUrl\":\"https:\/\/meetgirl.ch\/wp-content\/uploads\/2024\/10\/massage-erotique-lausanne-1024x512.jpeg\",\"datePublished\":\"2025-06-28T12:10:08+00:00\",\"dateModified\":\"2025-08-29T08:33:14+00:00\",\"description\":\"Profitez d\u2019un massage \u00e9rotique \u00e0 Gen\u00e8ve avec une escort experte. R\u00e9servez sur meetgirl.ch pour une exp\u00e9rience sensuelle, intime et discr\u00e8te.\",\"breadcrumb\":{\"@id\":\"https:\/\/meetgirl.ch\/massages-erotiques-a-geneve\/#breadcrumb\"},\"inLanguage\":\"de\",\"potentialAction\":[{\"@type\":\"ReadAction\",\"target\":[\"https:\/\/meetgirl.ch\/massages-erotiques-a-geneve\/\"]}]},{\"@type\":\"ImageObject\",\"inLanguage\":\"de\",\"@id\":\"https:\/\/meetgirl.ch\/massages-erotiques-a-geneve\/#primaryimage\",\"url\":\"https:\/\/meetgirl.ch\/wp-content\/uploads\/2024\/10\/massage-erotique-lausanne-1024x512.jpeg\",\"contentUrl\":\"https:\/\/meetgirl.ch\/wp-content\/uploads\/2024\/10\/massage-erotique-lausanne-1024x512.jpeg\"},{\"@type\":\"BreadcrumbList\",\"@id\":\"https:\/\/meetgirl.ch\/massages-erotiques-a-geneve\/#breadcrumb\",\"itemListElement\":[{\"@type\":\"ListItem\",\"position\":1,\"name\":\"Accueil\",\"item\":\"https:\/\/meetgirl.ch\/\"},{\"@type\":\"ListItem\",\"position\":2,\"name\":\"Massages \u00c9rotiques \u00e0 Gen\u00e8ve\"}]},{\"@type\":\"WebSite\",\"@id\":\"https:\/\/meetgirl.ch\/#website\",\"url\":\"https:\/\/meetgirl.ch\/\",\"name\":\"MeetGirl - Annonces \u00e9rotiques Suisse - Escorts, massages et salons\",\"description\":\"Escorts et massages \u00e9rotiques\",\"publisher\":{\"@id\":\"https:\/\/meetgirl.ch\/#organization\"},\"alternateName\":\"Annuaire \u00e9rotique Suisse Escort \u00e0 Gen\u00e8ve, Lausanne, Valais, Neuch\u00e2tel\",\"potentialAction\":[{\"@type\":\"SearchAction\",\"target\":{\"@type\":\"EntryPoint\",\"urlTemplate\":\"https:\/\/meetgirl.ch\/?s={search_term_string}\"},\"query-input\":{\"@type\":\"PropertyValueSpecification\",\"valueRequired\":true,\"valueName\":\"search_term_string\"}}],\"inLanguage\":\"de\"},{\"@type\":\"Organization\",\"@id\":\"https:\/\/meetgirl.ch\/#organization\",\"name\":\"Escort et massage \u00e9rotique\",\"alternateName\":\"Meetgirl escortes et masseuses\",\"url\":\"https:\/\/meetgirl.ch\/\",\"logo\":{\"@type\":\"ImageObject\",\"inLanguage\":\"de\",\"@id\":\"https:\/\/meetgirl.ch\/#\/schema\/logo\/image\/\",\"url\":\"https:\/\/meetgirl.ch\/wp-content\/uploads\/2024\/05\/cropped-meet-logo.png\",\"contentUrl\":\"https:\/\/meetgirl.ch\/wp-content\/uploads\/2024\/05\/cropped-meet-logo.png\",\"width\":512,\"height\":512,\"caption\":\"Escort et massage \u00e9rotique\"},\"image\":{\"@id\":\"https:\/\/meetgirl.ch\/#\/schema\/logo\/image\/\"}}]}<\/script>\n<!-- \/ Yoast SEO plugin. -->","yoast_head_json":{"title":"Erotische Massagen in Genf - Meetgirl - Erotische Anzeigen - Escorts, Massagen und Salons","description":"Profitez d\u2019un massage \u00e9rotique \u00e0 Gen\u00e8ve avec une escort experte. R\u00e9servez sur meetgirl.ch pour une exp\u00e9rience sensuelle, intime et discr\u00e8te.","robots":{"index":"index","follow":"follow","max-snippet":"max-snippet:-1","max-image-preview":"max-image-preview:large","max-video-preview":"max-video-preview:-1"},"canonical":"https:\/\/meetgirl.ch\/de\/erotische-massagen-in-geneve\/","og_locale":"de_DE","og_type":"article","og_title":"Massages \u00c9rotiques \u00e0 Gen\u00e8ve - Meetgirl - Annonces \u00e9rotiques - Escorts, massages et salons","og_description":"Profitez d\u2019un massage \u00e9rotique \u00e0 Gen\u00e8ve avec une escort experte. R\u00e9servez sur meetgirl.ch pour une exp\u00e9rience sensuelle, intime et discr\u00e8te.","og_url":"https:\/\/meetgirl.ch\/de\/erotische-massagen-in-geneve\/","og_site_name":"Meetgirl - Annonces \u00e9rotiques - Escorts, massages et salons","article_modified_time":"2025-08-29T08:33:14+00:00","og_image":[{"url":"https:\/\/meetgirl.ch\/wp-content\/uploads\/2024\/10\/massage-erotique-lausanne-1024x512.jpeg","type":"","width":"","height":""}],"twitter_card":"summary_large_image","twitter_misc":{"Gesch\u00e4tzte Lesezeit":"3\u00a0Minuten"},"schema":{"@context":"https:\/\/schema.org","@graph":[{"@type":"WebPage","@id":"https:\/\/meetgirl.ch\/massages-erotiques-a-geneve\/","url":"https:\/\/meetgirl.ch\/massages-erotiques-a-geneve\/","name":"Erotische Massagen in Genf - Meetgirl - Erotische Anzeigen - Escorts, Massagen und Salons","isPartOf":{"@id":"https:\/\/meetgirl.ch\/#website"},"primaryImageOfPage":{"@id":"https:\/\/meetgirl.ch\/massages-erotiques-a-geneve\/#primaryimage"},"image":{"@id":"https:\/\/meetgirl.ch\/massages-erotiques-a-geneve\/#primaryimage"},"thumbnailUrl":"https:\/\/meetgirl.ch\/wp-content\/uploads\/2024\/10\/massage-erotique-lausanne-1024x512.jpeg","datePublished":"2025-06-28T12:10:08+00:00","dateModified":"2025-08-29T08:33:14+00:00","description":"Profitez d\u2019un massage \u00e9rotique \u00e0 Gen\u00e8ve avec une escort experte. R\u00e9servez sur meetgirl.ch pour une exp\u00e9rience sensuelle, intime et discr\u00e8te.","breadcrumb":{"@id":"https:\/\/meetgirl.ch\/massages-erotiques-a-geneve\/#breadcrumb"},"inLanguage":"de","potentialAction":[{"@type":"ReadAction","target":["https:\/\/meetgirl.ch\/massages-erotiques-a-geneve\/"]}]},{"@type":"ImageObject","inLanguage":"de","@id":"https:\/\/meetgirl.ch\/massages-erotiques-a-geneve\/#primaryimage","url":"https:\/\/meetgirl.ch\/wp-content\/uploads\/2024\/10\/massage-erotique-lausanne-1024x512.jpeg","contentUrl":"https:\/\/meetgirl.ch\/wp-content\/uploads\/2024\/10\/massage-erotique-lausanne-1024x512.jpeg"},{"@type":"BreadcrumbList","@id":"https:\/\/meetgirl.ch\/massages-erotiques-a-geneve\/#breadcrumb","itemListElement":[{"@type":"ListItem","position":1,"name":"Accueil","item":"https:\/\/meetgirl.ch\/"},{"@type":"ListItem","position":2,"name":"Massages \u00c9rotiques \u00e0 Gen\u00e8ve"}]},{"@type":"WebSite","@id":"https:\/\/meetgirl.ch\/#website","url":"https:\/\/meetgirl.ch\/","name":"MeetGirl - Erotikanzeigen Schweiz - Escorts, Massagen und Salons","description":"Escorts und erotische Massagen","publisher":{"@id":"https:\/\/meetgirl.ch\/#organization"},"alternateName":"Annuaire \u00e9rotique Suisse Escort \u00e0 Gen\u00e8ve, Lausanne, Valais, Neuch\u00e2tel","potentialAction":[{"@type":"SearchAction","target":{"@type":"EntryPoint","urlTemplate":"https:\/\/meetgirl.ch\/?s={search_term_string}"},"query-input":{"@type":"PropertyValueSpecification","valueRequired":true,"valueName":"search_term_string"}}],"inLanguage":"de"},{"@type":"Organization","@id":"https:\/\/meetgirl.ch\/#organization","name":"Escort und erotische Massage","alternateName":"Meetgirl escortes et masseuses","url":"https:\/\/meetgirl.ch\/","logo":{"@type":"ImageObject","inLanguage":"de","@id":"https:\/\/meetgirl.ch\/#\/schema\/logo\/image\/","url":"https:\/\/meetgirl.ch\/wp-content\/uploads\/2024\/05\/cropped-meet-logo.png","contentUrl":"https:\/\/meetgirl.ch\/wp-content\/uploads\/2024\/05\/cropped-meet-logo.png","width":512,"height":512,"caption":"Escort et massage \u00e9rotique"},"image":{"@id":"https:\/\/meetgirl.ch\/#\/schema\/logo\/image\/"}}]}},"_links":{"self":[{"href":"https:\/\/meetgirl.ch\/de\/wp-json\/wp\/v2\/pages\/10164","targetHints":{"allow":["GET"]}}],"collection":[{"href":"https:\/\/meetgirl.ch\/de\/wp-json\/wp\/v2\/pages"}],"about":[{"href":"https:\/\/meetgirl.ch\/de\/wp-json\/wp\/v2\/types\/page"}],"author":[{"embeddable":true,"href":"https:\/\/meetgirl.ch\/de\/wp-json\/wp\/v2\/users\/3"}],"replies":[{"embeddable":true,"href":"https:\/\/meetgirl.ch\/de\/wp-json\/wp\/v2\/comments?post=10164"}],"version-history":[{"count":3,"href":"https:\/\/meetgirl.ch\/de\/wp-json\/wp\/v2\/pages\/10164\/revisions"}],"predecessor-version":[{"id":13182,"href":"https:\/\/meetgirl.ch\/de\/wp-json\/wp\/v2\/pages\/10164\/revisions\/13182"}],"wp:attachment":[{"href":"https:\/\/meetgirl.ch\/de\/wp-json\/wp\/v2\/media?parent=10164"}],"curies":[{"name":"wp","href":"https:\/\/api.w.org\/{rel}","templated":true}]}}