{"id":10169,"date":"2025-06-28T12:14:01","date_gmt":"2025-06-28T12:14:01","guid":{"rendered":"https:\/\/meetgirl.ch\/?page_id=10169"},"modified":"2025-06-28T12:16:18","modified_gmt":"2025-06-28T12:16:18","slug":"goldene-dusche-in-genf","status":"publish","type":"page","link":"https:\/\/meetgirl.ch\/de\/goldene-dusche-in-genf\/","title":{"rendered":"Douche Dor\u00e9e \u00e0 Gen\u00e8ve"},"content":{"rendered":"<div data-elementor-type=\"wp-page\" data-elementor-id=\"10169\" class=\"elementor elementor-10169\">\n\t\t\t\t<div class=\"elementor-element elementor-element-0139ecd e-flex e-con-boxed e-con e-parent\" data-id=\"0139ecd\" data-element_type=\"container\" data-settings=\"{&quot;jet_parallax_layout_list&quot;:[]}\">\n\t\t\t\t\t<div class=\"e-con-inner\">\n\t\t<div class=\"elementor-element elementor-element-e1c2600 e-con-full e-flex e-con e-child\" data-id=\"e1c2600\" data-element_type=\"container\" data-settings=\"{&quot;jet_parallax_layout_list&quot;:[]}\">\n\t\t\t\t<div class=\"elementor-element elementor-element-15e7c59 elementor-widget elementor-widget-image\" data-id=\"15e7c59\" data-element_type=\"widget\" data-widget_type=\"image.default\">\n\t\t\t\t<div class=\"elementor-widget-container\">\n\t\t\t\t\t\t\t\t\t\t\t\t\t\t\t<img decoding=\"async\" src=\"https:\/\/meetgirl.ch\/wp-content\/uploads\/2025\/05\/domina-geneve-4.jpg\" title=\"\" alt=\"\" loading=\"lazy\" \/>\t\t\t\t\t\t\t\t\t\t\t\t\t\t\t<\/div>\n\t\t\t\t<\/div>\n\t\t\t\t<\/div>\n\t\t<div class=\"elementor-element elementor-element-92944ce e-con-full e-flex e-con e-child\" data-id=\"92944ce\" data-element_type=\"container\" data-settings=\"{&quot;jet_parallax_layout_list&quot;:[]}\">\n\t\t\t\t<div class=\"elementor-element elementor-element-142c9c0 elementor-widget elementor-widget-text-editor\" data-id=\"142c9c0\" data-element_type=\"widget\" data-widget_type=\"text-editor.default\">\n\t\t\t\t<div class=\"elementor-widget-container\">\n\t\t\t\t\t\t\t\t\t<h1><span style=\"color: #ffffff;\">Escort f\u00fcr Douche Dor\u00e9e in Genf - Erkunden Sie Ihre Fantasie auf meetgirl.ch<\/span><\/h1><p><span style=\"color: #ffffff;\">Lust auf eine intime und transgressive Fantasie? Die <strong>goldene S\u00fc\u00dfe, oder golden shower<\/strong>geh\u00f6rt zu den <strong>Sexualfetischismus<\/strong> die faszinierendsten, die Erotik und Dominanz miteinander verbinden. Auf <strong>meetgirl.ch<\/strong>finden Sie <strong>Escorts in Genf, die sich auf die goldene Dusche spezialisiert haben<\/strong>Sie sind bereit, Ihre W\u00fcnsche mit Diskretion und gegenseitigem Respekt zu erf\u00fcllen.<\/span><\/p><h2><span style=\"color: #ffffff;\">Was ist die Goldene Dusche?<\/span><\/h2><p><span style=\"color: #ffffff;\">Die <strong>Golden Shower<\/strong> ist eine Sexualpraktik, bei der ein Partner in einem sinnlichen und einvernehmlichen Kontext auf den anderen uriniert. Diese Erfahrung wird h\u00e4ufig in Form eines <strong>erotisches Rollenspiel<\/strong>Dabei nimmt die Person, die die goldene Dusche empf\u00e4ngt, eine unterw\u00fcrfige Haltung ein. Die Praxis findet in der Regel unter der Dusche oder in einer hygienischen Umgebung statt.<\/span><\/p><h2><span style=\"color: #ffffff;\">Eine eingerahmte und einvernehmliche Fetischpraxis<\/span><\/h2><p><span style=\"color: #ffffff;\">Wie jeder sexuelle Akt ist auch die <strong>goldene Dusche in Genf<\/strong> erfordert gegenseitiges Einverst\u00e4ndnis und ein vorheriges Gespr\u00e4ch \u00fcber Grenzen und Vorlieben. Der Respekt vor der Hygiene und den W\u00fcnschen jedes Einzelnen ist grundlegend, um diesen Moment zu einem aufregenden und befriedigenden Erlebnis zu machen.<\/span><\/p><h3><span style=\"color: #ffffff;\">Warum sollte man eine Escortdame f\u00fcr eine Golden Shower engagieren?<\/span><\/h3><p><span style=\"color: #ffffff;\">Diese Fantasie ist in einer klassischen Partnerschaft nach wie vor schwer zu verwirklichen, da sie Blockaden oder mangelnde Kompatibilit\u00e4t hervorrufen kann. Auf <strong>meetgirl.ch<\/strong>Sie haben die M\u00f6glichkeit, eine <strong>offener escort in der goldenen dusche<\/strong> und in dieser Fetischpraxis erfahren ist, um diese Erfahrung ohne Urteil und professionell zu erleben.<\/span><\/p><h2><span style=\"color: #ffffff;\">Finden Sie Ihre Golden Shower Escort auf meetgirl.ch<\/span><\/h2><p><span style=\"color: #ffffff;\">Auf unserer Plattform haben Sie Zugriff auf eine Auswahl an<strong>verf\u00fcgbare Escorts f\u00fcr goldene Dusche in Genf<\/strong>. In jedem Profil sind die angebotenen Dienstleistungen und die Vorlieben der Escorts angegeben, so dass Sie eine fundierte Wahl treffen k\u00f6nnen, die Ihren Erwartungen entspricht.<\/span><\/p><h3><span style=\"color: #ffffff;\">Diskretion und Hygiene garantiert<\/span><\/h3><p><span style=\"color: #ffffff;\">Die <strong>Golden Showers<\/strong> die von den Escorts von meetgirl.ch angeboten werden, werden unter optimalen hygienischen Bedingungen durchgef\u00fchrt. Ob zu Hause, in einem Hotel oder an einem privaten Ort, jedes Treffen wird diskret organisiert, wobei Komfort und Respekt an erster Stelle stehen.<\/span><\/p><h2><span style=\"color: #ffffff;\">Buchen Sie ein einzigartiges Erlebnis in Genf<\/span><\/h2><p><span style=\"color: #ffffff;\">Warten Sie nicht l\u00e4nger und erkunden Sie Ihre Lust mit einer <strong>auf Goldduschen spezialisierte Escort in Genf<\/strong>. Auf <strong>meetgirl.ch<\/strong>In der Kategorie \"Sex\" finden Sie Fachfrauen, die auf Ihre Fantasien eingehen und Ihnen einen Moment intensiver und befreiter Lust schenken k\u00f6nnen.<\/span><\/p>\t\t\t\t\t\t\t\t<\/div>\n\t\t\t\t<\/div>\n\t\t\t\t<\/div>\n\t\t\t\t\t<\/div>\n\t\t\t\t<\/div>\n\t\t\t\t<\/div>","protected":false},"excerpt":{"rendered":"<p>Escort pour Douche Dor\u00e9e \u00e0 Gen\u00e8ve \u2013 Explorez votre fantasme sur meetgirl.ch Envie de vivre un fantasme intime et transgressif ? La douceur dor\u00e9e, ou golden shower, fait partie des f\u00e9tichismes sexuels les plus intrigants, m\u00ealant \u00e9rotisme et domination. Sur meetgirl.ch, vous trouverez des escorts \u00e0 Gen\u00e8ve sp\u00e9cialis\u00e9es dans la douche dor\u00e9e, pr\u00eates \u00e0 r\u00e9aliser [&hellip;]<\/p>","protected":false},"author":3,"featured_media":0,"parent":0,"menu_order":0,"comment_status":"closed","ping_status":"closed","template":"","meta":{"footnotes":""},"class_list":["post-10169","page","type-page","status-publish","hentry"],"acf":[],"yoast_head":"<!-- This site is optimized with the Yoast SEO plugin v26.0 - https:\/\/yoast.com\/wordpress\/plugins\/seo\/ -->\n<title>Douche Dor\u00e9e \u00e0 Gen\u00e8ve - Meetgirl - Annonces \u00e9rotiques - Escorts, massages et salons<\/title>\n<meta name=\"description\" content=\"D\u00e9couvrez les escortes qui pratiquent la douche dor\u00e9e \u00e0 Gen\u00e8ve sur meetgirl.ch. Vivez votre fantasme en toute discr\u00e9tion\" \/>\n<meta name=\"robots\" content=\"index, follow, max-snippet:-1, max-image-preview:large, max-video-preview:-1\" \/>\n<link rel=\"canonical\" href=\"https:\/\/meetgirl.ch\/de\/goldene-dusche-in-genf\/\" \/>\n<meta property=\"og:locale\" content=\"de_DE\" \/>\n<meta property=\"og:type\" content=\"article\" \/>\n<meta property=\"og:title\" content=\"Douche Dor\u00e9e \u00e0 Gen\u00e8ve - Meetgirl - Annonces \u00e9rotiques - Escorts, massages et salons\" \/>\n<meta property=\"og:description\" content=\"D\u00e9couvrez les escortes qui pratiquent la douche dor\u00e9e \u00e0 Gen\u00e8ve sur meetgirl.ch. Vivez votre fantasme en toute discr\u00e9tion\" \/>\n<meta property=\"og:url\" content=\"https:\/\/meetgirl.ch\/de\/goldene-dusche-in-genf\/\" \/>\n<meta property=\"og:site_name\" content=\"Meetgirl - Annonces \u00e9rotiques - Escorts, massages et salons\" \/>\n<meta property=\"article:modified_time\" content=\"2025-06-28T12:16:18+00:00\" \/>\n<meta property=\"og:image\" content=\"https:\/\/meetgirl.ch\/wp-content\/uploads\/2025\/05\/domina-geneve-4.jpg\" \/>\n<meta name=\"twitter:card\" content=\"summary_large_image\" \/>\n<meta name=\"twitter:label1\" content=\"Gesch\u00e4tzte Lesezeit\" \/>\n\t<meta name=\"twitter:data1\" content=\"3\u00a0Minuten\" \/>\n<script type=\"application\/ld+json\" class=\"yoast-schema-graph\">{\"@context\":\"https:\/\/schema.org\",\"@graph\":[{\"@type\":\"WebPage\",\"@id\":\"https:\/\/meetgirl.ch\/douche-doree-a-geneve\/\",\"url\":\"https:\/\/meetgirl.ch\/douche-doree-a-geneve\/\",\"name\":\"Douche Dor\u00e9e \u00e0 Gen\u00e8ve - Meetgirl - Annonces \u00e9rotiques - Escorts, massages et salons\",\"isPartOf\":{\"@id\":\"https:\/\/meetgirl.ch\/#website\"},\"primaryImageOfPage\":{\"@id\":\"https:\/\/meetgirl.ch\/douche-doree-a-geneve\/#primaryimage\"},\"image\":{\"@id\":\"https:\/\/meetgirl.ch\/douche-doree-a-geneve\/#primaryimage\"},\"thumbnailUrl\":\"https:\/\/meetgirl.ch\/wp-content\/uploads\/2025\/05\/domina-geneve-4.jpg\",\"datePublished\":\"2025-06-28T12:14:01+00:00\",\"dateModified\":\"2025-06-28T12:16:18+00:00\",\"description\":\"D\u00e9couvrez les escortes qui pratiquent la douche dor\u00e9e \u00e0 Gen\u00e8ve sur meetgirl.ch. Vivez votre fantasme en toute discr\u00e9tion\",\"breadcrumb\":{\"@id\":\"https:\/\/meetgirl.ch\/douche-doree-a-geneve\/#breadcrumb\"},\"inLanguage\":\"de\",\"potentialAction\":[{\"@type\":\"ReadAction\",\"target\":[\"https:\/\/meetgirl.ch\/douche-doree-a-geneve\/\"]}]},{\"@type\":\"ImageObject\",\"inLanguage\":\"de\",\"@id\":\"https:\/\/meetgirl.ch\/douche-doree-a-geneve\/#primaryimage\",\"url\":\"https:\/\/meetgirl.ch\/wp-content\/uploads\/2025\/05\/domina-geneve-4.jpg\",\"contentUrl\":\"https:\/\/meetgirl.ch\/wp-content\/uploads\/2025\/05\/domina-geneve-4.jpg\"},{\"@type\":\"BreadcrumbList\",\"@id\":\"https:\/\/meetgirl.ch\/douche-doree-a-geneve\/#breadcrumb\",\"itemListElement\":[{\"@type\":\"ListItem\",\"position\":1,\"name\":\"Accueil\",\"item\":\"https:\/\/meetgirl.ch\/\"},{\"@type\":\"ListItem\",\"position\":2,\"name\":\"Douche Dor\u00e9e \u00e0 Gen\u00e8ve\"}]},{\"@type\":\"WebSite\",\"@id\":\"https:\/\/meetgirl.ch\/#website\",\"url\":\"https:\/\/meetgirl.ch\/\",\"name\":\"MeetGirl - Annonces \u00e9rotiques Suisse - Escorts, massages et salons\",\"description\":\"Escorts et massages \u00e9rotiques\",\"publisher\":{\"@id\":\"https:\/\/meetgirl.ch\/#organization\"},\"alternateName\":\"Annuaire \u00e9rotique Suisse Escort \u00e0 Gen\u00e8ve, Lausanne, Valais, Neuch\u00e2tel\",\"potentialAction\":[{\"@type\":\"SearchAction\",\"target\":{\"@type\":\"EntryPoint\",\"urlTemplate\":\"https:\/\/meetgirl.ch\/?s={search_term_string}\"},\"query-input\":{\"@type\":\"PropertyValueSpecification\",\"valueRequired\":true,\"valueName\":\"search_term_string\"}}],\"inLanguage\":\"de\"},{\"@type\":\"Organization\",\"@id\":\"https:\/\/meetgirl.ch\/#organization\",\"name\":\"Escort et massage \u00e9rotique\",\"alternateName\":\"Meetgirl escortes et masseuses\",\"url\":\"https:\/\/meetgirl.ch\/\",\"logo\":{\"@type\":\"ImageObject\",\"inLanguage\":\"de\",\"@id\":\"https:\/\/meetgirl.ch\/#\/schema\/logo\/image\/\",\"url\":\"https:\/\/meetgirl.ch\/wp-content\/uploads\/2024\/05\/cropped-meet-logo.png\",\"contentUrl\":\"https:\/\/meetgirl.ch\/wp-content\/uploads\/2024\/05\/cropped-meet-logo.png\",\"width\":512,\"height\":512,\"caption\":\"Escort et massage \u00e9rotique\"},\"image\":{\"@id\":\"https:\/\/meetgirl.ch\/#\/schema\/logo\/image\/\"}}]}<\/script>\n<!-- \/ Yoast SEO plugin. -->","yoast_head_json":{"title":"Douche Dor\u00e9e in Genf - Meetgirl - Erotische Anzeigen - Escorts, Massagen und Salons","description":"Entdecken Sie auf meetgirl.ch Escorts, die die goldene Dusche in Genf praktizieren. Erleben Sie Ihre Fantasie in absoluter Diskretion","robots":{"index":"index","follow":"follow","max-snippet":"max-snippet:-1","max-image-preview":"max-image-preview:large","max-video-preview":"max-video-preview:-1"},"canonical":"https:\/\/meetgirl.ch\/de\/goldene-dusche-in-genf\/","og_locale":"de_DE","og_type":"article","og_title":"Douche Dor\u00e9e \u00e0 Gen\u00e8ve - Meetgirl - Annonces \u00e9rotiques - Escorts, massages et salons","og_description":"D\u00e9couvrez les escortes qui pratiquent la douche dor\u00e9e \u00e0 Gen\u00e8ve sur meetgirl.ch. Vivez votre fantasme en toute discr\u00e9tion","og_url":"https:\/\/meetgirl.ch\/de\/goldene-dusche-in-genf\/","og_site_name":"Meetgirl - Annonces \u00e9rotiques - Escorts, massages et salons","article_modified_time":"2025-06-28T12:16:18+00:00","og_image":[{"url":"https:\/\/meetgirl.ch\/wp-content\/uploads\/2025\/05\/domina-geneve-4.jpg","type":"","width":"","height":""}],"twitter_card":"summary_large_image","twitter_misc":{"Gesch\u00e4tzte Lesezeit":"3\u00a0Minuten"},"schema":{"@context":"https:\/\/schema.org","@graph":[{"@type":"WebPage","@id":"https:\/\/meetgirl.ch\/douche-doree-a-geneve\/","url":"https:\/\/meetgirl.ch\/douche-doree-a-geneve\/","name":"Douche Dor\u00e9e in Genf - Meetgirl - Erotische Anzeigen - Escorts, Massagen und Salons","isPartOf":{"@id":"https:\/\/meetgirl.ch\/#website"},"primaryImageOfPage":{"@id":"https:\/\/meetgirl.ch\/douche-doree-a-geneve\/#primaryimage"},"image":{"@id":"https:\/\/meetgirl.ch\/douche-doree-a-geneve\/#primaryimage"},"thumbnailUrl":"https:\/\/meetgirl.ch\/wp-content\/uploads\/2025\/05\/domina-geneve-4.jpg","datePublished":"2025-06-28T12:14:01+00:00","dateModified":"2025-06-28T12:16:18+00:00","description":"Entdecken Sie auf meetgirl.ch Escorts, die die goldene Dusche in Genf praktizieren. Erleben Sie Ihre Fantasie in absoluter Diskretion","breadcrumb":{"@id":"https:\/\/meetgirl.ch\/douche-doree-a-geneve\/#breadcrumb"},"inLanguage":"de","potentialAction":[{"@type":"ReadAction","target":["https:\/\/meetgirl.ch\/douche-doree-a-geneve\/"]}]},{"@type":"ImageObject","inLanguage":"de","@id":"https:\/\/meetgirl.ch\/douche-doree-a-geneve\/#primaryimage","url":"https:\/\/meetgirl.ch\/wp-content\/uploads\/2025\/05\/domina-geneve-4.jpg","contentUrl":"https:\/\/meetgirl.ch\/wp-content\/uploads\/2025\/05\/domina-geneve-4.jpg"},{"@type":"BreadcrumbList","@id":"https:\/\/meetgirl.ch\/douche-doree-a-geneve\/#breadcrumb","itemListElement":[{"@type":"ListItem","position":1,"name":"Accueil","item":"https:\/\/meetgirl.ch\/"},{"@type":"ListItem","position":2,"name":"Douche Dor\u00e9e \u00e0 Gen\u00e8ve"}]},{"@type":"WebSite","@id":"https:\/\/meetgirl.ch\/#website","url":"https:\/\/meetgirl.ch\/","name":"MeetGirl - Erotikanzeigen Schweiz - Escorts, Massagen und Salons","description":"Escorts und erotische Massagen","publisher":{"@id":"https:\/\/meetgirl.ch\/#organization"},"alternateName":"Annuaire \u00e9rotique Suisse Escort \u00e0 Gen\u00e8ve, Lausanne, Valais, Neuch\u00e2tel","potentialAction":[{"@type":"SearchAction","target":{"@type":"EntryPoint","urlTemplate":"https:\/\/meetgirl.ch\/?s={search_term_string}"},"query-input":{"@type":"PropertyValueSpecification","valueRequired":true,"valueName":"search_term_string"}}],"inLanguage":"de"},{"@type":"Organization","@id":"https:\/\/meetgirl.ch\/#organization","name":"Escort und erotische Massage","alternateName":"Meetgirl escortes et masseuses","url":"https:\/\/meetgirl.ch\/","logo":{"@type":"ImageObject","inLanguage":"de","@id":"https:\/\/meetgirl.ch\/#\/schema\/logo\/image\/","url":"https:\/\/meetgirl.ch\/wp-content\/uploads\/2024\/05\/cropped-meet-logo.png","contentUrl":"https:\/\/meetgirl.ch\/wp-content\/uploads\/2024\/05\/cropped-meet-logo.png","width":512,"height":512,"caption":"Escort et massage \u00e9rotique"},"image":{"@id":"https:\/\/meetgirl.ch\/#\/schema\/logo\/image\/"}}]}},"_links":{"self":[{"href":"https:\/\/meetgirl.ch\/de\/wp-json\/wp\/v2\/pages\/10169","targetHints":{"allow":["GET"]}}],"collection":[{"href":"https:\/\/meetgirl.ch\/de\/wp-json\/wp\/v2\/pages"}],"about":[{"href":"https:\/\/meetgirl.ch\/de\/wp-json\/wp\/v2\/types\/page"}],"author":[{"embeddable":true,"href":"https:\/\/meetgirl.ch\/de\/wp-json\/wp\/v2\/users\/3"}],"replies":[{"embeddable":true,"href":"https:\/\/meetgirl.ch\/de\/wp-json\/wp\/v2\/comments?post=10169"}],"version-history":[{"count":0,"href":"https:\/\/meetgirl.ch\/de\/wp-json\/wp\/v2\/pages\/10169\/revisions"}],"wp:attachment":[{"href":"https:\/\/meetgirl.ch\/de\/wp-json\/wp\/v2\/media?parent=10169"}],"curies":[{"name":"wp","href":"https:\/\/api.w.org\/{rel}","templated":true}]}}