{"id":10174,"date":"2025-06-28T12:18:18","date_gmt":"2025-06-28T12:18:18","guid":{"rendered":"https:\/\/meetgirl.ch\/?page_id=10174"},"modified":"2025-06-28T12:22:35","modified_gmt":"2025-06-28T12:22:35","slug":"spanischer-wichser-in-genf","status":"publish","type":"page","link":"https:\/\/meetgirl.ch\/de\/spanischer-wichser-in-genf\/","title":{"rendered":"Spanische Wichse in Genf"},"content":{"rendered":"<div data-elementor-type=\"wp-page\" data-elementor-id=\"10174\" class=\"elementor elementor-10174\">\n\t\t\t\t<div class=\"elementor-element elementor-element-0fbcdd9 e-flex e-con-boxed e-con e-parent\" data-id=\"0fbcdd9\" data-element_type=\"container\" data-settings=\"{&quot;jet_parallax_layout_list&quot;:[]}\">\n\t\t\t\t\t<div class=\"e-con-inner\">\n\t\t<div class=\"elementor-element elementor-element-72bea14 e-con-full e-flex e-con e-child\" data-id=\"72bea14\" data-element_type=\"container\" data-settings=\"{&quot;jet_parallax_layout_list&quot;:[]}\">\n\t\t\t\t<div class=\"elementor-element elementor-element-29db25f elementor-widget elementor-widget-image\" data-id=\"29db25f\" data-element_type=\"widget\" data-widget_type=\"image.default\">\n\t\t\t\t<div class=\"elementor-widget-container\">\n\t\t\t\t\t\t\t\t\t\t\t\t\t\t\t<img decoding=\"async\" width=\"612\" height=\"408\" src=\"https:\/\/meetgirl.ch\/wp-content\/uploads\/2025\/02\/escort-fribourg.jpg\" class=\"attachment-large size-large wp-image-5152\" alt=\"eine fesselnde Escortdame, die die Vorz\u00fcge von de Bulle im Kanton Freiburg gut kennt.\" srcset=\"https:\/\/meetgirl.ch\/wp-content\/uploads\/2025\/02\/escort-fribourg.jpg 612w, https:\/\/meetgirl.ch\/wp-content\/uploads\/2025\/02\/escort-fribourg-300x200.jpg 300w, https:\/\/meetgirl.ch\/wp-content\/uploads\/2025\/02\/escort-fribourg-18x12.jpg 18w, https:\/\/meetgirl.ch\/wp-content\/uploads\/2025\/02\/escort-fribourg-600x400.jpg 600w\" sizes=\"(max-width: 612px) 100vw, 612px\" \/>\t\t\t\t\t\t\t\t\t\t\t\t\t\t\t<\/div>\n\t\t\t\t<\/div>\n\t\t\t\t<div class=\"elementor-element elementor-element-7d2e93f elementor-widget elementor-widget-image\" data-id=\"7d2e93f\" data-element_type=\"widget\" data-widget_type=\"image.default\">\n\t\t\t\t<div class=\"elementor-widget-container\">\n\t\t\t\t\t\t\t\t\t\t\t\t\t\t\t<img decoding=\"async\" width=\"600\" height=\"900\" src=\"https:\/\/meetgirl.ch\/wp-content\/uploads\/2025\/06\/escort-milf-felina-geneve-1.jpg\" class=\"attachment-large size-large wp-image-8214\" alt=\"\" srcset=\"https:\/\/meetgirl.ch\/wp-content\/uploads\/2025\/06\/escort-milf-felina-geneve-1.jpg 600w, https:\/\/meetgirl.ch\/wp-content\/uploads\/2025\/06\/escort-milf-felina-geneve-1-200x300.jpg 200w, https:\/\/meetgirl.ch\/wp-content\/uploads\/2025\/06\/escort-milf-felina-geneve-1-8x12.jpg 8w\" sizes=\"(max-width: 600px) 100vw, 600px\" \/>\t\t\t\t\t\t\t\t\t\t\t\t\t\t\t<\/div>\n\t\t\t\t<\/div>\n\t\t\t\t<\/div>\n\t\t<div class=\"elementor-element elementor-element-1328f2d e-con-full e-flex e-con e-child\" data-id=\"1328f2d\" data-element_type=\"container\" data-settings=\"{&quot;jet_parallax_layout_list&quot;:[]}\">\n\t\t\t\t<div class=\"elementor-element elementor-element-945edf5 elementor-widget elementor-widget-text-editor\" data-id=\"945edf5\" data-element_type=\"widget\" data-widget_type=\"text-editor.default\">\n\t\t\t\t<div class=\"elementor-widget-container\">\n\t\t\t\t\t\t\t\t\t<h1><span style=\"color: #ffffff;\">Auf spanische Wichsvorlagen spezialisierter Escort in Genf auf meetgirl.ch<\/span><\/h1><p><span style=\"color: #ffffff;\">Die <strong>spanischer Handjob<\/strong>Auch bekannt als \"Notarkrawatte\", ist eine sehr sinnliche Masturbationstechnik, bei der der Penis zwischen den Br\u00fcsten der Escort-Dame stimuliert wird. Diese Praktik verbindet sowohl visuelles Vergn\u00fcgen als auch einzigartige taktile Empfindungen, was dem Kunden intensives Vergn\u00fcgen bereitet.<\/span><\/p><h2><span style=\"color: #ffffff;\">Woraus besteht das spanische Wichsen?<\/span><\/h2><p><span style=\"color: #ffffff;\">Bei dieser Praktik platziert der Mann seinen Penis zwischen den Br\u00fcsten der Frau, die diese zusammendr\u00fcckt und sich hin und her bewegt, wodurch eine Penetration vorget\u00e4uscht wird, w\u00e4hrend die Eichel durch die Reibung der Haut sanft stimuliert wird. Dieses erotische Spiel kann zum m\u00e4nnlichen Orgasmus f\u00fchren, mit oder ohne Gesichts- oder K\u00f6rperejakulation.<\/span><\/p><h2><span style=\"color: #ffffff;\">Eine beliebte Fantasie in Genf<\/span><\/h2><p><span style=\"color: #ffffff;\">Der spanische Handjob ist wegen der visuellen Erregung, die er erzeugt, und des sanften Kontakts zwischen der empfindlichen Haut der Br\u00fcste und dem Penis sehr beliebt. Er wird oft als Vorspiel vor anderen sexuellen Handlungen wie Oralsex oder vaginaler oder analer Penetration verwendet.<\/span><\/p><h3><span style=\"color: #ffffff;\">Escort Girls, die spanische Handjobs anbieten auf meetgirl.ch<\/span><\/h3><p><span style=\"color: #ffffff;\">Auf <strong>meetgirl.ch<\/strong>Sie k\u00f6nnen eine Auswahl an<strong>Escorts in Genf, die den spanischen Handjob perfekt beherrschen<\/strong>. Jedes Profil erl\u00e4utert die angebotenen Dienstleistungen, sodass Sie eine Fachkraft nach Ihren Vorlieben und W\u00fcnschen ausw\u00e4hlen k\u00f6nnen.<\/span><\/p><h2><span style=\"color: #ffffff;\">Tipps zur Auswahl Ihrer Eskorte<\/span><\/h2><p><span style=\"color: #ffffff;\">Bevor Sie buchen, sollten Sie die Leistungen, die im Profil der Escort angegeben sind, genau \u00fcberpr\u00fcfen, um sicher zu gehen, dass sie auch wirklich spanische Handarbeit praktiziert. Sie k\u00f6nnen auch bei der Kontaktaufnahme um eine Best\u00e4tigung bitten, um Missverst\u00e4ndnisse zu vermeiden.<\/span><\/p><h2><span style=\"color: #ffffff;\">Erleben Sie Ihre Fantasie mit einer erfahrenen Escortdame in Genf<\/span><\/h2><p><span style=\"color: #ffffff;\">Lassen Sie sich von dieser sinnlichen und raffinierten Erfahrung mit einer <strong>auf spanische Handjobs spezialisierte Escort in Genf<\/strong>. Buchen Sie direkt \u00fcber <strong>meetgirl.ch<\/strong> f\u00fcr ein privates und diskretes Treffen und genie\u00dfen Sie einen einzigartigen Moment des Vergn\u00fcgens.<\/span><\/p>\t\t\t\t\t\t\t\t<\/div>\n\t\t\t\t<\/div>\n\t\t\t\t<\/div>\n\t\t\t\t\t<\/div>\n\t\t\t\t<\/div>\n\t\t\t\t<\/div>","protected":false},"excerpt":{"rendered":"<p>Escort sp\u00e9cialis\u00e9e en Branlette Espagnole \u00e0 Gen\u00e8ve sur meetgirl.ch La branlette espagnole, aussi appel\u00e9e \u00ab cravate de notaire \u00bb, est une technique de masturbation tr\u00e8s sensuelle o\u00f9 le p\u00e9nis est stimul\u00e9 entre les seins de l\u2019escort. Cette pratique combine \u00e0 la fois plaisir visuel et sensations tactiles uniques, procurant un intense plaisir au client. En [&hellip;]<\/p>","protected":false},"author":3,"featured_media":0,"parent":0,"menu_order":0,"comment_status":"closed","ping_status":"closed","template":"","meta":{"footnotes":""},"class_list":["post-10174","page","type-page","status-publish","hentry"],"acf":[],"yoast_head":"<!-- This site is optimized with the Yoast SEO plugin v26.0 - https:\/\/yoast.com\/wordpress\/plugins\/seo\/ -->\n<title>Branlette Espagnole \u00e0 Gen\u00e8ve - Meetgirl - Annonces \u00e9rotiques - Escorts, massages et salons<\/title>\n<meta name=\"description\" content=\"Trouvez des escortes pratiquant la branlette espagnole \u00e0 Gen\u00e8ve sur meetgirl.ch. R\u00e9alisez votre fantasme avec des professionnelles expertes\" \/>\n<meta name=\"robots\" content=\"index, follow, max-snippet:-1, max-image-preview:large, max-video-preview:-1\" \/>\n<link rel=\"canonical\" href=\"https:\/\/meetgirl.ch\/de\/spanischer-wichser-in-genf\/\" \/>\n<meta property=\"og:locale\" content=\"de_DE\" \/>\n<meta property=\"og:type\" content=\"article\" \/>\n<meta property=\"og:title\" content=\"Branlette Espagnole \u00e0 Gen\u00e8ve - Meetgirl - Annonces \u00e9rotiques - Escorts, massages et salons\" \/>\n<meta property=\"og:description\" content=\"Trouvez des escortes pratiquant la branlette espagnole \u00e0 Gen\u00e8ve sur meetgirl.ch. R\u00e9alisez votre fantasme avec des professionnelles expertes\" \/>\n<meta property=\"og:url\" content=\"https:\/\/meetgirl.ch\/de\/spanischer-wichser-in-genf\/\" \/>\n<meta property=\"og:site_name\" content=\"Meetgirl - Annonces \u00e9rotiques - Escorts, massages et salons\" \/>\n<meta property=\"article:modified_time\" content=\"2025-06-28T12:22:35+00:00\" \/>\n<meta property=\"og:image\" content=\"https:\/\/meetgirl.ch\/wp-content\/uploads\/2025\/02\/escort-fribourg.jpg\" \/>\n<meta name=\"twitter:card\" content=\"summary_large_image\" \/>\n<meta name=\"twitter:label1\" content=\"Gesch\u00e4tzte Lesezeit\" \/>\n\t<meta name=\"twitter:data1\" content=\"2\u00a0Minuten\" \/>\n<script type=\"application\/ld+json\" class=\"yoast-schema-graph\">{\"@context\":\"https:\/\/schema.org\",\"@graph\":[{\"@type\":\"WebPage\",\"@id\":\"https:\/\/meetgirl.ch\/branlette-espagnole-a-geneve\/\",\"url\":\"https:\/\/meetgirl.ch\/branlette-espagnole-a-geneve\/\",\"name\":\"Branlette Espagnole \u00e0 Gen\u00e8ve - Meetgirl - Annonces \u00e9rotiques - Escorts, massages et salons\",\"isPartOf\":{\"@id\":\"https:\/\/meetgirl.ch\/#website\"},\"primaryImageOfPage\":{\"@id\":\"https:\/\/meetgirl.ch\/branlette-espagnole-a-geneve\/#primaryimage\"},\"image\":{\"@id\":\"https:\/\/meetgirl.ch\/branlette-espagnole-a-geneve\/#primaryimage\"},\"thumbnailUrl\":\"https:\/\/meetgirl.ch\/wp-content\/uploads\/2025\/02\/escort-fribourg.jpg\",\"datePublished\":\"2025-06-28T12:18:18+00:00\",\"dateModified\":\"2025-06-28T12:22:35+00:00\",\"description\":\"Trouvez des escortes pratiquant la branlette espagnole \u00e0 Gen\u00e8ve sur meetgirl.ch. R\u00e9alisez votre fantasme avec des professionnelles expertes\",\"breadcrumb\":{\"@id\":\"https:\/\/meetgirl.ch\/branlette-espagnole-a-geneve\/#breadcrumb\"},\"inLanguage\":\"de\",\"potentialAction\":[{\"@type\":\"ReadAction\",\"target\":[\"https:\/\/meetgirl.ch\/branlette-espagnole-a-geneve\/\"]}]},{\"@type\":\"ImageObject\",\"inLanguage\":\"de\",\"@id\":\"https:\/\/meetgirl.ch\/branlette-espagnole-a-geneve\/#primaryimage\",\"url\":\"https:\/\/meetgirl.ch\/wp-content\/uploads\/2025\/02\/escort-fribourg.jpg\",\"contentUrl\":\"https:\/\/meetgirl.ch\/wp-content\/uploads\/2025\/02\/escort-fribourg.jpg\"},{\"@type\":\"BreadcrumbList\",\"@id\":\"https:\/\/meetgirl.ch\/branlette-espagnole-a-geneve\/#breadcrumb\",\"itemListElement\":[{\"@type\":\"ListItem\",\"position\":1,\"name\":\"Accueil\",\"item\":\"https:\/\/meetgirl.ch\/\"},{\"@type\":\"ListItem\",\"position\":2,\"name\":\"Branlette Espagnole \u00e0 Gen\u00e8ve\"}]},{\"@type\":\"WebSite\",\"@id\":\"https:\/\/meetgirl.ch\/#website\",\"url\":\"https:\/\/meetgirl.ch\/\",\"name\":\"MeetGirl - Annonces \u00e9rotiques Suisse - Escorts, massages et salons\",\"description\":\"Escorts et massages \u00e9rotiques\",\"publisher\":{\"@id\":\"https:\/\/meetgirl.ch\/#organization\"},\"alternateName\":\"Annuaire \u00e9rotique Suisse Escort \u00e0 Gen\u00e8ve, Lausanne, Valais, Neuch\u00e2tel\",\"potentialAction\":[{\"@type\":\"SearchAction\",\"target\":{\"@type\":\"EntryPoint\",\"urlTemplate\":\"https:\/\/meetgirl.ch\/?s={search_term_string}\"},\"query-input\":{\"@type\":\"PropertyValueSpecification\",\"valueRequired\":true,\"valueName\":\"search_term_string\"}}],\"inLanguage\":\"de\"},{\"@type\":\"Organization\",\"@id\":\"https:\/\/meetgirl.ch\/#organization\",\"name\":\"Escort et massage \u00e9rotique\",\"alternateName\":\"Meetgirl escortes et masseuses\",\"url\":\"https:\/\/meetgirl.ch\/\",\"logo\":{\"@type\":\"ImageObject\",\"inLanguage\":\"de\",\"@id\":\"https:\/\/meetgirl.ch\/#\/schema\/logo\/image\/\",\"url\":\"https:\/\/meetgirl.ch\/wp-content\/uploads\/2024\/05\/cropped-meet-logo.png\",\"contentUrl\":\"https:\/\/meetgirl.ch\/wp-content\/uploads\/2024\/05\/cropped-meet-logo.png\",\"width\":512,\"height\":512,\"caption\":\"Escort et massage \u00e9rotique\"},\"image\":{\"@id\":\"https:\/\/meetgirl.ch\/#\/schema\/logo\/image\/\"}}]}<\/script>\n<!-- \/ Yoast SEO plugin. -->","yoast_head_json":{"title":"Spanische Wichsvorlage in Genf - Meetgirl - Erotikanzeigen - Escorts, Massagen und Salons","description":"Finden Sie Escorts, die spanische Handjobs in Genf praktizieren, auf meetgirl.ch. Verwirklichen Sie Ihre Fantasie mit professionellen Expertinnen","robots":{"index":"index","follow":"follow","max-snippet":"max-snippet:-1","max-image-preview":"max-image-preview:large","max-video-preview":"max-video-preview:-1"},"canonical":"https:\/\/meetgirl.ch\/de\/spanischer-wichser-in-genf\/","og_locale":"de_DE","og_type":"article","og_title":"Branlette Espagnole \u00e0 Gen\u00e8ve - Meetgirl - Annonces \u00e9rotiques - Escorts, massages et salons","og_description":"Trouvez des escortes pratiquant la branlette espagnole \u00e0 Gen\u00e8ve sur meetgirl.ch. R\u00e9alisez votre fantasme avec des professionnelles expertes","og_url":"https:\/\/meetgirl.ch\/de\/spanischer-wichser-in-genf\/","og_site_name":"Meetgirl - Annonces \u00e9rotiques - Escorts, massages et salons","article_modified_time":"2025-06-28T12:22:35+00:00","og_image":[{"url":"https:\/\/meetgirl.ch\/wp-content\/uploads\/2025\/02\/escort-fribourg.jpg","type":"","width":"","height":""}],"twitter_card":"summary_large_image","twitter_misc":{"Gesch\u00e4tzte Lesezeit":"2\u00a0Minuten"},"schema":{"@context":"https:\/\/schema.org","@graph":[{"@type":"WebPage","@id":"https:\/\/meetgirl.ch\/branlette-espagnole-a-geneve\/","url":"https:\/\/meetgirl.ch\/branlette-espagnole-a-geneve\/","name":"Spanische Wichsvorlage in Genf - Meetgirl - Erotikanzeigen - Escorts, Massagen und Salons","isPartOf":{"@id":"https:\/\/meetgirl.ch\/#website"},"primaryImageOfPage":{"@id":"https:\/\/meetgirl.ch\/branlette-espagnole-a-geneve\/#primaryimage"},"image":{"@id":"https:\/\/meetgirl.ch\/branlette-espagnole-a-geneve\/#primaryimage"},"thumbnailUrl":"https:\/\/meetgirl.ch\/wp-content\/uploads\/2025\/02\/escort-fribourg.jpg","datePublished":"2025-06-28T12:18:18+00:00","dateModified":"2025-06-28T12:22:35+00:00","description":"Finden Sie Escorts, die spanische Handjobs in Genf praktizieren, auf meetgirl.ch. Verwirklichen Sie Ihre Fantasie mit professionellen Expertinnen","breadcrumb":{"@id":"https:\/\/meetgirl.ch\/branlette-espagnole-a-geneve\/#breadcrumb"},"inLanguage":"de","potentialAction":[{"@type":"ReadAction","target":["https:\/\/meetgirl.ch\/branlette-espagnole-a-geneve\/"]}]},{"@type":"ImageObject","inLanguage":"de","@id":"https:\/\/meetgirl.ch\/branlette-espagnole-a-geneve\/#primaryimage","url":"https:\/\/meetgirl.ch\/wp-content\/uploads\/2025\/02\/escort-fribourg.jpg","contentUrl":"https:\/\/meetgirl.ch\/wp-content\/uploads\/2025\/02\/escort-fribourg.jpg"},{"@type":"BreadcrumbList","@id":"https:\/\/meetgirl.ch\/branlette-espagnole-a-geneve\/#breadcrumb","itemListElement":[{"@type":"ListItem","position":1,"name":"Accueil","item":"https:\/\/meetgirl.ch\/"},{"@type":"ListItem","position":2,"name":"Branlette Espagnole \u00e0 Gen\u00e8ve"}]},{"@type":"WebSite","@id":"https:\/\/meetgirl.ch\/#website","url":"https:\/\/meetgirl.ch\/","name":"MeetGirl - Erotikanzeigen Schweiz - Escorts, Massagen und Salons","description":"Escorts und erotische Massagen","publisher":{"@id":"https:\/\/meetgirl.ch\/#organization"},"alternateName":"Annuaire \u00e9rotique Suisse Escort \u00e0 Gen\u00e8ve, Lausanne, Valais, Neuch\u00e2tel","potentialAction":[{"@type":"SearchAction","target":{"@type":"EntryPoint","urlTemplate":"https:\/\/meetgirl.ch\/?s={search_term_string}"},"query-input":{"@type":"PropertyValueSpecification","valueRequired":true,"valueName":"search_term_string"}}],"inLanguage":"de"},{"@type":"Organization","@id":"https:\/\/meetgirl.ch\/#organization","name":"Escort und erotische Massage","alternateName":"Meetgirl escortes et masseuses","url":"https:\/\/meetgirl.ch\/","logo":{"@type":"ImageObject","inLanguage":"de","@id":"https:\/\/meetgirl.ch\/#\/schema\/logo\/image\/","url":"https:\/\/meetgirl.ch\/wp-content\/uploads\/2024\/05\/cropped-meet-logo.png","contentUrl":"https:\/\/meetgirl.ch\/wp-content\/uploads\/2024\/05\/cropped-meet-logo.png","width":512,"height":512,"caption":"Escort et massage \u00e9rotique"},"image":{"@id":"https:\/\/meetgirl.ch\/#\/schema\/logo\/image\/"}}]}},"_links":{"self":[{"href":"https:\/\/meetgirl.ch\/de\/wp-json\/wp\/v2\/pages\/10174","targetHints":{"allow":["GET"]}}],"collection":[{"href":"https:\/\/meetgirl.ch\/de\/wp-json\/wp\/v2\/pages"}],"about":[{"href":"https:\/\/meetgirl.ch\/de\/wp-json\/wp\/v2\/types\/page"}],"author":[{"embeddable":true,"href":"https:\/\/meetgirl.ch\/de\/wp-json\/wp\/v2\/users\/3"}],"replies":[{"embeddable":true,"href":"https:\/\/meetgirl.ch\/de\/wp-json\/wp\/v2\/comments?post=10174"}],"version-history":[{"count":0,"href":"https:\/\/meetgirl.ch\/de\/wp-json\/wp\/v2\/pages\/10174\/revisions"}],"wp:attachment":[{"href":"https:\/\/meetgirl.ch\/de\/wp-json\/wp\/v2\/media?parent=10174"}],"curies":[{"name":"wp","href":"https:\/\/api.w.org\/{rel}","templated":true}]}}