{"id":10238,"date":"2025-06-28T13:27:24","date_gmt":"2025-06-28T13:27:24","guid":{"rendered":"https:\/\/meetgirl.ch\/?page_id=10238"},"modified":"2025-06-28T13:29:24","modified_gmt":"2025-06-28T13:29:24","slug":"escort-prostituee-a-lausanne","status":"publish","type":"page","link":"https:\/\/meetgirl.ch\/de\/escort-prostituee-a-lausanne\/","title":{"rendered":"Escort Prostituierte in Lausanne"},"content":{"rendered":"<div data-elementor-type=\"wp-page\" data-elementor-id=\"10238\" class=\"elementor elementor-10238\">\n\t\t\t\t<div class=\"elementor-element elementor-element-40b57c4 e-flex e-con-boxed e-con e-parent\" data-id=\"40b57c4\" data-element_type=\"container\" data-settings=\"{&quot;jet_parallax_layout_list&quot;:[]}\">\n\t\t\t\t\t<div class=\"e-con-inner\">\n\t\t\t\t<div class=\"elementor-element elementor-element-5585874 elementor-widget elementor-widget-case27-listing-feed-widget\" data-id=\"5585874\" data-element_type=\"widget\" data-widget_type=\"case27-listing-feed-widget.default\">\n\t\t\t\t<div class=\"elementor-widget-container\">\n\t\t\t\t\t\t\t<section class=\"i-section listing-feed\">\r\n\t\t<div class=\"container-fluid\">\r\n\t\t\t<div class=\"row section-body grid\">\r\n\t\t\t\t\t\t\t\t\t<div class=\"col-lg-4 col-md-4 col-sm-6 col-xs-12 grid-item\"><div class=\"lf-item-container listing-preview type-independante c27-verified no-logo has-tagline no-info-fields level-promoted priority-2\" data-id=\"listing-id-21250\" data-category-icon=\"\t&lt;i class=&quot;mi bookmark_border&quot; style=&quot;color: #fff; background: #f67675; &quot;&gt;&lt;\/i&gt;\t\" data-category-color=\"#f67675\" data-category-text-color=\"#fff\" data-thumbnail=\"https:\/\/meetgirl.ch\/wp-content\/themes\/my-listing\/assets\/images\/marker.jpg\" data-marker=\"https:\/\/meetgirl.ch\/wp-content\/themes\/my-listing\/assets\/images\/marker.jpg\" data-template=\"default\" data-locations=\"[{&quot;address&quot;:&quot;Route de Berne, Lausanne, canton de Vaud, Suisse&quot;,&quot;lat&quot;:&quot;46.53902&quot;,&quot;lng&quot;:&quot;6.65101&quot;}]\"\n><div class=\"lf-item lf-item-default\" data-template=\"default\"> <a href=\"https:\/\/meetgirl.ch\/es\/acompanantes-2\/marion\/\"> <div class=\"overlay\" style=\" background-color: #242429; opacity: 0;\"><\/div> <div class=\"lf-background\" style=\"background-image: url('https:\/\/meetgirl.ch\/wp-content\/uploads\/listing-uploads\/cover\/2026\/04\/IMG_20260412_175611-1-768x1116.jpg');\"><\/div> <div class=\"lf-item-info\"> <h4 class=\"case27-primary-text listing-preview-title\"> Marion <img decoding=\"async\" height=\"18\" width=\"18\" alt=\"Listado verificado\" class=\"verified-listing\" src=\"https:\/\/meetgirl.ch\/wp-content\/themes\/my-listing\/assets\/images\/tick.svg\" data-no-translation-alt=\"\"> <\/h4> <\/div> <\/a> <div class=\"lf-head level-promoted\"> <span class=\"tooltip-element tooltip-bottom\"> <div class=\"lf-head-btn ad-badge\"> <span><i class=\"icon-flash\"><\/i><\/span> <\/div> <span class=\"tooltip-container\" data-no-translation=\"\" data-trp-gettext=\"\">Promoted<\/span> <\/span> <\/div> <\/div> <div class=\"listing-details-3 c27-footer-section\"> <ul class=\"details-list no-list-style\"> <li class=\"\" > <span>Route de Berne <\/span> <\/li> <li class=\"\" > <span> <div class=\"codicts-online-status\"><span class=\"codicts-dot cdtsols-offline\"><\/span> <span class=\"cdtsols-txt\">-Online-8H<\/span><\/div> <\/span> <\/li> <\/ul> <\/div> <div class=\"listing-details-3 c27-footer-section\"> <ul class=\"details-list no-list-style\"> <li class=\"\" > <span>Jouer et s&#039;envoler <\/span> <\/li> <\/ul> <\/div> <\/div><\/div>\t\t\t\t\t\t\t\t\t<div class=\"col-lg-4 col-md-4 col-sm-6 col-xs-12 grid-item\"><div class=\"lf-item-container listing-preview type-independante c27-verified no-logo has-tagline no-info-fields level-promoted priority-2\" data-id=\"listing-id-16574\" data-category-icon=\"\t&lt;i class=&quot;mi bookmark_border&quot; style=&quot;color: #fff; background: #f67675; &quot;&gt;&lt;\/i&gt;\t\" data-category-color=\"#f67675\" data-category-text-color=\"#fff\" data-thumbnail=\"https:\/\/meetgirl.ch\/wp-content\/themes\/my-listing\/assets\/images\/marker.jpg\" data-marker=\"https:\/\/meetgirl.ch\/wp-content\/themes\/my-listing\/assets\/images\/marker.jpg\" data-template=\"default\" data-locations=\"[{&quot;address&quot;:&quot;Lausanne, canton de Vaud, Suisse&quot;,&quot;lat&quot;:&quot;46.52071&quot;,&quot;lng&quot;:&quot;6.63253&quot;}]\"\n><div class=\"lf-item lf-item-default\" data-template=\"default\"> <a href=\"https:\/\/meetgirl.ch\/en\/escorts-2\/sabrina-brune-chaude-italienne\/\"> <div class=\"overlay\" style=\" background-color: #242429; opacity: 0;\"><\/div> <div class=\"lf-background\" style=\"background-image: url('https:\/\/meetgirl.ch\/wp-content\/uploads\/2025\/11\/WhatsApp-Image-2025-11-12-at-09.05.40.jpeg');\"><\/div> <div class=\"lf-item-info\"> <h4 class=\"case27-primary-text listing-preview-title\"> Sabrina br\u00fcnette hei\u00dfe Italienerin <img decoding=\"async\" height=\"18\" width=\"18\" alt=\"Verified listing\" class=\"verified-listing\" src=\"https:\/\/meetgirl.ch\/wp-content\/themes\/my-listing\/assets\/images\/tick.svg\" data-no-translation-alt=\"\"> <\/h4> <\/div> <\/a> <div class=\"lf-head level-promoted\"> <span class=\"tooltip-element tooltip-bottom\"> <div class=\"lf-head-btn ad-badge\"> <span><i class=\"icon-flash\"><\/i><\/span> <\/div> <span class=\"tooltip-container\" data-no-translation=\"\" data-trp-gettext=\"\">Promoted<\/span> <\/span> <\/div> <\/div> <div class=\"listing-details-3 c27-footer-section\"> <ul class=\"details-list no-list-style\"> <li class=\"\" > <span>Lausanne <\/span> <\/li> <li class=\"\" > <span> <div class=\"codicts-online-status\"><span class=\"codicts-dot cdtsols-online\"><\/span> <span class=\"cdtsols-txt\">Online<\/span><\/div> <\/span> <\/li> <\/ul> <\/div> <div class=\"listing-details-3 c27-footer-section\"> <ul class=\"details-list no-list-style\"> <li class=\"\" > <span>harte und weiche Herrschaft <\/span> <\/li> <\/ul> <\/div> <\/div><\/div>\t\t\t\t\t\t\t\t\t<div class=\"col-lg-4 col-md-4 col-sm-6 col-xs-12 grid-item\"><div class=\"lf-item-container listing-preview type-independante c27-verified no-logo has-tagline no-info-fields level-promoted priority-2\" data-id=\"listing-id-16551\" data-category-icon=\"\t&lt;i class=&quot;mi bookmark_border&quot; style=&quot;color: #fff; background: #f67675; &quot;&gt;&lt;\/i&gt;\t\" data-category-color=\"#f67675\" data-category-text-color=\"#fff\" data-thumbnail=\"https:\/\/meetgirl.ch\/wp-content\/themes\/my-listing\/assets\/images\/marker.jpg\" data-marker=\"https:\/\/meetgirl.ch\/wp-content\/themes\/my-listing\/assets\/images\/marker.jpg\" data-template=\"default\" data-locations=\"[{&quot;address&quot;:&quot;Rue De L&#039;industrie 7, 1005 Lausanne, Suisse&quot;,&quot;lat&quot;:&quot;46.52591&quot;,&quot;lng&quot;:&quot;6.63848&quot;}]\"\n><div class=\"lf-item lf-item-default\" data-template=\"default\"> <a href=\"https:\/\/meetgirl.ch\/en\/escorts-2\/diana-5\/\"> <div class=\"overlay\" style=\" background-color: #242429; opacity: 0;\"><\/div> <div class=\"lf-background\" style=\"background-image: url('https:\/\/meetgirl.ch\/wp-content\/uploads\/listing-uploads\/cover\/2025\/11\/Snapchat-19137046793.jpg');\"><\/div> <div class=\"lf-item-info\"> <h4 class=\"case27-primary-text listing-preview-title\"> Diana <img decoding=\"async\" height=\"18\" width=\"18\" alt=\"Verified listing\" class=\"verified-listing\" src=\"https:\/\/meetgirl.ch\/wp-content\/themes\/my-listing\/assets\/images\/tick.svg\" data-no-translation-alt=\"\"> <\/h4> <\/div> <\/a> <div class=\"lf-head level-promoted\"> <span class=\"tooltip-element tooltip-bottom\"> <div class=\"lf-head-btn ad-badge\"> <span><i class=\"icon-flash\"><\/i><\/span> <\/div> <span class=\"tooltip-container\" data-no-translation=\"\" data-trp-gettext=\"\">Promoted<\/span> <\/span> <\/div> <\/div> <div class=\"listing-details-3 c27-footer-section\"> <ul class=\"details-list no-list-style\"> <li class=\"\" > <span>Rue De L&#039;industrie 7 <\/span> <\/li> <li class=\"\" > <span> <div class=\"codicts-online-status\"><span class=\"codicts-dot cdtsols-offline\"><\/span> <span class=\"cdtsols-txt\">-Online-8H<\/span><\/div> <\/span> <\/li> <\/ul> <\/div> <div class=\"listing-details-3 c27-footer-section\"> <ul class=\"details-list no-list-style\"> <li class=\"\" > <span>warm und feucht <\/span> <\/li> <\/ul> <\/div> <\/div><\/div>\t\t\t\t\t\t\t<\/div>\r\n\t\t<\/div>\r\n\t<\/section>\r\n\r\n\t\t\t\t<\/div>\n\t\t\t\t<\/div>\n\t\t\t\t\t<\/div>\n\t\t\t\t<\/div>\n\t\t<div class=\"elementor-element elementor-element-609871b e-flex e-con-boxed e-con e-parent\" data-id=\"609871b\" data-element_type=\"container\" data-settings=\"{&quot;jet_parallax_layout_list&quot;:[]}\">\n\t\t\t\t\t<div class=\"e-con-inner\">\n\t\t\t\t<div class=\"elementor-element elementor-element-2444002 elementor-widget elementor-widget-text-editor\" data-id=\"2444002\" data-element_type=\"widget\" data-widget_type=\"text-editor.default\">\n\t\t\t\t<div class=\"elementor-widget-container\">\n\t\t\t\t\t\t\t\t\t<h1 data-start=\"184\" data-end=\"283\"><span style=\"color: #ffffff;\">Escort Prostituierte in Lausanne: Wie man eine Prostituierte f\u00fcr eine einzigartige erotische Erfahrung findet<\/span><\/h1><h2 data-start=\"285\" data-end=\"339\"><span style=\"color: #ffffff;\">Warum sollten Sie sich f\u00fcr eine Escort Prostituierte in Lausanne entscheiden?<\/span><\/h2><p data-start=\"341\" data-end=\"738\"><span style=\"color: #ffffff;\">In der dynamischen Stadt Lausanne entscheiden sich viele Menschen f\u00fcr Prostituierte Escorts, um ihre intimen oder emotionalen Bed\u00fcrfnisse zu befriedigen oder um einfach eine ungezwungene Erfahrung zu machen. Die Inanspruchnahme einer Escort-Prostituierten erm\u00f6glicht es, die eigenen W\u00fcnsche ohne die Komplikationen einer klassischen Beziehung zu erkunden und bietet so einen Freiraum, in dem die Erwartungen klar sind und respektiert werden.<\/span><\/p><p data-start=\"740\" data-end=\"1042\"><span style=\"color: #ffffff;\">Die Escorts in Lausanne bieten oftmals personalisierte Dienstleistungen an, die von einfacher Begleitung bis hin zu leidenschaftlicheren Treffen reichen, die auf die W\u00fcnsche jedes Einzelnen zugeschnitten sind. Sie erm\u00f6glichen es den Kunden, ma\u00dfgeschneiderte Momente zu erleben, in v\u00f6lliger Diskretion und Sicherheit, in einem streng eingehaltenen rechtlichen Rahmen.<\/span><\/p><h2 data-start=\"1044\" data-end=\"1119\"><span style=\"color: #ffffff;\">Wie organisiert man ein Treffen mit einer Escort Prostituierten in Lausanne?<\/span><\/h2><h3 data-start=\"1121\" data-end=\"1159\"><span style=\"color: #ffffff;\">Die Wahl der richtigen Escort Prostituierten<\/span><\/h3><p data-start=\"1161\" data-end=\"1404\"><span style=\"color: #ffffff;\">Der erste Schritt besteht darin, die Escortdame auszuw\u00e4hlen, die Ihren Erwartungen entspricht: Stil, angebotene Dienstleistungen, Preise und Verf\u00fcgbarkeit. Wenn Sie sich die Zeit nehmen, die Profile, Fotos und Meinungen durchzusehen, k\u00f6nnen Sie eine fundierte und zufriedenstellende Wahl treffen.<\/span><\/p><h3 data-start=\"1406\" data-end=\"1438\"><span style=\"color: #ffffff;\">Kommunikation und Reservierung<\/span><\/h3><p data-start=\"1440\" data-end=\"1730\"><span style=\"color: #ffffff;\">Ein respektvoller und klarer Austausch mit der Begleitperson ist unerl\u00e4sslich, um die gew\u00fcnschten Dienstleistungen und die Modalit\u00e4ten festzulegen und sicherzustellen, dass alles Ihren W\u00fcnschen entspricht. Diskretion sollte immer an erster Stelle stehen, mit sicheren Kommunikationskan\u00e4len (privates Telefon, verschl\u00fcsselte Nachrichten).<\/span><\/p><h3 data-start=\"1732\" data-end=\"1771\"><span style=\"color: #ffffff;\">Tipps f\u00fcr ein erfolgreiches Date<\/span><\/h3><p data-start=\"1773\" data-end=\"1995\"><span style=\"color: #ffffff;\">Bevorzugen Sie einen neutralen Ort oder Ihre Wohnung, um Komfort und Sicherheit zu gew\u00e4hrleisten. Halten Sie sich an die Regeln der Hygiene und des gegenseitigen Einverst\u00e4ndnisses. Diese Vorsichtsma\u00dfnahmen f\u00f6rdern eine angenehme und ruhige Erfahrung f\u00fcr beide Seiten.<\/span><\/p><h2 data-start=\"1997\" data-end=\"2052\"><span style=\"color: #ffffff;\">Von Prostituierten in Lausanne angebotene Dienstleistungen<\/span><\/h2><p data-start=\"2054\" data-end=\"2158\"><span style=\"color: #ffffff;\">Die Escorts in Lausanne bieten eine breite Palette von Dienstleistungen an, die auf die Vorlieben ihrer Kunden zugeschnitten sind:<\/span><\/p><ul data-start=\"2160\" data-end=\"2476\"><li data-start=\"2160\" data-end=\"2243\"><p data-start=\"2162\" data-end=\"2243\"><span style=\"color: #ffffff;\"><strong data-start=\"2162\" data-end=\"2175\">Oralsex<\/strong> : ein Dienst, der wegen seiner Intimit\u00e4t und Komplizenschaft oft bevorzugt wird.<\/span><\/p><\/li><li data-start=\"2244\" data-end=\"2358\"><p data-start=\"2246\" data-end=\"2358\"><span style=\"color: #ffffff;\"><strong data-start=\"2246\" data-end=\"2266\">Erotische Massage<\/strong> : kombiniert Entspannung und sinnliche Stimulation, perfekt zum Abschalten und um die Sinne zu wecken.<\/span><\/p><\/li><li data-start=\"2359\" data-end=\"2476\"><p data-start=\"2361\" data-end=\"2476\"><span style=\"color: #ffffff;\"><strong data-start=\"2361\" data-end=\"2386\">Spezifische Praktiken<\/strong> : wie Analsex oder andere Fantasien, die vor dem Treffen besprochen und vereinbart werden sollten.<\/span><\/p><\/li><\/ul><p data-start=\"2478\" data-end=\"2602\"><span style=\"color: #ffffff;\">Es empfiehlt sich, die verf\u00fcgbaren Dienste vorab \u00fcber die Profilbeschreibungen oder beim ersten Kontakt zu \u00fcberpr\u00fcfen.<\/span><\/p><h2 data-start=\"2604\" data-end=\"2659\"><span style=\"color: #ffffff;\">Die verschiedenen Arten von Escort Prostituierten in Lausanne<\/span><\/h2><p data-start=\"2661\" data-end=\"2785\"><span style=\"color: #ffffff;\">Lausanne beherbergt eine gro\u00dfe Vielfalt an Escort Prostituierten und bietet einen kulturellen Reichtum und eine Vielfalt an Erfahrungen:<\/span><\/p><h3 data-start=\"2787\" data-end=\"2807\"><span style=\"color: #ffffff;\">Schweizer Escorts<\/span><\/h3><p data-start=\"2809\" data-end=\"2942\"><span style=\"color: #ffffff;\">Sie sind f\u00fcr ihre Diskretion und Professionalit\u00e4t bekannt und bieten eine authentische Erfahrung unter Einhaltung der lokalen Normen.<\/span><\/p><h3 data-start=\"2944\" data-end=\"2972\"><span style=\"color: #ffffff;\">Internationale Eskorten<\/span><\/h3><p data-start=\"2974\" data-end=\"3116\"><span style=\"color: #ffffff;\">Franz\u00f6sische, lateinische, slawische und andere Herk\u00fcnfte sind vertreten und bringen Charme, Vielfalt und unterschiedliche Stile mit sich, um allen W\u00fcnschen gerecht zu werden.<\/span><\/p>\t\t\t\t\t\t\t\t<\/div>\n\t\t\t\t<\/div>\n\t\t\t\t\t<\/div>\n\t\t\t\t<\/div>\n\t\t\t\t<\/div>","protected":false},"excerpt":{"rendered":"<p>Escort Prostitu\u00e9e \u00e0 Lausanne : Comment Trouver une Prostitu\u00e9e pour une Exp\u00e9rience \u00c9rotique Unique Pourquoi Choisir une Escort Prostitu\u00e9e \u00e0 Lausanne ? Dans la dynamique ville de Lausanne, de nombreuses personnes choisissent les escortes prostitu\u00e9es pour r\u00e9pondre \u00e0 des besoins intimes, \u00e9motionnels ou simplement pour vivre une exp\u00e9rience sans contraintes. Faire appel \u00e0 une escort [&hellip;]<\/p>","protected":false},"author":3,"featured_media":0,"parent":0,"menu_order":0,"comment_status":"closed","ping_status":"closed","template":"","meta":{"footnotes":""},"class_list":["post-10238","page","type-page","status-publish","hentry"],"acf":[],"yoast_head":"<!-- This site is optimized with the Yoast SEO plugin v26.0 - https:\/\/yoast.com\/wordpress\/plugins\/seo\/ -->\n<title>Escort prostitu\u00e9e \u00e0 Lausanne - Meetgirl - Annonces \u00e9rotiques - Escorts, massages et salons<\/title>\n<meta name=\"description\" content=\"Trouvez une escort prostitu\u00e9e \u00e0 Lausanne pour une exp\u00e9rience \u00e9rotique sur mesure, en toute s\u00e9curit\u00e9 et discr\u00e9tion.\" \/>\n<meta name=\"robots\" content=\"index, follow, max-snippet:-1, max-image-preview:large, max-video-preview:-1\" \/>\n<link rel=\"canonical\" href=\"https:\/\/meetgirl.ch\/de\/escort-prostituee-a-lausanne\/\" \/>\n<meta property=\"og:locale\" content=\"de_DE\" \/>\n<meta property=\"og:type\" content=\"article\" \/>\n<meta property=\"og:title\" content=\"Escort prostitu\u00e9e \u00e0 Lausanne - Meetgirl - Annonces \u00e9rotiques - Escorts, massages et salons\" \/>\n<meta property=\"og:description\" content=\"Trouvez une escort prostitu\u00e9e \u00e0 Lausanne pour une exp\u00e9rience \u00e9rotique sur mesure, en toute s\u00e9curit\u00e9 et discr\u00e9tion.\" \/>\n<meta property=\"og:url\" content=\"https:\/\/meetgirl.ch\/de\/escort-prostituee-a-lausanne\/\" \/>\n<meta property=\"og:site_name\" content=\"Meetgirl - Annonces \u00e9rotiques - Escorts, massages et salons\" \/>\n<meta property=\"article:modified_time\" content=\"2025-06-28T13:29:24+00:00\" \/>\n<meta property=\"og:image\" content=\"https:\/\/meetgirl.ch\/wp-content\/uploads\/2025\/03\/meetgirl-yoast.jpg\" \/>\n\t<meta property=\"og:image:width\" content=\"1200\" \/>\n\t<meta property=\"og:image:height\" content=\"675\" \/>\n\t<meta property=\"og:image:type\" content=\"image\/jpeg\" \/>\n<meta name=\"twitter:card\" content=\"summary_large_image\" \/>\n<meta name=\"twitter:label1\" content=\"Gesch\u00e4tzte Lesezeit\" \/>\n\t<meta name=\"twitter:data1\" content=\"3\u00a0Minuten\" \/>\n<script type=\"application\/ld+json\" class=\"yoast-schema-graph\">{\"@context\":\"https:\/\/schema.org\",\"@graph\":[{\"@type\":\"WebPage\",\"@id\":\"https:\/\/meetgirl.ch\/escort-prostituee-a-lausanne\/\",\"url\":\"https:\/\/meetgirl.ch\/escort-prostituee-a-lausanne\/\",\"name\":\"Escort prostitu\u00e9e \u00e0 Lausanne - Meetgirl - Annonces \u00e9rotiques - Escorts, massages et salons\",\"isPartOf\":{\"@id\":\"https:\/\/meetgirl.ch\/#website\"},\"datePublished\":\"2025-06-28T13:27:24+00:00\",\"dateModified\":\"2025-06-28T13:29:24+00:00\",\"description\":\"Trouvez une escort prostitu\u00e9e \u00e0 Lausanne pour une exp\u00e9rience \u00e9rotique sur mesure, en toute s\u00e9curit\u00e9 et discr\u00e9tion.\",\"breadcrumb\":{\"@id\":\"https:\/\/meetgirl.ch\/escort-prostituee-a-lausanne\/#breadcrumb\"},\"inLanguage\":\"de\",\"potentialAction\":[{\"@type\":\"ReadAction\",\"target\":[\"https:\/\/meetgirl.ch\/escort-prostituee-a-lausanne\/\"]}]},{\"@type\":\"BreadcrumbList\",\"@id\":\"https:\/\/meetgirl.ch\/escort-prostituee-a-lausanne\/#breadcrumb\",\"itemListElement\":[{\"@type\":\"ListItem\",\"position\":1,\"name\":\"Accueil\",\"item\":\"https:\/\/meetgirl.ch\/\"},{\"@type\":\"ListItem\",\"position\":2,\"name\":\"Escort prostitu\u00e9e \u00e0 Lausanne\"}]},{\"@type\":\"WebSite\",\"@id\":\"https:\/\/meetgirl.ch\/#website\",\"url\":\"https:\/\/meetgirl.ch\/\",\"name\":\"MeetGirl - Annonces \u00e9rotiques Suisse - Escorts, massages et salons\",\"description\":\"Escorts et massages \u00e9rotiques\",\"publisher\":{\"@id\":\"https:\/\/meetgirl.ch\/#organization\"},\"alternateName\":\"Annuaire \u00e9rotique Suisse Escort \u00e0 Gen\u00e8ve, Lausanne, Valais, Neuch\u00e2tel\",\"potentialAction\":[{\"@type\":\"SearchAction\",\"target\":{\"@type\":\"EntryPoint\",\"urlTemplate\":\"https:\/\/meetgirl.ch\/?s={search_term_string}\"},\"query-input\":{\"@type\":\"PropertyValueSpecification\",\"valueRequired\":true,\"valueName\":\"search_term_string\"}}],\"inLanguage\":\"de\"},{\"@type\":\"Organization\",\"@id\":\"https:\/\/meetgirl.ch\/#organization\",\"name\":\"Escort et massage \u00e9rotique\",\"alternateName\":\"Meetgirl escortes et masseuses\",\"url\":\"https:\/\/meetgirl.ch\/\",\"logo\":{\"@type\":\"ImageObject\",\"inLanguage\":\"de\",\"@id\":\"https:\/\/meetgirl.ch\/#\/schema\/logo\/image\/\",\"url\":\"https:\/\/meetgirl.ch\/wp-content\/uploads\/2024\/05\/cropped-meet-logo.png\",\"contentUrl\":\"https:\/\/meetgirl.ch\/wp-content\/uploads\/2024\/05\/cropped-meet-logo.png\",\"width\":512,\"height\":512,\"caption\":\"Escort et massage \u00e9rotique\"},\"image\":{\"@id\":\"https:\/\/meetgirl.ch\/#\/schema\/logo\/image\/\"}}]}<\/script>\n<!-- \/ Yoast SEO plugin. -->","yoast_head_json":{"title":"Escort Prostituierte in Lausanne - Meetgirl - Erotische Anzeigen - Escorts, Massagen und Salons","description":"Finden Sie eine Escort Prostituierte in Lausanne f\u00fcr ein ma\u00dfgeschneidertes erotisches Erlebnis, sicher und diskret.","robots":{"index":"index","follow":"follow","max-snippet":"max-snippet:-1","max-image-preview":"max-image-preview:large","max-video-preview":"max-video-preview:-1"},"canonical":"https:\/\/meetgirl.ch\/de\/escort-prostituee-a-lausanne\/","og_locale":"de_DE","og_type":"article","og_title":"Escort prostitu\u00e9e \u00e0 Lausanne - Meetgirl - Annonces \u00e9rotiques - Escorts, massages et salons","og_description":"Trouvez une escort prostitu\u00e9e \u00e0 Lausanne pour une exp\u00e9rience \u00e9rotique sur mesure, en toute s\u00e9curit\u00e9 et discr\u00e9tion.","og_url":"https:\/\/meetgirl.ch\/de\/escort-prostituee-a-lausanne\/","og_site_name":"Meetgirl - Annonces \u00e9rotiques - Escorts, massages et salons","article_modified_time":"2025-06-28T13:29:24+00:00","og_image":[{"width":1200,"height":675,"url":"https:\/\/meetgirl.ch\/wp-content\/uploads\/2025\/03\/meetgirl-yoast.jpg","type":"image\/jpeg"}],"twitter_card":"summary_large_image","twitter_misc":{"Gesch\u00e4tzte Lesezeit":"3\u00a0Minuten"},"schema":{"@context":"https:\/\/schema.org","@graph":[{"@type":"WebPage","@id":"https:\/\/meetgirl.ch\/escort-prostituee-a-lausanne\/","url":"https:\/\/meetgirl.ch\/escort-prostituee-a-lausanne\/","name":"Escort Prostituierte in Lausanne - Meetgirl - Erotische Anzeigen - Escorts, Massagen und Salons","isPartOf":{"@id":"https:\/\/meetgirl.ch\/#website"},"datePublished":"2025-06-28T13:27:24+00:00","dateModified":"2025-06-28T13:29:24+00:00","description":"Finden Sie eine Escort Prostituierte in Lausanne f\u00fcr ein ma\u00dfgeschneidertes erotisches Erlebnis, sicher und diskret.","breadcrumb":{"@id":"https:\/\/meetgirl.ch\/escort-prostituee-a-lausanne\/#breadcrumb"},"inLanguage":"de","potentialAction":[{"@type":"ReadAction","target":["https:\/\/meetgirl.ch\/escort-prostituee-a-lausanne\/"]}]},{"@type":"BreadcrumbList","@id":"https:\/\/meetgirl.ch\/escort-prostituee-a-lausanne\/#breadcrumb","itemListElement":[{"@type":"ListItem","position":1,"name":"Accueil","item":"https:\/\/meetgirl.ch\/"},{"@type":"ListItem","position":2,"name":"Escort prostitu\u00e9e \u00e0 Lausanne"}]},{"@type":"WebSite","@id":"https:\/\/meetgirl.ch\/#website","url":"https:\/\/meetgirl.ch\/","name":"MeetGirl - Erotikanzeigen Schweiz - Escorts, Massagen und Salons","description":"Escorts und erotische Massagen","publisher":{"@id":"https:\/\/meetgirl.ch\/#organization"},"alternateName":"Annuaire \u00e9rotique Suisse Escort \u00e0 Gen\u00e8ve, Lausanne, Valais, Neuch\u00e2tel","potentialAction":[{"@type":"SearchAction","target":{"@type":"EntryPoint","urlTemplate":"https:\/\/meetgirl.ch\/?s={search_term_string}"},"query-input":{"@type":"PropertyValueSpecification","valueRequired":true,"valueName":"search_term_string"}}],"inLanguage":"de"},{"@type":"Organization","@id":"https:\/\/meetgirl.ch\/#organization","name":"Escort und erotische Massage","alternateName":"Meetgirl escortes et masseuses","url":"https:\/\/meetgirl.ch\/","logo":{"@type":"ImageObject","inLanguage":"de","@id":"https:\/\/meetgirl.ch\/#\/schema\/logo\/image\/","url":"https:\/\/meetgirl.ch\/wp-content\/uploads\/2024\/05\/cropped-meet-logo.png","contentUrl":"https:\/\/meetgirl.ch\/wp-content\/uploads\/2024\/05\/cropped-meet-logo.png","width":512,"height":512,"caption":"Escort et massage \u00e9rotique"},"image":{"@id":"https:\/\/meetgirl.ch\/#\/schema\/logo\/image\/"}}]}},"_links":{"self":[{"href":"https:\/\/meetgirl.ch\/de\/wp-json\/wp\/v2\/pages\/10238","targetHints":{"allow":["GET"]}}],"collection":[{"href":"https:\/\/meetgirl.ch\/de\/wp-json\/wp\/v2\/pages"}],"about":[{"href":"https:\/\/meetgirl.ch\/de\/wp-json\/wp\/v2\/types\/page"}],"author":[{"embeddable":true,"href":"https:\/\/meetgirl.ch\/de\/wp-json\/wp\/v2\/users\/3"}],"replies":[{"embeddable":true,"href":"https:\/\/meetgirl.ch\/de\/wp-json\/wp\/v2\/comments?post=10238"}],"version-history":[{"count":0,"href":"https:\/\/meetgirl.ch\/de\/wp-json\/wp\/v2\/pages\/10238\/revisions"}],"wp:attachment":[{"href":"https:\/\/meetgirl.ch\/de\/wp-json\/wp\/v2\/media?parent=10238"}],"curies":[{"name":"wp","href":"https:\/\/api.w.org\/{rel}","templated":true}]}}