{"id":10438,"date":"2025-07-05T14:24:11","date_gmt":"2025-07-05T14:24:11","guid":{"rendered":"https:\/\/meetgirl.ch\/?page_id=10438"},"modified":"2026-01-15T07:37:38","modified_gmt":"2026-01-15T07:37:38","slug":"eine-escort-in-renens-bei-lausanne-finden","status":"publish","type":"page","link":"https:\/\/meetgirl.ch\/de\/eine-escort-in-renens-bei-lausanne-finden\/","title":{"rendered":"Finden Sie eine Escortdame in Renens bei Lausanne"},"content":{"rendered":"<div data-elementor-type=\"wp-page\" data-elementor-id=\"10438\" class=\"elementor elementor-10438\">\n\t\t\t\t<div class=\"elementor-element elementor-element-3b20d67 e-flex e-con-boxed e-con e-parent\" data-id=\"3b20d67\" data-element_type=\"container\" data-settings=\"{&quot;jet_parallax_layout_list&quot;:[]}\">\n\t\t\t\t\t<div class=\"e-con-inner\">\n\t\t\t\t<div class=\"elementor-element elementor-element-eeacfad elementor-widget elementor-widget-case27-listing-feed-widget\" data-id=\"eeacfad\" data-element_type=\"widget\" data-widget_type=\"case27-listing-feed-widget.default\">\n\t\t\t\t<div class=\"elementor-widget-container\">\n\t\t\t\t\t\t\t<section class=\"i-section listing-feed\">\r\n\t\t<div class=\"container-fluid\">\r\n\t\t\t<div class=\"row section-body grid\">\r\n\t\t\t\t\t\t\t\t\t<div class=\"col-lg-3 col-md-4 col-sm-6 col-xs-12 grid-item\"><div class=\"lf-item-container listing-preview type-independante no-logo has-tagline no-info-fields level-promoted priority-2\" data-id=\"listing-id-9489\" data-category-icon=\"\t&lt;i class=&quot;mi bookmark_border&quot; style=&quot;color: #fff; background: #f67675; &quot;&gt;&lt;\/i&gt;\t\" data-category-color=\"#f67675\" data-category-text-color=\"#fff\" data-thumbnail=\"https:\/\/meetgirl.ch\/wp-content\/themes\/my-listing\/assets\/images\/marker.jpg\" data-marker=\"https:\/\/meetgirl.ch\/wp-content\/themes\/my-listing\/assets\/images\/marker.jpg\" data-template=\"default\" data-locations=\"[{&quot;address&quot;:&quot;Renens, canton de Vaud, Suisse&quot;,&quot;lat&quot;:&quot;46.53795&quot;,&quot;lng&quot;:&quot;6.58174&quot;}]\"\n><div class=\"lf-item lf-item-default\" data-template=\"default\"> <a href=\"https:\/\/meetgirl.ch\/de\/escorts\/gabriela-bresilianische-heis\/\"> <div class=\"overlay\" style=\" background-color: #242429; opacity: 0;\"><\/div> <div class=\"lf-background\" style=\"background-image: url('https:\/\/meetgirl.ch\/wp-content\/uploads\/2025\/06\/Bresilienne-torride4-768x1001.webp');\"><\/div> <div class=\"lf-item-info\"> <h4 class=\"case27-primary-text listing-preview-title\"> Gabriela, hei\u00dfe Brasilianerin <\/h4> <\/div> <\/a> <div class=\"lf-head level-promoted\"> <span class=\"tooltip-element tooltip-bottom\"> <div class=\"lf-head-btn ad-badge\"> <span><i class=\"icon-flash\"><\/i><\/span> <\/div> <span class=\"tooltip-container\">Promoted<\/span> <\/span> <\/div> <\/div> <div class=\"listing-details-3 c27-footer-section\"> <ul class=\"details-list no-list-style\"> <li class=\"\" > <span>Renens <\/span> <\/li> <li class=\"\" > <span> <div class=\"codicts-online-status\"><span class=\"codicts-dot cdtsols-online\"><\/span> <span class=\"cdtsols-txt\">Online<\/span><\/div> <\/span> <\/li> <\/ul> <\/div> <div class=\"listing-details-3 c27-footer-section\"> <ul class=\"details-list no-list-style\"> <li class=\"\" > <span>mein brennender K\u00f6rper <\/span> <\/li> <\/ul> <\/div> <\/div><\/div>\t\t\t\t\t\t\t\t\t<div class=\"col-lg-3 col-md-4 col-sm-6 col-xs-12 grid-item\"><div class=\"lf-item-container listing-preview type-independante no-logo has-tagline no-info-fields level-promoted priority-2\" data-id=\"listing-id-5934\" data-category-icon=\"\t&lt;i class=&quot;mi bookmark_border&quot; style=&quot;color: #fff; background: #f67675; &quot;&gt;&lt;\/i&gt;\t\" data-category-color=\"#f67675\" data-category-text-color=\"#fff\" data-thumbnail=\"https:\/\/meetgirl.ch\/wp-content\/themes\/my-listing\/assets\/images\/marker.jpg\" data-marker=\"https:\/\/meetgirl.ch\/wp-content\/themes\/my-listing\/assets\/images\/marker.jpg\" data-template=\"default\" data-locations=\"[{&quot;address&quot;:&quot;Renens, canton de Vaud, Suisse&quot;,&quot;lat&quot;:&quot;46.53795&quot;,&quot;lng&quot;:&quot;6.58174&quot;}]\"\n><div class=\"lf-item lf-item-default\" data-template=\"default\"> <a href=\"https:\/\/meetgirl.ch\/de\/escorts\/marie-masseuse\/\"> <div class=\"overlay\" style=\" background-color: #242429; opacity: 0;\"><\/div> <div class=\"lf-background\" style=\"background-image: url('https:\/\/meetgirl.ch\/wp-content\/uploads\/2025\/05\/marie-escort.jpg');\"><\/div> <div class=\"lf-item-info\"> <h4 class=\"case27-primary-text listing-preview-title\"> Marie Masseuse <\/h4> <\/div> <\/a> <div class=\"lf-head level-promoted\"> <span class=\"tooltip-element tooltip-bottom\"> <div class=\"lf-head-btn ad-badge\"> <span><i class=\"icon-flash\"><\/i><\/span> <\/div> <span class=\"tooltip-container\">Promoted<\/span> <\/span> <\/div> <\/div> <div class=\"listing-details-3 c27-footer-section\"> <ul class=\"details-list no-list-style\"> <li class=\"\" > <span>Renens <\/span> <\/li> <li class=\"\" > <span> <div class=\"codicts-online-status\"><span class=\"codicts-dot cdtsols-online\"><\/span> <span class=\"cdtsols-txt\">Online<\/span><\/div> <\/span> <\/li> <\/ul> <\/div> <div class=\"listing-details-3 c27-footer-section\"> <ul class=\"details-list no-list-style\"> <li class=\"\" > <span>Marie Chaude <\/span> <\/li> <\/ul> <\/div> <\/div><\/div>\t\t\t\t\t\t\t\t\t<div class=\"col-lg-3 col-md-4 col-sm-6 col-xs-12 grid-item\"><div class=\"lf-item-container listing-preview type-independante c27-verified no-logo has-tagline no-info-fields level-promoted priority-2\" data-id=\"listing-id-3256\" data-category-icon=\"\t&lt;i class=&quot;mi bookmark_border&quot; style=&quot;color: #fff; background: #f67675; &quot;&gt;&lt;\/i&gt;\t\" data-category-color=\"#f67675\" data-category-text-color=\"#fff\" data-thumbnail=\"https:\/\/meetgirl.ch\/wp-content\/themes\/my-listing\/assets\/images\/marker.jpg\" data-marker=\"https:\/\/meetgirl.ch\/wp-content\/themes\/my-listing\/assets\/images\/marker.jpg\" data-template=\"default\" data-locations=\"[{&quot;address&quot;:&quot;Renens, canton de Vaud, Suisse&quot;,&quot;lat&quot;:&quot;46.53505&quot;,&quot;lng&quot;:&quot;6.59268&quot;}]\"\n><div class=\"lf-item lf-item-default\" data-template=\"default\"> <a href=\"https:\/\/meetgirl.ch\/de\/escorts\/jessica\/\"> <div class=\"overlay\" style=\" background-color: #242429; opacity: 0;\"><\/div> <div class=\"lf-background\" style=\"background-image: url('https:\/\/meetgirl.ch\/wp-content\/uploads\/listing-uploads\/cover\/2024\/08\/b11fe28c-2127-487d-831e-212c76bcada9_profile_s.jpg');\"><\/div> <div class=\"lf-item-info\"> <h4 class=\"case27-primary-text listing-preview-title\"> Jessica <img decoding=\"async\" height=\"18\" width=\"18\" alt=\"Best\u00e4tigte Auflistung\" class=\"verified-listing\" src=\"https:\/\/meetgirl.ch\/wp-content\/themes\/my-listing\/assets\/images\/tick.svg\"> <\/h4> <\/div> <\/a> <div class=\"lf-head level-promoted\"> <span class=\"tooltip-element tooltip-bottom\"> <div class=\"lf-head-btn ad-badge\"> <span><i class=\"icon-flash\"><\/i><\/span> <\/div> <span class=\"tooltip-container\">Promoted<\/span> <\/span> <\/div> <\/div> <div class=\"listing-details-3 c27-footer-section\"> <ul class=\"details-list no-list-style\"> <li class=\"\" > <span>Renens <\/span> <\/li> <li class=\"\" > <span> <div class=\"codicts-online-status\"><span class=\"codicts-dot cdtsols-online\"><\/span> <span class=\"cdtsols-txt\">Online<\/span><\/div> <\/span> <\/li> <\/ul> <\/div> <div class=\"listing-details-3 c27-footer-section\"> <ul class=\"details-list no-list-style\"> <li class=\"\" > <span>Tiefe Kehle Dirty talk <\/span> <\/li> <\/ul> <\/div> <\/div><\/div>\t\t\t\t\t\t\t\t\t<div class=\"col-lg-3 col-md-4 col-sm-6 col-xs-12 grid-item\"><div class=\"lf-item-container listing-preview type-independante no-logo has-tagline no-info-fields level-featured priority-1\" data-id=\"listing-id-10348\" data-category-icon=\"\t&lt;i class=&quot;mi bookmark_border&quot; style=&quot;color: #fff; background: #f67675; &quot;&gt;&lt;\/i&gt;\t\" data-category-color=\"#f67675\" data-category-text-color=\"#fff\" data-thumbnail=\"https:\/\/meetgirl.ch\/wp-content\/themes\/my-listing\/assets\/images\/marker.jpg\" data-marker=\"https:\/\/meetgirl.ch\/wp-content\/themes\/my-listing\/assets\/images\/marker.jpg\" data-template=\"default\" data-locations=\"[{&quot;address&quot;:&quot;Renens, canton de Vaud, Suisse&quot;,&quot;lat&quot;:&quot;46.53795&quot;,&quot;lng&quot;:&quot;6.58174&quot;}]\"\n><div class=\"lf-item lf-item-default\" data-template=\"default\"> <a href=\"https:\/\/meetgirl.ch\/de\/escorts\/bombon-sexe-sans-limites\/\"> <div class=\"overlay\" style=\" background-color: #242429; opacity: 0;\"><\/div> <div class=\"lf-background\" style=\"background-image: url('https:\/\/meetgirl.ch\/wp-content\/uploads\/2025\/06\/black.sexy_-768x853.webp');\"><\/div> <div class=\"lf-item-info\"> <h4 class=\"case27-primary-text listing-preview-title\"> Bombon Sex ohne Grenzen <\/h4> <\/div> <\/a> <div class=\"lf-head level-featured\"> <span class=\"tooltip-element tooltip-bottom\"> <div class=\"lf-head-btn ad-badge\"> <span><i class=\"icon-flash\"><\/i><\/span> <\/div> <span class=\"tooltip-container\">Featured<\/span> <\/span> <\/div> <\/div> <div class=\"listing-details-3 c27-footer-section\"> <ul class=\"details-list no-list-style\"> <li class=\"\" > <span>Renens <\/span> <\/li> <li class=\"\" > <span> <div class=\"codicts-online-status\"><span class=\"codicts-dot cdtsols-online\"><\/span> <span class=\"cdtsols-txt\">Online<\/span><\/div> <\/span> <\/li> <\/ul> <\/div> <div class=\"listing-details-3 c27-footer-section\"> <ul class=\"details-list no-list-style\"> <li class=\"\" > <span>sehr \"glamour\u00f6s\" <\/span> <\/li> <\/ul> <\/div> <\/div><\/div>\t\t\t\t\t\t\t<\/div>\r\n\t\t<\/div>\r\n\t<\/section>\r\n\r\n\t\t\t\t<\/div>\n\t\t\t\t<\/div>\n\t\t\t\t\t<\/div>\n\t\t\t\t<\/div>\n\t\t<div class=\"elementor-element elementor-element-38cd0b2 e-flex e-con-boxed e-con e-parent\" data-id=\"38cd0b2\" data-element_type=\"container\" data-settings=\"{&quot;jet_parallax_layout_list&quot;:[]}\">\n\t\t\t\t\t<div class=\"e-con-inner\">\n\t\t\t\t<div class=\"elementor-element elementor-element-0d4abf5 elementor-widget elementor-widget-text-editor\" data-id=\"0d4abf5\" data-element_type=\"widget\" data-widget_type=\"text-editor.default\">\n\t\t\t\t<div class=\"elementor-widget-container\">\n\t\t\t\t\t\t\t\t\t<div style=\"color: white; font-family: Arial, sans-serif; line-height: 1.6;\">\n    <h1 style=\"font-size: 32px; font-weight: bold; text-align: center; color: #FF6F61;\">Finden Sie eine Escortdame in Renens bei Lausanne<\/h1>\n    \n    <h2 style=\"font-size: 28px; font-weight: bold; color: #FF6F61;\">Warum sollten Sie Renens f\u00fcr ein diskretes Treffen w\u00e4hlen?<\/h2>\n    <p>Renens, in der N\u00e4he von Lausanne gelegen, ist eine dynamische und gut vernetzte Stadt, die ideal f\u00fcr diejenigen ist, die einen Escortservice suchen. Die angenehme Atmosph\u00e4re und die gute Erreichbarkeit machen Renens zur perfekten Wahl f\u00fcr Kunden, die nach einem diskreten und unvergesslichen Erlebnis suchen. Die Gegend ist f\u00fcr ihre freundliche Atmosph\u00e4re bekannt, mit Restaurants, Gesch\u00e4ften und Treffpunkten, die es den Kunden erm\u00f6glichen, sich in einer angenehmen Umgebung zu entspannen.<\/p>\n    \n    <h2 style=\"font-size: 28px; font-weight: bold; color: #FF6F61;\">Die Vorteile von Renens bei der Suche nach einer Escort-Dame<\/h2>\n    <p>Renens zeichnet sich durch seine sichere und leicht zug\u00e4ngliche Umgebung aus. Dank der N\u00e4he zu Lausanne ist diese Gegend mit den \u00f6ffentlichen Verkehrsmitteln leicht zu erreichen, was sie f\u00fcr diejenigen, die auf der Suche nach einer Escort-Dame sind, sehr praktisch macht. Das Angebot an Escort-Agenturen in der Region ist hochwertig, mit einer Auswahl an ausgebildeten Fachkr\u00e4ften, die bereit sind, die vielf\u00e4ltigen Erwartungen der Kunden zu erf\u00fcllen.<\/p>\n    \n    <h3 style=\"font-size: 24px; font-weight: bold; color: #FF6F61;\">Barrierefreiheit und Sicherheit in Renens<\/h3>\n    <p>Renens liegt nur wenige Minuten von Lausanne entfernt und ist gut an die \u00f6ffentlichen Verkehrsmittel angebunden, was den Zugang zu dieser Stadt das ganze Jahr \u00fcber erleichtert. Au\u00dferdem sind Sicherheit und Diskretion in dieser Gegend unerl\u00e4sslich, was angenehme und sichere Treffen garantiert. Die G\u00e4ste k\u00f6nnen die Gegend dank der Z\u00fcge und Busse, die in die Region fahren, leicht erreichen.<\/p>\n    \n    <h2 style=\"font-size: 28px; font-weight: bold; color: #FF6F61;\">Wie finde ich eine Escortdame in Renens?<\/h2>\n    <p>Die Suche nach einer Escortdame in Renens kann ein einfacher Prozess sein, wenn Sie die richtigen Schritte befolgen. <strong>meetgirl.ch<\/strong> ist eine der beliebtesten Plattformen daf\u00fcr. Wenn Sie diese Seite nutzen, k\u00f6nnen Sie eine gro\u00dfe Auswahl an Escort-Profilen finden und Ihre Suche nach Ihren Vorlieben in Bezug auf Aussehen, Service oder Meinungen anderer Kunden verfeinern.<\/p>\n    \n    <h3 style=\"font-size: 24px; font-weight: bold; color: #FF6F61;\">W\u00e4hlen Sie die ideale Escortdame in Renens<\/h3>\n    <p>Achten Sie bei der Auswahl einer Escort-Dame in Renens darauf, dass die Fotos authentisch sind und Ihren Erwartungen entsprechen. Lesen Sie auch die Beschreibungen der angebotenen Dienstleistungen, um sicherzugehen, dass die Escortdame Ihre speziellen Bed\u00fcrfnisse erf\u00fcllen kann. Auch die Meinungen anderer Kunden k\u00f6nnen n\u00fctzliche Informationen \u00fcber die Qualit\u00e4t der Dienstleistung liefern.<\/p>\n    \n    <h2 style=\"font-size: 28px; font-weight: bold; color: #FF6F61;\">Die von den Escorts in Renens angebotenen Dienstleistungen<\/h2>\n    <p>Die Escorts in Renens bieten eine vielf\u00e4ltige Palette an Dienstleistungen an, die auf die Vorlieben jedes Einzelnen zugeschnitten sind. Ob erotische Massagen, Rollenspiele oder Begleitservice, die Optionen sind vielf\u00e4ltig, um Ihre W\u00fcnsche in einem sicheren und angenehmen Rahmen zu erf\u00fcllen.<\/p>\n    \n    <h3 style=\"font-size: 24px; font-weight: bold; color: #FF6F61;\">Erotische Massagen und Entspannung<\/h3>\n    <p>Erotische Massagen sind eine der beliebtesten Dienstleistungen, die von Escorts angeboten werden. Diese Sitzungen bieten sowohl Entspannung als auch Vergn\u00fcgen und erm\u00f6glichen eine einzigartige und pers\u00f6nliche Sinneserfahrung.<\/p>\n    \n    <h3 style=\"font-size: 24px; font-weight: bold; color: #FF6F61;\">Rollenspiele und Fantasien<\/h3>\n    <p>Einige Escorts in Renens bieten Rollenspiele an und sorgen so f\u00fcr spielerische Erfahrungen, bei denen die Kunden verschiedene Szenarien erkunden k\u00f6nnen. Diese Spiele erm\u00f6glichen es, der Erfahrung einen unterhaltsamen Aspekt hinzuzuf\u00fcgen, wobei die Grenzen und Vorlieben des Einzelnen respektiert werden. Dies erm\u00f6glicht es den Klienten, in einer sicheren und einvernehmlichen Umgebung neue Facetten der Sexualit\u00e4t zu entdecken.<\/p>\n    \n    <h3 style=\"font-size: 24px; font-weight: bold; color: #FF6F61;\">Geselligkeit f\u00fcr soziale Ereignisse<\/h3>\n    <p>Die Escorts in Renens k\u00f6nnen die Kunden auch zu gesellschaftlichen Anl\u00e4ssen wie Abendessen oder Partys begleiten, wo sie sich elegant einf\u00fcgen und das Erlebnis angenehm und unvergesslich machen werden.<\/p>\n    \n    <h2 style=\"font-size: 28px; font-weight: bold; color: #FF6F61;\">Tipps f\u00fcr ein erfolgreiches Treffen mit einer Escort in Renens<\/h2>\n    <p>Um ein Treffen mit einer Escort in Renens erfolgreich zu gestalten, ist es wichtig, eine respektvolle und \u00fcberlegte Vorgehensweise zu w\u00e4hlen. Zun\u00e4chst einmal ist eine klare Kommunikation mit der von Ihnen gew\u00e4hlten Escort entscheidend. Nehmen Sie sich vor dem Treffen Zeit, um \u00fcber Ihre Erwartungen, W\u00fcnsche und Grenzen zu sprechen. Dieser Schritt wird dazu beitragen, einen vertrauensvollen Rahmen zu schaffen, der garantiert, dass sich beide Seiten wohl und verstanden f\u00fchlen.<\/p>\n    \n    <h3 style=\"font-size: 24px; font-weight: bold; color: #FF6F61;\">Beachten Sie Diskretion und Sicherheit<\/h3>\n    <p>Bei Ihrem Treffen ist es wichtig, Diskretion zu wahren und die Sicherheit jeder beteiligten Person zu gew\u00e4hrleisten. Daher ist es ratsam, sich zu Beginn mit der Begleitperson an einem \u00f6ffentlichen Ort zu treffen, um sicherzustellen, dass das Treffen in einer angenehmen und sicheren Umgebung stattfindet.<\/p>\n<\/div>\n\t\t\t\t\t\t\t\t<\/div>\n\t\t\t\t<\/div>\n\t\t\t\t\t<\/div>\n\t\t\t\t<\/div>\n\t\t\t\t<\/div>","protected":false},"excerpt":{"rendered":"<p>Trouver une escort \u00e0 Renens pr\u00e8s de Lausanne Pourquoi choisir Renens pour une rencontre discr\u00e8te ? Renens, situ\u00e9 \u00e0 proximit\u00e9 de Lausanne, est une ville dynamique et bien connect\u00e9e, id\u00e9ale pour ceux qui recherchent des services d\u2019escorte. Son ambiance agr\u00e9able et son accessibilit\u00e9 en font un choix parfait pour les clients \u00e0 la recherche d&rsquo;une [&hellip;]<\/p>","protected":false},"author":3,"featured_media":0,"parent":0,"menu_order":0,"comment_status":"closed","ping_status":"closed","template":"","meta":{"footnotes":""},"class_list":["post-10438","page","type-page","status-publish","hentry"],"acf":[],"yoast_head":"<!-- This site is optimized with the Yoast SEO plugin v26.0 - https:\/\/yoast.com\/wordpress\/plugins\/seo\/ -->\n<title>Trouver une escort \u00e0 Renens pr\u00e8s de Lausanne - Meetgirl - Annonces \u00e9rotiques - Escorts, massages et salons<\/title>\n<meta name=\"description\" content=\"Trouver une escort \u00e0 Renens pr\u00e8s de Lausanne sur meetgirl.ch. D\u00e9couvrez des escortes coquines offrant des services vari\u00e9s et des rencontres discr\u00e8tes\" \/>\n<meta name=\"robots\" content=\"index, follow, max-snippet:-1, max-image-preview:large, max-video-preview:-1\" \/>\n<link rel=\"canonical\" href=\"https:\/\/meetgirl.ch\/de\/eine-escort-in-renens-bei-lausanne-finden\/\" \/>\n<meta property=\"og:locale\" content=\"de_DE\" \/>\n<meta property=\"og:type\" content=\"article\" \/>\n<meta property=\"og:title\" content=\"Trouver une escort \u00e0 Renens pr\u00e8s de Lausanne - Meetgirl - Annonces \u00e9rotiques - Escorts, massages et salons\" \/>\n<meta property=\"og:description\" content=\"Trouver une escort \u00e0 Renens pr\u00e8s de Lausanne sur meetgirl.ch. D\u00e9couvrez des escortes coquines offrant des services vari\u00e9s et des rencontres discr\u00e8tes\" \/>\n<meta property=\"og:url\" content=\"https:\/\/meetgirl.ch\/de\/eine-escort-in-renens-bei-lausanne-finden\/\" \/>\n<meta property=\"og:site_name\" content=\"Meetgirl - Annonces \u00e9rotiques - Escorts, massages et salons\" \/>\n<meta property=\"article:modified_time\" content=\"2026-01-15T07:37:38+00:00\" \/>\n<meta property=\"og:image\" content=\"https:\/\/meetgirl.ch\/wp-content\/uploads\/2025\/03\/meetgirl-yoast.jpg\" \/>\n\t<meta property=\"og:image:width\" content=\"1200\" \/>\n\t<meta property=\"og:image:height\" content=\"675\" \/>\n\t<meta property=\"og:image:type\" content=\"image\/jpeg\" \/>\n<meta name=\"twitter:card\" content=\"summary_large_image\" \/>\n<meta name=\"twitter:label1\" content=\"Gesch\u00e4tzte Lesezeit\" \/>\n\t<meta name=\"twitter:data1\" content=\"4\u00a0Minuten\" \/>\n<script type=\"application\/ld+json\" class=\"yoast-schema-graph\">{\"@context\":\"https:\/\/schema.org\",\"@graph\":[{\"@type\":\"WebPage\",\"@id\":\"https:\/\/meetgirl.ch\/trouver-une-escort-a-renens-pres-de-lausanne\/\",\"url\":\"https:\/\/meetgirl.ch\/trouver-une-escort-a-renens-pres-de-lausanne\/\",\"name\":\"Trouver une escort \u00e0 Renens pr\u00e8s de Lausanne - Meetgirl - Annonces \u00e9rotiques - Escorts, massages et salons\",\"isPartOf\":{\"@id\":\"https:\/\/meetgirl.ch\/#website\"},\"datePublished\":\"2025-07-05T14:24:11+00:00\",\"dateModified\":\"2026-01-15T07:37:38+00:00\",\"description\":\"Trouver une escort \u00e0 Renens pr\u00e8s de Lausanne sur meetgirl.ch. D\u00e9couvrez des escortes coquines offrant des services vari\u00e9s et des rencontres discr\u00e8tes\",\"breadcrumb\":{\"@id\":\"https:\/\/meetgirl.ch\/trouver-une-escort-a-renens-pres-de-lausanne\/#breadcrumb\"},\"inLanguage\":\"de\",\"potentialAction\":[{\"@type\":\"ReadAction\",\"target\":[\"https:\/\/meetgirl.ch\/trouver-une-escort-a-renens-pres-de-lausanne\/\"]}]},{\"@type\":\"BreadcrumbList\",\"@id\":\"https:\/\/meetgirl.ch\/trouver-une-escort-a-renens-pres-de-lausanne\/#breadcrumb\",\"itemListElement\":[{\"@type\":\"ListItem\",\"position\":1,\"name\":\"Accueil\",\"item\":\"https:\/\/meetgirl.ch\/\"},{\"@type\":\"ListItem\",\"position\":2,\"name\":\"Trouver une escort \u00e0 Renens pr\u00e8s de Lausanne\"}]},{\"@type\":\"WebSite\",\"@id\":\"https:\/\/meetgirl.ch\/#website\",\"url\":\"https:\/\/meetgirl.ch\/\",\"name\":\"MeetGirl - Annonces \u00e9rotiques Suisse - Escorts, massages et salons\",\"description\":\"Escorts et massages \u00e9rotiques\",\"publisher\":{\"@id\":\"https:\/\/meetgirl.ch\/#organization\"},\"alternateName\":\"Annuaire \u00e9rotique Suisse Escort \u00e0 Gen\u00e8ve, Lausanne, Valais, Neuch\u00e2tel\",\"potentialAction\":[{\"@type\":\"SearchAction\",\"target\":{\"@type\":\"EntryPoint\",\"urlTemplate\":\"https:\/\/meetgirl.ch\/?s={search_term_string}\"},\"query-input\":{\"@type\":\"PropertyValueSpecification\",\"valueRequired\":true,\"valueName\":\"search_term_string\"}}],\"inLanguage\":\"de\"},{\"@type\":\"Organization\",\"@id\":\"https:\/\/meetgirl.ch\/#organization\",\"name\":\"Escort et massage \u00e9rotique\",\"alternateName\":\"Meetgirl escortes et masseuses\",\"url\":\"https:\/\/meetgirl.ch\/\",\"logo\":{\"@type\":\"ImageObject\",\"inLanguage\":\"de\",\"@id\":\"https:\/\/meetgirl.ch\/#\/schema\/logo\/image\/\",\"url\":\"https:\/\/meetgirl.ch\/wp-content\/uploads\/2024\/05\/cropped-meet-logo.png\",\"contentUrl\":\"https:\/\/meetgirl.ch\/wp-content\/uploads\/2024\/05\/cropped-meet-logo.png\",\"width\":512,\"height\":512,\"caption\":\"Escort et massage \u00e9rotique\"},\"image\":{\"@id\":\"https:\/\/meetgirl.ch\/#\/schema\/logo\/image\/\"}}]}<\/script>\n<!-- \/ Yoast SEO plugin. -->","yoast_head_json":{"title":"Finde eine Escort in Renens bei Lausanne - Meetgirl - Erotikanzeigen - Escorts, Massagen und Salons","description":"Finden Sie eine Escortdame in Renens bei Lausanne auf meetgirl.ch. Entdecken Sie freche Escorts, die verschiedene Dienstleistungen anbieten und diskrete Treffen erm\u00f6glichen.","robots":{"index":"index","follow":"follow","max-snippet":"max-snippet:-1","max-image-preview":"max-image-preview:large","max-video-preview":"max-video-preview:-1"},"canonical":"https:\/\/meetgirl.ch\/de\/eine-escort-in-renens-bei-lausanne-finden\/","og_locale":"de_DE","og_type":"article","og_title":"Trouver une escort \u00e0 Renens pr\u00e8s de Lausanne - Meetgirl - Annonces \u00e9rotiques - Escorts, massages et salons","og_description":"Trouver une escort \u00e0 Renens pr\u00e8s de Lausanne sur meetgirl.ch. D\u00e9couvrez des escortes coquines offrant des services vari\u00e9s et des rencontres discr\u00e8tes","og_url":"https:\/\/meetgirl.ch\/de\/eine-escort-in-renens-bei-lausanne-finden\/","og_site_name":"Meetgirl - Annonces \u00e9rotiques - Escorts, massages et salons","article_modified_time":"2026-01-15T07:37:38+00:00","og_image":[{"width":1200,"height":675,"url":"https:\/\/meetgirl.ch\/wp-content\/uploads\/2025\/03\/meetgirl-yoast.jpg","type":"image\/jpeg"}],"twitter_card":"summary_large_image","twitter_misc":{"Gesch\u00e4tzte Lesezeit":"4\u00a0Minuten"},"schema":{"@context":"https:\/\/schema.org","@graph":[{"@type":"WebPage","@id":"https:\/\/meetgirl.ch\/trouver-une-escort-a-renens-pres-de-lausanne\/","url":"https:\/\/meetgirl.ch\/trouver-une-escort-a-renens-pres-de-lausanne\/","name":"Finde eine Escort in Renens bei Lausanne - Meetgirl - Erotikanzeigen - Escorts, Massagen und Salons","isPartOf":{"@id":"https:\/\/meetgirl.ch\/#website"},"datePublished":"2025-07-05T14:24:11+00:00","dateModified":"2026-01-15T07:37:38+00:00","description":"Finden Sie eine Escortdame in Renens bei Lausanne auf meetgirl.ch. Entdecken Sie freche Escorts, die verschiedene Dienstleistungen anbieten und diskrete Treffen erm\u00f6glichen.","breadcrumb":{"@id":"https:\/\/meetgirl.ch\/trouver-une-escort-a-renens-pres-de-lausanne\/#breadcrumb"},"inLanguage":"de","potentialAction":[{"@type":"ReadAction","target":["https:\/\/meetgirl.ch\/trouver-une-escort-a-renens-pres-de-lausanne\/"]}]},{"@type":"BreadcrumbList","@id":"https:\/\/meetgirl.ch\/trouver-une-escort-a-renens-pres-de-lausanne\/#breadcrumb","itemListElement":[{"@type":"ListItem","position":1,"name":"Accueil","item":"https:\/\/meetgirl.ch\/"},{"@type":"ListItem","position":2,"name":"Trouver une escort \u00e0 Renens pr\u00e8s de Lausanne"}]},{"@type":"WebSite","@id":"https:\/\/meetgirl.ch\/#website","url":"https:\/\/meetgirl.ch\/","name":"MeetGirl - Erotikanzeigen Schweiz - Escorts, Massagen und Salons","description":"Escorts und erotische Massagen","publisher":{"@id":"https:\/\/meetgirl.ch\/#organization"},"alternateName":"Annuaire \u00e9rotique Suisse Escort \u00e0 Gen\u00e8ve, Lausanne, Valais, Neuch\u00e2tel","potentialAction":[{"@type":"SearchAction","target":{"@type":"EntryPoint","urlTemplate":"https:\/\/meetgirl.ch\/?s={search_term_string}"},"query-input":{"@type":"PropertyValueSpecification","valueRequired":true,"valueName":"search_term_string"}}],"inLanguage":"de"},{"@type":"Organization","@id":"https:\/\/meetgirl.ch\/#organization","name":"Escort und erotische Massage","alternateName":"Meetgirl escortes et masseuses","url":"https:\/\/meetgirl.ch\/","logo":{"@type":"ImageObject","inLanguage":"de","@id":"https:\/\/meetgirl.ch\/#\/schema\/logo\/image\/","url":"https:\/\/meetgirl.ch\/wp-content\/uploads\/2024\/05\/cropped-meet-logo.png","contentUrl":"https:\/\/meetgirl.ch\/wp-content\/uploads\/2024\/05\/cropped-meet-logo.png","width":512,"height":512,"caption":"Escort et massage \u00e9rotique"},"image":{"@id":"https:\/\/meetgirl.ch\/#\/schema\/logo\/image\/"}}]}},"_links":{"self":[{"href":"https:\/\/meetgirl.ch\/de\/wp-json\/wp\/v2\/pages\/10438","targetHints":{"allow":["GET"]}}],"collection":[{"href":"https:\/\/meetgirl.ch\/de\/wp-json\/wp\/v2\/pages"}],"about":[{"href":"https:\/\/meetgirl.ch\/de\/wp-json\/wp\/v2\/types\/page"}],"author":[{"embeddable":true,"href":"https:\/\/meetgirl.ch\/de\/wp-json\/wp\/v2\/users\/3"}],"replies":[{"embeddable":true,"href":"https:\/\/meetgirl.ch\/de\/wp-json\/wp\/v2\/comments?post=10438"}],"version-history":[{"count":1,"href":"https:\/\/meetgirl.ch\/de\/wp-json\/wp\/v2\/pages\/10438\/revisions"}],"predecessor-version":[{"id":18875,"href":"https:\/\/meetgirl.ch\/de\/wp-json\/wp\/v2\/pages\/10438\/revisions\/18875"}],"wp:attachment":[{"href":"https:\/\/meetgirl.ch\/de\/wp-json\/wp\/v2\/media?parent=10438"}],"curies":[{"name":"wp","href":"https:\/\/api.w.org\/{rel}","templated":true}]}}