{"id":10547,"date":"2025-07-06T10:39:20","date_gmt":"2025-07-06T10:39:20","guid":{"rendered":"https:\/\/meetgirl.ch\/?page_id=10547"},"modified":"2025-07-06T10:41:16","modified_gmt":"2025-07-06T10:41:16","slug":"tiefe-schlucht-lausanne","status":"publish","type":"page","link":"https:\/\/meetgirl.ch\/de\/tiefe-schlucht-lausanne\/","title":{"rendered":"tiefe schlucht lausanne"},"content":{"rendered":"<div data-elementor-type=\"wp-page\" data-elementor-id=\"10547\" class=\"elementor elementor-10547\">\n\t\t\t\t<div class=\"elementor-element elementor-element-85d3eaa e-flex e-con-boxed e-con e-parent\" data-id=\"85d3eaa\" data-element_type=\"container\" data-settings=\"{&quot;jet_parallax_layout_list&quot;:[]}\">\n\t\t\t\t\t<div class=\"e-con-inner\">\n\t\t\t\t<div class=\"elementor-element elementor-element-d373de3 elementor-widget elementor-widget-case27-listing-feed-widget\" data-id=\"d373de3\" data-element_type=\"widget\" data-widget_type=\"case27-listing-feed-widget.default\">\n\t\t\t\t<div class=\"elementor-widget-container\">\n\t\t\t\t\t\t\t<section class=\"i-section listing-feed\">\r\n\t\t<div class=\"container-fluid\">\r\n\t\t\t<div class=\"row section-body grid\">\r\n\t\t\t\t\t\t\t\t\t<div class=\"col-lg-4 col-md-4 col-sm-6 col-xs-12 grid-item\"><div class=\"lf-item-container listing-preview type-independante c27-verified no-logo has-tagline no-info-fields level-promoted priority-2\" data-id=\"listing-id-16551\" data-category-icon=\"\t&lt;i class=&quot;mi bookmark_border&quot; style=&quot;color: #fff; background: #f67675; &quot;&gt;&lt;\/i&gt;\t\" data-category-color=\"#f67675\" data-category-text-color=\"#fff\" data-thumbnail=\"https:\/\/meetgirl.ch\/wp-content\/themes\/my-listing\/assets\/images\/marker.jpg\" data-marker=\"https:\/\/meetgirl.ch\/wp-content\/themes\/my-listing\/assets\/images\/marker.jpg\" data-template=\"default\" data-locations=\"[{&quot;address&quot;:&quot;Rue De L&#039;industrie 7, 1005 Lausanne, Suisse&quot;,&quot;lat&quot;:&quot;46.52591&quot;,&quot;lng&quot;:&quot;6.63848&quot;}]\"\n><div class=\"lf-item lf-item-default\" data-template=\"default\"> <a href=\"https:\/\/meetgirl.ch\/de\/escorts\/diana-5\/\"> <div class=\"overlay\" style=\" background-color: #242429; opacity: 0;\"><\/div> <div class=\"lf-background\" style=\"background-image: url('https:\/\/meetgirl.ch\/wp-content\/uploads\/listing-uploads\/cover\/2025\/11\/Snapchat-19137046793.jpg');\"><\/div> <div class=\"lf-item-info\"> <h4 class=\"case27-primary-text listing-preview-title\"> Diana <img decoding=\"async\" height=\"18\" width=\"18\" alt=\"Best\u00e4tigte Auflistung\" class=\"verified-listing\" src=\"https:\/\/meetgirl.ch\/wp-content\/themes\/my-listing\/assets\/images\/tick.svg\"> <\/h4> <\/div> <\/a> <div class=\"lf-head level-promoted\"> <span class=\"tooltip-element tooltip-bottom\"> <div class=\"lf-head-btn ad-badge\"> <span><i class=\"icon-flash\"><\/i><\/span> <\/div> <span class=\"tooltip-container\">Promoted<\/span> <\/span> <\/div> <\/div> <div class=\"listing-details-3 c27-footer-section\"> <ul class=\"details-list no-list-style\"> <li class=\"\" > <span>Lausanne <\/span> <\/li> <li class=\"\" > <span> <div class=\"codicts-online-status\"><span class=\"codicts-dot cdtsols-offline\"><\/span> <span class=\"cdtsols-txt\">-24H<\/span><\/div> <\/span> <\/li> <\/ul> <\/div> <div class=\"listing-details-3 c27-footer-section\"> <ul class=\"details-list no-list-style\"> <li class=\"\" > <span>warm und feucht <\/span> <\/li> <\/ul> <\/div> <\/div><\/div>\t\t\t\t\t\t\t\t\t<div class=\"col-lg-4 col-md-4 col-sm-6 col-xs-12 grid-item\"><div class=\"lf-item-container listing-preview type-independante c27-verified no-logo has-tagline no-info-fields level-promoted priority-2\" data-id=\"listing-id-7183\" data-category-icon=\"\t&lt;i class=&quot;mi bookmark_border&quot; style=&quot;color: #fff; background: #f67675; &quot;&gt;&lt;\/i&gt;\t\" data-category-color=\"#f67675\" data-category-text-color=\"#fff\" data-thumbnail=\"https:\/\/meetgirl.ch\/wp-content\/themes\/my-listing\/assets\/images\/marker.jpg\" data-marker=\"https:\/\/meetgirl.ch\/wp-content\/themes\/my-listing\/assets\/images\/marker.jpg\" data-template=\"default\" data-locations=\"[{&quot;address&quot;:&quot;Placette Du Tunnel, 1005 Lausanne, Suisse&quot;,&quot;lat&quot;:&quot;46.52555&quot;,&quot;lng&quot;:&quot;6.63648&quot;}]\"\n><div class=\"lf-item lf-item-default\" data-template=\"default\"> <a href=\"https:\/\/meetgirl.ch\/de\/escorts\/camilla\/\"> <div class=\"overlay\" style=\" background-color: #242429; opacity: 0;\"><\/div> <div class=\"lf-background\" style=\"background-image: url('https:\/\/meetgirl.ch\/wp-content\/uploads\/listing-uploads\/cover\/2025\/06\/WhatsApp-Image-2025-06-13-at-12.52.161.jpeg');\"><\/div> <div class=\"lf-item-info\"> <h4 class=\"case27-primary-text listing-preview-title\"> Camilla escort <img decoding=\"async\" height=\"18\" width=\"18\" alt=\"Best\u00e4tigte Auflistung\" class=\"verified-listing\" src=\"https:\/\/meetgirl.ch\/wp-content\/themes\/my-listing\/assets\/images\/tick.svg\"> <\/h4> <\/div> <\/a> <div class=\"lf-head level-promoted\"> <span class=\"tooltip-element tooltip-bottom\"> <div class=\"lf-head-btn ad-badge\"> <span><i class=\"icon-flash\"><\/i><\/span> <\/div> <span class=\"tooltip-container\">Promoted<\/span> <\/span> <\/div> <\/div> <div class=\"listing-details-3 c27-footer-section\"> <ul class=\"details-list no-list-style\"> <li class=\"\" > <span>Lausanne <\/span> <\/li> <li class=\"\" > <span> <div class=\"codicts-online-status\"><span class=\"codicts-dot cdtsols-offline\"><\/span> <span class=\"cdtsols-txt\">-24H<\/span><\/div> <\/span> <\/li> <\/ul> <\/div> <div class=\"listing-details-3 c27-footer-section\"> <ul class=\"details-list no-list-style\"> <li class=\"\" > <span>Hypersexy und sinnlich <\/span> <\/li> <\/ul> <\/div> <\/div><\/div>\t\t\t\t\t\t\t<\/div>\r\n\t\t<\/div>\r\n\t<\/section>\r\n\r\n\t\t\t\t<\/div>\n\t\t\t\t<\/div>\n\t\t\t\t\t<\/div>\n\t\t\t\t<\/div>\n\t\t<div class=\"elementor-element elementor-element-df45a8e e-flex e-con-boxed e-con e-parent\" data-id=\"df45a8e\" data-element_type=\"container\" data-settings=\"{&quot;jet_parallax_layout_list&quot;:[]}\">\n\t\t\t\t\t<div class=\"e-con-inner\">\n\t\t\t\t<div class=\"elementor-element elementor-element-130c1bf elementor-widget elementor-widget-text-editor\" data-id=\"130c1bf\" data-element_type=\"widget\" data-widget_type=\"text-editor.default\">\n\t\t\t\t<div class=\"elementor-widget-container\">\n\t\t\t\t\t\t\t\t\t<div style=\"color: white; font-family: Arial, sans-serif; line-height: 1.6;\">\n<h1 style=\"font-size: 32px; font-weight: bold; text-align: center; color: #ff6f61;\">Deep Throat in Lausanne: Erleben Sie eine ungew\u00f6hnliche orale Erfahrung<\/h1>\n<h2 style=\"font-size: 28px; font-weight: bold; color: #ff6f61;\">Eine intensive Praxis, die von erfahrenen Escorts angeboten wird<\/h2>\n<p>Tr\u00e4umen Sie von einem tiefen, fl\u00fcssigen und vollst\u00e4ndig beherrschten Oralsex? In Lausanne bieten Ihnen einige Escorts, die auf Deep Throat spezialisiert sind, ein unvergessliches Erlebnis, bei dem Lust und Intensit\u00e4t ohne Tabus aufeinandertreffen.<\/p>\n<h2 style=\"font-size: 28px; font-weight: bold; color: #ff6f61;\">Was genau ist Deep Throat?<\/h2>\n<p>Deep Throat ist eine fortgeschrittene Oralsex-Technik, bei der der Penis tief in den Mund bis in den Rachen eingef\u00fchrt wird, ohne dass ein W\u00fcrgereflex auftritt. In Lausanne wird sie von erfahrenen Escorts gekonnt praktiziert, wobei Ihr Rhythmus und Ihre W\u00fcnsche respektiert werden.<\/p>\n<h2 style=\"font-size: 28px; font-weight: bold; color: #ff6f61;\">Die einzigartigen Empfindungen des Deep Throat in Lausanne<\/h2>\n<p>Wenn diese Praxis beherrscht wird, sorgt sie f\u00fcr eine au\u00dfergew\u00f6hnliche Stimulation, sowohl k\u00f6rperlich als auch geistig. Durch die pr\u00e4zise Kontrolle des Atems, der Bewegungen und des Saugens bieten Ihnen die Escorts einen Moment der v\u00f6lligen Hingabe.<\/p>\n<h3 style=\"font-size: 24px; font-weight: bold; color: #ff6f61;\">Seltenes Know-how in einem raffinierten Rahmen<\/h3>\n<p>Deep Throat erfordert eine subtile Technik und viel Erfahrung. In Lausanne, in diskreten Vierteln wie <strong>Ouchy<\/strong>, <strong>Montbenon<\/strong> oder <strong>La Sallaz<\/strong>Die Escorts, die sie praktizieren, empfangen Sie in gepflegten und komfortablen R\u00e4umlichkeiten.<\/p>\n<h2 style=\"font-size: 28px; font-weight: bold; color: #ff6f61;\">Warum sollten Sie eine Deep Throat Escort in Lausanne w\u00e4hlen?<\/h2>\n<p>Wenn Sie sich an eine spezialisierte Escort-Dame wenden, k\u00f6nnen Sie diese Fantasie in aller Freiheit, ohne Scham oder Druck erkunden. Diese professionellen Escorts k\u00f6nnen ihr Tempo, ihre Technik und ihr Engagement anpassen, um Ihnen ein ma\u00dfgeschneidertes Erlebnis zu bieten.<\/p>\n<h2 style=\"font-size: 28px; font-weight: bold; color: #ff6f61;\">meetgirl.ch : Ihre Referenz f\u00fcr Deep Throat in Lausanne<\/h2>\n<p>Auf <strong>meetgirl.ch<\/strong>Hier finden Sie eine Auswahl an Escorts in Lausanne, die Deep Throat mit Leidenschaft und Know-how anbieten. Gepr\u00fcfte Fotos, klare Dienstleistungen, detaillierte Profile: Sie k\u00f6nnen in vollem Vertrauen w\u00e4hlen.<\/p>\n<h3 style=\"font-size: 24px; font-weight: bold; color: #ff6f61;\">G\u00f6nnen Sie sich einen Moment intensiven Vergn\u00fcgens<\/h3>\n<p>Sch\u00f6nheit, Eleganz, Zuh\u00f6ren und Technik: Die Escorts in Lausanne vereinen alle Zutaten, um Ihre Fantasie Wirklichkeit werden zu lassen. Buchen Sie jetzt, um eine unvergessliche Deep Throat Session zu erleben.<\/p>\n<\/div>\t\t\t\t\t\t\t\t<\/div>\n\t\t\t\t<\/div>\n\t\t\t\t\t<\/div>\n\t\t\t\t<\/div>\n\t\t\t\t<\/div>","protected":false},"excerpt":{"rendered":"<p>Gorge profonde \u00e0 Lausanne : vivez une exp\u00e9rience orale hors du commun Une pratique intense propos\u00e9e par des escortes expertes Vous r\u00eavez d\u2019une fellation profonde, fluide et enti\u00e8rement ma\u00eetris\u00e9e ? \u00c0 Lausanne, certaines escortes sp\u00e9cialis\u00e9es dans la gorge profonde vous proposent une exp\u00e9rience inoubliable, o\u00f9 plaisir et intensit\u00e9 se rencontrent sans tabou. Qu\u2019est-ce que la [&hellip;]<\/p>","protected":false},"author":3,"featured_media":0,"parent":0,"menu_order":0,"comment_status":"closed","ping_status":"closed","template":"","meta":{"footnotes":""},"class_list":["post-10547","page","type-page","status-publish","hentry"],"acf":[],"yoast_head":"<!-- This site is optimized with the Yoast SEO plugin v26.0 - https:\/\/yoast.com\/wordpress\/plugins\/seo\/ -->\n<title>gorge profonde lausanne - Meetgirl - Annonces \u00e9rotiques - Escorts, massages et salons<\/title>\n<meta name=\"description\" content=\"D\u00e9couvrez la gorge profonde \u00e0 Lausanne avec une escort experte. Sur meetgirl.ch, vivez une exp\u00e9rience orale intense, ma\u00eetris\u00e9e et sans tabou.\" \/>\n<meta name=\"robots\" content=\"index, follow, max-snippet:-1, max-image-preview:large, max-video-preview:-1\" \/>\n<link rel=\"canonical\" href=\"https:\/\/meetgirl.ch\/de\/tiefe-schlucht-lausanne\/\" \/>\n<meta property=\"og:locale\" content=\"de_DE\" \/>\n<meta property=\"og:type\" content=\"article\" \/>\n<meta property=\"og:title\" content=\"gorge profonde lausanne - Meetgirl - Annonces \u00e9rotiques - Escorts, massages et salons\" \/>\n<meta property=\"og:description\" content=\"D\u00e9couvrez la gorge profonde \u00e0 Lausanne avec une escort experte. Sur meetgirl.ch, vivez une exp\u00e9rience orale intense, ma\u00eetris\u00e9e et sans tabou.\" \/>\n<meta property=\"og:url\" content=\"https:\/\/meetgirl.ch\/de\/tiefe-schlucht-lausanne\/\" \/>\n<meta property=\"og:site_name\" content=\"Meetgirl - Annonces \u00e9rotiques - Escorts, massages et salons\" \/>\n<meta property=\"article:modified_time\" content=\"2025-07-06T10:41:16+00:00\" \/>\n<meta property=\"og:image\" content=\"https:\/\/meetgirl.ch\/wp-content\/uploads\/2025\/03\/meetgirl-yoast.jpg\" \/>\n\t<meta property=\"og:image:width\" content=\"1200\" \/>\n\t<meta property=\"og:image:height\" content=\"675\" \/>\n\t<meta property=\"og:image:type\" content=\"image\/jpeg\" \/>\n<meta name=\"twitter:card\" content=\"summary_large_image\" \/>\n<meta name=\"twitter:label1\" content=\"Gesch\u00e4tzte Lesezeit\" \/>\n\t<meta name=\"twitter:data1\" content=\"3\u00a0Minuten\" \/>\n<script type=\"application\/ld+json\" class=\"yoast-schema-graph\">{\"@context\":\"https:\/\/schema.org\",\"@graph\":[{\"@type\":\"WebPage\",\"@id\":\"https:\/\/meetgirl.ch\/gorge-profonde-lausanne\/\",\"url\":\"https:\/\/meetgirl.ch\/gorge-profonde-lausanne\/\",\"name\":\"gorge profonde lausanne - Meetgirl - Annonces \u00e9rotiques - Escorts, massages et salons\",\"isPartOf\":{\"@id\":\"https:\/\/meetgirl.ch\/#website\"},\"datePublished\":\"2025-07-06T10:39:20+00:00\",\"dateModified\":\"2025-07-06T10:41:16+00:00\",\"description\":\"D\u00e9couvrez la gorge profonde \u00e0 Lausanne avec une escort experte. Sur meetgirl.ch, vivez une exp\u00e9rience orale intense, ma\u00eetris\u00e9e et sans tabou.\",\"breadcrumb\":{\"@id\":\"https:\/\/meetgirl.ch\/gorge-profonde-lausanne\/#breadcrumb\"},\"inLanguage\":\"de\",\"potentialAction\":[{\"@type\":\"ReadAction\",\"target\":[\"https:\/\/meetgirl.ch\/gorge-profonde-lausanne\/\"]}]},{\"@type\":\"BreadcrumbList\",\"@id\":\"https:\/\/meetgirl.ch\/gorge-profonde-lausanne\/#breadcrumb\",\"itemListElement\":[{\"@type\":\"ListItem\",\"position\":1,\"name\":\"Accueil\",\"item\":\"https:\/\/meetgirl.ch\/\"},{\"@type\":\"ListItem\",\"position\":2,\"name\":\"gorge profonde lausanne\"}]},{\"@type\":\"WebSite\",\"@id\":\"https:\/\/meetgirl.ch\/#website\",\"url\":\"https:\/\/meetgirl.ch\/\",\"name\":\"MeetGirl - Annonces \u00e9rotiques Suisse - Escorts, massages et salons\",\"description\":\"Escorts et massages \u00e9rotiques\",\"publisher\":{\"@id\":\"https:\/\/meetgirl.ch\/#organization\"},\"alternateName\":\"Annuaire \u00e9rotique Suisse Escort \u00e0 Gen\u00e8ve, Lausanne, Valais, Neuch\u00e2tel\",\"potentialAction\":[{\"@type\":\"SearchAction\",\"target\":{\"@type\":\"EntryPoint\",\"urlTemplate\":\"https:\/\/meetgirl.ch\/?s={search_term_string}\"},\"query-input\":{\"@type\":\"PropertyValueSpecification\",\"valueRequired\":true,\"valueName\":\"search_term_string\"}}],\"inLanguage\":\"de\"},{\"@type\":\"Organization\",\"@id\":\"https:\/\/meetgirl.ch\/#organization\",\"name\":\"Escort et massage \u00e9rotique\",\"alternateName\":\"Meetgirl escortes et masseuses\",\"url\":\"https:\/\/meetgirl.ch\/\",\"logo\":{\"@type\":\"ImageObject\",\"inLanguage\":\"de\",\"@id\":\"https:\/\/meetgirl.ch\/#\/schema\/logo\/image\/\",\"url\":\"https:\/\/meetgirl.ch\/wp-content\/uploads\/2024\/05\/cropped-meet-logo.png\",\"contentUrl\":\"https:\/\/meetgirl.ch\/wp-content\/uploads\/2024\/05\/cropped-meet-logo.png\",\"width\":512,\"height\":512,\"caption\":\"Escort et massage \u00e9rotique\"},\"image\":{\"@id\":\"https:\/\/meetgirl.ch\/#\/schema\/logo\/image\/\"}}]}<\/script>\n<!-- \/ Yoast SEO plugin. -->","yoast_head_json":{"title":"deep throat lausanne - Meetgirl - Erotische Anzeigen - Escorts, Massagen und Salons","description":"Entdecken Sie Deep Throat in Lausanne mit einer erfahrenen Escortdame. Auf meetgirl.ch erleben Sie eine intensive, kontrollierte und tabulose orale Erfahrung.","robots":{"index":"index","follow":"follow","max-snippet":"max-snippet:-1","max-image-preview":"max-image-preview:large","max-video-preview":"max-video-preview:-1"},"canonical":"https:\/\/meetgirl.ch\/de\/tiefe-schlucht-lausanne\/","og_locale":"de_DE","og_type":"article","og_title":"gorge profonde lausanne - Meetgirl - Annonces \u00e9rotiques - Escorts, massages et salons","og_description":"D\u00e9couvrez la gorge profonde \u00e0 Lausanne avec une escort experte. Sur meetgirl.ch, vivez une exp\u00e9rience orale intense, ma\u00eetris\u00e9e et sans tabou.","og_url":"https:\/\/meetgirl.ch\/de\/tiefe-schlucht-lausanne\/","og_site_name":"Meetgirl - Annonces \u00e9rotiques - Escorts, massages et salons","article_modified_time":"2025-07-06T10:41:16+00:00","og_image":[{"width":1200,"height":675,"url":"https:\/\/meetgirl.ch\/wp-content\/uploads\/2025\/03\/meetgirl-yoast.jpg","type":"image\/jpeg"}],"twitter_card":"summary_large_image","twitter_misc":{"Gesch\u00e4tzte Lesezeit":"3\u00a0Minuten"},"schema":{"@context":"https:\/\/schema.org","@graph":[{"@type":"WebPage","@id":"https:\/\/meetgirl.ch\/gorge-profonde-lausanne\/","url":"https:\/\/meetgirl.ch\/gorge-profonde-lausanne\/","name":"deep throat lausanne - Meetgirl - Erotische Anzeigen - Escorts, Massagen und Salons","isPartOf":{"@id":"https:\/\/meetgirl.ch\/#website"},"datePublished":"2025-07-06T10:39:20+00:00","dateModified":"2025-07-06T10:41:16+00:00","description":"Entdecken Sie Deep Throat in Lausanne mit einer erfahrenen Escortdame. Auf meetgirl.ch erleben Sie eine intensive, kontrollierte und tabulose orale Erfahrung.","breadcrumb":{"@id":"https:\/\/meetgirl.ch\/gorge-profonde-lausanne\/#breadcrumb"},"inLanguage":"de","potentialAction":[{"@type":"ReadAction","target":["https:\/\/meetgirl.ch\/gorge-profonde-lausanne\/"]}]},{"@type":"BreadcrumbList","@id":"https:\/\/meetgirl.ch\/gorge-profonde-lausanne\/#breadcrumb","itemListElement":[{"@type":"ListItem","position":1,"name":"Accueil","item":"https:\/\/meetgirl.ch\/"},{"@type":"ListItem","position":2,"name":"gorge profonde lausanne"}]},{"@type":"WebSite","@id":"https:\/\/meetgirl.ch\/#website","url":"https:\/\/meetgirl.ch\/","name":"MeetGirl - Erotikanzeigen Schweiz - Escorts, Massagen und Salons","description":"Escorts und erotische Massagen","publisher":{"@id":"https:\/\/meetgirl.ch\/#organization"},"alternateName":"Annuaire \u00e9rotique Suisse Escort \u00e0 Gen\u00e8ve, Lausanne, Valais, Neuch\u00e2tel","potentialAction":[{"@type":"SearchAction","target":{"@type":"EntryPoint","urlTemplate":"https:\/\/meetgirl.ch\/?s={search_term_string}"},"query-input":{"@type":"PropertyValueSpecification","valueRequired":true,"valueName":"search_term_string"}}],"inLanguage":"de"},{"@type":"Organization","@id":"https:\/\/meetgirl.ch\/#organization","name":"Escort und erotische Massage","alternateName":"Meetgirl escortes et masseuses","url":"https:\/\/meetgirl.ch\/","logo":{"@type":"ImageObject","inLanguage":"de","@id":"https:\/\/meetgirl.ch\/#\/schema\/logo\/image\/","url":"https:\/\/meetgirl.ch\/wp-content\/uploads\/2024\/05\/cropped-meet-logo.png","contentUrl":"https:\/\/meetgirl.ch\/wp-content\/uploads\/2024\/05\/cropped-meet-logo.png","width":512,"height":512,"caption":"Escort et massage \u00e9rotique"},"image":{"@id":"https:\/\/meetgirl.ch\/#\/schema\/logo\/image\/"}}]}},"_links":{"self":[{"href":"https:\/\/meetgirl.ch\/de\/wp-json\/wp\/v2\/pages\/10547","targetHints":{"allow":["GET"]}}],"collection":[{"href":"https:\/\/meetgirl.ch\/de\/wp-json\/wp\/v2\/pages"}],"about":[{"href":"https:\/\/meetgirl.ch\/de\/wp-json\/wp\/v2\/types\/page"}],"author":[{"embeddable":true,"href":"https:\/\/meetgirl.ch\/de\/wp-json\/wp\/v2\/users\/3"}],"replies":[{"embeddable":true,"href":"https:\/\/meetgirl.ch\/de\/wp-json\/wp\/v2\/comments?post=10547"}],"version-history":[{"count":0,"href":"https:\/\/meetgirl.ch\/de\/wp-json\/wp\/v2\/pages\/10547\/revisions"}],"wp:attachment":[{"href":"https:\/\/meetgirl.ch\/de\/wp-json\/wp\/v2\/media?parent=10547"}],"curies":[{"name":"wp","href":"https:\/\/api.w.org\/{rel}","templated":true}]}}