{"id":10572,"date":"2025-07-06T10:58:26","date_gmt":"2025-07-06T10:58:26","guid":{"rendered":"https:\/\/meetgirl.ch\/?page_id=10572"},"modified":"2025-07-06T11:00:24","modified_gmt":"2025-07-06T11:00:24","slug":"goldene-dusche-lausanne","status":"publish","type":"page","link":"https:\/\/meetgirl.ch\/de\/goldene-dusche-lausanne\/","title":{"rendered":"Goldene Dusche Lausanne"},"content":{"rendered":"<div data-elementor-type=\"wp-page\" data-elementor-id=\"10572\" class=\"elementor elementor-10572\">\n\t\t\t\t<div class=\"elementor-element elementor-element-98c6943 e-flex e-con-boxed e-con e-parent\" data-id=\"98c6943\" data-element_type=\"container\" data-settings=\"{&quot;jet_parallax_layout_list&quot;:[]}\">\n\t\t\t\t\t<div class=\"e-con-inner\">\n\t\t<div class=\"elementor-element elementor-element-f5c21be e-con-full e-flex e-con e-child\" data-id=\"f5c21be\" data-element_type=\"container\" data-settings=\"{&quot;jet_parallax_layout_list&quot;:[]}\">\n\t\t\t\t<div class=\"elementor-element elementor-element-4c41687 elementor-widget elementor-widget-image\" data-id=\"4c41687\" data-element_type=\"widget\" data-widget_type=\"image.default\">\n\t\t\t\t<div class=\"elementor-widget-container\">\n\t\t\t\t\t\t\t\t\t\t\t\t\t\t\t<img decoding=\"async\" src=\"https:\/\/meetgirl.ch\/wp-content\/uploads\/2025\/05\/domina-geneve-3.jpg\" title=\"\" alt=\"\" loading=\"lazy\" \/>\t\t\t\t\t\t\t\t\t\t\t\t\t\t\t<\/div>\n\t\t\t\t<\/div>\n\t\t\t\t<div class=\"elementor-element elementor-element-bafcaf1 elementor-widget elementor-widget-image\" data-id=\"bafcaf1\" data-element_type=\"widget\" data-widget_type=\"image.default\">\n\t\t\t\t<div class=\"elementor-widget-container\">\n\t\t\t\t\t\t\t\t\t\t\t\t\t\t\t<img decoding=\"async\" src=\"https:\/\/meetgirl.ch\/wp-content\/uploads\/2025\/05\/domina-geneve-2.jpg\" title=\"\" alt=\"\" loading=\"lazy\" \/>\t\t\t\t\t\t\t\t\t\t\t\t\t\t\t<\/div>\n\t\t\t\t<\/div>\n\t\t\t\t<\/div>\n\t\t<div class=\"elementor-element elementor-element-2cd4e88 e-con-full e-flex e-con e-child\" data-id=\"2cd4e88\" data-element_type=\"container\" data-settings=\"{&quot;jet_parallax_layout_list&quot;:[]}\">\n\t\t\t\t<div class=\"elementor-element elementor-element-bff7fac elementor-widget elementor-widget-text-editor\" data-id=\"bff7fac\" data-element_type=\"widget\" data-widget_type=\"text-editor.default\">\n\t\t\t\t<div class=\"elementor-widget-container\">\n\t\t\t\t\t\t\t\t\t<div style=\"color: white; font-family: Arial, sans-serif; line-height: 1.6;\">\n  <h1 style=\"font-size: 32px; font-weight: bold; text-align: center; color: #ff6f61;\">\n    Escort f\u00fcr goldene Dusche in Lausanne - Erkunden Sie Ihre Fantasien mit Diskretion\n  <\/h1>\n\n  <h2 style=\"font-size: 28px; font-weight: bold; color: #ff6f61;\">\n    Eine intime und gewagte Erfahrung, die auf meetgirl.ch zu entdecken ist\n  <\/h2>\n  Sie f\u00fchlen sich von der Welt der Fetische angezogen und m\u00f6chten eine Golden Shower in Lausanne erleben? Auf <strong>meetgirl.ch<\/strong>Hier finden Sie Escorts, die offen f\u00fcr diese Praxis sind und bereit sind, Ihre W\u00fcnsche in einer hygienischen, sinnlichen und respektvollen Umgebung zu erf\u00fcllen.\n\n  <h2 style=\"font-size: 28px; font-weight: bold; color: #ff6f61;\">\n    Was ist die Goldene Dusche?\n  <\/h2>\n  Diese Praxis wird auch als Golden Shower bezeichnet und beinhaltet das Urinieren auf den Partner in einem einvernehmlichen sexuellen Kontext. Sie kann Teil eines erotischen Rollenspiels sein, das oft mit Unterwerfung verbunden ist, und findet in der Regel unter der Dusche oder in einem daf\u00fcr vorgesehenen Raum statt.\n\n  <h2 style=\"font-size: 28px; font-weight: bold; color: #ff6f61;\">\n    Eine betreute Fetischpraxis in Lausanne\n  <\/h2>\n  Wie bei jeder BDSM- oder Fetisch-Praxis liegt der Schl\u00fcssel in der Kommunikation. Mit den Escorts von <strong>meetgirl.ch<\/strong>Die Grenzen werden im Voraus festgelegt, um eine angenehme Erfahrung ohne Tabus zu gew\u00e4hrleisten, bei der Ihre Vorlieben respektiert werden und beide Seiten sich wohlf\u00fchlen.\n\n  <h3 style=\"font-size: 24px; font-weight: bold; color: #ff6f61;\">\n    Warum sollte man eine Escortdame f\u00fcr eine Golden Shower w\u00e4hlen?\n  <\/h3>\n  Diese Fantasie mit einer Escortdame in Lausanne auszuleben, erm\u00f6glicht es, von einer erfahrenen Partnerin zu profitieren, die zuh\u00f6rt und nicht urteilt. Dieser professionelle Rahmen erm\u00f6glicht es, die Hemmungen abzubauen, die in klassischen Beziehungen oft vorhanden sind.\n\n  <h2 style=\"font-size: 28px; font-weight: bold; color: #ff6f61;\">\n    W\u00e4hlen Sie Ihre Golden Shower Escort in Lausanne aus\n  <\/h2>\n  Auf <strong>meetgirl.ch<\/strong>Hier k\u00f6nnen Sie Profile von Escorts durchsuchen, die deutlich machen, dass sie offen f\u00fcr diese Praxis sind. Sie k\u00f6nnen nach Ihren eigenen Kriterien ausw\u00e4hlen: Treffpunkt, Atmosph\u00e4re, Stil oder Erfahrungslevel.\n\n  <h3 style=\"font-size: 24px; font-weight: bold; color: #ff6f61;\">\n    Hygiene, Diskretion und Komfort garantiert\n  <\/h3>\n  Die Treffen finden an geeigneten Orten statt: Hotel, Privatwohnung oder zu Hause, immer unter Einhaltung der Hygiene- und Vertraulichkeitsstandards. Lausanne bietet diskrete Viertel wie <strong>Sous-Gare<\/strong> oder <strong>Chailly<\/strong> f\u00fcr heitere und vertrauliche Termine.\n\n  <h3 style=\"font-size: 24px; font-weight: bold; color: #ff6f61;\">\n    Buchen Sie jetzt Ihr Erlebnis in Lausanne\n  <\/h3>\n  G\u00f6nnen Sie sich eine gewagte Auszeit mit einer Escortdame, die auf goldene Duschen spezialisiert ist. Auf <strong>meetgirl.ch<\/strong>In der Kategorie \"Sex\" finden Sie die ideale Partnerin, um diese Fantasie auf elegante, betreute und unvergessliche Weise auszuleben.\n\n<\/div>\n\t\t\t\t\t\t\t\t<\/div>\n\t\t\t\t<\/div>\n\t\t\t\t<\/div>\n\t\t\t\t\t<\/div>\n\t\t\t\t<\/div>\n\t\t\t\t<\/div>","protected":false},"excerpt":{"rendered":"<p>Escort f\u00fcr goldene Dusche in Lausanne - Erkunden Sie Ihre Fantasien mit Diskretion Eine intime und gewagte Erfahrung, die es auf meetgirl.ch zu entdecken gilt Sie f\u00fchlen sich von der Welt der Fetische angezogen und m\u00f6chten eine goldene Shower in Lausanne erleben? Auf meetgirl.ch finden Sie Escorts, die dieser Praxis gegen\u00fcber aufgeschlossen sind und bereit sind, Ihre W\u00fcnsche zu erf\u00fcllen [...].<\/p>","protected":false},"author":3,"featured_media":0,"parent":0,"menu_order":0,"comment_status":"closed","ping_status":"closed","template":"","meta":{"footnotes":""},"class_list":["post-10572","page","type-page","status-publish","hentry"],"acf":[],"yoast_head":"<!-- This site is optimized with the Yoast SEO plugin v26.0 - https:\/\/yoast.com\/wordpress\/plugins\/seo\/ -->\n<title>Douche dor\u00e9e Lausanne - Meetgirl - Annonces \u00e9rotiques - Escorts, massages et salons<\/title>\n<meta name=\"description\" content=\"Explorez la douche dor\u00e9e \u00e0 Lausanne avec une escort experte. Vivez ce fantasme f\u00e9tichiste dans un cadre discret, hygi\u00e9nique et respectueux\" \/>\n<meta name=\"robots\" content=\"index, follow, max-snippet:-1, max-image-preview:large, max-video-preview:-1\" \/>\n<link rel=\"canonical\" href=\"https:\/\/meetgirl.ch\/de\/goldene-dusche-lausanne\/\" \/>\n<meta property=\"og:locale\" content=\"de_DE\" \/>\n<meta property=\"og:type\" content=\"article\" \/>\n<meta property=\"og:title\" content=\"Douche dor\u00e9e Lausanne - Meetgirl - Annonces \u00e9rotiques - Escorts, massages et salons\" \/>\n<meta property=\"og:description\" content=\"Explorez la douche dor\u00e9e \u00e0 Lausanne avec une escort experte. Vivez ce fantasme f\u00e9tichiste dans un cadre discret, hygi\u00e9nique et respectueux\" \/>\n<meta property=\"og:url\" content=\"https:\/\/meetgirl.ch\/de\/goldene-dusche-lausanne\/\" \/>\n<meta property=\"og:site_name\" content=\"Meetgirl - Annonces \u00e9rotiques - Escorts, massages et salons\" \/>\n<meta property=\"article:modified_time\" content=\"2025-07-06T11:00:24+00:00\" \/>\n<meta property=\"og:image\" content=\"https:\/\/meetgirl.ch\/wp-content\/uploads\/2025\/03\/meetgirl-yoast.jpg\" \/>\n\t<meta property=\"og:image:width\" content=\"1200\" \/>\n\t<meta property=\"og:image:height\" content=\"675\" \/>\n\t<meta property=\"og:image:type\" content=\"image\/jpeg\" \/>\n<meta name=\"twitter:card\" content=\"summary_large_image\" \/>\n<meta name=\"twitter:label1\" content=\"Gesch\u00e4tzte Lesezeit\" \/>\n\t<meta name=\"twitter:data1\" content=\"3\u00a0Minuten\" \/>\n<script type=\"application\/ld+json\" class=\"yoast-schema-graph\">{\"@context\":\"https:\/\/schema.org\",\"@graph\":[{\"@type\":\"WebPage\",\"@id\":\"https:\/\/meetgirl.ch\/douche-doree-lausanne\/\",\"url\":\"https:\/\/meetgirl.ch\/douche-doree-lausanne\/\",\"name\":\"Douche dor\u00e9e Lausanne - Meetgirl - Annonces \u00e9rotiques - Escorts, massages et salons\",\"isPartOf\":{\"@id\":\"https:\/\/meetgirl.ch\/#website\"},\"primaryImageOfPage\":{\"@id\":\"https:\/\/meetgirl.ch\/douche-doree-lausanne\/#primaryimage\"},\"image\":{\"@id\":\"https:\/\/meetgirl.ch\/douche-doree-lausanne\/#primaryimage\"},\"thumbnailUrl\":\"https:\/\/meetgirl.ch\/wp-content\/uploads\/2025\/05\/domina-geneve-3.jpg\",\"datePublished\":\"2025-07-06T10:58:26+00:00\",\"dateModified\":\"2025-07-06T11:00:24+00:00\",\"description\":\"Explorez la douche dor\u00e9e \u00e0 Lausanne avec une escort experte. Vivez ce fantasme f\u00e9tichiste dans un cadre discret, hygi\u00e9nique et respectueux\",\"breadcrumb\":{\"@id\":\"https:\/\/meetgirl.ch\/douche-doree-lausanne\/#breadcrumb\"},\"inLanguage\":\"de\",\"potentialAction\":[{\"@type\":\"ReadAction\",\"target\":[\"https:\/\/meetgirl.ch\/douche-doree-lausanne\/\"]}]},{\"@type\":\"ImageObject\",\"inLanguage\":\"de\",\"@id\":\"https:\/\/meetgirl.ch\/douche-doree-lausanne\/#primaryimage\",\"url\":\"https:\/\/meetgirl.ch\/wp-content\/uploads\/2025\/05\/domina-geneve-3.jpg\",\"contentUrl\":\"https:\/\/meetgirl.ch\/wp-content\/uploads\/2025\/05\/domina-geneve-3.jpg\"},{\"@type\":\"BreadcrumbList\",\"@id\":\"https:\/\/meetgirl.ch\/douche-doree-lausanne\/#breadcrumb\",\"itemListElement\":[{\"@type\":\"ListItem\",\"position\":1,\"name\":\"Accueil\",\"item\":\"https:\/\/meetgirl.ch\/\"},{\"@type\":\"ListItem\",\"position\":2,\"name\":\"Douche dor\u00e9e Lausanne\"}]},{\"@type\":\"WebSite\",\"@id\":\"https:\/\/meetgirl.ch\/#website\",\"url\":\"https:\/\/meetgirl.ch\/\",\"name\":\"MeetGirl - Annonces \u00e9rotiques Suisse - Escorts, massages et salons\",\"description\":\"Escorts et massages \u00e9rotiques\",\"publisher\":{\"@id\":\"https:\/\/meetgirl.ch\/#organization\"},\"alternateName\":\"Annuaire \u00e9rotique Suisse Escort \u00e0 Gen\u00e8ve, Lausanne, Valais, Neuch\u00e2tel\",\"potentialAction\":[{\"@type\":\"SearchAction\",\"target\":{\"@type\":\"EntryPoint\",\"urlTemplate\":\"https:\/\/meetgirl.ch\/?s={search_term_string}\"},\"query-input\":{\"@type\":\"PropertyValueSpecification\",\"valueRequired\":true,\"valueName\":\"search_term_string\"}}],\"inLanguage\":\"de\"},{\"@type\":\"Organization\",\"@id\":\"https:\/\/meetgirl.ch\/#organization\",\"name\":\"Escort et massage \u00e9rotique\",\"alternateName\":\"Meetgirl escortes et masseuses\",\"url\":\"https:\/\/meetgirl.ch\/\",\"logo\":{\"@type\":\"ImageObject\",\"inLanguage\":\"de\",\"@id\":\"https:\/\/meetgirl.ch\/#\/schema\/logo\/image\/\",\"url\":\"https:\/\/meetgirl.ch\/wp-content\/uploads\/2024\/05\/cropped-meet-logo.png\",\"contentUrl\":\"https:\/\/meetgirl.ch\/wp-content\/uploads\/2024\/05\/cropped-meet-logo.png\",\"width\":512,\"height\":512,\"caption\":\"Escort et massage \u00e9rotique\"},\"image\":{\"@id\":\"https:\/\/meetgirl.ch\/#\/schema\/logo\/image\/\"}}]}<\/script>\n<!-- \/ Yoast SEO plugin. -->","yoast_head_json":{"title":"Douche dor\u00e9e Lausanne - Meetgirl - Erotikanzeigen - Escorts, Massagen und Salons","description":"Erkunden Sie die goldene Dusche in Lausanne mit einer erfahrenen Escortdame. Erleben Sie diese Fetischfantasie in einem diskreten, hygienischen und respektvollen Rahmen.","robots":{"index":"index","follow":"follow","max-snippet":"max-snippet:-1","max-image-preview":"max-image-preview:large","max-video-preview":"max-video-preview:-1"},"canonical":"https:\/\/meetgirl.ch\/de\/goldene-dusche-lausanne\/","og_locale":"de_DE","og_type":"article","og_title":"Douche dor\u00e9e Lausanne - Meetgirl - Annonces \u00e9rotiques - Escorts, massages et salons","og_description":"Explorez la douche dor\u00e9e \u00e0 Lausanne avec une escort experte. Vivez ce fantasme f\u00e9tichiste dans un cadre discret, hygi\u00e9nique et respectueux","og_url":"https:\/\/meetgirl.ch\/de\/goldene-dusche-lausanne\/","og_site_name":"Meetgirl - Annonces \u00e9rotiques - Escorts, massages et salons","article_modified_time":"2025-07-06T11:00:24+00:00","og_image":[{"width":1200,"height":675,"url":"https:\/\/meetgirl.ch\/wp-content\/uploads\/2025\/03\/meetgirl-yoast.jpg","type":"image\/jpeg"}],"twitter_card":"summary_large_image","twitter_misc":{"Gesch\u00e4tzte Lesezeit":"3\u00a0Minuten"},"schema":{"@context":"https:\/\/schema.org","@graph":[{"@type":"WebPage","@id":"https:\/\/meetgirl.ch\/douche-doree-lausanne\/","url":"https:\/\/meetgirl.ch\/douche-doree-lausanne\/","name":"Douche dor\u00e9e Lausanne - Meetgirl - Erotikanzeigen - Escorts, Massagen und Salons","isPartOf":{"@id":"https:\/\/meetgirl.ch\/#website"},"primaryImageOfPage":{"@id":"https:\/\/meetgirl.ch\/douche-doree-lausanne\/#primaryimage"},"image":{"@id":"https:\/\/meetgirl.ch\/douche-doree-lausanne\/#primaryimage"},"thumbnailUrl":"https:\/\/meetgirl.ch\/wp-content\/uploads\/2025\/05\/domina-geneve-3.jpg","datePublished":"2025-07-06T10:58:26+00:00","dateModified":"2025-07-06T11:00:24+00:00","description":"Erkunden Sie die goldene Dusche in Lausanne mit einer erfahrenen Escortdame. Erleben Sie diese Fetischfantasie in einem diskreten, hygienischen und respektvollen Rahmen.","breadcrumb":{"@id":"https:\/\/meetgirl.ch\/douche-doree-lausanne\/#breadcrumb"},"inLanguage":"de","potentialAction":[{"@type":"ReadAction","target":["https:\/\/meetgirl.ch\/douche-doree-lausanne\/"]}]},{"@type":"ImageObject","inLanguage":"de","@id":"https:\/\/meetgirl.ch\/douche-doree-lausanne\/#primaryimage","url":"https:\/\/meetgirl.ch\/wp-content\/uploads\/2025\/05\/domina-geneve-3.jpg","contentUrl":"https:\/\/meetgirl.ch\/wp-content\/uploads\/2025\/05\/domina-geneve-3.jpg"},{"@type":"BreadcrumbList","@id":"https:\/\/meetgirl.ch\/douche-doree-lausanne\/#breadcrumb","itemListElement":[{"@type":"ListItem","position":1,"name":"Accueil","item":"https:\/\/meetgirl.ch\/"},{"@type":"ListItem","position":2,"name":"Douche dor\u00e9e Lausanne"}]},{"@type":"WebSite","@id":"https:\/\/meetgirl.ch\/#website","url":"https:\/\/meetgirl.ch\/","name":"MeetGirl - Erotikanzeigen Schweiz - Escorts, Massagen und Salons","description":"Escorts und erotische Massagen","publisher":{"@id":"https:\/\/meetgirl.ch\/#organization"},"alternateName":"Annuaire \u00e9rotique Suisse Escort \u00e0 Gen\u00e8ve, Lausanne, Valais, Neuch\u00e2tel","potentialAction":[{"@type":"SearchAction","target":{"@type":"EntryPoint","urlTemplate":"https:\/\/meetgirl.ch\/?s={search_term_string}"},"query-input":{"@type":"PropertyValueSpecification","valueRequired":true,"valueName":"search_term_string"}}],"inLanguage":"de"},{"@type":"Organization","@id":"https:\/\/meetgirl.ch\/#organization","name":"Escort und erotische Massage","alternateName":"Meetgirl escortes et masseuses","url":"https:\/\/meetgirl.ch\/","logo":{"@type":"ImageObject","inLanguage":"de","@id":"https:\/\/meetgirl.ch\/#\/schema\/logo\/image\/","url":"https:\/\/meetgirl.ch\/wp-content\/uploads\/2024\/05\/cropped-meet-logo.png","contentUrl":"https:\/\/meetgirl.ch\/wp-content\/uploads\/2024\/05\/cropped-meet-logo.png","width":512,"height":512,"caption":"Escort et massage \u00e9rotique"},"image":{"@id":"https:\/\/meetgirl.ch\/#\/schema\/logo\/image\/"}}]}},"_links":{"self":[{"href":"https:\/\/meetgirl.ch\/de\/wp-json\/wp\/v2\/pages\/10572","targetHints":{"allow":["GET"]}}],"collection":[{"href":"https:\/\/meetgirl.ch\/de\/wp-json\/wp\/v2\/pages"}],"about":[{"href":"https:\/\/meetgirl.ch\/de\/wp-json\/wp\/v2\/types\/page"}],"author":[{"embeddable":true,"href":"https:\/\/meetgirl.ch\/de\/wp-json\/wp\/v2\/users\/3"}],"replies":[{"embeddable":true,"href":"https:\/\/meetgirl.ch\/de\/wp-json\/wp\/v2\/comments?post=10572"}],"version-history":[{"count":0,"href":"https:\/\/meetgirl.ch\/de\/wp-json\/wp\/v2\/pages\/10572\/revisions"}],"wp:attachment":[{"href":"https:\/\/meetgirl.ch\/de\/wp-json\/wp\/v2\/media?parent=10572"}],"curies":[{"name":"wp","href":"https:\/\/api.w.org\/{rel}","templated":true}]}}