{"id":10619,"date":"2025-07-06T11:42:17","date_gmt":"2025-07-06T11:42:17","guid":{"rendered":"https:\/\/meetgirl.ch\/?page_id=10619"},"modified":"2025-07-06T12:32:27","modified_gmt":"2025-07-06T12:32:27","slug":"shibari-artistique-lausanne","status":"publish","type":"page","link":"https:\/\/meetgirl.ch\/de\/shibari-artistique-lausanne\/","title":{"rendered":"Shibari artistique Lausanne"},"content":{"rendered":"<div data-elementor-type=\"wp-page\" data-elementor-id=\"10619\" class=\"elementor elementor-10619\">\n\t\t\t\t<div class=\"elementor-element elementor-element-84a900b e-flex e-con-boxed e-con e-parent\" data-id=\"84a900b\" data-element_type=\"container\" data-settings=\"{&quot;jet_parallax_layout_list&quot;:[]}\">\n\t\t\t\t\t<div class=\"e-con-inner\">\n\t\t<div class=\"elementor-element elementor-element-c2de33e e-con-full e-flex e-con e-child\" data-id=\"c2de33e\" data-element_type=\"container\" data-settings=\"{&quot;jet_parallax_layout_list&quot;:[]}\">\n\t\t\t\t<div class=\"elementor-element elementor-element-3fdeac5 elementor-widget elementor-widget-image\" data-id=\"3fdeac5\" data-element_type=\"widget\" data-widget_type=\"image.default\">\n\t\t\t\t<div class=\"elementor-widget-container\">\n\t\t\t\t\t\t\t\t\t\t\t\t\t\t\t<img decoding=\"async\" src=\"https:\/\/meetgirl.ch\/wp-content\/uploads\/2025\/05\/domina-geneve-3.jpg\" title=\"\" alt=\"\" loading=\"lazy\" \/>\t\t\t\t\t\t\t\t\t\t\t\t\t\t\t<\/div>\n\t\t\t\t<\/div>\n\t\t\t\t<div class=\"elementor-element elementor-element-feb6a58 elementor-widget elementor-widget-text-editor\" data-id=\"feb6a58\" data-element_type=\"widget\" data-widget_type=\"text-editor.default\">\n\t\t\t\t<div class=\"elementor-widget-container\">\n\t\t\t\t\t\t\t\t\t<p><span style=\"color: #ffffff;\"><a style=\"color: #ffffff;\" href=\"https:\/\/meetgirl.ch\/de\/bondage-lausanne\/\">Entdecke auch Bondage<\/a><\/span><\/p>\t\t\t\t\t\t\t\t<\/div>\n\t\t\t\t<\/div>\n\t\t\t\t<\/div>\n\t\t<div class=\"elementor-element elementor-element-5b09e63 e-con-full e-flex e-con e-child\" data-id=\"5b09e63\" data-element_type=\"container\" data-settings=\"{&quot;jet_parallax_layout_list&quot;:[]}\">\n\t\t\t\t<div class=\"elementor-element elementor-element-7558b03 elementor-widget elementor-widget-text-editor\" data-id=\"7558b03\" data-element_type=\"widget\" data-widget_type=\"text-editor.default\">\n\t\t\t\t<div class=\"elementor-widget-container\">\n\t\t\t\t\t\t\t\t\t<div style=\"color: white; font-family: Arial, sans-serif; line-height: 1.6;\">\n  <h1 style=\"font-size: 32px; font-weight: bold; text-align: center; color: #ff6f61;\">\n    K\u00fcnstlerisches Shibari in Lausanne - Die Kunst des japanischen Bondage mit einer raffinierten Escortdame\n  <\/h1>\n\n  <h2 style=\"font-size: 28px; font-weight: bold; color: #ff6f61;\">\n    Entdecken Sie die Sch\u00f6nheit des Shibari mit einer erfahrenen Escortdame\n  <\/h2>\n  In Lausanne bieten Ihnen einige Escorts eine Einf\u00fchrung oder eine immersive Sitzung von <strong>K\u00fcnstlerisches Shibari<\/strong>Eine Form des japanischen Bondage, die Erotik, \u00c4sthetik und Emotionen miteinander verbindet. Diese Seilspiele sublimieren den K\u00f6rper und wecken die Sinne in einem sicheren und intimen Rahmen.\n\n  <h2 style=\"font-size: 28px; font-weight: bold; color: #ff6f61;\">\n    Was ist Shibari?\n  <\/h2>\n  Shibari (\u7e1b\u308a), auch Kinbaku genannt, ist die Kunst, den K\u00f6rper mit nat\u00fcrlichen Seilen nach bestimmten Techniken zu fesseln. Es ist mehr als nur Bondage, es ist eine K\u00f6rpersprache, die Vertrauen, Verletzlichkeit, Loslassen und visuelle Erregung hervorruft.\n\n  <h3 style=\"font-size: 24px; font-weight: bold; color: #ff6f61;\">\n    Eine \u00e4sthetische und emotionale Erfahrung\n  <\/h3>\n  Shibari kann sanft, langsam und meditativ oder intensiver sein, je nach Ihren W\u00fcnschen. Der Escort schafft eine Inszenierung, bei der Ihr K\u00f6rper zu einem Kunstwerk wird. Jeder Knoten, jede Spannung des Seils ist eine Einladung, anders zu empfinden.\n\n  <h2 style=\"font-size: 28px; font-weight: bold; color: #ff6f61;\">\n    Warum sollten Sie eine Shibari-Sitzung mit einer Escort in Lausanne erleben?\n  <\/h2>\n  Eine in Shibari ausgebildete Escortdame kennt die Sicherheitstechniken, die Druckpunkte und die Grenzen, die es zu beachten gilt. Sie begleitet Sie professionell zu einer harmonischen Sitzung, ob rein k\u00fcnstlerisch, sinnlich oder leicht BDSM-lastig.\n\n  <h3 style=\"font-size: 24px; font-weight: bold; color: #ff6f61;\">\n    Eine intime Kunst, die in den vornehmen Vierteln von Lausanne praktiziert wird\n  <\/h3>\n  Treffen Sie Ihre Shibari-Escort in <strong>Ouchy<\/strong>, <strong>Lausanne-Zentrum<\/strong>, <strong>Chailly<\/strong> oder <strong>Pully<\/strong>. Die Termine finden diskret in einer warmen, sauberen und sicheren Umgebung statt.\n\n  <h2 style=\"font-size: 28px; font-weight: bold; color: #ff6f61;\">\n    Finden Sie eine auf Shibari spezialisierte Escort auf meetgirl.ch\n  <\/h2>\n  Auf <strong>meetgirl.ch<\/strong>Auf unserer Seite k\u00f6nnen Sie die Profile von Escorts in Lausanne filtern, die k\u00fcnstlerisches Shibari anbieten. Lassen Sie sich von den Fotos, den Meinungen und den detaillierten Beschreibungen leiten, um diejenige auszuw\u00e4hlen, die Ihren W\u00fcnschen entspricht.\n\n  <h2 style=\"font-size: 28px; font-weight: bold; color: #ff6f61;\">\n    Buchen Sie ein einzigartiges Shibari-Erlebnis in Lausanne\n  <\/h2>\n  Ob Sie eine neue Form der Lust erkunden oder sich in die H\u00e4nde einer Expertin begeben m\u00f6chten, Shibari ist eine sinnliche und zugleich \u00e4sthetische Auszeit. Buchen Sie jetzt auf <strong>meetgirl.ch<\/strong> f\u00fcr eine unvergessliche Sitzung.\n<\/div>\n\t\t\t\t\t\t\t\t<\/div>\n\t\t\t\t<\/div>\n\t\t\t\t<\/div>\n\t\t\t\t\t<\/div>\n\t\t\t\t<\/div>\n\t\t\t\t<\/div>","protected":false},"excerpt":{"rendered":"<p>A d\u00e9couvrir aussi le Bondage Shibari artistique \u00e0 Lausanne \u2013 L\u2019art du bondage japonais avec une escort raffin\u00e9e D\u00e9couvrez la beaut\u00e9 du Shibari avec une escort exp\u00e9riment\u00e9e \u00c0 Lausanne, certaines escorts vous proposent une initiation ou une s\u00e9ance immersive de Shibari artistique, une forme de bondage japonais m\u00ealant \u00e9rotisme, esth\u00e9tique et \u00e9motion. Ces jeux de [&hellip;]<\/p>","protected":false},"author":3,"featured_media":0,"parent":0,"menu_order":0,"comment_status":"closed","ping_status":"closed","template":"","meta":{"footnotes":""},"class_list":["post-10619","page","type-page","status-publish","hentry"],"acf":[],"yoast_head":"<!-- This site is optimized with the Yoast SEO plugin v26.0 - https:\/\/yoast.com\/wordpress\/plugins\/seo\/ -->\n<title>Shibari artistique Lausanne - Meetgirl - Annonces \u00e9rotiques - Escorts, massages et salons<\/title>\n<meta name=\"description\" content=\"Vivez une s\u00e9ance de Shibari artistique \u00e0 Lausanne avec une escort experte. Sensualit\u00e9, esth\u00e9tique et cordes japonaises sur meetgirl.ch\" \/>\n<meta name=\"robots\" content=\"index, follow, max-snippet:-1, max-image-preview:large, max-video-preview:-1\" \/>\n<link rel=\"canonical\" href=\"https:\/\/meetgirl.ch\/de\/shibari-artistique-lausanne\/\" \/>\n<meta property=\"og:locale\" content=\"de_DE\" \/>\n<meta property=\"og:type\" content=\"article\" \/>\n<meta property=\"og:title\" content=\"Shibari artistique Lausanne - Meetgirl - Annonces \u00e9rotiques - Escorts, massages et salons\" \/>\n<meta property=\"og:description\" content=\"Vivez une s\u00e9ance de Shibari artistique \u00e0 Lausanne avec une escort experte. Sensualit\u00e9, esth\u00e9tique et cordes japonaises sur meetgirl.ch\" \/>\n<meta property=\"og:url\" content=\"https:\/\/meetgirl.ch\/de\/shibari-artistique-lausanne\/\" \/>\n<meta property=\"og:site_name\" content=\"Meetgirl - Annonces \u00e9rotiques - Escorts, massages et salons\" \/>\n<meta property=\"article:modified_time\" content=\"2025-07-06T12:32:27+00:00\" \/>\n<meta property=\"og:image\" content=\"https:\/\/meetgirl.ch\/wp-content\/uploads\/2025\/03\/meetgirl-yoast.jpg\" \/>\n\t<meta property=\"og:image:width\" content=\"1200\" \/>\n\t<meta property=\"og:image:height\" content=\"675\" \/>\n\t<meta property=\"og:image:type\" content=\"image\/jpeg\" \/>\n<meta name=\"twitter:card\" content=\"summary_large_image\" \/>\n<meta name=\"twitter:label1\" content=\"Gesch\u00e4tzte Lesezeit\" \/>\n\t<meta name=\"twitter:data1\" content=\"2\u00a0Minuten\" \/>\n<script type=\"application\/ld+json\" class=\"yoast-schema-graph\">{\"@context\":\"https:\/\/schema.org\",\"@graph\":[{\"@type\":\"WebPage\",\"@id\":\"https:\/\/meetgirl.ch\/shibari-artistique-lausanne\/\",\"url\":\"https:\/\/meetgirl.ch\/shibari-artistique-lausanne\/\",\"name\":\"Shibari artistique Lausanne - Meetgirl - Annonces \u00e9rotiques - Escorts, massages et salons\",\"isPartOf\":{\"@id\":\"https:\/\/meetgirl.ch\/#website\"},\"primaryImageOfPage\":{\"@id\":\"https:\/\/meetgirl.ch\/shibari-artistique-lausanne\/#primaryimage\"},\"image\":{\"@id\":\"https:\/\/meetgirl.ch\/shibari-artistique-lausanne\/#primaryimage\"},\"thumbnailUrl\":\"https:\/\/meetgirl.ch\/wp-content\/uploads\/2025\/05\/domina-geneve-3.jpg\",\"datePublished\":\"2025-07-06T11:42:17+00:00\",\"dateModified\":\"2025-07-06T12:32:27+00:00\",\"description\":\"Vivez une s\u00e9ance de Shibari artistique \u00e0 Lausanne avec une escort experte. Sensualit\u00e9, esth\u00e9tique et cordes japonaises sur meetgirl.ch\",\"breadcrumb\":{\"@id\":\"https:\/\/meetgirl.ch\/shibari-artistique-lausanne\/#breadcrumb\"},\"inLanguage\":\"de\",\"potentialAction\":[{\"@type\":\"ReadAction\",\"target\":[\"https:\/\/meetgirl.ch\/shibari-artistique-lausanne\/\"]}]},{\"@type\":\"ImageObject\",\"inLanguage\":\"de\",\"@id\":\"https:\/\/meetgirl.ch\/shibari-artistique-lausanne\/#primaryimage\",\"url\":\"https:\/\/meetgirl.ch\/wp-content\/uploads\/2025\/05\/domina-geneve-3.jpg\",\"contentUrl\":\"https:\/\/meetgirl.ch\/wp-content\/uploads\/2025\/05\/domina-geneve-3.jpg\"},{\"@type\":\"BreadcrumbList\",\"@id\":\"https:\/\/meetgirl.ch\/shibari-artistique-lausanne\/#breadcrumb\",\"itemListElement\":[{\"@type\":\"ListItem\",\"position\":1,\"name\":\"Accueil\",\"item\":\"https:\/\/meetgirl.ch\/\"},{\"@type\":\"ListItem\",\"position\":2,\"name\":\"Shibari artistique Lausanne\"}]},{\"@type\":\"WebSite\",\"@id\":\"https:\/\/meetgirl.ch\/#website\",\"url\":\"https:\/\/meetgirl.ch\/\",\"name\":\"MeetGirl - Annonces \u00e9rotiques Suisse - Escorts, massages et salons\",\"description\":\"Escorts et massages \u00e9rotiques\",\"publisher\":{\"@id\":\"https:\/\/meetgirl.ch\/#organization\"},\"alternateName\":\"Annuaire \u00e9rotique Suisse Escort \u00e0 Gen\u00e8ve, Lausanne, Valais, Neuch\u00e2tel\",\"potentialAction\":[{\"@type\":\"SearchAction\",\"target\":{\"@type\":\"EntryPoint\",\"urlTemplate\":\"https:\/\/meetgirl.ch\/?s={search_term_string}\"},\"query-input\":{\"@type\":\"PropertyValueSpecification\",\"valueRequired\":true,\"valueName\":\"search_term_string\"}}],\"inLanguage\":\"de\"},{\"@type\":\"Organization\",\"@id\":\"https:\/\/meetgirl.ch\/#organization\",\"name\":\"Escort et massage \u00e9rotique\",\"alternateName\":\"Meetgirl escortes et masseuses\",\"url\":\"https:\/\/meetgirl.ch\/\",\"logo\":{\"@type\":\"ImageObject\",\"inLanguage\":\"de\",\"@id\":\"https:\/\/meetgirl.ch\/#\/schema\/logo\/image\/\",\"url\":\"https:\/\/meetgirl.ch\/wp-content\/uploads\/2024\/05\/cropped-meet-logo.png\",\"contentUrl\":\"https:\/\/meetgirl.ch\/wp-content\/uploads\/2024\/05\/cropped-meet-logo.png\",\"width\":512,\"height\":512,\"caption\":\"Escort et massage \u00e9rotique\"},\"image\":{\"@id\":\"https:\/\/meetgirl.ch\/#\/schema\/logo\/image\/\"}}]}<\/script>\n<!-- \/ Yoast SEO plugin. -->","yoast_head_json":{"title":"K\u00fcnstlerische Shibari Lausanne - Meetgirl - Erotische Anzeigen - Escorts, Massagen und Salons","description":"Erleben Sie eine kunstvolle Shibari-Sitzung in Lausanne mit einer erfahrenen Escortdame. Sinnlichkeit, \u00c4sthetik und japanische Seile auf meetgirl.ch","robots":{"index":"index","follow":"follow","max-snippet":"max-snippet:-1","max-image-preview":"max-image-preview:large","max-video-preview":"max-video-preview:-1"},"canonical":"https:\/\/meetgirl.ch\/de\/shibari-artistique-lausanne\/","og_locale":"de_DE","og_type":"article","og_title":"Shibari artistique Lausanne - Meetgirl - Annonces \u00e9rotiques - Escorts, massages et salons","og_description":"Vivez une s\u00e9ance de Shibari artistique \u00e0 Lausanne avec une escort experte. Sensualit\u00e9, esth\u00e9tique et cordes japonaises sur meetgirl.ch","og_url":"https:\/\/meetgirl.ch\/de\/shibari-artistique-lausanne\/","og_site_name":"Meetgirl - Annonces \u00e9rotiques - Escorts, massages et salons","article_modified_time":"2025-07-06T12:32:27+00:00","og_image":[{"width":1200,"height":675,"url":"https:\/\/meetgirl.ch\/wp-content\/uploads\/2025\/03\/meetgirl-yoast.jpg","type":"image\/jpeg"}],"twitter_card":"summary_large_image","twitter_misc":{"Gesch\u00e4tzte Lesezeit":"2\u00a0Minuten"},"schema":{"@context":"https:\/\/schema.org","@graph":[{"@type":"WebPage","@id":"https:\/\/meetgirl.ch\/shibari-artistique-lausanne\/","url":"https:\/\/meetgirl.ch\/shibari-artistique-lausanne\/","name":"K\u00fcnstlerische Shibari Lausanne - Meetgirl - Erotische Anzeigen - Escorts, Massagen und Salons","isPartOf":{"@id":"https:\/\/meetgirl.ch\/#website"},"primaryImageOfPage":{"@id":"https:\/\/meetgirl.ch\/shibari-artistique-lausanne\/#primaryimage"},"image":{"@id":"https:\/\/meetgirl.ch\/shibari-artistique-lausanne\/#primaryimage"},"thumbnailUrl":"https:\/\/meetgirl.ch\/wp-content\/uploads\/2025\/05\/domina-geneve-3.jpg","datePublished":"2025-07-06T11:42:17+00:00","dateModified":"2025-07-06T12:32:27+00:00","description":"Erleben Sie eine kunstvolle Shibari-Sitzung in Lausanne mit einer erfahrenen Escortdame. Sinnlichkeit, \u00c4sthetik und japanische Seile auf meetgirl.ch","breadcrumb":{"@id":"https:\/\/meetgirl.ch\/shibari-artistique-lausanne\/#breadcrumb"},"inLanguage":"de","potentialAction":[{"@type":"ReadAction","target":["https:\/\/meetgirl.ch\/shibari-artistique-lausanne\/"]}]},{"@type":"ImageObject","inLanguage":"de","@id":"https:\/\/meetgirl.ch\/shibari-artistique-lausanne\/#primaryimage","url":"https:\/\/meetgirl.ch\/wp-content\/uploads\/2025\/05\/domina-geneve-3.jpg","contentUrl":"https:\/\/meetgirl.ch\/wp-content\/uploads\/2025\/05\/domina-geneve-3.jpg"},{"@type":"BreadcrumbList","@id":"https:\/\/meetgirl.ch\/shibari-artistique-lausanne\/#breadcrumb","itemListElement":[{"@type":"ListItem","position":1,"name":"Accueil","item":"https:\/\/meetgirl.ch\/"},{"@type":"ListItem","position":2,"name":"Shibari artistique Lausanne"}]},{"@type":"WebSite","@id":"https:\/\/meetgirl.ch\/#website","url":"https:\/\/meetgirl.ch\/","name":"MeetGirl - Erotikanzeigen Schweiz - Escorts, Massagen und Salons","description":"Escorts und erotische Massagen","publisher":{"@id":"https:\/\/meetgirl.ch\/#organization"},"alternateName":"Annuaire \u00e9rotique Suisse Escort \u00e0 Gen\u00e8ve, Lausanne, Valais, Neuch\u00e2tel","potentialAction":[{"@type":"SearchAction","target":{"@type":"EntryPoint","urlTemplate":"https:\/\/meetgirl.ch\/?s={search_term_string}"},"query-input":{"@type":"PropertyValueSpecification","valueRequired":true,"valueName":"search_term_string"}}],"inLanguage":"de"},{"@type":"Organization","@id":"https:\/\/meetgirl.ch\/#organization","name":"Escort und erotische Massage","alternateName":"Meetgirl escortes et masseuses","url":"https:\/\/meetgirl.ch\/","logo":{"@type":"ImageObject","inLanguage":"de","@id":"https:\/\/meetgirl.ch\/#\/schema\/logo\/image\/","url":"https:\/\/meetgirl.ch\/wp-content\/uploads\/2024\/05\/cropped-meet-logo.png","contentUrl":"https:\/\/meetgirl.ch\/wp-content\/uploads\/2024\/05\/cropped-meet-logo.png","width":512,"height":512,"caption":"Escort et massage \u00e9rotique"},"image":{"@id":"https:\/\/meetgirl.ch\/#\/schema\/logo\/image\/"}}]}},"_links":{"self":[{"href":"https:\/\/meetgirl.ch\/de\/wp-json\/wp\/v2\/pages\/10619","targetHints":{"allow":["GET"]}}],"collection":[{"href":"https:\/\/meetgirl.ch\/de\/wp-json\/wp\/v2\/pages"}],"about":[{"href":"https:\/\/meetgirl.ch\/de\/wp-json\/wp\/v2\/types\/page"}],"author":[{"embeddable":true,"href":"https:\/\/meetgirl.ch\/de\/wp-json\/wp\/v2\/users\/3"}],"replies":[{"embeddable":true,"href":"https:\/\/meetgirl.ch\/de\/wp-json\/wp\/v2\/comments?post=10619"}],"version-history":[{"count":0,"href":"https:\/\/meetgirl.ch\/de\/wp-json\/wp\/v2\/pages\/10619\/revisions"}],"wp:attachment":[{"href":"https:\/\/meetgirl.ch\/de\/wp-json\/wp\/v2\/media?parent=10619"}],"curies":[{"name":"wp","href":"https:\/\/api.w.org\/{rel}","templated":true}]}}