{"id":10649,"date":"2025-07-06T11:58:01","date_gmt":"2025-07-06T11:58:01","guid":{"rendered":"https:\/\/meetgirl.ch\/?page_id=10649"},"modified":"2025-07-06T11:59:40","modified_gmt":"2025-07-06T11:59:40","slug":"escort-spanking-lausanne","status":"publish","type":"page","link":"https:\/\/meetgirl.ch\/de\/escort-spanking-lausanne\/","title":{"rendered":"Escort spanking Lausanne"},"content":{"rendered":"<div data-elementor-type=\"wp-page\" data-elementor-id=\"10649\" class=\"elementor elementor-10649\">\n\t\t\t\t<div class=\"elementor-element elementor-element-98beaec e-flex e-con-boxed e-con e-parent\" data-id=\"98beaec\" data-element_type=\"container\" data-settings=\"{&quot;jet_parallax_layout_list&quot;:[]}\">\n\t\t\t\t\t<div class=\"e-con-inner\">\n\t\t<div class=\"elementor-element elementor-element-facbffa e-con-full e-flex e-con e-child\" data-id=\"facbffa\" data-element_type=\"container\" data-settings=\"{&quot;jet_parallax_layout_list&quot;:[]}\">\n\t\t\t\t<div class=\"elementor-element elementor-element-04cd443 elementor-widget elementor-widget-image\" data-id=\"04cd443\" data-element_type=\"widget\" data-widget_type=\"image.default\">\n\t\t\t\t<div class=\"elementor-widget-container\">\n\t\t\t\t\t\t\t\t\t\t\t\t\t\t\t<img decoding=\"async\" src=\"https:\/\/meetgirl.ch\/wp-content\/uploads\/2025\/05\/domina-geneve-2.jpg\" title=\"\" alt=\"\" loading=\"lazy\" \/>\t\t\t\t\t\t\t\t\t\t\t\t\t\t\t<\/div>\n\t\t\t\t<\/div>\n\t\t\t\t<\/div>\n\t\t<div class=\"elementor-element elementor-element-00ff00c e-con-full e-flex e-con e-child\" data-id=\"00ff00c\" data-element_type=\"container\" data-settings=\"{&quot;jet_parallax_layout_list&quot;:[]}\">\n\t\t\t\t<div class=\"elementor-element elementor-element-75a8210 elementor-widget elementor-widget-text-editor\" data-id=\"75a8210\" data-element_type=\"widget\" data-widget_type=\"text-editor.default\">\n\t\t\t\t<div class=\"elementor-widget-container\">\n\t\t\t\t\t\t\t\t\t<div style=\"color: white; font-family: Arial, sans-serif; line-height: 1.6;\">\n  <h1 style=\"font-size: 32px; font-weight: bold; text-align: center; color: #ff6f61;\">\n    Spanking Escort in Lausanne - Erleben Sie sinnliches Spanking ohne Tabus\n  <\/h1>\n\n  <h2 style=\"font-size: 28px; font-weight: bold; color: #ff6f61;\">\n    Tr\u00e4umen Sie von einem kontrollierten und erotischen Spanking-Erlebnis in Lausanne?\n  <\/h2>\n  Auf <strong>meetgirl.ch<\/strong>Finden Sie eine <strong>auf Spanking spezialisierte Escort in Lausanne<\/strong> bereit, Ihre genauesten Fantasien zu verk\u00f6rpern. Zwischen Vergn\u00fcgen, Dominanz und erotischem Spiel wird das Spanking hier zu einer echten Inszenierung von Verlangen und Kontrolle.\n\n  <h2 style=\"font-size: 28px; font-weight: bold; color: #ff6f61;\">\n    Spanking: zwischen s\u00fc\u00dfem Schmerz und geistiger Erregung\n  <\/h2>\n  Die <strong>spanking<\/strong> ist die Kunst, in einem erotischen und einvernehmlichen Rahmen einen Klaps zu geben oder zu empfangen. Dies kann von einfachen, spielerischen Schl\u00e4gen auf den Po bis hin zu intensiveren Spielen reichen, die Unterwerfung und Kontrolle miteinander verbinden. Es ist eine sehr beliebte Praxis wegen der einzigartigen Mischung aus k\u00f6rperlichen Empfindungen und geistiger Anspannung, die sie mit sich bringt.\n\n  <h3 style=\"font-size: 24px; font-weight: bold; color: #ff6f61;\">\n    Arten von vorgeschlagenen Spanking\n  <\/h3>\n  <ul style=\"margin-left: 20px;\">\n    <li>Spanking mit der blo\u00dfen Hand, sinnlich oder strafend<\/li>\n    <li>Spanking mit Paddle, Martinet, G\u00fcrtel<\/li>\n    <li>Rollenspiel (Sch\u00fclerin\/Patronin, Lehrerin\/Diener...)<\/li>\n    <li>Kombinationen mit leichter Bondage oder weicher Erniedrigung<\/li>\n  <\/ul>\n\n  <h2 style=\"font-size: 28px; font-weight: bold; color: #ff6f61;\">\n    Wo kann man eine Spanking Escort in Lausanne treffen?\n  <\/h2>\n  Die Treffen finden in Privatwohnungen, Hotels oder zu Hause in <strong>Lausanne-Flon<\/strong>, <strong>Ouchy<\/strong>, <strong>Chailly<\/strong> oder <strong>Stadtzentrum<\/strong>. Jede Escortdame garantiert Diskretion, Hygiene und respektiert Ihre Grenzen.\n\n  <h3 style=\"font-size: 24px; font-weight: bold; color: #ff6f61;\">\n    Eine Praxis, die auf gegenseitigem Respekt beruht\n  <\/h3>\n  Vor jeder Spanking-Sitzung werden in einem klaren Gespr\u00e4ch die W\u00fcnsche, die Grenzen, die gew\u00fcnschte Intensit\u00e4t und die Verwendung eines Sicherheitswortes festgelegt. So bleibt das Vergn\u00fcgen unter Kontrolle und ist Teil eines vertrauensvollen Prozesses.\n\n  <h2 style=\"font-size: 28px; font-weight: bold; color: #ff6f61;\">\n    Buchen Sie Ihre erfahrene Spanking-Escort in Lausanne\n  <\/h2>\n  Durchsuchen Sie <strong>meetgirl.ch<\/strong> und entdecken Sie die Profile von dominanten oder devoten Frauen, die Spanking als erotische Dienstleistung anbieten. Ob Sie nun neugierig sind oder sich f\u00fcr Soft BDSM begeistern, Sie werden die ideale Komplizin f\u00fcr Ihr n\u00e4chstes Erlebnis finden.\n\n  <h2 style=\"font-size: 28px; font-weight: bold; color: #ff6f61;\">\n    Spanking in Lausanne: Eine Fantasie zum Greifen nah\n  <\/h2>\n  Erleben Sie eine sinnliche und wohlwollende Spanking-Sitzung mit einer Escortdame in Lausanne. Lassen Sie sich von einer Expertin zu einem Moment intensiver k\u00f6rperlicher und geistiger Lust f\u00fchren.\n<\/div>\n\t\t\t\t\t\t\t\t<\/div>\n\t\t\t\t<\/div>\n\t\t\t\t<\/div>\n\t\t\t\t\t<\/div>\n\t\t\t\t<\/div>\n\t\t\t\t<\/div>","protected":false},"excerpt":{"rendered":"<p>Escort spanking \u00e0 Lausanne \u2013 Vivez la fess\u00e9e sensuelle sans tabou Vous r\u00eavez d&rsquo;une exp\u00e9rience de fess\u00e9e contr\u00f4l\u00e9e et \u00e9rotique \u00e0 Lausanne ? Sur meetgirl.ch, trouvez une escort sp\u00e9cialis\u00e9e en spanking \u00e0 Lausanne pr\u00eate \u00e0 incarner vos fantasmes les plus pr\u00e9cis. Entre plaisir, domination et jeu \u00e9rotique, la fess\u00e9e devient ici une v\u00e9ritable mise en [&hellip;]<\/p>","protected":false},"author":3,"featured_media":0,"parent":0,"menu_order":0,"comment_status":"closed","ping_status":"closed","template":"","meta":{"footnotes":""},"class_list":["post-10649","page","type-page","status-publish","hentry"],"acf":[],"yoast_head":"<!-- This site is optimized with the Yoast SEO plugin v26.0 - https:\/\/yoast.com\/wordpress\/plugins\/seo\/ -->\n<title>Escort spanking Lausanne - Meetgirl - Annonces \u00e9rotiques - Escorts, massages et salons<\/title>\n<meta name=\"description\" content=\"Vivez une s\u00e9ance de spanking \u00e0 Lausanne avec une escort experte sur meetgirl.ch. Fess\u00e9e \u00e9rotique, domination douce et jeux sensuels\" \/>\n<meta name=\"robots\" content=\"index, follow, max-snippet:-1, max-image-preview:large, max-video-preview:-1\" \/>\n<link rel=\"canonical\" href=\"https:\/\/meetgirl.ch\/de\/escort-spanking-lausanne\/\" \/>\n<meta property=\"og:locale\" content=\"de_DE\" \/>\n<meta property=\"og:type\" content=\"article\" \/>\n<meta property=\"og:title\" content=\"Escort spanking Lausanne - Meetgirl - Annonces \u00e9rotiques - Escorts, massages et salons\" \/>\n<meta property=\"og:description\" content=\"Vivez une s\u00e9ance de spanking \u00e0 Lausanne avec une escort experte sur meetgirl.ch. Fess\u00e9e \u00e9rotique, domination douce et jeux sensuels\" \/>\n<meta property=\"og:url\" content=\"https:\/\/meetgirl.ch\/de\/escort-spanking-lausanne\/\" \/>\n<meta property=\"og:site_name\" content=\"Meetgirl - Annonces \u00e9rotiques - Escorts, massages et salons\" \/>\n<meta property=\"article:modified_time\" content=\"2025-07-06T11:59:40+00:00\" \/>\n<meta property=\"og:image\" content=\"https:\/\/meetgirl.ch\/wp-content\/uploads\/2025\/03\/meetgirl-yoast.jpg\" \/>\n\t<meta property=\"og:image:width\" content=\"1200\" \/>\n\t<meta property=\"og:image:height\" content=\"675\" \/>\n\t<meta property=\"og:image:type\" content=\"image\/jpeg\" \/>\n<meta name=\"twitter:card\" content=\"summary_large_image\" \/>\n<meta name=\"twitter:label1\" content=\"Gesch\u00e4tzte Lesezeit\" \/>\n\t<meta name=\"twitter:data1\" content=\"2\u00a0Minuten\" \/>\n<script type=\"application\/ld+json\" class=\"yoast-schema-graph\">{\"@context\":\"https:\/\/schema.org\",\"@graph\":[{\"@type\":\"WebPage\",\"@id\":\"https:\/\/meetgirl.ch\/escort-spanking-lausanne\/\",\"url\":\"https:\/\/meetgirl.ch\/escort-spanking-lausanne\/\",\"name\":\"Escort spanking Lausanne - Meetgirl - Annonces \u00e9rotiques - Escorts, massages et salons\",\"isPartOf\":{\"@id\":\"https:\/\/meetgirl.ch\/#website\"},\"primaryImageOfPage\":{\"@id\":\"https:\/\/meetgirl.ch\/escort-spanking-lausanne\/#primaryimage\"},\"image\":{\"@id\":\"https:\/\/meetgirl.ch\/escort-spanking-lausanne\/#primaryimage\"},\"thumbnailUrl\":\"https:\/\/meetgirl.ch\/wp-content\/uploads\/2025\/05\/domina-geneve-2.jpg\",\"datePublished\":\"2025-07-06T11:58:01+00:00\",\"dateModified\":\"2025-07-06T11:59:40+00:00\",\"description\":\"Vivez une s\u00e9ance de spanking \u00e0 Lausanne avec une escort experte sur meetgirl.ch. Fess\u00e9e \u00e9rotique, domination douce et jeux sensuels\",\"breadcrumb\":{\"@id\":\"https:\/\/meetgirl.ch\/escort-spanking-lausanne\/#breadcrumb\"},\"inLanguage\":\"de\",\"potentialAction\":[{\"@type\":\"ReadAction\",\"target\":[\"https:\/\/meetgirl.ch\/escort-spanking-lausanne\/\"]}]},{\"@type\":\"ImageObject\",\"inLanguage\":\"de\",\"@id\":\"https:\/\/meetgirl.ch\/escort-spanking-lausanne\/#primaryimage\",\"url\":\"https:\/\/meetgirl.ch\/wp-content\/uploads\/2025\/05\/domina-geneve-2.jpg\",\"contentUrl\":\"https:\/\/meetgirl.ch\/wp-content\/uploads\/2025\/05\/domina-geneve-2.jpg\"},{\"@type\":\"BreadcrumbList\",\"@id\":\"https:\/\/meetgirl.ch\/escort-spanking-lausanne\/#breadcrumb\",\"itemListElement\":[{\"@type\":\"ListItem\",\"position\":1,\"name\":\"Accueil\",\"item\":\"https:\/\/meetgirl.ch\/\"},{\"@type\":\"ListItem\",\"position\":2,\"name\":\"Escort spanking Lausanne\"}]},{\"@type\":\"WebSite\",\"@id\":\"https:\/\/meetgirl.ch\/#website\",\"url\":\"https:\/\/meetgirl.ch\/\",\"name\":\"MeetGirl - Annonces \u00e9rotiques Suisse - Escorts, massages et salons\",\"description\":\"Escorts et massages \u00e9rotiques\",\"publisher\":{\"@id\":\"https:\/\/meetgirl.ch\/#organization\"},\"alternateName\":\"Annuaire \u00e9rotique Suisse Escort \u00e0 Gen\u00e8ve, Lausanne, Valais, Neuch\u00e2tel\",\"potentialAction\":[{\"@type\":\"SearchAction\",\"target\":{\"@type\":\"EntryPoint\",\"urlTemplate\":\"https:\/\/meetgirl.ch\/?s={search_term_string}\"},\"query-input\":{\"@type\":\"PropertyValueSpecification\",\"valueRequired\":true,\"valueName\":\"search_term_string\"}}],\"inLanguage\":\"de\"},{\"@type\":\"Organization\",\"@id\":\"https:\/\/meetgirl.ch\/#organization\",\"name\":\"Escort et massage \u00e9rotique\",\"alternateName\":\"Meetgirl escortes et masseuses\",\"url\":\"https:\/\/meetgirl.ch\/\",\"logo\":{\"@type\":\"ImageObject\",\"inLanguage\":\"de\",\"@id\":\"https:\/\/meetgirl.ch\/#\/schema\/logo\/image\/\",\"url\":\"https:\/\/meetgirl.ch\/wp-content\/uploads\/2024\/05\/cropped-meet-logo.png\",\"contentUrl\":\"https:\/\/meetgirl.ch\/wp-content\/uploads\/2024\/05\/cropped-meet-logo.png\",\"width\":512,\"height\":512,\"caption\":\"Escort et massage \u00e9rotique\"},\"image\":{\"@id\":\"https:\/\/meetgirl.ch\/#\/schema\/logo\/image\/\"}}]}<\/script>\n<!-- \/ Yoast SEO plugin. -->","yoast_head_json":{"title":"Escort spanking Lausanne - Meetgirl - Erotische Anzeigen - Escorts, Massagen und Salons","description":"Erleben Sie eine Spanking-Sitzung in Lausanne mit einer erfahrenen Escortdame auf meetgirl.ch. Erotisches Spanking, sanfte Dominanz und sinnliche Spiele","robots":{"index":"index","follow":"follow","max-snippet":"max-snippet:-1","max-image-preview":"max-image-preview:large","max-video-preview":"max-video-preview:-1"},"canonical":"https:\/\/meetgirl.ch\/de\/escort-spanking-lausanne\/","og_locale":"de_DE","og_type":"article","og_title":"Escort spanking Lausanne - Meetgirl - Annonces \u00e9rotiques - Escorts, massages et salons","og_description":"Vivez une s\u00e9ance de spanking \u00e0 Lausanne avec une escort experte sur meetgirl.ch. Fess\u00e9e \u00e9rotique, domination douce et jeux sensuels","og_url":"https:\/\/meetgirl.ch\/de\/escort-spanking-lausanne\/","og_site_name":"Meetgirl - Annonces \u00e9rotiques - Escorts, massages et salons","article_modified_time":"2025-07-06T11:59:40+00:00","og_image":[{"width":1200,"height":675,"url":"https:\/\/meetgirl.ch\/wp-content\/uploads\/2025\/03\/meetgirl-yoast.jpg","type":"image\/jpeg"}],"twitter_card":"summary_large_image","twitter_misc":{"Gesch\u00e4tzte Lesezeit":"2\u00a0Minuten"},"schema":{"@context":"https:\/\/schema.org","@graph":[{"@type":"WebPage","@id":"https:\/\/meetgirl.ch\/escort-spanking-lausanne\/","url":"https:\/\/meetgirl.ch\/escort-spanking-lausanne\/","name":"Escort spanking Lausanne - Meetgirl - Erotische Anzeigen - Escorts, Massagen und Salons","isPartOf":{"@id":"https:\/\/meetgirl.ch\/#website"},"primaryImageOfPage":{"@id":"https:\/\/meetgirl.ch\/escort-spanking-lausanne\/#primaryimage"},"image":{"@id":"https:\/\/meetgirl.ch\/escort-spanking-lausanne\/#primaryimage"},"thumbnailUrl":"https:\/\/meetgirl.ch\/wp-content\/uploads\/2025\/05\/domina-geneve-2.jpg","datePublished":"2025-07-06T11:58:01+00:00","dateModified":"2025-07-06T11:59:40+00:00","description":"Erleben Sie eine Spanking-Sitzung in Lausanne mit einer erfahrenen Escortdame auf meetgirl.ch. Erotisches Spanking, sanfte Dominanz und sinnliche Spiele","breadcrumb":{"@id":"https:\/\/meetgirl.ch\/escort-spanking-lausanne\/#breadcrumb"},"inLanguage":"de","potentialAction":[{"@type":"ReadAction","target":["https:\/\/meetgirl.ch\/escort-spanking-lausanne\/"]}]},{"@type":"ImageObject","inLanguage":"de","@id":"https:\/\/meetgirl.ch\/escort-spanking-lausanne\/#primaryimage","url":"https:\/\/meetgirl.ch\/wp-content\/uploads\/2025\/05\/domina-geneve-2.jpg","contentUrl":"https:\/\/meetgirl.ch\/wp-content\/uploads\/2025\/05\/domina-geneve-2.jpg"},{"@type":"BreadcrumbList","@id":"https:\/\/meetgirl.ch\/escort-spanking-lausanne\/#breadcrumb","itemListElement":[{"@type":"ListItem","position":1,"name":"Accueil","item":"https:\/\/meetgirl.ch\/"},{"@type":"ListItem","position":2,"name":"Escort spanking Lausanne"}]},{"@type":"WebSite","@id":"https:\/\/meetgirl.ch\/#website","url":"https:\/\/meetgirl.ch\/","name":"MeetGirl - Erotikanzeigen Schweiz - Escorts, Massagen und Salons","description":"Escorts und erotische Massagen","publisher":{"@id":"https:\/\/meetgirl.ch\/#organization"},"alternateName":"Annuaire \u00e9rotique Suisse Escort \u00e0 Gen\u00e8ve, Lausanne, Valais, Neuch\u00e2tel","potentialAction":[{"@type":"SearchAction","target":{"@type":"EntryPoint","urlTemplate":"https:\/\/meetgirl.ch\/?s={search_term_string}"},"query-input":{"@type":"PropertyValueSpecification","valueRequired":true,"valueName":"search_term_string"}}],"inLanguage":"de"},{"@type":"Organization","@id":"https:\/\/meetgirl.ch\/#organization","name":"Escort und erotische Massage","alternateName":"Meetgirl escortes et masseuses","url":"https:\/\/meetgirl.ch\/","logo":{"@type":"ImageObject","inLanguage":"de","@id":"https:\/\/meetgirl.ch\/#\/schema\/logo\/image\/","url":"https:\/\/meetgirl.ch\/wp-content\/uploads\/2024\/05\/cropped-meet-logo.png","contentUrl":"https:\/\/meetgirl.ch\/wp-content\/uploads\/2024\/05\/cropped-meet-logo.png","width":512,"height":512,"caption":"Escort et massage \u00e9rotique"},"image":{"@id":"https:\/\/meetgirl.ch\/#\/schema\/logo\/image\/"}}]}},"_links":{"self":[{"href":"https:\/\/meetgirl.ch\/de\/wp-json\/wp\/v2\/pages\/10649","targetHints":{"allow":["GET"]}}],"collection":[{"href":"https:\/\/meetgirl.ch\/de\/wp-json\/wp\/v2\/pages"}],"about":[{"href":"https:\/\/meetgirl.ch\/de\/wp-json\/wp\/v2\/types\/page"}],"author":[{"embeddable":true,"href":"https:\/\/meetgirl.ch\/de\/wp-json\/wp\/v2\/users\/3"}],"replies":[{"embeddable":true,"href":"https:\/\/meetgirl.ch\/de\/wp-json\/wp\/v2\/comments?post=10649"}],"version-history":[{"count":0,"href":"https:\/\/meetgirl.ch\/de\/wp-json\/wp\/v2\/pages\/10649\/revisions"}],"wp:attachment":[{"href":"https:\/\/meetgirl.ch\/de\/wp-json\/wp\/v2\/media?parent=10649"}],"curies":[{"name":"wp","href":"https:\/\/api.w.org\/{rel}","templated":true}]}}