{"id":12754,"date":"2025-08-17T12:54:35","date_gmt":"2025-08-17T12:54:35","guid":{"rendered":"https:\/\/meetgirl.ch\/?page_id=12754"},"modified":"2025-08-17T12:56:28","modified_gmt":"2025-08-17T12:56:28","slug":"escort-sierre","status":"publish","type":"page","link":"https:\/\/meetgirl.ch\/de\/escort-sierre\/","title":{"rendered":"Escort \u00e0 Sierre \u2013 Rencontres discr\u00e8tes et personnalis\u00e9es en Valais"},"content":{"rendered":"<div data-elementor-type=\"wp-page\" data-elementor-id=\"12754\" class=\"elementor elementor-12754\">\n\t\t\t\t<div class=\"elementor-element elementor-element-3a32896 e-flex e-con-boxed e-con e-parent\" data-id=\"3a32896\" data-element_type=\"container\" data-settings=\"{&quot;jet_parallax_layout_list&quot;:[]}\">\n\t\t\t\t\t<div class=\"e-con-inner\">\n\t\t\t\t<div class=\"elementor-element elementor-element-07d10f8 elementor-widget elementor-widget-case27-listing-feed-widget\" data-id=\"07d10f8\" data-element_type=\"widget\" data-widget_type=\"case27-listing-feed-widget.default\">\n\t\t\t\t<div class=\"elementor-widget-container\">\n\t\t\t\t\t\t\t<section class=\"i-section listing-feed\">\r\n\t\t<div class=\"container-fluid\">\r\n\t\t\t<div class=\"row section-body grid\">\r\n\t\t\t\t\t\t\t\t\t<div class=\"col-lg-4 col-md-4 col-sm-6 col-xs-12 grid-item\"><div class=\"lf-item-container listing-preview type-salon has-logo has-tagline no-info-fields level-promoted priority-2\" data-id=\"listing-id-16322\" data-category-icon=\"\t&lt;i class=&quot;fa fa-heart&quot; style=&quot;color: #fff; background: #f67675; &quot;&gt;&lt;\/i&gt;\t\" data-category-color=\"#f67675\" data-category-text-color=\"#fff\" data-thumbnail=\"https:\/\/meetgirl.ch\/wp-content\/uploads\/listing-uploads\/logo\/2025\/10\/429743ca-6b7a-4653-8b02-b2c8e3e2b5fb-150x150.jpg\" data-marker=\"https:\/\/meetgirl.ch\/wp-content\/uploads\/listing-uploads\/logo\/2025\/10\/429743ca-6b7a-4653-8b02-b2c8e3e2b5fb-150x150.jpg\" data-template=\"default\" data-locations=\"[{&quot;address&quot;:&quot;Sierre, 3960 Sierre, Suisse&quot;,&quot;lat&quot;:&quot;46.28448&quot;,&quot;lng&quot;:&quot;7.53072&quot;}]\"\n><div class=\"lf-item lf-item-default\" data-template=\"default\"> <a href=\"https:\/\/meetgirl.ch\/de\/escorts\/tantramassage-nackt\/\"> <div class=\"overlay\" style=\" background-color: #242429; opacity: 0;\"><\/div> <div class=\"lf-background\" style=\"background-image: url('https:\/\/meetgirl.ch\/wp-content\/uploads\/listing-uploads\/cover\/2025\/10\/7ddcc62e-885b-429d-ad85-01140a298968-768x749.jpg');\"><\/div> <div class=\"lf-item-info\"> <div class=\"lf-avatar\" style=\"background-image: url('https:\/\/meetgirl.ch\/wp-content\/uploads\/listing-uploads\/logo\/2025\/10\/429743ca-6b7a-4653-8b02-b2c8e3e2b5fb-150x150.jpg')\"><\/div> <h4 class=\"case27-primary-text listing-preview-title\"> Nackte Tantramassage <\/h4> <\/div> <\/a> <div class=\"lf-head level-promoted\"> <span class=\"tooltip-element tooltip-bottom\"> <div class=\"lf-head-btn ad-badge\"> <span><i class=\"icon-flash\"><\/i><\/span> <\/div> <span class=\"tooltip-container\">Promoted<\/span> <\/span> <\/div> <\/div> <div class=\"listing-details-3 c27-footer-section\"> <ul class=\"details-list no-list-style\"> <li class=\"\" > <span>Siders <\/span> <\/li> <\/ul> <\/div> <\/div><\/div>\t\t\t\t\t\t\t\t\t<div class=\"col-lg-4 col-md-4 col-sm-6 col-xs-12 grid-item\"><div class=\"lf-item-container listing-preview type-independante no-logo has-tagline no-info-fields level-promoted priority-2\" data-id=\"listing-id-11169\" data-category-icon=\"\t&lt;i class=&quot;mi bookmark_border&quot; style=&quot;color: #fff; background: #f67675; &quot;&gt;&lt;\/i&gt;\t\" data-category-color=\"#f67675\" data-category-text-color=\"#fff\" data-thumbnail=\"https:\/\/meetgirl.ch\/wp-content\/themes\/my-listing\/assets\/images\/marker.jpg\" data-marker=\"https:\/\/meetgirl.ch\/wp-content\/themes\/my-listing\/assets\/images\/marker.jpg\" data-template=\"default\" data-locations=\"[{&quot;address&quot;:&quot;Sierre, canton du Valais, Suisse&quot;,&quot;lat&quot;:&quot;46.29285&quot;,&quot;lng&quot;:&quot;7.53222&quot;}]\"\n><div class=\"lf-item lf-item-default\" data-template=\"default\"> <a href=\"https:\/\/meetgirl.ch\/de\/escorts\/thai-tantra\/\"> <div class=\"overlay\" style=\" background-color: #242429; opacity: 0;\"><\/div> <div class=\"lf-background\" style=\"background-image: url('https:\/\/meetgirl.ch\/wp-content\/uploads\/2025\/07\/Thai-TANTRA3-768x636.webp');\"><\/div> <div class=\"lf-item-info\"> <h4 class=\"case27-primary-text listing-preview-title\"> Thai Tantra <\/h4> <\/div> <\/a> <div class=\"lf-head level-promoted\"> <span class=\"tooltip-element tooltip-bottom\"> <div class=\"lf-head-btn ad-badge\"> <span><i class=\"icon-flash\"><\/i><\/span> <\/div> <span class=\"tooltip-container\">Promoted<\/span> <\/span> <\/div> <\/div> <div class=\"listing-details-3 c27-footer-section\"> <ul class=\"details-list no-list-style\"> <li class=\"\" > <span>Siders <\/span> <\/li> <li class=\"\" > <span> <div class=\"codicts-online-status\"><span class=\"codicts-dot cdtsols-online\"><\/span> <span class=\"cdtsols-txt\">Online<\/span><\/div> <\/span> <\/li> <\/ul> <\/div> <div class=\"listing-details-3 c27-footer-section\"> <ul class=\"details-list no-list-style\"> <li class=\"\" > <span>eine heikle Kunst <\/span> <\/li> <\/ul> <\/div> <\/div><\/div>\t\t\t\t\t\t\t\t\t<div class=\"col-lg-4 col-md-4 col-sm-6 col-xs-12 grid-item\"><div class=\"lf-item-container listing-preview type-independante c27-verified no-logo has-tagline no-info-fields level-promoted priority-2\" data-id=\"listing-id-7810\" data-category-icon=\"\t&lt;i class=&quot;mi bookmark_border&quot; style=&quot;color: #fff; background: #f67675; &quot;&gt;&lt;\/i&gt;\t\" data-category-color=\"#f67675\" data-category-text-color=\"#fff\" data-thumbnail=\"https:\/\/meetgirl.ch\/wp-content\/themes\/my-listing\/assets\/images\/marker.jpg\" data-marker=\"https:\/\/meetgirl.ch\/wp-content\/themes\/my-listing\/assets\/images\/marker.jpg\" data-template=\"default\" data-locations=\"[{&quot;address&quot;:&quot;Sierre, canton du Valais, Suisse&quot;,&quot;lat&quot;:&quot;46.29285&quot;,&quot;lng&quot;:&quot;7.53222&quot;}]\"\n><div class=\"lf-item lf-item-default\" data-template=\"default\"> <a href=\"https:\/\/meetgirl.ch\/de\/escorts\/bambolina\/\"> <div class=\"overlay\" style=\" background-color: #242429; opacity: 0;\"><\/div> <div class=\"lf-background\" style=\"background-image: url('https:\/\/meetgirl.ch\/wp-content\/uploads\/listing-uploads\/cover\/2025\/06\/IMG_5303.jpeg');\"><\/div> <div class=\"lf-item-info\"> <h4 class=\"case27-primary-text listing-preview-title\"> Bambolina <img decoding=\"async\" height=\"18\" width=\"18\" alt=\"Best\u00e4tigte Auflistung\" class=\"verified-listing\" src=\"https:\/\/meetgirl.ch\/wp-content\/themes\/my-listing\/assets\/images\/tick.svg\"> <\/h4> <\/div> <\/a> <div class=\"lf-head level-promoted\"> <span class=\"tooltip-element tooltip-bottom\"> <div class=\"lf-head-btn ad-badge\"> <span><i class=\"icon-flash\"><\/i><\/span> <\/div> <span class=\"tooltip-container\">Promoted<\/span> <\/span> <\/div> <\/div> <div class=\"listing-details-3 c27-footer-section\"> <ul class=\"details-list no-list-style\"> <li class=\"\" > <span>Siders <\/span> <\/li> <li class=\"\" > <span> <div class=\"codicts-online-status\"><span class=\"codicts-dot cdtsols-offline\"><\/span> <span class=\"cdtsols-txt\">-24H<\/span><\/div> <\/span> <\/li> <\/ul> <\/div> <div class=\"listing-details-3 c27-footer-section\"> <ul class=\"details-list no-list-style\"> <li class=\"\" > <span>feurig und leidenschaftlich <\/span> <\/li> <\/ul> <\/div> <\/div><\/div>\t\t\t\t\t\t\t<\/div>\r\n\t\t<\/div>\r\n\t<\/section>\r\n\r\n\t\t\t\t<\/div>\n\t\t\t\t<\/div>\n\t\t\t\t\t<\/div>\n\t\t\t\t<\/div>\n\t\t<div class=\"elementor-element elementor-element-f7b65f3 e-flex e-con-boxed e-con e-parent\" data-id=\"f7b65f3\" data-element_type=\"container\" data-settings=\"{&quot;jet_parallax_layout_list&quot;:[]}\">\n\t\t\t\t\t<div class=\"e-con-inner\">\n\t\t\t\t<div class=\"elementor-element elementor-element-9b785be elementor-widget elementor-widget-text-editor\" data-id=\"9b785be\" data-element_type=\"widget\" data-widget_type=\"text-editor.default\">\n\t\t\t\t<div class=\"elementor-widget-container\">\n\t\t\t\t\t\t\t\t\t<section style=\"padding:40px 20px; background-color:#000; font-family:Arial,sans-serif; color:#ffffff;\">\n  <div style=\"max-width:1000px; margin:0 auto;\">\n\n    <!-- Intro teaser -->\n    <p style=\"font-size:16px; line-height:1.6; color:#ffffff; text-align:center; margin-bottom:30px;\">\n      Erkunden Sie diskrete und raffinierte Begegnungen mit einer <strong>escort in Sierre<\/strong>In einem sicheren, eleganten und vertraulichen Rahmen.\n    <\/p>\n\n    <!-- H1 -->\n    <h1 style=\"font-size:32px; font-weight:bold; text-align:center; color:#ff69b4; margin-bottom:40px;\">\n      Escort in Sierre: Diskretion und ma\u00dfgeschneiderte Erfahrungen\n    <\/h1>\n\n    <!-- Pourquoi Sierre -->\n    <h2 style=\"font-size:26px; font-weight:bold; color:#ff69b4; margin-bottom:20px;\">\n      Warum sollten Sie Sierre f\u00fcr Ihre Treffen w\u00e4hlen?\n    <\/h2>\n    <p style=\"font-size:16px; line-height:1.6; margin-bottom:25px;\">\n      Sierre liegt im Herzen des Wallis und verbindet Zug\u00e4nglichkeit, Ruhe und lokalen Charme. Die Stadt ist ideal f\u00fcr vertrauliche Treffen und bietet einen diskreten Rahmen, um professionelle Escorts zu treffen und dabei Komfort und Sicherheit zu garantieren.\n    <\/p>\n\n    <!-- Avantages d\u2019une escort \u00e0 Sierre -->\n    <h2 style=\"font-size:26px; font-weight:bold; color:#ff69b4; margin-bottom:20px;\">\n      Die Vorteile eines Escorts in Siders\n    <\/h2>\n    <p style=\"font-size:16px; line-height:1.6; margin-bottom:25px;\">\n      Die Escorts in Siders bieten vielf\u00e4ltige Dienstleistungen an, die auf die Erwartungen jedes Einzelnen zugeschnitten sind: Begleitung bei privaten Veranstaltungen, erotische, tantrische oder spezielle Massagen sowie personalisierte sinnliche Erfahrungen unter Wahrung der Vertraulichkeit.\n    <\/p>\n\n    <!-- Trouver votre escort -->\n    <h2 style=\"font-size:26px; font-weight:bold; color:#ff69b4; margin-bottom:20px;\">\n      Wie finden Sie Ihren Escort in Siders?\n    <\/h2>\n    <p style=\"font-size:16px; line-height:1.6; margin-bottom:25px;\">\n      Nutzen Sie die Plattform <a href=\"https:\/\/meetgirl.ch\/de\/eine-diskrete-escortdame-im-wallis-treffen\/\" style=\"color:#ffffff; text-decoration:underline; font-weight:bold;\">eine diskrete Escortdame im Wallis treffen<\/a> um die Profile zu durchsuchen, die angebotenen Dienstleistungen zu entdecken und die Berufst\u00e4tige auszuw\u00e4hlen, die am besten zu Ihren W\u00fcnschen passt.\n    <\/p>\n\n    <!-- Types de prestations -->\n    <h2 style=\"font-size:26px; font-weight:bold; color:#ff69b4; margin-bottom:20px;\">\n      Angebotene Leistungen\n    <\/h2>\n    <ul style=\"font-size:16px; line-height:1.6; margin-bottom:25px; padding-left:20px;\">\n      <li>Begleitung f\u00fcr private Ausfl\u00fcge und Veranstaltungen<\/li>\n      <li>Tantra- und Lingam-Massage<\/li>\n      <li>Erotische Massage und Prostatamassage<\/li>\n      <li>Nuru- und Body to Body-Massage<\/li>\n      <li>Sinnliche Thai-Massage und K\u00f6rperentspannung<\/li>\n    <\/ul>\n\n    <!-- Conseils -->\n    <h2 style=\"font-size:26px; font-weight:bold; color:#ff69b4; margin-bottom:20px;\">\n      Tipps f\u00fcr eine erfolgreiche Begegnung\n    <\/h2>\n    <ul style=\"font-size:16px; line-height:1.6; margin-bottom:25px; padding-left:20px;\">\n      <li>Kommunizieren Sie Ihre Erwartungen und Grenzen vor dem Termin<\/li>\n      <li>W\u00e4hlen Sie einen diskreten und komfortablen Rahmen<\/li>\n      <li>\u00dcberpr\u00fcfen Sie Kundenprofile und -meinungen<\/li>\n      <li>Respektieren Sie die Privatsph\u00e4re und Sicherheit jedes Einzelnen<\/li>\n    <\/ul>\n\n    <!-- R\u00e9servation -->\n    <h2 style=\"font-size:26px; font-weight:bold; color:#ff69b4; margin-bottom:20px;\">\n      Buchen Sie Ihren Escort in Sierre\n    <\/h2>\n    <p style=\"font-size:16px; line-height:1.6; margin-bottom:30px;\">\n      Finden Sie Ihren <strong>escort in Sierre<\/strong> um eine vertrauliche, ma\u00dfgeschneiderte und respektvolle Erfahrung zu machen. Sehen Sie sich die Profile der <a href=\"https:\/\/meetgirl.ch\/de\/eine-diskrete-escortdame-im-wallis-treffen\/\" style=\"color:#ffffff; text-decoration:underline; font-weight:bold;\">diskrete Escortdame im Wallis<\/a> und g\u00f6nnen Sie sich einen einzigartigen Moment der Entspannung und des Genusses.\n    <\/p>\n\n  <\/div>\n<\/section>\n\t\t\t\t\t\t\t\t<\/div>\n\t\t\t\t<\/div>\n\t\t\t\t\t<\/div>\n\t\t\t\t<\/div>\n\t\t\t\t<\/div>","protected":false},"excerpt":{"rendered":"<p>Explorez les rencontres discr\u00e8tes et raffin\u00e9es avec une escort \u00e0 Sierre, dans un cadre s\u00fbr, \u00e9l\u00e9gant et confidentiel. Escort \u00e0 Sierre : discr\u00e9tion et exp\u00e9riences sur mesure Pourquoi choisir Sierre pour vos rencontres ? Situ\u00e9e au c\u0153ur du Valais, Sierre combine accessibilit\u00e9, tranquillit\u00e9 et charme local. La ville est id\u00e9ale pour des rendez-vous confidentiels, offrant [&hellip;]<\/p>","protected":false},"author":3,"featured_media":0,"parent":0,"menu_order":0,"comment_status":"closed","ping_status":"closed","template":"","meta":{"footnotes":""},"class_list":["post-12754","page","type-page","status-publish","hentry"],"acf":[],"yoast_head":"<!-- This site is optimized with the Yoast SEO plugin v26.0 - https:\/\/yoast.com\/wordpress\/plugins\/seo\/ -->\n<title>Escort \u00e0 Sierre \u2013 Rencontres discr\u00e8tes et personnalis\u00e9es en Valais - Meetgirl - Annonces \u00e9rotiques - Escorts, massages et salons<\/title>\n<meta name=\"description\" content=\"D\u00e9couvrez comment rencontrer une escort \u00e0 Sierre en Valais dans un cadre discret. Profitez de massages \u00e9rotiques, tantriques et plus.\" \/>\n<meta name=\"robots\" content=\"index, follow, max-snippet:-1, max-image-preview:large, max-video-preview:-1\" \/>\n<link rel=\"canonical\" href=\"https:\/\/meetgirl.ch\/de\/escort-sierre\/\" \/>\n<meta property=\"og:locale\" content=\"de_DE\" \/>\n<meta property=\"og:type\" content=\"article\" \/>\n<meta property=\"og:title\" content=\"Escort \u00e0 Sierre \u2013 Rencontres discr\u00e8tes et personnalis\u00e9es en Valais - Meetgirl - Annonces \u00e9rotiques - Escorts, massages et salons\" \/>\n<meta property=\"og:description\" content=\"D\u00e9couvrez comment rencontrer une escort \u00e0 Sierre en Valais dans un cadre discret. Profitez de massages \u00e9rotiques, tantriques et plus.\" \/>\n<meta property=\"og:url\" content=\"https:\/\/meetgirl.ch\/de\/escort-sierre\/\" \/>\n<meta property=\"og:site_name\" content=\"Meetgirl - Annonces \u00e9rotiques - Escorts, massages et salons\" \/>\n<meta property=\"article:modified_time\" content=\"2025-08-17T12:56:28+00:00\" \/>\n<meta property=\"og:image\" content=\"https:\/\/meetgirl.ch\/wp-content\/uploads\/2025\/03\/meetgirl-yoast.jpg\" \/>\n\t<meta property=\"og:image:width\" content=\"1200\" \/>\n\t<meta property=\"og:image:height\" content=\"675\" \/>\n\t<meta property=\"og:image:type\" content=\"image\/jpeg\" \/>\n<meta name=\"twitter:card\" content=\"summary_large_image\" \/>\n<meta name=\"twitter:label1\" content=\"Gesch\u00e4tzte Lesezeit\" \/>\n\t<meta name=\"twitter:data1\" content=\"2\u00a0Minuten\" \/>\n<script type=\"application\/ld+json\" class=\"yoast-schema-graph\">{\"@context\":\"https:\/\/schema.org\",\"@graph\":[{\"@type\":\"WebPage\",\"@id\":\"https:\/\/meetgirl.ch\/escort-sierre\/\",\"url\":\"https:\/\/meetgirl.ch\/escort-sierre\/\",\"name\":\"Escort \u00e0 Sierre \u2013 Rencontres discr\u00e8tes et personnalis\u00e9es en Valais - Meetgirl - Annonces \u00e9rotiques - Escorts, massages et salons\",\"isPartOf\":{\"@id\":\"https:\/\/meetgirl.ch\/#website\"},\"datePublished\":\"2025-08-17T12:54:35+00:00\",\"dateModified\":\"2025-08-17T12:56:28+00:00\",\"description\":\"D\u00e9couvrez comment rencontrer une escort \u00e0 Sierre en Valais dans un cadre discret. Profitez de massages \u00e9rotiques, tantriques et plus.\",\"breadcrumb\":{\"@id\":\"https:\/\/meetgirl.ch\/escort-sierre\/#breadcrumb\"},\"inLanguage\":\"de\",\"potentialAction\":[{\"@type\":\"ReadAction\",\"target\":[\"https:\/\/meetgirl.ch\/escort-sierre\/\"]}]},{\"@type\":\"BreadcrumbList\",\"@id\":\"https:\/\/meetgirl.ch\/escort-sierre\/#breadcrumb\",\"itemListElement\":[{\"@type\":\"ListItem\",\"position\":1,\"name\":\"Accueil\",\"item\":\"https:\/\/meetgirl.ch\/\"},{\"@type\":\"ListItem\",\"position\":2,\"name\":\"Escort \u00e0 Sierre \u2013 Rencontres discr\u00e8tes et personnalis\u00e9es en Valais\"}]},{\"@type\":\"WebSite\",\"@id\":\"https:\/\/meetgirl.ch\/#website\",\"url\":\"https:\/\/meetgirl.ch\/\",\"name\":\"MeetGirl - Annonces \u00e9rotiques Suisse - Escorts, massages et salons\",\"description\":\"Escorts et massages \u00e9rotiques\",\"publisher\":{\"@id\":\"https:\/\/meetgirl.ch\/#organization\"},\"alternateName\":\"Annuaire \u00e9rotique Suisse Escort \u00e0 Gen\u00e8ve, Lausanne, Valais, Neuch\u00e2tel\",\"potentialAction\":[{\"@type\":\"SearchAction\",\"target\":{\"@type\":\"EntryPoint\",\"urlTemplate\":\"https:\/\/meetgirl.ch\/?s={search_term_string}\"},\"query-input\":{\"@type\":\"PropertyValueSpecification\",\"valueRequired\":true,\"valueName\":\"search_term_string\"}}],\"inLanguage\":\"de\"},{\"@type\":\"Organization\",\"@id\":\"https:\/\/meetgirl.ch\/#organization\",\"name\":\"Escort et massage \u00e9rotique\",\"alternateName\":\"Meetgirl escortes et masseuses\",\"url\":\"https:\/\/meetgirl.ch\/\",\"logo\":{\"@type\":\"ImageObject\",\"inLanguage\":\"de\",\"@id\":\"https:\/\/meetgirl.ch\/#\/schema\/logo\/image\/\",\"url\":\"https:\/\/meetgirl.ch\/wp-content\/uploads\/2024\/05\/cropped-meet-logo.png\",\"contentUrl\":\"https:\/\/meetgirl.ch\/wp-content\/uploads\/2024\/05\/cropped-meet-logo.png\",\"width\":512,\"height\":512,\"caption\":\"Escort et massage \u00e9rotique\"},\"image\":{\"@id\":\"https:\/\/meetgirl.ch\/#\/schema\/logo\/image\/\"}}]}<\/script>\n<!-- \/ Yoast SEO plugin. -->","yoast_head_json":{"title":"Escort in Sierre - Diskrete und pers\u00f6nliche Treffen im Wallis - Meetgirl - Erotische Anzeigen - Escorts, Massagen und Salons","description":"Finden Sie heraus, wie Sie eine Escortdame in Sierre im Wallis in einem diskreten Rahmen treffen k\u00f6nnen. Genie\u00dfen Sie erotische, tantrische und weitere Massagen.","robots":{"index":"index","follow":"follow","max-snippet":"max-snippet:-1","max-image-preview":"max-image-preview:large","max-video-preview":"max-video-preview:-1"},"canonical":"https:\/\/meetgirl.ch\/de\/escort-sierre\/","og_locale":"de_DE","og_type":"article","og_title":"Escort \u00e0 Sierre \u2013 Rencontres discr\u00e8tes et personnalis\u00e9es en Valais - Meetgirl - Annonces \u00e9rotiques - Escorts, massages et salons","og_description":"D\u00e9couvrez comment rencontrer une escort \u00e0 Sierre en Valais dans un cadre discret. Profitez de massages \u00e9rotiques, tantriques et plus.","og_url":"https:\/\/meetgirl.ch\/de\/escort-sierre\/","og_site_name":"Meetgirl - Annonces \u00e9rotiques - Escorts, massages et salons","article_modified_time":"2025-08-17T12:56:28+00:00","og_image":[{"width":1200,"height":675,"url":"https:\/\/meetgirl.ch\/wp-content\/uploads\/2025\/03\/meetgirl-yoast.jpg","type":"image\/jpeg"}],"twitter_card":"summary_large_image","twitter_misc":{"Gesch\u00e4tzte Lesezeit":"2\u00a0Minuten"},"schema":{"@context":"https:\/\/schema.org","@graph":[{"@type":"WebPage","@id":"https:\/\/meetgirl.ch\/escort-sierre\/","url":"https:\/\/meetgirl.ch\/escort-sierre\/","name":"Escort in Sierre - Diskrete und pers\u00f6nliche Treffen im Wallis - Meetgirl - Erotische Anzeigen - Escorts, Massagen und Salons","isPartOf":{"@id":"https:\/\/meetgirl.ch\/#website"},"datePublished":"2025-08-17T12:54:35+00:00","dateModified":"2025-08-17T12:56:28+00:00","description":"Finden Sie heraus, wie Sie eine Escortdame in Sierre im Wallis in einem diskreten Rahmen treffen k\u00f6nnen. Genie\u00dfen Sie erotische, tantrische und weitere Massagen.","breadcrumb":{"@id":"https:\/\/meetgirl.ch\/escort-sierre\/#breadcrumb"},"inLanguage":"de","potentialAction":[{"@type":"ReadAction","target":["https:\/\/meetgirl.ch\/escort-sierre\/"]}]},{"@type":"BreadcrumbList","@id":"https:\/\/meetgirl.ch\/escort-sierre\/#breadcrumb","itemListElement":[{"@type":"ListItem","position":1,"name":"Accueil","item":"https:\/\/meetgirl.ch\/"},{"@type":"ListItem","position":2,"name":"Escort \u00e0 Sierre \u2013 Rencontres discr\u00e8tes et personnalis\u00e9es en Valais"}]},{"@type":"WebSite","@id":"https:\/\/meetgirl.ch\/#website","url":"https:\/\/meetgirl.ch\/","name":"MeetGirl - Erotikanzeigen Schweiz - Escorts, Massagen und Salons","description":"Escorts und erotische Massagen","publisher":{"@id":"https:\/\/meetgirl.ch\/#organization"},"alternateName":"Annuaire \u00e9rotique Suisse Escort \u00e0 Gen\u00e8ve, Lausanne, Valais, Neuch\u00e2tel","potentialAction":[{"@type":"SearchAction","target":{"@type":"EntryPoint","urlTemplate":"https:\/\/meetgirl.ch\/?s={search_term_string}"},"query-input":{"@type":"PropertyValueSpecification","valueRequired":true,"valueName":"search_term_string"}}],"inLanguage":"de"},{"@type":"Organization","@id":"https:\/\/meetgirl.ch\/#organization","name":"Escort und erotische Massage","alternateName":"Meetgirl escortes et masseuses","url":"https:\/\/meetgirl.ch\/","logo":{"@type":"ImageObject","inLanguage":"de","@id":"https:\/\/meetgirl.ch\/#\/schema\/logo\/image\/","url":"https:\/\/meetgirl.ch\/wp-content\/uploads\/2024\/05\/cropped-meet-logo.png","contentUrl":"https:\/\/meetgirl.ch\/wp-content\/uploads\/2024\/05\/cropped-meet-logo.png","width":512,"height":512,"caption":"Escort et massage \u00e9rotique"},"image":{"@id":"https:\/\/meetgirl.ch\/#\/schema\/logo\/image\/"}}]}},"_links":{"self":[{"href":"https:\/\/meetgirl.ch\/de\/wp-json\/wp\/v2\/pages\/12754","targetHints":{"allow":["GET"]}}],"collection":[{"href":"https:\/\/meetgirl.ch\/de\/wp-json\/wp\/v2\/pages"}],"about":[{"href":"https:\/\/meetgirl.ch\/de\/wp-json\/wp\/v2\/types\/page"}],"author":[{"embeddable":true,"href":"https:\/\/meetgirl.ch\/de\/wp-json\/wp\/v2\/users\/3"}],"replies":[{"embeddable":true,"href":"https:\/\/meetgirl.ch\/de\/wp-json\/wp\/v2\/comments?post=12754"}],"version-history":[{"count":5,"href":"https:\/\/meetgirl.ch\/de\/wp-json\/wp\/v2\/pages\/12754\/revisions"}],"predecessor-version":[{"id":15618,"href":"https:\/\/meetgirl.ch\/de\/wp-json\/wp\/v2\/pages\/12754\/revisions\/15618"}],"wp:attachment":[{"href":"https:\/\/meetgirl.ch\/de\/wp-json\/wp\/v2\/media?parent=12754"}],"curies":[{"name":"wp","href":"https:\/\/api.w.org\/{rel}","templated":true}]}}