{"id":12759,"date":"2025-08-17T12:59:52","date_gmt":"2025-08-17T12:59:52","guid":{"rendered":"https:\/\/meetgirl.ch\/?page_id=12759"},"modified":"2025-08-17T13:02:16","modified_gmt":"2025-08-17T13:02:16","slug":"escort-martigny","status":"publish","type":"page","link":"https:\/\/meetgirl.ch\/de\/escort-martigny\/","title":{"rendered":"Escort \u00e0 Martigny \u2013 Rencontre et massage sexuel en Valais"},"content":{"rendered":"<div data-elementor-type=\"wp-page\" data-elementor-id=\"12759\" class=\"elementor elementor-12759\">\n\t\t\t\t<div class=\"elementor-element elementor-element-a8c4c25 e-flex e-con-boxed e-con e-parent\" data-id=\"a8c4c25\" data-element_type=\"container\" data-settings=\"{&quot;jet_parallax_layout_list&quot;:[]}\">\n\t\t\t\t\t<div class=\"e-con-inner\">\n\t\t\t\t<div class=\"elementor-element elementor-element-d401fa8 elementor-widget elementor-widget-case27-listing-feed-widget\" data-id=\"d401fa8\" data-element_type=\"widget\" data-widget_type=\"case27-listing-feed-widget.default\">\n\t\t\t\t<div class=\"elementor-widget-container\">\n\t\t\t\t\t\t\t<section class=\"i-section listing-feed\">\r\n\t\t<div class=\"container-fluid\">\r\n\t\t\t<div class=\"row section-body grid\">\r\n\t\t\t\t\t\t\t\t\t<div class=\"col-lg-4 col-md-4 col-sm-6 col-xs-12 grid-item\"><div class=\"lf-item-container listing-preview type-independante no-logo has-tagline no-info-fields level-promoted priority-2\" data-id=\"listing-id-13620\" data-category-icon=\"\t&lt;i class=&quot;mi bookmark_border&quot; style=&quot;color: #fff; background: #f67675; &quot;&gt;&lt;\/i&gt;\t\" data-category-color=\"#f67675\" data-category-text-color=\"#fff\" data-thumbnail=\"https:\/\/meetgirl.ch\/wp-content\/themes\/my-listing\/assets\/images\/marker.jpg\" data-marker=\"https:\/\/meetgirl.ch\/wp-content\/themes\/my-listing\/assets\/images\/marker.jpg\" data-template=\"default\" data-locations=\"[{&quot;address&quot;:&quot;Martigny, canton du Valais, Suisse&quot;,&quot;lat&quot;:&quot;46.10220&quot;,&quot;lng&quot;:&quot;7.07405&quot;}]\"\n><div class=\"lf-item lf-item-default\" data-template=\"default\"> <a href=\"https:\/\/meetgirl.ch\/de\/escorts\/lucia-sexy-mulata-2\/\"> <div class=\"overlay\" style=\" background-color: #242429; opacity: 0;\"><\/div> <div class=\"lf-background\" style=\"background-image: url('https:\/\/meetgirl.ch\/wp-content\/uploads\/2025\/09\/Screenshot_20250906-132002_Snapchat3-768x1310.jpg');\"><\/div> <div class=\"lf-item-info\"> <h4 class=\"case27-primary-text listing-preview-title\"> Luc\u00eda sexy mulata <\/h4> <\/div> <\/a> <div class=\"lf-head level-promoted\"> <span class=\"tooltip-element tooltip-bottom\"> <div class=\"lf-head-btn ad-badge\"> <span><i class=\"icon-flash\"><\/i><\/span> <\/div> <span class=\"tooltip-container\">Promoted<\/span> <\/span> <\/div> <\/div> <div class=\"listing-details-3 c27-footer-section\"> <ul class=\"details-list no-list-style\"> <li class=\"\" > <span>Martigny <\/span> <\/li> <li class=\"\" > <span> <div class=\"codicts-online-status\"><span class=\"codicts-dot cdtsols-offline\"><\/span> <span class=\"cdtsols-txt\">-24H<\/span><\/div> <\/span> <\/li> <\/ul> <\/div> <div class=\"listing-details-3 c27-footer-section\"> <ul class=\"details-list no-list-style\"> <li class=\"\" > <span>Masaje erotico y masajes de prostata <\/span> <\/li> <\/ul> <\/div> <\/div><\/div>\t\t\t\t\t\t\t\t\t<div class=\"col-lg-4 col-md-4 col-sm-6 col-xs-12 grid-item\"><div class=\"lf-item-container listing-preview type-independante no-logo has-tagline no-info-fields level-promoted priority-2\" data-id=\"listing-id-10108\" data-category-icon=\"\t&lt;i class=&quot;mi bookmark_border&quot; style=&quot;color: #fff; background: #f67675; &quot;&gt;&lt;\/i&gt;\t\" data-category-color=\"#f67675\" data-category-text-color=\"#fff\" data-thumbnail=\"https:\/\/meetgirl.ch\/wp-content\/themes\/my-listing\/assets\/images\/marker.jpg\" data-marker=\"https:\/\/meetgirl.ch\/wp-content\/themes\/my-listing\/assets\/images\/marker.jpg\" data-template=\"default\" data-locations=\"[{&quot;address&quot;:&quot;Martigny, canton du Valais, Suisse&quot;,&quot;lat&quot;:&quot;46.10220&quot;,&quot;lng&quot;:&quot;7.07405&quot;}]\"\n><div class=\"lf-item lf-item-default\" data-template=\"default\"> <a href=\"https:\/\/meetgirl.ch\/de\/escorts\/divina\/\"> <div class=\"overlay\" style=\" background-color: #242429; opacity: 0;\"><\/div> <div class=\"lf-background\" style=\"background-image: url('https:\/\/meetgirl.ch\/wp-content\/uploads\/2025\/06\/divina6.jpg');\"><\/div> <div class=\"lf-item-info\"> <h4 class=\"case27-primary-text listing-preview-title\"> Divina <\/h4> <\/div> <\/a> <div class=\"lf-head level-promoted\"> <span class=\"tooltip-element tooltip-bottom\"> <div class=\"lf-head-btn ad-badge\"> <span><i class=\"icon-flash\"><\/i><\/span> <\/div> <span class=\"tooltip-container\">Promoted<\/span> <\/span> <\/div> <\/div> <div class=\"listing-details-3 c27-footer-section\"> <ul class=\"details-list no-list-style\"> <li class=\"\" > <span>Martigny <\/span> <\/li> <li class=\"\" > <span> <div class=\"codicts-online-status\"><span class=\"codicts-dot cdtsols-online\"><\/span> <span class=\"cdtsols-txt\">Online<\/span><\/div> <\/span> <\/li> <\/ul> <\/div> <div class=\"listing-details-3 c27-footer-section\"> <ul class=\"details-list no-list-style\"> <li class=\"\" > <span>grausam exquisit. \ud83d\udc60\u26d3\ud83d\udd25 <\/span> <\/li> <\/ul> <\/div> <\/div><\/div>\t\t\t\t\t\t\t\t\t<div class=\"col-lg-4 col-md-4 col-sm-6 col-xs-12 grid-item\"><div class=\"lf-item-container listing-preview type-independante no-logo has-tagline no-info-fields level-promoted priority-2\" data-id=\"listing-id-10263\" data-category-icon=\"\t&lt;i class=&quot;mi bookmark_border&quot; style=&quot;color: #fff; background: #f67675; &quot;&gt;&lt;\/i&gt;\t\" data-category-color=\"#f67675\" data-category-text-color=\"#fff\" data-thumbnail=\"https:\/\/meetgirl.ch\/wp-content\/themes\/my-listing\/assets\/images\/marker.jpg\" data-marker=\"https:\/\/meetgirl.ch\/wp-content\/themes\/my-listing\/assets\/images\/marker.jpg\" data-template=\"default\" data-locations=\"[{&quot;address&quot;:&quot;Martigny, canton du Valais, Suisse&quot;,&quot;lat&quot;:&quot;46.10220&quot;,&quot;lng&quot;:&quot;7.07405&quot;}]\"\n><div class=\"lf-item lf-item-default\" data-template=\"default\"> <a href=\"https:\/\/meetgirl.ch\/de\/escorts\/carla\/\"> <div class=\"overlay\" style=\" background-color: #242429; opacity: 0;\"><\/div> <div class=\"lf-background\" style=\"background-image: url('https:\/\/meetgirl.ch\/wp-content\/uploads\/2025\/06\/karla-768x769.webp');\"><\/div> <div class=\"lf-item-info\"> <h4 class=\"case27-primary-text listing-preview-title\"> Carla <\/h4> <\/div> <\/a> <div class=\"lf-head level-promoted\"> <span class=\"tooltip-element tooltip-bottom\"> <div class=\"lf-head-btn ad-badge\"> <span><i class=\"icon-flash\"><\/i><\/span> <\/div> <span class=\"tooltip-container\">Promoted<\/span> <\/span> <\/div> <\/div> <div class=\"listing-details-3 c27-footer-section\"> <ul class=\"details-list no-list-style\"> <li class=\"\" > <span>Martigny <\/span> <\/li> <li class=\"\" > <span> <div class=\"codicts-online-status\"><span class=\"codicts-dot cdtsols-online\"><\/span> <span class=\"cdtsols-txt\">Online<\/span><\/div> <\/span> <\/li> <\/ul> <\/div> <div class=\"listing-details-3 c27-footer-section\"> <ul class=\"details-list no-list-style\"> <li class=\"\" > <span>Ich habe vor Freude geschrien! <\/span> <\/li> <\/ul> <\/div> <\/div><\/div>\t\t\t\t\t\t\t<\/div>\r\n\t\t<\/div>\r\n\t<\/section>\r\n\r\n\t\t\t\t<\/div>\n\t\t\t\t<\/div>\n\t\t\t\t\t<\/div>\n\t\t\t\t<\/div>\n\t\t<div class=\"elementor-element elementor-element-a5381e0 e-flex e-con-boxed e-con e-parent\" data-id=\"a5381e0\" data-element_type=\"container\" data-settings=\"{&quot;jet_parallax_layout_list&quot;:[]}\">\n\t\t\t\t\t<div class=\"e-con-inner\">\n\t\t\t\t<div class=\"elementor-element elementor-element-7da6102 elementor-widget elementor-widget-text-editor\" data-id=\"7da6102\" data-element_type=\"widget\" data-widget_type=\"text-editor.default\">\n\t\t\t\t<div class=\"elementor-widget-container\">\n\t\t\t\t\t\t\t\t\t<section style=\"padding:40px 20px; background-color:#222; font-family:Arial,sans-serif; color:#ffffff;\">\n  <div style=\"max-width:1000px; margin:0 auto;\">\n\n    <!-- Intro teaser -->\n    <p style=\"font-size:16px; line-height:1.6; color:#ffffff; text-align:center; margin-bottom:20px;\">\n      Entdecken Sie die Dienste von<strong>escort in Martigny<\/strong> und Umgebung, einschlie\u00dflich Conthey und den umliegenden D\u00f6rfern. G\u00f6nnen Sie sich einen einzigartigen Moment der Sinnlichkeit, der Komplizenschaft und der Entspannung in einem diskreten und respektvollen Rahmen. Jede Begegnung wird auf Ihre W\u00fcnsche und Grenzen zugeschnitten.\n    <\/p>\n\n    <!-- Titres et contenu -->\n    <h2 style=\"color:#ff69b4; font-size:28px; margin-bottom:15px;\">Warum sollten Sie Martigny und Conthey f\u00fcr ein diskretes Treffen w\u00e4hlen?<\/h2>\n    <p style=\"font-size:16px; line-height:1.6; color:#ffffff; margin-bottom:15px;\">\n      Martigny und Conthey bieten ein ideales Umfeld f\u00fcr die Begegnung mit einer <strong>Escort im Wallis<\/strong>. Diese St\u00e4dte sind zug\u00e4nglich und dynamisch und bieten die M\u00f6glichkeit, ein vertrauliches und angenehmes Erlebnis zu genie\u00dfen. Ob f\u00fcr einen intimen Abend, ein elegantes Abendessen oder ein gewagtes Treffen, die lokale Atmosph\u00e4re f\u00f6rdert Diskretion und Komfort.\n    <\/p>\n\n    <h2 style=\"color:#ff69b4; font-size:28px; margin-bottom:15px;\">Die von den Escorts angebotenen Leistungen<\/h2>\n    <p style=\"font-size:16px; line-height:1.6; color:#ffffff; margin-bottom:15px;\">\n      Die Escorts in Martigny und Umgebung bieten vielf\u00e4ltige Dienstleistungen an, die allen W\u00fcnschen gerecht werden. Von sinnlichen und erotischen Massagen bis hin zu intimeren Sitzungen wie Tantramassage, Lingam-Massage, Prostatamassage oder Nuru und Body-to-Body ist jede Dienstleistung darauf ausgelegt, das Vergn\u00fcgen und die Zweisamkeit zu maximieren. Auch hei\u00dfere Erfahrungen sind m\u00f6glich, immer mit Respekt und Sicherheit.\n    <\/p>\n\n    <h2 style=\"color:#ff69b4; font-size:28px; margin-bottom:15px;\">Wie w\u00e4hlt man den richtigen Escort in Martigny?<\/h2>\n    <p style=\"font-size:16px; line-height:1.6; color:#ffffff; margin-bottom:15px;\">\n      Um ein Treffen in vollen Z\u00fcgen genie\u00dfen zu k\u00f6nnen, sollten Sie eine erfahrene und professionelle Escortdame ausw\u00e4hlen. \u00dcberpr\u00fcfen Sie die Kundenbewertungen, besprechen Sie Ihre Erwartungen vor der Sitzung und legen Sie Wert auf eine diskrete Umgebung. Vertrauen und gegenseitiger Respekt garantieren ein erfolgreiches und unvergessliches Erlebnis.\n    <\/p>\n\n    <h2 style=\"color:#ff69b4; font-size:28px; margin-bottom:15px;\">Buchen Sie noch heute Ihre Escortdame in Martigny<\/h2>\n    <p style=\"font-size:16px; line-height:1.6; color:#ffffff;\">\n      Um die ideale Fachkraft zu finden und von einer pers\u00f6nlichen und sicheren Sitzung zu profitieren, entdecken Sie die <a href=\"https:\/\/meetgirl.ch\/de\/sexmassage-im-wallis\/\" style=\"color:#ff69b4; text-decoration:underline; font-weight:bold;\">escort services in wallis<\/a>. Erleben Sie einen einzigartigen Moment, der Vergn\u00fcgen, Entspannung und Entdeckung miteinander verbindet, in einem vertraulichen und eleganten Rahmen in Martigny, Conthey und Umgebung.\n    <\/p>\n\n  <\/div>\n<\/section>\n\t\t\t\t\t\t\t\t<\/div>\n\t\t\t\t<\/div>\n\t\t\t\t\t<\/div>\n\t\t\t\t<\/div>\n\t\t\t\t<\/div>","protected":false},"excerpt":{"rendered":"<p>D\u00e9couvrez les services d\u2019escort \u00e0 Martigny et ses environs, incluant Conthey et les villages voisins. Offrez-vous un moment unique de sensualit\u00e9, de complicit\u00e9 et de d\u00e9tente dans un cadre discret et respectueux. Chaque rencontre est personnalis\u00e9e selon vos envies et vos limites. Pourquoi choisir Martigny et Conthey pour une rencontre discr\u00e8te ? Martigny et Conthey [&hellip;]<\/p>","protected":false},"author":3,"featured_media":0,"parent":0,"menu_order":0,"comment_status":"closed","ping_status":"closed","template":"","meta":{"footnotes":""},"class_list":["post-12759","page","type-page","status-publish","hentry"],"acf":[],"yoast_head":"<!-- This site is optimized with the Yoast SEO plugin v26.0 - https:\/\/yoast.com\/wordpress\/plugins\/seo\/ -->\n<title>Escort \u00e0 Martigny \u2013 Rencontre et massage sexuel en Valais - Meetgirl - Annonces \u00e9rotiques - Escorts, massages et salons<\/title>\n<meta name=\"description\" content=\"D\u00e9couvrez comment rencontrer une escort \u00e0 Martigny et Conthey en Valais. Profitez de prestations chaudes et sensuelles\" \/>\n<meta name=\"robots\" content=\"index, follow, max-snippet:-1, max-image-preview:large, max-video-preview:-1\" \/>\n<link rel=\"canonical\" href=\"https:\/\/meetgirl.ch\/de\/escort-martigny\/\" \/>\n<meta property=\"og:locale\" content=\"de_DE\" \/>\n<meta property=\"og:type\" content=\"article\" \/>\n<meta property=\"og:title\" content=\"Escort \u00e0 Martigny \u2013 Rencontre et massage sexuel en Valais - Meetgirl - Annonces \u00e9rotiques - Escorts, massages et salons\" \/>\n<meta property=\"og:description\" content=\"D\u00e9couvrez comment rencontrer une escort \u00e0 Martigny et Conthey en Valais. Profitez de prestations chaudes et sensuelles\" \/>\n<meta property=\"og:url\" content=\"https:\/\/meetgirl.ch\/de\/escort-martigny\/\" \/>\n<meta property=\"og:site_name\" content=\"Meetgirl - Annonces \u00e9rotiques - Escorts, massages et salons\" \/>\n<meta property=\"article:modified_time\" content=\"2025-08-17T13:02:16+00:00\" \/>\n<meta property=\"og:image\" content=\"https:\/\/meetgirl.ch\/wp-content\/uploads\/2025\/03\/meetgirl-yoast.jpg\" \/>\n\t<meta property=\"og:image:width\" content=\"1200\" \/>\n\t<meta property=\"og:image:height\" content=\"675\" \/>\n\t<meta property=\"og:image:type\" content=\"image\/jpeg\" \/>\n<meta name=\"twitter:card\" content=\"summary_large_image\" \/>\n<meta name=\"twitter:label1\" content=\"Gesch\u00e4tzte Lesezeit\" \/>\n\t<meta name=\"twitter:data1\" content=\"2\u00a0Minuten\" \/>\n<script type=\"application\/ld+json\" class=\"yoast-schema-graph\">{\"@context\":\"https:\/\/schema.org\",\"@graph\":[{\"@type\":\"WebPage\",\"@id\":\"https:\/\/meetgirl.ch\/escort-martigny\/\",\"url\":\"https:\/\/meetgirl.ch\/escort-martigny\/\",\"name\":\"Escort \u00e0 Martigny \u2013 Rencontre et massage sexuel en Valais - Meetgirl - Annonces \u00e9rotiques - Escorts, massages et salons\",\"isPartOf\":{\"@id\":\"https:\/\/meetgirl.ch\/#website\"},\"datePublished\":\"2025-08-17T12:59:52+00:00\",\"dateModified\":\"2025-08-17T13:02:16+00:00\",\"description\":\"D\u00e9couvrez comment rencontrer une escort \u00e0 Martigny et Conthey en Valais. Profitez de prestations chaudes et sensuelles\",\"breadcrumb\":{\"@id\":\"https:\/\/meetgirl.ch\/escort-martigny\/#breadcrumb\"},\"inLanguage\":\"de\",\"potentialAction\":[{\"@type\":\"ReadAction\",\"target\":[\"https:\/\/meetgirl.ch\/escort-martigny\/\"]}]},{\"@type\":\"BreadcrumbList\",\"@id\":\"https:\/\/meetgirl.ch\/escort-martigny\/#breadcrumb\",\"itemListElement\":[{\"@type\":\"ListItem\",\"position\":1,\"name\":\"Accueil\",\"item\":\"https:\/\/meetgirl.ch\/\"},{\"@type\":\"ListItem\",\"position\":2,\"name\":\"Escort \u00e0 Martigny \u2013 Rencontre et massage sexuel en Valais\"}]},{\"@type\":\"WebSite\",\"@id\":\"https:\/\/meetgirl.ch\/#website\",\"url\":\"https:\/\/meetgirl.ch\/\",\"name\":\"MeetGirl - Annonces \u00e9rotiques Suisse - Escorts, massages et salons\",\"description\":\"Escorts et massages \u00e9rotiques\",\"publisher\":{\"@id\":\"https:\/\/meetgirl.ch\/#organization\"},\"alternateName\":\"Annuaire \u00e9rotique Suisse Escort \u00e0 Gen\u00e8ve, Lausanne, Valais, Neuch\u00e2tel\",\"potentialAction\":[{\"@type\":\"SearchAction\",\"target\":{\"@type\":\"EntryPoint\",\"urlTemplate\":\"https:\/\/meetgirl.ch\/?s={search_term_string}\"},\"query-input\":{\"@type\":\"PropertyValueSpecification\",\"valueRequired\":true,\"valueName\":\"search_term_string\"}}],\"inLanguage\":\"de\"},{\"@type\":\"Organization\",\"@id\":\"https:\/\/meetgirl.ch\/#organization\",\"name\":\"Escort et massage \u00e9rotique\",\"alternateName\":\"Meetgirl escortes et masseuses\",\"url\":\"https:\/\/meetgirl.ch\/\",\"logo\":{\"@type\":\"ImageObject\",\"inLanguage\":\"de\",\"@id\":\"https:\/\/meetgirl.ch\/#\/schema\/logo\/image\/\",\"url\":\"https:\/\/meetgirl.ch\/wp-content\/uploads\/2024\/05\/cropped-meet-logo.png\",\"contentUrl\":\"https:\/\/meetgirl.ch\/wp-content\/uploads\/2024\/05\/cropped-meet-logo.png\",\"width\":512,\"height\":512,\"caption\":\"Escort et massage \u00e9rotique\"},\"image\":{\"@id\":\"https:\/\/meetgirl.ch\/#\/schema\/logo\/image\/\"}}]}<\/script>\n<!-- \/ Yoast SEO plugin. -->","yoast_head_json":{"title":"Escort in Martigny - Sexkontakt und Massage im Wallis - Meetgirl - Erotische Anzeigen - Escorts, Massagen und Salons","description":"Entdecken Sie, wie Sie eine Escortdame in Martigny und Conthey im Wallis treffen k\u00f6nnen. Genie\u00dfen Sie warme und sinnliche Leistungen","robots":{"index":"index","follow":"follow","max-snippet":"max-snippet:-1","max-image-preview":"max-image-preview:large","max-video-preview":"max-video-preview:-1"},"canonical":"https:\/\/meetgirl.ch\/de\/escort-martigny\/","og_locale":"de_DE","og_type":"article","og_title":"Escort \u00e0 Martigny \u2013 Rencontre et massage sexuel en Valais - Meetgirl - Annonces \u00e9rotiques - Escorts, massages et salons","og_description":"D\u00e9couvrez comment rencontrer une escort \u00e0 Martigny et Conthey en Valais. Profitez de prestations chaudes et sensuelles","og_url":"https:\/\/meetgirl.ch\/de\/escort-martigny\/","og_site_name":"Meetgirl - Annonces \u00e9rotiques - Escorts, massages et salons","article_modified_time":"2025-08-17T13:02:16+00:00","og_image":[{"width":1200,"height":675,"url":"https:\/\/meetgirl.ch\/wp-content\/uploads\/2025\/03\/meetgirl-yoast.jpg","type":"image\/jpeg"}],"twitter_card":"summary_large_image","twitter_misc":{"Gesch\u00e4tzte Lesezeit":"2\u00a0Minuten"},"schema":{"@context":"https:\/\/schema.org","@graph":[{"@type":"WebPage","@id":"https:\/\/meetgirl.ch\/escort-martigny\/","url":"https:\/\/meetgirl.ch\/escort-martigny\/","name":"Escort in Martigny - Sexkontakt und Massage im Wallis - Meetgirl - Erotische Anzeigen - Escorts, Massagen und Salons","isPartOf":{"@id":"https:\/\/meetgirl.ch\/#website"},"datePublished":"2025-08-17T12:59:52+00:00","dateModified":"2025-08-17T13:02:16+00:00","description":"Entdecken Sie, wie Sie eine Escortdame in Martigny und Conthey im Wallis treffen k\u00f6nnen. Genie\u00dfen Sie warme und sinnliche Leistungen","breadcrumb":{"@id":"https:\/\/meetgirl.ch\/escort-martigny\/#breadcrumb"},"inLanguage":"de","potentialAction":[{"@type":"ReadAction","target":["https:\/\/meetgirl.ch\/escort-martigny\/"]}]},{"@type":"BreadcrumbList","@id":"https:\/\/meetgirl.ch\/escort-martigny\/#breadcrumb","itemListElement":[{"@type":"ListItem","position":1,"name":"Accueil","item":"https:\/\/meetgirl.ch\/"},{"@type":"ListItem","position":2,"name":"Escort \u00e0 Martigny \u2013 Rencontre et massage sexuel en Valais"}]},{"@type":"WebSite","@id":"https:\/\/meetgirl.ch\/#website","url":"https:\/\/meetgirl.ch\/","name":"MeetGirl - Erotikanzeigen Schweiz - Escorts, Massagen und Salons","description":"Escorts und erotische Massagen","publisher":{"@id":"https:\/\/meetgirl.ch\/#organization"},"alternateName":"Annuaire \u00e9rotique Suisse Escort \u00e0 Gen\u00e8ve, Lausanne, Valais, Neuch\u00e2tel","potentialAction":[{"@type":"SearchAction","target":{"@type":"EntryPoint","urlTemplate":"https:\/\/meetgirl.ch\/?s={search_term_string}"},"query-input":{"@type":"PropertyValueSpecification","valueRequired":true,"valueName":"search_term_string"}}],"inLanguage":"de"},{"@type":"Organization","@id":"https:\/\/meetgirl.ch\/#organization","name":"Escort und erotische Massage","alternateName":"Meetgirl escortes et masseuses","url":"https:\/\/meetgirl.ch\/","logo":{"@type":"ImageObject","inLanguage":"de","@id":"https:\/\/meetgirl.ch\/#\/schema\/logo\/image\/","url":"https:\/\/meetgirl.ch\/wp-content\/uploads\/2024\/05\/cropped-meet-logo.png","contentUrl":"https:\/\/meetgirl.ch\/wp-content\/uploads\/2024\/05\/cropped-meet-logo.png","width":512,"height":512,"caption":"Escort et massage \u00e9rotique"},"image":{"@id":"https:\/\/meetgirl.ch\/#\/schema\/logo\/image\/"}}]}},"_links":{"self":[{"href":"https:\/\/meetgirl.ch\/de\/wp-json\/wp\/v2\/pages\/12759","targetHints":{"allow":["GET"]}}],"collection":[{"href":"https:\/\/meetgirl.ch\/de\/wp-json\/wp\/v2\/pages"}],"about":[{"href":"https:\/\/meetgirl.ch\/de\/wp-json\/wp\/v2\/types\/page"}],"author":[{"embeddable":true,"href":"https:\/\/meetgirl.ch\/de\/wp-json\/wp\/v2\/users\/3"}],"replies":[{"embeddable":true,"href":"https:\/\/meetgirl.ch\/de\/wp-json\/wp\/v2\/comments?post=12759"}],"version-history":[{"count":5,"href":"https:\/\/meetgirl.ch\/de\/wp-json\/wp\/v2\/pages\/12759\/revisions"}],"predecessor-version":[{"id":15614,"href":"https:\/\/meetgirl.ch\/de\/wp-json\/wp\/v2\/pages\/12759\/revisions\/15614"}],"wp:attachment":[{"href":"https:\/\/meetgirl.ch\/de\/wp-json\/wp\/v2\/media?parent=12759"}],"curies":[{"name":"wp","href":"https:\/\/api.w.org\/{rel}","templated":true}]}}