{"id":12784,"date":"2025-08-17T13:23:43","date_gmt":"2025-08-17T13:23:43","guid":{"rendered":"https:\/\/meetgirl.ch\/?page_id=12784"},"modified":"2025-08-17T13:25:31","modified_gmt":"2025-08-17T13:25:31","slug":"escort-discrete-fribourg","status":"publish","type":"page","link":"https:\/\/meetgirl.ch\/de\/escort-discrete-fribourg\/","title":{"rendered":"Escort discr\u00e8te \u00e0 Fribourg \u2013 Rencontres sensuelles et confidentielles"},"content":{"rendered":"<div data-elementor-type=\"wp-page\" data-elementor-id=\"12784\" class=\"elementor elementor-12784\">\n\t\t\t\t<div class=\"elementor-element elementor-element-92350a8 e-flex e-con-boxed e-con e-parent\" data-id=\"92350a8\" data-element_type=\"container\" data-settings=\"{&quot;jet_parallax_layout_list&quot;:[]}\">\n\t\t\t\t\t<div class=\"e-con-inner\">\n\t\t\t\t<div class=\"elementor-element elementor-element-19d6fec elementor-widget elementor-widget-case27-listing-feed-widget\" data-id=\"19d6fec\" data-element_type=\"widget\" data-widget_type=\"case27-listing-feed-widget.default\">\n\t\t\t\t<div class=\"elementor-widget-container\">\n\t\t\t\t\t\t\t<section class=\"i-section listing-feed\">\r\n\t\t<div class=\"container-fluid\">\r\n\t\t\t<div class=\"row section-body grid\">\r\n\t\t\t\t\t\t\t\t\t<div class=\"col-lg-4 col-md-4 col-sm-6 col-xs-12 grid-item\"><div class=\"lf-item-container listing-preview type-independante no-logo has-tagline no-info-fields level-promoted priority-2\" data-id=\"listing-id-16570\" data-category-icon=\"\t&lt;i class=&quot;mi bookmark_border&quot; style=&quot;color: #fff; background: #f67675; &quot;&gt;&lt;\/i&gt;\t\" data-category-color=\"#f67675\" data-category-text-color=\"#fff\" data-thumbnail=\"https:\/\/meetgirl.ch\/wp-content\/themes\/my-listing\/assets\/images\/marker.jpg\" data-marker=\"https:\/\/meetgirl.ch\/wp-content\/themes\/my-listing\/assets\/images\/marker.jpg\" data-template=\"default\" data-locations=\"[{&quot;address&quot;:&quot;Fribourg, canton de Fribourg, Suisse&quot;,&quot;lat&quot;:&quot;46.80445&quot;,&quot;lng&quot;:&quot;7.15434&quot;}]\"\n><div class=\"lf-item lf-item-default\" data-template=\"default\"> <a href=\"https:\/\/meetgirl.ch\/de\/escorts\/chantale334\/\"> <div class=\"overlay\" style=\" background-color: #242429; opacity: 0;\"><\/div> <div class=\"lf-background\" style=\"background-image: url('https:\/\/meetgirl.ch\/wp-content\/uploads\/listing-uploads\/cover\/2025\/11\/ZA1-1.jpg');\"><\/div> <div class=\"lf-item-info\"> <h4 class=\"case27-primary-text listing-preview-title\"> Chantale334 <\/h4> <\/div> <\/a> <div class=\"lf-head level-promoted\"> <span class=\"tooltip-element tooltip-bottom\"> <div class=\"lf-head-btn ad-badge\"> <span><i class=\"icon-flash\"><\/i><\/span> <\/div> <span class=\"tooltip-container\">Promoted<\/span> <\/span> <\/div> <\/div> <div class=\"listing-details-3 c27-footer-section\"> <ul class=\"details-list no-list-style\"> <li class=\"\" > <span>Freiburg <\/span> <\/li> <li class=\"\" > <span> <div class=\"codicts-online-status\"><span class=\"codicts-dot cdtsols-offline\"><\/span> <span class=\"cdtsols-txt\">-24H<\/span><\/div> <\/span> <\/li> <\/ul> <\/div> <div class=\"listing-details-3 c27-footer-section\"> <ul class=\"details-list no-list-style\"> <li class=\"\" > <span>Sexy <\/span> <\/li> <\/ul> <\/div> <\/div><\/div>\t\t\t\t\t\t\t\t\t<div class=\"col-lg-4 col-md-4 col-sm-6 col-xs-12 grid-item\"><div class=\"lf-item-container listing-preview type-independante no-logo has-tagline no-info-fields level-promoted priority-2\" data-id=\"listing-id-16565\" data-category-icon=\"\t&lt;i class=&quot;mi bookmark_border&quot; style=&quot;color: #fff; background: #f67675; &quot;&gt;&lt;\/i&gt;\t\" data-category-color=\"#f67675\" data-category-text-color=\"#fff\" data-thumbnail=\"https:\/\/meetgirl.ch\/wp-content\/themes\/my-listing\/assets\/images\/marker.jpg\" data-marker=\"https:\/\/meetgirl.ch\/wp-content\/themes\/my-listing\/assets\/images\/marker.jpg\" data-template=\"default\" data-locations=\"[{&quot;address&quot;:&quot;Fribourg, canton de Fribourg, Suisse&quot;,&quot;lat&quot;:&quot;46.80445&quot;,&quot;lng&quot;:&quot;7.15434&quot;}]\"\n><div class=\"lf-item lf-item-default\" data-template=\"default\"> <a href=\"https:\/\/meetgirl.ch\/de\/escorts\/christina-5542\/\"> <div class=\"overlay\" style=\" background-color: #242429; opacity: 0;\"><\/div> <div class=\"lf-background\" style=\"background-image: url('https:\/\/meetgirl.ch\/wp-content\/uploads\/listing-uploads\/cover\/2025\/11\/IMG-20201104-WA0039.jpg');\"><\/div> <div class=\"lf-item-info\"> <h4 class=\"case27-primary-text listing-preview-title\"> Christina 5542 <\/h4> <\/div> <\/a> <div class=\"lf-head level-promoted\"> <span class=\"tooltip-element tooltip-bottom\"> <div class=\"lf-head-btn ad-badge\"> <span><i class=\"icon-flash\"><\/i><\/span> <\/div> <span class=\"tooltip-container\">Promoted<\/span> <\/span> <\/div> <\/div> <div class=\"listing-details-3 c27-footer-section\"> <ul class=\"details-list no-list-style\"> <li class=\"\" > <span>Freiburg <\/span> <\/li> <li class=\"\" > <span> <div class=\"codicts-online-status\"><span class=\"codicts-dot cdtsols-offline\"><\/span> <span class=\"cdtsols-txt\">-24H<\/span><\/div> <\/span> <\/li> <\/ul> <\/div> <div class=\"listing-details-3 c27-footer-section\"> <ul class=\"details-list no-list-style\"> <li class=\"\" > <span>Verf\u00fcgbar <\/span> <\/li> <\/ul> <\/div> <\/div><\/div>\t\t\t\t\t\t\t\t\t<div class=\"col-lg-4 col-md-4 col-sm-6 col-xs-12 grid-item\"><div class=\"lf-item-container listing-preview type-independante no-logo has-tagline no-info-fields level-promoted priority-2\" data-id=\"listing-id-14492\" data-category-icon=\"\t&lt;i class=&quot;mi bookmark_border&quot; style=&quot;color: #fff; background: #f67675; &quot;&gt;&lt;\/i&gt;\t\" data-category-color=\"#f67675\" data-category-text-color=\"#fff\" data-thumbnail=\"https:\/\/meetgirl.ch\/wp-content\/themes\/my-listing\/assets\/images\/marker.jpg\" data-marker=\"https:\/\/meetgirl.ch\/wp-content\/themes\/my-listing\/assets\/images\/marker.jpg\" data-template=\"default\" data-locations=\"[{&quot;address&quot;:&quot;Fribourg, canton de Fribourg, Suisse&quot;,&quot;lat&quot;:&quot;46.80445&quot;,&quot;lng&quot;:&quot;7.15434&quot;}]\"\n><div class=\"lf-item lf-item-default\" data-template=\"default\"> <a href=\"https:\/\/meetgirl.ch\/de\/escorts\/elodie\/\"> <div class=\"overlay\" style=\" background-color: #242429; opacity: 0;\"><\/div> <div class=\"lf-background\" style=\"background-image: url('https:\/\/meetgirl.ch\/wp-content\/uploads\/listing-uploads\/cover\/2025\/09\/IMG-20250923-WA0016-768x1385.jpg');\"><\/div> <div class=\"lf-item-info\"> <h4 class=\"case27-primary-text listing-preview-title\"> Elodie <\/h4> <\/div> <\/a> <div class=\"lf-head level-promoted\"> <span class=\"tooltip-element tooltip-bottom\"> <div class=\"lf-head-btn ad-badge\"> <span><i class=\"icon-flash\"><\/i><\/span> <\/div> <span class=\"tooltip-container\">Promoted<\/span> <\/span> <\/div> <\/div> <div class=\"listing-details-3 c27-footer-section\"> <ul class=\"details-list no-list-style\"> <li class=\"\" > <span>Freiburg <\/span> <\/li> <li class=\"\" > <span> <div class=\"codicts-online-status\"><span class=\"codicts-dot cdtsols-offline\"><\/span> <span class=\"cdtsols-txt\">-24H<\/span><\/div> <\/span> <\/li> <\/ul> <\/div> <div class=\"listing-details-3 c27-footer-section\"> <ul class=\"details-list no-list-style\"> <li class=\"\" > <span>s\u00fc\u00df und sexy <\/span> <\/li> <\/ul> <\/div> <\/div><\/div>\t\t\t\t\t\t\t<\/div>\r\n\t\t<\/div>\r\n\t<\/section>\r\n\r\n\t\t\t\t<\/div>\n\t\t\t\t<\/div>\n\t\t\t\t\t<\/div>\n\t\t\t\t<\/div>\n\t\t<div class=\"elementor-element elementor-element-e85ecd0 e-flex e-con-boxed e-con e-parent\" data-id=\"e85ecd0\" data-element_type=\"container\" data-settings=\"{&quot;jet_parallax_layout_list&quot;:[]}\">\n\t\t\t\t\t<div class=\"e-con-inner\">\n\t\t\t\t<div class=\"elementor-element elementor-element-855f843 elementor-widget elementor-widget-text-editor\" data-id=\"855f843\" data-element_type=\"widget\" data-widget_type=\"text-editor.default\">\n\t\t\t\t<div class=\"elementor-widget-container\">\n\t\t\t\t\t\t\t\t\t<section style=\"padding:40px 20px; background-color:#222; font-family:Arial,sans-serif; color:#ffffff;\">\n  <div style=\"max-width:1000px; margin:0 auto;\">\n\n    <!-- Intro teaser -->\n    <p style=\"font-size:16px; line-height:1.6; text-align:center; margin-bottom:20px;\">\n      Entdecken Sie die Welt der <strong>diskrete Escort in Freiburg<\/strong> und lassen Sie sich von sinnlichen und vertraulichen Begegnungen verf\u00fchren. Unsere erfahrenen Profis bieten Ihnen hei\u00dfe, ma\u00dfgeschneiderte Momente, die auf Ihre W\u00fcnsche und Ihren Rhythmus abgestimmt sind.\n    <\/p>\n\n    <!-- Pourquoi choisir Fribourg -->\n    <h2 style=\"color:#ff69b4; font-size:28px; margin-bottom:15px;\">Warum sollte man Freiburg f\u00fcr ein diskretes Treffen w\u00e4hlen?<\/h2>\n    <p style=\"font-size:16px; line-height:1.6; margin-bottom:15px;\">\n      Freiburg ist eine freundliche und sichere Stadt, ideal um eine diskrete Escortdame zu treffen. Ihr dynamisches Stadtzentrum und die ruhigen Viertel erm\u00f6glichen Treffen in einer sicheren und angenehmen Umgebung. Die N\u00e4he zu Conthey und Umgebung bietet noch mehr Flexibilit\u00e4t, um Ihr sinnliches Erlebnis in aller Diskretion zu organisieren.\n    <\/p>\n\n    <!-- Les avantages -->\n    <h2 style=\"color:#ff69b4; font-size:28px; margin-bottom:15px;\">Die Vorteile einer diskreten Escortdame in Freiburg<\/h2>\n    <p style=\"font-size:16px; line-height:1.6; margin-bottom:15px;\">\n      Eine <strong>diskrete Escort in Freiburg<\/strong> garantiert Ihnen einen vertraulichen, respektvollen und pers\u00f6nlichen Service. Ob Sie nun klassische sinnliche Momente, warme Ber\u00fchrungen oder gewagtere Experimente suchen, unsere Profis wissen Ihre W\u00fcnsche mit Eleganz und Taktgef\u00fchl zu erf\u00fcllen. Jedes Treffen wird auf Ihre W\u00fcnsche abgestimmt, wobei wir stets auf Komfort und Sicherheit bedacht sind.\n    <\/p>\n\n    <!-- Prestations -->\n    <h2 style=\"color:#ff69b4; font-size:28px; margin-bottom:15px;\">Angebotene Leistungen<\/h2>\n    <p style=\"font-size:16px; line-height:1.6; margin-bottom:15px;\">\n      Unsere diskreten Escorts in Freiburg bieten eine ganze Reihe sinnlicher und frecher Dienstleistungen an: erotische Massagen, Body-to-Body-Sitzungen, Tantra-Massagen, Lingam- oder Yoni-Massagen sowie individuelle Erlebnisse f\u00fcr Paare oder Einzelpersonen. Jede Leistung ist darauf ausgelegt, Ihre Sinne zu wecken und einen einzigartigen Moment der Freude und Entspannung zu bieten.\n    <\/p>\n\n    <!-- Conseils pour une rencontre r\u00e9ussie -->\n    <h2 style=\"color:#ff69b4; font-size:28px; margin-bottom:15px;\">Tipps, wie Sie Ihre Begegnung in vollen Z\u00fcgen genie\u00dfen k\u00f6nnen<\/h2>\n    <p style=\"font-size:16px; line-height:1.6; margin-bottom:15px;\">\n      F\u00fcr eine erfolgreiche Begegnung mit einer <strong>diskrete Escort in Freiburg<\/strong>In der Regel sind Kommunikation und Transparenz wichtig. Legen Sie Ihre Erwartungen vor der Sitzung fest, w\u00e4hlen Sie einen sicheren und komfortablen Ort und respektieren Sie die Diskretion jedes Einzelnen. Gegenseitiges Vertrauen ist unerl\u00e4sslich, um jeden Moment in ein unvergessliches und raffiniertes sinnliches Erlebnis zu verwandeln.\n    <\/p>\n\n    <!-- Maillage -->\n    <h2 style=\"color:#ff69b4; font-size:28px; margin-bottom:15px;\">Buchen Sie Ihre diskrete Escortdame in Freiburg<\/h2>\n    <p style=\"font-size:16px; line-height:1.6;\">\n      Um die <strong>ideale diskrete Escort in Freiburg<\/strong> und von einem ma\u00dfgeschneiderten Service profitieren m\u00f6chten, entdecken Sie unsere Profis auf <a href=\"https:\/\/meetgirl.ch\/de\/sex-massage-freiburg\/\" style=\"color:#ff69b4; text-decoration:underline; font-weight:bold;\">Sexualmassage Freiburg<\/a>. G\u00f6nnen Sie sich eine intime und vertrauliche Erfahrung, die darauf ausgelegt ist, Ihre Sinne zu wecken und Sie vollkommen zu entspannen.\n    <\/p>\n\n  <\/div>\n<\/section>\n\t\t\t\t\t\t\t\t<\/div>\n\t\t\t\t<\/div>\n\t\t\t\t\t<\/div>\n\t\t\t\t<\/div>\n\t\t\t\t<\/div>","protected":false},"excerpt":{"rendered":"<p>D\u00e9couvrez le monde des escort discr\u00e8te \u00e0 Fribourg et laissez-vous tenter par des rencontres sensuelles et confidentielles. Nos professionnelles exp\u00e9riment\u00e9es vous offrent des moments chauds et sur mesure, adapt\u00e9s \u00e0 vos envies et \u00e0 votre rythme. Pourquoi choisir Fribourg pour une rencontre discr\u00e8te ? Fribourg est une ville accueillante et s\u00e9curis\u00e9e, id\u00e9ale pour rencontrer une [&hellip;]<\/p>","protected":false},"author":3,"featured_media":0,"parent":0,"menu_order":0,"comment_status":"closed","ping_status":"closed","template":"","meta":{"footnotes":""},"class_list":["post-12784","page","type-page","status-publish","hentry"],"acf":[],"yoast_head":"<!-- This site is optimized with the Yoast SEO plugin v26.0 - https:\/\/yoast.com\/wordpress\/plugins\/seo\/ -->\n<title>Escort discr\u00e8te \u00e0 Fribourg \u2013 Rencontres sensuelles et confidentielles - Meetgirl - Annonces \u00e9rotiques - Escorts, massages et salons<\/title>\n<meta name=\"description\" content=\"Vivez des exp\u00e9riences intimes avec une escort discr\u00e8te \u00e0 Fribourg. Profitez de moments coquins et personnalis\u00e9s\" \/>\n<meta name=\"robots\" content=\"index, follow, max-snippet:-1, max-image-preview:large, max-video-preview:-1\" \/>\n<link rel=\"canonical\" href=\"https:\/\/meetgirl.ch\/de\/escort-discrete-fribourg\/\" \/>\n<meta property=\"og:locale\" content=\"de_DE\" \/>\n<meta property=\"og:type\" content=\"article\" \/>\n<meta property=\"og:title\" content=\"Escort discr\u00e8te \u00e0 Fribourg \u2013 Rencontres sensuelles et confidentielles - Meetgirl - Annonces \u00e9rotiques - Escorts, massages et salons\" \/>\n<meta property=\"og:description\" content=\"Vivez des exp\u00e9riences intimes avec une escort discr\u00e8te \u00e0 Fribourg. Profitez de moments coquins et personnalis\u00e9s\" \/>\n<meta property=\"og:url\" content=\"https:\/\/meetgirl.ch\/de\/escort-discrete-fribourg\/\" \/>\n<meta property=\"og:site_name\" content=\"Meetgirl - Annonces \u00e9rotiques - Escorts, massages et salons\" \/>\n<meta property=\"article:modified_time\" content=\"2025-08-17T13:25:31+00:00\" \/>\n<meta property=\"og:image\" content=\"https:\/\/meetgirl.ch\/wp-content\/uploads\/2025\/03\/meetgirl-yoast.jpg\" \/>\n\t<meta property=\"og:image:width\" content=\"1200\" \/>\n\t<meta property=\"og:image:height\" content=\"675\" \/>\n\t<meta property=\"og:image:type\" content=\"image\/jpeg\" \/>\n<meta name=\"twitter:card\" content=\"summary_large_image\" \/>\n<meta name=\"twitter:label1\" content=\"Gesch\u00e4tzte Lesezeit\" \/>\n\t<meta name=\"twitter:data1\" content=\"3\u00a0Minuten\" \/>\n<script type=\"application\/ld+json\" class=\"yoast-schema-graph\">{\"@context\":\"https:\/\/schema.org\",\"@graph\":[{\"@type\":\"WebPage\",\"@id\":\"https:\/\/meetgirl.ch\/escort-discrete-fribourg\/\",\"url\":\"https:\/\/meetgirl.ch\/escort-discrete-fribourg\/\",\"name\":\"Escort discr\u00e8te \u00e0 Fribourg \u2013 Rencontres sensuelles et confidentielles - Meetgirl - Annonces \u00e9rotiques - Escorts, massages et salons\",\"isPartOf\":{\"@id\":\"https:\/\/meetgirl.ch\/#website\"},\"datePublished\":\"2025-08-17T13:23:43+00:00\",\"dateModified\":\"2025-08-17T13:25:31+00:00\",\"description\":\"Vivez des exp\u00e9riences intimes avec une escort discr\u00e8te \u00e0 Fribourg. Profitez de moments coquins et personnalis\u00e9s\",\"breadcrumb\":{\"@id\":\"https:\/\/meetgirl.ch\/escort-discrete-fribourg\/#breadcrumb\"},\"inLanguage\":\"de\",\"potentialAction\":[{\"@type\":\"ReadAction\",\"target\":[\"https:\/\/meetgirl.ch\/escort-discrete-fribourg\/\"]}]},{\"@type\":\"BreadcrumbList\",\"@id\":\"https:\/\/meetgirl.ch\/escort-discrete-fribourg\/#breadcrumb\",\"itemListElement\":[{\"@type\":\"ListItem\",\"position\":1,\"name\":\"Accueil\",\"item\":\"https:\/\/meetgirl.ch\/\"},{\"@type\":\"ListItem\",\"position\":2,\"name\":\"Escort discr\u00e8te \u00e0 Fribourg \u2013 Rencontres sensuelles et confidentielles\"}]},{\"@type\":\"WebSite\",\"@id\":\"https:\/\/meetgirl.ch\/#website\",\"url\":\"https:\/\/meetgirl.ch\/\",\"name\":\"MeetGirl - Annonces \u00e9rotiques Suisse - Escorts, massages et salons\",\"description\":\"Escorts et massages \u00e9rotiques\",\"publisher\":{\"@id\":\"https:\/\/meetgirl.ch\/#organization\"},\"alternateName\":\"Annuaire \u00e9rotique Suisse Escort \u00e0 Gen\u00e8ve, Lausanne, Valais, Neuch\u00e2tel\",\"potentialAction\":[{\"@type\":\"SearchAction\",\"target\":{\"@type\":\"EntryPoint\",\"urlTemplate\":\"https:\/\/meetgirl.ch\/?s={search_term_string}\"},\"query-input\":{\"@type\":\"PropertyValueSpecification\",\"valueRequired\":true,\"valueName\":\"search_term_string\"}}],\"inLanguage\":\"de\"},{\"@type\":\"Organization\",\"@id\":\"https:\/\/meetgirl.ch\/#organization\",\"name\":\"Escort et massage \u00e9rotique\",\"alternateName\":\"Meetgirl escortes et masseuses\",\"url\":\"https:\/\/meetgirl.ch\/\",\"logo\":{\"@type\":\"ImageObject\",\"inLanguage\":\"de\",\"@id\":\"https:\/\/meetgirl.ch\/#\/schema\/logo\/image\/\",\"url\":\"https:\/\/meetgirl.ch\/wp-content\/uploads\/2024\/05\/cropped-meet-logo.png\",\"contentUrl\":\"https:\/\/meetgirl.ch\/wp-content\/uploads\/2024\/05\/cropped-meet-logo.png\",\"width\":512,\"height\":512,\"caption\":\"Escort et massage \u00e9rotique\"},\"image\":{\"@id\":\"https:\/\/meetgirl.ch\/#\/schema\/logo\/image\/\"}}]}<\/script>\n<!-- \/ Yoast SEO plugin. -->","yoast_head_json":{"title":"Diskreter Escort in Freiburg - Sinnliche und vertrauliche Begegnungen - Meetgirl - Erotische Anzeigen - Escorts, Massagen und Salons","description":"Erleben Sie intime Erfahrungen mit einer diskreten Escortdame in Freiburg. Genie\u00dfen Sie freche und pers\u00f6nliche Momente","robots":{"index":"index","follow":"follow","max-snippet":"max-snippet:-1","max-image-preview":"max-image-preview:large","max-video-preview":"max-video-preview:-1"},"canonical":"https:\/\/meetgirl.ch\/de\/escort-discrete-fribourg\/","og_locale":"de_DE","og_type":"article","og_title":"Escort discr\u00e8te \u00e0 Fribourg \u2013 Rencontres sensuelles et confidentielles - Meetgirl - Annonces \u00e9rotiques - Escorts, massages et salons","og_description":"Vivez des exp\u00e9riences intimes avec une escort discr\u00e8te \u00e0 Fribourg. Profitez de moments coquins et personnalis\u00e9s","og_url":"https:\/\/meetgirl.ch\/de\/escort-discrete-fribourg\/","og_site_name":"Meetgirl - Annonces \u00e9rotiques - Escorts, massages et salons","article_modified_time":"2025-08-17T13:25:31+00:00","og_image":[{"width":1200,"height":675,"url":"https:\/\/meetgirl.ch\/wp-content\/uploads\/2025\/03\/meetgirl-yoast.jpg","type":"image\/jpeg"}],"twitter_card":"summary_large_image","twitter_misc":{"Gesch\u00e4tzte Lesezeit":"3\u00a0Minuten"},"schema":{"@context":"https:\/\/schema.org","@graph":[{"@type":"WebPage","@id":"https:\/\/meetgirl.ch\/escort-discrete-fribourg\/","url":"https:\/\/meetgirl.ch\/escort-discrete-fribourg\/","name":"Diskreter Escort in Freiburg - Sinnliche und vertrauliche Begegnungen - Meetgirl - Erotische Anzeigen - Escorts, Massagen und Salons","isPartOf":{"@id":"https:\/\/meetgirl.ch\/#website"},"datePublished":"2025-08-17T13:23:43+00:00","dateModified":"2025-08-17T13:25:31+00:00","description":"Erleben Sie intime Erfahrungen mit einer diskreten Escortdame in Freiburg. Genie\u00dfen Sie freche und pers\u00f6nliche Momente","breadcrumb":{"@id":"https:\/\/meetgirl.ch\/escort-discrete-fribourg\/#breadcrumb"},"inLanguage":"de","potentialAction":[{"@type":"ReadAction","target":["https:\/\/meetgirl.ch\/escort-discrete-fribourg\/"]}]},{"@type":"BreadcrumbList","@id":"https:\/\/meetgirl.ch\/escort-discrete-fribourg\/#breadcrumb","itemListElement":[{"@type":"ListItem","position":1,"name":"Accueil","item":"https:\/\/meetgirl.ch\/"},{"@type":"ListItem","position":2,"name":"Escort discr\u00e8te \u00e0 Fribourg \u2013 Rencontres sensuelles et confidentielles"}]},{"@type":"WebSite","@id":"https:\/\/meetgirl.ch\/#website","url":"https:\/\/meetgirl.ch\/","name":"MeetGirl - Erotikanzeigen Schweiz - Escorts, Massagen und Salons","description":"Escorts und erotische Massagen","publisher":{"@id":"https:\/\/meetgirl.ch\/#organization"},"alternateName":"Annuaire \u00e9rotique Suisse Escort \u00e0 Gen\u00e8ve, Lausanne, Valais, Neuch\u00e2tel","potentialAction":[{"@type":"SearchAction","target":{"@type":"EntryPoint","urlTemplate":"https:\/\/meetgirl.ch\/?s={search_term_string}"},"query-input":{"@type":"PropertyValueSpecification","valueRequired":true,"valueName":"search_term_string"}}],"inLanguage":"de"},{"@type":"Organization","@id":"https:\/\/meetgirl.ch\/#organization","name":"Escort und erotische Massage","alternateName":"Meetgirl escortes et masseuses","url":"https:\/\/meetgirl.ch\/","logo":{"@type":"ImageObject","inLanguage":"de","@id":"https:\/\/meetgirl.ch\/#\/schema\/logo\/image\/","url":"https:\/\/meetgirl.ch\/wp-content\/uploads\/2024\/05\/cropped-meet-logo.png","contentUrl":"https:\/\/meetgirl.ch\/wp-content\/uploads\/2024\/05\/cropped-meet-logo.png","width":512,"height":512,"caption":"Escort et massage \u00e9rotique"},"image":{"@id":"https:\/\/meetgirl.ch\/#\/schema\/logo\/image\/"}}]}},"_links":{"self":[{"href":"https:\/\/meetgirl.ch\/de\/wp-json\/wp\/v2\/pages\/12784","targetHints":{"allow":["GET"]}}],"collection":[{"href":"https:\/\/meetgirl.ch\/de\/wp-json\/wp\/v2\/pages"}],"about":[{"href":"https:\/\/meetgirl.ch\/de\/wp-json\/wp\/v2\/types\/page"}],"author":[{"embeddable":true,"href":"https:\/\/meetgirl.ch\/de\/wp-json\/wp\/v2\/users\/3"}],"replies":[{"embeddable":true,"href":"https:\/\/meetgirl.ch\/de\/wp-json\/wp\/v2\/comments?post=12784"}],"version-history":[{"count":4,"href":"https:\/\/meetgirl.ch\/de\/wp-json\/wp\/v2\/pages\/12784\/revisions"}],"predecessor-version":[{"id":12788,"href":"https:\/\/meetgirl.ch\/de\/wp-json\/wp\/v2\/pages\/12784\/revisions\/12788"}],"wp:attachment":[{"href":"https:\/\/meetgirl.ch\/de\/wp-json\/wp\/v2\/media?parent=12784"}],"curies":[{"name":"wp","href":"https:\/\/api.w.org\/{rel}","templated":true}]}}