{"id":12797,"date":"2025-08-17T13:37:07","date_gmt":"2025-08-17T13:37:07","guid":{"rendered":"https:\/\/meetgirl.ch\/?page_id=12797"},"modified":"2025-08-17T13:38:35","modified_gmt":"2025-08-17T13:38:35","slug":"escort-dominatrice-fribourg","status":"publish","type":"page","link":"https:\/\/meetgirl.ch\/de\/escort-dominatrice-fribourg\/","title":{"rendered":"Escort dominatrice \u00e0 Fribourg \u2013 Exp\u00e9riences BDSM et plaisirs extr\u00eames"},"content":{"rendered":"<div data-elementor-type=\"wp-page\" data-elementor-id=\"12797\" class=\"elementor elementor-12797\">\n\t\t\t\t<div class=\"elementor-element elementor-element-4604fea e-flex e-con-boxed e-con e-parent\" data-id=\"4604fea\" data-element_type=\"container\" data-settings=\"{&quot;jet_parallax_layout_list&quot;:[]}\">\n\t\t\t\t\t<div class=\"e-con-inner\">\n\t\t\t\t<div class=\"elementor-element elementor-element-681d705 elementor-widget elementor-widget-case27-listing-feed-widget\" data-id=\"681d705\" data-element_type=\"widget\" data-widget_type=\"case27-listing-feed-widget.default\">\n\t\t\t\t<div class=\"elementor-widget-container\">\n\t\t\t\t\t\t\t<section class=\"i-section listing-feed\">\r\n\t\t<div class=\"container-fluid\">\r\n\t\t\t<div class=\"row section-body grid\">\r\n\t\t\t\t\t\t\t\t\t<div class=\"col-lg-4 col-md-4 col-sm-6 col-xs-12 grid-item\"><div class=\"lf-item-container listing-preview type-independante no-logo has-tagline no-info-fields level-promoted priority-2\" data-id=\"listing-id-16570\" data-category-icon=\"\t&lt;i class=&quot;mi bookmark_border&quot; style=&quot;color: #fff; background: #f67675; &quot;&gt;&lt;\/i&gt;\t\" data-category-color=\"#f67675\" data-category-text-color=\"#fff\" data-thumbnail=\"https:\/\/meetgirl.ch\/wp-content\/themes\/my-listing\/assets\/images\/marker.jpg\" data-marker=\"https:\/\/meetgirl.ch\/wp-content\/themes\/my-listing\/assets\/images\/marker.jpg\" data-template=\"default\" data-locations=\"[{&quot;address&quot;:&quot;Fribourg, canton de Fribourg, Suisse&quot;,&quot;lat&quot;:&quot;46.80445&quot;,&quot;lng&quot;:&quot;7.15434&quot;}]\"\n><div class=\"lf-item lf-item-default\" data-template=\"default\"> <a href=\"https:\/\/meetgirl.ch\/de\/escorts\/chantale334\/\"> <div class=\"overlay\" style=\" background-color: #242429; opacity: 0;\"><\/div> <div class=\"lf-background\" style=\"background-image: url('https:\/\/meetgirl.ch\/wp-content\/uploads\/listing-uploads\/cover\/2025\/11\/ZA1-1.jpg');\"><\/div> <div class=\"lf-item-info\"> <h4 class=\"case27-primary-text listing-preview-title\"> Chantale334 <\/h4> <\/div> <\/a> <div class=\"lf-head level-promoted\"> <span class=\"tooltip-element tooltip-bottom\"> <div class=\"lf-head-btn ad-badge\"> <span><i class=\"icon-flash\"><\/i><\/span> <\/div> <span class=\"tooltip-container\">Promoted<\/span> <\/span> <\/div> <\/div> <div class=\"listing-details-3 c27-footer-section\"> <ul class=\"details-list no-list-style\"> <li class=\"\" > <span>Freiburg <\/span> <\/li> <li class=\"\" > <span> <div class=\"codicts-online-status\"><span class=\"codicts-dot cdtsols-offline\"><\/span> <span class=\"cdtsols-txt\">-24H<\/span><\/div> <\/span> <\/li> <\/ul> <\/div> <div class=\"listing-details-3 c27-footer-section\"> <ul class=\"details-list no-list-style\"> <li class=\"\" > <span>Sexy <\/span> <\/li> <\/ul> <\/div> <\/div><\/div>\t\t\t\t\t\t\t\t\t<div class=\"col-lg-4 col-md-4 col-sm-6 col-xs-12 grid-item\"><div class=\"lf-item-container listing-preview type-independante no-logo has-tagline no-info-fields level-promoted priority-2\" data-id=\"listing-id-16565\" data-category-icon=\"\t&lt;i class=&quot;mi bookmark_border&quot; style=&quot;color: #fff; background: #f67675; &quot;&gt;&lt;\/i&gt;\t\" data-category-color=\"#f67675\" data-category-text-color=\"#fff\" data-thumbnail=\"https:\/\/meetgirl.ch\/wp-content\/themes\/my-listing\/assets\/images\/marker.jpg\" data-marker=\"https:\/\/meetgirl.ch\/wp-content\/themes\/my-listing\/assets\/images\/marker.jpg\" data-template=\"default\" data-locations=\"[{&quot;address&quot;:&quot;Fribourg, canton de Fribourg, Suisse&quot;,&quot;lat&quot;:&quot;46.80445&quot;,&quot;lng&quot;:&quot;7.15434&quot;}]\"\n><div class=\"lf-item lf-item-default\" data-template=\"default\"> <a href=\"https:\/\/meetgirl.ch\/de\/escorts\/christina-5542\/\"> <div class=\"overlay\" style=\" background-color: #242429; opacity: 0;\"><\/div> <div class=\"lf-background\" style=\"background-image: url('https:\/\/meetgirl.ch\/wp-content\/uploads\/listing-uploads\/cover\/2025\/11\/IMG-20201104-WA0039.jpg');\"><\/div> <div class=\"lf-item-info\"> <h4 class=\"case27-primary-text listing-preview-title\"> Christina 5542 <\/h4> <\/div> <\/a> <div class=\"lf-head level-promoted\"> <span class=\"tooltip-element tooltip-bottom\"> <div class=\"lf-head-btn ad-badge\"> <span><i class=\"icon-flash\"><\/i><\/span> <\/div> <span class=\"tooltip-container\">Promoted<\/span> <\/span> <\/div> <\/div> <div class=\"listing-details-3 c27-footer-section\"> <ul class=\"details-list no-list-style\"> <li class=\"\" > <span>Freiburg <\/span> <\/li> <li class=\"\" > <span> <div class=\"codicts-online-status\"><span class=\"codicts-dot cdtsols-offline\"><\/span> <span class=\"cdtsols-txt\">-24H<\/span><\/div> <\/span> <\/li> <\/ul> <\/div> <div class=\"listing-details-3 c27-footer-section\"> <ul class=\"details-list no-list-style\"> <li class=\"\" > <span>Verf\u00fcgbar <\/span> <\/li> <\/ul> <\/div> <\/div><\/div>\t\t\t\t\t\t\t\t\t<div class=\"col-lg-4 col-md-4 col-sm-6 col-xs-12 grid-item\"><div class=\"lf-item-container listing-preview type-independante no-logo has-tagline no-info-fields level-promoted priority-2\" data-id=\"listing-id-11157\" data-category-icon=\"\t&lt;i class=&quot;mi bookmark_border&quot; style=&quot;color: #fff; background: #f67675; &quot;&gt;&lt;\/i&gt;\t\" data-category-color=\"#f67675\" data-category-text-color=\"#fff\" data-thumbnail=\"https:\/\/meetgirl.ch\/wp-content\/themes\/my-listing\/assets\/images\/marker.jpg\" data-marker=\"https:\/\/meetgirl.ch\/wp-content\/themes\/my-listing\/assets\/images\/marker.jpg\" data-template=\"default\" data-locations=\"[{&quot;address&quot;:&quot;Bulle, canton de Fribourg, Suisse&quot;,&quot;lat&quot;:&quot;46.61919&quot;,&quot;lng&quot;:&quot;7.05757&quot;}]\"\n><div class=\"lf-item lf-item-default\" data-template=\"default\"> <a href=\"https:\/\/meetgirl.ch\/de\/escorts\/plan-cul-chaude%f0%9f%94%a5\/\"> <div class=\"overlay\" style=\" background-color: #242429; opacity: 0;\"><\/div> <div class=\"lf-background\" style=\"background-image: url('https:\/\/meetgirl.ch\/wp-content\/uploads\/listing-uploads\/cover\/2025\/07\/Internet_20250711_175358_29.jpeg');\"><\/div> <div class=\"lf-item-info\"> <h4 class=\"case27-primary-text listing-preview-title\"> Hei\u00dfer Sex Plan\ud83d\udd25 <\/h4> <\/div> <\/a> <div class=\"lf-head level-promoted\"> <span class=\"tooltip-element tooltip-bottom\"> <div class=\"lf-head-btn ad-badge\"> <span><i class=\"icon-flash\"><\/i><\/span> <\/div> <span class=\"tooltip-container\">Promoted<\/span> <\/span> <\/div> <\/div> <div class=\"listing-details-3 c27-footer-section\"> <ul class=\"details-list no-list-style\"> <li class=\"\" > <span>Bulle <\/span> <\/li> <li class=\"\" > <span> <div class=\"codicts-online-status\"><span class=\"codicts-dot cdtsols-offline\"><\/span> <span class=\"cdtsols-txt\">-24H<\/span><\/div> <\/span> <\/li> <\/ul> <\/div> <div class=\"listing-details-3 c27-footer-section\"> <ul class=\"details-list no-list-style\"> <li class=\"\" > <span>diskret <\/span> <\/li> <\/ul> <\/div> <\/div><\/div>\t\t\t\t\t\t\t<\/div>\r\n\t\t<\/div>\r\n\t<\/section>\r\n\r\n\t\t\t\t<\/div>\n\t\t\t\t<\/div>\n\t\t\t\t\t<\/div>\n\t\t\t\t<\/div>\n\t\t<div class=\"elementor-element elementor-element-0759b28 e-flex e-con-boxed e-con e-parent\" data-id=\"0759b28\" data-element_type=\"container\" data-settings=\"{&quot;jet_parallax_layout_list&quot;:[]}\">\n\t\t\t\t\t<div class=\"e-con-inner\">\n\t\t\t\t<div class=\"elementor-element elementor-element-4d6fbd9 elementor-widget elementor-widget-text-editor\" data-id=\"4d6fbd9\" data-element_type=\"widget\" data-widget_type=\"text-editor.default\">\n\t\t\t\t<div class=\"elementor-widget-container\">\n\t\t\t\t\t\t\t\t\t<section style=\"padding:40px 20px; background-color:#222; font-family:Arial,sans-serif; color:#ffffff;\">\n  <div style=\"max-width:1000px; margin:0 auto;\">\n\n    <!-- Intro teaser -->\n    <p style=\"font-size:16px; line-height:1.6; text-align:center; margin-bottom:20px;\">\n      Entdecken Sie die intensive Welt der <strong>Escort Dominas in Freiburg<\/strong>In diesem Kurs werden Machtspiele, Unterwerfung und Vergn\u00fcgen zu ma\u00dfgeschneiderten Erlebnissen vereint. Ob Sie Anf\u00e4nger oder Fortgeschrittener sind, diese Sitzungen sind darauf ausgelegt, Ihre Sinne zu wecken und Ihre Grenzen in aller Sicherheit zu erweitern.\n    <\/p>\n\n    <!-- Qu\u2019est-ce qu\u2019une escort dominatrice -->\n    <h2 style=\"color:#ff69b4; font-size:28px; margin-bottom:15px;\">Was ist eine Domina Escort in Freiburg?<\/h2>\n    <p style=\"font-size:16px; line-height:1.6; margin-bottom:20px;\">\n      Eine <strong>Domina Escort in Freiburg<\/strong> bietet BDSM-Erfahrungen an, die Machtspiele, Disziplin, Spanking, Bondage und individuell gestaltete erotische Szenarien beinhalten. Sie leitet die Sitzung mit Autorit\u00e4t, respektiert dabei Ihre Grenzen und Ihren Komfort und schafft so eine aufregende und immersive Dynamik f\u00fcr diejenigen, die den Nervenkitzel lieben.\n    <\/p>\n\n    <!-- Les prestations -->\n    <h2 style=\"color:#ff69b4; font-size:28px; margin-bottom:15px;\">Die verf\u00fcgbaren Leistungen<\/h2>\n    <p style=\"font-size:16px; line-height:1.6; margin-bottom:20px;\">\n      Dominante Escorts in Freiburg bieten ein breites Spektrum an Praktiken: \n      <ul style=\"margin-left:20px; line-height:1.6;\">\n        <li>Rollenspiele und BDSM-Inszenierung<\/li>\n        <li>Bondage und K\u00f6rperdisziplin<\/li>\n        <li>Spanking, Spanking und sinnliche Bestrafungen<\/li>\n        <li>Intensive erotische Massage und gerichtete Stimulation<\/li>\n        <li>Erforschung von Kontrolle und Unterwerfung<\/li>\n      <\/ul>\n      Jede Sitzung wird individuell auf Ihre Fantasien zugeschnitten und bietet Ihnen ein einzigartiges, aufregendes und sicheres Erlebnis.\n    <\/p>\n\n    <!-- Pourquoi choisir Fribourg -->\n    <h2 style=\"color:#ff69b4; font-size:28px; margin-bottom:15px;\">Warum sollten Sie Freiburg f\u00fcr eine BDSM-Erfahrung w\u00e4hlen?<\/h2>\n    <p style=\"font-size:16px; line-height:1.6; margin-bottom:20px;\">\n      Freiburg ist dank seiner vertraulichen Atmosph\u00e4re und seiner diskreten Orte ideal, um dominante Escorts zu treffen. Die Stadt und ihre Umgebung bieten optimale Sicherheit und Zug\u00e4nglichkeit, sodass Sie diese intensiven Begegnungen in einem privaten und beruhigenden Rahmen genie\u00dfen k\u00f6nnen. So k\u00f6nnen die Kunden ihre W\u00fcnsche vertrauensvoll erkunden.\n    <\/p>\n\n    <!-- Comment r\u00e9server -->\n    <h2 style=\"color:#ff69b4; font-size:28px; margin-bottom:15px;\">Wie buchen Sie Ihre Domina-Escort in Freiburg?<\/h2>\n    <p style=\"font-size:16px; line-height:1.6; margin-bottom:20px;\">\n      Um die <strong>ideale Domina<\/strong>Wir empfehlen Ihnen, sich die detaillierten Profile auf unserer Plattform anzusehen und die Kundenbewertungen zu \u00fcberpr\u00fcfen. Besprechen Sie Ihre Erwartungen und Grenzen vor der Sitzung, um eine respektvolle und pers\u00f6nliche Erfahrung zu gew\u00e4hrleisten. Sie k\u00f6nnen sich auch \u00fcber zus\u00e4tzliche Optionen informieren, indem Sie Folgendes besuchen <a href=\"https:\/\/meetgirl.ch\/de\/unterwurfige-escort-freiburg\/\" style=\"color:#ff69b4; text-decoration:underline; font-weight:bold;\">Unterw\u00fcrfige Escort in Freiburg<\/a>.\n    <\/p>\n\n    <!-- Conclusion -->\n    <h2 style=\"color:#ff69b4; font-size:28px; margin-bottom:15px;\">Erleben Sie eine einzigartige dominante Erfahrung<\/h2>\n    <p style=\"font-size:16px; line-height:1.6;\">\n      W\u00e4hlen Sie eine <strong>Domina Escort in Freiburg<\/strong>Ein BDSM-Treffen ist ein intensiver, aufregender und ma\u00dfgeschneiderter Moment. Egal, ob Sie eine Einf\u00fchrung in BDSM suchen oder tiefergehende Praktiken, diese Treffen verbinden Sicherheit, Respekt und extremes Vergn\u00fcgen f\u00fcr ein unvergessliches Abenteuer.\n    <\/p>\n\n  <\/div>\n<\/section>\n\t\t\t\t\t\t\t\t<\/div>\n\t\t\t\t<\/div>\n\t\t\t\t\t<\/div>\n\t\t\t\t<\/div>\n\t\t\t\t<\/div>","protected":false},"excerpt":{"rendered":"<p>D\u00e9couvrez l\u2019univers intense des escort dominatrices \u00e0 Fribourg, o\u00f9 le jeu de pouvoir, la soumission et le plaisir se m\u00ealent dans des exp\u00e9riences sur mesure. Que vous soyez novice ou initi\u00e9, ces s\u00e9ances sont con\u00e7ues pour \u00e9veiller vos sens et repousser vos limites en toute s\u00e9curit\u00e9. Qu\u2019est-ce qu\u2019une escort dominatrice \u00e0 Fribourg ? Une escort [&hellip;]<\/p>","protected":false},"author":3,"featured_media":0,"parent":0,"menu_order":0,"comment_status":"closed","ping_status":"closed","template":"","meta":{"footnotes":""},"class_list":["post-12797","page","type-page","status-publish","hentry"],"acf":[],"yoast_head":"<!-- This site is optimized with the Yoast SEO plugin v26.0 - https:\/\/yoast.com\/wordpress\/plugins\/seo\/ -->\n<title>Escort dominatrice \u00e0 Fribourg \u2013 Exp\u00e9riences BDSM et plaisirs extr\u00eames - Meetgirl - Annonces \u00e9rotiques - Escorts, massages et salons<\/title>\n<meta name=\"description\" content=\"D\u00e9couvrez nos escortes dominatrices \u00e0 Fribourg pour des exp\u00e9riences sensuelles, BDSM et hard. R\u00e9servez votre s\u00e9ance\" \/>\n<meta name=\"robots\" content=\"index, follow, max-snippet:-1, max-image-preview:large, max-video-preview:-1\" \/>\n<link rel=\"canonical\" href=\"https:\/\/meetgirl.ch\/de\/escort-dominatrice-fribourg\/\" \/>\n<meta property=\"og:locale\" content=\"de_DE\" \/>\n<meta property=\"og:type\" content=\"article\" \/>\n<meta property=\"og:title\" content=\"Escort dominatrice \u00e0 Fribourg \u2013 Exp\u00e9riences BDSM et plaisirs extr\u00eames - Meetgirl - Annonces \u00e9rotiques - Escorts, massages et salons\" \/>\n<meta property=\"og:description\" content=\"D\u00e9couvrez nos escortes dominatrices \u00e0 Fribourg pour des exp\u00e9riences sensuelles, BDSM et hard. R\u00e9servez votre s\u00e9ance\" \/>\n<meta property=\"og:url\" content=\"https:\/\/meetgirl.ch\/de\/escort-dominatrice-fribourg\/\" \/>\n<meta property=\"og:site_name\" content=\"Meetgirl - Annonces \u00e9rotiques - Escorts, massages et salons\" \/>\n<meta property=\"article:modified_time\" content=\"2025-08-17T13:38:35+00:00\" \/>\n<meta property=\"og:image\" content=\"https:\/\/meetgirl.ch\/wp-content\/uploads\/2025\/03\/meetgirl-yoast.jpg\" \/>\n\t<meta property=\"og:image:width\" content=\"1200\" \/>\n\t<meta property=\"og:image:height\" content=\"675\" \/>\n\t<meta property=\"og:image:type\" content=\"image\/jpeg\" \/>\n<meta name=\"twitter:card\" content=\"summary_large_image\" \/>\n<meta name=\"twitter:label1\" content=\"Gesch\u00e4tzte Lesezeit\" \/>\n\t<meta name=\"twitter:data1\" content=\"3\u00a0Minuten\" \/>\n<script type=\"application\/ld+json\" class=\"yoast-schema-graph\">{\"@context\":\"https:\/\/schema.org\",\"@graph\":[{\"@type\":\"WebPage\",\"@id\":\"https:\/\/meetgirl.ch\/escort-dominatrice-fribourg\/\",\"url\":\"https:\/\/meetgirl.ch\/escort-dominatrice-fribourg\/\",\"name\":\"Escort dominatrice \u00e0 Fribourg \u2013 Exp\u00e9riences BDSM et plaisirs extr\u00eames - Meetgirl - Annonces \u00e9rotiques - Escorts, massages et salons\",\"isPartOf\":{\"@id\":\"https:\/\/meetgirl.ch\/#website\"},\"datePublished\":\"2025-08-17T13:37:07+00:00\",\"dateModified\":\"2025-08-17T13:38:35+00:00\",\"description\":\"D\u00e9couvrez nos escortes dominatrices \u00e0 Fribourg pour des exp\u00e9riences sensuelles, BDSM et hard. R\u00e9servez votre s\u00e9ance\",\"breadcrumb\":{\"@id\":\"https:\/\/meetgirl.ch\/escort-dominatrice-fribourg\/#breadcrumb\"},\"inLanguage\":\"de\",\"potentialAction\":[{\"@type\":\"ReadAction\",\"target\":[\"https:\/\/meetgirl.ch\/escort-dominatrice-fribourg\/\"]}]},{\"@type\":\"BreadcrumbList\",\"@id\":\"https:\/\/meetgirl.ch\/escort-dominatrice-fribourg\/#breadcrumb\",\"itemListElement\":[{\"@type\":\"ListItem\",\"position\":1,\"name\":\"Accueil\",\"item\":\"https:\/\/meetgirl.ch\/\"},{\"@type\":\"ListItem\",\"position\":2,\"name\":\"Escort dominatrice \u00e0 Fribourg \u2013 Exp\u00e9riences BDSM et plaisirs extr\u00eames\"}]},{\"@type\":\"WebSite\",\"@id\":\"https:\/\/meetgirl.ch\/#website\",\"url\":\"https:\/\/meetgirl.ch\/\",\"name\":\"MeetGirl - Annonces \u00e9rotiques Suisse - Escorts, massages et salons\",\"description\":\"Escorts et massages \u00e9rotiques\",\"publisher\":{\"@id\":\"https:\/\/meetgirl.ch\/#organization\"},\"alternateName\":\"Annuaire \u00e9rotique Suisse Escort \u00e0 Gen\u00e8ve, Lausanne, Valais, Neuch\u00e2tel\",\"potentialAction\":[{\"@type\":\"SearchAction\",\"target\":{\"@type\":\"EntryPoint\",\"urlTemplate\":\"https:\/\/meetgirl.ch\/?s={search_term_string}\"},\"query-input\":{\"@type\":\"PropertyValueSpecification\",\"valueRequired\":true,\"valueName\":\"search_term_string\"}}],\"inLanguage\":\"de\"},{\"@type\":\"Organization\",\"@id\":\"https:\/\/meetgirl.ch\/#organization\",\"name\":\"Escort et massage \u00e9rotique\",\"alternateName\":\"Meetgirl escortes et masseuses\",\"url\":\"https:\/\/meetgirl.ch\/\",\"logo\":{\"@type\":\"ImageObject\",\"inLanguage\":\"de\",\"@id\":\"https:\/\/meetgirl.ch\/#\/schema\/logo\/image\/\",\"url\":\"https:\/\/meetgirl.ch\/wp-content\/uploads\/2024\/05\/cropped-meet-logo.png\",\"contentUrl\":\"https:\/\/meetgirl.ch\/wp-content\/uploads\/2024\/05\/cropped-meet-logo.png\",\"width\":512,\"height\":512,\"caption\":\"Escort et massage \u00e9rotique\"},\"image\":{\"@id\":\"https:\/\/meetgirl.ch\/#\/schema\/logo\/image\/\"}}]}<\/script>\n<!-- \/ Yoast SEO plugin. -->","yoast_head_json":{"title":"Escort Domina in Freiburg - BDSM-Erfahrungen und extreme Freuden - Meetgirl - Erotische Anzeigen - Escorts, Massagen und Salons","description":"Entdecken Sie unsere dominanten Escorts in Freiburg f\u00fcr sinnliche, BDSM- und Hardcore-Erfahrungen. Buchen Sie Ihre Sitzung","robots":{"index":"index","follow":"follow","max-snippet":"max-snippet:-1","max-image-preview":"max-image-preview:large","max-video-preview":"max-video-preview:-1"},"canonical":"https:\/\/meetgirl.ch\/de\/escort-dominatrice-fribourg\/","og_locale":"de_DE","og_type":"article","og_title":"Escort dominatrice \u00e0 Fribourg \u2013 Exp\u00e9riences BDSM et plaisirs extr\u00eames - Meetgirl - Annonces \u00e9rotiques - Escorts, massages et salons","og_description":"D\u00e9couvrez nos escortes dominatrices \u00e0 Fribourg pour des exp\u00e9riences sensuelles, BDSM et hard. R\u00e9servez votre s\u00e9ance","og_url":"https:\/\/meetgirl.ch\/de\/escort-dominatrice-fribourg\/","og_site_name":"Meetgirl - Annonces \u00e9rotiques - Escorts, massages et salons","article_modified_time":"2025-08-17T13:38:35+00:00","og_image":[{"width":1200,"height":675,"url":"https:\/\/meetgirl.ch\/wp-content\/uploads\/2025\/03\/meetgirl-yoast.jpg","type":"image\/jpeg"}],"twitter_card":"summary_large_image","twitter_misc":{"Gesch\u00e4tzte Lesezeit":"3\u00a0Minuten"},"schema":{"@context":"https:\/\/schema.org","@graph":[{"@type":"WebPage","@id":"https:\/\/meetgirl.ch\/escort-dominatrice-fribourg\/","url":"https:\/\/meetgirl.ch\/escort-dominatrice-fribourg\/","name":"Escort Domina in Freiburg - BDSM-Erfahrungen und extreme Freuden - Meetgirl - Erotische Anzeigen - Escorts, Massagen und Salons","isPartOf":{"@id":"https:\/\/meetgirl.ch\/#website"},"datePublished":"2025-08-17T13:37:07+00:00","dateModified":"2025-08-17T13:38:35+00:00","description":"Entdecken Sie unsere dominanten Escorts in Freiburg f\u00fcr sinnliche, BDSM- und Hardcore-Erfahrungen. Buchen Sie Ihre Sitzung","breadcrumb":{"@id":"https:\/\/meetgirl.ch\/escort-dominatrice-fribourg\/#breadcrumb"},"inLanguage":"de","potentialAction":[{"@type":"ReadAction","target":["https:\/\/meetgirl.ch\/escort-dominatrice-fribourg\/"]}]},{"@type":"BreadcrumbList","@id":"https:\/\/meetgirl.ch\/escort-dominatrice-fribourg\/#breadcrumb","itemListElement":[{"@type":"ListItem","position":1,"name":"Accueil","item":"https:\/\/meetgirl.ch\/"},{"@type":"ListItem","position":2,"name":"Escort dominatrice \u00e0 Fribourg \u2013 Exp\u00e9riences BDSM et plaisirs extr\u00eames"}]},{"@type":"WebSite","@id":"https:\/\/meetgirl.ch\/#website","url":"https:\/\/meetgirl.ch\/","name":"MeetGirl - Erotikanzeigen Schweiz - Escorts, Massagen und Salons","description":"Escorts und erotische Massagen","publisher":{"@id":"https:\/\/meetgirl.ch\/#organization"},"alternateName":"Annuaire \u00e9rotique Suisse Escort \u00e0 Gen\u00e8ve, Lausanne, Valais, Neuch\u00e2tel","potentialAction":[{"@type":"SearchAction","target":{"@type":"EntryPoint","urlTemplate":"https:\/\/meetgirl.ch\/?s={search_term_string}"},"query-input":{"@type":"PropertyValueSpecification","valueRequired":true,"valueName":"search_term_string"}}],"inLanguage":"de"},{"@type":"Organization","@id":"https:\/\/meetgirl.ch\/#organization","name":"Escort und erotische Massage","alternateName":"Meetgirl escortes et masseuses","url":"https:\/\/meetgirl.ch\/","logo":{"@type":"ImageObject","inLanguage":"de","@id":"https:\/\/meetgirl.ch\/#\/schema\/logo\/image\/","url":"https:\/\/meetgirl.ch\/wp-content\/uploads\/2024\/05\/cropped-meet-logo.png","contentUrl":"https:\/\/meetgirl.ch\/wp-content\/uploads\/2024\/05\/cropped-meet-logo.png","width":512,"height":512,"caption":"Escort et massage \u00e9rotique"},"image":{"@id":"https:\/\/meetgirl.ch\/#\/schema\/logo\/image\/"}}]}},"_links":{"self":[{"href":"https:\/\/meetgirl.ch\/de\/wp-json\/wp\/v2\/pages\/12797","targetHints":{"allow":["GET"]}}],"collection":[{"href":"https:\/\/meetgirl.ch\/de\/wp-json\/wp\/v2\/pages"}],"about":[{"href":"https:\/\/meetgirl.ch\/de\/wp-json\/wp\/v2\/types\/page"}],"author":[{"embeddable":true,"href":"https:\/\/meetgirl.ch\/de\/wp-json\/wp\/v2\/users\/3"}],"replies":[{"embeddable":true,"href":"https:\/\/meetgirl.ch\/de\/wp-json\/wp\/v2\/comments?post=12797"}],"version-history":[{"count":4,"href":"https:\/\/meetgirl.ch\/de\/wp-json\/wp\/v2\/pages\/12797\/revisions"}],"predecessor-version":[{"id":12801,"href":"https:\/\/meetgirl.ch\/de\/wp-json\/wp\/v2\/pages\/12797\/revisions\/12801"}],"wp:attachment":[{"href":"https:\/\/meetgirl.ch\/de\/wp-json\/wp\/v2\/media?parent=12797"}],"curies":[{"name":"wp","href":"https:\/\/api.w.org\/{rel}","templated":true}]}}