{"id":12807,"date":"2025-08-17T13:43:56","date_gmt":"2025-08-17T13:43:56","guid":{"rendered":"https:\/\/meetgirl.ch\/?page_id=12807"},"modified":"2025-09-03T08:55:06","modified_gmt":"2025-09-03T08:55:06","slug":"escort-blonde-fribourg","status":"publish","type":"page","link":"https:\/\/meetgirl.ch\/de\/escort-blonde-fribourg\/","title":{"rendered":"Escort blonde \u00e0 Fribourg \u2013 Exp\u00e9riences sensuelles et hot"},"content":{"rendered":"<div data-elementor-type=\"wp-page\" data-elementor-id=\"12807\" class=\"elementor elementor-12807\">\n\t\t\t\t<div class=\"elementor-element elementor-element-59711d5 e-flex e-con-boxed e-con e-parent\" data-id=\"59711d5\" data-element_type=\"container\" data-settings=\"{&quot;jet_parallax_layout_list&quot;:[]}\">\n\t\t\t\t\t<div class=\"e-con-inner\">\n\t\t\t\t<div class=\"elementor-element elementor-element-663b7dc elementor-widget elementor-widget-case27-listing-feed-widget\" data-id=\"663b7dc\" data-element_type=\"widget\" data-widget_type=\"case27-listing-feed-widget.default\">\n\t\t\t\t<div class=\"elementor-widget-container\">\n\t\t\t\t\t\t\t<section class=\"i-section listing-feed\">\r\n\t\t<div class=\"container-fluid\">\r\n\t\t\t<div class=\"row section-body grid\">\r\n\t\t\t\t\t\t\t\t\t<div class=\"col-lg-4 col-md-4 col-sm-6 col-xs-12 grid-item\"><div class=\"lf-item-container listing-preview type-independante no-logo has-tagline no-info-fields level-promoted priority-2\" data-id=\"listing-id-5011\" data-category-icon=\"\t&lt;i class=&quot;mi bookmark_border&quot; style=&quot;color: #fff; background: #f67675; &quot;&gt;&lt;\/i&gt;\t\" data-category-color=\"#f67675\" data-category-text-color=\"#fff\" data-thumbnail=\"https:\/\/meetgirl.ch\/wp-content\/themes\/my-listing\/assets\/images\/marker.jpg\" data-marker=\"https:\/\/meetgirl.ch\/wp-content\/themes\/my-listing\/assets\/images\/marker.jpg\" data-template=\"default\" data-locations=\"[{&quot;address&quot;:&quot;Fribourg, canton de Fribourg, Suisse&quot;,&quot;lat&quot;:&quot;46.80445&quot;,&quot;lng&quot;:&quot;7.15434&quot;}]\"\n><div class=\"lf-item lf-item-default\" data-template=\"default\"> <a href=\"https:\/\/meetgirl.ch\/de\/escorts\/emma45\/\"> <div class=\"overlay\" style=\" background-color: #242429; opacity: 0;\"><\/div> <div class=\"lf-background\" style=\"background-image: url('https:\/\/meetgirl.ch\/wp-content\/uploads\/listing-uploads\/cover\/2025\/02\/IMG-20250130-WA0015.jpg');\"><\/div> <div class=\"lf-item-info\"> <h4 class=\"case27-primary-text listing-preview-title\"> Emma45 <\/h4> <\/div> <\/a> <div class=\"lf-head level-promoted\"> <span class=\"tooltip-element tooltip-bottom\"> <div class=\"lf-head-btn ad-badge\"> <span><i class=\"icon-flash\"><\/i><\/span> <\/div> <span class=\"tooltip-container\">Promoted<\/span> <\/span> <\/div> <\/div> <div class=\"listing-details-3 c27-footer-section\"> <ul class=\"details-list no-list-style\"> <li class=\"\" > <span>Freiburg <\/span> <\/li> <li class=\"\" > <span> <div class=\"codicts-online-status\"><span class=\"codicts-dot cdtsols-offline\"><\/span> <span class=\"cdtsols-txt\">Never Active<\/span><\/div> <\/span> <\/li> <\/ul> <\/div> <div class=\"listing-details-3 c27-footer-section\"> <ul class=\"details-list no-list-style\"> <li class=\"\" > <span>Sex mit Emma <\/span> <\/li> <\/ul> <\/div> <\/div><\/div>\t\t\t\t\t\t\t\t\t<div class=\"col-lg-4 col-md-4 col-sm-6 col-xs-12 grid-item\"><div class=\"lf-item-container listing-preview type-independante c27-verified no-logo has-tagline no-info-fields level-promoted priority-2\" data-id=\"listing-id-3691\" data-category-icon=\"\t&lt;i class=&quot;mi bookmark_border&quot; style=&quot;color: #fff; background: #f67675; &quot;&gt;&lt;\/i&gt;\t\" data-category-color=\"#f67675\" data-category-text-color=\"#fff\" data-thumbnail=\"https:\/\/meetgirl.ch\/wp-content\/themes\/my-listing\/assets\/images\/marker.jpg\" data-marker=\"https:\/\/meetgirl.ch\/wp-content\/themes\/my-listing\/assets\/images\/marker.jpg\" data-template=\"default\" data-locations=\"[{&quot;address&quot;:&quot;Fribourg, canton de Fribourg, Suisse&quot;,&quot;lat&quot;:&quot;46.80445&quot;,&quot;lng&quot;:&quot;7.15434&quot;}]\"\n><div class=\"lf-item lf-item-default\" data-template=\"default\"> <a href=\"https:\/\/meetgirl.ch\/de\/escorts\/bianca\/\"> <div class=\"overlay\" style=\" background-color: #242429; opacity: 0;\"><\/div> <div class=\"lf-background\" style=\"background-image: url('https:\/\/meetgirl.ch\/wp-content\/uploads\/listing-uploads\/cover\/2024\/09\/a5a15f3d-a861-4ccf-83e7-5e63767b8c68_profile_s.jpg');\"><\/div> <div class=\"lf-item-info\"> <h4 class=\"case27-primary-text listing-preview-title\"> Bianca <img decoding=\"async\" height=\"18\" width=\"18\" alt=\"Best\u00e4tigte Auflistung\" class=\"verified-listing\" src=\"https:\/\/meetgirl.ch\/wp-content\/themes\/my-listing\/assets\/images\/tick.svg\"> <\/h4> <\/div> <\/a> <div class=\"lf-head level-promoted\"> <span class=\"tooltip-element tooltip-bottom\"> <div class=\"lf-head-btn ad-badge\"> <span><i class=\"icon-flash\"><\/i><\/span> <\/div> <span class=\"tooltip-container\">Promoted<\/span> <\/span> <\/div> <\/div> <div class=\"listing-details-3 c27-footer-section\"> <ul class=\"details-list no-list-style\"> <li class=\"\" > <span>Freiburg <\/span> <\/li> <li class=\"\" > <span> <div class=\"codicts-online-status\"><span class=\"codicts-dot cdtsols-online\"><\/span> <span class=\"cdtsols-txt\">Online<\/span><\/div> <\/span> <\/li> <\/ul> <\/div> <div class=\"listing-details-3 c27-footer-section\"> <ul class=\"details-list no-list-style\"> <li class=\"\" > <span>Ich bin 22 Jahre alt <\/span> <\/li> <\/ul> <\/div> <\/div><\/div>\t\t\t\t\t\t\t\t\t<div class=\"col-lg-4 col-md-4 col-sm-6 col-xs-12 grid-item\"><div class=\"lf-item-container listing-preview type-independante c27-verified no-logo has-tagline no-info-fields level-featured priority-1\" data-id=\"listing-id-3678\" data-category-icon=\"\t&lt;i class=&quot;mi bookmark_border&quot; style=&quot;color: #fff; background: #f67675; &quot;&gt;&lt;\/i&gt;\t\" data-category-color=\"#f67675\" data-category-text-color=\"#fff\" data-thumbnail=\"https:\/\/meetgirl.ch\/wp-content\/themes\/my-listing\/assets\/images\/marker.jpg\" data-marker=\"https:\/\/meetgirl.ch\/wp-content\/themes\/my-listing\/assets\/images\/marker.jpg\" data-template=\"default\" data-locations=\"[{&quot;address&quot;:&quot;Fribourg, canton de Fribourg, Suisse&quot;,&quot;lat&quot;:&quot;46.80445&quot;,&quot;lng&quot;:&quot;7.15434&quot;}]\"\n><div class=\"lf-item lf-item-default\" data-template=\"default\"> <a href=\"https:\/\/meetgirl.ch\/de\/escorts\/angie\/\"> <div class=\"overlay\" style=\" background-color: #242429; opacity: 0;\"><\/div> <div class=\"lf-background\" style=\"background-image: url('https:\/\/meetgirl.ch\/wp-content\/uploads\/listing-uploads\/cover\/2024\/09\/5e4f55df-1e5d-417b-97e8-f81e5f400567_profile_s.jpg');\"><\/div> <div class=\"lf-item-info\"> <h4 class=\"case27-primary-text listing-preview-title\"> Angie <img decoding=\"async\" height=\"18\" width=\"18\" alt=\"Best\u00e4tigte Auflistung\" class=\"verified-listing\" src=\"https:\/\/meetgirl.ch\/wp-content\/themes\/my-listing\/assets\/images\/tick.svg\"> <\/h4> <\/div> <\/a> <div class=\"lf-head level-featured\"> <span class=\"tooltip-element tooltip-bottom\"> <div class=\"lf-head-btn ad-badge\"> <span><i class=\"icon-flash\"><\/i><\/span> <\/div> <span class=\"tooltip-container\">Featured<\/span> <\/span> <\/div> <\/div> <div class=\"listing-details-3 c27-footer-section\"> <ul class=\"details-list no-list-style\"> <li class=\"\" > <span>Freiburg <\/span> <\/li> <li class=\"\" > <span> <div class=\"codicts-online-status\"><span class=\"codicts-dot cdtsols-online\"><\/span> <span class=\"cdtsols-txt\">Online<\/span><\/div> <\/span> <\/li> <\/ul> <\/div> <div class=\"listing-details-3 c27-footer-section\"> <ul class=\"details-list no-list-style\"> <li class=\"\" > <span>Ungez\u00fcgelter SEX <\/span> <\/li> <\/ul> <\/div> <\/div><\/div>\t\t\t\t\t\t\t<\/div>\r\n\t\t<\/div>\r\n\t<\/section>\r\n\r\n\t\t\t\t<\/div>\n\t\t\t\t<\/div>\n\t\t\t\t\t<\/div>\n\t\t\t\t<\/div>\n\t\t<div class=\"elementor-element elementor-element-7709f4f e-flex e-con-boxed e-con e-parent\" data-id=\"7709f4f\" data-element_type=\"container\" data-settings=\"{&quot;jet_parallax_layout_list&quot;:[]}\">\n\t\t\t\t\t<div class=\"e-con-inner\">\n\t\t\t\t<div class=\"elementor-element elementor-element-3151c63 elementor-widget elementor-widget-text-editor\" data-id=\"3151c63\" data-element_type=\"widget\" data-widget_type=\"text-editor.default\">\n\t\t\t\t<div class=\"elementor-widget-container\">\n\t\t\t\t\t\t\t\t\t<section style=\"padding:40px 20px; background-color:#222; font-family:Arial,sans-serif; color:#ffffff;\">\n  <div style=\"max-width:1000px; margin:0 auto;\">\n\n    <!-- Intro teaser -->\n    <p style=\"font-size:16px; line-height:1.6; text-align:center; margin-bottom:20px;\">\n      Entdecken Sie unsere <strong>Blonde Escort in Freiburg<\/strong>Sie sind Expertinnen in der Kunst der sinnlichen und hei\u00dfen Begegnungen. Diese attraktiven und erfahrenen Profis bieten Ihnen intensive, aufregende und pers\u00f6nliche Momente in einer diskreten und sicheren Umgebung.\n    <\/p>\n\n    <!-- Qu\u2019est-ce qu\u2019une escort blonde -->\n    <h2 style=\"color:#ff69b4; font-size:28px; margin-bottom:15px;\">Was ist ein blonder Escort in Freiburg?<\/h2>\n    <p style=\"font-size:16px; line-height:1.6; margin-bottom:20px;\">\n      Eine <strong>Blonde Escort in Freiburg<\/strong> ist eine professionelle Expertin f\u00fcr erotische und sinnliche Dienstleistungen, die ihren Charme, ihr Aussehen und ihre Erfahrung in den Vordergrund stellt. Sie bietet Hot-Dates an, die auf Ihre W\u00fcnsche zugeschnitten sind, von sanfter Verf\u00fchrung bis hin zu h\u00e4rteren Praktiken, wobei Ihre Grenzen stets respektiert werden.\n    <\/p>\n\n    <!-- Les prestations -->\n    <h2 style=\"color:#ff69b4; font-size:28px; margin-bottom:15px;\">Von unseren blonden Escorts angebotene Leistungen<\/h2>\n    <p style=\"font-size:16px; line-height:1.6; margin-bottom:20px;\">\n      Blonde Escorts in Freiburg bieten eine Vielzahl von sinnlichen und aufregenden Dienstleistungen, einschlie\u00dflich :\n      <ul style=\"margin-left:20px; line-height:1.6;\">\n        <li>Hei\u00dfe Intimit\u00e4ten und hei\u00dfe Begleitung<\/li>\n        <li>Freche Spiele und personalisierte Szenarien<\/li>\n        <li>Erotische, Nuru- und Body-to-Body-Massagen<\/li>\n        <li>Hard Practices und sensorische Experimente<\/li>\n        <li>Begleitung bei privaten Ausfl\u00fcgen und exklusiven Partys<\/li>\n      <\/ul>\n      Jeder Termin ist darauf ausgerichtet, das Vergn\u00fcgen zu intensivieren und Ihre W\u00fcnsche in einem sicheren und diskreten Rahmen zu erf\u00fcllen.\n    <\/p>\n\n    <!-- Pourquoi choisir Fribourg -->\n    <h2 style=\"color:#ff69b4; font-size:28px; margin-bottom:15px;\">Warum sollte man eine blonde Escortdame in Freiburg treffen?<\/h2>\n    <p style=\"font-size:16px; line-height:1.6; margin-bottom:20px;\">\n      Freiburg ist dank seiner vertraulichen Atmosph\u00e4re und seiner diskreten Orte eine ideale Stadt f\u00fcr sinnliche Begegnungen. Sicherheit und Vertraulichkeit stehen hier an erster Stelle, sodass Sie Ihre frechen Erlebnisse unbeschwert genie\u00dfen k\u00f6nnen.\n    <\/p>\n\n    <!-- Comment r\u00e9server -->\n    <h2 style=\"color:#ff69b4; font-size:28px; margin-bottom:15px;\">Wie buchen Sie Ihre blonde Escortdame in Freiburg?<\/h2>\n    <p style=\"font-size:16px; line-height:1.6; margin-bottom:20px;\">\n      Um die perfekte blonde Escortdame auszuw\u00e4hlen, sehen Sie sich die detaillierten Profile und Kundenbewertungen an. Teilen Sie Ihre Erwartungen vor dem Treffen mit, um ein ma\u00dfgeschneidertes, respektvolles und intensives Erlebnis zu garantieren. F\u00fcr weitere sinnliche Optionen besuchen Sie auch <a href=\"https:\/\/meetgirl.ch\/de\/freche-escort-freiburg\/\" style=\"color:#ff69b4; text-decoration:underline; font-weight:bold;\">freche escort in Freiburg<\/a>.\n    <\/p>\n\n    <!-- Conclusion -->\n    <h2 style=\"color:#ff69b4; font-size:28px; margin-bottom:15px;\">Erleben Sie hei\u00dfe und unvergessliche Momente<\/h2>\n    <p style=\"font-size:16px; line-height:1.6;\">\n      W\u00e4hlen Sie eine <strong>Blonde Escort in Freiburg<\/strong> garantiert Ihnen sinnliche und hei\u00dfe Erlebnisse, die perfekt auf Ihre Fantasien zugeschnitten sind. Ob Sie nun auf der Suche nach Verf\u00fchrung, intensivem Vergn\u00fcgen oder gewagteren Praktiken sind, diese Profis garantieren Ihnen ein einzigartiges, aufregendes und sicheres Date.\n    <\/p>\n\n  <\/div>\n<\/section>\n\t\t\t\t\t\t\t\t<\/div>\n\t\t\t\t<\/div>\n\t\t\t\t\t<\/div>\n\t\t\t\t<\/div>\n\t\t\t\t<\/div>","protected":false},"excerpt":{"rendered":"<p>D\u00e9couvrez nos escort blonde \u00e0 Fribourg, expertes dans l\u2019art des rencontres sensuelles et torrides. Ces professionnelles s\u00e9duisantes et exp\u00e9riment\u00e9es vous offrent des moments intenses, excitants et personnalis\u00e9s, dans un cadre discret et s\u00e9curis\u00e9. Qu\u2019est-ce qu\u2019une escort blonde \u00e0 Fribourg ? Une escort blonde \u00e0 Fribourg est une professionnelle sp\u00e9cialis\u00e9e dans les services \u00e9rotiques et sensuels, [&hellip;]<\/p>","protected":false},"author":3,"featured_media":0,"parent":0,"menu_order":0,"comment_status":"closed","ping_status":"closed","template":"","meta":{"footnotes":""},"class_list":["post-12807","page","type-page","status-publish","hentry"],"acf":[],"yoast_head":"<!-- This site is optimized with the Yoast SEO plugin v26.0 - https:\/\/yoast.com\/wordpress\/plugins\/seo\/ -->\n<title>Escort blonde \u00e0 Fribourg - Exp\u00e9riences sensuelles - Meetgirl.ch<\/title>\n<meta name=\"description\" content=\"Rencontrez une escort blonde \u00e0 Fribourg pour des moments torrides, sensuels et personnalis\u00e9s dans un cadre discret et s\u00e9curis\u00e9.\" \/>\n<meta name=\"robots\" content=\"index, follow, max-snippet:-1, max-image-preview:large, max-video-preview:-1\" \/>\n<link rel=\"canonical\" href=\"https:\/\/meetgirl.ch\/de\/escort-blonde-fribourg\/\" \/>\n<meta property=\"og:locale\" content=\"de_DE\" \/>\n<meta property=\"og:type\" content=\"article\" \/>\n<meta property=\"og:title\" content=\"Escort blonde \u00e0 Fribourg - Exp\u00e9riences sensuelles - Meetgirl.ch\" \/>\n<meta property=\"og:description\" content=\"Rencontrez une escort blonde \u00e0 Fribourg pour des moments torrides, sensuels et personnalis\u00e9s dans un cadre discret et s\u00e9curis\u00e9.\" \/>\n<meta property=\"og:url\" content=\"https:\/\/meetgirl.ch\/de\/escort-blonde-fribourg\/\" \/>\n<meta property=\"og:site_name\" content=\"Meetgirl - Annonces \u00e9rotiques - Escorts, massages et salons\" \/>\n<meta property=\"article:modified_time\" content=\"2025-09-03T08:55:06+00:00\" \/>\n<meta property=\"og:image\" content=\"https:\/\/meetgirl.ch\/wp-content\/uploads\/2025\/03\/meetgirl-yoast.jpg\" \/>\n\t<meta property=\"og:image:width\" content=\"1200\" \/>\n\t<meta property=\"og:image:height\" content=\"675\" \/>\n\t<meta property=\"og:image:type\" content=\"image\/jpeg\" \/>\n<meta name=\"twitter:card\" content=\"summary_large_image\" \/>\n<meta name=\"twitter:label1\" content=\"Gesch\u00e4tzte Lesezeit\" \/>\n\t<meta name=\"twitter:data1\" content=\"2\u00a0Minuten\" \/>\n<script type=\"application\/ld+json\" class=\"yoast-schema-graph\">{\"@context\":\"https:\/\/schema.org\",\"@graph\":[{\"@type\":\"WebPage\",\"@id\":\"https:\/\/meetgirl.ch\/escort-blonde-fribourg\/\",\"url\":\"https:\/\/meetgirl.ch\/escort-blonde-fribourg\/\",\"name\":\"Escort blonde \u00e0 Fribourg - Exp\u00e9riences sensuelles - Meetgirl.ch\",\"isPartOf\":{\"@id\":\"https:\/\/meetgirl.ch\/#website\"},\"datePublished\":\"2025-08-17T13:43:56+00:00\",\"dateModified\":\"2025-09-03T08:55:06+00:00\",\"description\":\"Rencontrez une escort blonde \u00e0 Fribourg pour des moments torrides, sensuels et personnalis\u00e9s dans un cadre discret et s\u00e9curis\u00e9.\",\"breadcrumb\":{\"@id\":\"https:\/\/meetgirl.ch\/escort-blonde-fribourg\/#breadcrumb\"},\"inLanguage\":\"de\",\"potentialAction\":[{\"@type\":\"ReadAction\",\"target\":[\"https:\/\/meetgirl.ch\/escort-blonde-fribourg\/\"]}]},{\"@type\":\"BreadcrumbList\",\"@id\":\"https:\/\/meetgirl.ch\/escort-blonde-fribourg\/#breadcrumb\",\"itemListElement\":[{\"@type\":\"ListItem\",\"position\":1,\"name\":\"Accueil\",\"item\":\"https:\/\/meetgirl.ch\/\"},{\"@type\":\"ListItem\",\"position\":2,\"name\":\"Escort blonde \u00e0 Fribourg \u2013 Exp\u00e9riences sensuelles et hot\"}]},{\"@type\":\"WebSite\",\"@id\":\"https:\/\/meetgirl.ch\/#website\",\"url\":\"https:\/\/meetgirl.ch\/\",\"name\":\"MeetGirl - Annonces \u00e9rotiques Suisse - Escorts, massages et salons\",\"description\":\"Escorts et massages \u00e9rotiques\",\"publisher\":{\"@id\":\"https:\/\/meetgirl.ch\/#organization\"},\"alternateName\":\"Annuaire \u00e9rotique Suisse Escort \u00e0 Gen\u00e8ve, Lausanne, Valais, Neuch\u00e2tel\",\"potentialAction\":[{\"@type\":\"SearchAction\",\"target\":{\"@type\":\"EntryPoint\",\"urlTemplate\":\"https:\/\/meetgirl.ch\/?s={search_term_string}\"},\"query-input\":{\"@type\":\"PropertyValueSpecification\",\"valueRequired\":true,\"valueName\":\"search_term_string\"}}],\"inLanguage\":\"de\"},{\"@type\":\"Organization\",\"@id\":\"https:\/\/meetgirl.ch\/#organization\",\"name\":\"Escort et massage \u00e9rotique\",\"alternateName\":\"Meetgirl escortes et masseuses\",\"url\":\"https:\/\/meetgirl.ch\/\",\"logo\":{\"@type\":\"ImageObject\",\"inLanguage\":\"de\",\"@id\":\"https:\/\/meetgirl.ch\/#\/schema\/logo\/image\/\",\"url\":\"https:\/\/meetgirl.ch\/wp-content\/uploads\/2024\/05\/cropped-meet-logo.png\",\"contentUrl\":\"https:\/\/meetgirl.ch\/wp-content\/uploads\/2024\/05\/cropped-meet-logo.png\",\"width\":512,\"height\":512,\"caption\":\"Escort et massage \u00e9rotique\"},\"image\":{\"@id\":\"https:\/\/meetgirl.ch\/#\/schema\/logo\/image\/\"}}]}<\/script>\n<!-- \/ Yoast SEO plugin. -->","yoast_head_json":{"title":"Blonde Escort in Freiburg - Sinnliche Erlebnisse - Meetgirl.ch","description":"Treffen Sie eine blonde Escortdame in Freiburg f\u00fcr hei\u00dfe, sinnliche und pers\u00f6nliche Momente in einem diskreten und sicheren Rahmen.","robots":{"index":"index","follow":"follow","max-snippet":"max-snippet:-1","max-image-preview":"max-image-preview:large","max-video-preview":"max-video-preview:-1"},"canonical":"https:\/\/meetgirl.ch\/de\/escort-blonde-fribourg\/","og_locale":"de_DE","og_type":"article","og_title":"Escort blonde \u00e0 Fribourg - Exp\u00e9riences sensuelles - Meetgirl.ch","og_description":"Rencontrez une escort blonde \u00e0 Fribourg pour des moments torrides, sensuels et personnalis\u00e9s dans un cadre discret et s\u00e9curis\u00e9.","og_url":"https:\/\/meetgirl.ch\/de\/escort-blonde-fribourg\/","og_site_name":"Meetgirl - Annonces \u00e9rotiques - Escorts, massages et salons","article_modified_time":"2025-09-03T08:55:06+00:00","og_image":[{"width":1200,"height":675,"url":"https:\/\/meetgirl.ch\/wp-content\/uploads\/2025\/03\/meetgirl-yoast.jpg","type":"image\/jpeg"}],"twitter_card":"summary_large_image","twitter_misc":{"Gesch\u00e4tzte Lesezeit":"2\u00a0Minuten"},"schema":{"@context":"https:\/\/schema.org","@graph":[{"@type":"WebPage","@id":"https:\/\/meetgirl.ch\/escort-blonde-fribourg\/","url":"https:\/\/meetgirl.ch\/escort-blonde-fribourg\/","name":"Blonde Escort in Freiburg - Sinnliche Erlebnisse - Meetgirl.ch","isPartOf":{"@id":"https:\/\/meetgirl.ch\/#website"},"datePublished":"2025-08-17T13:43:56+00:00","dateModified":"2025-09-03T08:55:06+00:00","description":"Treffen Sie eine blonde Escortdame in Freiburg f\u00fcr hei\u00dfe, sinnliche und pers\u00f6nliche Momente in einem diskreten und sicheren Rahmen.","breadcrumb":{"@id":"https:\/\/meetgirl.ch\/escort-blonde-fribourg\/#breadcrumb"},"inLanguage":"de","potentialAction":[{"@type":"ReadAction","target":["https:\/\/meetgirl.ch\/escort-blonde-fribourg\/"]}]},{"@type":"BreadcrumbList","@id":"https:\/\/meetgirl.ch\/escort-blonde-fribourg\/#breadcrumb","itemListElement":[{"@type":"ListItem","position":1,"name":"Accueil","item":"https:\/\/meetgirl.ch\/"},{"@type":"ListItem","position":2,"name":"Escort blonde \u00e0 Fribourg \u2013 Exp\u00e9riences sensuelles et hot"}]},{"@type":"WebSite","@id":"https:\/\/meetgirl.ch\/#website","url":"https:\/\/meetgirl.ch\/","name":"MeetGirl - Erotikanzeigen Schweiz - Escorts, Massagen und Salons","description":"Escorts und erotische Massagen","publisher":{"@id":"https:\/\/meetgirl.ch\/#organization"},"alternateName":"Annuaire \u00e9rotique Suisse Escort \u00e0 Gen\u00e8ve, Lausanne, Valais, Neuch\u00e2tel","potentialAction":[{"@type":"SearchAction","target":{"@type":"EntryPoint","urlTemplate":"https:\/\/meetgirl.ch\/?s={search_term_string}"},"query-input":{"@type":"PropertyValueSpecification","valueRequired":true,"valueName":"search_term_string"}}],"inLanguage":"de"},{"@type":"Organization","@id":"https:\/\/meetgirl.ch\/#organization","name":"Escort und erotische Massage","alternateName":"Meetgirl escortes et masseuses","url":"https:\/\/meetgirl.ch\/","logo":{"@type":"ImageObject","inLanguage":"de","@id":"https:\/\/meetgirl.ch\/#\/schema\/logo\/image\/","url":"https:\/\/meetgirl.ch\/wp-content\/uploads\/2024\/05\/cropped-meet-logo.png","contentUrl":"https:\/\/meetgirl.ch\/wp-content\/uploads\/2024\/05\/cropped-meet-logo.png","width":512,"height":512,"caption":"Escort et massage \u00e9rotique"},"image":{"@id":"https:\/\/meetgirl.ch\/#\/schema\/logo\/image\/"}}]}},"_links":{"self":[{"href":"https:\/\/meetgirl.ch\/de\/wp-json\/wp\/v2\/pages\/12807","targetHints":{"allow":["GET"]}}],"collection":[{"href":"https:\/\/meetgirl.ch\/de\/wp-json\/wp\/v2\/pages"}],"about":[{"href":"https:\/\/meetgirl.ch\/de\/wp-json\/wp\/v2\/types\/page"}],"author":[{"embeddable":true,"href":"https:\/\/meetgirl.ch\/de\/wp-json\/wp\/v2\/users\/3"}],"replies":[{"embeddable":true,"href":"https:\/\/meetgirl.ch\/de\/wp-json\/wp\/v2\/comments?post=12807"}],"version-history":[{"count":4,"href":"https:\/\/meetgirl.ch\/de\/wp-json\/wp\/v2\/pages\/12807\/revisions"}],"predecessor-version":[{"id":12811,"href":"https:\/\/meetgirl.ch\/de\/wp-json\/wp\/v2\/pages\/12807\/revisions\/12811"}],"wp:attachment":[{"href":"https:\/\/meetgirl.ch\/de\/wp-json\/wp\/v2\/media?parent=12807"}],"curies":[{"name":"wp","href":"https:\/\/api.w.org\/{rel}","templated":true}]}}