{"id":12817,"date":"2025-08-17T13:52:57","date_gmt":"2025-08-17T13:52:57","guid":{"rendered":"https:\/\/meetgirl.ch\/?page_id=12817"},"modified":"2025-09-03T08:50:19","modified_gmt":"2025-09-03T08:50:19","slug":"escort-trans-fribourg","status":"publish","type":"page","link":"https:\/\/meetgirl.ch\/de\/escort-trans-fribourg\/","title":{"rendered":"Escort trans \u00e0 Fribourg \u2013 Exp\u00e9riences tr\u00e8s hot et intenses"},"content":{"rendered":"<div data-elementor-type=\"wp-page\" data-elementor-id=\"12817\" class=\"elementor elementor-12817\">\n\t\t\t\t<div class=\"elementor-element elementor-element-44fa3d1 e-flex e-con-boxed e-con e-parent\" data-id=\"44fa3d1\" data-element_type=\"container\" data-settings=\"{&quot;jet_parallax_layout_list&quot;:[]}\">\n\t\t\t\t\t<div class=\"e-con-inner\">\n\t\t\t\t<div class=\"elementor-element elementor-element-5e15d45 elementor-widget elementor-widget-case27-listing-feed-widget\" data-id=\"5e15d45\" data-element_type=\"widget\" data-widget_type=\"case27-listing-feed-widget.default\">\n\t\t\t\t<div class=\"elementor-widget-container\">\n\t\t\t\t\t\t\t<section class=\"i-section listing-feed\">\r\n\t\t<div class=\"container-fluid\">\r\n\t\t\t<div class=\"row section-body grid\">\r\n\t\t\t\t\t\t\t\t\t<div class=\"col-lg-4 col-md-4 col-sm-6 col-xs-12 grid-item\"><div class=\"lf-item-container listing-preview type-independante no-logo has-tagline no-info-fields level-normal priority-0\" data-id=\"listing-id-4037\" data-category-icon=\"\t&lt;i class=&quot;mi bookmark_border&quot; style=&quot;color: #fff; background: #f67675; &quot;&gt;&lt;\/i&gt;\t\" data-category-color=\"#f67675\" data-category-text-color=\"#fff\" data-thumbnail=\"https:\/\/meetgirl.ch\/wp-content\/themes\/my-listing\/assets\/images\/marker.jpg\" data-marker=\"https:\/\/meetgirl.ch\/wp-content\/themes\/my-listing\/assets\/images\/marker.jpg\" data-template=\"default\" data-locations=\"[{&quot;address&quot;:&quot;Fribourg, canton de Fribourg, Suisse&quot;,&quot;lat&quot;:&quot;46.80445&quot;,&quot;lng&quot;:&quot;7.15434&quot;}]\"\n><div class=\"lf-item lf-item-default\" data-template=\"default\"> <a href=\"https:\/\/meetgirl.ch\/de\/escorts\/ts-carolina\/\"> <div class=\"overlay\" style=\" background-color: #242429; opacity: 0;\"><\/div> <div class=\"lf-background\" style=\"background-image: url('https:\/\/meetgirl.ch\/wp-content\/uploads\/listing-uploads\/cover\/2024\/09\/f7c9b940-cd0e-468b-ba42-bf275bfa8fcc_profile_s.jpg');\"><\/div> <div class=\"lf-item-info\"> <h4 class=\"case27-primary-text listing-preview-title\"> TS Carolina <\/h4> <\/div> <\/a> <div class=\"lf-head level-normal\"> <\/div> <\/div> <div class=\"listing-details-3 c27-footer-section\"> <ul class=\"details-list no-list-style\"> <li class=\"\" > <span>Freiburg <\/span> <\/li> <li class=\"\" > <span> <div class=\"codicts-online-status\"><span class=\"codicts-dot cdtsols-online\"><\/span> <span class=\"cdtsols-txt\">Online<\/span><\/div> <\/span> <\/li> <\/ul> <\/div> <div class=\"listing-details-3 c27-footer-section\"> <ul class=\"details-list no-list-style\"> <li class=\"\" > <span>Aktiva und Passiva <\/span> <\/li> <\/ul> <\/div> <\/div><\/div>\t\t\t\t\t\t\t<\/div>\r\n\t\t<\/div>\r\n\t<\/section>\r\n\r\n\t\t\t\t<\/div>\n\t\t\t\t<\/div>\n\t\t\t\t\t<\/div>\n\t\t\t\t<\/div>\n\t\t<div class=\"elementor-element elementor-element-4bd9784 e-flex e-con-boxed e-con e-parent\" data-id=\"4bd9784\" data-element_type=\"container\" data-settings=\"{&quot;jet_parallax_layout_list&quot;:[]}\">\n\t\t\t\t\t<div class=\"e-con-inner\">\n\t\t\t\t<div class=\"elementor-element elementor-element-8f3f356 elementor-widget elementor-widget-text-editor\" data-id=\"8f3f356\" data-element_type=\"widget\" data-widget_type=\"text-editor.default\">\n\t\t\t\t<div class=\"elementor-widget-container\">\n\t\t\t\t\t\t\t\t\t<section style=\"padding:40px 20px; background-color:#222; font-family:Arial,sans-serif; color:#ffffff;\">\n  <div style=\"max-width:1000px; margin:0 auto;\">\n\n    <!-- Intro teaser -->\n    <p style=\"font-size:16px; line-height:1.6; text-align:center; margin-bottom:20px;\">\n      Entdecken Sie einzigartige sinnliche Erfahrungen mit unseren <strong>Trans-Escort in Freiburg<\/strong>. Egal, ob Sie sich zu Transvestiten, Ladyboys oder Shemales hingezogen f\u00fchlen, diese Profis bieten Ihnen hei\u00dfe, pers\u00f6nliche und extrem aufregende Dates. Bereiten Sie sich darauf vor, Ihre intensivsten Fantasien sicher und diskret zu erkunden.\n    <\/p>\n\n    <!-- Qu\u2019est-ce qu\u2019une escort trans -->\n    <h2 style=\"color:#ff69b4; font-size:28px; margin-bottom:15px;\">Was ist ein Trans Escort in Freiburg?<\/h2>\n    <p style=\"font-size:16px; line-height:1.6; margin-bottom:20px;\">\n      Eine <strong>Trans-Escort in Freiburg<\/strong> ist eine professionelle Expertin in der Kunst der Verf\u00fchrung und des Vergn\u00fcgens. Sie bietet sehr hei\u00dfe Leistungen an, die Hardcore-Praktiken, erotische Massagen, Rollenspiele und intensive Erlebnisse umfassen, die auf die W\u00fcnsche der Kunden zugeschnitten sind. Stets in einem sicheren, diskreten und respektvollen Rahmen, verwandelt sie jedes Treffen in einen unvergesslichen Moment.\n    <\/p>\n\n    <!-- Prestations -->\n    <h2 style=\"color:#ff69b4; font-size:28px; margin-bottom:15px;\">Von unseren Trans-Escorts angebotene Leistungen<\/h2>\n    <p style=\"font-size:16px; line-height:1.6; margin-bottom:20px;\">\n      Unsere Trans Escorts in Freiburg bieten Ihnen sehr hei\u00dfe Erfahrungen, einschlie\u00dflich :\n      <ul style=\"margin-left:20px; line-height:1.6;\">\n        <li>Erotische und freiz\u00fcgige Begegnungen mit Transvestiten, Ladyboys und Shemales<\/li>\n        <li>Sexual-, Nuru-, Body-to-Body-, Tantra- und Prostatamassagen<\/li>\n        <li>Harte Praktiken und BDSM-Rollenspiele<\/li>\n        <li>Intensive Momente allein oder zu zweit<\/li>\n        <li>Begleitung bei privaten Partys, Veranstaltungen und diskreten Treffen<\/li>\n      <\/ul>\n      Jedes Date ist darauf ausgelegt, Ihre Sinne zu wecken und Ihre tiefsten Fantasien zu befriedigen.\n    <\/p>\n\n    <!-- Pourquoi choisir Fribourg -->\n    <h2 style=\"color:#ff69b4; font-size:28px; margin-bottom:15px;\">Warum Freiburg f\u00fcr eine trans-hot Erfahrung?<\/h2>\n    <p style=\"font-size:16px; line-height:1.6; margin-bottom:20px;\">\n      Freiburg ist dank seiner vertraulichen und sicheren Orte ideal, um Ihre W\u00fcnsche in aller Diskretion zu erkunden. Die Trans-Escorts der Stadt und ihrer Umgebung gew\u00e4hrleisten ma\u00dfgeschneiderte Verabredungen in einer Umgebung, in der Ihre Privatsph\u00e4re und Ihre W\u00fcnsche voll und ganz respektiert werden. Die Stadt bietet den perfekten Rahmen f\u00fcr aufregende und unvergessliche Erlebnisse.\n    <\/p>\n\n    <!-- Comment r\u00e9server -->\n    <h2 style=\"color:#ff69b4; font-size:28px; margin-bottom:15px;\">Wie buchen Sie Ihre Trans-Escort in Freiburg?<\/h2>\n    <p style=\"font-size:16px; line-height:1.6; margin-bottom:20px;\">\n      Um zu buchen, sehen Sie sich die detaillierten Profile und Kundenbewertungen an, um die Trans-Escort auszuw\u00e4hlen, die am besten zu Ihren W\u00fcnschen passt. Nehmen Sie sich die Zeit, Ihre Erwartungen vor dem Treffen mitzuteilen, um ein pers\u00f6nliches, aufregendes und sicheres Treffen zu garantieren. Um weitere sinnliche Optionen zu entdecken, besuchen Sie auch <a href=\"https:\/\/meetgirl.ch\/de\/unterwurfige-escort-freiburg\/\" style=\"color:#ff69b4; text-decoration:underline; font-weight:bold;\">unterw\u00fcrfige Escort in Freiburg<\/a>.\n    <\/p>\n\n    <!-- Conclusion -->\n    <h2 style=\"color:#ff69b4; font-size:28px; margin-bottom:15px;\">Erleben Sie sehr hei\u00dfe und unvergessliche Erfahrungen<\/h2>\n    <p style=\"font-size:16px; line-height:1.6;\">\n      W\u00e4hlen Sie eine <strong>Trans-Escort in Freiburg<\/strong> garantiert Ihnen hei\u00dfe, intensive und absolut sichere Momente. Egal, ob Sie auf der Suche nach sanfter Verf\u00fchrung oder den aufregendsten harten Praktiken sind, diese Profis garantieren Ihnen ein einzigartiges Treffen, das auf Ihre Fantasien zugeschnitten und absolut hei\u00df ist.\n    <\/p>\n\n  <\/div>\n<\/section>\n\t\t\t\t\t\t\t\t<\/div>\n\t\t\t\t<\/div>\n\t\t\t\t\t<\/div>\n\t\t\t\t<\/div>\n\t\t\t\t<\/div>","protected":false},"excerpt":{"rendered":"<p>D\u00e9couvrez des exp\u00e9riences sensuelles uniques avec nos escort trans \u00e0 Fribourg. Que vous soyez attir\u00e9 par les travestis, ladyboys ou shemales, ces professionnelles vous offrent des rendez-vous torrides, personnalis\u00e9s et extr\u00eamement excitants. Pr\u00e9parez-vous \u00e0 explorer vos fantasmes les plus intenses en toute s\u00e9curit\u00e9 et discr\u00e9tion. Qu\u2019est-ce qu\u2019une escort trans \u00e0 Fribourg ? Une escort trans [&hellip;]<\/p>","protected":false},"author":3,"featured_media":0,"parent":0,"menu_order":0,"comment_status":"closed","ping_status":"closed","template":"","meta":{"footnotes":""},"class_list":["post-12817","page","type-page","status-publish","hentry"],"acf":[],"yoast_head":"<!-- This site is optimized with the Yoast SEO plugin v26.0 - https:\/\/yoast.com\/wordpress\/plugins\/seo\/ -->\n<title>Escort trans \u00e0 Fribourg - Exp\u00e9rience hot - Meetgirl.ch<\/title>\n<meta name=\"description\" content=\"Rencontrez nos escortes trans \u00e0 Fribourg (travestis, ladyboys, shemales) pour des rendez-vous tr\u00e8s hot con\u00e7us pour satisfaire vos fantasmes\" \/>\n<meta name=\"robots\" content=\"index, follow, max-snippet:-1, max-image-preview:large, max-video-preview:-1\" \/>\n<link rel=\"canonical\" href=\"https:\/\/meetgirl.ch\/de\/escort-trans-fribourg\/\" \/>\n<meta property=\"og:locale\" content=\"de_DE\" \/>\n<meta property=\"og:type\" content=\"article\" \/>\n<meta property=\"og:title\" content=\"Escort trans \u00e0 Fribourg - Exp\u00e9rience hot - Meetgirl.ch\" \/>\n<meta property=\"og:description\" content=\"Rencontrez nos escortes trans \u00e0 Fribourg (travestis, ladyboys, shemales) pour des rendez-vous tr\u00e8s hot con\u00e7us pour satisfaire vos fantasmes\" \/>\n<meta property=\"og:url\" content=\"https:\/\/meetgirl.ch\/de\/escort-trans-fribourg\/\" \/>\n<meta property=\"og:site_name\" content=\"Meetgirl - Annonces \u00e9rotiques - Escorts, massages et salons\" \/>\n<meta property=\"article:modified_time\" content=\"2025-09-03T08:50:19+00:00\" \/>\n<meta property=\"og:image\" content=\"https:\/\/meetgirl.ch\/wp-content\/uploads\/2025\/03\/meetgirl-yoast.jpg\" \/>\n\t<meta property=\"og:image:width\" content=\"1200\" \/>\n\t<meta property=\"og:image:height\" content=\"675\" \/>\n\t<meta property=\"og:image:type\" content=\"image\/jpeg\" \/>\n<meta name=\"twitter:card\" content=\"summary_large_image\" \/>\n<meta name=\"twitter:label1\" content=\"Gesch\u00e4tzte Lesezeit\" \/>\n\t<meta name=\"twitter:data1\" content=\"2\u00a0Minuten\" \/>\n<script type=\"application\/ld+json\" class=\"yoast-schema-graph\">{\"@context\":\"https:\/\/schema.org\",\"@graph\":[{\"@type\":\"WebPage\",\"@id\":\"https:\/\/meetgirl.ch\/escort-trans-fribourg\/\",\"url\":\"https:\/\/meetgirl.ch\/escort-trans-fribourg\/\",\"name\":\"Escort trans \u00e0 Fribourg - Exp\u00e9rience hot - Meetgirl.ch\",\"isPartOf\":{\"@id\":\"https:\/\/meetgirl.ch\/#website\"},\"datePublished\":\"2025-08-17T13:52:57+00:00\",\"dateModified\":\"2025-09-03T08:50:19+00:00\",\"description\":\"Rencontrez nos escortes trans \u00e0 Fribourg (travestis, ladyboys, shemales) pour des rendez-vous tr\u00e8s hot con\u00e7us pour satisfaire vos fantasmes\",\"breadcrumb\":{\"@id\":\"https:\/\/meetgirl.ch\/escort-trans-fribourg\/#breadcrumb\"},\"inLanguage\":\"de\",\"potentialAction\":[{\"@type\":\"ReadAction\",\"target\":[\"https:\/\/meetgirl.ch\/escort-trans-fribourg\/\"]}]},{\"@type\":\"BreadcrumbList\",\"@id\":\"https:\/\/meetgirl.ch\/escort-trans-fribourg\/#breadcrumb\",\"itemListElement\":[{\"@type\":\"ListItem\",\"position\":1,\"name\":\"Accueil\",\"item\":\"https:\/\/meetgirl.ch\/\"},{\"@type\":\"ListItem\",\"position\":2,\"name\":\"Escort trans \u00e0 Fribourg \u2013 Exp\u00e9riences tr\u00e8s hot et intenses\"}]},{\"@type\":\"WebSite\",\"@id\":\"https:\/\/meetgirl.ch\/#website\",\"url\":\"https:\/\/meetgirl.ch\/\",\"name\":\"MeetGirl - Annonces \u00e9rotiques Suisse - Escorts, massages et salons\",\"description\":\"Escorts et massages \u00e9rotiques\",\"publisher\":{\"@id\":\"https:\/\/meetgirl.ch\/#organization\"},\"alternateName\":\"Annuaire \u00e9rotique Suisse Escort \u00e0 Gen\u00e8ve, Lausanne, Valais, Neuch\u00e2tel\",\"potentialAction\":[{\"@type\":\"SearchAction\",\"target\":{\"@type\":\"EntryPoint\",\"urlTemplate\":\"https:\/\/meetgirl.ch\/?s={search_term_string}\"},\"query-input\":{\"@type\":\"PropertyValueSpecification\",\"valueRequired\":true,\"valueName\":\"search_term_string\"}}],\"inLanguage\":\"de\"},{\"@type\":\"Organization\",\"@id\":\"https:\/\/meetgirl.ch\/#organization\",\"name\":\"Escort et massage \u00e9rotique\",\"alternateName\":\"Meetgirl escortes et masseuses\",\"url\":\"https:\/\/meetgirl.ch\/\",\"logo\":{\"@type\":\"ImageObject\",\"inLanguage\":\"de\",\"@id\":\"https:\/\/meetgirl.ch\/#\/schema\/logo\/image\/\",\"url\":\"https:\/\/meetgirl.ch\/wp-content\/uploads\/2024\/05\/cropped-meet-logo.png\",\"contentUrl\":\"https:\/\/meetgirl.ch\/wp-content\/uploads\/2024\/05\/cropped-meet-logo.png\",\"width\":512,\"height\":512,\"caption\":\"Escort et massage \u00e9rotique\"},\"image\":{\"@id\":\"https:\/\/meetgirl.ch\/#\/schema\/logo\/image\/\"}}]}<\/script>\n<!-- \/ Yoast SEO plugin. -->","yoast_head_json":{"title":"Trans Escort in Freiburg - Hot Experience - Meetgirl.ch","description":"Treffen Sie unsere Trans-Escorts in Freiburg (Transvestiten, Ladyboys, Shemales) f\u00fcr sehr hei\u00dfe Dates, die darauf ausgelegt sind, Ihre Fantasien zu befriedigen.","robots":{"index":"index","follow":"follow","max-snippet":"max-snippet:-1","max-image-preview":"max-image-preview:large","max-video-preview":"max-video-preview:-1"},"canonical":"https:\/\/meetgirl.ch\/de\/escort-trans-fribourg\/","og_locale":"de_DE","og_type":"article","og_title":"Escort trans \u00e0 Fribourg - Exp\u00e9rience hot - Meetgirl.ch","og_description":"Rencontrez nos escortes trans \u00e0 Fribourg (travestis, ladyboys, shemales) pour des rendez-vous tr\u00e8s hot con\u00e7us pour satisfaire vos fantasmes","og_url":"https:\/\/meetgirl.ch\/de\/escort-trans-fribourg\/","og_site_name":"Meetgirl - Annonces \u00e9rotiques - Escorts, massages et salons","article_modified_time":"2025-09-03T08:50:19+00:00","og_image":[{"width":1200,"height":675,"url":"https:\/\/meetgirl.ch\/wp-content\/uploads\/2025\/03\/meetgirl-yoast.jpg","type":"image\/jpeg"}],"twitter_card":"summary_large_image","twitter_misc":{"Gesch\u00e4tzte Lesezeit":"2\u00a0Minuten"},"schema":{"@context":"https:\/\/schema.org","@graph":[{"@type":"WebPage","@id":"https:\/\/meetgirl.ch\/escort-trans-fribourg\/","url":"https:\/\/meetgirl.ch\/escort-trans-fribourg\/","name":"Trans Escort in Freiburg - Hot Experience - Meetgirl.ch","isPartOf":{"@id":"https:\/\/meetgirl.ch\/#website"},"datePublished":"2025-08-17T13:52:57+00:00","dateModified":"2025-09-03T08:50:19+00:00","description":"Treffen Sie unsere Trans-Escorts in Freiburg (Transvestiten, Ladyboys, Shemales) f\u00fcr sehr hei\u00dfe Dates, die darauf ausgelegt sind, Ihre Fantasien zu befriedigen.","breadcrumb":{"@id":"https:\/\/meetgirl.ch\/escort-trans-fribourg\/#breadcrumb"},"inLanguage":"de","potentialAction":[{"@type":"ReadAction","target":["https:\/\/meetgirl.ch\/escort-trans-fribourg\/"]}]},{"@type":"BreadcrumbList","@id":"https:\/\/meetgirl.ch\/escort-trans-fribourg\/#breadcrumb","itemListElement":[{"@type":"ListItem","position":1,"name":"Accueil","item":"https:\/\/meetgirl.ch\/"},{"@type":"ListItem","position":2,"name":"Escort trans \u00e0 Fribourg \u2013 Exp\u00e9riences tr\u00e8s hot et intenses"}]},{"@type":"WebSite","@id":"https:\/\/meetgirl.ch\/#website","url":"https:\/\/meetgirl.ch\/","name":"MeetGirl - Erotikanzeigen Schweiz - Escorts, Massagen und Salons","description":"Escorts und erotische Massagen","publisher":{"@id":"https:\/\/meetgirl.ch\/#organization"},"alternateName":"Annuaire \u00e9rotique Suisse Escort \u00e0 Gen\u00e8ve, Lausanne, Valais, Neuch\u00e2tel","potentialAction":[{"@type":"SearchAction","target":{"@type":"EntryPoint","urlTemplate":"https:\/\/meetgirl.ch\/?s={search_term_string}"},"query-input":{"@type":"PropertyValueSpecification","valueRequired":true,"valueName":"search_term_string"}}],"inLanguage":"de"},{"@type":"Organization","@id":"https:\/\/meetgirl.ch\/#organization","name":"Escort und erotische Massage","alternateName":"Meetgirl escortes et masseuses","url":"https:\/\/meetgirl.ch\/","logo":{"@type":"ImageObject","inLanguage":"de","@id":"https:\/\/meetgirl.ch\/#\/schema\/logo\/image\/","url":"https:\/\/meetgirl.ch\/wp-content\/uploads\/2024\/05\/cropped-meet-logo.png","contentUrl":"https:\/\/meetgirl.ch\/wp-content\/uploads\/2024\/05\/cropped-meet-logo.png","width":512,"height":512,"caption":"Escort et massage \u00e9rotique"},"image":{"@id":"https:\/\/meetgirl.ch\/#\/schema\/logo\/image\/"}}]}},"_links":{"self":[{"href":"https:\/\/meetgirl.ch\/de\/wp-json\/wp\/v2\/pages\/12817","targetHints":{"allow":["GET"]}}],"collection":[{"href":"https:\/\/meetgirl.ch\/de\/wp-json\/wp\/v2\/pages"}],"about":[{"href":"https:\/\/meetgirl.ch\/de\/wp-json\/wp\/v2\/types\/page"}],"author":[{"embeddable":true,"href":"https:\/\/meetgirl.ch\/de\/wp-json\/wp\/v2\/users\/3"}],"replies":[{"embeddable":true,"href":"https:\/\/meetgirl.ch\/de\/wp-json\/wp\/v2\/comments?post=12817"}],"version-history":[{"count":4,"href":"https:\/\/meetgirl.ch\/de\/wp-json\/wp\/v2\/pages\/12817\/revisions"}],"predecessor-version":[{"id":12821,"href":"https:\/\/meetgirl.ch\/de\/wp-json\/wp\/v2\/pages\/12817\/revisions\/12821"}],"wp:attachment":[{"href":"https:\/\/meetgirl.ch\/de\/wp-json\/wp\/v2\/media?parent=12817"}],"curies":[{"name":"wp","href":"https:\/\/api.w.org\/{rel}","templated":true}]}}