{"id":12825,"date":"2025-08-17T14:11:26","date_gmt":"2025-08-17T14:11:26","guid":{"rendered":"https:\/\/meetgirl.ch\/?page_id=12825"},"modified":"2025-09-21T14:18:04","modified_gmt":"2025-09-21T14:18:04","slug":"sinnliche-massage-freiburg","status":"publish","type":"page","link":"https:\/\/meetgirl.ch\/de\/sinnliche-massage-freiburg\/","title":{"rendered":"Massage sensuel \u00e0 Fribourg \u2013 Exp\u00e9riences sensorielles et intenses"},"content":{"rendered":"<div data-elementor-type=\"wp-page\" data-elementor-id=\"12825\" class=\"elementor elementor-12825\">\n\t\t\t\t<div class=\"elementor-element elementor-element-0671ed0 e-flex e-con-boxed e-con e-parent\" data-id=\"0671ed0\" data-element_type=\"container\" data-settings=\"{&quot;jet_parallax_layout_list&quot;:[]}\">\n\t\t\t\t\t<div class=\"e-con-inner\">\n\t\t\t\t<div class=\"elementor-element elementor-element-7320b05 elementor-widget elementor-widget-case27-listing-feed-widget\" data-id=\"7320b05\" data-element_type=\"widget\" data-widget_type=\"case27-listing-feed-widget.default\">\n\t\t\t\t<div class=\"elementor-widget-container\">\n\t\t\t\t\t\t\t<section class=\"i-section listing-feed\">\r\n\t\t<div class=\"container-fluid\">\r\n\t\t\t<div class=\"row section-body grid\">\r\n\t\t\t\t\t\t\t\t\t<div class=\"col-lg-4 col-md-4 col-sm-6 col-xs-12 grid-item\"><div class=\"lf-item-container listing-preview type-independante no-logo has-tagline no-info-fields level-promoted priority-2\" data-id=\"listing-id-16565\" data-category-icon=\"\t&lt;i class=&quot;mi bookmark_border&quot; style=&quot;color: #fff; background: #f67675; &quot;&gt;&lt;\/i&gt;\t\" data-category-color=\"#f67675\" data-category-text-color=\"#fff\" data-thumbnail=\"https:\/\/meetgirl.ch\/wp-content\/themes\/my-listing\/assets\/images\/marker.jpg\" data-marker=\"https:\/\/meetgirl.ch\/wp-content\/themes\/my-listing\/assets\/images\/marker.jpg\" data-template=\"default\" data-locations=\"[{&quot;address&quot;:&quot;Fribourg, canton de Fribourg, Suisse&quot;,&quot;lat&quot;:&quot;46.80445&quot;,&quot;lng&quot;:&quot;7.15434&quot;}]\"\n><div class=\"lf-item lf-item-default\" data-template=\"default\"> <a href=\"https:\/\/meetgirl.ch\/de\/escorts\/christina-5542\/\"> <div class=\"overlay\" style=\" background-color: #242429; opacity: 0;\"><\/div> <div class=\"lf-background\" style=\"background-image: url('https:\/\/meetgirl.ch\/wp-content\/uploads\/listing-uploads\/cover\/2025\/11\/IMG-20201104-WA0039.jpg');\"><\/div> <div class=\"lf-item-info\"> <h4 class=\"case27-primary-text listing-preview-title\"> Christina 5542 <\/h4> <\/div> <\/a> <div class=\"lf-head level-promoted\"> <span class=\"tooltip-element tooltip-bottom\"> <div class=\"lf-head-btn ad-badge\"> <span><i class=\"icon-flash\"><\/i><\/span> <\/div> <span class=\"tooltip-container\">Promoted<\/span> <\/span> <\/div> <\/div> <div class=\"listing-details-3 c27-footer-section\"> <ul class=\"details-list no-list-style\"> <li class=\"\" > <span>Freiburg <\/span> <\/li> <li class=\"\" > <span> <div class=\"codicts-online-status\"><span class=\"codicts-dot cdtsols-offline\"><\/span> <span class=\"cdtsols-txt\">-Online-8H<\/span><\/div> <\/span> <\/li> <\/ul> <\/div> <div class=\"listing-details-3 c27-footer-section\"> <ul class=\"details-list no-list-style\"> <li class=\"\" > <span>Verf\u00fcgbar <\/span> <\/li> <\/ul> <\/div> <\/div><\/div>\t\t\t\t\t\t\t\t\t<div class=\"col-lg-4 col-md-4 col-sm-6 col-xs-12 grid-item\"><div class=\"lf-item-container listing-preview type-independante no-logo has-tagline no-info-fields level-promoted priority-2\" data-id=\"listing-id-14448\" data-category-icon=\"\t&lt;i class=&quot;mi bookmark_border&quot; style=&quot;color: #fff; background: #f67675; &quot;&gt;&lt;\/i&gt;\t\" data-category-color=\"#f67675\" data-category-text-color=\"#fff\" data-thumbnail=\"https:\/\/meetgirl.ch\/wp-content\/themes\/my-listing\/assets\/images\/marker.jpg\" data-marker=\"https:\/\/meetgirl.ch\/wp-content\/themes\/my-listing\/assets\/images\/marker.jpg\" data-template=\"default\" data-locations=\"[{&quot;address&quot;:&quot;1763, Granges-Paccot, canton de Fribourg, Suisse&quot;,&quot;lat&quot;:&quot;46.82827&quot;,&quot;lng&quot;:&quot;7.14877&quot;}]\"\n><div class=\"lf-item lf-item-default\" data-template=\"default\"> <a href=\"https:\/\/meetgirl.ch\/de\/escorts\/brunelle_zio\/\"> <div class=\"overlay\" style=\" background-color: #242429; opacity: 0;\"><\/div> <div class=\"lf-background\" style=\"background-image: url('https:\/\/meetgirl.ch\/wp-content\/uploads\/listing-uploads\/cover\/2025\/09\/20250723_134235-768x991.jpg');\"><\/div> <div class=\"lf-item-info\"> <h4 class=\"case27-primary-text listing-preview-title\"> Brunelle_zio <\/h4> <\/div> <\/a> <div class=\"lf-head level-promoted\"> <span class=\"tooltip-element tooltip-bottom\"> <div class=\"lf-head-btn ad-badge\"> <span><i class=\"icon-flash\"><\/i><\/span> <\/div> <span class=\"tooltip-container\">Promoted<\/span> <\/span> <\/div> <\/div> <div class=\"listing-details-3 c27-footer-section\"> <ul class=\"details-list no-list-style\"> <li class=\"\" > <span>1763 <\/span> <\/li> <li class=\"\" > <span> <div class=\"codicts-online-status\"><span class=\"codicts-dot cdtsols-offline\"><\/span> <span class=\"cdtsols-txt\">-Online-8H<\/span><\/div> <\/span> <\/li> <\/ul> <\/div> <div class=\"listing-details-3 c27-footer-section\"> <ul class=\"details-list no-list-style\"> <li class=\"\" > <span>Sexuelle Verabredung <\/span> <\/li> <\/ul> <\/div> <\/div><\/div>\t\t\t\t\t\t\t\t\t<div class=\"col-lg-4 col-md-4 col-sm-6 col-xs-12 grid-item\"><div class=\"lf-item-container listing-preview type-independante no-logo has-tagline no-info-fields level-promoted priority-2\" data-id=\"listing-id-13963\" data-category-icon=\"\t&lt;i class=&quot;mi bookmark_border&quot; style=&quot;color: #fff; background: #f67675; &quot;&gt;&lt;\/i&gt;\t\" data-category-color=\"#f67675\" data-category-text-color=\"#fff\" data-thumbnail=\"https:\/\/meetgirl.ch\/wp-content\/themes\/my-listing\/assets\/images\/marker.jpg\" data-marker=\"https:\/\/meetgirl.ch\/wp-content\/themes\/my-listing\/assets\/images\/marker.jpg\" data-template=\"default\" data-locations=\"[{&quot;address&quot;:&quot;Rue des Alpes 23, 1700 Fribourg, Suisse&quot;,&quot;lat&quot;:&quot;46.80516&quot;,&quot;lng&quot;:&quot;7.15833&quot;}]\"\n><div class=\"lf-item lf-item-default\" data-template=\"default\"> <a href=\"https:\/\/meetgirl.ch\/it\/accompagnatori-2\/katy-2\/\"> <div class=\"overlay\" style=\" background-color: #242429; opacity: 0;\"><\/div> <div class=\"lf-background\" style=\"background-image: url('https:\/\/meetgirl.ch\/wp-content\/uploads\/listing-uploads\/cover\/2025\/09\/IMG_3697-768x1662.png');\"><\/div> <div class=\"lf-item-info\"> <h4 class=\"case27-primary-text listing-preview-title\"> Katy <\/h4> <\/div> <\/a> <div class=\"lf-head level-promoted\"> <span class=\"tooltip-element tooltip-bottom\"> <div class=\"lf-head-btn ad-badge\"> <span><i class=\"icon-flash\"><\/i><\/span> <\/div> <span class=\"tooltip-container\" data-no-translation=\"\" data-trp-gettext=\"\">Promoted<\/span> <\/span> <\/div> <\/div> <div class=\"listing-details-3 c27-footer-section\"> <ul class=\"details-list no-list-style\"> <li class=\"\" > <span>Rue des Alpes 23 <\/span> <\/li> <li class=\"\" > <span> <div class=\"codicts-online-status\"><span class=\"codicts-dot cdtsols-offline\"><\/span> <span class=\"cdtsols-txt\">-Online-8H<\/span><\/div> <\/span> <\/li> <\/ul> <\/div> <div class=\"listing-details-3 c27-footer-section\"> <ul class=\"details-list no-list-style\"> <li class=\"\" > <span>Happy End. <\/span> <\/li> <\/ul> <\/div> <\/div><\/div>\t\t\t\t\t\t\t<\/div>\r\n\t\t<\/div>\r\n\t<\/section>\r\n\r\n\t\t\t\t<\/div>\n\t\t\t\t<\/div>\n\t\t\t\t\t<\/div>\n\t\t\t\t<\/div>\n\t\t<div class=\"elementor-element elementor-element-d6e65e1 e-flex e-con-boxed e-con e-parent\" data-id=\"d6e65e1\" data-element_type=\"container\" data-settings=\"{&quot;jet_parallax_layout_list&quot;:[]}\">\n\t\t\t\t\t<div class=\"e-con-inner\">\n\t\t\t\t<div class=\"elementor-element elementor-element-2c90d3f elementor-widget elementor-widget-text-editor\" data-id=\"2c90d3f\" data-element_type=\"widget\" data-widget_type=\"text-editor.default\">\n\t\t\t\t<div class=\"elementor-widget-container\">\n\t\t\t\t\t\t\t\t\t<section style=\"padding:40px 20px; background-color:#222; font-family:Arial,sans-serif; color:#ffffff;\">\n  <div style=\"max-width:1000px; margin:0 auto;\">\n\n    <!-- Intro teaser -->\n    <p style=\"font-size:16px; line-height:1.6; text-align:center; margin-bottom:20px;\">\n      Entdecken Sie Spa\u00df und Entspannung mit einem <strong>sinnliche Massage in Freiburg<\/strong>. Unsere qualifizierten Praktikerinnen bieten Ihnen abwechslungsreiche Sitzungen an, die Tantra-, Lingam-, Prostata-, Body-to-Body-, Nuru- und Thai-Massagen umfassen, um Ihre Sinne zu wecken und Ihnen einen intensiven und unvergesslichen Moment der Entspannung zu schenken.\n    <\/p>\n\n    <!-- Qu\u2019est-ce qu\u2019un massage sensuel -->\n    <h2 style=\"color:#ff69b4; font-size:28px; margin-bottom:15px;\">Was ist eine sinnliche Massage in Freiburg?<\/h2>\n    <p style=\"font-size:16px; line-height:1.6; margin-bottom:20px;\">\n      Die <strong>sinnliche Massage in Freiburg<\/strong> beschr\u00e4nkt sich nicht auf k\u00f6rperliche Entspannung. Es handelt sich um eine ganzheitliche Erfahrung, die sanfte Bewegungen, gezielten Druck und K\u00f6rperkontakt miteinander verbindet, das Loslassen f\u00f6rdert und die erogenen Zonen stimuliert. Jede Sitzung ist so konzipiert, dass sie ein perfektes Gleichgewicht zwischen Genuss und Wohlbefinden schafft.\n    <\/p>\n\n    <!-- Prestations -->\n    <h2 style=\"color:#ff69b4; font-size:28px; margin-bottom:15px;\">Die angebotenen Leistungen<\/h2>\n    <p style=\"font-size:16px; line-height:1.6; margin-bottom:20px;\">\n      Unsere sinnlichen Massagen beinhalten : \n      <ul style=\"margin-left:20px; line-height:1.6;\">\n        <li><strong>Tantrische Massage<\/strong> : Harmonisierung der K\u00f6rperenergie und Erweckung der Sinne<\/li>\n        <li><strong>Lingam- oder Yoni-Massage<\/strong> : gezielte Stimulation f\u00fcr ein tiefes Vergn\u00fcgen<\/li>\n        <li><strong>Prostatamassage<\/strong> : intensive Entspannung und m\u00e4nnliche Stimulation<\/li>\n        <li><strong>Body-to-body und Nuru<\/strong> : sinnliches Gleiten und Vollkontakt auf Spezial\u00f6l<\/li>\n        <li><strong>Sinnliche Thai-Massage<\/strong> : Kombination aus Stretching und Streicheln, um Verspannungen zu l\u00f6sen<\/li>\n      <\/ul>\n      Jede Massage wird ganz auf Ihre W\u00fcnsche und Ihr Wohlbefinden abgestimmt, sodass bei jedem Termin ein einzigartiges Erlebnis garantiert ist.\n    <\/p>\n\n    <!-- Pourquoi Fribourg -->\n    <h2 style=\"color:#ff69b4; font-size:28px; margin-bottom:15px;\">Warum sollten Sie Freiburg f\u00fcr eine sinnliche Massage w\u00e4hlen?<\/h2>\n    <p style=\"font-size:16px; line-height:1.6; margin-bottom:20px;\">\n      Freiburg bietet einen diskreten und entspannenden Rahmen, in dem Sie Ihre Sitzungen voll und ganz genie\u00dfen k\u00f6nnen. Die lokalen Praktikerinnen sind geschult, um Vertraulichkeit, Sicherheit und Professionalit\u00e4t zu gew\u00e4hrleisten. Ob Sie sich in der Stadt oder in der Umgebung befinden, jede Sitzung findet in einer ruhigen und komfortablen Umgebung statt, die ideal ist, um Ihre Empfindungen zu erforschen.\n    <\/p>\n\n    <!-- Comment r\u00e9server -->\n    <h2 style=\"color:#ff69b4; font-size:28px; margin-bottom:15px;\">Wie buchen Sie Ihre sinnliche Massage in Freiburg?<\/h2>\n    <p style=\"font-size:16px; line-height:1.6; margin-bottom:20px;\">\n      Um Ihre Sitzung zu buchen, sehen Sie sich die Profile und Meinungen der Praktikerinnen an, um diejenige auszuw\u00e4hlen, die Ihren Erwartungen am besten entspricht. Geben Sie Ihre Vorlieben vor dem Termin bekannt, um eine individuelle Massage zu gew\u00e4hrleisten. Um mehr sinnliche Erfahrungen zu entdecken, besuchen Sie <a href=\"https:\/\/meetgirl.ch\/de\/freche-escort-freiburg\/\" style=\"color:#ff69b4; text-decoration:underline; font-weight:bold;\">freche escort in Freiburg<\/a>.\n    <\/p>\n\n    <!-- Conclusion -->\n    <h2 style=\"color:#ff69b4; font-size:28px; margin-bottom:15px;\">Erleben Sie einen unvergesslichen sinnlichen Moment<\/h2>\n    <p style=\"font-size:16px; line-height:1.6;\">\n      W\u00e4hlen Sie einen <strong>sinnliche Massage in Freiburg<\/strong> ist die Gewissheit, einen einzigartigen Moment der Entspannung und des Vergn\u00fcgens zu genie\u00dfen. Wecken Sie Ihre Sinne, erforschen Sie Ihren K\u00f6rper und lassen Sie sich von einer raffinierten und intimen Erfahrung in einem sicheren und diskreten Rahmen mitrei\u00dfen.\n    <\/p>\n\n  <\/div>\n<\/section>\n\t\t\t\t\t\t\t\t<\/div>\n\t\t\t\t<\/div>\n\t\t\t\t\t<\/div>\n\t\t\t\t<\/div>\n\t\t\t\t<\/div>","protected":false},"excerpt":{"rendered":"<p>D\u00e9couvrez le plaisir et la relaxation gr\u00e2ce \u00e0 un massage sensuel \u00e0 Fribourg. Nos praticiennes qualifi\u00e9es vous proposent des s\u00e9ances vari\u00e9es incluant massage tantrique, lingam, massage prostatique, body-to-body, Nuru et Thai massage, pour \u00e9veiller vos sens et vous offrir un moment de d\u00e9tente intense et m\u00e9morable. Qu\u2019est-ce qu\u2019un massage sensuel \u00e0 Fribourg ? Le massage [&hellip;]<\/p>","protected":false},"author":3,"featured_media":0,"parent":0,"menu_order":0,"comment_status":"closed","ping_status":"closed","template":"","meta":{"footnotes":""},"class_list":["post-12825","page","type-page","status-publish","hentry"],"acf":[],"yoast_head":"<!-- This site is optimized with the Yoast SEO plugin v26.0 - https:\/\/yoast.com\/wordpress\/plugins\/seo\/ -->\n<title>Massage sensuel \u00e0 Fribourg \u2013 Exp\u00e9riences sensorielles et intenses - Meetgirl - Annonces \u00e9rotiques - Escorts, massages et salons<\/title>\n<meta name=\"description\" content=\"Offrez-vous un massage sensuel \u00e0 Fribourg avec des prestations tantriques, lingam, nuru, body-to-body. Exp\u00e9riences sensorielles et intenses\" \/>\n<meta name=\"robots\" content=\"index, follow, max-snippet:-1, max-image-preview:large, max-video-preview:-1\" \/>\n<link rel=\"canonical\" href=\"https:\/\/meetgirl.ch\/de\/sinnliche-massage-freiburg\/\" \/>\n<meta property=\"og:locale\" content=\"de_DE\" \/>\n<meta property=\"og:type\" content=\"article\" \/>\n<meta property=\"og:title\" content=\"Massage sensuel \u00e0 Fribourg \u2013 Exp\u00e9riences sensorielles et intenses - Meetgirl - Annonces \u00e9rotiques - Escorts, massages et salons\" \/>\n<meta property=\"og:description\" content=\"Offrez-vous un massage sensuel \u00e0 Fribourg avec des prestations tantriques, lingam, nuru, body-to-body. Exp\u00e9riences sensorielles et intenses\" \/>\n<meta property=\"og:url\" content=\"https:\/\/meetgirl.ch\/de\/sinnliche-massage-freiburg\/\" \/>\n<meta property=\"og:site_name\" content=\"Meetgirl - Annonces \u00e9rotiques - Escorts, massages et salons\" \/>\n<meta property=\"article:modified_time\" content=\"2025-09-21T14:18:04+00:00\" \/>\n<meta property=\"og:image\" content=\"https:\/\/meetgirl.ch\/wp-content\/uploads\/2025\/03\/meetgirl-yoast.jpg\" \/>\n\t<meta property=\"og:image:width\" content=\"1200\" \/>\n\t<meta property=\"og:image:height\" content=\"675\" \/>\n\t<meta property=\"og:image:type\" content=\"image\/jpeg\" \/>\n<meta name=\"twitter:card\" content=\"summary_large_image\" \/>\n<meta name=\"twitter:label1\" content=\"Gesch\u00e4tzte Lesezeit\" \/>\n\t<meta name=\"twitter:data1\" content=\"2\u00a0Minuten\" \/>\n<script type=\"application\/ld+json\" class=\"yoast-schema-graph\">{\"@context\":\"https:\/\/schema.org\",\"@graph\":[{\"@type\":\"WebPage\",\"@id\":\"https:\/\/meetgirl.ch\/massage-sensuel-fribourg\/\",\"url\":\"https:\/\/meetgirl.ch\/massage-sensuel-fribourg\/\",\"name\":\"Massage sensuel \u00e0 Fribourg \u2013 Exp\u00e9riences sensorielles et intenses - Meetgirl - Annonces \u00e9rotiques - Escorts, massages et salons\",\"isPartOf\":{\"@id\":\"https:\/\/meetgirl.ch\/#website\"},\"datePublished\":\"2025-08-17T14:11:26+00:00\",\"dateModified\":\"2025-09-21T14:18:04+00:00\",\"description\":\"Offrez-vous un massage sensuel \u00e0 Fribourg avec des prestations tantriques, lingam, nuru, body-to-body. Exp\u00e9riences sensorielles et intenses\",\"breadcrumb\":{\"@id\":\"https:\/\/meetgirl.ch\/massage-sensuel-fribourg\/#breadcrumb\"},\"inLanguage\":\"de\",\"potentialAction\":[{\"@type\":\"ReadAction\",\"target\":[\"https:\/\/meetgirl.ch\/massage-sensuel-fribourg\/\"]}]},{\"@type\":\"BreadcrumbList\",\"@id\":\"https:\/\/meetgirl.ch\/massage-sensuel-fribourg\/#breadcrumb\",\"itemListElement\":[{\"@type\":\"ListItem\",\"position\":1,\"name\":\"Accueil\",\"item\":\"https:\/\/meetgirl.ch\/\"},{\"@type\":\"ListItem\",\"position\":2,\"name\":\"Massage sensuel \u00e0 Fribourg \u2013 Exp\u00e9riences sensorielles et intenses\"}]},{\"@type\":\"WebSite\",\"@id\":\"https:\/\/meetgirl.ch\/#website\",\"url\":\"https:\/\/meetgirl.ch\/\",\"name\":\"MeetGirl - Annonces \u00e9rotiques Suisse - Escorts, massages et salons\",\"description\":\"Escorts et massages \u00e9rotiques\",\"publisher\":{\"@id\":\"https:\/\/meetgirl.ch\/#organization\"},\"alternateName\":\"Annuaire \u00e9rotique Suisse Escort \u00e0 Gen\u00e8ve, Lausanne, Valais, Neuch\u00e2tel\",\"potentialAction\":[{\"@type\":\"SearchAction\",\"target\":{\"@type\":\"EntryPoint\",\"urlTemplate\":\"https:\/\/meetgirl.ch\/?s={search_term_string}\"},\"query-input\":{\"@type\":\"PropertyValueSpecification\",\"valueRequired\":true,\"valueName\":\"search_term_string\"}}],\"inLanguage\":\"de\"},{\"@type\":\"Organization\",\"@id\":\"https:\/\/meetgirl.ch\/#organization\",\"name\":\"Escort et massage \u00e9rotique\",\"alternateName\":\"Meetgirl escortes et masseuses\",\"url\":\"https:\/\/meetgirl.ch\/\",\"logo\":{\"@type\":\"ImageObject\",\"inLanguage\":\"de\",\"@id\":\"https:\/\/meetgirl.ch\/#\/schema\/logo\/image\/\",\"url\":\"https:\/\/meetgirl.ch\/wp-content\/uploads\/2024\/05\/cropped-meet-logo.png\",\"contentUrl\":\"https:\/\/meetgirl.ch\/wp-content\/uploads\/2024\/05\/cropped-meet-logo.png\",\"width\":512,\"height\":512,\"caption\":\"Escort et massage \u00e9rotique\"},\"image\":{\"@id\":\"https:\/\/meetgirl.ch\/#\/schema\/logo\/image\/\"}}]}<\/script>\n<!-- \/ Yoast SEO plugin. -->","yoast_head_json":{"title":"Sinnliche Massage in Freiburg - Sinnliche und intensive Erlebnisse - Meetgirl - Erotische Anzeigen - Escorts, Massagen und Salons","description":"G\u00f6nnen Sie sich eine sinnliche Massage in Freiburg mit tantrischen Leistungen, Lingam, Nuru, Body-to-Body. Sinnliche und intensive Erlebnisse","robots":{"index":"index","follow":"follow","max-snippet":"max-snippet:-1","max-image-preview":"max-image-preview:large","max-video-preview":"max-video-preview:-1"},"canonical":"https:\/\/meetgirl.ch\/de\/sinnliche-massage-freiburg\/","og_locale":"de_DE","og_type":"article","og_title":"Massage sensuel \u00e0 Fribourg \u2013 Exp\u00e9riences sensorielles et intenses - Meetgirl - Annonces \u00e9rotiques - Escorts, massages et salons","og_description":"Offrez-vous un massage sensuel \u00e0 Fribourg avec des prestations tantriques, lingam, nuru, body-to-body. Exp\u00e9riences sensorielles et intenses","og_url":"https:\/\/meetgirl.ch\/de\/sinnliche-massage-freiburg\/","og_site_name":"Meetgirl - Annonces \u00e9rotiques - Escorts, massages et salons","article_modified_time":"2025-09-21T14:18:04+00:00","og_image":[{"width":1200,"height":675,"url":"https:\/\/meetgirl.ch\/wp-content\/uploads\/2025\/03\/meetgirl-yoast.jpg","type":"image\/jpeg"}],"twitter_card":"summary_large_image","twitter_misc":{"Gesch\u00e4tzte Lesezeit":"2\u00a0Minuten"},"schema":{"@context":"https:\/\/schema.org","@graph":[{"@type":"WebPage","@id":"https:\/\/meetgirl.ch\/massage-sensuel-fribourg\/","url":"https:\/\/meetgirl.ch\/massage-sensuel-fribourg\/","name":"Sinnliche Massage in Freiburg - Sinnliche und intensive Erlebnisse - Meetgirl - Erotische Anzeigen - Escorts, Massagen und Salons","isPartOf":{"@id":"https:\/\/meetgirl.ch\/#website"},"datePublished":"2025-08-17T14:11:26+00:00","dateModified":"2025-09-21T14:18:04+00:00","description":"G\u00f6nnen Sie sich eine sinnliche Massage in Freiburg mit tantrischen Leistungen, Lingam, Nuru, Body-to-Body. Sinnliche und intensive Erlebnisse","breadcrumb":{"@id":"https:\/\/meetgirl.ch\/massage-sensuel-fribourg\/#breadcrumb"},"inLanguage":"de","potentialAction":[{"@type":"ReadAction","target":["https:\/\/meetgirl.ch\/massage-sensuel-fribourg\/"]}]},{"@type":"BreadcrumbList","@id":"https:\/\/meetgirl.ch\/massage-sensuel-fribourg\/#breadcrumb","itemListElement":[{"@type":"ListItem","position":1,"name":"Accueil","item":"https:\/\/meetgirl.ch\/"},{"@type":"ListItem","position":2,"name":"Massage sensuel \u00e0 Fribourg \u2013 Exp\u00e9riences sensorielles et intenses"}]},{"@type":"WebSite","@id":"https:\/\/meetgirl.ch\/#website","url":"https:\/\/meetgirl.ch\/","name":"MeetGirl - Erotikanzeigen Schweiz - Escorts, Massagen und Salons","description":"Escorts und erotische Massagen","publisher":{"@id":"https:\/\/meetgirl.ch\/#organization"},"alternateName":"Annuaire \u00e9rotique Suisse Escort \u00e0 Gen\u00e8ve, Lausanne, Valais, Neuch\u00e2tel","potentialAction":[{"@type":"SearchAction","target":{"@type":"EntryPoint","urlTemplate":"https:\/\/meetgirl.ch\/?s={search_term_string}"},"query-input":{"@type":"PropertyValueSpecification","valueRequired":true,"valueName":"search_term_string"}}],"inLanguage":"de"},{"@type":"Organization","@id":"https:\/\/meetgirl.ch\/#organization","name":"Escort und erotische Massage","alternateName":"Meetgirl escortes et masseuses","url":"https:\/\/meetgirl.ch\/","logo":{"@type":"ImageObject","inLanguage":"de","@id":"https:\/\/meetgirl.ch\/#\/schema\/logo\/image\/","url":"https:\/\/meetgirl.ch\/wp-content\/uploads\/2024\/05\/cropped-meet-logo.png","contentUrl":"https:\/\/meetgirl.ch\/wp-content\/uploads\/2024\/05\/cropped-meet-logo.png","width":512,"height":512,"caption":"Escort et massage \u00e9rotique"},"image":{"@id":"https:\/\/meetgirl.ch\/#\/schema\/logo\/image\/"}}]}},"_links":{"self":[{"href":"https:\/\/meetgirl.ch\/de\/wp-json\/wp\/v2\/pages\/12825","targetHints":{"allow":["GET"]}}],"collection":[{"href":"https:\/\/meetgirl.ch\/de\/wp-json\/wp\/v2\/pages"}],"about":[{"href":"https:\/\/meetgirl.ch\/de\/wp-json\/wp\/v2\/types\/page"}],"author":[{"embeddable":true,"href":"https:\/\/meetgirl.ch\/de\/wp-json\/wp\/v2\/users\/3"}],"replies":[{"embeddable":true,"href":"https:\/\/meetgirl.ch\/de\/wp-json\/wp\/v2\/comments?post=12825"}],"version-history":[{"count":4,"href":"https:\/\/meetgirl.ch\/de\/wp-json\/wp\/v2\/pages\/12825\/revisions"}],"predecessor-version":[{"id":12830,"href":"https:\/\/meetgirl.ch\/de\/wp-json\/wp\/v2\/pages\/12825\/revisions\/12830"}],"wp:attachment":[{"href":"https:\/\/meetgirl.ch\/de\/wp-json\/wp\/v2\/media?parent=12825"}],"curies":[{"name":"wp","href":"https:\/\/api.w.org\/{rel}","templated":true}]}}