{"id":12841,"date":"2025-08-17T14:39:33","date_gmt":"2025-08-17T14:39:33","guid":{"rendered":"https:\/\/meetgirl.ch\/?page_id=12841"},"modified":"2025-09-03T08:47:51","modified_gmt":"2025-09-03T08:47:51","slug":"escort-freiburg-stadt","status":"publish","type":"page","link":"https:\/\/meetgirl.ch\/de\/escort-freiburg-stadt\/","title":{"rendered":"Escort \u00e0 Fribourg ville \u2013 Exp\u00e9riences sensuelles, jeux de r\u00f4le et plaisir intense"},"content":{"rendered":"<div data-elementor-type=\"wp-page\" data-elementor-id=\"12841\" class=\"elementor elementor-12841\">\n\t\t\t\t<div class=\"elementor-element elementor-element-28a8c2b e-flex e-con-boxed e-con e-parent\" data-id=\"28a8c2b\" data-element_type=\"container\" data-settings=\"{&quot;jet_parallax_layout_list&quot;:[]}\">\n\t\t\t\t\t<div class=\"e-con-inner\">\n\t\t\t\t<div class=\"elementor-element elementor-element-5ace459 elementor-widget elementor-widget-case27-listing-feed-widget\" data-id=\"5ace459\" data-element_type=\"widget\" data-widget_type=\"case27-listing-feed-widget.default\">\n\t\t\t\t<div class=\"elementor-widget-container\">\n\t\t\t\t\t\t\t<section class=\"i-section listing-feed\">\r\n\t\t<div class=\"container-fluid\">\r\n\t\t\t<div class=\"row section-body grid\">\r\n\t\t\t\t\t\t\t\t\t<div class=\"col-lg-4 col-md-4 col-sm-6 col-xs-12 grid-item\"><div class=\"lf-item-container listing-preview type-independante c27-verified no-logo has-tagline no-info-fields level-promoted priority-2\" data-id=\"listing-id-3281\" data-category-icon=\"\t&lt;i class=&quot;mi bookmark_border&quot; style=&quot;color: #fff; background: #f67675; &quot;&gt;&lt;\/i&gt;\t\" data-category-color=\"#f67675\" data-category-text-color=\"#fff\" data-thumbnail=\"https:\/\/meetgirl.ch\/wp-content\/themes\/my-listing\/assets\/images\/marker.jpg\" data-marker=\"https:\/\/meetgirl.ch\/wp-content\/themes\/my-listing\/assets\/images\/marker.jpg\" data-template=\"default\" data-locations=\"[{&quot;address&quot;:&quot;Fribourg, canton de Fribourg, Suisse&quot;,&quot;lat&quot;:&quot;46.80445&quot;,&quot;lng&quot;:&quot;7.15434&quot;}]\"\n><div class=\"lf-item lf-item-default\" data-template=\"default\"> <a href=\"https:\/\/meetgirl.ch\/de\/escorts\/jade\/\"> <div class=\"overlay\" style=\" background-color: #242429; opacity: 0;\"><\/div> <div class=\"lf-background\" style=\"background-image: url('https:\/\/meetgirl.ch\/wp-content\/uploads\/listing-uploads\/cover\/2024\/08\/3031b35c-efe3-41ab-9bee-247505980dcc_profile_s.jpg');\"><\/div> <div class=\"lf-item-info\"> <h4 class=\"case27-primary-text listing-preview-title\"> Jade <img decoding=\"async\" height=\"18\" width=\"18\" alt=\"Best\u00e4tigte Auflistung\" class=\"verified-listing\" src=\"https:\/\/meetgirl.ch\/wp-content\/themes\/my-listing\/assets\/images\/tick.svg\"> <\/h4> <\/div> <\/a> <div class=\"lf-head level-promoted\"> <span class=\"tooltip-element tooltip-bottom\"> <div class=\"lf-head-btn ad-badge\"> <span><i class=\"icon-flash\"><\/i><\/span> <\/div> <span class=\"tooltip-container\">Promoted<\/span> <\/span> <\/div> <\/div> <div class=\"listing-details-3 c27-footer-section\"> <ul class=\"details-list no-list-style\"> <li class=\"\" > <span>Bulle <\/span> <\/li> <li class=\"\" > <span> <div class=\"codicts-online-status\"><span class=\"codicts-dot cdtsols-offline\"><\/span> <span class=\"cdtsols-txt\">-24H<\/span><\/div> <\/span> <\/li> <\/ul> <\/div> <div class=\"listing-details-3 c27-footer-section\"> <ul class=\"details-list no-list-style\"> <li class=\"\" > <span>verspielt und sexy <\/span> <\/li> <\/ul> <\/div> <\/div><\/div>\t\t\t\t\t\t\t\t\t<div class=\"col-lg-4 col-md-4 col-sm-6 col-xs-12 grid-item\"><div class=\"lf-item-container listing-preview type-independante c27-verified no-logo has-tagline no-info-fields level-promoted priority-2\" data-id=\"listing-id-3669\" data-category-icon=\"\t&lt;i class=&quot;mi bookmark_border&quot; style=&quot;color: #fff; background: #f67675; &quot;&gt;&lt;\/i&gt;\t\" data-category-color=\"#f67675\" data-category-text-color=\"#fff\" data-thumbnail=\"https:\/\/meetgirl.ch\/wp-content\/themes\/my-listing\/assets\/images\/marker.jpg\" data-marker=\"https:\/\/meetgirl.ch\/wp-content\/themes\/my-listing\/assets\/images\/marker.jpg\" data-template=\"default\" data-locations=\"[{&quot;address&quot;:&quot;Fribourg, canton de Fribourg, Suisse&quot;,&quot;lat&quot;:&quot;46.80445&quot;,&quot;lng&quot;:&quot;7.15434&quot;}]\"\n><div class=\"lf-item lf-item-default\" data-template=\"default\"> <a href=\"https:\/\/meetgirl.ch\/de\/escorts\/valentina-thai\/\"> <div class=\"overlay\" style=\" background-color: #242429; opacity: 0;\"><\/div> <div class=\"lf-background\" style=\"background-image: url('https:\/\/meetgirl.ch\/wp-content\/uploads\/listing-uploads\/cover\/2024\/09\/1a9acfc8-c168-4fb2-85be-0a69dba4814f_profile_s.jpg');\"><\/div> <div class=\"lf-item-info\"> <h4 class=\"case27-primary-text listing-preview-title\"> Valentina thai <img decoding=\"async\" height=\"18\" width=\"18\" alt=\"Best\u00e4tigte Auflistung\" class=\"verified-listing\" src=\"https:\/\/meetgirl.ch\/wp-content\/themes\/my-listing\/assets\/images\/tick.svg\"> <\/h4> <\/div> <\/a> <div class=\"lf-head level-promoted\"> <span class=\"tooltip-element tooltip-bottom\"> <div class=\"lf-head-btn ad-badge\"> <span><i class=\"icon-flash\"><\/i><\/span> <\/div> <span class=\"tooltip-container\">Promoted<\/span> <\/span> <\/div> <\/div> <div class=\"listing-details-3 c27-footer-section\"> <ul class=\"details-list no-list-style\"> <li class=\"\" > <span>Bulle <\/span> <\/li> <li class=\"\" > <span> <div class=\"codicts-online-status\"><span class=\"codicts-dot cdtsols-offline\"><\/span> <span class=\"cdtsols-txt\">-24H<\/span><\/div> <\/span> <\/li> <\/ul> <\/div> <div class=\"listing-details-3 c27-footer-section\"> <ul class=\"details-list no-list-style\"> <li class=\"\" > <span>Genie\u00dfen Sie meinen ganzen K\u00f6rper <\/span> <\/li> <\/ul> <\/div> <\/div><\/div>\t\t\t\t\t\t\t\t\t<div class=\"col-lg-4 col-md-4 col-sm-6 col-xs-12 grid-item\"><div class=\"lf-item-container listing-preview type-independante c27-verified no-logo has-tagline no-info-fields level-promoted priority-2\" data-id=\"listing-id-3691\" data-category-icon=\"\t&lt;i class=&quot;mi bookmark_border&quot; style=&quot;color: #fff; background: #f67675; &quot;&gt;&lt;\/i&gt;\t\" data-category-color=\"#f67675\" data-category-text-color=\"#fff\" data-thumbnail=\"https:\/\/meetgirl.ch\/wp-content\/themes\/my-listing\/assets\/images\/marker.jpg\" data-marker=\"https:\/\/meetgirl.ch\/wp-content\/themes\/my-listing\/assets\/images\/marker.jpg\" data-template=\"default\" data-locations=\"[{&quot;address&quot;:&quot;Fribourg, canton de Fribourg, Suisse&quot;,&quot;lat&quot;:&quot;46.80445&quot;,&quot;lng&quot;:&quot;7.15434&quot;}]\"\n><div class=\"lf-item lf-item-default\" data-template=\"default\"> <a href=\"https:\/\/meetgirl.ch\/de\/escorts\/bianca\/\"> <div class=\"overlay\" style=\" background-color: #242429; opacity: 0;\"><\/div> <div class=\"lf-background\" style=\"background-image: url('https:\/\/meetgirl.ch\/wp-content\/uploads\/listing-uploads\/cover\/2024\/09\/a5a15f3d-a861-4ccf-83e7-5e63767b8c68_profile_s.jpg');\"><\/div> <div class=\"lf-item-info\"> <h4 class=\"case27-primary-text listing-preview-title\"> Bianca <img decoding=\"async\" height=\"18\" width=\"18\" alt=\"Best\u00e4tigte Auflistung\" class=\"verified-listing\" src=\"https:\/\/meetgirl.ch\/wp-content\/themes\/my-listing\/assets\/images\/tick.svg\"> <\/h4> <\/div> <\/a> <div class=\"lf-head level-promoted\"> <span class=\"tooltip-element tooltip-bottom\"> <div class=\"lf-head-btn ad-badge\"> <span><i class=\"icon-flash\"><\/i><\/span> <\/div> <span class=\"tooltip-container\">Promoted<\/span> <\/span> <\/div> <\/div> <div class=\"listing-details-3 c27-footer-section\"> <ul class=\"details-list no-list-style\"> <li class=\"\" > <span>Freiburg <\/span> <\/li> <li class=\"\" > <span> <div class=\"codicts-online-status\"><span class=\"codicts-dot cdtsols-online\"><\/span> <span class=\"cdtsols-txt\">Online<\/span><\/div> <\/span> <\/li> <\/ul> <\/div> <div class=\"listing-details-3 c27-footer-section\"> <ul class=\"details-list no-list-style\"> <li class=\"\" > <span>Ich bin 22 Jahre alt <\/span> <\/li> <\/ul> <\/div> <\/div><\/div>\t\t\t\t\t\t\t<\/div>\r\n\t\t<\/div>\r\n\t<\/section>\r\n\r\n\t\t\t\t<\/div>\n\t\t\t\t<\/div>\n\t\t\t\t\t<\/div>\n\t\t\t\t<\/div>\n\t\t<div class=\"elementor-element elementor-element-906e621 e-flex e-con-boxed e-con e-parent\" data-id=\"906e621\" data-element_type=\"container\" data-settings=\"{&quot;jet_parallax_layout_list&quot;:[]}\">\n\t\t\t\t\t<div class=\"e-con-inner\">\n\t\t\t\t<div class=\"elementor-element elementor-element-8c5dd47 elementor-widget elementor-widget-text-editor\" data-id=\"8c5dd47\" data-element_type=\"widget\" data-widget_type=\"text-editor.default\">\n\t\t\t\t<div class=\"elementor-widget-container\">\n\t\t\t\t\t\t\t\t\t<section style=\"padding:40px 20px; background-color:#222; font-family:Arial,sans-serif; color:#ffffff;\">\n  <div style=\"max-width:1000px; margin:0 auto;\">\n\n    <!-- Intro teaser -->\n    <p style=\"font-size:16px; line-height:1.6; text-align:center; margin-bottom:20px;\">\n      G\u00f6nnen Sie sich ein unvergessliches Erlebnis mit einer <strong>escort in der Stadt Freiburg<\/strong>, im Herzen des <strong>Kanton Freiburg<\/strong>. Unsere eleganten und sinnlichen Profis bieten Ihnen hei\u00dfe und pers\u00f6nliche Dates, die Liebe, Sinnlichkeit und Rollenspiele miteinander verbinden. Erkunden Sie Ihre Fantasien im Stadtzentrum oder in den nahegelegenen Gemeinden wie Marly, Villars-sur-Gl\u00e2ne, Matran, Corminboeuf und Granges-Paccot.\n    <\/p>\n\n    <!-- Qu\u2019est-ce qu\u2019une escort \u00e0 Fribourg -->\n    <h2 style=\"color:#ff69b4; font-size:28px; margin-bottom:15px;\">Was ist ein Escort in Freiburg?<\/h2>\n    <p style=\"font-size:16px; line-height:1.6; margin-bottom:20px;\">\n      Eine <strong>escort in Freiburg<\/strong> ist eine raffinierte und erfahrene Begleiterin, die intime und aufregende Momente in einer diskreten und sicheren Umgebung bietet. Jedes Treffen ist darauf ausgelegt, Ihre Sinne zu wecken und Ihre W\u00fcnsche zu erf\u00fcllen: sinnliche Massagen, Rollenspiele, verliebte Momente oder hei\u00dfe sexuelle Erlebnisse. Die Umgebung von Marly, Villars-sur-Gl\u00e2ne, Matran, Granges-Paccot und Corminboeuf ist leicht zu erreichen, damit Sie jedes Treffen in vollen Z\u00fcgen genie\u00dfen k\u00f6nnen.\n    <\/p>\n\n    <!-- Prestations et fantaisies -->\n    <h2 style=\"color:#ff69b4; font-size:28px; margin-bottom:15px;\">Leistungen und Fantasien in Freiburg<\/h2>\n    <p style=\"font-size:16px; line-height:1.6; margin-bottom:20px;\">\n      Unsere Escorts bieten verschiedene Leistungen an, um Ihre Fantasien zu erf\u00fcllen:\n      <ul style=\"margin-left:20px; line-height:1.6;\">\n        <li>Sinnliche und erotische Massagen, um den K\u00f6rper zu entspannen und die Lust zu wecken<\/li>\n        <li>Freche Rollenspiele, um all Ihre W\u00fcnsche zu erkunden<\/li>\n        <li>Momente der Liebe und Zweisamkeit, in denen sich Z\u00e4rtlichkeit und Leidenschaft vermischen<\/li>\n        <li>Hei\u00dfe und pers\u00f6nliche sexuelle Erlebnisse<\/li>\n        <li>Elegante Gesellschaft f\u00fcr Partys, Abendessen oder private Veranstaltungen im Kanton Freiburg<\/li>\n      <\/ul>\n    <\/p>\n\n    <!-- Pourquoi Fribourg -->\n    <h2 style=\"color:#ff69b4; font-size:28px; margin-bottom:15px;\">Warum sollten Sie sich f\u00fcr die Stadt Freiburg entscheiden?<\/h2>\n    <p style=\"font-size:16px; line-height:1.6; margin-bottom:20px;\">\n      Freiburg bietet einen diskreten und angenehmen Rahmen f\u00fcr Ihre sinnlichen Verabredungen. Mit seiner warmen und vertraulichen Atmosph\u00e4re k\u00f6nnen Sie intime Momente im Stadtzentrum oder in den Nachbargemeinden genie\u00dfen: Marly, Villars-sur-Gl\u00e2ne, Matran, Granges-Paccot und Corminboeuf. Die \u00f6ffentlichen Verkehrsmittel erleichtern den Zugang zu jedem Treffen und die Diskretion ist immer gew\u00e4hrleistet.\n    <\/p>\n\n    <!-- Comment r\u00e9server -->\n    <h2 style=\"color:#ff69b4; font-size:28px; margin-bottom:15px;\">Wie buchen Sie Ihren Escort in Freiburg?<\/h2>\n    <p style=\"font-size:16px; line-height:1.6; margin-bottom:20px;\">\n      Um ein unvergessliches Erlebnis mit einer <strong>escort in Freiburg<\/strong>Erkunden Sie die verf\u00fcgbaren Profile und w\u00e4hlen Sie diejenige aus, die Ihren W\u00fcnschen und Fantasien entspricht. Besprechen Sie Ihre Vorlieben, sei es f\u00fcr sinnliche Massagen, Rollenspiele oder hei\u00dfe Momente. Um weitere aufregende Leistungen und Termine zu entdecken, besuchen Sie <a href=\"https:\/\/meetgirl.ch\/de\/freche-escort-freiburg\/\" style=\"color:#ff69b4; text-decoration:underline; font-weight:bold;\">freche escort in Freiburg<\/a>.\n    <\/p>\n\n    <!-- Conclusion -->\n    <h2 style=\"color:#ff69b4; font-size:28px; margin-bottom:15px;\">Erleben Sie intensive und unvergessliche Momente<\/h2>\n    <p style=\"font-size:16px; line-height:1.6;\">\n      Mit einer <strong>escort in Freiburg<\/strong>Jedes Treffen ist ein sinnliches und aufregendes Abenteuer. Ob Sie sich im Stadtzentrum oder in den umliegenden Gemeinden aufhalten, jedes Treffen ist so konzipiert, dass es Spa\u00df, Liebe und Rollenspiele mit gr\u00f6\u00dftem Respekt und Diskretion verbindet.\n    <\/p>\n\n  <\/div>\n<\/section>\n\t\t\t\t\t\t\t\t<\/div>\n\t\t\t\t<\/div>\n\t\t\t\t\t<\/div>\n\t\t\t\t<\/div>\n\t\t\t\t<\/div>","protected":false},"excerpt":{"rendered":"<p>Offrez-vous une exp\u00e9rience inoubliable avec une escort \u00e0 la ville de Fribourg, au c\u0153ur du canton de Fribourg. Nos professionnelles \u00e9l\u00e9gantes et sensuelles vous proposent des rendez-vous chauds et personnalis\u00e9s, m\u00ealant amour, sensualit\u00e9 et jeux de r\u00f4le. Explorez vos fantasmes dans le centre-ville ou dans les communes proches comme Marly, Villars-sur-Gl\u00e2ne, Matran, Corminboeuf et Granges-Paccot. [&hellip;]<\/p>","protected":false},"author":3,"featured_media":0,"parent":0,"menu_order":0,"comment_status":"closed","ping_status":"closed","template":"","meta":{"footnotes":""},"class_list":["post-12841","page","type-page","status-publish","hentry"],"acf":[],"yoast_head":"<!-- This site is optimized with the Yoast SEO plugin v26.0 - https:\/\/yoast.com\/wordpress\/plugins\/seo\/ -->\n<title>Escort \u00e0 Fribourg ville \u2013 Exp\u00e9riences sensuelles, jeux de r\u00f4le et plaisir intense - Meetgirl - Annonces \u00e9rotiques - Escorts, massages et salons<\/title>\n<meta name=\"description\" content=\"D\u00e9couvrez une escort \u00e0 Fribourg ville et ses alentours pour des rendez-vous sensuels : massages, jeux de r\u00f4le et moments excitants\" \/>\n<meta name=\"robots\" content=\"index, follow, max-snippet:-1, max-image-preview:large, max-video-preview:-1\" \/>\n<link rel=\"canonical\" href=\"https:\/\/meetgirl.ch\/de\/escort-freiburg-stadt\/\" \/>\n<meta property=\"og:locale\" content=\"de_DE\" \/>\n<meta property=\"og:type\" content=\"article\" \/>\n<meta property=\"og:title\" content=\"Escort \u00e0 Fribourg ville \u2013 Exp\u00e9riences sensuelles, jeux de r\u00f4le et plaisir intense - Meetgirl - Annonces \u00e9rotiques - Escorts, massages et salons\" \/>\n<meta property=\"og:description\" content=\"D\u00e9couvrez une escort \u00e0 Fribourg ville et ses alentours pour des rendez-vous sensuels : massages, jeux de r\u00f4le et moments excitants\" \/>\n<meta property=\"og:url\" content=\"https:\/\/meetgirl.ch\/de\/escort-freiburg-stadt\/\" \/>\n<meta property=\"og:site_name\" content=\"Meetgirl - Annonces \u00e9rotiques - Escorts, massages et salons\" \/>\n<meta property=\"article:modified_time\" content=\"2025-09-03T08:47:51+00:00\" \/>\n<meta property=\"og:image\" content=\"https:\/\/meetgirl.ch\/wp-content\/uploads\/2025\/03\/meetgirl-yoast.jpg\" \/>\n\t<meta property=\"og:image:width\" content=\"1200\" \/>\n\t<meta property=\"og:image:height\" content=\"675\" \/>\n\t<meta property=\"og:image:type\" content=\"image\/jpeg\" \/>\n<meta name=\"twitter:card\" content=\"summary_large_image\" \/>\n<meta name=\"twitter:label1\" content=\"Gesch\u00e4tzte Lesezeit\" \/>\n\t<meta name=\"twitter:data1\" content=\"2\u00a0Minuten\" \/>\n<script type=\"application\/ld+json\" class=\"yoast-schema-graph\">{\"@context\":\"https:\/\/schema.org\",\"@graph\":[{\"@type\":\"WebPage\",\"@id\":\"https:\/\/meetgirl.ch\/escort-fribourg-ville\/\",\"url\":\"https:\/\/meetgirl.ch\/escort-fribourg-ville\/\",\"name\":\"Escort \u00e0 Fribourg ville \u2013 Exp\u00e9riences sensuelles, jeux de r\u00f4le et plaisir intense - Meetgirl - Annonces \u00e9rotiques - Escorts, massages et salons\",\"isPartOf\":{\"@id\":\"https:\/\/meetgirl.ch\/#website\"},\"datePublished\":\"2025-08-17T14:39:33+00:00\",\"dateModified\":\"2025-09-03T08:47:51+00:00\",\"description\":\"D\u00e9couvrez une escort \u00e0 Fribourg ville et ses alentours pour des rendez-vous sensuels : massages, jeux de r\u00f4le et moments excitants\",\"breadcrumb\":{\"@id\":\"https:\/\/meetgirl.ch\/escort-fribourg-ville\/#breadcrumb\"},\"inLanguage\":\"de\",\"potentialAction\":[{\"@type\":\"ReadAction\",\"target\":[\"https:\/\/meetgirl.ch\/escort-fribourg-ville\/\"]}]},{\"@type\":\"BreadcrumbList\",\"@id\":\"https:\/\/meetgirl.ch\/escort-fribourg-ville\/#breadcrumb\",\"itemListElement\":[{\"@type\":\"ListItem\",\"position\":1,\"name\":\"Accueil\",\"item\":\"https:\/\/meetgirl.ch\/\"},{\"@type\":\"ListItem\",\"position\":2,\"name\":\"Escort \u00e0 Fribourg ville \u2013 Exp\u00e9riences sensuelles, jeux de r\u00f4le et plaisir intense\"}]},{\"@type\":\"WebSite\",\"@id\":\"https:\/\/meetgirl.ch\/#website\",\"url\":\"https:\/\/meetgirl.ch\/\",\"name\":\"MeetGirl - Annonces \u00e9rotiques Suisse - Escorts, massages et salons\",\"description\":\"Escorts et massages \u00e9rotiques\",\"publisher\":{\"@id\":\"https:\/\/meetgirl.ch\/#organization\"},\"alternateName\":\"Annuaire \u00e9rotique Suisse Escort \u00e0 Gen\u00e8ve, Lausanne, Valais, Neuch\u00e2tel\",\"potentialAction\":[{\"@type\":\"SearchAction\",\"target\":{\"@type\":\"EntryPoint\",\"urlTemplate\":\"https:\/\/meetgirl.ch\/?s={search_term_string}\"},\"query-input\":{\"@type\":\"PropertyValueSpecification\",\"valueRequired\":true,\"valueName\":\"search_term_string\"}}],\"inLanguage\":\"de\"},{\"@type\":\"Organization\",\"@id\":\"https:\/\/meetgirl.ch\/#organization\",\"name\":\"Escort et massage \u00e9rotique\",\"alternateName\":\"Meetgirl escortes et masseuses\",\"url\":\"https:\/\/meetgirl.ch\/\",\"logo\":{\"@type\":\"ImageObject\",\"inLanguage\":\"de\",\"@id\":\"https:\/\/meetgirl.ch\/#\/schema\/logo\/image\/\",\"url\":\"https:\/\/meetgirl.ch\/wp-content\/uploads\/2024\/05\/cropped-meet-logo.png\",\"contentUrl\":\"https:\/\/meetgirl.ch\/wp-content\/uploads\/2024\/05\/cropped-meet-logo.png\",\"width\":512,\"height\":512,\"caption\":\"Escort et massage \u00e9rotique\"},\"image\":{\"@id\":\"https:\/\/meetgirl.ch\/#\/schema\/logo\/image\/\"}}]}<\/script>\n<!-- \/ Yoast SEO plugin. -->","yoast_head_json":{"title":"Escort in Freiburg Stadt - Sinnliche Erlebnisse, Rollenspiele und intensives Vergn\u00fcgen - Meetgirl - Erotische Anzeigen - Escorts, Massagen und Salons","description":"Entdecken Sie eine Escort in Freiburg Stadt und Umgebung f\u00fcr sinnliche Dates: Massagen, Rollenspiele und aufregende Momente.","robots":{"index":"index","follow":"follow","max-snippet":"max-snippet:-1","max-image-preview":"max-image-preview:large","max-video-preview":"max-video-preview:-1"},"canonical":"https:\/\/meetgirl.ch\/de\/escort-freiburg-stadt\/","og_locale":"de_DE","og_type":"article","og_title":"Escort \u00e0 Fribourg ville \u2013 Exp\u00e9riences sensuelles, jeux de r\u00f4le et plaisir intense - Meetgirl - Annonces \u00e9rotiques - Escorts, massages et salons","og_description":"D\u00e9couvrez une escort \u00e0 Fribourg ville et ses alentours pour des rendez-vous sensuels : massages, jeux de r\u00f4le et moments excitants","og_url":"https:\/\/meetgirl.ch\/de\/escort-freiburg-stadt\/","og_site_name":"Meetgirl - Annonces \u00e9rotiques - Escorts, massages et salons","article_modified_time":"2025-09-03T08:47:51+00:00","og_image":[{"width":1200,"height":675,"url":"https:\/\/meetgirl.ch\/wp-content\/uploads\/2025\/03\/meetgirl-yoast.jpg","type":"image\/jpeg"}],"twitter_card":"summary_large_image","twitter_misc":{"Gesch\u00e4tzte Lesezeit":"2\u00a0Minuten"},"schema":{"@context":"https:\/\/schema.org","@graph":[{"@type":"WebPage","@id":"https:\/\/meetgirl.ch\/escort-fribourg-ville\/","url":"https:\/\/meetgirl.ch\/escort-fribourg-ville\/","name":"Escort in Freiburg Stadt - Sinnliche Erlebnisse, Rollenspiele und intensives Vergn\u00fcgen - Meetgirl - Erotische Anzeigen - Escorts, Massagen und Salons","isPartOf":{"@id":"https:\/\/meetgirl.ch\/#website"},"datePublished":"2025-08-17T14:39:33+00:00","dateModified":"2025-09-03T08:47:51+00:00","description":"Entdecken Sie eine Escort in Freiburg Stadt und Umgebung f\u00fcr sinnliche Dates: Massagen, Rollenspiele und aufregende Momente.","breadcrumb":{"@id":"https:\/\/meetgirl.ch\/escort-fribourg-ville\/#breadcrumb"},"inLanguage":"de","potentialAction":[{"@type":"ReadAction","target":["https:\/\/meetgirl.ch\/escort-fribourg-ville\/"]}]},{"@type":"BreadcrumbList","@id":"https:\/\/meetgirl.ch\/escort-fribourg-ville\/#breadcrumb","itemListElement":[{"@type":"ListItem","position":1,"name":"Accueil","item":"https:\/\/meetgirl.ch\/"},{"@type":"ListItem","position":2,"name":"Escort \u00e0 Fribourg ville \u2013 Exp\u00e9riences sensuelles, jeux de r\u00f4le et plaisir intense"}]},{"@type":"WebSite","@id":"https:\/\/meetgirl.ch\/#website","url":"https:\/\/meetgirl.ch\/","name":"MeetGirl - Erotikanzeigen Schweiz - Escorts, Massagen und Salons","description":"Escorts und erotische Massagen","publisher":{"@id":"https:\/\/meetgirl.ch\/#organization"},"alternateName":"Annuaire \u00e9rotique Suisse Escort \u00e0 Gen\u00e8ve, Lausanne, Valais, Neuch\u00e2tel","potentialAction":[{"@type":"SearchAction","target":{"@type":"EntryPoint","urlTemplate":"https:\/\/meetgirl.ch\/?s={search_term_string}"},"query-input":{"@type":"PropertyValueSpecification","valueRequired":true,"valueName":"search_term_string"}}],"inLanguage":"de"},{"@type":"Organization","@id":"https:\/\/meetgirl.ch\/#organization","name":"Escort und erotische Massage","alternateName":"Meetgirl escortes et masseuses","url":"https:\/\/meetgirl.ch\/","logo":{"@type":"ImageObject","inLanguage":"de","@id":"https:\/\/meetgirl.ch\/#\/schema\/logo\/image\/","url":"https:\/\/meetgirl.ch\/wp-content\/uploads\/2024\/05\/cropped-meet-logo.png","contentUrl":"https:\/\/meetgirl.ch\/wp-content\/uploads\/2024\/05\/cropped-meet-logo.png","width":512,"height":512,"caption":"Escort et massage \u00e9rotique"},"image":{"@id":"https:\/\/meetgirl.ch\/#\/schema\/logo\/image\/"}}]}},"_links":{"self":[{"href":"https:\/\/meetgirl.ch\/de\/wp-json\/wp\/v2\/pages\/12841","targetHints":{"allow":["GET"]}}],"collection":[{"href":"https:\/\/meetgirl.ch\/de\/wp-json\/wp\/v2\/pages"}],"about":[{"href":"https:\/\/meetgirl.ch\/de\/wp-json\/wp\/v2\/types\/page"}],"author":[{"embeddable":true,"href":"https:\/\/meetgirl.ch\/de\/wp-json\/wp\/v2\/users\/3"}],"replies":[{"embeddable":true,"href":"https:\/\/meetgirl.ch\/de\/wp-json\/wp\/v2\/comments?post=12841"}],"version-history":[{"count":4,"href":"https:\/\/meetgirl.ch\/de\/wp-json\/wp\/v2\/pages\/12841\/revisions"}],"predecessor-version":[{"id":12845,"href":"https:\/\/meetgirl.ch\/de\/wp-json\/wp\/v2\/pages\/12841\/revisions\/12845"}],"wp:attachment":[{"href":"https:\/\/meetgirl.ch\/de\/wp-json\/wp\/v2\/media?parent=12841"}],"curies":[{"name":"wp","href":"https:\/\/api.w.org\/{rel}","templated":true}]}}