{"id":12865,"date":"2025-08-17T14:55:01","date_gmt":"2025-08-17T14:55:01","guid":{"rendered":"https:\/\/meetgirl.ch\/?page_id=12865"},"modified":"2025-08-29T11:06:22","modified_gmt":"2025-08-29T11:06:22","slug":"massage-erotique-lausanne-2","status":"publish","type":"page","link":"https:\/\/meetgirl.ch\/de\/massage-erotique-lausanne-2\/","title":{"rendered":"Massage \u00e9rotique \u00e0 Lausanne \u2013 Sensualit\u00e9 et d\u00e9tente intense"},"content":{"rendered":"<div data-elementor-type=\"wp-page\" data-elementor-id=\"12865\" class=\"elementor elementor-12865\">\n\t\t\t\t<div class=\"elementor-element elementor-element-e774e83 e-flex e-con-boxed e-con e-parent\" data-id=\"e774e83\" data-element_type=\"container\" data-settings=\"{&quot;jet_parallax_layout_list&quot;:[]}\">\n\t\t\t\t\t<div class=\"e-con-inner\">\n\t\t\t\t<div class=\"elementor-element elementor-element-4571422 elementor-widget elementor-widget-case27-listing-feed-widget\" data-id=\"4571422\" data-element_type=\"widget\" data-widget_type=\"case27-listing-feed-widget.default\">\n\t\t\t\t<div class=\"elementor-widget-container\">\n\t\t\t\t\t\t\t<section class=\"i-section listing-feed\">\r\n\t\t<div class=\"container-fluid\">\r\n\t\t\t<div class=\"row section-body grid\">\r\n\t\t\t\t\t\t\t\t\t<div class=\"col-lg-4 col-md-4 col-sm-6 col-xs-12 grid-item\"><div class=\"lf-item-container listing-preview type-independante c27-verified no-logo has-tagline no-info-fields level-promoted priority-2\" data-id=\"listing-id-6986\" data-category-icon=\"\t&lt;i class=&quot;mi bookmark_border&quot; style=&quot;color: #fff; background: #f67675; &quot;&gt;&lt;\/i&gt;\t\" data-category-color=\"#f67675\" data-category-text-color=\"#fff\" data-thumbnail=\"https:\/\/meetgirl.ch\/wp-content\/themes\/my-listing\/assets\/images\/marker.jpg\" data-marker=\"https:\/\/meetgirl.ch\/wp-content\/themes\/my-listing\/assets\/images\/marker.jpg\" data-template=\"default\" data-locations=\"[{&quot;address&quot;:&quot;Lausanne, canton de Vaud, Suisse&quot;,&quot;lat&quot;:&quot;46.52071&quot;,&quot;lng&quot;:&quot;6.63253&quot;}]\"\n><div class=\"lf-item lf-item-default\" data-template=\"default\"> <a href=\"https:\/\/meetgirl.ch\/de\/escorts\/therese21\/\"> <div class=\"overlay\" style=\" background-color: #242429; opacity: 0;\"><\/div> <div class=\"lf-background\" style=\"background-image: url('https:\/\/meetgirl.ch\/wp-content\/uploads\/listing-uploads\/cover\/2025\/06\/IMG-20250602-WA0008-768x1024.jpg');\"><\/div> <div class=\"lf-item-info\"> <h4 class=\"case27-primary-text listing-preview-title\"> therese21 <img decoding=\"async\" height=\"18\" width=\"18\" alt=\"Best\u00e4tigte Auflistung\" class=\"verified-listing\" src=\"https:\/\/meetgirl.ch\/wp-content\/themes\/my-listing\/assets\/images\/tick.svg\"> <\/h4> <\/div> <\/a> <div class=\"lf-head level-promoted\"> <span class=\"tooltip-element tooltip-bottom\"> <div class=\"lf-head-btn ad-badge\"> <span><i class=\"icon-flash\"><\/i><\/span> <\/div> <span class=\"tooltip-container\">Promoted<\/span> <\/span> <\/div> <\/div> <div class=\"listing-details-3 c27-footer-section\"> <ul class=\"details-list no-list-style\"> <li class=\"\" > <span>Lausanne <\/span> <\/li> <li class=\"\" > <span> <div class=\"codicts-online-status\"><span class=\"codicts-dot cdtsols-offline\"><\/span> <span class=\"cdtsols-txt\">-24H<\/span><\/div> <\/span> <\/li> <\/ul> <\/div> <div class=\"listing-details-3 c27-footer-section\"> <ul class=\"details-list no-list-style\"> <li class=\"\" > <span>Sch\u00f6ne Blondine f\u00fcr einen diskreten Moment <\/span> <\/li> <\/ul> <\/div> <\/div><\/div>\t\t\t\t\t\t\t\t\t<div class=\"col-lg-4 col-md-4 col-sm-6 col-xs-12 grid-item\"><div class=\"lf-item-container listing-preview type-independante c27-verified no-logo has-tagline no-info-fields level-promoted priority-2\" data-id=\"listing-id-7183\" data-category-icon=\"\t&lt;i class=&quot;mi bookmark_border&quot; style=&quot;color: #fff; background: #f67675; &quot;&gt;&lt;\/i&gt;\t\" data-category-color=\"#f67675\" data-category-text-color=\"#fff\" data-thumbnail=\"https:\/\/meetgirl.ch\/wp-content\/themes\/my-listing\/assets\/images\/marker.jpg\" data-marker=\"https:\/\/meetgirl.ch\/wp-content\/themes\/my-listing\/assets\/images\/marker.jpg\" data-template=\"default\" data-locations=\"[{&quot;address&quot;:&quot;Placette Du Tunnel, 1005 Lausanne, Suisse&quot;,&quot;lat&quot;:&quot;46.52555&quot;,&quot;lng&quot;:&quot;6.63648&quot;}]\"\n><div class=\"lf-item lf-item-default\" data-template=\"default\"> <a href=\"https:\/\/meetgirl.ch\/de\/escorts\/camilla\/\"> <div class=\"overlay\" style=\" background-color: #242429; opacity: 0;\"><\/div> <div class=\"lf-background\" style=\"background-image: url('https:\/\/meetgirl.ch\/wp-content\/uploads\/listing-uploads\/cover\/2025\/06\/WhatsApp-Image-2025-06-13-at-12.52.161.jpeg');\"><\/div> <div class=\"lf-item-info\"> <h4 class=\"case27-primary-text listing-preview-title\"> Camilla escort <img decoding=\"async\" height=\"18\" width=\"18\" alt=\"Best\u00e4tigte Auflistung\" class=\"verified-listing\" src=\"https:\/\/meetgirl.ch\/wp-content\/themes\/my-listing\/assets\/images\/tick.svg\"> <\/h4> <\/div> <\/a> <div class=\"lf-head level-promoted\"> <span class=\"tooltip-element tooltip-bottom\"> <div class=\"lf-head-btn ad-badge\"> <span><i class=\"icon-flash\"><\/i><\/span> <\/div> <span class=\"tooltip-container\">Promoted<\/span> <\/span> <\/div> <\/div> <div class=\"listing-details-3 c27-footer-section\"> <ul class=\"details-list no-list-style\"> <li class=\"\" > <span>Lausanne <\/span> <\/li> <li class=\"\" > <span> <div class=\"codicts-online-status\"><span class=\"codicts-dot cdtsols-offline\"><\/span> <span class=\"cdtsols-txt\">-24H<\/span><\/div> <\/span> <\/li> <\/ul> <\/div> <div class=\"listing-details-3 c27-footer-section\"> <ul class=\"details-list no-list-style\"> <li class=\"\" > <span>Hypersexy und sinnlich <\/span> <\/li> <\/ul> <\/div> <\/div><\/div>\t\t\t\t\t\t\t\t\t<div class=\"col-lg-4 col-md-4 col-sm-6 col-xs-12 grid-item\"><div class=\"lf-item-container listing-preview type-independante c27-verified no-logo has-tagline no-info-fields level-promoted priority-2\" data-id=\"listing-id-8262\" data-category-icon=\"\t&lt;i class=&quot;mi bookmark_border&quot; style=&quot;color: #fff; background: #f67675; &quot;&gt;&lt;\/i&gt;\t\" data-category-color=\"#f67675\" data-category-text-color=\"#fff\" data-thumbnail=\"https:\/\/meetgirl.ch\/wp-content\/themes\/my-listing\/assets\/images\/marker.jpg\" data-marker=\"https:\/\/meetgirl.ch\/wp-content\/themes\/my-listing\/assets\/images\/marker.jpg\" data-template=\"default\" data-locations=\"[{&quot;address&quot;:&quot;Lausanne, canton de Vaud, Suisse&quot;,&quot;lat&quot;:&quot;46.52071&quot;,&quot;lng&quot;:&quot;6.63253&quot;}]\"\n><div class=\"lf-item lf-item-default\" data-template=\"default\"> <a href=\"https:\/\/meetgirl.ch\/de\/escorts\/linda-escort-lausanne\/\"> <div class=\"overlay\" style=\" background-color: #242429; opacity: 0;\"><\/div> <div class=\"lf-background\" style=\"background-image: url('https:\/\/meetgirl.ch\/wp-content\/uploads\/listing-uploads\/cover\/2025\/06\/553ca7e1-fe45-4125-8d61-4ed8e5ca9562_profile_s.jpg');\"><\/div> <div class=\"lf-item-info\"> <h4 class=\"case27-primary-text listing-preview-title\"> Linda Escort Lausanne <img decoding=\"async\" height=\"18\" width=\"18\" alt=\"Best\u00e4tigte Auflistung\" class=\"verified-listing\" src=\"https:\/\/meetgirl.ch\/wp-content\/themes\/my-listing\/assets\/images\/tick.svg\"> <\/h4> <\/div> <\/a> <div class=\"lf-head level-promoted\"> <span class=\"tooltip-element tooltip-bottom\"> <div class=\"lf-head-btn ad-badge\"> <span><i class=\"icon-flash\"><\/i><\/span> <\/div> <span class=\"tooltip-container\">Promoted<\/span> <\/span> <\/div> <\/div> <div class=\"listing-details-3 c27-footer-section\"> <ul class=\"details-list no-list-style\"> <li class=\"\" > <span>Lausanne <\/span> <\/li> <li class=\"\" > <span> <div class=\"codicts-online-status\"><span class=\"codicts-dot cdtsols-online\"><\/span> <span class=\"cdtsols-txt\">Online<\/span><\/div> <\/span> <\/li> <\/ul> <\/div> <div class=\"listing-details-3 c27-footer-section\"> <ul class=\"details-list no-list-style\"> <li class=\"\" > <span>Gourmet-Fellation <\/span> <\/li> <\/ul> <\/div> <\/div><\/div>\t\t\t\t\t\t\t<\/div>\r\n\t\t<\/div>\r\n\t<\/section>\r\n\r\n\t\t\t\t<\/div>\n\t\t\t\t<\/div>\n\t\t\t\t\t<\/div>\n\t\t\t\t<\/div>\n\t\t<div class=\"elementor-element elementor-element-c207b8d e-flex e-con-boxed e-con e-parent\" data-id=\"c207b8d\" data-element_type=\"container\" data-settings=\"{&quot;jet_parallax_layout_list&quot;:[]}\">\n\t\t\t\t\t<div class=\"e-con-inner\">\n\t\t\t\t<div class=\"elementor-element elementor-element-00c9c5e elementor-widget elementor-widget-text-editor\" data-id=\"00c9c5e\" data-element_type=\"widget\" data-widget_type=\"text-editor.default\">\n\t\t\t\t<div class=\"elementor-widget-container\">\n\t\t\t\t\t\t\t\t\t<section style=\"padding: 40px 20px; background-color: #222; font-family: Arial,sans-serif; color: #ffffff;\">\n  <div style=\"max-width: 1000px; margin: 0 auto;\">\n\n    <!-- Intro teaser -->\n    <p style=\"font-size: 16px; line-height: 1.6; text-align: center; margin-bottom: 20px;\">\n      G\u00f6nnen Sie sich einen Moment der Freude und Entspannung mit einem <strong>erotische Massage in Lausanne<\/strong>. Unsere erfahrenen Praktikerinnen bieten Ihnen sinnliche und individuelle Sitzungen an, die Entspannung und Stimulation der Sinne miteinander verbinden. Ob Sie sich in Lausanne, Renens, Pully, Prilly oder in den umliegenden Vierteln befinden, erleben Sie eine intime und unvergessliche Erfahrung.\n    <\/p>\n\n    <!-- Qu\u2019est-ce qu\u2019un massage \u00e9rotique \u00e0 Lausanne -->\n    <h2 style=\"color: #ff69b4; font-size: 28px; margin-bottom: 15px;\">Was ist eine erotische Massage in Lausanne?<\/h2>\n    <p style=\"font-size: 16px; line-height: 1.6; margin-bottom: 20px;\">\n      Die <strong>erotische Massage in Lausanne<\/strong> geht \u00fcber das blo\u00dfe Wohlbefinden hinaus. Es vereint das Erwachen der Sinne, Vergn\u00fcgen und Entspannung in einem diskreten und professionellen Rahmen. So wird jede Sitzung nach Ihren W\u00fcnschen gestaltet: sinnliche, tantrische, Body-to-Body- oder intensivere Massagen f\u00fcr diejenigen, die den Nervenkitzel lieben. Das Ziel ist es, einen einzigartigen intimen Moment zwischen Entspannung und Erregung zu schaffen.\n    <\/p>\n\n    <!-- Types de massages propos\u00e9s -->\n    <h2 style=\"color: #ff69b4; font-size: 28px; margin-bottom: 15px;\">Arten von erotischen Massagen in Lausanne<\/h2>\n    <p style=\"font-size: 16px; line-height: 1.6; margin-bottom: 20px;\">\n      Unsere Leistungen umfassen verschiedene Massagen, um all Ihre W\u00fcnsche zu erf\u00fcllen:\n    <\/p>\n    <ul style=\"margin-left: 20px; line-height: 1.6;\">\n      <li>Individuelle sinnliche Massage, um Ihren K\u00f6rper und Ihre Empfindungen zu erforschen<\/li>\n      <li>Tantramassage f\u00fcr Paare, die das gemeinsame Verlangen st\u00e4rkt<\/li>\n      <li>Yoni- oder Lingam-Massage zur Stimulierung der weiblichen oder m\u00e4nnlichen erogenen Zonen<\/li>\n      <li>Nuru- und Body to Body-Massage f\u00fcr ein intensives K\u00f6rpererlebnis<\/li>\n      <li>Erotische Thai-Massage, um Entspannung und Erregung zu vereinen<\/li>\n      <li>Prostatamassage zur Intensivierung der m\u00e4nnlichen Lust<\/li>\n    <\/ul>\n\n    <!-- Pourquoi choisir Lausanne -->\n    <h2 style=\"color: #ff69b4; font-size: 28px; margin-bottom: 15px;\">Warum sollten Sie Lausanne f\u00fcr eine erotische Massage w\u00e4hlen?<\/h2>\n    <p style=\"font-size: 16px; line-height: 1.6; margin-bottom: 20px;\">\n      Lausanne bietet einen idealen Rahmen, um hochwertige erotische Massagen zu entdecken. Mit seinen belebten Stadtvierteln und ruhigen Wohngebieten wie Chailly, Pully, Prilly, Renens und Epalinges k\u00f6nnen Sie von einem diskreten und sicheren Rahmen profitieren. Au\u00dferdem sind die ausgew\u00e4hlten Praktikerinnen professionell und aufmerksam und in der Lage, jede Massage auf Ihre W\u00fcnsche und Ihren Rhythmus abzustimmen.\n    <\/p>\n\n    <!-- Comment r\u00e9server -->\n    <h2 style=\"color: #ff69b4; font-size: 28px; margin-bottom: 15px;\">Wie kann ich eine erotische Massage in Lausanne buchen?<\/h2>\n    <p style=\"font-size: 16px; line-height: 1.6; margin-bottom: 20px;\">\n      Um einen unvergesslichen Moment zu erleben, w\u00e4hlen Sie eine Praktikerin, die Ihren W\u00fcnschen entspricht, und tauschen Sie sich vor der Sitzung mit ihr \u00fcber Ihre Erwartungen aus. Jede Massage ist so konzipiert, dass sie Vergn\u00fcgen und Entspannung miteinander verbindet. Entdecken Sie die verf\u00fcgbaren Praktizierenden und buchen Sie sicher \u00fcber <a href=\"https:\/\/meetgirl.ch\/de\/freche-escort-freiburg\/\" style=\"color: #ff69b4; text-decoration: underline; font-weight: bold;\">freche Escortdame in Lausanne<\/a>.  \n      Um weitere Profile zu erkunden, lesen Sie auch <a href=\"https:\/\/meetgirl.ch\/de\/erotische-escort-schweiz\/?type=independante&#038;sort=latest&#038;category=escort&#038;custom-taxonomy-canton-ville=vaud\" style=\"color: #ff69b4; text-decoration: underline; font-weight: bold;\">alle Escorts im Kanton Waadt<\/a>.\n    <\/p>\n\n    <!-- Conclusion -->\n    <h2 style=\"color: #ff69b4; font-size: 28px; margin-bottom: 15px;\">Erleben Sie einen intensiven und unvergesslichen Moment<\/h2>\n    <p style=\"font-size: 16px; line-height: 1.6;\">\n      Mit einem <strong>erotische Massage in Lausanne<\/strong>Jede Sitzung ist darauf ausgerichtet, Ihre Sinne zu wecken, Ihre W\u00fcnsche zu erf\u00fcllen und eine totale Entspannung zu bieten. Ob Sie sich in Lausanne, Renens, Pully, Prilly oder Epalinges befinden, genie\u00dfen Sie eine intime und sinnliche Erfahrung, die Vergn\u00fcgen und Sicherheit miteinander verbindet.\n    <\/p>\n\n  <\/div>\n<\/section>\n\n<!-- FAQ JSON-LD -->\n<script type=\"application\/ld+json\">\n{\n  \"@context\": \"https:\/\/schema.org\",\n  \"@type\": \"FAQPage\",\n  \"mainEntity\": [\n    {\n      \"@type\": \"Question\",\n      \"name\": \"Qu\u2019est-ce qu\u2019un massage \u00e9rotique \u00e0 Lausanne ?\",\n      \"acceptedAnswer\": {\n        \"@type\": \"Answer\",\n        \"text\": \"Un massage \u00e9rotique \u00e0 Lausanne combine relaxation, \u00e9veil des sens et plaisir dans un cadre discret et professionnel. Chaque s\u00e9ance est personnalis\u00e9e selon vos envies.\"\n      }\n    },\n    {\n      \"@type\": \"Question\",\n      \"name\": \"Comment r\u00e9server un massage \u00e9rotique \u00e0 Lausanne ?\",\n      \"acceptedAnswer\": {\n        \"@type\": \"Answer\",\n        \"text\": \"Vous pouvez r\u00e9server en toute s\u00e9curit\u00e9 via meetgirl.ch, choisir la praticienne selon vos pr\u00e9f\u00e9rences et \u00e9changer sur vos attentes avant la s\u00e9ance.\"\n      }\n    },\n    {\n      \"@type\": \"Question\",\n      \"name\": \"Quels quartiers de Lausanne sont desservis ?\",\n      \"acceptedAnswer\": {\n        \"@type\": \"Answer\",\n        \"text\": \"Les massages \u00e9rotiques sont disponibles dans Lausanne et ses quartiers comme Renens, Pully, Prilly, Chailly, Epalinges, ainsi que dans les environs proches.\"\n      }\n    }\n  ]\n}\n<\/script>\n\t\t\t\t\t\t\t\t<\/div>\n\t\t\t\t<\/div>\n\t\t\t\t\t<\/div>\n\t\t\t\t<\/div>\n\t\t\t\t<\/div>","protected":false},"excerpt":{"rendered":"<p>Offrez-vous un moment de plaisir et de d\u00e9tente avec un massage \u00e9rotique \u00e0 Lausanne. Nos praticiennes exp\u00e9riment\u00e9es vous proposent des s\u00e9ances sensuelles et personnalis\u00e9es, m\u00ealant relaxation et stimulation des sens. Que vous soyez \u00e0 Lausanne, Renens, Pully, Prilly ou dans les quartiers environnants, vivez une exp\u00e9rience intime et inoubliable. Qu\u2019est-ce qu\u2019un massage \u00e9rotique \u00e0 Lausanne [&hellip;]<\/p>","protected":false},"author":3,"featured_media":0,"parent":0,"menu_order":0,"comment_status":"closed","ping_status":"closed","template":"","meta":{"footnotes":""},"class_list":["post-12865","page","type-page","status-publish","hentry"],"acf":[],"yoast_head":"<!-- This site is optimized with the Yoast SEO plugin v26.0 - https:\/\/yoast.com\/wordpress\/plugins\/seo\/ -->\n<title>Massage \u00e9rotique \u00e0 Lausanne \u2013 Sensualit\u00e9 et d\u00e9tente intense - Meetgirl - Annonces \u00e9rotiques - Escorts, massages et salons<\/title>\n<meta name=\"description\" content=\"D\u00e9couvrez le massage \u00e9rotique \u00e0 Lausanne. D\u00e9tente, plaisir et sensations fortes \u00e0 Lausanne, Renens, Pully et environs.\" \/>\n<meta name=\"robots\" content=\"index, follow, max-snippet:-1, max-image-preview:large, max-video-preview:-1\" \/>\n<link rel=\"canonical\" href=\"https:\/\/meetgirl.ch\/de\/massage-erotique-lausanne-2\/\" \/>\n<meta property=\"og:locale\" content=\"de_DE\" \/>\n<meta property=\"og:type\" content=\"article\" \/>\n<meta property=\"og:title\" content=\"Massage \u00e9rotique \u00e0 Lausanne \u2013 Sensualit\u00e9 et d\u00e9tente intense - Meetgirl - Annonces \u00e9rotiques - Escorts, massages et salons\" \/>\n<meta property=\"og:description\" content=\"D\u00e9couvrez le massage \u00e9rotique \u00e0 Lausanne. D\u00e9tente, plaisir et sensations fortes \u00e0 Lausanne, Renens, Pully et environs.\" \/>\n<meta property=\"og:url\" content=\"https:\/\/meetgirl.ch\/de\/massage-erotique-lausanne-2\/\" \/>\n<meta property=\"og:site_name\" content=\"Meetgirl - Annonces \u00e9rotiques - Escorts, massages et salons\" \/>\n<meta property=\"article:modified_time\" content=\"2025-08-29T11:06:22+00:00\" \/>\n<meta property=\"og:image\" content=\"https:\/\/meetgirl.ch\/wp-content\/uploads\/2025\/03\/meetgirl-yoast.jpg\" \/>\n\t<meta property=\"og:image:width\" content=\"1200\" \/>\n\t<meta property=\"og:image:height\" content=\"675\" \/>\n\t<meta property=\"og:image:type\" content=\"image\/jpeg\" \/>\n<meta name=\"twitter:card\" content=\"summary_large_image\" \/>\n<meta name=\"twitter:label1\" content=\"Gesch\u00e4tzte Lesezeit\" \/>\n\t<meta name=\"twitter:data1\" content=\"3\u00a0Minuten\" \/>\n<script type=\"application\/ld+json\" class=\"yoast-schema-graph\">{\"@context\":\"https:\/\/schema.org\",\"@graph\":[{\"@type\":\"WebPage\",\"@id\":\"https:\/\/meetgirl.ch\/massage-erotique-lausanne-2\/\",\"url\":\"https:\/\/meetgirl.ch\/massage-erotique-lausanne-2\/\",\"name\":\"Massage \u00e9rotique \u00e0 Lausanne \u2013 Sensualit\u00e9 et d\u00e9tente intense - Meetgirl - Annonces \u00e9rotiques - Escorts, massages et salons\",\"isPartOf\":{\"@id\":\"https:\/\/meetgirl.ch\/#website\"},\"datePublished\":\"2025-08-17T14:55:01+00:00\",\"dateModified\":\"2025-08-29T11:06:22+00:00\",\"description\":\"D\u00e9couvrez le massage \u00e9rotique \u00e0 Lausanne. D\u00e9tente, plaisir et sensations fortes \u00e0 Lausanne, Renens, Pully et environs.\",\"breadcrumb\":{\"@id\":\"https:\/\/meetgirl.ch\/massage-erotique-lausanne-2\/#breadcrumb\"},\"inLanguage\":\"de\",\"potentialAction\":[{\"@type\":\"ReadAction\",\"target\":[\"https:\/\/meetgirl.ch\/massage-erotique-lausanne-2\/\"]}]},{\"@type\":\"BreadcrumbList\",\"@id\":\"https:\/\/meetgirl.ch\/massage-erotique-lausanne-2\/#breadcrumb\",\"itemListElement\":[{\"@type\":\"ListItem\",\"position\":1,\"name\":\"Accueil\",\"item\":\"https:\/\/meetgirl.ch\/\"},{\"@type\":\"ListItem\",\"position\":2,\"name\":\"Massage \u00e9rotique \u00e0 Lausanne \u2013 Sensualit\u00e9 et d\u00e9tente intense\"}]},{\"@type\":\"WebSite\",\"@id\":\"https:\/\/meetgirl.ch\/#website\",\"url\":\"https:\/\/meetgirl.ch\/\",\"name\":\"MeetGirl - Annonces \u00e9rotiques Suisse - Escorts, massages et salons\",\"description\":\"Escorts et massages \u00e9rotiques\",\"publisher\":{\"@id\":\"https:\/\/meetgirl.ch\/#organization\"},\"alternateName\":\"Annuaire \u00e9rotique Suisse Escort \u00e0 Gen\u00e8ve, Lausanne, Valais, Neuch\u00e2tel\",\"potentialAction\":[{\"@type\":\"SearchAction\",\"target\":{\"@type\":\"EntryPoint\",\"urlTemplate\":\"https:\/\/meetgirl.ch\/?s={search_term_string}\"},\"query-input\":{\"@type\":\"PropertyValueSpecification\",\"valueRequired\":true,\"valueName\":\"search_term_string\"}}],\"inLanguage\":\"de\"},{\"@type\":\"Organization\",\"@id\":\"https:\/\/meetgirl.ch\/#organization\",\"name\":\"Escort et massage \u00e9rotique\",\"alternateName\":\"Meetgirl escortes et masseuses\",\"url\":\"https:\/\/meetgirl.ch\/\",\"logo\":{\"@type\":\"ImageObject\",\"inLanguage\":\"de\",\"@id\":\"https:\/\/meetgirl.ch\/#\/schema\/logo\/image\/\",\"url\":\"https:\/\/meetgirl.ch\/wp-content\/uploads\/2024\/05\/cropped-meet-logo.png\",\"contentUrl\":\"https:\/\/meetgirl.ch\/wp-content\/uploads\/2024\/05\/cropped-meet-logo.png\",\"width\":512,\"height\":512,\"caption\":\"Escort et massage \u00e9rotique\"},\"image\":{\"@id\":\"https:\/\/meetgirl.ch\/#\/schema\/logo\/image\/\"}}]}<\/script>\n<!-- \/ Yoast SEO plugin. -->","yoast_head_json":{"title":"Erotische Massage in Lausanne - Sinnlichkeit und intensive Entspannung - Meetgirl - Erotische Anzeigen - Escorts, Massagen und Salons","description":"Entdecken Sie die erotische Massage in Lausanne. Entspannung, Vergn\u00fcgen und Nervenkitzel in Lausanne, Renens, Pully und Umgebung.","robots":{"index":"index","follow":"follow","max-snippet":"max-snippet:-1","max-image-preview":"max-image-preview:large","max-video-preview":"max-video-preview:-1"},"canonical":"https:\/\/meetgirl.ch\/de\/massage-erotique-lausanne-2\/","og_locale":"de_DE","og_type":"article","og_title":"Massage \u00e9rotique \u00e0 Lausanne \u2013 Sensualit\u00e9 et d\u00e9tente intense - Meetgirl - Annonces \u00e9rotiques - Escorts, massages et salons","og_description":"D\u00e9couvrez le massage \u00e9rotique \u00e0 Lausanne. D\u00e9tente, plaisir et sensations fortes \u00e0 Lausanne, Renens, Pully et environs.","og_url":"https:\/\/meetgirl.ch\/de\/massage-erotique-lausanne-2\/","og_site_name":"Meetgirl - Annonces \u00e9rotiques - Escorts, massages et salons","article_modified_time":"2025-08-29T11:06:22+00:00","og_image":[{"width":1200,"height":675,"url":"https:\/\/meetgirl.ch\/wp-content\/uploads\/2025\/03\/meetgirl-yoast.jpg","type":"image\/jpeg"}],"twitter_card":"summary_large_image","twitter_misc":{"Gesch\u00e4tzte Lesezeit":"3\u00a0Minuten"},"schema":{"@context":"https:\/\/schema.org","@graph":[{"@type":"WebPage","@id":"https:\/\/meetgirl.ch\/massage-erotique-lausanne-2\/","url":"https:\/\/meetgirl.ch\/massage-erotique-lausanne-2\/","name":"Erotische Massage in Lausanne - Sinnlichkeit und intensive Entspannung - Meetgirl - Erotische Anzeigen - Escorts, Massagen und Salons","isPartOf":{"@id":"https:\/\/meetgirl.ch\/#website"},"datePublished":"2025-08-17T14:55:01+00:00","dateModified":"2025-08-29T11:06:22+00:00","description":"Entdecken Sie die erotische Massage in Lausanne. Entspannung, Vergn\u00fcgen und Nervenkitzel in Lausanne, Renens, Pully und Umgebung.","breadcrumb":{"@id":"https:\/\/meetgirl.ch\/massage-erotique-lausanne-2\/#breadcrumb"},"inLanguage":"de","potentialAction":[{"@type":"ReadAction","target":["https:\/\/meetgirl.ch\/massage-erotique-lausanne-2\/"]}]},{"@type":"BreadcrumbList","@id":"https:\/\/meetgirl.ch\/massage-erotique-lausanne-2\/#breadcrumb","itemListElement":[{"@type":"ListItem","position":1,"name":"Accueil","item":"https:\/\/meetgirl.ch\/"},{"@type":"ListItem","position":2,"name":"Massage \u00e9rotique \u00e0 Lausanne \u2013 Sensualit\u00e9 et d\u00e9tente intense"}]},{"@type":"WebSite","@id":"https:\/\/meetgirl.ch\/#website","url":"https:\/\/meetgirl.ch\/","name":"MeetGirl - Erotikanzeigen Schweiz - Escorts, Massagen und Salons","description":"Escorts und erotische Massagen","publisher":{"@id":"https:\/\/meetgirl.ch\/#organization"},"alternateName":"Annuaire \u00e9rotique Suisse Escort \u00e0 Gen\u00e8ve, Lausanne, Valais, Neuch\u00e2tel","potentialAction":[{"@type":"SearchAction","target":{"@type":"EntryPoint","urlTemplate":"https:\/\/meetgirl.ch\/?s={search_term_string}"},"query-input":{"@type":"PropertyValueSpecification","valueRequired":true,"valueName":"search_term_string"}}],"inLanguage":"de"},{"@type":"Organization","@id":"https:\/\/meetgirl.ch\/#organization","name":"Escort und erotische Massage","alternateName":"Meetgirl escortes et masseuses","url":"https:\/\/meetgirl.ch\/","logo":{"@type":"ImageObject","inLanguage":"de","@id":"https:\/\/meetgirl.ch\/#\/schema\/logo\/image\/","url":"https:\/\/meetgirl.ch\/wp-content\/uploads\/2024\/05\/cropped-meet-logo.png","contentUrl":"https:\/\/meetgirl.ch\/wp-content\/uploads\/2024\/05\/cropped-meet-logo.png","width":512,"height":512,"caption":"Escort et massage \u00e9rotique"},"image":{"@id":"https:\/\/meetgirl.ch\/#\/schema\/logo\/image\/"}}]}},"_links":{"self":[{"href":"https:\/\/meetgirl.ch\/de\/wp-json\/wp\/v2\/pages\/12865","targetHints":{"allow":["GET"]}}],"collection":[{"href":"https:\/\/meetgirl.ch\/de\/wp-json\/wp\/v2\/pages"}],"about":[{"href":"https:\/\/meetgirl.ch\/de\/wp-json\/wp\/v2\/types\/page"}],"author":[{"embeddable":true,"href":"https:\/\/meetgirl.ch\/de\/wp-json\/wp\/v2\/users\/3"}],"replies":[{"embeddable":true,"href":"https:\/\/meetgirl.ch\/de\/wp-json\/wp\/v2\/comments?post=12865"}],"version-history":[{"count":7,"href":"https:\/\/meetgirl.ch\/de\/wp-json\/wp\/v2\/pages\/12865\/revisions"}],"predecessor-version":[{"id":13261,"href":"https:\/\/meetgirl.ch\/de\/wp-json\/wp\/v2\/pages\/12865\/revisions\/13261"}],"wp:attachment":[{"href":"https:\/\/meetgirl.ch\/de\/wp-json\/wp\/v2\/media?parent=12865"}],"curies":[{"name":"wp","href":"https:\/\/api.w.org\/{rel}","templated":true}]}}