{"id":14103,"date":"2025-09-21T11:13:54","date_gmt":"2025-09-21T11:13:54","guid":{"rendered":"https:\/\/meetgirl.ch\/?page_id=14103"},"modified":"2025-09-21T12:14:59","modified_gmt":"2025-09-21T12:14:59","slug":"carouge","status":"publish","type":"page","link":"https:\/\/meetgirl.ch\/de\/escort\/genf\/carouge\/","title":{"rendered":"Escort Carouge Gen\u00e8ve - zertifizierte und gepr\u00fcfte Anzeigen"},"content":{"rendered":"<div data-elementor-type=\"wp-page\" data-elementor-id=\"14103\" class=\"elementor elementor-14103\">\n\t\t\t\t<div class=\"elementor-element elementor-element-d641b6e e-flex e-con-boxed e-con e-parent\" data-id=\"d641b6e\" data-element_type=\"container\" data-settings=\"{&quot;jet_parallax_layout_list&quot;:[]}\">\n\t\t\t\t\t<div class=\"e-con-inner\">\n\t\t\t\t<div class=\"elementor-element elementor-element-4d5d0f7 elementor-widget elementor-widget-text-editor\" data-id=\"4d5d0f7\" data-element_type=\"widget\" data-widget_type=\"text-editor.default\">\n\t\t\t\t<div class=\"elementor-widget-container\">\n\t\t\t\t\t\t\t\t\t<div style=\"color: #ffffff;\"><p><!-- H1 principal --><\/p><h1 style=\"color: #f67675;\">Escort Carouge Gen\u00e8ve - zertifizierte und gepr\u00fcfte Anzeigen<\/h1><p>Die Anzeigen von<strong>escort carouge geneve<\/strong> sind besonders f\u00fcr Besucher interessant, die Diskretion und Originalit\u00e4t suchen. Carouge liegt s\u00fcdlich von Genf und ist bekannt f\u00fcr sein mediterranes Ambiente, seine geselligen Terrassen und seine einzigartige Kunstkulisse. Auf dieser Seite finden Sie alle Anzeigen von<strong>escorts Carouge Genf<\/strong> : Unabh\u00e4ngige, lokale Agenturen und Begleitpersonen, die rund um die Uhr verf\u00fcgbar sind. <strong>Au\u00dferdem<\/strong>Jedes Profil wird regelm\u00e4\u00dfig aktualisiert, um Zuverl\u00e4ssigkeit und Komfort zu gew\u00e4hrleisten.<\/p><p><!-- Sommaire --><\/p><h2 style=\"color: #f67675;\">Inhaltsverzeichnis<\/h2><ul><li><a style=\"color: #f67675;\" href=\"#presentation\">Vorstellung des Stadtteils Carouge<\/a><\/li><li><a style=\"color: #f67675;\" href=\"#quartiers-proches\">Stadtteile in der N\u00e4he von Carouge<\/a><\/li><li><a style=\"color: #f67675;\" href=\"#tarifs\">Preise escort Carouge Genf<\/a><\/li><li><a style=\"color: #f67675;\" href=\"#securite\">Sicherheit und Diskretion<\/a><\/li><li><a style=\"color: #f67675;\" href=\"#faq\">FAQ - Escort Carouge Genf<\/a><\/li><\/ul><p><!-- Section 1 --><\/p><h2 id=\"presentation\" style=\"color: #f67675;\">Vorstellung des Stadtteils Carouge<\/h2><p>Carouge ist ein Stadtteil, der wegen seiner Lebensqualit\u00e4t und seiner freundlichen Atmosph\u00e4re gesch\u00e4tzt wird. <strong>Im Gegensatz dazu<\/strong>Im Gegensatz zum lebhaften Cornavin oder P\u00e2quis bietet Carouge eine eher residentielle und k\u00fcnstlerische Umgebung. Die Anzeigen von<strong>escort Carouge<\/strong> zeichnen sich durch ihre Diskretion und ihre N\u00e4he zu Caf\u00e9s, Restaurants und K\u00fcnstlerateliers aus. <strong>Zum Beispiel<\/strong>Viele Begleiterinnen betonen, dass sie f\u00fcr kulturelle Ausfl\u00fcge oder Abendessen in diesem kreativen Viertel zur Verf\u00fcgung stehen.<\/p><p><!-- Section 2 --><\/p><h2 id=\"quartiers-proches\" style=\"color: #f67675;\">Stadtteile in der N\u00e4he von Carouge<\/h2><p>Von Carouge aus gelangen Sie leicht zu anderen Gegenden in Genf, in denen Escort-Anzeigen geschaltet werden. <strong>Au\u00dferdem<\/strong>Diese Nachbarschaften verst\u00e4rken Ihre M\u00f6glichkeiten, das ideale Profil zu finden:<\/p><ul><li><a style=\"color: #f67675;\" href=\"\/de\/escort\/genf\/plainpalais\/\">Escort Plainpalais Genf<\/a> - Studenten- und Kulturviertel.<\/li><li><a style=\"color: #f67675;\" href=\"\/de\/escort\/genf\/champel\/\">Escort Champel Genf<\/a> - schickes Wohngebiet.<\/li><li><a style=\"color: #f67675;\" href=\"\/de\/escort\/genf\/geneve-ville\/\">Escort Genf Stadt<\/a> - historisches Herz und Institutionen.<\/li><\/ul><p><strong>Also<\/strong>Wenn Sie eine andere Erfahrung suchen, k\u00f6nnen Sie durch die interne Vernetzung zwischen Carouge und seinen Nachbarvierteln schnell zu anderen Profilen gelangen.<\/p><p><!-- Section 3 --><\/p><h2 id=\"tarifs\" style=\"color: #f67675;\">Preise escort Carouge Genf<\/h2><p>Die Preise f\u00fcr Anzeigen in Carouge variieren je nach Erfahrung und Service. Eine <strong>escort carouge geneve<\/strong> unabh\u00e4ngig kann kurzfristige Leistungen bereits ab einigen hundert Schweizer Franken anbieten. <strong>Allerdings<\/strong>In den meisten F\u00e4llen bieten lokale Agenturen hochwertige Dienstleistungen an, die auf eine anspruchsvolle Kundschaft zugeschnitten sind. In jeder Anzeige werden die Verf\u00fcgbarkeit, die gesprochenen Sprachen und die Buchungsbedingungen klar angegeben, sodass eine vollst\u00e4ndige Transparenz gew\u00e4hrleistet ist.<\/p><p><!-- Section 4 --><\/p><h2 id=\"securite\" style=\"color: #f67675;\">Sicherheit und Diskretion<\/h2><p>Wir \u00fcberpr\u00fcfen jede auf dieser Seite ver\u00f6ffentlichte Anzeige, um falsche Profile zu vermeiden. <strong>Aus diesem Grund<\/strong>Wenn Sie sich in einer sicheren Umgebung bewegen. Carouge mit seiner friedlichen Atmosph\u00e4re ist ein idealer Ort, um eine Frau zu treffen. <strong>escort girl Carouge Genf<\/strong> in aller Heimlichkeit. <strong>Zusammenfassend<\/strong>Wenn Sie sich nicht sicher sind, ob Ihr Profil verifiziert ist, sollten Sie sich immer an verifizierte Profile halten und die Datenschutzbestimmungen beachten, um eine sichere Erfahrung zu machen.<\/p><p><!-- Section 5 : FAQ --><\/p><h2 id=\"faq\" style=\"color: #f67675;\">FAQ - Escort Carouge Genf<\/h2><h3 style=\"color: #f67675;\">Wie finde ich eine escort carouge geneve?<\/h3><p>Sie k\u00f6nnen die auf dieser Seite ver\u00f6ffentlichten Anzeigen durchsuchen. Jedes Profil zeigt seine Kontaktinformationen und seine Verf\u00fcgbarkeit.<\/p><h3 style=\"color: #f67675;\">Sind die Anzeigen von Escort Carouge verifiziert?<\/h3><p>Ja. Wir l\u00f6schen regelm\u00e4\u00dfig inaktive Anzeigen, um nur zuverl\u00e4ssige und aktuelle Profile zu erhalten.<\/p><h3 style=\"color: #f67675;\">Sind die Escorts in Carouge rund um die Uhr verf\u00fcgbar?<\/h3><p>Einige Anzeigen geben an, dass sie durchgehend verf\u00fcgbar sind, so dass man auch abends oder am Wochenende buchen kann.<\/p><h3 style=\"color: #f67675;\">Was sind die Nachbarbezirke von Carouge?<\/h3><p>Plainpalais, Champel und Gen\u00e8ve Ville sind von Carouge aus leicht zu erreichen, <strong>folglich<\/strong> Ihre Wahlm\u00f6glichkeiten sind vielf\u00e4ltig und auf Ihre Bed\u00fcrfnisse zugeschnitten.<\/p><p style=\"margin-top: 20px; font-weight: bold; color: #f67675;\">\u27a1 Sehen Sie sich jetzt alle Anzeigen von escort carouge geneve an und finden Sie das Profil, das Ihren Erwartungen entspricht.<\/p><\/div><p><!-- LocalBusiness Schema --><br \/><script type=\"application\/ld+json\">\n{\n  \"@context\": \"https:\/\/schema.org\",\n  \"@type\": \"LocalBusiness\",\n  \"name\": \"Escort Carouge Gen\u00e8ve - Meetgirl\",\n  \"address\": {\n    \"@type\": \"PostalAddress\",\n    \"addressLocality\": \"Gen\u00e8ve - Carouge\",\n    \"addressCountry\": \"CH\"\n  }\n}\n<\/script><\/p>\t\t\t\t\t\t\t\t<\/div>\n\t\t\t\t<\/div>\n\t\t\t\t\t<\/div>\n\t\t\t\t<\/div>\n\t\t<div class=\"elementor-element elementor-element-4710ff7 e-flex e-con-boxed e-con e-parent\" data-id=\"4710ff7\" data-element_type=\"container\" data-settings=\"{&quot;jet_parallax_layout_list&quot;:[]}\">\n\t\t\t\t\t<div class=\"e-con-inner\">\n\t\t<div class=\"elementor-element elementor-element-d84a345 e-con-full e-flex e-con e-child\" data-id=\"d84a345\" data-element_type=\"container\" data-settings=\"{&quot;jet_parallax_layout_list&quot;:[]}\">\n\t\t\t\t<div class=\"elementor-element elementor-element-50d482f elementor-widget elementor-widget-image\" data-id=\"50d482f\" data-element_type=\"widget\" data-widget_type=\"image.default\">\n\t\t\t\t<div class=\"elementor-widget-container\">\n\t\t\t\t\t\t\t\t\t\t\t\t\t\t\t<img decoding=\"async\" width=\"822\" height=\"540\" src=\"https:\/\/meetgirl.ch\/wp-content\/uploads\/2025\/09\/escort-carouge-geneve-marche.png\" class=\"attachment-large size-large wp-image-14106\" alt=\"Escort Carouge Gen\u00e8ve - verf\u00fcgbare Anzeigen quartier Place du March\u00e9\" srcset=\"https:\/\/meetgirl.ch\/wp-content\/uploads\/2025\/09\/escort-carouge-geneve-marche.png 822w, https:\/\/meetgirl.ch\/wp-content\/uploads\/2025\/09\/escort-carouge-geneve-marche-300x197.png 300w, https:\/\/meetgirl.ch\/wp-content\/uploads\/2025\/09\/escort-carouge-geneve-marche-768x505.png 768w, https:\/\/meetgirl.ch\/wp-content\/uploads\/2025\/09\/escort-carouge-geneve-marche-18x12.png 18w, https:\/\/meetgirl.ch\/wp-content\/uploads\/2025\/09\/escort-carouge-geneve-marche-600x394.png 600w\" sizes=\"(max-width: 822px) 100vw, 822px\" \/>\t\t\t\t\t\t\t\t\t\t\t\t\t\t\t<\/div>\n\t\t\t\t<\/div>\n\t\t\t\t<\/div>\n\t\t<div class=\"elementor-element elementor-element-8047aec e-con-full e-flex e-con e-child\" data-id=\"8047aec\" data-element_type=\"container\" data-settings=\"{&quot;jet_parallax_layout_list&quot;:[]}\">\n\t\t\t\t<div class=\"elementor-element elementor-element-a5fc4c4 elementor-widget elementor-widget-image\" data-id=\"a5fc4c4\" data-element_type=\"widget\" data-widget_type=\"image.default\">\n\t\t\t\t<div class=\"elementor-widget-container\">\n\t\t\t\t\t\t\t\t\t\t\t\t\t\t\t<img decoding=\"async\" width=\"822\" height=\"544\" src=\"https:\/\/meetgirl.ch\/wp-content\/uploads\/2025\/09\/escort-carouge-lifestyle.png\" class=\"attachment-large size-large wp-image-14108\" alt=\"Escort girl Genf Carouge - Begleiterin in einer freundlichen Nachbarschaft&quot;\" srcset=\"https:\/\/meetgirl.ch\/wp-content\/uploads\/2025\/09\/escort-carouge-lifestyle.png 822w, https:\/\/meetgirl.ch\/wp-content\/uploads\/2025\/09\/escort-carouge-lifestyle-300x199.png 300w, https:\/\/meetgirl.ch\/wp-content\/uploads\/2025\/09\/escort-carouge-lifestyle-768x508.png 768w, https:\/\/meetgirl.ch\/wp-content\/uploads\/2025\/09\/escort-carouge-lifestyle-18x12.png 18w, https:\/\/meetgirl.ch\/wp-content\/uploads\/2025\/09\/escort-carouge-lifestyle-600x397.png 600w\" sizes=\"(max-width: 822px) 100vw, 822px\" \/>\t\t\t\t\t\t\t\t\t\t\t\t\t\t\t<\/div>\n\t\t\t\t<\/div>\n\t\t\t\t<\/div>\n\t\t<div class=\"elementor-element elementor-element-b342905 e-con-full e-flex e-con e-child\" data-id=\"b342905\" data-element_type=\"container\" data-settings=\"{&quot;jet_parallax_layout_list&quot;:[]}\">\n\t\t\t\t<div class=\"elementor-element elementor-element-e7bc400 elementor-widget elementor-widget-image\" data-id=\"e7bc400\" data-element_type=\"widget\" data-widget_type=\"image.default\">\n\t\t\t\t<div class=\"elementor-widget-container\">\n\t\t\t\t\t\t\t\t\t\t\t\t\t\t\t<img decoding=\"async\" width=\"822\" height=\"540\" src=\"https:\/\/meetgirl.ch\/wp-content\/uploads\/2025\/09\/escort-carouge-quartier.png\" class=\"attachment-large size-large wp-image-14107\" alt=\"Escort Carouge Gen\u00e8ve - belebtes und k\u00fcnstlerisches Viertel in Genf\" srcset=\"https:\/\/meetgirl.ch\/wp-content\/uploads\/2025\/09\/escort-carouge-quartier.png 822w, https:\/\/meetgirl.ch\/wp-content\/uploads\/2025\/09\/escort-carouge-quartier-300x197.png 300w, https:\/\/meetgirl.ch\/wp-content\/uploads\/2025\/09\/escort-carouge-quartier-768x505.png 768w, https:\/\/meetgirl.ch\/wp-content\/uploads\/2025\/09\/escort-carouge-quartier-18x12.png 18w, https:\/\/meetgirl.ch\/wp-content\/uploads\/2025\/09\/escort-carouge-quartier-600x394.png 600w\" sizes=\"(max-width: 822px) 100vw, 822px\" \/>\t\t\t\t\t\t\t\t\t\t\t\t\t\t\t<\/div>\n\t\t\t\t<\/div>\n\t\t\t\t<\/div>\n\t\t\t\t\t<\/div>\n\t\t\t\t<\/div>\n\t\t\t\t<\/div>","protected":false},"excerpt":{"rendered":"<p>Escort Carouge Gen\u00e8ve \u2013 annonces certifi\u00e9es et v\u00e9rifi\u00e9es Les annonces d\u2019escort carouge geneve int\u00e9ressent particuli\u00e8rement les visiteurs recherchant discr\u00e9tion et originalit\u00e9. Situ\u00e9 au sud de Gen\u00e8ve, Carouge est r\u00e9put\u00e9 pour son ambiance m\u00e9diterran\u00e9enne, ses terrasses conviviales et son cadre artistique unique. Sur cette page, vous trouverez toutes les annonces d\u2019escorts Carouge Gen\u00e8ve : ind\u00e9pendantes, agences [&hellip;]<\/p>","protected":false},"author":3,"featured_media":0,"parent":14082,"menu_order":0,"comment_status":"closed","ping_status":"closed","template":"","meta":{"footnotes":""},"class_list":["post-14103","page","type-page","status-publish","hentry"],"acf":[],"yoast_head":"<!-- This site is optimized with the Yoast SEO plugin v26.0 - https:\/\/yoast.com\/wordpress\/plugins\/seo\/ -->\n<title>escort carouge geneve | Escorts Carouge Gen\u00e8ve \u2013 Meetgirl<\/title>\n<meta name=\"description\" content=\"D\u00e9couvrez les annonces d\u2019escort \u00e0 Carouge : ind\u00e9pendantes, agences et escort girls certifi\u00e9es dans ce quartier m\u00e9diterran\u00e9en de Gen\u00e8ve.\" \/>\n<meta name=\"robots\" content=\"index, follow, max-snippet:-1, max-image-preview:large, max-video-preview:-1\" \/>\n<link rel=\"canonical\" href=\"https:\/\/meetgirl.ch\/de\/escort\/genf\/carouge\/\" \/>\n<meta property=\"og:locale\" content=\"de_DE\" \/>\n<meta property=\"og:type\" content=\"article\" \/>\n<meta property=\"og:title\" content=\"escort carouge geneve | Escorts Carouge Gen\u00e8ve \u2013 Meetgirl\" \/>\n<meta property=\"og:description\" content=\"D\u00e9couvrez les annonces d\u2019escort \u00e0 Carouge : ind\u00e9pendantes, agences et escort girls certifi\u00e9es dans ce quartier m\u00e9diterran\u00e9en de Gen\u00e8ve.\" \/>\n<meta property=\"og:url\" content=\"https:\/\/meetgirl.ch\/de\/escort\/genf\/carouge\/\" \/>\n<meta property=\"og:site_name\" content=\"Meetgirl - Annonces \u00e9rotiques - Escorts, massages et salons\" \/>\n<meta property=\"article:modified_time\" content=\"2025-09-21T12:14:59+00:00\" \/>\n<meta property=\"og:image\" content=\"https:\/\/meetgirl.ch\/wp-content\/uploads\/2025\/09\/escort-carouge-geneve-marche.png\" \/>\n\t<meta property=\"og:image:width\" content=\"822\" \/>\n\t<meta property=\"og:image:height\" content=\"540\" \/>\n\t<meta property=\"og:image:type\" content=\"image\/png\" \/>\n<meta name=\"twitter:card\" content=\"summary_large_image\" \/>\n<meta name=\"twitter:label1\" content=\"Gesch\u00e4tzte Lesezeit\" \/>\n\t<meta name=\"twitter:data1\" content=\"4\u00a0Minuten\" \/>\n<script type=\"application\/ld+json\" class=\"yoast-schema-graph\">{\"@context\":\"https:\/\/schema.org\",\"@graph\":[{\"@type\":\"WebPage\",\"@id\":\"https:\/\/meetgirl.ch\/escort\/geneve\/carouge\/\",\"url\":\"https:\/\/meetgirl.ch\/escort\/geneve\/carouge\/\",\"name\":\"escort carouge geneve | Escorts Carouge Gen\u00e8ve \u2013 Meetgirl\",\"isPartOf\":{\"@id\":\"https:\/\/meetgirl.ch\/#website\"},\"primaryImageOfPage\":{\"@id\":\"https:\/\/meetgirl.ch\/escort\/geneve\/carouge\/#primaryimage\"},\"image\":{\"@id\":\"https:\/\/meetgirl.ch\/escort\/geneve\/carouge\/#primaryimage\"},\"thumbnailUrl\":\"https:\/\/meetgirl.ch\/wp-content\/uploads\/2025\/09\/escort-carouge-geneve-marche.png\",\"datePublished\":\"2025-09-21T11:13:54+00:00\",\"dateModified\":\"2025-09-21T12:14:59+00:00\",\"description\":\"D\u00e9couvrez les annonces d\u2019escort \u00e0 Carouge : ind\u00e9pendantes, agences et escort girls certifi\u00e9es dans ce quartier m\u00e9diterran\u00e9en de Gen\u00e8ve.\",\"breadcrumb\":{\"@id\":\"https:\/\/meetgirl.ch\/escort\/geneve\/carouge\/#breadcrumb\"},\"inLanguage\":\"de\",\"potentialAction\":[{\"@type\":\"ReadAction\",\"target\":[\"https:\/\/meetgirl.ch\/escort\/geneve\/carouge\/\"]}]},{\"@type\":\"ImageObject\",\"inLanguage\":\"de\",\"@id\":\"https:\/\/meetgirl.ch\/escort\/geneve\/carouge\/#primaryimage\",\"url\":\"https:\/\/meetgirl.ch\/wp-content\/uploads\/2025\/09\/escort-carouge-geneve-marche.png\",\"contentUrl\":\"https:\/\/meetgirl.ch\/wp-content\/uploads\/2025\/09\/escort-carouge-geneve-marche.png\"},{\"@type\":\"BreadcrumbList\",\"@id\":\"https:\/\/meetgirl.ch\/escort\/geneve\/carouge\/#breadcrumb\",\"itemListElement\":[{\"@type\":\"ListItem\",\"position\":1,\"name\":\"Accueil\",\"item\":\"https:\/\/meetgirl.ch\/\"},{\"@type\":\"ListItem\",\"position\":2,\"name\":\"Escort en Suisse \u2013 annonces certifi\u00e9es et v\u00e9rifi\u00e9es\",\"item\":\"https:\/\/meetgirl.ch\/escort\/\"},{\"@type\":\"ListItem\",\"position\":3,\"name\":\"Escort Gen\u00e8ve \u2013 annonces certifi\u00e9es et v\u00e9rifi\u00e9es\",\"item\":\"https:\/\/meetgirl.ch\/escort\/geneve\/\"},{\"@type\":\"ListItem\",\"position\":4,\"name\":\"Escort Carouge Gen\u00e8ve \u2013 annonces certifi\u00e9es et v\u00e9rifi\u00e9es\"}]},{\"@type\":\"WebSite\",\"@id\":\"https:\/\/meetgirl.ch\/#website\",\"url\":\"https:\/\/meetgirl.ch\/\",\"name\":\"MeetGirl - Annonces \u00e9rotiques Suisse - Escorts, massages et salons\",\"description\":\"Escorts et massages \u00e9rotiques\",\"publisher\":{\"@id\":\"https:\/\/meetgirl.ch\/#organization\"},\"alternateName\":\"Annuaire \u00e9rotique Suisse Escort \u00e0 Gen\u00e8ve, Lausanne, Valais, Neuch\u00e2tel\",\"potentialAction\":[{\"@type\":\"SearchAction\",\"target\":{\"@type\":\"EntryPoint\",\"urlTemplate\":\"https:\/\/meetgirl.ch\/?s={search_term_string}\"},\"query-input\":{\"@type\":\"PropertyValueSpecification\",\"valueRequired\":true,\"valueName\":\"search_term_string\"}}],\"inLanguage\":\"de\"},{\"@type\":\"Organization\",\"@id\":\"https:\/\/meetgirl.ch\/#organization\",\"name\":\"Escort et massage \u00e9rotique\",\"alternateName\":\"Meetgirl escortes et masseuses\",\"url\":\"https:\/\/meetgirl.ch\/\",\"logo\":{\"@type\":\"ImageObject\",\"inLanguage\":\"de\",\"@id\":\"https:\/\/meetgirl.ch\/#\/schema\/logo\/image\/\",\"url\":\"https:\/\/meetgirl.ch\/wp-content\/uploads\/2024\/05\/cropped-meet-logo.png\",\"contentUrl\":\"https:\/\/meetgirl.ch\/wp-content\/uploads\/2024\/05\/cropped-meet-logo.png\",\"width\":512,\"height\":512,\"caption\":\"Escort et massage \u00e9rotique\"},\"image\":{\"@id\":\"https:\/\/meetgirl.ch\/#\/schema\/logo\/image\/\"}}]}<\/script>\n<!-- \/ Yoast SEO plugin. -->","yoast_head_json":{"title":"escort carouge geneve | Escorts Carouge Genf - Meetgirl","description":"Entdecken Sie die Escort-Anzeigen in Carouge: Unabh\u00e4ngige, Agenturen und zertifizierte Escort Girls in diesem mediterranen Stadtteil von Genf.","robots":{"index":"index","follow":"follow","max-snippet":"max-snippet:-1","max-image-preview":"max-image-preview:large","max-video-preview":"max-video-preview:-1"},"canonical":"https:\/\/meetgirl.ch\/de\/escort\/genf\/carouge\/","og_locale":"de_DE","og_type":"article","og_title":"escort carouge geneve | Escorts Carouge Gen\u00e8ve \u2013 Meetgirl","og_description":"D\u00e9couvrez les annonces d\u2019escort \u00e0 Carouge : ind\u00e9pendantes, agences et escort girls certifi\u00e9es dans ce quartier m\u00e9diterran\u00e9en de Gen\u00e8ve.","og_url":"https:\/\/meetgirl.ch\/de\/escort\/genf\/carouge\/","og_site_name":"Meetgirl - Annonces \u00e9rotiques - Escorts, massages et salons","article_modified_time":"2025-09-21T12:14:59+00:00","og_image":[{"width":822,"height":540,"url":"https:\/\/meetgirl.ch\/wp-content\/uploads\/2025\/09\/escort-carouge-geneve-marche.png","type":"image\/png"}],"twitter_card":"summary_large_image","twitter_misc":{"Gesch\u00e4tzte Lesezeit":"4\u00a0Minuten"},"schema":{"@context":"https:\/\/schema.org","@graph":[{"@type":"WebPage","@id":"https:\/\/meetgirl.ch\/escort\/geneve\/carouge\/","url":"https:\/\/meetgirl.ch\/escort\/geneve\/carouge\/","name":"escort carouge geneve | Escorts Carouge Genf - Meetgirl","isPartOf":{"@id":"https:\/\/meetgirl.ch\/#website"},"primaryImageOfPage":{"@id":"https:\/\/meetgirl.ch\/escort\/geneve\/carouge\/#primaryimage"},"image":{"@id":"https:\/\/meetgirl.ch\/escort\/geneve\/carouge\/#primaryimage"},"thumbnailUrl":"https:\/\/meetgirl.ch\/wp-content\/uploads\/2025\/09\/escort-carouge-geneve-marche.png","datePublished":"2025-09-21T11:13:54+00:00","dateModified":"2025-09-21T12:14:59+00:00","description":"Entdecken Sie die Escort-Anzeigen in Carouge: Unabh\u00e4ngige, Agenturen und zertifizierte Escort Girls in diesem mediterranen Stadtteil von Genf.","breadcrumb":{"@id":"https:\/\/meetgirl.ch\/escort\/geneve\/carouge\/#breadcrumb"},"inLanguage":"de","potentialAction":[{"@type":"ReadAction","target":["https:\/\/meetgirl.ch\/escort\/geneve\/carouge\/"]}]},{"@type":"ImageObject","inLanguage":"de","@id":"https:\/\/meetgirl.ch\/escort\/geneve\/carouge\/#primaryimage","url":"https:\/\/meetgirl.ch\/wp-content\/uploads\/2025\/09\/escort-carouge-geneve-marche.png","contentUrl":"https:\/\/meetgirl.ch\/wp-content\/uploads\/2025\/09\/escort-carouge-geneve-marche.png"},{"@type":"BreadcrumbList","@id":"https:\/\/meetgirl.ch\/escort\/geneve\/carouge\/#breadcrumb","itemListElement":[{"@type":"ListItem","position":1,"name":"Accueil","item":"https:\/\/meetgirl.ch\/"},{"@type":"ListItem","position":2,"name":"Escort en Suisse \u2013 annonces certifi\u00e9es et v\u00e9rifi\u00e9es","item":"https:\/\/meetgirl.ch\/escort\/"},{"@type":"ListItem","position":3,"name":"Escort Gen\u00e8ve \u2013 annonces certifi\u00e9es et v\u00e9rifi\u00e9es","item":"https:\/\/meetgirl.ch\/escort\/geneve\/"},{"@type":"ListItem","position":4,"name":"Escort Carouge Gen\u00e8ve \u2013 annonces certifi\u00e9es et v\u00e9rifi\u00e9es"}]},{"@type":"WebSite","@id":"https:\/\/meetgirl.ch\/#website","url":"https:\/\/meetgirl.ch\/","name":"MeetGirl - Erotikanzeigen Schweiz - Escorts, Massagen und Salons","description":"Escorts und erotische Massagen","publisher":{"@id":"https:\/\/meetgirl.ch\/#organization"},"alternateName":"Annuaire \u00e9rotique Suisse Escort \u00e0 Gen\u00e8ve, Lausanne, Valais, Neuch\u00e2tel","potentialAction":[{"@type":"SearchAction","target":{"@type":"EntryPoint","urlTemplate":"https:\/\/meetgirl.ch\/?s={search_term_string}"},"query-input":{"@type":"PropertyValueSpecification","valueRequired":true,"valueName":"search_term_string"}}],"inLanguage":"de"},{"@type":"Organization","@id":"https:\/\/meetgirl.ch\/#organization","name":"Escort und erotische Massage","alternateName":"Meetgirl escortes et masseuses","url":"https:\/\/meetgirl.ch\/","logo":{"@type":"ImageObject","inLanguage":"de","@id":"https:\/\/meetgirl.ch\/#\/schema\/logo\/image\/","url":"https:\/\/meetgirl.ch\/wp-content\/uploads\/2024\/05\/cropped-meet-logo.png","contentUrl":"https:\/\/meetgirl.ch\/wp-content\/uploads\/2024\/05\/cropped-meet-logo.png","width":512,"height":512,"caption":"Escort et massage \u00e9rotique"},"image":{"@id":"https:\/\/meetgirl.ch\/#\/schema\/logo\/image\/"}}]}},"_links":{"self":[{"href":"https:\/\/meetgirl.ch\/de\/wp-json\/wp\/v2\/pages\/14103","targetHints":{"allow":["GET"]}}],"collection":[{"href":"https:\/\/meetgirl.ch\/de\/wp-json\/wp\/v2\/pages"}],"about":[{"href":"https:\/\/meetgirl.ch\/de\/wp-json\/wp\/v2\/types\/page"}],"author":[{"embeddable":true,"href":"https:\/\/meetgirl.ch\/de\/wp-json\/wp\/v2\/users\/3"}],"replies":[{"embeddable":true,"href":"https:\/\/meetgirl.ch\/de\/wp-json\/wp\/v2\/comments?post=14103"}],"version-history":[{"count":14,"href":"https:\/\/meetgirl.ch\/de\/wp-json\/wp\/v2\/pages\/14103\/revisions"}],"predecessor-version":[{"id":14156,"href":"https:\/\/meetgirl.ch\/de\/wp-json\/wp\/v2\/pages\/14103\/revisions\/14156"}],"up":[{"embeddable":true,"href":"https:\/\/meetgirl.ch\/de\/wp-json\/wp\/v2\/pages\/14082"}],"wp:attachment":[{"href":"https:\/\/meetgirl.ch\/de\/wp-json\/wp\/v2\/media?parent=14103"}],"curies":[{"name":"wp","href":"https:\/\/api.w.org\/{rel}","templated":true}]}}