{"id":14294,"date":"2025-09-21T15:14:49","date_gmt":"2025-09-21T15:14:49","guid":{"rendered":"https:\/\/meetgirl.ch\/?page_id=14294"},"modified":"2026-01-21T12:43:09","modified_gmt":"2026-01-21T12:43:09","slug":"freiburg","status":"publish","type":"page","link":"https:\/\/meetgirl.ch\/de\/escort\/freiburg\/","title":{"rendered":"Escort Fribourg \u2013 Annonces certifi\u00e9es et v\u00e9rifi\u00e9es"},"content":{"rendered":"<div data-elementor-type=\"wp-page\" data-elementor-id=\"14294\" class=\"elementor elementor-14294\">\n\t\t\t\t<div class=\"elementor-element elementor-element-5588eae e-flex e-con-boxed e-con e-parent\" data-id=\"5588eae\" data-element_type=\"container\" data-settings=\"{&quot;jet_parallax_layout_list&quot;:[]}\">\n\t\t\t\t\t<div class=\"e-con-inner\">\n\t\t\t\t<div class=\"elementor-element elementor-element-4aaed6f elementor-widget elementor-widget-text-editor\" data-id=\"4aaed6f\" data-element_type=\"widget\" data-widget_type=\"text-editor.default\">\n\t\t\t\t<div class=\"elementor-widget-container\">\n\t\t\t\t\t\t\t\t\t<div style=\"color:#ffffff;\">\n  <h1 style=\"color:#f67675;\">Escort Freiburg - zertifizierte und gepr\u00fcfte Anzeigen<\/h1>\n\n  <h2 style=\"color:#f67675;\">Inhaltsverzeichnis<\/h2>\n  <ul>\n    <li><a href=\"#pourquoi\" style=\"color:#f67675;\">Warum eine Escort in Freiburg w\u00e4hlen<\/a><\/li>\n    <li><a href=\"#quartiers\" style=\"color:#f67675;\">Stadtteile und Orte, die man gesehen haben muss<\/a><\/li>\n    <li><a href=\"#tarifs\" style=\"color:#f67675;\">Preise und Dienstleistungen<\/a><\/li>\n    <li><a href=\"#culture\" style=\"color:#f67675;\">Freiburg: zweisprachige Stadt und Universit\u00e4tsstadt<\/a><\/li>\n    <li><a href=\"#specificites\" style=\"color:#f67675;\">Lokale Besonderheiten<\/a><\/li>\n    <li><a href=\"#faq\" style=\"color:#f67675;\">FAQ Escort Freiburg<\/a><\/li>\n  <\/ul>\n\n  <h2 id=\"pourquoi\" style=\"color:#f67675;\">Warum sollten Sie sich f\u00fcr ein Escort Girl in Freiburg entscheiden?<\/h2>\n  <p>Entscheiden Sie sich f\u00fcr eine <strong>escort in Freiburg<\/strong> erm\u00f6glicht es, von gepr\u00fcften, diskreten und zuverl\u00e4ssigen Anzeigen zu profitieren. In der Tat bietet die Stadt einen idealen Rahmen f\u00fcr raffinierte Verabredungen. Au\u00dferdem zieht Freiburg dank seiner Zweisprachigkeit und seiner Dynamik eine internationale Klientel an.<\/p>\n\n  <h2 id=\"quartiers\" style=\"color:#f67675;\">Stadtteile und Orte, die man gesehen haben muss<\/h2>\n  <p>Das historische Zentrum besticht durch seine mittelalterlichen Gassen und die geselligen Terrassen. Das P\u00e9rolles-Viertel hingegen zieht eine junge und trendige Klientel an. Bourguillon oder die Peripherie garantieren schlie\u00dflich mehr Diskretion. Eine <strong>Luxusbegleitung Freiburg<\/strong> wird sich Ihren W\u00fcnschen anpassen k\u00f6nnen, egal ob es sich um ein schickes Abendessen oder eine private Feier handelt.<\/p>\n  <p>Um Ihre Erfahrungen zu variieren, entdecken Sie auch unsere Seiten <a href=\"https:\/\/meetgirl.ch\/de\/escort\/lausanne\/\" style=\"color:#f67675;\">escort Lausanne<\/a> und <a href=\"https:\/\/meetgirl.ch\/de\/escort\/genf\/\" style=\"color:#f67675;\">escort Genf<\/a>Diese erg\u00e4nzen das regionale Angebot perfekt.<\/p>\n\n  <h2 id=\"tarifs\" style=\"color:#f67675;\">Preise und angebotene Dienstleistungen<\/h2>\n  <p>Im Durchschnitt ist eine Stunde mit einer <strong>zertifizierte Freiburg Escort<\/strong> kostet etwa 300 CHF. F\u00fcr einen kompletten Abend sollten Sie mit 1000 bis 1200 CHF rechnen. Einige VIP- oder personalisierte Dienstleistungen k\u00f6nnen diese Betr\u00e4ge jedoch \u00fcbersteigen. Daher empfiehlt es sich, jede Anzeige direkt zu \u00fcberpr\u00fcfen, um sich \u00fcber die verf\u00fcgbaren Optionen zu informieren.<\/p>\n\n  <h2 id=\"culture\" style=\"color:#f67675;\">Freiburg: zweisprachige Stadt und Universit\u00e4tsstadt<\/h2>\n  <p>Die kosmopolitische Stadt zieht sowohl Berufst\u00e4tige als auch internationale Studierende an. Die <strong>Schweizer Escorts in Freiburg<\/strong> spiegeln diese Vielfalt wider und sprechen oft mehrere Sprachen. So k\u00f6nnen sie sowohl bei einem Gesch\u00e4ftsessen als auch bei einem lokalen Festival begleiten.<\/p>\n\n  <h2 id=\"specificites\" style=\"color:#f67675;\">Lokale Besonderheiten<\/h2>\n  <p>Die mittelalterliche Altstadt, die malerischen Br\u00fccken und die Saane bieten eine einzigartige Kulisse f\u00fcr Ihre Verabredungen. Die Studentenbars im Viertel P\u00e9rolles und die Gourmetrestaurants erh\u00f6hen die Attraktivit\u00e4t der Stadt. Mit einer <strong>escort girl Freiburg<\/strong>Wenn Sie sich f\u00fcr eine bestimmte Zeit entscheiden, werden diese Momente noch unvergesslicher.<\/p>\n\n  <h2 id=\"faq\" style=\"color:#f67675;\">FAQ Escort Freiburg<\/h2>\n  <h3 style=\"color:#f67675;\">Wie bucht man eine Escortdame in Freiburg?<\/h3>\n  <p>Durchsuchen Sie einfach die zertifizierten Anzeigen auf Meetgirl und kontaktieren Sie die gew\u00e4hlte Escort direkt.<\/p>\n\n  <h3 style=\"color:#f67675;\">Welche Stadtteile sind am beliebtesten?<\/h3>\n  <p>Das historische Zentrum, P\u00e9rolles und Bourguillon sind sehr begehrt. Dennoch bevorzugen einige die Randgebiete, um mehr Diskretion zu genie\u00dfen.<\/p>\n\n  <h3 style=\"color:#f67675;\">Welche Geb\u00fchren werden in Freiburg erhoben?<\/h3>\n  <p>In der Regel kostet eine Stunde etwa 300 CHF und ein ganzer Abend zwischen 1000 und 1200 CHF. VIP-Leistungen k\u00f6nnen h\u00f6her sein.<\/p>\n\n  <h3 style=\"color:#f67675;\">Sprechen Escorts mehrere Sprachen?<\/h3>\n  <p>Ja, die Mehrheit der <strong>escort girls Freiburg<\/strong> sind mehrsprachig, was den Austausch mit ausl\u00e4ndischen Kunden erleichtert.<\/p>\n<\/div>\n\n<!-- Schema FAQ -->\n<script type=\"application\/ld+json\">\n{\n  \"@context\": \"https:\/\/schema.org\",\n  \"@type\": \"FAQPage\",\n  \"mainEntity\": [\n    {\n      \"@type\": \"Question\",\n      \"name\": \"Comment r\u00e9server une escort \u00e0 Fribourg ?\",\n      \"acceptedAnswer\": {\n        \"@type\": \"Answer\",\n        \"text\": \"Il suffit de parcourir les annonces certifi\u00e9es sur Meetgirl et de contacter directement l\u2019escort choisie.\"\n      }\n    },\n    {\n      \"@type\": \"Question\",\n      \"name\": \"Quels sont les quartiers les plus populaires ?\",\n      \"acceptedAnswer\": {\n        \"@type\": \"Answer\",\n        \"text\": \"Le centre historique, P\u00e9rolles et Bourguillon sont tr\u00e8s recherch\u00e9s. Certains pr\u00e9f\u00e8rent cependant les zones p\u00e9riph\u00e9riques pour plus de discr\u00e9tion.\"\n      }\n    },\n    {\n      \"@type\": \"Question\",\n      \"name\": \"Quels tarifs sont pratiqu\u00e9s \u00e0 Fribourg ?\",\n      \"acceptedAnswer\": {\n        \"@type\": \"Answer\",\n        \"text\": \"En r\u00e8gle g\u00e9n\u00e9rale, une heure co\u00fbte environ 300 CHF et une soir\u00e9e compl\u00e8te entre 1000 et 1200 CHF. Les prestations VIP peuvent \u00eatre plus \u00e9lev\u00e9es.\"\n      }\n    },\n    {\n      \"@type\": \"Question\",\n      \"name\": \"Les escorts parlent-elles plusieurs langues ?\",\n      \"acceptedAnswer\": {\n        \"@type\": \"Answer\",\n        \"text\": \"Oui, la majorit\u00e9 des escort girls Fribourg sont multilingues, ce qui facilite les \u00e9changes avec les clients \u00e9trangers.\"\n      }\n    }\n  ]\n}\n<\/script>\n\t\t\t\t\t\t\t\t<\/div>\n\t\t\t\t<\/div>\n\t\t\t\t\t<\/div>\n\t\t\t\t<\/div>\n\t\t<div class=\"elementor-element elementor-element-8be1367 e-flex e-con-boxed e-con e-parent\" data-id=\"8be1367\" data-element_type=\"container\" data-settings=\"{&quot;jet_parallax_layout_list&quot;:[]}\">\n\t\t\t\t\t<div class=\"e-con-inner\">\n\t\t<div class=\"elementor-element elementor-element-dcbdb28 e-con-full e-flex e-con e-child\" data-id=\"dcbdb28\" data-element_type=\"container\" data-settings=\"{&quot;jet_parallax_layout_list&quot;:[]}\">\n\t\t\t\t<div class=\"elementor-element elementor-element-71b9ae9 elementor-widget elementor-widget-image\" data-id=\"71b9ae9\" data-element_type=\"widget\" data-widget_type=\"image.default\">\n\t\t\t\t<div class=\"elementor-widget-container\">\n\t\t\t\t\t\t\t\t\t\t\t\t\t\t\t<img decoding=\"async\" width=\"822\" height=\"620\" src=\"https:\/\/meetgirl.ch\/wp-content\/uploads\/2025\/09\/escort-fribourg-hotel.png\" class=\"attachment-large size-large wp-image-14301\" alt=\"Escort Freiburg - diskretes und elegantes Treffen in einem Hotel\" srcset=\"https:\/\/meetgirl.ch\/wp-content\/uploads\/2025\/09\/escort-fribourg-hotel.png 822w, https:\/\/meetgirl.ch\/wp-content\/uploads\/2025\/09\/escort-fribourg-hotel-300x226.png 300w, https:\/\/meetgirl.ch\/wp-content\/uploads\/2025\/09\/escort-fribourg-hotel-768x579.png 768w, https:\/\/meetgirl.ch\/wp-content\/uploads\/2025\/09\/escort-fribourg-hotel-16x12.png 16w, https:\/\/meetgirl.ch\/wp-content\/uploads\/2025\/09\/escort-fribourg-hotel-600x453.png 600w\" sizes=\"(max-width: 822px) 100vw, 822px\" \/>\t\t\t\t\t\t\t\t\t\t\t\t\t\t\t<\/div>\n\t\t\t\t<\/div>\n\t\t\t\t<\/div>\n\t\t<div class=\"elementor-element elementor-element-25b528e e-con-full e-flex e-con e-child\" data-id=\"25b528e\" data-element_type=\"container\" data-settings=\"{&quot;jet_parallax_layout_list&quot;:[]}\">\n\t\t\t\t<\/div>\n\t\t\t\t\t<\/div>\n\t\t\t\t<\/div>\n\t\t\t\t<\/div>","protected":false},"excerpt":{"rendered":"<p>Escort Fribourg \u2013 annonces certifi\u00e9es et v\u00e9rifi\u00e9es Sommaire Pourquoi choisir une escort \u00e0 Fribourg Quartiers et lieux incontournables Tarifs et services Fribourg : ville bilingue et universitaire Sp\u00e9cificit\u00e9s locales FAQ Escort Fribourg Pourquoi choisir une escort girl \u00e0 Fribourg ? Opter pour une escort \u00e0 Fribourg permet de profiter d\u2019annonces v\u00e9rifi\u00e9es, discr\u00e8tes et fiables. En [&hellip;]<\/p>","protected":false},"author":3,"featured_media":0,"parent":14075,"menu_order":0,"comment_status":"closed","ping_status":"closed","template":"","meta":{"footnotes":""},"class_list":["post-14294","page","type-page","status-publish","hentry"],"acf":[],"yoast_head":"<!-- This site is optimized with the Yoast SEO plugin v26.0 - https:\/\/yoast.com\/wordpress\/plugins\/seo\/ -->\n<title>Escort Fribourg \u2013 Annonces certifi\u00e9es | Meetgirl<\/title>\n<meta name=\"description\" content=\"Escort Fribourg : annonces certifi\u00e9es, escort girls de luxe et ind\u00e9pendantes. Discr\u00e9tion, \u00e9l\u00e9gance et exp\u00e9riences sensuelles garanties.\" \/>\n<meta name=\"robots\" content=\"index, follow, max-snippet:-1, max-image-preview:large, max-video-preview:-1\" \/>\n<link rel=\"canonical\" href=\"https:\/\/meetgirl.ch\/de\/escort\/freiburg\/\" \/>\n<meta property=\"og:locale\" content=\"de_DE\" \/>\n<meta property=\"og:type\" content=\"article\" \/>\n<meta property=\"og:title\" content=\"Escort Fribourg \u2013 Annonces certifi\u00e9es | Meetgirl\" \/>\n<meta property=\"og:description\" content=\"Escort Fribourg : annonces certifi\u00e9es, escort girls de luxe et ind\u00e9pendantes. Discr\u00e9tion, \u00e9l\u00e9gance et exp\u00e9riences sensuelles garanties.\" \/>\n<meta property=\"og:url\" content=\"https:\/\/meetgirl.ch\/de\/escort\/freiburg\/\" \/>\n<meta property=\"og:site_name\" content=\"Meetgirl - Annonces \u00e9rotiques - Escorts, massages et salons\" \/>\n<meta property=\"article:modified_time\" content=\"2026-01-21T12:43:09+00:00\" \/>\n<meta property=\"og:image\" content=\"https:\/\/meetgirl.ch\/wp-content\/uploads\/2025\/09\/escort-fribourg-hotel.png\" \/>\n<meta name=\"twitter:card\" content=\"summary_large_image\" \/>\n<meta name=\"twitter:label1\" content=\"Gesch\u00e4tzte Lesezeit\" \/>\n\t<meta name=\"twitter:data1\" content=\"3\u00a0Minuten\" \/>\n<script type=\"application\/ld+json\" class=\"yoast-schema-graph\">{\"@context\":\"https:\/\/schema.org\",\"@graph\":[{\"@type\":\"WebPage\",\"@id\":\"https:\/\/meetgirl.ch\/escort\/fribourg\/\",\"url\":\"https:\/\/meetgirl.ch\/escort\/fribourg\/\",\"name\":\"Escort Fribourg \u2013 Annonces certifi\u00e9es | Meetgirl\",\"isPartOf\":{\"@id\":\"https:\/\/meetgirl.ch\/#website\"},\"primaryImageOfPage\":{\"@id\":\"https:\/\/meetgirl.ch\/escort\/fribourg\/#primaryimage\"},\"image\":{\"@id\":\"https:\/\/meetgirl.ch\/escort\/fribourg\/#primaryimage\"},\"thumbnailUrl\":\"https:\/\/meetgirl.ch\/wp-content\/uploads\/2025\/09\/escort-fribourg-hotel.png\",\"datePublished\":\"2025-09-21T15:14:49+00:00\",\"dateModified\":\"2026-01-21T12:43:09+00:00\",\"description\":\"Escort Fribourg : annonces certifi\u00e9es, escort girls de luxe et ind\u00e9pendantes. Discr\u00e9tion, \u00e9l\u00e9gance et exp\u00e9riences sensuelles garanties.\",\"breadcrumb\":{\"@id\":\"https:\/\/meetgirl.ch\/escort\/fribourg\/#breadcrumb\"},\"inLanguage\":\"de\",\"potentialAction\":[{\"@type\":\"ReadAction\",\"target\":[\"https:\/\/meetgirl.ch\/escort\/fribourg\/\"]}]},{\"@type\":\"ImageObject\",\"inLanguage\":\"de\",\"@id\":\"https:\/\/meetgirl.ch\/escort\/fribourg\/#primaryimage\",\"url\":\"https:\/\/meetgirl.ch\/wp-content\/uploads\/2025\/09\/escort-fribourg-hotel.png\",\"contentUrl\":\"https:\/\/meetgirl.ch\/wp-content\/uploads\/2025\/09\/escort-fribourg-hotel.png\"},{\"@type\":\"BreadcrumbList\",\"@id\":\"https:\/\/meetgirl.ch\/escort\/fribourg\/#breadcrumb\",\"itemListElement\":[{\"@type\":\"ListItem\",\"position\":1,\"name\":\"Accueil\",\"item\":\"https:\/\/meetgirl.ch\/\"},{\"@type\":\"ListItem\",\"position\":2,\"name\":\"Escort en Suisse \u2013 annonces certifi\u00e9es et v\u00e9rifi\u00e9es\",\"item\":\"https:\/\/meetgirl.ch\/escort\/\"},{\"@type\":\"ListItem\",\"position\":3,\"name\":\"Escort Fribourg \u2013 Annonces certifi\u00e9es et v\u00e9rifi\u00e9es\"}]},{\"@type\":\"WebSite\",\"@id\":\"https:\/\/meetgirl.ch\/#website\",\"url\":\"https:\/\/meetgirl.ch\/\",\"name\":\"MeetGirl - Annonces \u00e9rotiques Suisse - Escorts, massages et salons\",\"description\":\"Escorts et massages \u00e9rotiques\",\"publisher\":{\"@id\":\"https:\/\/meetgirl.ch\/#organization\"},\"alternateName\":\"Annuaire \u00e9rotique Suisse Escort \u00e0 Gen\u00e8ve, Lausanne, Valais, Neuch\u00e2tel\",\"potentialAction\":[{\"@type\":\"SearchAction\",\"target\":{\"@type\":\"EntryPoint\",\"urlTemplate\":\"https:\/\/meetgirl.ch\/?s={search_term_string}\"},\"query-input\":{\"@type\":\"PropertyValueSpecification\",\"valueRequired\":true,\"valueName\":\"search_term_string\"}}],\"inLanguage\":\"de\"},{\"@type\":\"Organization\",\"@id\":\"https:\/\/meetgirl.ch\/#organization\",\"name\":\"Escort et massage \u00e9rotique\",\"alternateName\":\"Meetgirl escortes et masseuses\",\"url\":\"https:\/\/meetgirl.ch\/\",\"logo\":{\"@type\":\"ImageObject\",\"inLanguage\":\"de\",\"@id\":\"https:\/\/meetgirl.ch\/#\/schema\/logo\/image\/\",\"url\":\"https:\/\/meetgirl.ch\/wp-content\/uploads\/2024\/05\/cropped-meet-logo.png\",\"contentUrl\":\"https:\/\/meetgirl.ch\/wp-content\/uploads\/2024\/05\/cropped-meet-logo.png\",\"width\":512,\"height\":512,\"caption\":\"Escort et massage \u00e9rotique\"},\"image\":{\"@id\":\"https:\/\/meetgirl.ch\/#\/schema\/logo\/image\/\"}}]}<\/script>\n<!-- \/ Yoast SEO plugin. -->","yoast_head_json":{"title":"Escort Freiburg - Zertifizierte Anzeigen | Meetgirl","description":"Escort Freiburg: zertifizierte Anzeigen, luxuri\u00f6se und unabh\u00e4ngige Escort Girls. Diskretion, Eleganz und sinnliche Erfahrungen garantiert.","robots":{"index":"index","follow":"follow","max-snippet":"max-snippet:-1","max-image-preview":"max-image-preview:large","max-video-preview":"max-video-preview:-1"},"canonical":"https:\/\/meetgirl.ch\/de\/escort\/freiburg\/","og_locale":"de_DE","og_type":"article","og_title":"Escort Fribourg \u2013 Annonces certifi\u00e9es | Meetgirl","og_description":"Escort Fribourg : annonces certifi\u00e9es, escort girls de luxe et ind\u00e9pendantes. Discr\u00e9tion, \u00e9l\u00e9gance et exp\u00e9riences sensuelles garanties.","og_url":"https:\/\/meetgirl.ch\/de\/escort\/freiburg\/","og_site_name":"Meetgirl - Annonces \u00e9rotiques - Escorts, massages et salons","article_modified_time":"2026-01-21T12:43:09+00:00","og_image":[{"url":"https:\/\/meetgirl.ch\/wp-content\/uploads\/2025\/09\/escort-fribourg-hotel.png","type":"","width":"","height":""}],"twitter_card":"summary_large_image","twitter_misc":{"Gesch\u00e4tzte Lesezeit":"3\u00a0Minuten"},"schema":{"@context":"https:\/\/schema.org","@graph":[{"@type":"WebPage","@id":"https:\/\/meetgirl.ch\/escort\/fribourg\/","url":"https:\/\/meetgirl.ch\/escort\/fribourg\/","name":"Escort Freiburg - Zertifizierte Anzeigen | Meetgirl","isPartOf":{"@id":"https:\/\/meetgirl.ch\/#website"},"primaryImageOfPage":{"@id":"https:\/\/meetgirl.ch\/escort\/fribourg\/#primaryimage"},"image":{"@id":"https:\/\/meetgirl.ch\/escort\/fribourg\/#primaryimage"},"thumbnailUrl":"https:\/\/meetgirl.ch\/wp-content\/uploads\/2025\/09\/escort-fribourg-hotel.png","datePublished":"2025-09-21T15:14:49+00:00","dateModified":"2026-01-21T12:43:09+00:00","description":"Escort Freiburg: zertifizierte Anzeigen, luxuri\u00f6se und unabh\u00e4ngige Escort Girls. Diskretion, Eleganz und sinnliche Erfahrungen garantiert.","breadcrumb":{"@id":"https:\/\/meetgirl.ch\/escort\/fribourg\/#breadcrumb"},"inLanguage":"de","potentialAction":[{"@type":"ReadAction","target":["https:\/\/meetgirl.ch\/escort\/fribourg\/"]}]},{"@type":"ImageObject","inLanguage":"de","@id":"https:\/\/meetgirl.ch\/escort\/fribourg\/#primaryimage","url":"https:\/\/meetgirl.ch\/wp-content\/uploads\/2025\/09\/escort-fribourg-hotel.png","contentUrl":"https:\/\/meetgirl.ch\/wp-content\/uploads\/2025\/09\/escort-fribourg-hotel.png"},{"@type":"BreadcrumbList","@id":"https:\/\/meetgirl.ch\/escort\/fribourg\/#breadcrumb","itemListElement":[{"@type":"ListItem","position":1,"name":"Accueil","item":"https:\/\/meetgirl.ch\/"},{"@type":"ListItem","position":2,"name":"Escort en Suisse \u2013 annonces certifi\u00e9es et v\u00e9rifi\u00e9es","item":"https:\/\/meetgirl.ch\/escort\/"},{"@type":"ListItem","position":3,"name":"Escort Fribourg \u2013 Annonces certifi\u00e9es et v\u00e9rifi\u00e9es"}]},{"@type":"WebSite","@id":"https:\/\/meetgirl.ch\/#website","url":"https:\/\/meetgirl.ch\/","name":"MeetGirl - Erotikanzeigen Schweiz - Escorts, Massagen und Salons","description":"Escorts und erotische Massagen","publisher":{"@id":"https:\/\/meetgirl.ch\/#organization"},"alternateName":"Annuaire \u00e9rotique Suisse Escort \u00e0 Gen\u00e8ve, Lausanne, Valais, Neuch\u00e2tel","potentialAction":[{"@type":"SearchAction","target":{"@type":"EntryPoint","urlTemplate":"https:\/\/meetgirl.ch\/?s={search_term_string}"},"query-input":{"@type":"PropertyValueSpecification","valueRequired":true,"valueName":"search_term_string"}}],"inLanguage":"de"},{"@type":"Organization","@id":"https:\/\/meetgirl.ch\/#organization","name":"Escort und erotische Massage","alternateName":"Meetgirl escortes et masseuses","url":"https:\/\/meetgirl.ch\/","logo":{"@type":"ImageObject","inLanguage":"de","@id":"https:\/\/meetgirl.ch\/#\/schema\/logo\/image\/","url":"https:\/\/meetgirl.ch\/wp-content\/uploads\/2024\/05\/cropped-meet-logo.png","contentUrl":"https:\/\/meetgirl.ch\/wp-content\/uploads\/2024\/05\/cropped-meet-logo.png","width":512,"height":512,"caption":"Escort et massage \u00e9rotique"},"image":{"@id":"https:\/\/meetgirl.ch\/#\/schema\/logo\/image\/"}}]}},"_links":{"self":[{"href":"https:\/\/meetgirl.ch\/de\/wp-json\/wp\/v2\/pages\/14294","targetHints":{"allow":["GET"]}}],"collection":[{"href":"https:\/\/meetgirl.ch\/de\/wp-json\/wp\/v2\/pages"}],"about":[{"href":"https:\/\/meetgirl.ch\/de\/wp-json\/wp\/v2\/types\/page"}],"author":[{"embeddable":true,"href":"https:\/\/meetgirl.ch\/de\/wp-json\/wp\/v2\/users\/3"}],"replies":[{"embeddable":true,"href":"https:\/\/meetgirl.ch\/de\/wp-json\/wp\/v2\/comments?post=14294"}],"version-history":[{"count":13,"href":"https:\/\/meetgirl.ch\/de\/wp-json\/wp\/v2\/pages\/14294\/revisions"}],"predecessor-version":[{"id":14311,"href":"https:\/\/meetgirl.ch\/de\/wp-json\/wp\/v2\/pages\/14294\/revisions\/14311"}],"up":[{"embeddable":true,"href":"https:\/\/meetgirl.ch\/de\/wp-json\/wp\/v2\/pages\/14075"}],"wp:attachment":[{"href":"https:\/\/meetgirl.ch\/de\/wp-json\/wp\/v2\/media?parent=14294"}],"curies":[{"name":"wp","href":"https:\/\/api.w.org\/{rel}","templated":true}]}}