{"id":14312,"date":"2025-09-21T15:41:09","date_gmt":"2025-09-21T15:41:09","guid":{"rendered":"https:\/\/meetgirl.ch\/?page_id=14312"},"modified":"2025-09-21T15:44:25","modified_gmt":"2025-09-21T15:44:25","slug":"bern","status":"publish","type":"page","link":"https:\/\/meetgirl.ch\/de\/escort\/bern\/","title":{"rendered":"Escort Bern - zertifizierte und gepr\u00fcfte Anzeigen"},"content":{"rendered":"<div data-elementor-type=\"wp-page\" data-elementor-id=\"14312\" class=\"elementor elementor-14312\">\n\t\t\t\t<div class=\"elementor-element elementor-element-1f8e035 e-flex e-con-boxed e-con e-parent\" data-id=\"1f8e035\" data-element_type=\"container\" data-settings=\"{&quot;jet_parallax_layout_list&quot;:[]}\">\n\t\t\t\t\t<div class=\"e-con-inner\">\n\t\t\t\t<div class=\"elementor-element elementor-element-9605969 elementor-widget elementor-widget-text-editor\" data-id=\"9605969\" data-element_type=\"widget\" data-widget_type=\"text-editor.default\">\n\t\t\t\t<div class=\"elementor-widget-container\">\n\t\t\t\t\t\t\t\t\t<div style=\"color:#ffffff;\">\n  <h1 style=\"color:#f67675;\">Escort Bern - zertifizierte und gepr\u00fcfte Anzeigen<\/h1>\n\n  <h2 style=\"color:#f67675;\">Inhaltsverzeichnis<\/h2>\n  <ul>\n    <li><a href=\"#pourquoi\" style=\"color:#f67675;\">Warum Sie eine Escortdame in Bern w\u00e4hlen sollten<\/a><\/li>\n    <li><a href=\"#quartiers\" style=\"color:#f67675;\">Stadtteile und Orte, die man gesehen haben muss<\/a><\/li>\n    <li><a href=\"#tarifs\" style=\"color:#f67675;\">Preise und Dienstleistungen<\/a><\/li>\n    <li><a href=\"#culture\" style=\"color:#f67675;\">Bern, Schweizer Hauptstadt und historische Stadt<\/a><\/li>\n    <li><a href=\"#evenements\" style=\"color:#f67675;\">Veranstaltungen und Kultur in Bern<\/a><\/li>\n    <li><a href=\"#specificites\" style=\"color:#f67675;\">Lokale Besonderheiten<\/a><\/li>\n    <li><a href=\"#faq\" style=\"color:#f67675;\">FAQ Escort Bern<\/a><\/li>\n  <\/ul>\n\n  <h2 id=\"pourquoi\" style=\"color:#f67675;\">Warum sollten Sie eine Escortdame in Bern w\u00e4hlen?<\/h2>\n  <p>Die Schweizer Hauptstadt zieht Diplomaten, Touristen und viele Gesch\u00e4ftsreisende an. Die <strong>escort girls Bern<\/strong> bieten eine raffinierte und diskrete Begleitung an, die auf eine anspruchsvolle Kundschaft zugeschnitten ist. Ob Sie auf einem Kongress, einer Gesch\u00e4ftsreise oder einfach nur zu Besuch sind, die Wahl einer zertifizierten Escortdame garantiert Ihnen Komfort und Vertraulichkeit.<\/p>\n\n  <h2 id=\"quartiers\" style=\"color:#f67675;\">Stadtteile und Orte, die man gesehen haben muss<\/h2>\n  <p>Das historische Zentrum, das zum UNESCO-Weltkulturerbe geh\u00f6rt, eignet sich perfekt f\u00fcr ein elegantes Abendessen. Kirchenfeld ist f\u00fcr seine Luxushotels und Museen bekannt, w\u00e4hrend die L\u00e4nggasse mit ihren gem\u00fctlichen Bars besticht. Die Umgebung, wie K\u00f6niz oder Muri, garantiert mehr Diskretion. Eine <strong>Luxusbegleitung Bern<\/strong> wird sich Ihren W\u00fcnschen anpassen k\u00f6nnen, egal ob es sich um ein schickes Abendessen oder einen intimen Abend handelt.<\/p>\n  <p>Um noch weiter zu gehen, k\u00f6nnen Sie <a href=\"https:\/\/meetgirl.ch\/de\/erotische-anzeigen-bern\/\" style=\"color:#f67675;\">entdecke escorts in Bern und Umgebung<\/a> dank unserer verifizierten Anzeigen.<\/p>\n\n  <h2 id=\"tarifs\" style=\"color:#f67675;\">Preise und angebotene Dienstleistungen<\/h2>\n  <p>In der Regel ist eine Stunde mit einer <strong>escort Bern<\/strong> kostet zwischen 300 und 400 CHF. Ein kompletter Abend liegt zwischen 1000 und 1500 CHF. Einige VIP-Dienste, wie ein verl\u00e4ngertes Wochenende oder die Begleitung auf einer Reise, k\u00f6nnen 2000 CHF \u00fcbersteigen. In den Anzeigen wird immer angegeben, welche Leistungen verf\u00fcgbar sind, ob es sich um erotische Massagen, Rollenspiele oder einfach nur um eine elegante Begleitung handelt.<\/p>\n\n  <h2 id=\"culture\" style=\"color:#f67675;\">Bern, Schweizer Hauptstadt und historische Stadt<\/h2>\n  <p>Die Hauptstadt der Eidgenossenschaft besticht durch ihre institutionelle Rolle und ihren kulturellen Reichtum. Eine <strong>escort girl Bern<\/strong> kann Sie zu einem Konzert im Kultur Casino, zu einem Besuch des Bundeshauses oder zu einem Gourmet-Dinner begleiten. Dank ihrer Mehrsprachigkeit k\u00f6nnen sich diese professionellen Mitarbeiterinnen auf jedes Kundenprofil einstellen, egal ob aus der Schweiz oder aus dem Ausland.<\/p>\n\n  <h2 id=\"evenements\" style=\"color:#f67675;\">Veranstaltungen und Kultur in Bern<\/h2>\n  <p>Die Stadt beherbergt einzigartige Termine wie das <strong>Zibelem\u00e4rit<\/strong> (Zwiebelmarkt), am <strong>Gurtenfestival<\/strong> oder auch Konzerte im Stade de Suisse. Diese Veranstaltungen ziehen eine vielf\u00e4ltige Kundschaft an, von Einheimischen bis hin zu internationalen Besuchern. Eine <strong>Luxusbegleitung Bern<\/strong> kann Sie bei diesen Gelegenheiten f\u00fcr elegante und diskrete Momente begleiten.<\/p>\n\n  <h2 id=\"specificites\" style=\"color:#f67675;\">Lokale Besonderheiten<\/h2>\n  <p>Abgesehen von seiner politischen Rolle bietet Bern eine entspannte Atmosph\u00e4re am Ufer der Aare und zahlreiche Festivals. Mit einer <strong>Schweizer Escort in Bern<\/strong>In diesem Buch wird jedes Treffen zu einer Entdeckung, die Intimit\u00e4t und Eleganz miteinander verbindet.<\/p>\n\n  <h2 id=\"faq\" style=\"color:#f67675;\">FAQ Escort Bern<\/h2>\n\n  <h3 style=\"color:#f67675;\">Wie bucht man eine Escortdame in Bern?<\/h3>\n  <p>Durchsuchen Sie die zertifizierten Anzeigen auf Meetgirl und nehmen Sie direkt Kontakt mit der Escortdame Ihrer Wahl auf.<\/p>\n\n  <h3 style=\"color:#f67675;\">Welche Stadtteile sind am beliebtesten?<\/h3>\n  <p>Das historische Zentrum, Kirchenfeld und die L\u00e4nggasse sind sehr gefragt. Einige ziehen Randgebiete wie K\u00f6niz vor, um mehr Diskretion zu genie\u00dfen.<\/p>\n\n  <h3 style=\"color:#f67675;\">Wie hoch sind die durchschnittlichen Geb\u00fchren in Bern?<\/h3>\n  <p>Die Preise beginnen bei 300 CHF pro Stunde und erreichen 1000 bis 1500 CHF f\u00fcr einen Abend. VIP-Leistungen \u00fcbersteigen diese Betr\u00e4ge manchmal.<\/p>\n\n  <h3 style=\"color:#f67675;\">Sprechen die Escorts in Bern mehrere Sprachen?<\/h3>\n  <p>Ja, die Mehrheit der <strong>escort girls Bern<\/strong> sprechen mindestens zwei Sprachen, was den Austausch mit internationalen Kunden erleichtert.<\/p>\n<\/div>\n\n<!-- Schema LocalBusiness -->\n<script type=\"application\/ld+json\">\n{\n  \"@context\": \"https:\/\/schema.org\",\n  \"@type\": \"LocalBusiness\",\n  \"name\": \"Escort Berne - Meetgirl\",\n  \"address\": {\n    \"@type\": \"PostalAddress\",\n    \"addressLocality\": \"Berne\",\n    \"addressRegion\": \"Berne\",\n    \"addressCountry\": \"CH\"\n  },\n  \"areaServed\": \"Berne\"\n}\n<\/script>\n\n<!-- Schema FAQ -->\n<script type=\"application\/ld+json\">\n{\n  \"@context\": \"https:\/\/schema.org\",\n  \"@type\": \"FAQPage\",\n  \"mainEntity\": [\n    {\n      \"@type\": \"Question\",\n      \"name\": \"Comment r\u00e9server une escort \u00e0 Berne ?\",\n      \"acceptedAnswer\": {\n        \"@type\": \"Answer\",\n        \"text\": \"Parcourez les annonces certifi\u00e9es sur Meetgirl et contactez directement l\u2019escort de votre choix.\"\n      }\n    },\n    {\n      \"@type\": \"Question\",\n      \"name\": \"Quels sont les quartiers les plus populaires ?\",\n      \"acceptedAnswer\": {\n        \"@type\": \"Answer\",\n        \"text\": \"Le centre historique, Kirchenfeld et L\u00e4nggasse sont tr\u00e8s demand\u00e9s. Certains pr\u00e9f\u00e8rent des zones p\u00e9riph\u00e9riques comme K\u00f6niz pour plus de discr\u00e9tion.\"\n      }\n    },\n    {\n      \"@type\": \"Question\",\n      \"name\": \"Quels sont les tarifs moyens \u00e0 Berne ?\",\n      \"acceptedAnswer\": {\n        \"@type\": \"Answer\",\n        \"text\": \"Les tarifs d\u00e9butent \u00e0 300 CHF l\u2019heure et atteignent 1000 \u00e0 1500 CHF pour une soir\u00e9e. Les prestations VIP d\u00e9passent parfois ces montants.\"\n      }\n    },\n    {\n      \"@type\": \"Question\",\n      \"name\": \"Les escorts de Berne parlent-elles plusieurs langues ?\",\n      \"acceptedAnswer\": {\n        \"@type\": \"Answer\",\n        \"text\": \"Oui, la majorit\u00e9 des escort girls Berne parlent au moins deux langues, ce qui facilite les \u00e9changes avec des clients internationaux.\"\n      }\n    }\n  ]\n}\n<\/script>\n\t\t\t\t\t\t\t\t<\/div>\n\t\t\t\t<\/div>\n\t\t\t\t\t<\/div>\n\t\t\t\t<\/div>\n\t\t<div class=\"elementor-element elementor-element-73626da e-flex e-con-boxed e-con e-parent\" data-id=\"73626da\" data-element_type=\"container\" data-settings=\"{&quot;jet_parallax_layout_list&quot;:[]}\">\n\t\t\t\t\t<div class=\"e-con-inner\">\n\t\t<div class=\"elementor-element elementor-element-5b05821 e-con-full e-flex e-con e-child\" data-id=\"5b05821\" data-element_type=\"container\" data-settings=\"{&quot;jet_parallax_layout_list&quot;:[]}\">\n\t\t\t\t<div class=\"elementor-element elementor-element-b98cad9 elementor-widget elementor-widget-image\" data-id=\"b98cad9\" data-element_type=\"widget\" data-widget_type=\"image.default\">\n\t\t\t\t<div class=\"elementor-widget-container\">\n\t\t\t\t\t\t\t\t\t\t\t\t\t\t\t<img decoding=\"async\" width=\"818\" height=\"548\" src=\"https:\/\/meetgirl.ch\/wp-content\/uploads\/2025\/09\/escort-girl-berne-palais-federal.png\" class=\"attachment-large size-large wp-image-14316\" alt=\"Escort girl Bern de luxe in der N\u00e4he des Bundeshauses\" srcset=\"https:\/\/meetgirl.ch\/wp-content\/uploads\/2025\/09\/escort-girl-berne-palais-federal.png 818w, https:\/\/meetgirl.ch\/wp-content\/uploads\/2025\/09\/escort-girl-berne-palais-federal-300x201.png 300w, https:\/\/meetgirl.ch\/wp-content\/uploads\/2025\/09\/escort-girl-berne-palais-federal-768x515.png 768w, https:\/\/meetgirl.ch\/wp-content\/uploads\/2025\/09\/escort-girl-berne-palais-federal-18x12.png 18w, https:\/\/meetgirl.ch\/wp-content\/uploads\/2025\/09\/escort-girl-berne-palais-federal-600x402.png 600w\" sizes=\"(max-width: 818px) 100vw, 818px\" \/>\t\t\t\t\t\t\t\t\t\t\t\t\t\t\t<\/div>\n\t\t\t\t<\/div>\n\t\t\t\t<\/div>\n\t\t<div class=\"elementor-element elementor-element-a514812 e-con-full e-flex e-con e-child\" data-id=\"a514812\" data-element_type=\"container\" data-settings=\"{&quot;jet_parallax_layout_list&quot;:[]}\">\n\t\t\t\t<div class=\"elementor-element elementor-element-c73c696 elementor-widget elementor-widget-image\" data-id=\"c73c696\" data-element_type=\"widget\" data-widget_type=\"image.default\">\n\t\t\t\t<div class=\"elementor-widget-container\">\n\t\t\t\t\t\t\t\t\t\t\t\t\t\t\t<img decoding=\"async\" width=\"816\" height=\"540\" src=\"https:\/\/meetgirl.ch\/wp-content\/uploads\/2025\/09\/rencontre-escort-berne-aar.png\" class=\"attachment-large size-large wp-image-14317\" alt=\"Treffen escort Bern am Ufer der Aare\" srcset=\"https:\/\/meetgirl.ch\/wp-content\/uploads\/2025\/09\/rencontre-escort-berne-aar.png 816w, https:\/\/meetgirl.ch\/wp-content\/uploads\/2025\/09\/rencontre-escort-berne-aar-300x199.png 300w, https:\/\/meetgirl.ch\/wp-content\/uploads\/2025\/09\/rencontre-escort-berne-aar-768x508.png 768w, https:\/\/meetgirl.ch\/wp-content\/uploads\/2025\/09\/rencontre-escort-berne-aar-18x12.png 18w, https:\/\/meetgirl.ch\/wp-content\/uploads\/2025\/09\/rencontre-escort-berne-aar-600x397.png 600w\" sizes=\"(max-width: 816px) 100vw, 816px\" \/>\t\t\t\t\t\t\t\t\t\t\t\t\t\t\t<\/div>\n\t\t\t\t<\/div>\n\t\t\t\t<\/div>\n\t\t<div class=\"elementor-element elementor-element-70ee50b e-con-full e-flex e-con e-child\" data-id=\"70ee50b\" data-element_type=\"container\" data-settings=\"{&quot;jet_parallax_layout_list&quot;:[]}\">\n\t\t\t\t<div class=\"elementor-element elementor-element-7e7c0dc elementor-widget elementor-widget-image\" data-id=\"7e7c0dc\" data-element_type=\"widget\" data-widget_type=\"image.default\">\n\t\t\t\t<div class=\"elementor-widget-container\">\n\t\t\t\t\t\t\t\t\t\t\t\t\t\t\t<img decoding=\"async\" width=\"822\" height=\"614\" src=\"https:\/\/meetgirl.ch\/wp-content\/uploads\/2025\/09\/escort-berne-centre-historique.png\" class=\"attachment-large size-large wp-image-14314\" alt=\"Escort Bern elegant im historischen Zentrum\" srcset=\"https:\/\/meetgirl.ch\/wp-content\/uploads\/2025\/09\/escort-berne-centre-historique.png 822w, https:\/\/meetgirl.ch\/wp-content\/uploads\/2025\/09\/escort-berne-centre-historique-300x224.png 300w, https:\/\/meetgirl.ch\/wp-content\/uploads\/2025\/09\/escort-berne-centre-historique-768x574.png 768w, https:\/\/meetgirl.ch\/wp-content\/uploads\/2025\/09\/escort-berne-centre-historique-16x12.png 16w, https:\/\/meetgirl.ch\/wp-content\/uploads\/2025\/09\/escort-berne-centre-historique-600x448.png 600w\" sizes=\"(max-width: 822px) 100vw, 822px\" \/>\t\t\t\t\t\t\t\t\t\t\t\t\t\t\t<\/div>\n\t\t\t\t<\/div>\n\t\t\t\t<\/div>\n\t\t\t\t\t<\/div>\n\t\t\t\t<\/div>\n\t\t\t\t<\/div>","protected":false},"excerpt":{"rendered":"<p>Escort Berne \u2013 annonces certifi\u00e9es et v\u00e9rifi\u00e9es Sommaire Pourquoi choisir une escort \u00e0 Berne Quartiers et lieux incontournables Tarifs et services Berne, capitale suisse et ville historique \u00c9v\u00e9nements et culture \u00e0 Berne Sp\u00e9cificit\u00e9s locales FAQ Escort Berne Pourquoi choisir une escort \u00e0 Berne ? La capitale suisse attire des diplomates, des touristes et de nombreux [&hellip;]<\/p>","protected":false},"author":3,"featured_media":0,"parent":14075,"menu_order":0,"comment_status":"closed","ping_status":"closed","template":"","meta":{"footnotes":""},"class_list":["post-14312","page","type-page","status-publish","hentry"],"acf":[],"yoast_head":"<!-- This site is optimized with the Yoast SEO plugin v26.0 - https:\/\/yoast.com\/wordpress\/plugins\/seo\/ -->\n<title>Escort Berne \u2013 annonces certifi\u00e9es et v\u00e9rifi\u00e9es<\/title>\n<meta name=\"description\" content=\"D\u00e9couvrez les escort Berne certifi\u00e9es : discr\u00e8tes, \u00e9l\u00e9gantes et disponibles 24h\/24. Rencontres raffin\u00e9es dans la capitale suisse.\" \/>\n<meta name=\"robots\" content=\"index, follow, max-snippet:-1, max-image-preview:large, max-video-preview:-1\" \/>\n<link rel=\"canonical\" href=\"https:\/\/meetgirl.ch\/de\/escort\/bern\/\" \/>\n<meta property=\"og:locale\" content=\"de_DE\" \/>\n<meta property=\"og:type\" content=\"article\" \/>\n<meta property=\"og:title\" content=\"Escort Berne \u2013 annonces certifi\u00e9es et v\u00e9rifi\u00e9es\" \/>\n<meta property=\"og:description\" content=\"D\u00e9couvrez les escort Berne certifi\u00e9es : discr\u00e8tes, \u00e9l\u00e9gantes et disponibles 24h\/24. Rencontres raffin\u00e9es dans la capitale suisse.\" \/>\n<meta property=\"og:url\" content=\"https:\/\/meetgirl.ch\/de\/escort\/bern\/\" \/>\n<meta property=\"og:site_name\" content=\"Meetgirl - Annonces \u00e9rotiques - Escorts, massages et salons\" \/>\n<meta property=\"article:modified_time\" content=\"2025-09-21T15:44:25+00:00\" \/>\n<meta property=\"og:image\" content=\"https:\/\/meetgirl.ch\/wp-content\/uploads\/2025\/09\/escort-girl-berne-palais-federal.png\" \/>\n\t<meta property=\"og:image:width\" content=\"818\" \/>\n\t<meta property=\"og:image:height\" content=\"548\" \/>\n\t<meta property=\"og:image:type\" content=\"image\/png\" \/>\n<meta name=\"twitter:card\" content=\"summary_large_image\" \/>\n<meta name=\"twitter:label1\" content=\"Gesch\u00e4tzte Lesezeit\" \/>\n\t<meta name=\"twitter:data1\" content=\"4\u00a0Minuten\" \/>\n<script type=\"application\/ld+json\" class=\"yoast-schema-graph\">{\"@context\":\"https:\/\/schema.org\",\"@graph\":[{\"@type\":\"WebPage\",\"@id\":\"https:\/\/meetgirl.ch\/escort\/berne\/\",\"url\":\"https:\/\/meetgirl.ch\/escort\/berne\/\",\"name\":\"Escort Berne \u2013 annonces certifi\u00e9es et v\u00e9rifi\u00e9es\",\"isPartOf\":{\"@id\":\"https:\/\/meetgirl.ch\/#website\"},\"primaryImageOfPage\":{\"@id\":\"https:\/\/meetgirl.ch\/escort\/berne\/#primaryimage\"},\"image\":{\"@id\":\"https:\/\/meetgirl.ch\/escort\/berne\/#primaryimage\"},\"thumbnailUrl\":\"https:\/\/meetgirl.ch\/wp-content\/uploads\/2025\/09\/escort-girl-berne-palais-federal.png\",\"datePublished\":\"2025-09-21T15:41:09+00:00\",\"dateModified\":\"2025-09-21T15:44:25+00:00\",\"description\":\"D\u00e9couvrez les escort Berne certifi\u00e9es : discr\u00e8tes, \u00e9l\u00e9gantes et disponibles 24h\/24. Rencontres raffin\u00e9es dans la capitale suisse.\",\"breadcrumb\":{\"@id\":\"https:\/\/meetgirl.ch\/escort\/berne\/#breadcrumb\"},\"inLanguage\":\"de\",\"potentialAction\":[{\"@type\":\"ReadAction\",\"target\":[\"https:\/\/meetgirl.ch\/escort\/berne\/\"]}]},{\"@type\":\"ImageObject\",\"inLanguage\":\"de\",\"@id\":\"https:\/\/meetgirl.ch\/escort\/berne\/#primaryimage\",\"url\":\"https:\/\/meetgirl.ch\/wp-content\/uploads\/2025\/09\/escort-girl-berne-palais-federal.png\",\"contentUrl\":\"https:\/\/meetgirl.ch\/wp-content\/uploads\/2025\/09\/escort-girl-berne-palais-federal.png\"},{\"@type\":\"BreadcrumbList\",\"@id\":\"https:\/\/meetgirl.ch\/escort\/berne\/#breadcrumb\",\"itemListElement\":[{\"@type\":\"ListItem\",\"position\":1,\"name\":\"Accueil\",\"item\":\"https:\/\/meetgirl.ch\/\"},{\"@type\":\"ListItem\",\"position\":2,\"name\":\"Escort en Suisse \u2013 annonces certifi\u00e9es et v\u00e9rifi\u00e9es\",\"item\":\"https:\/\/meetgirl.ch\/escort\/\"},{\"@type\":\"ListItem\",\"position\":3,\"name\":\"Escort Berne \u2013 annonces certifi\u00e9es et v\u00e9rifi\u00e9es\"}]},{\"@type\":\"WebSite\",\"@id\":\"https:\/\/meetgirl.ch\/#website\",\"url\":\"https:\/\/meetgirl.ch\/\",\"name\":\"MeetGirl - Annonces \u00e9rotiques Suisse - Escorts, massages et salons\",\"description\":\"Escorts et massages \u00e9rotiques\",\"publisher\":{\"@id\":\"https:\/\/meetgirl.ch\/#organization\"},\"alternateName\":\"Annuaire \u00e9rotique Suisse Escort \u00e0 Gen\u00e8ve, Lausanne, Valais, Neuch\u00e2tel\",\"potentialAction\":[{\"@type\":\"SearchAction\",\"target\":{\"@type\":\"EntryPoint\",\"urlTemplate\":\"https:\/\/meetgirl.ch\/?s={search_term_string}\"},\"query-input\":{\"@type\":\"PropertyValueSpecification\",\"valueRequired\":true,\"valueName\":\"search_term_string\"}}],\"inLanguage\":\"de\"},{\"@type\":\"Organization\",\"@id\":\"https:\/\/meetgirl.ch\/#organization\",\"name\":\"Escort et massage \u00e9rotique\",\"alternateName\":\"Meetgirl escortes et masseuses\",\"url\":\"https:\/\/meetgirl.ch\/\",\"logo\":{\"@type\":\"ImageObject\",\"inLanguage\":\"de\",\"@id\":\"https:\/\/meetgirl.ch\/#\/schema\/logo\/image\/\",\"url\":\"https:\/\/meetgirl.ch\/wp-content\/uploads\/2024\/05\/cropped-meet-logo.png\",\"contentUrl\":\"https:\/\/meetgirl.ch\/wp-content\/uploads\/2024\/05\/cropped-meet-logo.png\",\"width\":512,\"height\":512,\"caption\":\"Escort et massage \u00e9rotique\"},\"image\":{\"@id\":\"https:\/\/meetgirl.ch\/#\/schema\/logo\/image\/\"}}]}<\/script>\n<!-- \/ Yoast SEO plugin. -->","yoast_head_json":{"title":"Escort Bern - zertifizierte und gepr\u00fcfte Anzeigen","description":"Entdecken Sie die zertifizierten Berner Escorts: diskret, elegant und rund um die Uhr verf\u00fcgbar. Raffinierte Begegnungen in der Schweizer Hauptstadt.","robots":{"index":"index","follow":"follow","max-snippet":"max-snippet:-1","max-image-preview":"max-image-preview:large","max-video-preview":"max-video-preview:-1"},"canonical":"https:\/\/meetgirl.ch\/de\/escort\/bern\/","og_locale":"de_DE","og_type":"article","og_title":"Escort Berne \u2013 annonces certifi\u00e9es et v\u00e9rifi\u00e9es","og_description":"D\u00e9couvrez les escort Berne certifi\u00e9es : discr\u00e8tes, \u00e9l\u00e9gantes et disponibles 24h\/24. Rencontres raffin\u00e9es dans la capitale suisse.","og_url":"https:\/\/meetgirl.ch\/de\/escort\/bern\/","og_site_name":"Meetgirl - Annonces \u00e9rotiques - Escorts, massages et salons","article_modified_time":"2025-09-21T15:44:25+00:00","og_image":[{"width":818,"height":548,"url":"https:\/\/meetgirl.ch\/wp-content\/uploads\/2025\/09\/escort-girl-berne-palais-federal.png","type":"image\/png"}],"twitter_card":"summary_large_image","twitter_misc":{"Gesch\u00e4tzte Lesezeit":"4\u00a0Minuten"},"schema":{"@context":"https:\/\/schema.org","@graph":[{"@type":"WebPage","@id":"https:\/\/meetgirl.ch\/escort\/berne\/","url":"https:\/\/meetgirl.ch\/escort\/berne\/","name":"Escort Bern - zertifizierte und gepr\u00fcfte Anzeigen","isPartOf":{"@id":"https:\/\/meetgirl.ch\/#website"},"primaryImageOfPage":{"@id":"https:\/\/meetgirl.ch\/escort\/berne\/#primaryimage"},"image":{"@id":"https:\/\/meetgirl.ch\/escort\/berne\/#primaryimage"},"thumbnailUrl":"https:\/\/meetgirl.ch\/wp-content\/uploads\/2025\/09\/escort-girl-berne-palais-federal.png","datePublished":"2025-09-21T15:41:09+00:00","dateModified":"2025-09-21T15:44:25+00:00","description":"Entdecken Sie die zertifizierten Berner Escorts: diskret, elegant und rund um die Uhr verf\u00fcgbar. Raffinierte Begegnungen in der Schweizer Hauptstadt.","breadcrumb":{"@id":"https:\/\/meetgirl.ch\/escort\/berne\/#breadcrumb"},"inLanguage":"de","potentialAction":[{"@type":"ReadAction","target":["https:\/\/meetgirl.ch\/escort\/berne\/"]}]},{"@type":"ImageObject","inLanguage":"de","@id":"https:\/\/meetgirl.ch\/escort\/berne\/#primaryimage","url":"https:\/\/meetgirl.ch\/wp-content\/uploads\/2025\/09\/escort-girl-berne-palais-federal.png","contentUrl":"https:\/\/meetgirl.ch\/wp-content\/uploads\/2025\/09\/escort-girl-berne-palais-federal.png"},{"@type":"BreadcrumbList","@id":"https:\/\/meetgirl.ch\/escort\/berne\/#breadcrumb","itemListElement":[{"@type":"ListItem","position":1,"name":"Accueil","item":"https:\/\/meetgirl.ch\/"},{"@type":"ListItem","position":2,"name":"Escort en Suisse \u2013 annonces certifi\u00e9es et v\u00e9rifi\u00e9es","item":"https:\/\/meetgirl.ch\/escort\/"},{"@type":"ListItem","position":3,"name":"Escort Berne \u2013 annonces certifi\u00e9es et v\u00e9rifi\u00e9es"}]},{"@type":"WebSite","@id":"https:\/\/meetgirl.ch\/#website","url":"https:\/\/meetgirl.ch\/","name":"MeetGirl - Erotikanzeigen Schweiz - Escorts, Massagen und Salons","description":"Escorts und erotische Massagen","publisher":{"@id":"https:\/\/meetgirl.ch\/#organization"},"alternateName":"Annuaire \u00e9rotique Suisse Escort \u00e0 Gen\u00e8ve, Lausanne, Valais, Neuch\u00e2tel","potentialAction":[{"@type":"SearchAction","target":{"@type":"EntryPoint","urlTemplate":"https:\/\/meetgirl.ch\/?s={search_term_string}"},"query-input":{"@type":"PropertyValueSpecification","valueRequired":true,"valueName":"search_term_string"}}],"inLanguage":"de"},{"@type":"Organization","@id":"https:\/\/meetgirl.ch\/#organization","name":"Escort und erotische Massage","alternateName":"Meetgirl escortes et masseuses","url":"https:\/\/meetgirl.ch\/","logo":{"@type":"ImageObject","inLanguage":"de","@id":"https:\/\/meetgirl.ch\/#\/schema\/logo\/image\/","url":"https:\/\/meetgirl.ch\/wp-content\/uploads\/2024\/05\/cropped-meet-logo.png","contentUrl":"https:\/\/meetgirl.ch\/wp-content\/uploads\/2024\/05\/cropped-meet-logo.png","width":512,"height":512,"caption":"Escort et massage \u00e9rotique"},"image":{"@id":"https:\/\/meetgirl.ch\/#\/schema\/logo\/image\/"}}]}},"_links":{"self":[{"href":"https:\/\/meetgirl.ch\/de\/wp-json\/wp\/v2\/pages\/14312","targetHints":{"allow":["GET"]}}],"collection":[{"href":"https:\/\/meetgirl.ch\/de\/wp-json\/wp\/v2\/pages"}],"about":[{"href":"https:\/\/meetgirl.ch\/de\/wp-json\/wp\/v2\/types\/page"}],"author":[{"embeddable":true,"href":"https:\/\/meetgirl.ch\/de\/wp-json\/wp\/v2\/users\/3"}],"replies":[{"embeddable":true,"href":"https:\/\/meetgirl.ch\/de\/wp-json\/wp\/v2\/comments?post=14312"}],"version-history":[{"count":4,"href":"https:\/\/meetgirl.ch\/de\/wp-json\/wp\/v2\/pages\/14312\/revisions"}],"predecessor-version":[{"id":14320,"href":"https:\/\/meetgirl.ch\/de\/wp-json\/wp\/v2\/pages\/14312\/revisions\/14320"}],"up":[{"embeddable":true,"href":"https:\/\/meetgirl.ch\/de\/wp-json\/wp\/v2\/pages\/14075"}],"wp:attachment":[{"href":"https:\/\/meetgirl.ch\/de\/wp-json\/wp\/v2\/media?parent=14312"}],"curies":[{"name":"wp","href":"https:\/\/api.w.org\/{rel}","templated":true}]}}