{"id":3633,"date":"2024-08-30T10:16:05","date_gmt":"2024-08-30T10:16:05","guid":{"rendered":"https:\/\/meet2.le-digital.ch\/?page_id=3633"},"modified":"2025-06-26T17:59:16","modified_gmt":"2025-06-26T17:59:16","slug":"meetgirls-engagement-und-ressource","status":"publish","type":"page","link":"https:\/\/meetgirl.ch\/de\/meetgirls-engagement-und-ressource\/","title":{"rendered":"Engagement und Ressourcen von Meetgirl"},"content":{"rendered":"<div data-elementor-type=\"wp-page\" data-elementor-id=\"3633\" class=\"elementor elementor-3633\">\n\t\t\t\t<div class=\"elementor-element elementor-element-11c2fad e-flex e-con-boxed e-con e-parent\" data-id=\"11c2fad\" data-element_type=\"container\" data-settings=\"{&quot;jet_parallax_layout_list&quot;:[]}\">\n\t\t\t\t\t<div class=\"e-con-inner\">\n\t\t\t\t<div class=\"elementor-element elementor-element-c31b457 elementor-widget elementor-widget-image\" data-id=\"c31b457\" data-element_type=\"widget\" data-widget_type=\"image.default\">\n\t\t\t\t<div class=\"elementor-widget-container\">\n\t\t\t\t\t\t\t\t\t\t\t\t\t\t\t<img decoding=\"async\" width=\"1024\" height=\"151\" src=\"https:\/\/meetgirl.ch\/wp-content\/uploads\/2024\/05\/logo-7-1024x151.jpg\" class=\"attachment-large size-large wp-image-2002\" alt=\"\" srcset=\"https:\/\/meetgirl.ch\/wp-content\/uploads\/2024\/05\/logo-7-1024x151.jpg 1024w, https:\/\/meetgirl.ch\/wp-content\/uploads\/2024\/05\/logo-7-300x44.jpg 300w, https:\/\/meetgirl.ch\/wp-content\/uploads\/2024\/05\/logo-7-768x113.jpg 768w, https:\/\/meetgirl.ch\/wp-content\/uploads\/2024\/05\/logo-7-18x3.jpg 18w, https:\/\/meetgirl.ch\/wp-content\/uploads\/2024\/05\/logo-7-600x89.jpg 600w, https:\/\/meetgirl.ch\/wp-content\/uploads\/2024\/05\/logo-7.jpg 1200w\" sizes=\"(max-width: 1024px) 100vw, 1024px\" \/>\t\t\t\t\t\t\t\t\t\t\t\t\t\t\t<\/div>\n\t\t\t\t<\/div>\n\t\t\t\t\t<\/div>\n\t\t\t\t<\/div>\n\t\t<div class=\"elementor-element elementor-element-2a003e2 e-flex e-con-boxed e-con e-parent\" data-id=\"2a003e2\" data-element_type=\"container\" data-settings=\"{&quot;jet_parallax_layout_list&quot;:[]}\">\n\t\t\t\t\t<div class=\"e-con-inner\">\n\t\t\t\t<div class=\"elementor-element elementor-element-a469689 elementor-widget elementor-widget-text-editor\" data-id=\"a469689\" data-element_type=\"widget\" data-widget_type=\"text-editor.default\">\n\t\t\t\t<div class=\"elementor-widget-container\">\n\t\t\t\t\t\t\t\t\t<p>Wir bei Meetgirl wissen, wie wichtig es ist, die \u00d6ffentlichkeit f\u00fcr den Kampf gegen den Menschenhandel zu sensibilisieren. Als privates Online-Unternehmen haben wir die Initiative ergriffen, uns aktiv an der Bek\u00e4mpfung dieses weltweiten Problems zu beteiligen. Wenn wir einen Fall von Menschenhandel feststellen, handeln wir sofort und arbeiten eng mit den lokalen und internationalen Beh\u00f6rden zusammen. Um einen Verdacht auf Menschenhandel zu melden, kontaktieren Sie uns bitte unter folgender Adresse: contact@meetgirl<a>.ch<\/a>.<\/p>\n<p><!-- \/wp:paragraph --><!-- wp:paragraph --><\/p>\n<p>Wir ermutigen Sie au\u00dferdem, jeden Verdacht auf illegalen Handel den zust\u00e4ndigen Beh\u00f6rden zu melden.<\/p>\n<p><!-- \/wp:paragraph --><!-- wp:paragraph --><\/p>\n<p><strong>Die Bedeutung des Kampfes gegen den Menschenhandel<\/strong><\/p>\n<p><!-- \/wp:paragraph --><!-- wp:paragraph --><\/p>\n<p>Obwohl Prostitution und unabh\u00e4ngige Begleitdienste in der Schweiz legal sind, nutzen einige Personen diese Gesetze aus, um die Menschenrechte zu verletzen. Wenn eine Frau sich aus freien St\u00fccken f\u00fcr die Prostitution entscheidet, sollte sie mit Respekt behandelt werden. Wenn eine Person jedoch zur Prostitution gezwungen wird, stellt dies eine schwere Menschenrechtsverletzung dar. Die Schweiz hat es geschafft, bedeutende Ma\u00dfnahmen gegen diesen Missbrauch zu ergreifen.<\/p>\n<p><!-- \/wp:paragraph --><!-- wp:paragraph --><\/p>\n<p>Im Zweifelsfall oder bei Notf\u00e4llen wenden Sie sich sofort an die 117 (Polizei). Ansonsten k\u00f6nnen Sie F\u00e4lle von Menschenhandel bei den folgenden kantonalen Brigaden melden:<\/p>\n<p><!-- \/wp:paragraph --><!-- wp:list --><\/p>\n<ul>\n<li style=\"list-style-type: none;\">\n<ul><!-- wp:list-item --><\/ul>\n<\/li>\n<\/ul>\n<p>\u00a0<\/p>\n<ul>\n<li style=\"list-style-type: none;\">\n<ul>\n<li>Brigade des m\u0153urs Genf: +41 22 427 71 50<\/li>\n<\/ul>\n<\/li>\n<\/ul>\n<p><!-- \/wp:list-item --><!-- wp:list-item --><\/p>\n<ul>\n<li style=\"list-style-type: none;\">\n<ul>\n<li>Brigade des m\u0153urs Vaud: +41 21 315 15 15<\/li>\n<\/ul>\n<\/li>\n<\/ul>\n<p><!-- \/wp:list-item --><!-- wp:list-item --><\/p>\n<ul>\n<li style=\"list-style-type: none;\">\n<ul>\n<li>Brigade des m\u0153urs Neuch\u00e2tel: +41 32 889 68 10<\/li>\n<\/ul>\n<\/li>\n<\/ul>\n<p><!-- \/wp:list-item --><!-- wp:list-item --><\/p>\n<ul>\n<li style=\"list-style-type: none;\">\n<ul>\n<li>Brigade des m\u0153urs Wallis: +41 27 606 56 90<\/li>\n<\/ul>\n<\/li>\n<\/ul>\n<p><!-- \/wp:list-item --><!-- wp:list-item --><\/p>\n<ul>\n<li style=\"list-style-type: none;\">\n<ul>\n<li>Brigade des m\u0153urs Freiburg: +41 26 305 19 19<\/li>\n<\/ul>\n<\/li>\n<\/ul>\n<p><!-- \/wp:list-item --><!-- wp:list-item --><\/p>\n<ul>\n<li style=\"list-style-type: none;\">\n<ul>\n<li>Brigade des m\u0153urs Jura: +41 32 420 76 00<\/li>\n<\/ul>\n<\/li>\n<\/ul>\n<p><!-- \/wp:list-item --><!-- wp:list-item --><\/p>\n<ul>\n<li style=\"list-style-type: none;\">\n<ul>\n<li>Sittenbrigade Bern: +41 31 638 81 11<\/li>\n<\/ul>\n<\/li>\n<\/ul>\n<p><!-- \/wp:list-item --><!-- wp:list-item --><\/p>\n<ul>\n<li style=\"list-style-type: none;\">\n<ul>\n<li>Sittenpolizei Z\u00fcrich: +41 58 648 48 48<\/li>\n<\/ul>\n<\/li>\n<\/ul>\n<p><!-- \/wp:list-item --><\/p>\n<p><!-- \/wp:list --><!-- wp:paragraph --><\/p>\n<p><!-- \/wp:paragraph --><!-- wp:paragraph --><\/p>\n<p>\u00a0<\/p>\n<p><!-- \/wp:list-item --><\/p>\n<p><!-- \/wp:list --><\/p>\t\t\t\t\t\t\t\t<\/div>\n\t\t\t\t<\/div>\n\t\t\t\t\t<\/div>\n\t\t\t\t<\/div>\n\t\t\t\t<\/div>","protected":false},"excerpt":{"rendered":"<p>Chez Meetgirl, nous reconnaissons l&rsquo;importance de sensibiliser le public \u00e0 la lutte contre la traite des \u00eatres humains. En tant qu&rsquo;entreprise priv\u00e9e en ligne, nous avons pris l&rsquo;initiative de nous engager activement dans la lutte contre ce probl\u00e8me mondial. Si nous venons \u00e0 identifier un cas de traite, nous agissons imm\u00e9diatement et collaborons \u00e9troitement avec [&hellip;]<\/p>","protected":false},"author":3,"featured_media":0,"parent":0,"menu_order":0,"comment_status":"closed","ping_status":"closed","template":"","meta":{"footnotes":""},"class_list":["post-3633","page","type-page","status-publish","hentry"],"acf":[],"yoast_head":"<!-- This site is optimized with the Yoast SEO plugin v26.0 - https:\/\/yoast.com\/wordpress\/plugins\/seo\/ -->\n<title>Engagement et Ressources de Meetgirl - Meetgirl - Annonces \u00e9rotiques - Escorts, massages et salons<\/title>\n<meta name=\"robots\" content=\"index, follow, max-snippet:-1, max-image-preview:large, max-video-preview:-1\" \/>\n<link rel=\"canonical\" href=\"https:\/\/meetgirl.ch\/de\/meetgirls-engagement-und-ressource\/\" \/>\n<meta property=\"og:locale\" content=\"de_DE\" \/>\n<meta property=\"og:type\" content=\"article\" \/>\n<meta property=\"og:title\" content=\"Engagement et Ressources de Meetgirl - Meetgirl - Annonces \u00e9rotiques - Escorts, massages et salons\" \/>\n<meta property=\"og:description\" content=\"Chez Meetgirl, nous reconnaissons l&rsquo;importance de sensibiliser le public \u00e0 la lutte contre la traite des \u00eatres humains. En tant qu&rsquo;entreprise priv\u00e9e en ligne, nous avons pris l&rsquo;initiative de nous engager activement dans la lutte contre ce probl\u00e8me mondial. Si nous venons \u00e0 identifier un cas de traite, nous agissons imm\u00e9diatement et collaborons \u00e9troitement avec [&hellip;]\" \/>\n<meta property=\"og:url\" content=\"https:\/\/meetgirl.ch\/de\/meetgirls-engagement-und-ressource\/\" \/>\n<meta property=\"og:site_name\" content=\"Meetgirl - Annonces \u00e9rotiques - Escorts, massages et salons\" \/>\n<meta property=\"article:modified_time\" content=\"2025-06-26T17:59:16+00:00\" \/>\n<meta property=\"og:image\" content=\"https:\/\/meetgirl.ch\/wp-content\/uploads\/2024\/05\/logo-7.jpg\" \/>\n\t<meta property=\"og:image:width\" content=\"1200\" \/>\n\t<meta property=\"og:image:height\" content=\"177\" \/>\n\t<meta property=\"og:image:type\" content=\"image\/jpeg\" \/>\n<meta name=\"twitter:card\" content=\"summary_large_image\" \/>\n<meta name=\"twitter:label1\" content=\"Gesch\u00e4tzte Lesezeit\" \/>\n\t<meta name=\"twitter:data1\" content=\"2\u00a0Minuten\" \/>\n<script type=\"application\/ld+json\" class=\"yoast-schema-graph\">{\"@context\":\"https:\/\/schema.org\",\"@graph\":[{\"@type\":\"WebPage\",\"@id\":\"https:\/\/meetgirl.ch\/engagement-et-ressources-de-meetgirl\/\",\"url\":\"https:\/\/meetgirl.ch\/engagement-et-ressources-de-meetgirl\/\",\"name\":\"Engagement et Ressources de Meetgirl - Meetgirl - Annonces \u00e9rotiques - Escorts, massages et salons\",\"isPartOf\":{\"@id\":\"https:\/\/meetgirl.ch\/#website\"},\"primaryImageOfPage\":{\"@id\":\"https:\/\/meetgirl.ch\/engagement-et-ressources-de-meetgirl\/#primaryimage\"},\"image\":{\"@id\":\"https:\/\/meetgirl.ch\/engagement-et-ressources-de-meetgirl\/#primaryimage\"},\"thumbnailUrl\":\"https:\/\/meetgirl.ch\/wp-content\/uploads\/2024\/05\/logo-7-1024x151.jpg\",\"datePublished\":\"2024-08-30T10:16:05+00:00\",\"dateModified\":\"2025-06-26T17:59:16+00:00\",\"breadcrumb\":{\"@id\":\"https:\/\/meetgirl.ch\/engagement-et-ressources-de-meetgirl\/#breadcrumb\"},\"inLanguage\":\"de\",\"potentialAction\":[{\"@type\":\"ReadAction\",\"target\":[\"https:\/\/meetgirl.ch\/engagement-et-ressources-de-meetgirl\/\"]}]},{\"@type\":\"ImageObject\",\"inLanguage\":\"de\",\"@id\":\"https:\/\/meetgirl.ch\/engagement-et-ressources-de-meetgirl\/#primaryimage\",\"url\":\"https:\/\/meetgirl.ch\/wp-content\/uploads\/2024\/05\/logo-7-1024x151.jpg\",\"contentUrl\":\"https:\/\/meetgirl.ch\/wp-content\/uploads\/2024\/05\/logo-7-1024x151.jpg\"},{\"@type\":\"BreadcrumbList\",\"@id\":\"https:\/\/meetgirl.ch\/engagement-et-ressources-de-meetgirl\/#breadcrumb\",\"itemListElement\":[{\"@type\":\"ListItem\",\"position\":1,\"name\":\"Accueil\",\"item\":\"https:\/\/meetgirl.ch\/\"},{\"@type\":\"ListItem\",\"position\":2,\"name\":\"Engagement et Ressources de Meetgirl\"}]},{\"@type\":\"WebSite\",\"@id\":\"https:\/\/meetgirl.ch\/#website\",\"url\":\"https:\/\/meetgirl.ch\/\",\"name\":\"MeetGirl - Annonces \u00e9rotiques Suisse - Escorts, massages et salons\",\"description\":\"Escorts et massages \u00e9rotiques\",\"publisher\":{\"@id\":\"https:\/\/meetgirl.ch\/#organization\"},\"alternateName\":\"Annuaire \u00e9rotique Suisse Escort \u00e0 Gen\u00e8ve, Lausanne, Valais, Neuch\u00e2tel\",\"potentialAction\":[{\"@type\":\"SearchAction\",\"target\":{\"@type\":\"EntryPoint\",\"urlTemplate\":\"https:\/\/meetgirl.ch\/?s={search_term_string}\"},\"query-input\":{\"@type\":\"PropertyValueSpecification\",\"valueRequired\":true,\"valueName\":\"search_term_string\"}}],\"inLanguage\":\"de\"},{\"@type\":\"Organization\",\"@id\":\"https:\/\/meetgirl.ch\/#organization\",\"name\":\"Escort et massage \u00e9rotique\",\"alternateName\":\"Meetgirl escortes et masseuses\",\"url\":\"https:\/\/meetgirl.ch\/\",\"logo\":{\"@type\":\"ImageObject\",\"inLanguage\":\"de\",\"@id\":\"https:\/\/meetgirl.ch\/#\/schema\/logo\/image\/\",\"url\":\"https:\/\/meetgirl.ch\/wp-content\/uploads\/2024\/05\/cropped-meet-logo.png\",\"contentUrl\":\"https:\/\/meetgirl.ch\/wp-content\/uploads\/2024\/05\/cropped-meet-logo.png\",\"width\":512,\"height\":512,\"caption\":\"Escort et massage \u00e9rotique\"},\"image\":{\"@id\":\"https:\/\/meetgirl.ch\/#\/schema\/logo\/image\/\"}}]}<\/script>\n<!-- \/ Yoast SEO plugin. -->","yoast_head_json":{"title":"Engagement und Ressourcen von Meetgirl - Meetgirl - Erotische Anzeigen - Escorts, Massagen und Salons","robots":{"index":"index","follow":"follow","max-snippet":"max-snippet:-1","max-image-preview":"max-image-preview:large","max-video-preview":"max-video-preview:-1"},"canonical":"https:\/\/meetgirl.ch\/de\/meetgirls-engagement-und-ressource\/","og_locale":"de_DE","og_type":"article","og_title":"Engagement et Ressources de Meetgirl - Meetgirl - Annonces \u00e9rotiques - Escorts, massages et salons","og_description":"Chez Meetgirl, nous reconnaissons l&rsquo;importance de sensibiliser le public \u00e0 la lutte contre la traite des \u00eatres humains. En tant qu&rsquo;entreprise priv\u00e9e en ligne, nous avons pris l&rsquo;initiative de nous engager activement dans la lutte contre ce probl\u00e8me mondial. Si nous venons \u00e0 identifier un cas de traite, nous agissons imm\u00e9diatement et collaborons \u00e9troitement avec [&hellip;]","og_url":"https:\/\/meetgirl.ch\/de\/meetgirls-engagement-und-ressource\/","og_site_name":"Meetgirl - Annonces \u00e9rotiques - Escorts, massages et salons","article_modified_time":"2025-06-26T17:59:16+00:00","og_image":[{"width":1200,"height":177,"url":"https:\/\/meetgirl.ch\/wp-content\/uploads\/2024\/05\/logo-7.jpg","type":"image\/jpeg"}],"twitter_card":"summary_large_image","twitter_misc":{"Gesch\u00e4tzte Lesezeit":"2\u00a0Minuten"},"schema":{"@context":"https:\/\/schema.org","@graph":[{"@type":"WebPage","@id":"https:\/\/meetgirl.ch\/engagement-et-ressources-de-meetgirl\/","url":"https:\/\/meetgirl.ch\/engagement-et-ressources-de-meetgirl\/","name":"Engagement und Ressourcen von Meetgirl - Meetgirl - Erotische Anzeigen - Escorts, Massagen und Salons","isPartOf":{"@id":"https:\/\/meetgirl.ch\/#website"},"primaryImageOfPage":{"@id":"https:\/\/meetgirl.ch\/engagement-et-ressources-de-meetgirl\/#primaryimage"},"image":{"@id":"https:\/\/meetgirl.ch\/engagement-et-ressources-de-meetgirl\/#primaryimage"},"thumbnailUrl":"https:\/\/meetgirl.ch\/wp-content\/uploads\/2024\/05\/logo-7-1024x151.jpg","datePublished":"2024-08-30T10:16:05+00:00","dateModified":"2025-06-26T17:59:16+00:00","breadcrumb":{"@id":"https:\/\/meetgirl.ch\/engagement-et-ressources-de-meetgirl\/#breadcrumb"},"inLanguage":"de","potentialAction":[{"@type":"ReadAction","target":["https:\/\/meetgirl.ch\/engagement-et-ressources-de-meetgirl\/"]}]},{"@type":"ImageObject","inLanguage":"de","@id":"https:\/\/meetgirl.ch\/engagement-et-ressources-de-meetgirl\/#primaryimage","url":"https:\/\/meetgirl.ch\/wp-content\/uploads\/2024\/05\/logo-7-1024x151.jpg","contentUrl":"https:\/\/meetgirl.ch\/wp-content\/uploads\/2024\/05\/logo-7-1024x151.jpg"},{"@type":"BreadcrumbList","@id":"https:\/\/meetgirl.ch\/engagement-et-ressources-de-meetgirl\/#breadcrumb","itemListElement":[{"@type":"ListItem","position":1,"name":"Accueil","item":"https:\/\/meetgirl.ch\/"},{"@type":"ListItem","position":2,"name":"Engagement et Ressources de Meetgirl"}]},{"@type":"WebSite","@id":"https:\/\/meetgirl.ch\/#website","url":"https:\/\/meetgirl.ch\/","name":"MeetGirl - Erotikanzeigen Schweiz - Escorts, Massagen und Salons","description":"Escorts und erotische Massagen","publisher":{"@id":"https:\/\/meetgirl.ch\/#organization"},"alternateName":"Annuaire \u00e9rotique Suisse Escort \u00e0 Gen\u00e8ve, Lausanne, Valais, Neuch\u00e2tel","potentialAction":[{"@type":"SearchAction","target":{"@type":"EntryPoint","urlTemplate":"https:\/\/meetgirl.ch\/?s={search_term_string}"},"query-input":{"@type":"PropertyValueSpecification","valueRequired":true,"valueName":"search_term_string"}}],"inLanguage":"de"},{"@type":"Organization","@id":"https:\/\/meetgirl.ch\/#organization","name":"Escort und erotische Massage","alternateName":"Meetgirl escortes et masseuses","url":"https:\/\/meetgirl.ch\/","logo":{"@type":"ImageObject","inLanguage":"de","@id":"https:\/\/meetgirl.ch\/#\/schema\/logo\/image\/","url":"https:\/\/meetgirl.ch\/wp-content\/uploads\/2024\/05\/cropped-meet-logo.png","contentUrl":"https:\/\/meetgirl.ch\/wp-content\/uploads\/2024\/05\/cropped-meet-logo.png","width":512,"height":512,"caption":"Escort et massage \u00e9rotique"},"image":{"@id":"https:\/\/meetgirl.ch\/#\/schema\/logo\/image\/"}}]}},"_links":{"self":[{"href":"https:\/\/meetgirl.ch\/de\/wp-json\/wp\/v2\/pages\/3633","targetHints":{"allow":["GET"]}}],"collection":[{"href":"https:\/\/meetgirl.ch\/de\/wp-json\/wp\/v2\/pages"}],"about":[{"href":"https:\/\/meetgirl.ch\/de\/wp-json\/wp\/v2\/types\/page"}],"author":[{"embeddable":true,"href":"https:\/\/meetgirl.ch\/de\/wp-json\/wp\/v2\/users\/3"}],"replies":[{"embeddable":true,"href":"https:\/\/meetgirl.ch\/de\/wp-json\/wp\/v2\/comments?post=3633"}],"version-history":[{"count":0,"href":"https:\/\/meetgirl.ch\/de\/wp-json\/wp\/v2\/pages\/3633\/revisions"}],"wp:attachment":[{"href":"https:\/\/meetgirl.ch\/de\/wp-json\/wp\/v2\/media?parent=3633"}],"curies":[{"name":"wp","href":"https:\/\/api.w.org\/{rel}","templated":true}]}}