{"id":9813,"date":"2025-06-25T12:39:43","date_gmt":"2025-06-25T12:39:43","guid":{"rendered":"https:\/\/meetgirl.ch\/?page_id=9813"},"modified":"2026-01-25T16:06:54","modified_gmt":"2026-01-25T16:06:54","slug":"limousine-save-the-date","status":"publish","type":"page","link":"https:\/\/meetgirl.ch\/de\/limousine-save-the-date\/","title":{"rendered":"Limousine save the date"},"content":{"rendered":"<div data-elementor-type=\"wp-page\" data-elementor-id=\"9813\" class=\"elementor elementor-9813\">\n\t\t\t\t<div class=\"elementor-element elementor-element-456376d e-flex e-con-boxed e-con e-parent\" data-id=\"456376d\" data-element_type=\"container\" data-settings=\"{&quot;jet_parallax_layout_list&quot;:[]}\">\n\t\t\t\t\t<div class=\"e-con-inner\">\n\t\t\t\t\t<\/div>\n\t\t\t\t<\/div>\n\t\t<div class=\"elementor-element elementor-element-0668fe7 e-flex e-con-boxed e-con e-parent\" data-id=\"0668fe7\" data-element_type=\"container\" data-settings=\"{&quot;jet_parallax_layout_list&quot;:[]}\">\n\t\t\t\t\t<div class=\"e-con-inner\">\n\t\t\t\t<div class=\"elementor-element elementor-element-bc816f4 elementor-widget elementor-widget-text-editor\" data-id=\"bc816f4\" data-element_type=\"widget\" data-widget_type=\"text-editor.default\">\n\t\t\t\t<div class=\"elementor-widget-container\">\n\t\t\t\t\t\t\t\t\t<h2 data-start=\"119\" data-end=\"217\"><span style=\"color: #ffffff;\"><em data-start=\"126\" data-end=\"141\">Breaking News<\/em> : Die Limousine <strong data-start=\"157\" data-end=\"177\">Meetgirl On Tour<\/strong> kehrt diesen Donnerstag und Freitag nach Genf zur\u00fcck!<\/span><\/h2><p data-start=\"219\" data-end=\"372\"><span style=\"color: #ffffff;\">Nachdem sie die Stra\u00dfen des Kantons Waadt in Brand gesetzt hatte, wurde die <strong data-start=\"272\" data-end=\"302\">Limousine Meetgirl On Tour<\/strong> ist wieder in <strong data-start=\"319\" data-end=\"329\">Genf<\/strong>, <strong data-start=\"331\" data-end=\"371\">diesen Donnerstag, den 26. und Freitag, den 27. Juni 2025<\/strong>.<\/span><\/p><p data-start=\"374\" data-end=\"575\"><span style=\"color: #ffffff;\">Von <strong data-start=\"380\" data-end=\"395\">Plainpalais<\/strong> \u00e0 <strong data-start=\"398\" data-end=\"409\">Carouge<\/strong>Die <strong data-start=\"415\" data-end=\"429\">Eaux-Vives<\/strong> \u00e0 <strong data-start=\"432\" data-end=\"444\">Servette<\/strong>und nicht zu vergessen <strong data-start=\"459\" data-end=\"473\">Les P\u00e2quis<\/strong>, <strong data-start=\"475\" data-end=\"486\">Champel<\/strong>, <strong data-start=\"488\" data-end=\"499\">Akazien<\/strong> und <strong data-start=\"503\" data-end=\"512\">Lancy<\/strong>...wird die sinnliche Silhouette des Fahrzeugs nicht unbemerkt bleiben...<\/span><\/p><h2 data-start=\"577\" data-end=\"718\"><span style=\"color: #ffffff;\"><strong data-start=\"580\" data-end=\"626\">L\u00e4uft sie Ihnen \u00fcber den Weg? Lassen Sie sie nicht entkommen.<\/strong><\/span><br \/><span style=\"color: #ffffff;\">Treten Sie n\u00e4her, scannen Sie den <strong data-start=\"649\" data-end=\"660\">QR-Code<\/strong> sichtbar auf der Karosserie... und lassen Sie sich \u00fcberraschen.<\/span><\/h2><p data-start=\"577\" data-end=\"718\"><span style=\"color: #ffffff;\">Eine <strong data-start=\"726\" data-end=\"776\">neuartige, schicke und entschieden sinnliche \u00dcberraschung<\/strong> erwartet Sie... Reserviert f\u00fcr die Neugierigsten, die Wagemutigsten, die Freigeister.<\/span><\/p><hr data-start=\"855\" data-end=\"858\" \/><p data-start=\"860\" data-end=\"929\"><span style=\"color: #ffffff;\"><strong data-start=\"860\" data-end=\"880\">Meetgirl On Tour<\/strong>Es ist kein Auto, es ist eine Einladung.<\/span><\/p>\t\t\t\t\t\t\t\t<\/div>\n\t\t\t\t<\/div>\n\t\t\t\t\t<\/div>\n\t\t\t\t<\/div>\n\t\t\t\t<\/div>","protected":false},"excerpt":{"rendered":"<p>Breaking News : La limousine Meetgirl On Tour revient \u00e0 Gen\u00e8ve ce jeudi et vendredi ! Apr\u00e8s avoir embras\u00e9 les routes du canton de Vaud, la limousine Meetgirl On Tour est de retour \u00e0 Gen\u00e8ve, ce jeudi 26 et vendredi 27 juin 2025. De Plainpalais \u00e0 Carouge, des Eaux-Vives \u00e0 Servette, sans oublier Les P\u00e2quis, [&hellip;]<\/p>","protected":false},"author":3,"featured_media":0,"parent":0,"menu_order":0,"comment_status":"closed","ping_status":"closed","template":"","meta":{"footnotes":""},"class_list":["post-9813","page","type-page","status-publish","hentry"],"acf":[],"yoast_head":"<!-- This site is optimized with the Yoast SEO plugin v26.0 - https:\/\/yoast.com\/wordpress\/plugins\/seo\/ -->\n<title>Limousine save the date - Meetgirl - Annonces \u00e9rotiques - Escorts, massages et salons<\/title>\n<meta name=\"description\" content=\"D\u00e9couvrez le Meetgirl On Tour. la limousine la plus sensuelle qui tourne dans toute la Suisse et fait sensation que tout le monde en parle\" \/>\n<meta name=\"robots\" content=\"index, follow, max-snippet:-1, max-image-preview:large, max-video-preview:-1\" \/>\n<link rel=\"canonical\" href=\"https:\/\/meetgirl.ch\/de\/limousine-save-the-date\/\" \/>\n<meta property=\"og:locale\" content=\"de_DE\" \/>\n<meta property=\"og:type\" content=\"article\" \/>\n<meta property=\"og:title\" content=\"Limousine save the date - Meetgirl - Annonces \u00e9rotiques - Escorts, massages et salons\" \/>\n<meta property=\"og:description\" content=\"D\u00e9couvrez le Meetgirl On Tour. la limousine la plus sensuelle qui tourne dans toute la Suisse et fait sensation que tout le monde en parle\" \/>\n<meta property=\"og:url\" content=\"https:\/\/meetgirl.ch\/de\/limousine-save-the-date\/\" \/>\n<meta property=\"og:site_name\" content=\"Meetgirl - Annonces \u00e9rotiques - Escorts, massages et salons\" \/>\n<meta property=\"article:modified_time\" content=\"2026-01-25T16:06:54+00:00\" \/>\n<meta property=\"og:image\" content=\"https:\/\/meetgirl.ch\/wp-content\/uploads\/2025\/03\/meetgirl-yoast.jpg\" \/>\n\t<meta property=\"og:image:width\" content=\"1200\" \/>\n\t<meta property=\"og:image:height\" content=\"675\" \/>\n\t<meta property=\"og:image:type\" content=\"image\/jpeg\" \/>\n<meta name=\"twitter:card\" content=\"summary_large_image\" \/>\n<meta name=\"twitter:label1\" content=\"Gesch\u00e4tzte Lesezeit\" \/>\n\t<meta name=\"twitter:data1\" content=\"1\u00a0Minute\" \/>\n<script type=\"application\/ld+json\" class=\"yoast-schema-graph\">{\"@context\":\"https:\/\/schema.org\",\"@graph\":[{\"@type\":\"WebPage\",\"@id\":\"https:\/\/meetgirl.ch\/limousine-save-the-date\/\",\"url\":\"https:\/\/meetgirl.ch\/limousine-save-the-date\/\",\"name\":\"Limousine save the date - Meetgirl - Annonces \u00e9rotiques - Escorts, massages et salons\",\"isPartOf\":{\"@id\":\"https:\/\/meetgirl.ch\/#website\"},\"datePublished\":\"2025-06-25T12:39:43+00:00\",\"dateModified\":\"2026-01-25T16:06:54+00:00\",\"description\":\"D\u00e9couvrez le Meetgirl On Tour. la limousine la plus sensuelle qui tourne dans toute la Suisse et fait sensation que tout le monde en parle\",\"breadcrumb\":{\"@id\":\"https:\/\/meetgirl.ch\/limousine-save-the-date\/#breadcrumb\"},\"inLanguage\":\"de\",\"potentialAction\":[{\"@type\":\"ReadAction\",\"target\":[\"https:\/\/meetgirl.ch\/limousine-save-the-date\/\"]}]},{\"@type\":\"BreadcrumbList\",\"@id\":\"https:\/\/meetgirl.ch\/limousine-save-the-date\/#breadcrumb\",\"itemListElement\":[{\"@type\":\"ListItem\",\"position\":1,\"name\":\"Accueil\",\"item\":\"https:\/\/meetgirl.ch\/\"},{\"@type\":\"ListItem\",\"position\":2,\"name\":\"Limousine save the date\"}]},{\"@type\":\"WebSite\",\"@id\":\"https:\/\/meetgirl.ch\/#website\",\"url\":\"https:\/\/meetgirl.ch\/\",\"name\":\"MeetGirl - Annonces \u00e9rotiques Suisse - Escorts, massages et salons\",\"description\":\"Escorts et massages \u00e9rotiques\",\"publisher\":{\"@id\":\"https:\/\/meetgirl.ch\/#organization\"},\"alternateName\":\"Annuaire \u00e9rotique Suisse Escort \u00e0 Gen\u00e8ve, Lausanne, Valais, Neuch\u00e2tel\",\"potentialAction\":[{\"@type\":\"SearchAction\",\"target\":{\"@type\":\"EntryPoint\",\"urlTemplate\":\"https:\/\/meetgirl.ch\/?s={search_term_string}\"},\"query-input\":{\"@type\":\"PropertyValueSpecification\",\"valueRequired\":true,\"valueName\":\"search_term_string\"}}],\"inLanguage\":\"de\"},{\"@type\":\"Organization\",\"@id\":\"https:\/\/meetgirl.ch\/#organization\",\"name\":\"Escort et massage \u00e9rotique\",\"alternateName\":\"Meetgirl escortes et masseuses\",\"url\":\"https:\/\/meetgirl.ch\/\",\"logo\":{\"@type\":\"ImageObject\",\"inLanguage\":\"de\",\"@id\":\"https:\/\/meetgirl.ch\/#\/schema\/logo\/image\/\",\"url\":\"https:\/\/meetgirl.ch\/wp-content\/uploads\/2024\/05\/cropped-meet-logo.png\",\"contentUrl\":\"https:\/\/meetgirl.ch\/wp-content\/uploads\/2024\/05\/cropped-meet-logo.png\",\"width\":512,\"height\":512,\"caption\":\"Escort et massage \u00e9rotique\"},\"image\":{\"@id\":\"https:\/\/meetgirl.ch\/#\/schema\/logo\/image\/\"}}]}<\/script>\n<!-- \/ Yoast SEO plugin. -->","yoast_head_json":{"title":"Limousine save the date - Meetgirl - Erotische Anzeigen - Escorts, Massagen und Salons","description":"Entdecken Sie die Meetgirl On Tour. Die sinnlichste Limousine, die durch die ganze Schweiz tourt und f\u00fcr Aufsehen sorgt, dass alle dar\u00fcber reden.","robots":{"index":"index","follow":"follow","max-snippet":"max-snippet:-1","max-image-preview":"max-image-preview:large","max-video-preview":"max-video-preview:-1"},"canonical":"https:\/\/meetgirl.ch\/de\/limousine-save-the-date\/","og_locale":"de_DE","og_type":"article","og_title":"Limousine save the date - Meetgirl - Annonces \u00e9rotiques - Escorts, massages et salons","og_description":"D\u00e9couvrez le Meetgirl On Tour. la limousine la plus sensuelle qui tourne dans toute la Suisse et fait sensation que tout le monde en parle","og_url":"https:\/\/meetgirl.ch\/de\/limousine-save-the-date\/","og_site_name":"Meetgirl - Annonces \u00e9rotiques - Escorts, massages et salons","article_modified_time":"2026-01-25T16:06:54+00:00","og_image":[{"width":1200,"height":675,"url":"https:\/\/meetgirl.ch\/wp-content\/uploads\/2025\/03\/meetgirl-yoast.jpg","type":"image\/jpeg"}],"twitter_card":"summary_large_image","twitter_misc":{"Gesch\u00e4tzte Lesezeit":"1\u00a0Minute"},"schema":{"@context":"https:\/\/schema.org","@graph":[{"@type":"WebPage","@id":"https:\/\/meetgirl.ch\/limousine-save-the-date\/","url":"https:\/\/meetgirl.ch\/limousine-save-the-date\/","name":"Limousine save the date - Meetgirl - Erotische Anzeigen - Escorts, Massagen und Salons","isPartOf":{"@id":"https:\/\/meetgirl.ch\/#website"},"datePublished":"2025-06-25T12:39:43+00:00","dateModified":"2026-01-25T16:06:54+00:00","description":"Entdecken Sie die Meetgirl On Tour. Die sinnlichste Limousine, die durch die ganze Schweiz tourt und f\u00fcr Aufsehen sorgt, dass alle dar\u00fcber reden.","breadcrumb":{"@id":"https:\/\/meetgirl.ch\/limousine-save-the-date\/#breadcrumb"},"inLanguage":"de","potentialAction":[{"@type":"ReadAction","target":["https:\/\/meetgirl.ch\/limousine-save-the-date\/"]}]},{"@type":"BreadcrumbList","@id":"https:\/\/meetgirl.ch\/limousine-save-the-date\/#breadcrumb","itemListElement":[{"@type":"ListItem","position":1,"name":"Accueil","item":"https:\/\/meetgirl.ch\/"},{"@type":"ListItem","position":2,"name":"Limousine save the date"}]},{"@type":"WebSite","@id":"https:\/\/meetgirl.ch\/#website","url":"https:\/\/meetgirl.ch\/","name":"MeetGirl - Erotikanzeigen Schweiz - Escorts, Massagen und Salons","description":"Escorts und erotische Massagen","publisher":{"@id":"https:\/\/meetgirl.ch\/#organization"},"alternateName":"Annuaire \u00e9rotique Suisse Escort \u00e0 Gen\u00e8ve, Lausanne, Valais, Neuch\u00e2tel","potentialAction":[{"@type":"SearchAction","target":{"@type":"EntryPoint","urlTemplate":"https:\/\/meetgirl.ch\/?s={search_term_string}"},"query-input":{"@type":"PropertyValueSpecification","valueRequired":true,"valueName":"search_term_string"}}],"inLanguage":"de"},{"@type":"Organization","@id":"https:\/\/meetgirl.ch\/#organization","name":"Escort und erotische Massage","alternateName":"Meetgirl escortes et masseuses","url":"https:\/\/meetgirl.ch\/","logo":{"@type":"ImageObject","inLanguage":"de","@id":"https:\/\/meetgirl.ch\/#\/schema\/logo\/image\/","url":"https:\/\/meetgirl.ch\/wp-content\/uploads\/2024\/05\/cropped-meet-logo.png","contentUrl":"https:\/\/meetgirl.ch\/wp-content\/uploads\/2024\/05\/cropped-meet-logo.png","width":512,"height":512,"caption":"Escort et massage \u00e9rotique"},"image":{"@id":"https:\/\/meetgirl.ch\/#\/schema\/logo\/image\/"}}]}},"_links":{"self":[{"href":"https:\/\/meetgirl.ch\/de\/wp-json\/wp\/v2\/pages\/9813","targetHints":{"allow":["GET"]}}],"collection":[{"href":"https:\/\/meetgirl.ch\/de\/wp-json\/wp\/v2\/pages"}],"about":[{"href":"https:\/\/meetgirl.ch\/de\/wp-json\/wp\/v2\/types\/page"}],"author":[{"embeddable":true,"href":"https:\/\/meetgirl.ch\/de\/wp-json\/wp\/v2\/users\/3"}],"replies":[{"embeddable":true,"href":"https:\/\/meetgirl.ch\/de\/wp-json\/wp\/v2\/comments?post=9813"}],"version-history":[{"count":3,"href":"https:\/\/meetgirl.ch\/de\/wp-json\/wp\/v2\/pages\/9813\/revisions"}],"predecessor-version":[{"id":19379,"href":"https:\/\/meetgirl.ch\/de\/wp-json\/wp\/v2\/pages\/9813\/revisions\/19379"}],"wp:attachment":[{"href":"https:\/\/meetgirl.ch\/de\/wp-json\/wp\/v2\/media?parent=9813"}],"curies":[{"name":"wp","href":"https:\/\/api.w.org\/{rel}","templated":true}]}}