{"id":10128,"date":"2025-06-28T11:31:07","date_gmt":"2025-06-28T11:31:07","guid":{"rendered":"https:\/\/meetgirl.ch\/?page_id=10128"},"modified":"2025-06-28T11:34:25","modified_gmt":"2025-06-28T11:34:25","slug":"fetiche-sexuels-a-geneve","status":"publish","type":"page","link":"https:\/\/meetgirl.ch\/en\/fetiche-sexuels-a-geneve\/","title":{"rendered":"F\u00e9tiche Sexuels \u00e0 Gen\u00e8ve"},"content":{"rendered":"<div data-elementor-type=\"wp-page\" data-elementor-id=\"10128\" class=\"elementor elementor-10128\">\n\t\t\t\t<div class=\"elementor-element elementor-element-9667f4a e-flex e-con-boxed e-con e-parent\" data-id=\"9667f4a\" data-element_type=\"container\" data-settings=\"{&quot;jet_parallax_layout_list&quot;:[]}\">\n\t\t\t\t\t<div class=\"e-con-inner\">\n\t\t<div class=\"elementor-element elementor-element-717bdd6 e-con-full e-flex e-con e-child\" data-id=\"717bdd6\" data-element_type=\"container\" data-settings=\"{&quot;jet_parallax_layout_list&quot;:[]}\">\n\t\t\t\t<div class=\"elementor-element elementor-element-39935b0 elementor-widget elementor-widget-image\" data-id=\"39935b0\" data-element_type=\"widget\" data-widget_type=\"image.default\">\n\t\t\t\t<div class=\"elementor-widget-container\">\n\t\t\t\t\t\t\t\t\t\t\t\t\t\t\t<img decoding=\"async\" width=\"421\" height=\"748\" src=\"https:\/\/meetgirl.ch\/wp-content\/uploads\/listing-uploads\/gallery\/2024\/12\/USMPT6tE.jpeg\" class=\"attachment-large size-large wp-image-4859\" alt=\"\" srcset=\"https:\/\/meetgirl.ch\/wp-content\/uploads\/listing-uploads\/gallery\/2024\/12\/USMPT6tE.jpeg 421w, https:\/\/meetgirl.ch\/wp-content\/uploads\/listing-uploads\/gallery\/2024\/12\/USMPT6tE-169x300.jpeg 169w, https:\/\/meetgirl.ch\/wp-content\/uploads\/listing-uploads\/gallery\/2024\/12\/USMPT6tE-7x12.jpeg 7w\" sizes=\"(max-width: 421px) 100vw, 421px\" \/>\t\t\t\t\t\t\t\t\t\t\t\t\t\t\t<\/div>\n\t\t\t\t<\/div>\n\t\t\t\t<\/div>\n\t\t<div class=\"elementor-element elementor-element-acfc109 e-con-full e-flex e-con e-child\" data-id=\"acfc109\" data-element_type=\"container\" data-settings=\"{&quot;jet_parallax_layout_list&quot;:[]}\">\n\t\t\t\t<div class=\"elementor-element elementor-element-5a67fad elementor-widget elementor-widget-text-editor\" data-id=\"5a67fad\" data-element_type=\"widget\" data-widget_type=\"text-editor.default\">\n\t\t\t\t<div class=\"elementor-widget-container\">\n\t\t\t\t\t\t\t\t\t<h1><span style=\"color: #ffffff;\">Escort specialising in sexual fetishes in Geneva<\/span><\/h1>\n<p><span style=\"color: #ffffff;\">Are you fascinated by the world of <strong>fetishism<\/strong> ? Find out how to live out your fantasies in the company of a <strong>escort practising sexual fetishes in Geneva<\/strong>. Fetishism is a sexual practice that involves feeling aroused by specific objects or body parts.<\/span><\/p>\n<h2><span style=\"color: #ffffff;\">Understanding sexual fetishes in Geneva<\/span><\/h2>\n<p><span style=\"color: #ffffff;\">Le <strong>sexual fetishism<\/strong> This can involve anything from heels, stockings, gloves and panties to parts of the body such as the feet, hands and legs. In Geneva, some escorts are open to this type of practice and allow you to explore your desires freely.<\/span><\/p>\n<h2><span style=\"color: #ffffff;\">Why use an escort for your sexual fetishes in Geneva?<\/span><\/h2>\n<p><span style=\"color: #ffffff;\">Live out your fantasies with a <strong>escort specialising in sexual fetishes in Geneva<\/strong>Enjoy a sensual moment without judgement. These professionals know how to integrate your fetish objects into intimate relations while respecting your limits and preferences.<\/span><\/p>\n<h3><span style=\"color: #ffffff;\">Common fetishes and associated objects<\/span><\/h3>\n<p><span style=\"color: #ffffff;\">The most popular fetishes include :<\/span><\/p>\n<ul>\n<li><span style=\"color: #ffffff;\">Leather shoes and boots<\/span><\/li>\n<li><span style=\"color: #ffffff;\">Women's underwear<\/span><\/li>\n<li><span style=\"color: #ffffff;\">Feet and toes<\/span><\/li>\n<li><span style=\"color: #ffffff;\">Gloves, stockings and tights<\/span><\/li>\n<li><span style=\"color: #ffffff;\">Tattoos or piercings<\/span><\/li>\n<\/ul>\n<p><span style=\"color: #ffffff;\">The <strong>escort girls in Geneva<\/strong> can use these objects in a benevolent erotic setting.<\/span><\/p>\n<h2><span style=\"color: #ffffff;\">Respect and consent in the practice of sexual fetishes in Geneva<\/span><\/h2>\n<p><span style=\"color: #ffffff;\">Mutual respect is fundamental. A <strong>experienced escort<\/strong> will be able to discuss your expectations, set clear limits and ensure that the experience remains positive for both parties.<\/span><\/p>\n<h3><span style=\"color: #ffffff;\">Escorts open to fetishes in Geneva<\/span><\/h3>\n<p><span style=\"color: #ffffff;\">At Felina, some escorts offer personalised services for lovers of <strong>sexual fetishes in Geneva<\/strong>. A wide range of accessories and costumes are available to stimulate your imagination and intensify the fun.<\/span><\/p>\n<h2><span style=\"color: #ffffff;\">A unique fetish experience with an escort in Geneva<\/span><\/h2>\n<p><span style=\"color: #ffffff;\">If you are looking for a <strong>escort practising sexual fetishes in Geneva<\/strong>Meetgirl is here to meet your expectations in complete discretion. Treat yourself to an intimate and original moment, guided by an attentive professional.<\/span><\/p>\t\t\t\t\t\t\t\t<\/div>\n\t\t\t\t<\/div>\n\t\t\t\t<\/div>\n\t\t\t\t\t<\/div>\n\t\t\t\t<\/div>\n\t\t\t\t<\/div>","protected":false},"excerpt":{"rendered":"<p>Escort sp\u00e9cialis\u00e9e dans les f\u00e9tiches sexuels \u00e0 Gen\u00e8ve Vous \u00eates fascin\u00e9 par l\u2019univers du f\u00e9tichisme ? D\u00e9couvrez comment vivre vos fantasmes en compagnie d\u2019une escort pratiquant les f\u00e9tiches sexuels \u00e0 Gen\u00e8ve. Le f\u00e9tichisme est une pratique sexuelle qui consiste \u00e0 ressentir de l\u2019excitation gr\u00e2ce \u00e0 des objets ou des parties du corps sp\u00e9cifiques. Comprendre les [&hellip;]<\/p>","protected":false},"author":3,"featured_media":0,"parent":0,"menu_order":0,"comment_status":"closed","ping_status":"closed","template":"","meta":{"footnotes":""},"class_list":["post-10128","page","type-page","status-publish","hentry"],"acf":[],"yoast_head":"<!-- This site is optimized with the Yoast SEO plugin v26.0 - https:\/\/yoast.com\/wordpress\/plugins\/seo\/ -->\n<title>F\u00e9tiche Sexuels \u00e0 Gen\u00e8ve - Meetgirl - Annonces \u00e9rotiques - Escorts, massages et salons<\/title>\n<meta name=\"description\" content=\"Vivez vos fantasmes de f\u00e9tichisme avec une escort \u00e0 Gen\u00e8ve. D\u00e9couvrez les services sensuels autour des f\u00e9tiches\" \/>\n<meta name=\"robots\" content=\"index, follow, max-snippet:-1, max-image-preview:large, max-video-preview:-1\" \/>\n<link rel=\"canonical\" href=\"https:\/\/meetgirl.ch\/en\/fetiche-sexuels-a-geneve\/\" \/>\n<meta property=\"og:locale\" content=\"en_GB\" \/>\n<meta property=\"og:type\" content=\"article\" \/>\n<meta property=\"og:title\" content=\"F\u00e9tiche Sexuels \u00e0 Gen\u00e8ve - Meetgirl - Annonces \u00e9rotiques - Escorts, massages et salons\" \/>\n<meta property=\"og:description\" content=\"Vivez vos fantasmes de f\u00e9tichisme avec une escort \u00e0 Gen\u00e8ve. D\u00e9couvrez les services sensuels autour des f\u00e9tiches\" \/>\n<meta property=\"og:url\" content=\"https:\/\/meetgirl.ch\/en\/fetiche-sexuels-a-geneve\/\" \/>\n<meta property=\"og:site_name\" content=\"Meetgirl - Annonces \u00e9rotiques - Escorts, massages et salons\" \/>\n<meta property=\"article:modified_time\" content=\"2025-06-28T11:34:25+00:00\" \/>\n<meta property=\"og:image\" content=\"https:\/\/meetgirl.ch\/wp-content\/uploads\/listing-uploads\/gallery\/2024\/12\/USMPT6tE.jpeg\" \/>\n<meta name=\"twitter:card\" content=\"summary_large_image\" \/>\n<meta name=\"twitter:label1\" content=\"Estimated reading time\" \/>\n\t<meta name=\"twitter:data1\" content=\"2 minutes\" \/>\n<script type=\"application\/ld+json\" class=\"yoast-schema-graph\">{\"@context\":\"https:\/\/schema.org\",\"@graph\":[{\"@type\":\"WebPage\",\"@id\":\"https:\/\/meetgirl.ch\/fetiche-sexuels-a-geneve\/\",\"url\":\"https:\/\/meetgirl.ch\/fetiche-sexuels-a-geneve\/\",\"name\":\"F\u00e9tiche Sexuels \u00e0 Gen\u00e8ve - Meetgirl - Annonces \u00e9rotiques - Escorts, massages et salons\",\"isPartOf\":{\"@id\":\"https:\/\/meetgirl.ch\/#website\"},\"primaryImageOfPage\":{\"@id\":\"https:\/\/meetgirl.ch\/fetiche-sexuels-a-geneve\/#primaryimage\"},\"image\":{\"@id\":\"https:\/\/meetgirl.ch\/fetiche-sexuels-a-geneve\/#primaryimage\"},\"thumbnailUrl\":\"https:\/\/meetgirl.ch\/wp-content\/uploads\/listing-uploads\/gallery\/2024\/12\/USMPT6tE.jpeg\",\"datePublished\":\"2025-06-28T11:31:07+00:00\",\"dateModified\":\"2025-06-28T11:34:25+00:00\",\"description\":\"Vivez vos fantasmes de f\u00e9tichisme avec une escort \u00e0 Gen\u00e8ve. D\u00e9couvrez les services sensuels autour des f\u00e9tiches\",\"breadcrumb\":{\"@id\":\"https:\/\/meetgirl.ch\/fetiche-sexuels-a-geneve\/#breadcrumb\"},\"inLanguage\":\"en-GB\",\"potentialAction\":[{\"@type\":\"ReadAction\",\"target\":[\"https:\/\/meetgirl.ch\/fetiche-sexuels-a-geneve\/\"]}]},{\"@type\":\"ImageObject\",\"inLanguage\":\"en-GB\",\"@id\":\"https:\/\/meetgirl.ch\/fetiche-sexuels-a-geneve\/#primaryimage\",\"url\":\"https:\/\/meetgirl.ch\/wp-content\/uploads\/listing-uploads\/gallery\/2024\/12\/USMPT6tE.jpeg\",\"contentUrl\":\"https:\/\/meetgirl.ch\/wp-content\/uploads\/listing-uploads\/gallery\/2024\/12\/USMPT6tE.jpeg\"},{\"@type\":\"BreadcrumbList\",\"@id\":\"https:\/\/meetgirl.ch\/fetiche-sexuels-a-geneve\/#breadcrumb\",\"itemListElement\":[{\"@type\":\"ListItem\",\"position\":1,\"name\":\"Accueil\",\"item\":\"https:\/\/meetgirl.ch\/\"},{\"@type\":\"ListItem\",\"position\":2,\"name\":\"F\u00e9tiche Sexuels \u00e0 Gen\u00e8ve\"}]},{\"@type\":\"WebSite\",\"@id\":\"https:\/\/meetgirl.ch\/#website\",\"url\":\"https:\/\/meetgirl.ch\/\",\"name\":\"MeetGirl - Annonces \u00e9rotiques Suisse - Escorts, massages et salons\",\"description\":\"Escorts et massages \u00e9rotiques\",\"publisher\":{\"@id\":\"https:\/\/meetgirl.ch\/#organization\"},\"alternateName\":\"Annuaire \u00e9rotique Suisse Escort \u00e0 Gen\u00e8ve, Lausanne, Valais, Neuch\u00e2tel\",\"potentialAction\":[{\"@type\":\"SearchAction\",\"target\":{\"@type\":\"EntryPoint\",\"urlTemplate\":\"https:\/\/meetgirl.ch\/?s={search_term_string}\"},\"query-input\":{\"@type\":\"PropertyValueSpecification\",\"valueRequired\":true,\"valueName\":\"search_term_string\"}}],\"inLanguage\":\"en-GB\"},{\"@type\":\"Organization\",\"@id\":\"https:\/\/meetgirl.ch\/#organization\",\"name\":\"Escort et massage \u00e9rotique\",\"alternateName\":\"Meetgirl escortes et masseuses\",\"url\":\"https:\/\/meetgirl.ch\/\",\"logo\":{\"@type\":\"ImageObject\",\"inLanguage\":\"en-GB\",\"@id\":\"https:\/\/meetgirl.ch\/#\/schema\/logo\/image\/\",\"url\":\"https:\/\/meetgirl.ch\/wp-content\/uploads\/2024\/05\/cropped-meet-logo.png\",\"contentUrl\":\"https:\/\/meetgirl.ch\/wp-content\/uploads\/2024\/05\/cropped-meet-logo.png\",\"width\":512,\"height\":512,\"caption\":\"Escort et massage \u00e9rotique\"},\"image\":{\"@id\":\"https:\/\/meetgirl.ch\/#\/schema\/logo\/image\/\"}}]}<\/script>\n<!-- \/ Yoast SEO plugin. -->","yoast_head_json":{"title":"F\u00e9tiche Sexuels \u00e0 Gen\u00e8ve - Meetgirl - Erotic ads - Escorts, massages and parlours","description":"Live out your fetish fantasies with an escort in Geneva. Discover sensual services around fetishes","robots":{"index":"index","follow":"follow","max-snippet":"max-snippet:-1","max-image-preview":"max-image-preview:large","max-video-preview":"max-video-preview:-1"},"canonical":"https:\/\/meetgirl.ch\/en\/fetiche-sexuels-a-geneve\/","og_locale":"en_GB","og_type":"article","og_title":"F\u00e9tiche Sexuels \u00e0 Gen\u00e8ve - Meetgirl - Annonces \u00e9rotiques - Escorts, massages et salons","og_description":"Vivez vos fantasmes de f\u00e9tichisme avec une escort \u00e0 Gen\u00e8ve. D\u00e9couvrez les services sensuels autour des f\u00e9tiches","og_url":"https:\/\/meetgirl.ch\/en\/fetiche-sexuels-a-geneve\/","og_site_name":"Meetgirl - Annonces \u00e9rotiques - Escorts, massages et salons","article_modified_time":"2025-06-28T11:34:25+00:00","og_image":[{"url":"https:\/\/meetgirl.ch\/wp-content\/uploads\/listing-uploads\/gallery\/2024\/12\/USMPT6tE.jpeg","type":"","width":"","height":""}],"twitter_card":"summary_large_image","twitter_misc":{"Estimated reading time":"2 minutes"},"schema":{"@context":"https:\/\/schema.org","@graph":[{"@type":"WebPage","@id":"https:\/\/meetgirl.ch\/fetiche-sexuels-a-geneve\/","url":"https:\/\/meetgirl.ch\/fetiche-sexuels-a-geneve\/","name":"F\u00e9tiche Sexuels \u00e0 Gen\u00e8ve - Meetgirl - Erotic ads - Escorts, massages and parlours","isPartOf":{"@id":"https:\/\/meetgirl.ch\/#website"},"primaryImageOfPage":{"@id":"https:\/\/meetgirl.ch\/fetiche-sexuels-a-geneve\/#primaryimage"},"image":{"@id":"https:\/\/meetgirl.ch\/fetiche-sexuels-a-geneve\/#primaryimage"},"thumbnailUrl":"https:\/\/meetgirl.ch\/wp-content\/uploads\/listing-uploads\/gallery\/2024\/12\/USMPT6tE.jpeg","datePublished":"2025-06-28T11:31:07+00:00","dateModified":"2025-06-28T11:34:25+00:00","description":"Live out your fetish fantasies with an escort in Geneva. Discover sensual services around fetishes","breadcrumb":{"@id":"https:\/\/meetgirl.ch\/fetiche-sexuels-a-geneve\/#breadcrumb"},"inLanguage":"en-GB","potentialAction":[{"@type":"ReadAction","target":["https:\/\/meetgirl.ch\/fetiche-sexuels-a-geneve\/"]}]},{"@type":"ImageObject","inLanguage":"en-GB","@id":"https:\/\/meetgirl.ch\/fetiche-sexuels-a-geneve\/#primaryimage","url":"https:\/\/meetgirl.ch\/wp-content\/uploads\/listing-uploads\/gallery\/2024\/12\/USMPT6tE.jpeg","contentUrl":"https:\/\/meetgirl.ch\/wp-content\/uploads\/listing-uploads\/gallery\/2024\/12\/USMPT6tE.jpeg"},{"@type":"BreadcrumbList","@id":"https:\/\/meetgirl.ch\/fetiche-sexuels-a-geneve\/#breadcrumb","itemListElement":[{"@type":"ListItem","position":1,"name":"Accueil","item":"https:\/\/meetgirl.ch\/"},{"@type":"ListItem","position":2,"name":"F\u00e9tiche Sexuels \u00e0 Gen\u00e8ve"}]},{"@type":"WebSite","@id":"https:\/\/meetgirl.ch\/#website","url":"https:\/\/meetgirl.ch\/","name":"MeetGirl - Erotic ads Switzerland - Escorts, massages and parlours","description":"Escorts and erotic massages","publisher":{"@id":"https:\/\/meetgirl.ch\/#organization"},"alternateName":"Annuaire \u00e9rotique Suisse Escort \u00e0 Gen\u00e8ve, Lausanne, Valais, Neuch\u00e2tel","potentialAction":[{"@type":"SearchAction","target":{"@type":"EntryPoint","urlTemplate":"https:\/\/meetgirl.ch\/?s={search_term_string}"},"query-input":{"@type":"PropertyValueSpecification","valueRequired":true,"valueName":"search_term_string"}}],"inLanguage":"en-GB"},{"@type":"Organization","@id":"https:\/\/meetgirl.ch\/#organization","name":"Escort and erotic massage","alternateName":"Meetgirl escortes et masseuses","url":"https:\/\/meetgirl.ch\/","logo":{"@type":"ImageObject","inLanguage":"en-GB","@id":"https:\/\/meetgirl.ch\/#\/schema\/logo\/image\/","url":"https:\/\/meetgirl.ch\/wp-content\/uploads\/2024\/05\/cropped-meet-logo.png","contentUrl":"https:\/\/meetgirl.ch\/wp-content\/uploads\/2024\/05\/cropped-meet-logo.png","width":512,"height":512,"caption":"Escort et massage \u00e9rotique"},"image":{"@id":"https:\/\/meetgirl.ch\/#\/schema\/logo\/image\/"}}]}},"_links":{"self":[{"href":"https:\/\/meetgirl.ch\/en\/wp-json\/wp\/v2\/pages\/10128","targetHints":{"allow":["GET"]}}],"collection":[{"href":"https:\/\/meetgirl.ch\/en\/wp-json\/wp\/v2\/pages"}],"about":[{"href":"https:\/\/meetgirl.ch\/en\/wp-json\/wp\/v2\/types\/page"}],"author":[{"embeddable":true,"href":"https:\/\/meetgirl.ch\/en\/wp-json\/wp\/v2\/users\/3"}],"replies":[{"embeddable":true,"href":"https:\/\/meetgirl.ch\/en\/wp-json\/wp\/v2\/comments?post=10128"}],"version-history":[{"count":0,"href":"https:\/\/meetgirl.ch\/en\/wp-json\/wp\/v2\/pages\/10128\/revisions"}],"wp:attachment":[{"href":"https:\/\/meetgirl.ch\/en\/wp-json\/wp\/v2\/media?parent=10128"}],"curies":[{"name":"wp","href":"https:\/\/api.w.org\/{rel}","templated":true}]}}