{"id":10139,"date":"2025-06-28T11:40:19","date_gmt":"2025-06-28T11:40:19","guid":{"rendered":"https:\/\/meetgirl.ch\/?page_id=10139"},"modified":"2025-06-28T11:44:43","modified_gmt":"2025-06-28T11:44:43","slug":"deep-gorge-in-geneva","status":"publish","type":"page","link":"https:\/\/meetgirl.ch\/en\/deep-gorge-in-geneva\/","title":{"rendered":"Gorge Profonde in Geneva"},"content":{"rendered":"<div data-elementor-type=\"wp-page\" data-elementor-id=\"10139\" class=\"elementor elementor-10139\">\n\t\t\t\t<div class=\"elementor-element elementor-element-6b7747a e-flex e-con-boxed e-con e-parent\" data-id=\"6b7747a\" data-element_type=\"container\" data-settings=\"{&quot;jet_parallax_layout_list&quot;:[]}\">\n\t\t\t\t\t<div class=\"e-con-inner\">\n\t\t<div class=\"elementor-element elementor-element-9857701 e-con-full e-flex e-con e-child\" data-id=\"9857701\" data-element_type=\"container\" data-settings=\"{&quot;jet_parallax_layout_list&quot;:[]}\">\n\t\t\t\t<div class=\"elementor-element elementor-element-ab45d18 elementor-widget elementor-widget-image\" data-id=\"ab45d18\" data-element_type=\"widget\" data-widget_type=\"image.default\">\n\t\t\t\t<div class=\"elementor-widget-container\">\n\t\t\t\t\t\t\t\t\t\t\t\t\t\t\t<img decoding=\"async\" width=\"1024\" height=\"682\" src=\"https:\/\/meetgirl.ch\/wp-content\/uploads\/2025\/04\/person-holding-yellow-banana-fruit-scaled-1024x682.jpg\" class=\"attachment-large size-large wp-image-5814\" alt=\"\" srcset=\"https:\/\/meetgirl.ch\/wp-content\/uploads\/2025\/04\/person-holding-yellow-banana-fruit-scaled-1024x682.jpg 1024w, https:\/\/meetgirl.ch\/wp-content\/uploads\/2025\/04\/person-holding-yellow-banana-fruit-scaled-300x200.jpg 300w, https:\/\/meetgirl.ch\/wp-content\/uploads\/2025\/04\/person-holding-yellow-banana-fruit-scaled-768x512.jpg 768w, https:\/\/meetgirl.ch\/wp-content\/uploads\/2025\/04\/person-holding-yellow-banana-fruit-scaled-1536x1024.jpg 1536w, https:\/\/meetgirl.ch\/wp-content\/uploads\/2025\/04\/person-holding-yellow-banana-fruit-scaled-2048x1365.jpg 2048w, https:\/\/meetgirl.ch\/wp-content\/uploads\/2025\/04\/person-holding-yellow-banana-fruit-scaled-18x12.jpg 18w, https:\/\/meetgirl.ch\/wp-content\/uploads\/2025\/04\/person-holding-yellow-banana-fruit-scaled-600x400.jpg 600w\" sizes=\"(max-width: 1024px) 100vw, 1024px\" \/>\t\t\t\t\t\t\t\t\t\t\t\t\t\t\t<\/div>\n\t\t\t\t<\/div>\n\t\t\t\t<\/div>\n\t\t<div class=\"elementor-element elementor-element-7b45411 e-con-full e-flex e-con e-child\" data-id=\"7b45411\" data-element_type=\"container\" data-settings=\"{&quot;jet_parallax_layout_list&quot;:[]}\">\n\t\t\t\t<div class=\"elementor-element elementor-element-6ef141b elementor-widget elementor-widget-text-editor\" data-id=\"6ef141b\" data-element_type=\"widget\" data-widget_type=\"text-editor.default\">\n\t\t\t\t<div class=\"elementor-widget-container\">\n\t\t\t\t\t\t\t\t\t<h1><span style=\"color: #ffffff;\">Specialised deep throat escort in Geneva: enjoy an intense experience<\/span><\/h1><p><span style=\"color: #ffffff;\">Are you looking for a <strong>deep throat escort in Geneva<\/strong> ? This oral sex technique, reserved for experts, offers exceptional stimulation and an incomparable surge of pleasure for men. At Felina Gen\u00e8ve, some of our escorts are masters of this erotic art.<\/span><\/p><h2><span style=\"color: #ffffff;\">What is deep throat?<\/span><\/h2><p><span style=\"color: #ffffff;\">La <strong>deep throat<\/strong> is an advanced form of fellatio where the penis is inserted fully into the mouth until it touches the throat. This sensation, much sought-after by many men, intensifies pleasure through deep, rhythmic and continuous sucking.<\/span><\/p>\t\t\t\t\t\t\t\t<\/div>\n\t\t\t\t<\/div>\n\t\t\t\t<\/div>\n\t\t\t\t\t<\/div>\n\t\t\t\t<\/div>\n\t\t<div class=\"elementor-element elementor-element-f663026 e-flex e-con-boxed e-con e-parent\" data-id=\"f663026\" data-element_type=\"container\" data-settings=\"{&quot;jet_parallax_layout_list&quot;:[]}\">\n\t\t\t\t\t<div class=\"e-con-inner\">\n\t\t\t\t<div class=\"elementor-element elementor-element-e4ae829 elementor-widget elementor-widget-text-editor\" data-id=\"e4ae829\" data-element_type=\"widget\" data-widget_type=\"text-editor.default\">\n\t\t\t\t<div class=\"elementor-widget-container\">\n\t\t\t\t\t\t\t\t\t<h2><span style=\"color: #ffffff;\">The benefits of a controlled deep throat<\/span><\/h2>\n<p><span style=\"color: #ffffff;\">Expertly practised <strong>deep throat<\/strong> can provoke powerful physical and mental pleasure. The ability to avoid the gag reflex requires a great deal of mastery, often acquired through experience or preparatory exercises with adapted sex toys or objects.<\/span><\/p>\n<h3><span style=\"color: #ffffff;\">Why choose a deep throat escort in Geneva?<\/span><\/h3>\n<p><span style=\"color: #ffffff;\">Using a <strong>deep throat escort in Geneva<\/strong> guarantees you a smooth, unhindered and extremely exciting experience. These professionals know how to adapt the depth and rhythm to your desires, offering you a moment of pure abandon.<\/span><\/p>\n<h2><span style=\"color: #ffffff;\">Expert deep throat escorts<\/span><\/h2>\n<p><span style=\"color: #ffffff;\">Meetgirl, brings you a selection of<strong>escort girls in Geneva<\/strong> who practice <strong>deep throat<\/strong> with passion, discretion and sensitivity. Their experience allows you to fully enjoy this fantasy without discomfort or awkwardness.<\/span><\/p>\n<h3><span style=\"color: #ffffff;\">A refined and exciting encounter<\/span><\/h3>\n<p><span style=\"color: #ffffff;\">Escorts combine beauty, elegance and advanced sexual skills. The <strong>deep gorge in Geneva<\/strong> becomes an intimate moment of high intensity, in a refined and respectful setting.<\/span><\/p>\n<h2><span style=\"color: #ffffff;\">Book your escort for a deep throat experience in Geneva<\/span><\/h2>\n<p><span style=\"color: #ffffff;\">Looking for a special moment with a <strong>expert deep throat escort in Geneva<\/strong> ?&nbsp;<\/span><\/p>\t\t\t\t\t\t\t\t<\/div>\n\t\t\t\t<\/div>\n\t\t\t\t\t<\/div>\n\t\t\t\t<\/div>\n\t\t\t\t<\/div>","protected":false},"excerpt":{"rendered":"<p>Deep throat escort in Geneva: enjoy an intense experience Are you looking for a deep throat escort in Geneva? This oral sex technique, reserved for experts, offers exceptional stimulation and an incomparable surge of pleasure for men. At Felina Gen\u00e8ve, some escorts have mastered this technique perfectly [...]<\/p>","protected":false},"author":3,"featured_media":0,"parent":0,"menu_order":0,"comment_status":"closed","ping_status":"closed","template":"","meta":{"footnotes":""},"class_list":["post-10139","page","type-page","status-publish","hentry"],"acf":[],"yoast_head":"<!-- This site is optimized with the Yoast SEO plugin v26.0 - https:\/\/yoast.com\/wordpress\/plugins\/seo\/ -->\n<title>Gorge Profonde \u00e0 Gen\u00e8ve - Meetgirl - Annonces \u00e9rotiques - Escorts, massages et salons<\/title>\n<meta name=\"description\" content=\"Profitez d\u2019une exp\u00e9rience de gorge profonde \u00e0 Gen\u00e8ve avec une escort experte. Un plaisir oral intense, ma\u00eetris\u00e9 et raffin\u00e9\" \/>\n<meta name=\"robots\" content=\"index, follow, max-snippet:-1, max-image-preview:large, max-video-preview:-1\" \/>\n<link rel=\"canonical\" href=\"https:\/\/meetgirl.ch\/en\/deep-gorge-in-geneva\/\" \/>\n<meta property=\"og:locale\" content=\"en_GB\" \/>\n<meta property=\"og:type\" content=\"article\" \/>\n<meta property=\"og:title\" content=\"Gorge Profonde \u00e0 Gen\u00e8ve - Meetgirl - Annonces \u00e9rotiques - Escorts, massages et salons\" \/>\n<meta property=\"og:description\" content=\"Profitez d\u2019une exp\u00e9rience de gorge profonde \u00e0 Gen\u00e8ve avec une escort experte. Un plaisir oral intense, ma\u00eetris\u00e9 et raffin\u00e9\" \/>\n<meta property=\"og:url\" content=\"https:\/\/meetgirl.ch\/en\/deep-gorge-in-geneva\/\" \/>\n<meta property=\"og:site_name\" content=\"Meetgirl - Annonces \u00e9rotiques - Escorts, massages et salons\" \/>\n<meta property=\"article:modified_time\" content=\"2025-06-28T11:44:43+00:00\" \/>\n<meta property=\"og:image\" content=\"https:\/\/meetgirl.ch\/wp-content\/uploads\/2025\/04\/person-holding-yellow-banana-fruit-scaled.jpg\" \/>\n<meta name=\"twitter:card\" content=\"summary_large_image\" \/>\n<meta name=\"twitter:label1\" content=\"Estimated reading time\" \/>\n\t<meta name=\"twitter:data1\" content=\"2 minutes\" \/>\n<script type=\"application\/ld+json\" class=\"yoast-schema-graph\">{\"@context\":\"https:\/\/schema.org\",\"@graph\":[{\"@type\":\"WebPage\",\"@id\":\"https:\/\/meetgirl.ch\/gorge-profonde-a-geneve\/\",\"url\":\"https:\/\/meetgirl.ch\/gorge-profonde-a-geneve\/\",\"name\":\"Gorge Profonde \u00e0 Gen\u00e8ve - Meetgirl - Annonces \u00e9rotiques - Escorts, massages et salons\",\"isPartOf\":{\"@id\":\"https:\/\/meetgirl.ch\/#website\"},\"primaryImageOfPage\":{\"@id\":\"https:\/\/meetgirl.ch\/gorge-profonde-a-geneve\/#primaryimage\"},\"image\":{\"@id\":\"https:\/\/meetgirl.ch\/gorge-profonde-a-geneve\/#primaryimage\"},\"thumbnailUrl\":\"https:\/\/meetgirl.ch\/wp-content\/uploads\/2025\/04\/person-holding-yellow-banana-fruit-scaled.jpg\",\"datePublished\":\"2025-06-28T11:40:19+00:00\",\"dateModified\":\"2025-06-28T11:44:43+00:00\",\"description\":\"Profitez d\u2019une exp\u00e9rience de gorge profonde \u00e0 Gen\u00e8ve avec une escort experte. Un plaisir oral intense, ma\u00eetris\u00e9 et raffin\u00e9\",\"breadcrumb\":{\"@id\":\"https:\/\/meetgirl.ch\/gorge-profonde-a-geneve\/#breadcrumb\"},\"inLanguage\":\"en-GB\",\"potentialAction\":[{\"@type\":\"ReadAction\",\"target\":[\"https:\/\/meetgirl.ch\/gorge-profonde-a-geneve\/\"]}]},{\"@type\":\"ImageObject\",\"inLanguage\":\"en-GB\",\"@id\":\"https:\/\/meetgirl.ch\/gorge-profonde-a-geneve\/#primaryimage\",\"url\":\"https:\/\/meetgirl.ch\/wp-content\/uploads\/2025\/04\/person-holding-yellow-banana-fruit-scaled.jpg\",\"contentUrl\":\"https:\/\/meetgirl.ch\/wp-content\/uploads\/2025\/04\/person-holding-yellow-banana-fruit-scaled.jpg\"},{\"@type\":\"BreadcrumbList\",\"@id\":\"https:\/\/meetgirl.ch\/gorge-profonde-a-geneve\/#breadcrumb\",\"itemListElement\":[{\"@type\":\"ListItem\",\"position\":1,\"name\":\"Accueil\",\"item\":\"https:\/\/meetgirl.ch\/\"},{\"@type\":\"ListItem\",\"position\":2,\"name\":\"Gorge Profonde \u00e0 Gen\u00e8ve\"}]},{\"@type\":\"WebSite\",\"@id\":\"https:\/\/meetgirl.ch\/#website\",\"url\":\"https:\/\/meetgirl.ch\/\",\"name\":\"MeetGirl - Annonces \u00e9rotiques Suisse - Escorts, massages et salons\",\"description\":\"Escorts et massages \u00e9rotiques\",\"publisher\":{\"@id\":\"https:\/\/meetgirl.ch\/#organization\"},\"alternateName\":\"Annuaire \u00e9rotique Suisse Escort \u00e0 Gen\u00e8ve, Lausanne, Valais, Neuch\u00e2tel\",\"potentialAction\":[{\"@type\":\"SearchAction\",\"target\":{\"@type\":\"EntryPoint\",\"urlTemplate\":\"https:\/\/meetgirl.ch\/?s={search_term_string}\"},\"query-input\":{\"@type\":\"PropertyValueSpecification\",\"valueRequired\":true,\"valueName\":\"search_term_string\"}}],\"inLanguage\":\"en-GB\"},{\"@type\":\"Organization\",\"@id\":\"https:\/\/meetgirl.ch\/#organization\",\"name\":\"Escort et massage \u00e9rotique\",\"alternateName\":\"Meetgirl escortes et masseuses\",\"url\":\"https:\/\/meetgirl.ch\/\",\"logo\":{\"@type\":\"ImageObject\",\"inLanguage\":\"en-GB\",\"@id\":\"https:\/\/meetgirl.ch\/#\/schema\/logo\/image\/\",\"url\":\"https:\/\/meetgirl.ch\/wp-content\/uploads\/2024\/05\/cropped-meet-logo.png\",\"contentUrl\":\"https:\/\/meetgirl.ch\/wp-content\/uploads\/2024\/05\/cropped-meet-logo.png\",\"width\":512,\"height\":512,\"caption\":\"Escort et massage \u00e9rotique\"},\"image\":{\"@id\":\"https:\/\/meetgirl.ch\/#\/schema\/logo\/image\/\"}}]}<\/script>\n<!-- \/ Yoast SEO plugin. -->","yoast_head_json":{"title":"Gorge Profonde \u00e0 Gen\u00e8ve - Meetgirl - Erotic ads - Escorts, massages and parlours","description":"Enjoy a deep throat experience in Geneva with an expert escort. Intense, controlled and refined oral pleasure","robots":{"index":"index","follow":"follow","max-snippet":"max-snippet:-1","max-image-preview":"max-image-preview:large","max-video-preview":"max-video-preview:-1"},"canonical":"https:\/\/meetgirl.ch\/en\/deep-gorge-in-geneva\/","og_locale":"en_GB","og_type":"article","og_title":"Gorge Profonde \u00e0 Gen\u00e8ve - Meetgirl - Annonces \u00e9rotiques - Escorts, massages et salons","og_description":"Profitez d\u2019une exp\u00e9rience de gorge profonde \u00e0 Gen\u00e8ve avec une escort experte. Un plaisir oral intense, ma\u00eetris\u00e9 et raffin\u00e9","og_url":"https:\/\/meetgirl.ch\/en\/deep-gorge-in-geneva\/","og_site_name":"Meetgirl - Annonces \u00e9rotiques - Escorts, massages et salons","article_modified_time":"2025-06-28T11:44:43+00:00","og_image":[{"url":"https:\/\/meetgirl.ch\/wp-content\/uploads\/2025\/04\/person-holding-yellow-banana-fruit-scaled.jpg","type":"","width":"","height":""}],"twitter_card":"summary_large_image","twitter_misc":{"Estimated reading time":"2 minutes"},"schema":{"@context":"https:\/\/schema.org","@graph":[{"@type":"WebPage","@id":"https:\/\/meetgirl.ch\/gorge-profonde-a-geneve\/","url":"https:\/\/meetgirl.ch\/gorge-profonde-a-geneve\/","name":"Gorge Profonde \u00e0 Gen\u00e8ve - Meetgirl - Erotic ads - Escorts, massages and parlours","isPartOf":{"@id":"https:\/\/meetgirl.ch\/#website"},"primaryImageOfPage":{"@id":"https:\/\/meetgirl.ch\/gorge-profonde-a-geneve\/#primaryimage"},"image":{"@id":"https:\/\/meetgirl.ch\/gorge-profonde-a-geneve\/#primaryimage"},"thumbnailUrl":"https:\/\/meetgirl.ch\/wp-content\/uploads\/2025\/04\/person-holding-yellow-banana-fruit-scaled.jpg","datePublished":"2025-06-28T11:40:19+00:00","dateModified":"2025-06-28T11:44:43+00:00","description":"Enjoy a deep throat experience in Geneva with an expert escort. Intense, controlled and refined oral pleasure","breadcrumb":{"@id":"https:\/\/meetgirl.ch\/gorge-profonde-a-geneve\/#breadcrumb"},"inLanguage":"en-GB","potentialAction":[{"@type":"ReadAction","target":["https:\/\/meetgirl.ch\/gorge-profonde-a-geneve\/"]}]},{"@type":"ImageObject","inLanguage":"en-GB","@id":"https:\/\/meetgirl.ch\/gorge-profonde-a-geneve\/#primaryimage","url":"https:\/\/meetgirl.ch\/wp-content\/uploads\/2025\/04\/person-holding-yellow-banana-fruit-scaled.jpg","contentUrl":"https:\/\/meetgirl.ch\/wp-content\/uploads\/2025\/04\/person-holding-yellow-banana-fruit-scaled.jpg"},{"@type":"BreadcrumbList","@id":"https:\/\/meetgirl.ch\/gorge-profonde-a-geneve\/#breadcrumb","itemListElement":[{"@type":"ListItem","position":1,"name":"Accueil","item":"https:\/\/meetgirl.ch\/"},{"@type":"ListItem","position":2,"name":"Gorge Profonde \u00e0 Gen\u00e8ve"}]},{"@type":"WebSite","@id":"https:\/\/meetgirl.ch\/#website","url":"https:\/\/meetgirl.ch\/","name":"MeetGirl - Erotic ads Switzerland - Escorts, massages and parlours","description":"Escorts and erotic massages","publisher":{"@id":"https:\/\/meetgirl.ch\/#organization"},"alternateName":"Annuaire \u00e9rotique Suisse Escort \u00e0 Gen\u00e8ve, Lausanne, Valais, Neuch\u00e2tel","potentialAction":[{"@type":"SearchAction","target":{"@type":"EntryPoint","urlTemplate":"https:\/\/meetgirl.ch\/?s={search_term_string}"},"query-input":{"@type":"PropertyValueSpecification","valueRequired":true,"valueName":"search_term_string"}}],"inLanguage":"en-GB"},{"@type":"Organization","@id":"https:\/\/meetgirl.ch\/#organization","name":"Escort and erotic massage","alternateName":"Meetgirl escortes et masseuses","url":"https:\/\/meetgirl.ch\/","logo":{"@type":"ImageObject","inLanguage":"en-GB","@id":"https:\/\/meetgirl.ch\/#\/schema\/logo\/image\/","url":"https:\/\/meetgirl.ch\/wp-content\/uploads\/2024\/05\/cropped-meet-logo.png","contentUrl":"https:\/\/meetgirl.ch\/wp-content\/uploads\/2024\/05\/cropped-meet-logo.png","width":512,"height":512,"caption":"Escort et massage \u00e9rotique"},"image":{"@id":"https:\/\/meetgirl.ch\/#\/schema\/logo\/image\/"}}]}},"_links":{"self":[{"href":"https:\/\/meetgirl.ch\/en\/wp-json\/wp\/v2\/pages\/10139","targetHints":{"allow":["GET"]}}],"collection":[{"href":"https:\/\/meetgirl.ch\/en\/wp-json\/wp\/v2\/pages"}],"about":[{"href":"https:\/\/meetgirl.ch\/en\/wp-json\/wp\/v2\/types\/page"}],"author":[{"embeddable":true,"href":"https:\/\/meetgirl.ch\/en\/wp-json\/wp\/v2\/users\/3"}],"replies":[{"embeddable":true,"href":"https:\/\/meetgirl.ch\/en\/wp-json\/wp\/v2\/comments?post=10139"}],"version-history":[{"count":0,"href":"https:\/\/meetgirl.ch\/en\/wp-json\/wp\/v2\/pages\/10139\/revisions"}],"wp:attachment":[{"href":"https:\/\/meetgirl.ch\/en\/wp-json\/wp\/v2\/media?parent=10139"}],"curies":[{"name":"wp","href":"https:\/\/api.w.org\/{rel}","templated":true}]}}