{"id":10169,"date":"2025-06-28T12:14:01","date_gmt":"2025-06-28T12:14:01","guid":{"rendered":"https:\/\/meetgirl.ch\/?page_id=10169"},"modified":"2025-06-28T12:16:18","modified_gmt":"2025-06-28T12:16:18","slug":"golden-shower-in-geneva","status":"publish","type":"page","link":"https:\/\/meetgirl.ch\/en\/golden-shower-in-geneva\/","title":{"rendered":"Douche Dor\u00e9e \u00e0 Gen\u00e8ve"},"content":{"rendered":"<div data-elementor-type=\"wp-page\" data-elementor-id=\"10169\" class=\"elementor elementor-10169\">\n\t\t\t\t<div class=\"elementor-element elementor-element-0139ecd e-flex e-con-boxed e-con e-parent\" data-id=\"0139ecd\" data-element_type=\"container\" data-settings=\"{&quot;jet_parallax_layout_list&quot;:[]}\">\n\t\t\t\t\t<div class=\"e-con-inner\">\n\t\t<div class=\"elementor-element elementor-element-e1c2600 e-con-full e-flex e-con e-child\" data-id=\"e1c2600\" data-element_type=\"container\" data-settings=\"{&quot;jet_parallax_layout_list&quot;:[]}\">\n\t\t\t\t<div class=\"elementor-element elementor-element-15e7c59 elementor-widget elementor-widget-image\" data-id=\"15e7c59\" data-element_type=\"widget\" data-widget_type=\"image.default\">\n\t\t\t\t<div class=\"elementor-widget-container\">\n\t\t\t\t\t\t\t\t\t\t\t\t\t\t\t<img decoding=\"async\" src=\"https:\/\/meetgirl.ch\/wp-content\/uploads\/2025\/05\/domina-geneve-4.jpg\" title=\"\" alt=\"\" loading=\"lazy\" \/>\t\t\t\t\t\t\t\t\t\t\t\t\t\t\t<\/div>\n\t\t\t\t<\/div>\n\t\t\t\t<\/div>\n\t\t<div class=\"elementor-element elementor-element-92944ce e-con-full e-flex e-con e-child\" data-id=\"92944ce\" data-element_type=\"container\" data-settings=\"{&quot;jet_parallax_layout_list&quot;:[]}\">\n\t\t\t\t<div class=\"elementor-element elementor-element-142c9c0 elementor-widget elementor-widget-text-editor\" data-id=\"142c9c0\" data-element_type=\"widget\" data-widget_type=\"text-editor.default\">\n\t\t\t\t<div class=\"elementor-widget-container\">\n\t\t\t\t\t\t\t\t\t<h1><span style=\"color: #ffffff;\">Douche Dor\u00e9e Escort in Geneva - Explore your fantasy on meetgirl.ch<\/span><\/h1><p><span style=\"color: #ffffff;\">Looking for an intimate and transgressive fantasy? Visit <strong>golden shower<\/strong>is one of the <strong>sexual fetishes<\/strong> eroticism and domination. On <strong>meetgirl.ch<\/strong>you'll find <strong>Geneva escorts specialising in golden showers<\/strong>ready to fulfil your wishes with discretion and mutual respect.<\/span><\/p><h2><span style=\"color: #ffffff;\">What is the golden shower?<\/span><\/h2><p><span style=\"color: #ffffff;\">La <strong>golden shower<\/strong> is a sexual practice in which one partner urinates on the other in a sensual and consensual context. This experience often takes the form of a <strong>erotic role-playing game<\/strong>This is a form of showering in which the person receiving the golden shower adopts a submissive posture. The practice generally takes place in the shower or in a hygienic environment.<\/span><\/p><h2><span style=\"color: #ffffff;\">A framed and consensual fetish practice<\/span><\/h2><p><span style=\"color: #ffffff;\">Like all sexual acts, the <strong>golden shower in Geneva<\/strong> requires mutual consent and prior discussion of limits and preferences. Respecting each other's hygiene and desires is fundamental to making this an exciting and satisfying experience.<\/span><\/p><h3><span style=\"color: #ffffff;\">Why hire an escort for a golden shower?<\/span><\/h3><p><span style=\"color: #ffffff;\">This fantasy is difficult to realise in a traditional couple, because it can lead to blockages or a lack of compatibility. Visit <strong>meetgirl.ch<\/strong>you have the option of choosing a <strong>open escort at the golden shower<\/strong> and experienced in this fetish practice, to enjoy this experience without judgement and with professionalism.<\/span><\/p><h2><span style=\"color: #ffffff;\">Find your golden shower escort on meetgirl.ch<\/span><\/h2><p><span style=\"color: #ffffff;\">On our platform, you can access a selection of<strong>escorts available for golden showers in Geneva<\/strong>. Each profile indicates the services offered and the escort's preferences, enabling you to make an informed choice that meets your expectations.<\/span><\/p><h3><span style=\"color: #ffffff;\">Guaranteed discretion and hygiene<\/span><\/h3><p><span style=\"color: #ffffff;\">The <strong>golden showers<\/strong> proposed by meetgirl.ch's escorts are carried out in optimal hygienic conditions. Whether at home, in a hotel or in a private location, each meeting is organised in complete discretion, with comfort and respect as a priority.<\/span><\/p><h2><span style=\"color: #ffffff;\">Book a unique experience in Geneva<\/span><\/h2><p><span style=\"color: #ffffff;\">Don't wait any longer to explore your desires with a <strong>escort specialising in golden showers in Geneva<\/strong>. On <strong>meetgirl.ch<\/strong>You'll find professionals who are attentive to your fantasies and capable of offering you a moment of intense, liberated pleasure.<\/span><\/p>\t\t\t\t\t\t\t\t<\/div>\n\t\t\t\t<\/div>\n\t\t\t\t<\/div>\n\t\t\t\t\t<\/div>\n\t\t\t\t<\/div>\n\t\t\t\t<\/div>","protected":false},"excerpt":{"rendered":"<p>Escort pour Douche Dor\u00e9e \u00e0 Gen\u00e8ve \u2013 Explorez votre fantasme sur meetgirl.ch Envie de vivre un fantasme intime et transgressif ? La douceur dor\u00e9e, ou golden shower, fait partie des f\u00e9tichismes sexuels les plus intrigants, m\u00ealant \u00e9rotisme et domination. Sur meetgirl.ch, vous trouverez des escorts \u00e0 Gen\u00e8ve sp\u00e9cialis\u00e9es dans la douche dor\u00e9e, pr\u00eates \u00e0 r\u00e9aliser [&hellip;]<\/p>","protected":false},"author":3,"featured_media":0,"parent":0,"menu_order":0,"comment_status":"closed","ping_status":"closed","template":"","meta":{"footnotes":""},"class_list":["post-10169","page","type-page","status-publish","hentry"],"acf":[],"yoast_head":"<!-- This site is optimized with the Yoast SEO plugin v26.0 - https:\/\/yoast.com\/wordpress\/plugins\/seo\/ -->\n<title>Douche Dor\u00e9e \u00e0 Gen\u00e8ve - Meetgirl - Annonces \u00e9rotiques - Escorts, massages et salons<\/title>\n<meta name=\"description\" content=\"D\u00e9couvrez les escortes qui pratiquent la douche dor\u00e9e \u00e0 Gen\u00e8ve sur meetgirl.ch. Vivez votre fantasme en toute discr\u00e9tion\" \/>\n<meta name=\"robots\" content=\"index, follow, max-snippet:-1, max-image-preview:large, max-video-preview:-1\" \/>\n<link rel=\"canonical\" href=\"https:\/\/meetgirl.ch\/en\/golden-shower-in-geneva\/\" \/>\n<meta property=\"og:locale\" content=\"en_GB\" \/>\n<meta property=\"og:type\" content=\"article\" \/>\n<meta property=\"og:title\" content=\"Douche Dor\u00e9e \u00e0 Gen\u00e8ve - Meetgirl - Annonces \u00e9rotiques - Escorts, massages et salons\" \/>\n<meta property=\"og:description\" content=\"D\u00e9couvrez les escortes qui pratiquent la douche dor\u00e9e \u00e0 Gen\u00e8ve sur meetgirl.ch. Vivez votre fantasme en toute discr\u00e9tion\" \/>\n<meta property=\"og:url\" content=\"https:\/\/meetgirl.ch\/en\/golden-shower-in-geneva\/\" \/>\n<meta property=\"og:site_name\" content=\"Meetgirl - Annonces \u00e9rotiques - Escorts, massages et salons\" \/>\n<meta property=\"article:modified_time\" content=\"2025-06-28T12:16:18+00:00\" \/>\n<meta property=\"og:image\" content=\"https:\/\/meetgirl.ch\/wp-content\/uploads\/2025\/05\/domina-geneve-4.jpg\" \/>\n<meta name=\"twitter:card\" content=\"summary_large_image\" \/>\n<meta name=\"twitter:label1\" content=\"Estimated reading time\" \/>\n\t<meta name=\"twitter:data1\" content=\"3 minutes\" \/>\n<script type=\"application\/ld+json\" class=\"yoast-schema-graph\">{\"@context\":\"https:\/\/schema.org\",\"@graph\":[{\"@type\":\"WebPage\",\"@id\":\"https:\/\/meetgirl.ch\/douche-doree-a-geneve\/\",\"url\":\"https:\/\/meetgirl.ch\/douche-doree-a-geneve\/\",\"name\":\"Douche Dor\u00e9e \u00e0 Gen\u00e8ve - Meetgirl - Annonces \u00e9rotiques - Escorts, massages et salons\",\"isPartOf\":{\"@id\":\"https:\/\/meetgirl.ch\/#website\"},\"primaryImageOfPage\":{\"@id\":\"https:\/\/meetgirl.ch\/douche-doree-a-geneve\/#primaryimage\"},\"image\":{\"@id\":\"https:\/\/meetgirl.ch\/douche-doree-a-geneve\/#primaryimage\"},\"thumbnailUrl\":\"https:\/\/meetgirl.ch\/wp-content\/uploads\/2025\/05\/domina-geneve-4.jpg\",\"datePublished\":\"2025-06-28T12:14:01+00:00\",\"dateModified\":\"2025-06-28T12:16:18+00:00\",\"description\":\"D\u00e9couvrez les escortes qui pratiquent la douche dor\u00e9e \u00e0 Gen\u00e8ve sur meetgirl.ch. Vivez votre fantasme en toute discr\u00e9tion\",\"breadcrumb\":{\"@id\":\"https:\/\/meetgirl.ch\/douche-doree-a-geneve\/#breadcrumb\"},\"inLanguage\":\"en-GB\",\"potentialAction\":[{\"@type\":\"ReadAction\",\"target\":[\"https:\/\/meetgirl.ch\/douche-doree-a-geneve\/\"]}]},{\"@type\":\"ImageObject\",\"inLanguage\":\"en-GB\",\"@id\":\"https:\/\/meetgirl.ch\/douche-doree-a-geneve\/#primaryimage\",\"url\":\"https:\/\/meetgirl.ch\/wp-content\/uploads\/2025\/05\/domina-geneve-4.jpg\",\"contentUrl\":\"https:\/\/meetgirl.ch\/wp-content\/uploads\/2025\/05\/domina-geneve-4.jpg\"},{\"@type\":\"BreadcrumbList\",\"@id\":\"https:\/\/meetgirl.ch\/douche-doree-a-geneve\/#breadcrumb\",\"itemListElement\":[{\"@type\":\"ListItem\",\"position\":1,\"name\":\"Accueil\",\"item\":\"https:\/\/meetgirl.ch\/\"},{\"@type\":\"ListItem\",\"position\":2,\"name\":\"Douche Dor\u00e9e \u00e0 Gen\u00e8ve\"}]},{\"@type\":\"WebSite\",\"@id\":\"https:\/\/meetgirl.ch\/#website\",\"url\":\"https:\/\/meetgirl.ch\/\",\"name\":\"MeetGirl - Annonces \u00e9rotiques Suisse - Escorts, massages et salons\",\"description\":\"Escorts et massages \u00e9rotiques\",\"publisher\":{\"@id\":\"https:\/\/meetgirl.ch\/#organization\"},\"alternateName\":\"Annuaire \u00e9rotique Suisse Escort \u00e0 Gen\u00e8ve, Lausanne, Valais, Neuch\u00e2tel\",\"potentialAction\":[{\"@type\":\"SearchAction\",\"target\":{\"@type\":\"EntryPoint\",\"urlTemplate\":\"https:\/\/meetgirl.ch\/?s={search_term_string}\"},\"query-input\":{\"@type\":\"PropertyValueSpecification\",\"valueRequired\":true,\"valueName\":\"search_term_string\"}}],\"inLanguage\":\"en-GB\"},{\"@type\":\"Organization\",\"@id\":\"https:\/\/meetgirl.ch\/#organization\",\"name\":\"Escort et massage \u00e9rotique\",\"alternateName\":\"Meetgirl escortes et masseuses\",\"url\":\"https:\/\/meetgirl.ch\/\",\"logo\":{\"@type\":\"ImageObject\",\"inLanguage\":\"en-GB\",\"@id\":\"https:\/\/meetgirl.ch\/#\/schema\/logo\/image\/\",\"url\":\"https:\/\/meetgirl.ch\/wp-content\/uploads\/2024\/05\/cropped-meet-logo.png\",\"contentUrl\":\"https:\/\/meetgirl.ch\/wp-content\/uploads\/2024\/05\/cropped-meet-logo.png\",\"width\":512,\"height\":512,\"caption\":\"Escort et massage \u00e9rotique\"},\"image\":{\"@id\":\"https:\/\/meetgirl.ch\/#\/schema\/logo\/image\/\"}}]}<\/script>\n<!-- \/ Yoast SEO plugin. -->","yoast_head_json":{"title":"Douche Dor\u00e9e \u00e0 Gen\u00e8ve - Meetgirl - Erotic ads - Escorts, massages and parlours","description":"Discover the escorts who practice the golden shower in Geneva on meetgirl.ch. Live out your fantasy in total discretion","robots":{"index":"index","follow":"follow","max-snippet":"max-snippet:-1","max-image-preview":"max-image-preview:large","max-video-preview":"max-video-preview:-1"},"canonical":"https:\/\/meetgirl.ch\/en\/golden-shower-in-geneva\/","og_locale":"en_GB","og_type":"article","og_title":"Douche Dor\u00e9e \u00e0 Gen\u00e8ve - Meetgirl - Annonces \u00e9rotiques - Escorts, massages et salons","og_description":"D\u00e9couvrez les escortes qui pratiquent la douche dor\u00e9e \u00e0 Gen\u00e8ve sur meetgirl.ch. Vivez votre fantasme en toute discr\u00e9tion","og_url":"https:\/\/meetgirl.ch\/en\/golden-shower-in-geneva\/","og_site_name":"Meetgirl - Annonces \u00e9rotiques - Escorts, massages et salons","article_modified_time":"2025-06-28T12:16:18+00:00","og_image":[{"url":"https:\/\/meetgirl.ch\/wp-content\/uploads\/2025\/05\/domina-geneve-4.jpg","type":"","width":"","height":""}],"twitter_card":"summary_large_image","twitter_misc":{"Estimated reading time":"3 minutes"},"schema":{"@context":"https:\/\/schema.org","@graph":[{"@type":"WebPage","@id":"https:\/\/meetgirl.ch\/douche-doree-a-geneve\/","url":"https:\/\/meetgirl.ch\/douche-doree-a-geneve\/","name":"Douche Dor\u00e9e \u00e0 Gen\u00e8ve - Meetgirl - Erotic ads - Escorts, massages and parlours","isPartOf":{"@id":"https:\/\/meetgirl.ch\/#website"},"primaryImageOfPage":{"@id":"https:\/\/meetgirl.ch\/douche-doree-a-geneve\/#primaryimage"},"image":{"@id":"https:\/\/meetgirl.ch\/douche-doree-a-geneve\/#primaryimage"},"thumbnailUrl":"https:\/\/meetgirl.ch\/wp-content\/uploads\/2025\/05\/domina-geneve-4.jpg","datePublished":"2025-06-28T12:14:01+00:00","dateModified":"2025-06-28T12:16:18+00:00","description":"Discover the escorts who practice the golden shower in Geneva on meetgirl.ch. Live out your fantasy in total discretion","breadcrumb":{"@id":"https:\/\/meetgirl.ch\/douche-doree-a-geneve\/#breadcrumb"},"inLanguage":"en-GB","potentialAction":[{"@type":"ReadAction","target":["https:\/\/meetgirl.ch\/douche-doree-a-geneve\/"]}]},{"@type":"ImageObject","inLanguage":"en-GB","@id":"https:\/\/meetgirl.ch\/douche-doree-a-geneve\/#primaryimage","url":"https:\/\/meetgirl.ch\/wp-content\/uploads\/2025\/05\/domina-geneve-4.jpg","contentUrl":"https:\/\/meetgirl.ch\/wp-content\/uploads\/2025\/05\/domina-geneve-4.jpg"},{"@type":"BreadcrumbList","@id":"https:\/\/meetgirl.ch\/douche-doree-a-geneve\/#breadcrumb","itemListElement":[{"@type":"ListItem","position":1,"name":"Accueil","item":"https:\/\/meetgirl.ch\/"},{"@type":"ListItem","position":2,"name":"Douche Dor\u00e9e \u00e0 Gen\u00e8ve"}]},{"@type":"WebSite","@id":"https:\/\/meetgirl.ch\/#website","url":"https:\/\/meetgirl.ch\/","name":"MeetGirl - Erotic ads Switzerland - Escorts, massages and parlours","description":"Escorts and erotic massages","publisher":{"@id":"https:\/\/meetgirl.ch\/#organization"},"alternateName":"Annuaire \u00e9rotique Suisse Escort \u00e0 Gen\u00e8ve, Lausanne, Valais, Neuch\u00e2tel","potentialAction":[{"@type":"SearchAction","target":{"@type":"EntryPoint","urlTemplate":"https:\/\/meetgirl.ch\/?s={search_term_string}"},"query-input":{"@type":"PropertyValueSpecification","valueRequired":true,"valueName":"search_term_string"}}],"inLanguage":"en-GB"},{"@type":"Organization","@id":"https:\/\/meetgirl.ch\/#organization","name":"Escort and erotic massage","alternateName":"Meetgirl escortes et masseuses","url":"https:\/\/meetgirl.ch\/","logo":{"@type":"ImageObject","inLanguage":"en-GB","@id":"https:\/\/meetgirl.ch\/#\/schema\/logo\/image\/","url":"https:\/\/meetgirl.ch\/wp-content\/uploads\/2024\/05\/cropped-meet-logo.png","contentUrl":"https:\/\/meetgirl.ch\/wp-content\/uploads\/2024\/05\/cropped-meet-logo.png","width":512,"height":512,"caption":"Escort et massage \u00e9rotique"},"image":{"@id":"https:\/\/meetgirl.ch\/#\/schema\/logo\/image\/"}}]}},"_links":{"self":[{"href":"https:\/\/meetgirl.ch\/en\/wp-json\/wp\/v2\/pages\/10169","targetHints":{"allow":["GET"]}}],"collection":[{"href":"https:\/\/meetgirl.ch\/en\/wp-json\/wp\/v2\/pages"}],"about":[{"href":"https:\/\/meetgirl.ch\/en\/wp-json\/wp\/v2\/types\/page"}],"author":[{"embeddable":true,"href":"https:\/\/meetgirl.ch\/en\/wp-json\/wp\/v2\/users\/3"}],"replies":[{"embeddable":true,"href":"https:\/\/meetgirl.ch\/en\/wp-json\/wp\/v2\/comments?post=10169"}],"version-history":[{"count":0,"href":"https:\/\/meetgirl.ch\/en\/wp-json\/wp\/v2\/pages\/10169\/revisions"}],"wp:attachment":[{"href":"https:\/\/meetgirl.ch\/en\/wp-json\/wp\/v2\/media?parent=10169"}],"curies":[{"name":"wp","href":"https:\/\/api.w.org\/{rel}","templated":true}]}}