{"id":10174,"date":"2025-06-28T12:18:18","date_gmt":"2025-06-28T12:18:18","guid":{"rendered":"https:\/\/meetgirl.ch\/?page_id=10174"},"modified":"2025-06-28T12:22:35","modified_gmt":"2025-06-28T12:22:35","slug":"spanish-wank-in-geneva","status":"publish","type":"page","link":"https:\/\/meetgirl.ch\/en\/spanish-wank-in-geneva\/","title":{"rendered":"Spanish Branlette in Geneva"},"content":{"rendered":"<div data-elementor-type=\"wp-page\" data-elementor-id=\"10174\" class=\"elementor elementor-10174\">\n\t\t\t\t<div class=\"elementor-element elementor-element-0fbcdd9 e-flex e-con-boxed e-con e-parent\" data-id=\"0fbcdd9\" data-element_type=\"container\" data-settings=\"{&quot;jet_parallax_layout_list&quot;:[]}\">\n\t\t\t\t\t<div class=\"e-con-inner\">\n\t\t<div class=\"elementor-element elementor-element-72bea14 e-con-full e-flex e-con e-child\" data-id=\"72bea14\" data-element_type=\"container\" data-settings=\"{&quot;jet_parallax_layout_list&quot;:[]}\">\n\t\t\t\t<div class=\"elementor-element elementor-element-29db25f elementor-widget elementor-widget-image\" data-id=\"29db25f\" data-element_type=\"widget\" data-widget_type=\"image.default\">\n\t\t\t\t<div class=\"elementor-widget-container\">\n\t\t\t\t\t\t\t\t\t\t\t\t\t\t\t<img decoding=\"async\" width=\"612\" height=\"408\" src=\"https:\/\/meetgirl.ch\/wp-content\/uploads\/2025\/02\/escort-fribourg.jpg\" class=\"attachment-large size-large wp-image-5152\" alt=\"a captivating escort who knows the assets of Bulle in the canton of Fribourg.\" srcset=\"https:\/\/meetgirl.ch\/wp-content\/uploads\/2025\/02\/escort-fribourg.jpg 612w, https:\/\/meetgirl.ch\/wp-content\/uploads\/2025\/02\/escort-fribourg-300x200.jpg 300w, https:\/\/meetgirl.ch\/wp-content\/uploads\/2025\/02\/escort-fribourg-18x12.jpg 18w, https:\/\/meetgirl.ch\/wp-content\/uploads\/2025\/02\/escort-fribourg-600x400.jpg 600w\" sizes=\"(max-width: 612px) 100vw, 612px\" \/>\t\t\t\t\t\t\t\t\t\t\t\t\t\t\t<\/div>\n\t\t\t\t<\/div>\n\t\t\t\t<div class=\"elementor-element elementor-element-7d2e93f elementor-widget elementor-widget-image\" data-id=\"7d2e93f\" data-element_type=\"widget\" data-widget_type=\"image.default\">\n\t\t\t\t<div class=\"elementor-widget-container\">\n\t\t\t\t\t\t\t\t\t\t\t\t\t\t\t<img decoding=\"async\" width=\"600\" height=\"900\" src=\"https:\/\/meetgirl.ch\/wp-content\/uploads\/2025\/06\/escort-milf-felina-geneve-1.jpg\" class=\"attachment-large size-large wp-image-8214\" alt=\"\" srcset=\"https:\/\/meetgirl.ch\/wp-content\/uploads\/2025\/06\/escort-milf-felina-geneve-1.jpg 600w, https:\/\/meetgirl.ch\/wp-content\/uploads\/2025\/06\/escort-milf-felina-geneve-1-200x300.jpg 200w, https:\/\/meetgirl.ch\/wp-content\/uploads\/2025\/06\/escort-milf-felina-geneve-1-8x12.jpg 8w\" sizes=\"(max-width: 600px) 100vw, 600px\" \/>\t\t\t\t\t\t\t\t\t\t\t\t\t\t\t<\/div>\n\t\t\t\t<\/div>\n\t\t\t\t<\/div>\n\t\t<div class=\"elementor-element elementor-element-1328f2d e-con-full e-flex e-con e-child\" data-id=\"1328f2d\" data-element_type=\"container\" data-settings=\"{&quot;jet_parallax_layout_list&quot;:[]}\">\n\t\t\t\t<div class=\"elementor-element elementor-element-945edf5 elementor-widget elementor-widget-text-editor\" data-id=\"945edf5\" data-element_type=\"widget\" data-widget_type=\"text-editor.default\">\n\t\t\t\t<div class=\"elementor-widget-container\">\n\t\t\t\t\t\t\t\t\t<h1><span style=\"color: #ffffff;\">Escort specialised in spanish hook ups in Geneva on meetgirl.ch<\/span><\/h1><p><span style=\"color: #ffffff;\">La <strong>spanish wank<\/strong>also known as \"notary tie\", is a highly sensual masturbation technique in which the penis is stimulated between the escort's breasts. This practice combines both visual pleasure and unique tactile sensations, giving the client intense pleasure.<\/span><\/p><h2><span style=\"color: #ffffff;\">What is a Spanish wank?<\/span><\/h2><p><span style=\"color: #ffffff;\">During this practice, the man places his penis between the woman's breasts, squeezes them and moves back and forth, simulating penetration while gently stimulating the glans by rubbing the skin. This erotic game can lead to male orgasm, with or without facial or bodily ejaculation.<\/span><\/p><h2><span style=\"color: #ffffff;\">A popular fantasy in Geneva<\/span><\/h2><p><span style=\"color: #ffffff;\">The Spanish hand-job is much appreciated for the visual excitement it generates and the gentle contact between the sensitive skin of the breasts and the penis. It is often used as a preliminary to other sexual acts such as fellatio or vaginal or anal penetration.<\/span><\/p><h3><span style=\"color: #ffffff;\">Escort girls offering Spanish handjobs on meetgirl.ch<\/span><\/h3><p><span style=\"color: #ffffff;\">On <strong>meetgirl.ch<\/strong>you can discover a selection of<strong>escorts in Geneva who have mastered the art of Spanish wanking<\/strong>. Each profile details the services offered, allowing you to choose a professional according to your preferences and desires.<\/span><\/p><h2><span style=\"color: #ffffff;\">Tips for choosing your escort<\/span><\/h2><p><span style=\"color: #ffffff;\">Before booking, we recommend that you carefully check the services listed on the escort's profile to make sure that she really does perform Spanish handjobs. You can also ask for confirmation when you make contact to avoid any misunderstandings.<\/span><\/p><h2><span style=\"color: #ffffff;\">Live out your fantasy with an expert escort in Geneva<\/span><\/h2><p><span style=\"color: #ffffff;\">Let yourself be tempted by this sensual and refined experience with a <strong>escort specialising in spanish handjobs in Geneva<\/strong>. Book directly via <strong>meetgirl.ch<\/strong> for a private and discreet appointment, and enjoy a unique moment of pleasure.<\/span><\/p>\t\t\t\t\t\t\t\t<\/div>\n\t\t\t\t<\/div>\n\t\t\t\t<\/div>\n\t\t\t\t\t<\/div>\n\t\t\t\t<\/div>\n\t\t\t\t<\/div>","protected":false},"excerpt":{"rendered":"<p>Escort sp\u00e9cialis\u00e9e en Branlette Espagnole \u00e0 Gen\u00e8ve sur meetgirl.ch La branlette espagnole, aussi appel\u00e9e \u00ab cravate de notaire \u00bb, est une technique de masturbation tr\u00e8s sensuelle o\u00f9 le p\u00e9nis est stimul\u00e9 entre les seins de l\u2019escort. Cette pratique combine \u00e0 la fois plaisir visuel et sensations tactiles uniques, procurant un intense plaisir au client. En [&hellip;]<\/p>","protected":false},"author":3,"featured_media":0,"parent":0,"menu_order":0,"comment_status":"closed","ping_status":"closed","template":"","meta":{"footnotes":""},"class_list":["post-10174","page","type-page","status-publish","hentry"],"acf":[],"yoast_head":"<!-- This site is optimized with the Yoast SEO plugin v26.0 - https:\/\/yoast.com\/wordpress\/plugins\/seo\/ -->\n<title>Branlette Espagnole \u00e0 Gen\u00e8ve - Meetgirl - Annonces \u00e9rotiques - Escorts, massages et salons<\/title>\n<meta name=\"description\" content=\"Trouvez des escortes pratiquant la branlette espagnole \u00e0 Gen\u00e8ve sur meetgirl.ch. R\u00e9alisez votre fantasme avec des professionnelles expertes\" \/>\n<meta name=\"robots\" content=\"index, follow, max-snippet:-1, max-image-preview:large, max-video-preview:-1\" \/>\n<link rel=\"canonical\" href=\"https:\/\/meetgirl.ch\/en\/spanish-wank-in-geneva\/\" \/>\n<meta property=\"og:locale\" content=\"en_GB\" \/>\n<meta property=\"og:type\" content=\"article\" \/>\n<meta property=\"og:title\" content=\"Branlette Espagnole \u00e0 Gen\u00e8ve - Meetgirl - Annonces \u00e9rotiques - Escorts, massages et salons\" \/>\n<meta property=\"og:description\" content=\"Trouvez des escortes pratiquant la branlette espagnole \u00e0 Gen\u00e8ve sur meetgirl.ch. R\u00e9alisez votre fantasme avec des professionnelles expertes\" \/>\n<meta property=\"og:url\" content=\"https:\/\/meetgirl.ch\/en\/spanish-wank-in-geneva\/\" \/>\n<meta property=\"og:site_name\" content=\"Meetgirl - Annonces \u00e9rotiques - Escorts, massages et salons\" \/>\n<meta property=\"article:modified_time\" content=\"2025-06-28T12:22:35+00:00\" \/>\n<meta property=\"og:image\" content=\"https:\/\/meetgirl.ch\/wp-content\/uploads\/2025\/02\/escort-fribourg.jpg\" \/>\n<meta name=\"twitter:card\" content=\"summary_large_image\" \/>\n<meta name=\"twitter:label1\" content=\"Estimated reading time\" \/>\n\t<meta name=\"twitter:data1\" content=\"2 minutes\" \/>\n<script type=\"application\/ld+json\" class=\"yoast-schema-graph\">{\"@context\":\"https:\/\/schema.org\",\"@graph\":[{\"@type\":\"WebPage\",\"@id\":\"https:\/\/meetgirl.ch\/branlette-espagnole-a-geneve\/\",\"url\":\"https:\/\/meetgirl.ch\/branlette-espagnole-a-geneve\/\",\"name\":\"Branlette Espagnole \u00e0 Gen\u00e8ve - Meetgirl - Annonces \u00e9rotiques - Escorts, massages et salons\",\"isPartOf\":{\"@id\":\"https:\/\/meetgirl.ch\/#website\"},\"primaryImageOfPage\":{\"@id\":\"https:\/\/meetgirl.ch\/branlette-espagnole-a-geneve\/#primaryimage\"},\"image\":{\"@id\":\"https:\/\/meetgirl.ch\/branlette-espagnole-a-geneve\/#primaryimage\"},\"thumbnailUrl\":\"https:\/\/meetgirl.ch\/wp-content\/uploads\/2025\/02\/escort-fribourg.jpg\",\"datePublished\":\"2025-06-28T12:18:18+00:00\",\"dateModified\":\"2025-06-28T12:22:35+00:00\",\"description\":\"Trouvez des escortes pratiquant la branlette espagnole \u00e0 Gen\u00e8ve sur meetgirl.ch. R\u00e9alisez votre fantasme avec des professionnelles expertes\",\"breadcrumb\":{\"@id\":\"https:\/\/meetgirl.ch\/branlette-espagnole-a-geneve\/#breadcrumb\"},\"inLanguage\":\"en-GB\",\"potentialAction\":[{\"@type\":\"ReadAction\",\"target\":[\"https:\/\/meetgirl.ch\/branlette-espagnole-a-geneve\/\"]}]},{\"@type\":\"ImageObject\",\"inLanguage\":\"en-GB\",\"@id\":\"https:\/\/meetgirl.ch\/branlette-espagnole-a-geneve\/#primaryimage\",\"url\":\"https:\/\/meetgirl.ch\/wp-content\/uploads\/2025\/02\/escort-fribourg.jpg\",\"contentUrl\":\"https:\/\/meetgirl.ch\/wp-content\/uploads\/2025\/02\/escort-fribourg.jpg\"},{\"@type\":\"BreadcrumbList\",\"@id\":\"https:\/\/meetgirl.ch\/branlette-espagnole-a-geneve\/#breadcrumb\",\"itemListElement\":[{\"@type\":\"ListItem\",\"position\":1,\"name\":\"Accueil\",\"item\":\"https:\/\/meetgirl.ch\/\"},{\"@type\":\"ListItem\",\"position\":2,\"name\":\"Branlette Espagnole \u00e0 Gen\u00e8ve\"}]},{\"@type\":\"WebSite\",\"@id\":\"https:\/\/meetgirl.ch\/#website\",\"url\":\"https:\/\/meetgirl.ch\/\",\"name\":\"MeetGirl - Annonces \u00e9rotiques Suisse - Escorts, massages et salons\",\"description\":\"Escorts et massages \u00e9rotiques\",\"publisher\":{\"@id\":\"https:\/\/meetgirl.ch\/#organization\"},\"alternateName\":\"Annuaire \u00e9rotique Suisse Escort \u00e0 Gen\u00e8ve, Lausanne, Valais, Neuch\u00e2tel\",\"potentialAction\":[{\"@type\":\"SearchAction\",\"target\":{\"@type\":\"EntryPoint\",\"urlTemplate\":\"https:\/\/meetgirl.ch\/?s={search_term_string}\"},\"query-input\":{\"@type\":\"PropertyValueSpecification\",\"valueRequired\":true,\"valueName\":\"search_term_string\"}}],\"inLanguage\":\"en-GB\"},{\"@type\":\"Organization\",\"@id\":\"https:\/\/meetgirl.ch\/#organization\",\"name\":\"Escort et massage \u00e9rotique\",\"alternateName\":\"Meetgirl escortes et masseuses\",\"url\":\"https:\/\/meetgirl.ch\/\",\"logo\":{\"@type\":\"ImageObject\",\"inLanguage\":\"en-GB\",\"@id\":\"https:\/\/meetgirl.ch\/#\/schema\/logo\/image\/\",\"url\":\"https:\/\/meetgirl.ch\/wp-content\/uploads\/2024\/05\/cropped-meet-logo.png\",\"contentUrl\":\"https:\/\/meetgirl.ch\/wp-content\/uploads\/2024\/05\/cropped-meet-logo.png\",\"width\":512,\"height\":512,\"caption\":\"Escort et massage \u00e9rotique\"},\"image\":{\"@id\":\"https:\/\/meetgirl.ch\/#\/schema\/logo\/image\/\"}}]}<\/script>\n<!-- \/ Yoast SEO plugin. -->","yoast_head_json":{"title":"Branlette Espagnole \u00e0 Gen\u00e8ve - Meetgirl - Erotic ads - Escorts, massages and parlours","description":"Find Spanish handjob escorts in Geneva on meetgirl.ch. Realise your fantasy with expert professionals","robots":{"index":"index","follow":"follow","max-snippet":"max-snippet:-1","max-image-preview":"max-image-preview:large","max-video-preview":"max-video-preview:-1"},"canonical":"https:\/\/meetgirl.ch\/en\/spanish-wank-in-geneva\/","og_locale":"en_GB","og_type":"article","og_title":"Branlette Espagnole \u00e0 Gen\u00e8ve - Meetgirl - Annonces \u00e9rotiques - Escorts, massages et salons","og_description":"Trouvez des escortes pratiquant la branlette espagnole \u00e0 Gen\u00e8ve sur meetgirl.ch. R\u00e9alisez votre fantasme avec des professionnelles expertes","og_url":"https:\/\/meetgirl.ch\/en\/spanish-wank-in-geneva\/","og_site_name":"Meetgirl - Annonces \u00e9rotiques - Escorts, massages et salons","article_modified_time":"2025-06-28T12:22:35+00:00","og_image":[{"url":"https:\/\/meetgirl.ch\/wp-content\/uploads\/2025\/02\/escort-fribourg.jpg","type":"","width":"","height":""}],"twitter_card":"summary_large_image","twitter_misc":{"Estimated reading time":"2 minutes"},"schema":{"@context":"https:\/\/schema.org","@graph":[{"@type":"WebPage","@id":"https:\/\/meetgirl.ch\/branlette-espagnole-a-geneve\/","url":"https:\/\/meetgirl.ch\/branlette-espagnole-a-geneve\/","name":"Branlette Espagnole \u00e0 Gen\u00e8ve - Meetgirl - Erotic ads - Escorts, massages and parlours","isPartOf":{"@id":"https:\/\/meetgirl.ch\/#website"},"primaryImageOfPage":{"@id":"https:\/\/meetgirl.ch\/branlette-espagnole-a-geneve\/#primaryimage"},"image":{"@id":"https:\/\/meetgirl.ch\/branlette-espagnole-a-geneve\/#primaryimage"},"thumbnailUrl":"https:\/\/meetgirl.ch\/wp-content\/uploads\/2025\/02\/escort-fribourg.jpg","datePublished":"2025-06-28T12:18:18+00:00","dateModified":"2025-06-28T12:22:35+00:00","description":"Find Spanish handjob escorts in Geneva on meetgirl.ch. Realise your fantasy with expert professionals","breadcrumb":{"@id":"https:\/\/meetgirl.ch\/branlette-espagnole-a-geneve\/#breadcrumb"},"inLanguage":"en-GB","potentialAction":[{"@type":"ReadAction","target":["https:\/\/meetgirl.ch\/branlette-espagnole-a-geneve\/"]}]},{"@type":"ImageObject","inLanguage":"en-GB","@id":"https:\/\/meetgirl.ch\/branlette-espagnole-a-geneve\/#primaryimage","url":"https:\/\/meetgirl.ch\/wp-content\/uploads\/2025\/02\/escort-fribourg.jpg","contentUrl":"https:\/\/meetgirl.ch\/wp-content\/uploads\/2025\/02\/escort-fribourg.jpg"},{"@type":"BreadcrumbList","@id":"https:\/\/meetgirl.ch\/branlette-espagnole-a-geneve\/#breadcrumb","itemListElement":[{"@type":"ListItem","position":1,"name":"Accueil","item":"https:\/\/meetgirl.ch\/"},{"@type":"ListItem","position":2,"name":"Branlette Espagnole \u00e0 Gen\u00e8ve"}]},{"@type":"WebSite","@id":"https:\/\/meetgirl.ch\/#website","url":"https:\/\/meetgirl.ch\/","name":"MeetGirl - Erotic ads Switzerland - Escorts, massages and parlours","description":"Escorts and erotic massages","publisher":{"@id":"https:\/\/meetgirl.ch\/#organization"},"alternateName":"Annuaire \u00e9rotique Suisse Escort \u00e0 Gen\u00e8ve, Lausanne, Valais, Neuch\u00e2tel","potentialAction":[{"@type":"SearchAction","target":{"@type":"EntryPoint","urlTemplate":"https:\/\/meetgirl.ch\/?s={search_term_string}"},"query-input":{"@type":"PropertyValueSpecification","valueRequired":true,"valueName":"search_term_string"}}],"inLanguage":"en-GB"},{"@type":"Organization","@id":"https:\/\/meetgirl.ch\/#organization","name":"Escort and erotic massage","alternateName":"Meetgirl escortes et masseuses","url":"https:\/\/meetgirl.ch\/","logo":{"@type":"ImageObject","inLanguage":"en-GB","@id":"https:\/\/meetgirl.ch\/#\/schema\/logo\/image\/","url":"https:\/\/meetgirl.ch\/wp-content\/uploads\/2024\/05\/cropped-meet-logo.png","contentUrl":"https:\/\/meetgirl.ch\/wp-content\/uploads\/2024\/05\/cropped-meet-logo.png","width":512,"height":512,"caption":"Escort et massage \u00e9rotique"},"image":{"@id":"https:\/\/meetgirl.ch\/#\/schema\/logo\/image\/"}}]}},"_links":{"self":[{"href":"https:\/\/meetgirl.ch\/en\/wp-json\/wp\/v2\/pages\/10174","targetHints":{"allow":["GET"]}}],"collection":[{"href":"https:\/\/meetgirl.ch\/en\/wp-json\/wp\/v2\/pages"}],"about":[{"href":"https:\/\/meetgirl.ch\/en\/wp-json\/wp\/v2\/types\/page"}],"author":[{"embeddable":true,"href":"https:\/\/meetgirl.ch\/en\/wp-json\/wp\/v2\/users\/3"}],"replies":[{"embeddable":true,"href":"https:\/\/meetgirl.ch\/en\/wp-json\/wp\/v2\/comments?post=10174"}],"version-history":[{"count":0,"href":"https:\/\/meetgirl.ch\/en\/wp-json\/wp\/v2\/pages\/10174\/revisions"}],"wp:attachment":[{"href":"https:\/\/meetgirl.ch\/en\/wp-json\/wp\/v2\/media?parent=10174"}],"curies":[{"name":"wp","href":"https:\/\/api.w.org\/{rel}","templated":true}]}}