{"id":10532,"date":"2025-07-06T10:26:39","date_gmt":"2025-07-06T10:26:39","guid":{"rendered":"https:\/\/meetgirl.ch\/?page_id=10532"},"modified":"2025-07-06T10:27:52","modified_gmt":"2025-07-06T10:27:52","slug":"facesitting-lausanne","status":"publish","type":"page","link":"https:\/\/meetgirl.ch\/en\/facesitting-lausanne\/","title":{"rendered":"Facesitting Lausanne"},"content":{"rendered":"<div data-elementor-type=\"wp-page\" data-elementor-id=\"10532\" class=\"elementor elementor-10532\">\n\t\t\t\t<div class=\"elementor-element elementor-element-9e1a6ec e-flex e-con-boxed e-con e-parent\" data-id=\"9e1a6ec\" data-element_type=\"container\" data-settings=\"{&quot;jet_parallax_layout_list&quot;:[]}\">\n\t\t\t\t\t<div class=\"e-con-inner\">\n\t\t\t\t<div class=\"elementor-element elementor-element-c1addc6 elementor-widget elementor-widget-case27-listing-feed-widget\" data-id=\"c1addc6\" data-element_type=\"widget\" data-widget_type=\"case27-listing-feed-widget.default\">\n\t\t\t\t<div class=\"elementor-widget-container\">\n\t\t\t\t\t\t\t<section class=\"i-section listing-feed\">\r\n\t\t<div class=\"container-fluid\">\r\n\t\t\t<div class=\"row section-body grid\">\r\n\t\t\t\t\t\t\t\t\t<div class=\"col-lg-4 col-md-4 col-sm-6 col-xs-12 grid-item\"><div class=\"lf-item-container listing-preview type-independante c27-verified no-logo has-tagline no-info-fields level-promoted priority-2\" data-id=\"listing-id-16551\" data-category-icon=\"\t&lt;i class=&quot;mi bookmark_border&quot; style=&quot;color: #fff; background: #f67675; &quot;&gt;&lt;\/i&gt;\t\" data-category-color=\"#f67675\" data-category-text-color=\"#fff\" data-thumbnail=\"https:\/\/meetgirl.ch\/wp-content\/themes\/my-listing\/assets\/images\/marker.jpg\" data-marker=\"https:\/\/meetgirl.ch\/wp-content\/themes\/my-listing\/assets\/images\/marker.jpg\" data-template=\"default\" data-locations=\"[{&quot;address&quot;:&quot;Rue De L&#039;industrie 7, 1005 Lausanne, Suisse&quot;,&quot;lat&quot;:&quot;46.52591&quot;,&quot;lng&quot;:&quot;6.63848&quot;}]\"\n><div class=\"lf-item lf-item-default\" data-template=\"default\"> <a href=\"https:\/\/meetgirl.ch\/en\/escorts-2\/diana-5\/\"> <div class=\"overlay\" style=\" background-color: #242429; opacity: 0;\"><\/div> <div class=\"lf-background\" style=\"background-image: url('https:\/\/meetgirl.ch\/wp-content\/uploads\/listing-uploads\/cover\/2025\/11\/Snapchat-19137046793.jpg');\"><\/div> <div class=\"lf-item-info\"> <h4 class=\"case27-primary-text listing-preview-title\"> Diana <img decoding=\"async\" height=\"18\" width=\"18\" alt=\"Verified listing\" class=\"verified-listing\" src=\"https:\/\/meetgirl.ch\/wp-content\/themes\/my-listing\/assets\/images\/tick.svg\"> <\/h4> <\/div> <\/a> <div class=\"lf-head level-promoted\"> <span class=\"tooltip-element tooltip-bottom\"> <div class=\"lf-head-btn ad-badge\"> <span><i class=\"icon-flash\"><\/i><\/span> <\/div> <span class=\"tooltip-container\">Promoted<\/span> <\/span> <\/div> <\/div> <div class=\"listing-details-3 c27-footer-section\"> <ul class=\"details-list no-list-style\"> <li class=\"\" > <span>Lausanne <\/span> <\/li> <li class=\"\" > <span> <div class=\"codicts-online-status\"><span class=\"codicts-dot cdtsols-offline\"><\/span> <span class=\"cdtsols-txt\">-24H<\/span><\/div> <\/span> <\/li> <\/ul> <\/div> <div class=\"listing-details-3 c27-footer-section\"> <ul class=\"details-list no-list-style\"> <li class=\"\" > <span>hot and humid <\/span> <\/li> <\/ul> <\/div> <\/div><\/div>\t\t\t\t\t\t\t\t\t<div class=\"col-lg-4 col-md-4 col-sm-6 col-xs-12 grid-item\"><div class=\"lf-item-container listing-preview type-independante no-logo has-tagline no-info-fields level-promoted priority-2\" data-id=\"listing-id-15816\" data-category-icon=\"\t&lt;i class=&quot;mi bookmark_border&quot; style=&quot;color: #fff; background: #f67675; &quot;&gt;&lt;\/i&gt;\t\" data-category-color=\"#f67675\" data-category-text-color=\"#fff\" data-thumbnail=\"https:\/\/meetgirl.ch\/wp-content\/themes\/my-listing\/assets\/images\/marker.jpg\" data-marker=\"https:\/\/meetgirl.ch\/wp-content\/themes\/my-listing\/assets\/images\/marker.jpg\" data-template=\"default\" data-locations=\"[{&quot;address&quot;:&quot;Lausanne, canton de Vaud, Suisse&quot;,&quot;lat&quot;:&quot;46.52071&quot;,&quot;lng&quot;:&quot;6.63253&quot;}]\"\n><div class=\"lf-item lf-item-default\" data-template=\"default\"> <a href=\"https:\/\/meetgirl.ch\/en\/escorts-2\/tyha\/\"> <div class=\"overlay\" style=\" background-color: #242429; opacity: 0;\"><\/div> <div class=\"lf-background\" style=\"background-image: url('https:\/\/meetgirl.ch\/wp-content\/uploads\/listing-uploads\/cover\/2025\/10\/IMG-20241129-WA0192-768x940.jpg');\"><\/div> <div class=\"lf-item-info\"> <h4 class=\"case27-primary-text listing-preview-title\"> Tyha <\/h4> <\/div> <\/a> <div class=\"lf-head level-promoted\"> <span class=\"tooltip-element tooltip-bottom\"> <div class=\"lf-head-btn ad-badge\"> <span><i class=\"icon-flash\"><\/i><\/span> <\/div> <span class=\"tooltip-container\">Promoted<\/span> <\/span> <\/div> <\/div> <div class=\"listing-details-3 c27-footer-section\"> <ul class=\"details-list no-list-style\"> <li class=\"\" > <span>Lausanne <\/span> <\/li> <li class=\"\" > <span> <div class=\"codicts-online-status\"><span class=\"codicts-dot cdtsols-offline\"><\/span> <span class=\"cdtsols-txt\">-24H<\/span><\/div> <\/span> <\/li> <\/ul> <\/div> <div class=\"listing-details-3 c27-footer-section\"> <ul class=\"details-list no-list-style\"> <li class=\"\" > <span>Hot babe <\/span> <\/li> <\/ul> <\/div> <\/div><\/div>\t\t\t\t\t\t\t\t\t<div class=\"col-lg-4 col-md-4 col-sm-6 col-xs-12 grid-item\"><div class=\"lf-item-container listing-preview type-independante no-logo has-tagline no-info-fields level-promoted priority-2\" data-id=\"listing-id-11177\" data-category-icon=\"\t&lt;i class=&quot;mi bookmark_border&quot; style=&quot;color: #fff; background: #f67675; &quot;&gt;&lt;\/i&gt;\t\" data-category-color=\"#f67675\" data-category-text-color=\"#fff\" data-thumbnail=\"https:\/\/meetgirl.ch\/wp-content\/themes\/my-listing\/assets\/images\/marker.jpg\" data-marker=\"https:\/\/meetgirl.ch\/wp-content\/themes\/my-listing\/assets\/images\/marker.jpg\" data-template=\"default\" data-locations=\"[{&quot;address&quot;:&quot;Lausanne, canton de Vaud, Suisse&quot;,&quot;lat&quot;:&quot;46.52071&quot;,&quot;lng&quot;:&quot;6.63253&quot;}]\"\n><div class=\"lf-item lf-item-default\" data-template=\"default\"> <a href=\"https:\/\/meetgirl.ch\/en\/escorts-2\/latina-fat-ass\/\"> <div class=\"overlay\" style=\" background-color: #242429; opacity: 0;\"><\/div> <div class=\"lf-background\" style=\"background-image: url('https:\/\/meetgirl.ch\/wp-content\/uploads\/2025\/07\/Latina-Gros-cul5-768x1024.webp');\"><\/div> <div class=\"lf-item-info\"> <h4 class=\"case27-primary-text listing-preview-title\"> Latina Fat ass <\/h4> <\/div> <\/a> <div class=\"lf-head level-promoted\"> <span class=\"tooltip-element tooltip-bottom\"> <div class=\"lf-head-btn ad-badge\"> <span><i class=\"icon-flash\"><\/i><\/span> <\/div> <span class=\"tooltip-container\">Promoted<\/span> <\/span> <\/div> <\/div> <div class=\"listing-details-3 c27-footer-section\"> <ul class=\"details-list no-list-style\"> <li class=\"\" > <span>Lausanne <\/span> <\/li> <li class=\"\" > <span> <div class=\"codicts-online-status\"><span class=\"codicts-dot cdtsols-online\"><\/span> <span class=\"cdtsols-txt\">Online<\/span><\/div> <\/span> <\/li> <\/ul> <\/div> <div class=\"listing-details-3 c27-footer-section\"> <ul class=\"details-list no-list-style\"> <li class=\"\" > <span>ecstasy \ud83d\ude08 <\/span> <\/li> <\/ul> <\/div> <\/div><\/div>\t\t\t\t\t\t\t\t\t<div class=\"col-lg-4 col-md-4 col-sm-6 col-xs-12 grid-item\"><div class=\"lf-item-container listing-preview type-independante c27-verified no-logo has-tagline no-info-fields level-promoted priority-2\" data-id=\"listing-id-10042\" data-category-icon=\"\t&lt;i class=&quot;mi bookmark_border&quot; style=&quot;color: #fff; background: #f67675; &quot;&gt;&lt;\/i&gt;\t\" data-category-color=\"#f67675\" data-category-text-color=\"#fff\" data-thumbnail=\"https:\/\/meetgirl.ch\/wp-content\/themes\/my-listing\/assets\/images\/marker.jpg\" data-marker=\"https:\/\/meetgirl.ch\/wp-content\/themes\/my-listing\/assets\/images\/marker.jpg\" data-template=\"default\" data-locations=\"[{&quot;address&quot;:&quot;Lausanne, canton de Vaud, Suisse&quot;,&quot;lat&quot;:&quot;46.52071&quot;,&quot;lng&quot;:&quot;6.63253&quot;}]\"\n><div class=\"lf-item lf-item-default\" data-template=\"default\"> <a href=\"https:\/\/meetgirl.ch\/en\/escorts-2\/kristal-escort\/\"> <div class=\"overlay\" style=\" background-color: #242429; opacity: 0;\"><\/div> <div class=\"lf-background\" style=\"background-image: url('https:\/\/meetgirl.ch\/wp-content\/uploads\/2025\/06\/kristal-escort-768x1063.webp');\"><\/div> <div class=\"lf-item-info\"> <h4 class=\"case27-primary-text listing-preview-title\"> Kristal escort <img decoding=\"async\" height=\"18\" width=\"18\" alt=\"Verified listing\" class=\"verified-listing\" src=\"https:\/\/meetgirl.ch\/wp-content\/themes\/my-listing\/assets\/images\/tick.svg\"> <\/h4> <\/div> <\/a> <div class=\"lf-head level-promoted\"> <span class=\"tooltip-element tooltip-bottom\"> <div class=\"lf-head-btn ad-badge\"> <span><i class=\"icon-flash\"><\/i><\/span> <\/div> <span class=\"tooltip-container\">Promoted<\/span> <\/span> <\/div> <\/div> <div class=\"listing-details-3 c27-footer-section\"> <ul class=\"details-list no-list-style\"> <li class=\"\" > <span>Lausanne <\/span> <\/li> <li class=\"\" > <span> <div class=\"codicts-online-status\"><span class=\"codicts-dot cdtsols-online\"><\/span> <span class=\"cdtsols-txt\">Online<\/span><\/div> <\/span> <\/li> <\/ul> <\/div> <div class=\"listing-details-3 c27-footer-section\"> <ul class=\"details-list no-list-style\"> <li class=\"\" > <span>I LIKE A DEEP THROAT \ud83d\ude1d <\/span> <\/li> <\/ul> <\/div> <\/div><\/div>\t\t\t\t\t\t\t\t\t<div class=\"col-lg-4 col-md-4 col-sm-6 col-xs-12 grid-item\"><div class=\"lf-item-container listing-preview type-independante no-logo has-tagline no-info-fields level-promoted priority-2\" data-id=\"listing-id-9106\" data-category-icon=\"\t&lt;i class=&quot;mi bookmark_border&quot; style=&quot;color: #fff; background: #f67675; &quot;&gt;&lt;\/i&gt;\t\" data-category-color=\"#f67675\" data-category-text-color=\"#fff\" data-thumbnail=\"https:\/\/meetgirl.ch\/wp-content\/themes\/my-listing\/assets\/images\/marker.jpg\" data-marker=\"https:\/\/meetgirl.ch\/wp-content\/themes\/my-listing\/assets\/images\/marker.jpg\" data-template=\"default\" data-locations=\"[{&quot;address&quot;:&quot;Lausanne, canton de Vaud, Suisse&quot;,&quot;lat&quot;:&quot;46.52071&quot;,&quot;lng&quot;:&quot;6.63253&quot;}]\"\n><div class=\"lf-item lf-item-default\" data-template=\"default\"> <a href=\"https:\/\/meetgirl.ch\/en\/escorts-2\/coquine-2\/\"> <div class=\"overlay\" style=\" background-color: #242429; opacity: 0;\"><\/div> <div class=\"lf-background\" style=\"background-image: url('https:\/\/meetgirl.ch\/wp-content\/uploads\/2025\/06\/coquine.webp');\"><\/div> <div class=\"lf-item-info\"> <h4 class=\"case27-primary-text listing-preview-title\"> naughty <\/h4> <\/div> <\/a> <div class=\"lf-head level-promoted\"> <span class=\"tooltip-element tooltip-bottom\"> <div class=\"lf-head-btn ad-badge\"> <span><i class=\"icon-flash\"><\/i><\/span> <\/div> <span class=\"tooltip-container\">Promoted<\/span> <\/span> <\/div> <\/div> <div class=\"listing-details-3 c27-footer-section\"> <ul class=\"details-list no-list-style\"> <li class=\"\" > <span>Lausanne <\/span> <\/li> <li class=\"\" > <span> <div class=\"codicts-online-status\"><span class=\"codicts-dot cdtsols-online\"><\/span> <span class=\"cdtsols-txt\">Online<\/span><\/div> <\/span> <\/li> <\/ul> <\/div> <div class=\"listing-details-3 c27-footer-section\"> <ul class=\"details-list no-list-style\"> <li class=\"\" > <span>Hot bitch <\/span> <\/li> <\/ul> <\/div> <\/div><\/div>\t\t\t\t\t\t\t\t\t<div class=\"col-lg-4 col-md-4 col-sm-6 col-xs-12 grid-item\"><div class=\"lf-item-container listing-preview type-independante c27-verified no-logo has-tagline no-info-fields level-promoted priority-2\" data-id=\"listing-id-9073\" data-category-icon=\"\t&lt;i class=&quot;mi bookmark_border&quot; style=&quot;color: #fff; background: #f67675; &quot;&gt;&lt;\/i&gt;\t\" data-category-color=\"#f67675\" data-category-text-color=\"#fff\" data-thumbnail=\"https:\/\/meetgirl.ch\/wp-content\/themes\/my-listing\/assets\/images\/marker.jpg\" data-marker=\"https:\/\/meetgirl.ch\/wp-content\/themes\/my-listing\/assets\/images\/marker.jpg\" data-template=\"default\" data-locations=\"[{&quot;address&quot;:&quot;Lausanne, canton de Vaud, Suisse&quot;,&quot;lat&quot;:&quot;46.52071&quot;,&quot;lng&quot;:&quot;6.63253&quot;}]\"\n><div class=\"lf-item lf-item-default\" data-template=\"default\"> <a href=\"https:\/\/meetgirl.ch\/en\/escorts-2\/%f0%9f%94%a5-woman-with-dildo\/\"> <div class=\"overlay\" style=\" background-color: #242429; opacity: 0;\"><\/div> <div class=\"lf-background\" style=\"background-image: url('https:\/\/meetgirl.ch\/wp-content\/uploads\/2025\/06\/gode.webp');\"><\/div> <div class=\"lf-item-info\"> <h4 class=\"case27-primary-text listing-preview-title\"> \ud83d\udd25 Woman AU GODE <img decoding=\"async\" height=\"18\" width=\"18\" alt=\"Verified listing\" class=\"verified-listing\" src=\"https:\/\/meetgirl.ch\/wp-content\/themes\/my-listing\/assets\/images\/tick.svg\"> <\/h4> <\/div> <\/a> <div class=\"lf-head level-promoted\"> <span class=\"tooltip-element tooltip-bottom\"> <div class=\"lf-head-btn ad-badge\"> <span><i class=\"icon-flash\"><\/i><\/span> <\/div> <span class=\"tooltip-container\">Promoted<\/span> <\/span> <\/div> <\/div> <div class=\"listing-details-3 c27-footer-section\"> <ul class=\"details-list no-list-style\"> <li class=\"\" > <span>Lausanne <\/span> <\/li> <li class=\"\" > <span> <div class=\"codicts-online-status\"><span class=\"codicts-dot cdtsols-online\"><\/span> <span class=\"cdtsols-txt\">Online<\/span><\/div> <\/span> <\/li> <\/ul> <\/div> <div class=\"listing-details-3 c27-footer-section\"> <ul class=\"details-list no-list-style\"> <li class=\"\" > <span>Erotic Devotion \ud83c\udf3f <\/span> <\/li> <\/ul> <\/div> <\/div><\/div>\t\t\t\t\t\t\t<\/div>\r\n\t\t<\/div>\r\n\t<\/section>\r\n\r\n\t\t\t\t<\/div>\n\t\t\t\t<\/div>\n\t\t\t\t\t<\/div>\n\t\t\t\t<\/div>\n\t\t<div class=\"elementor-element elementor-element-b304c5d e-flex e-con-boxed e-con e-parent\" data-id=\"b304c5d\" data-element_type=\"container\" data-settings=\"{&quot;jet_parallax_layout_list&quot;:[]}\">\n\t\t\t\t\t<div class=\"e-con-inner\">\n\t\t\t\t<div class=\"elementor-element elementor-element-0216fd7 elementor-widget elementor-widget-text-editor\" data-id=\"0216fd7\" data-element_type=\"widget\" data-widget_type=\"text-editor.default\">\n\t\t\t\t<div class=\"elementor-widget-container\">\n\t\t\t\t\t\t\t\t\t<div style=\"color: white; font-family: Arial, sans-serif; line-height: 1.6;\">\n  <h1 style=\"font-size: 32px; font-weight: bold; text-align: center; color: #ff6f61;\">\n    Experience facesitting in Lausanne with expert escorts\n  <\/h1>\n\n  <h2 style=\"font-size: 28px; font-weight: bold; color: #ff6f61;\">\n    An intimate and intense experience in the heart of Lausanne\n  <\/h2>\n  Face-sitting, also known as \"queening\", is a form of oral pleasure in which one partner sits gently on the other's face for targeted stimulation. In Lausanne, this refined practice is attracting more and more fans, thanks in particular to the escorts who offer it in a careful, respectful and highly erotic setting.\n\n  <h2 style=\"font-size: 28px; font-weight: bold; color: #ff6f61;\">\n    What exactly is facesitting?\n  <\/h2>\n  This sensual position involves direct contact between the intimate areas and the partner's face. Facesitting can be gentle or more assertive, depending on the desires shared. Lausanne neighbourhoods like <strong>Flon<\/strong>, <strong>Ouchy<\/strong> or <strong>Chailly<\/strong> are home to escorts who provide this experience in a discreet and elegant setting.\n\n  <h2 style=\"font-size: 28px; font-weight: bold; color: #ff6f61;\">\n    Escorts in Lausanne: pleasure professionals\n  <\/h2>\n  Specialist escorts in Lausanne take care to establish clear boundaries and ensure smooth communication. Whether in a luxury hotel by the lake or a private flat in the city centre, they offer you an experience where sensuality goes hand in hand with respect.\n\n  <h3 style=\"font-size: 24px; font-weight: bold; color: #ff6f61;\">\n    An erotic game of gentle domination and complicity\n  <\/h3>\n  Face-sitting can be part of a dominant\/dominated dynamic, but always in a consensual atmosphere. In Lausanne, the escorts offer you controlled, subtle, never humiliating eroticism, where every gesture is attentive to your comfort.\n\n  <h2 style=\"font-size: 28px; font-weight: bold; color: #ff6f61;\">\n    Why choose facesitting with an escort in Lausanne?\n  <\/h2>\n  Using the services of a professional escort means you can enjoy this experience without fear, in a climate of trust and security. The escorts in Lausanne listen to your expectations and know how to personalise the encounter to make it unforgettable.\n\n  <h2 style=\"font-size: 28px; font-weight: bold; color: #ff6f61;\">\n    meetgirl.ch: the benchmark for facesitting in Lausanne\n  <\/h2>\n  The website <strong>meetgirl.ch<\/strong> has established itself as the benchmark platform for finding a facesitting escort in Lausanne. You'll discover a selection of authentic and refined profiles, with the option of filtering according to your preferences for a quick and efficient search.\n\n  <h3 style=\"font-size: 24px; font-weight: bold; color: #ff6f61;\">\n    A sensual and refined experience\n  <\/h3>\n  Whether you're a novice or an enlightened amateur, the Lausanne escorts invite you to explore this practice in a respectful, erotic and non-judgemental environment. Let yourself be tempted by this unique physical immersion, guided by professionals who are attentive to your desires.\n\n<\/div>\n\t\t\t\t\t\t\t\t<\/div>\n\t\t\t\t<\/div>\n\t\t\t\t\t<\/div>\n\t\t\t\t<\/div>\n\t\t\t\t<\/div>","protected":false},"excerpt":{"rendered":"<p>Exp\u00e9rimentez le facesitting \u00e0 Lausanne avec des escortes expertes Une pratique intime et intense au c\u0153ur de Lausanne Le facesitting, aussi appel\u00e9 \u00ab queening \u00bb, est une forme de plaisir oral o\u00f9 l\u2019un des partenaires s\u2019installe d\u00e9licatement sur le visage de l\u2019autre pour une stimulation cibl\u00e9e. \u00c0 Lausanne, cette pratique raffin\u00e9e s\u00e9duit de plus en [&hellip;]<\/p>","protected":false},"author":3,"featured_media":0,"parent":0,"menu_order":0,"comment_status":"closed","ping_status":"closed","template":"","meta":{"footnotes":""},"class_list":["post-10532","page","type-page","status-publish","hentry"],"acf":[],"yoast_head":"<!-- This site is optimized with the Yoast SEO plugin v26.0 - https:\/\/yoast.com\/wordpress\/plugins\/seo\/ -->\n<title>Facesitting Lausanne - Meetgirl - Annonces \u00e9rotiques - Escorts, massages et salons<\/title>\n<meta name=\"description\" content=\"D\u00e9couvrez le facesitting \u00e0 Lausanne avec des escortes expertes. Discr\u00e9tion, sensualit\u00e9 et plaisir assur\u00e9s sur meetgirl.ch.\" \/>\n<meta name=\"robots\" content=\"index, follow, max-snippet:-1, max-image-preview:large, max-video-preview:-1\" \/>\n<link rel=\"canonical\" href=\"https:\/\/meetgirl.ch\/en\/facesitting-lausanne\/\" \/>\n<meta property=\"og:locale\" content=\"en_GB\" \/>\n<meta property=\"og:type\" content=\"article\" \/>\n<meta property=\"og:title\" content=\"Facesitting Lausanne - Meetgirl - Annonces \u00e9rotiques - Escorts, massages et salons\" \/>\n<meta property=\"og:description\" content=\"D\u00e9couvrez le facesitting \u00e0 Lausanne avec des escortes expertes. Discr\u00e9tion, sensualit\u00e9 et plaisir assur\u00e9s sur meetgirl.ch.\" \/>\n<meta property=\"og:url\" content=\"https:\/\/meetgirl.ch\/en\/facesitting-lausanne\/\" \/>\n<meta property=\"og:site_name\" content=\"Meetgirl - Annonces \u00e9rotiques - Escorts, massages et salons\" \/>\n<meta property=\"article:modified_time\" content=\"2025-07-06T10:27:52+00:00\" \/>\n<meta property=\"og:image\" content=\"https:\/\/meetgirl.ch\/wp-content\/uploads\/2025\/03\/meetgirl-yoast.jpg\" \/>\n\t<meta property=\"og:image:width\" content=\"1200\" \/>\n\t<meta property=\"og:image:height\" content=\"675\" \/>\n\t<meta property=\"og:image:type\" content=\"image\/jpeg\" \/>\n<meta name=\"twitter:card\" content=\"summary_large_image\" \/>\n<meta name=\"twitter:label1\" content=\"Estimated reading time\" \/>\n\t<meta name=\"twitter:data1\" content=\"4 minutes\" \/>\n<script type=\"application\/ld+json\" class=\"yoast-schema-graph\">{\"@context\":\"https:\/\/schema.org\",\"@graph\":[{\"@type\":\"WebPage\",\"@id\":\"https:\/\/meetgirl.ch\/facesitting-lausanne\/\",\"url\":\"https:\/\/meetgirl.ch\/facesitting-lausanne\/\",\"name\":\"Facesitting Lausanne - Meetgirl - Annonces \u00e9rotiques - Escorts, massages et salons\",\"isPartOf\":{\"@id\":\"https:\/\/meetgirl.ch\/#website\"},\"datePublished\":\"2025-07-06T10:26:39+00:00\",\"dateModified\":\"2025-07-06T10:27:52+00:00\",\"description\":\"D\u00e9couvrez le facesitting \u00e0 Lausanne avec des escortes expertes. Discr\u00e9tion, sensualit\u00e9 et plaisir assur\u00e9s sur meetgirl.ch.\",\"breadcrumb\":{\"@id\":\"https:\/\/meetgirl.ch\/facesitting-lausanne\/#breadcrumb\"},\"inLanguage\":\"en-GB\",\"potentialAction\":[{\"@type\":\"ReadAction\",\"target\":[\"https:\/\/meetgirl.ch\/facesitting-lausanne\/\"]}]},{\"@type\":\"BreadcrumbList\",\"@id\":\"https:\/\/meetgirl.ch\/facesitting-lausanne\/#breadcrumb\",\"itemListElement\":[{\"@type\":\"ListItem\",\"position\":1,\"name\":\"Accueil\",\"item\":\"https:\/\/meetgirl.ch\/\"},{\"@type\":\"ListItem\",\"position\":2,\"name\":\"Facesitting Lausanne\"}]},{\"@type\":\"WebSite\",\"@id\":\"https:\/\/meetgirl.ch\/#website\",\"url\":\"https:\/\/meetgirl.ch\/\",\"name\":\"MeetGirl - Annonces \u00e9rotiques Suisse - Escorts, massages et salons\",\"description\":\"Escorts et massages \u00e9rotiques\",\"publisher\":{\"@id\":\"https:\/\/meetgirl.ch\/#organization\"},\"alternateName\":\"Annuaire \u00e9rotique Suisse Escort \u00e0 Gen\u00e8ve, Lausanne, Valais, Neuch\u00e2tel\",\"potentialAction\":[{\"@type\":\"SearchAction\",\"target\":{\"@type\":\"EntryPoint\",\"urlTemplate\":\"https:\/\/meetgirl.ch\/?s={search_term_string}\"},\"query-input\":{\"@type\":\"PropertyValueSpecification\",\"valueRequired\":true,\"valueName\":\"search_term_string\"}}],\"inLanguage\":\"en-GB\"},{\"@type\":\"Organization\",\"@id\":\"https:\/\/meetgirl.ch\/#organization\",\"name\":\"Escort et massage \u00e9rotique\",\"alternateName\":\"Meetgirl escortes et masseuses\",\"url\":\"https:\/\/meetgirl.ch\/\",\"logo\":{\"@type\":\"ImageObject\",\"inLanguage\":\"en-GB\",\"@id\":\"https:\/\/meetgirl.ch\/#\/schema\/logo\/image\/\",\"url\":\"https:\/\/meetgirl.ch\/wp-content\/uploads\/2024\/05\/cropped-meet-logo.png\",\"contentUrl\":\"https:\/\/meetgirl.ch\/wp-content\/uploads\/2024\/05\/cropped-meet-logo.png\",\"width\":512,\"height\":512,\"caption\":\"Escort et massage \u00e9rotique\"},\"image\":{\"@id\":\"https:\/\/meetgirl.ch\/#\/schema\/logo\/image\/\"}}]}<\/script>\n<!-- \/ Yoast SEO plugin. -->","yoast_head_json":{"title":"Facesitting Lausanne - Meetgirl - Erotic ads - Escorts, massages and parlours","description":"Discover facesitting in Lausanne with expert escorts. Discretion, sensuality and pleasure guaranteed on meetgirl.ch.","robots":{"index":"index","follow":"follow","max-snippet":"max-snippet:-1","max-image-preview":"max-image-preview:large","max-video-preview":"max-video-preview:-1"},"canonical":"https:\/\/meetgirl.ch\/en\/facesitting-lausanne\/","og_locale":"en_GB","og_type":"article","og_title":"Facesitting Lausanne - Meetgirl - Annonces \u00e9rotiques - Escorts, massages et salons","og_description":"D\u00e9couvrez le facesitting \u00e0 Lausanne avec des escortes expertes. Discr\u00e9tion, sensualit\u00e9 et plaisir assur\u00e9s sur meetgirl.ch.","og_url":"https:\/\/meetgirl.ch\/en\/facesitting-lausanne\/","og_site_name":"Meetgirl - Annonces \u00e9rotiques - Escorts, massages et salons","article_modified_time":"2025-07-06T10:27:52+00:00","og_image":[{"width":1200,"height":675,"url":"https:\/\/meetgirl.ch\/wp-content\/uploads\/2025\/03\/meetgirl-yoast.jpg","type":"image\/jpeg"}],"twitter_card":"summary_large_image","twitter_misc":{"Estimated reading time":"4 minutes"},"schema":{"@context":"https:\/\/schema.org","@graph":[{"@type":"WebPage","@id":"https:\/\/meetgirl.ch\/facesitting-lausanne\/","url":"https:\/\/meetgirl.ch\/facesitting-lausanne\/","name":"Facesitting Lausanne - Meetgirl - Erotic ads - Escorts, massages and parlours","isPartOf":{"@id":"https:\/\/meetgirl.ch\/#website"},"datePublished":"2025-07-06T10:26:39+00:00","dateModified":"2025-07-06T10:27:52+00:00","description":"Discover facesitting in Lausanne with expert escorts. Discretion, sensuality and pleasure guaranteed on meetgirl.ch.","breadcrumb":{"@id":"https:\/\/meetgirl.ch\/facesitting-lausanne\/#breadcrumb"},"inLanguage":"en-GB","potentialAction":[{"@type":"ReadAction","target":["https:\/\/meetgirl.ch\/facesitting-lausanne\/"]}]},{"@type":"BreadcrumbList","@id":"https:\/\/meetgirl.ch\/facesitting-lausanne\/#breadcrumb","itemListElement":[{"@type":"ListItem","position":1,"name":"Accueil","item":"https:\/\/meetgirl.ch\/"},{"@type":"ListItem","position":2,"name":"Facesitting Lausanne"}]},{"@type":"WebSite","@id":"https:\/\/meetgirl.ch\/#website","url":"https:\/\/meetgirl.ch\/","name":"MeetGirl - Erotic ads Switzerland - Escorts, massages and parlours","description":"Escorts and erotic massages","publisher":{"@id":"https:\/\/meetgirl.ch\/#organization"},"alternateName":"Annuaire \u00e9rotique Suisse Escort \u00e0 Gen\u00e8ve, Lausanne, Valais, Neuch\u00e2tel","potentialAction":[{"@type":"SearchAction","target":{"@type":"EntryPoint","urlTemplate":"https:\/\/meetgirl.ch\/?s={search_term_string}"},"query-input":{"@type":"PropertyValueSpecification","valueRequired":true,"valueName":"search_term_string"}}],"inLanguage":"en-GB"},{"@type":"Organization","@id":"https:\/\/meetgirl.ch\/#organization","name":"Escort and erotic massage","alternateName":"Meetgirl escortes et masseuses","url":"https:\/\/meetgirl.ch\/","logo":{"@type":"ImageObject","inLanguage":"en-GB","@id":"https:\/\/meetgirl.ch\/#\/schema\/logo\/image\/","url":"https:\/\/meetgirl.ch\/wp-content\/uploads\/2024\/05\/cropped-meet-logo.png","contentUrl":"https:\/\/meetgirl.ch\/wp-content\/uploads\/2024\/05\/cropped-meet-logo.png","width":512,"height":512,"caption":"Escort et massage \u00e9rotique"},"image":{"@id":"https:\/\/meetgirl.ch\/#\/schema\/logo\/image\/"}}]}},"_links":{"self":[{"href":"https:\/\/meetgirl.ch\/en\/wp-json\/wp\/v2\/pages\/10532","targetHints":{"allow":["GET"]}}],"collection":[{"href":"https:\/\/meetgirl.ch\/en\/wp-json\/wp\/v2\/pages"}],"about":[{"href":"https:\/\/meetgirl.ch\/en\/wp-json\/wp\/v2\/types\/page"}],"author":[{"embeddable":true,"href":"https:\/\/meetgirl.ch\/en\/wp-json\/wp\/v2\/users\/3"}],"replies":[{"embeddable":true,"href":"https:\/\/meetgirl.ch\/en\/wp-json\/wp\/v2\/comments?post=10532"}],"version-history":[{"count":0,"href":"https:\/\/meetgirl.ch\/en\/wp-json\/wp\/v2\/pages\/10532\/revisions"}],"wp:attachment":[{"href":"https:\/\/meetgirl.ch\/en\/wp-json\/wp\/v2\/media?parent=10532"}],"curies":[{"name":"wp","href":"https:\/\/api.w.org\/{rel}","templated":true}]}}