{"id":10537,"date":"2025-07-06T10:30:21","date_gmt":"2025-07-06T10:30:21","guid":{"rendered":"https:\/\/meetgirl.ch\/?page_id=10537"},"modified":"2025-07-06T10:31:44","modified_gmt":"2025-07-06T10:31:44","slug":"sex-toys-lausanne","status":"publish","type":"page","link":"https:\/\/meetgirl.ch\/en\/sex-toys-lausanne\/","title":{"rendered":"sex toys lausanne"},"content":{"rendered":"<div data-elementor-type=\"wp-page\" data-elementor-id=\"10537\" class=\"elementor elementor-10537\">\n\t\t\t\t<div class=\"elementor-element elementor-element-0b128c6 e-flex e-con-boxed e-con e-parent\" data-id=\"0b128c6\" data-element_type=\"container\" data-settings=\"{&quot;jet_parallax_layout_list&quot;:[]}\">\n\t\t\t\t\t<div class=\"e-con-inner\">\n\t\t\t\t<div class=\"elementor-element elementor-element-897b23a elementor-widget elementor-widget-case27-listing-feed-widget\" data-id=\"897b23a\" data-element_type=\"widget\" data-widget_type=\"case27-listing-feed-widget.default\">\n\t\t\t\t<div class=\"elementor-widget-container\">\n\t\t\t\t\t\t\t<section class=\"i-section listing-feed\">\r\n\t\t<div class=\"container-fluid\">\r\n\t\t\t<div class=\"row section-body grid\">\r\n\t\t\t\t\t\t\t\t\t<div class=\"col-lg-4 col-md-4 col-sm-6 col-xs-12 grid-item\"><div class=\"lf-item-container listing-preview type-independante c27-verified no-logo has-tagline no-info-fields level-promoted priority-2\" data-id=\"listing-id-16551\" data-category-icon=\"\t&lt;i class=&quot;mi bookmark_border&quot; style=&quot;color: #fff; background: #f67675; &quot;&gt;&lt;\/i&gt;\t\" data-category-color=\"#f67675\" data-category-text-color=\"#fff\" data-thumbnail=\"https:\/\/meetgirl.ch\/wp-content\/themes\/my-listing\/assets\/images\/marker.jpg\" data-marker=\"https:\/\/meetgirl.ch\/wp-content\/themes\/my-listing\/assets\/images\/marker.jpg\" data-template=\"default\" data-locations=\"[{&quot;address&quot;:&quot;Rue De L&#039;industrie 7, 1005 Lausanne, Suisse&quot;,&quot;lat&quot;:&quot;46.52591&quot;,&quot;lng&quot;:&quot;6.63848&quot;}]\"\n><div class=\"lf-item lf-item-default\" data-template=\"default\"> <a href=\"https:\/\/meetgirl.ch\/en\/escorts-2\/diana-5\/\"> <div class=\"overlay\" style=\" background-color: #242429; opacity: 0;\"><\/div> <div class=\"lf-background\" style=\"background-image: url('https:\/\/meetgirl.ch\/wp-content\/uploads\/listing-uploads\/cover\/2025\/11\/Snapchat-19137046793.jpg');\"><\/div> <div class=\"lf-item-info\"> <h4 class=\"case27-primary-text listing-preview-title\"> Diana <img decoding=\"async\" height=\"18\" width=\"18\" alt=\"Verified listing\" class=\"verified-listing\" src=\"https:\/\/meetgirl.ch\/wp-content\/themes\/my-listing\/assets\/images\/tick.svg\"> <\/h4> <\/div> <\/a> <div class=\"lf-head level-promoted\"> <span class=\"tooltip-element tooltip-bottom\"> <div class=\"lf-head-btn ad-badge\"> <span><i class=\"icon-flash\"><\/i><\/span> <\/div> <span class=\"tooltip-container\">Promoted<\/span> <\/span> <\/div> <\/div> <div class=\"listing-details-3 c27-footer-section\"> <ul class=\"details-list no-list-style\"> <li class=\"\" > <span>Lausanne <\/span> <\/li> <li class=\"\" > <span> <div class=\"codicts-online-status\"><span class=\"codicts-dot cdtsols-offline\"><\/span> <span class=\"cdtsols-txt\">-24H<\/span><\/div> <\/span> <\/li> <\/ul> <\/div> <div class=\"listing-details-3 c27-footer-section\"> <ul class=\"details-list no-list-style\"> <li class=\"\" > <span>hot and humid <\/span> <\/li> <\/ul> <\/div> <\/div><\/div>\t\t\t\t\t\t\t\t\t<div class=\"col-lg-4 col-md-4 col-sm-6 col-xs-12 grid-item\"><div class=\"lf-item-container listing-preview type-independante no-logo has-tagline no-info-fields level-promoted priority-2\" data-id=\"listing-id-15816\" data-category-icon=\"\t&lt;i class=&quot;mi bookmark_border&quot; style=&quot;color: #fff; background: #f67675; &quot;&gt;&lt;\/i&gt;\t\" data-category-color=\"#f67675\" data-category-text-color=\"#fff\" data-thumbnail=\"https:\/\/meetgirl.ch\/wp-content\/themes\/my-listing\/assets\/images\/marker.jpg\" data-marker=\"https:\/\/meetgirl.ch\/wp-content\/themes\/my-listing\/assets\/images\/marker.jpg\" data-template=\"default\" data-locations=\"[{&quot;address&quot;:&quot;Lausanne, canton de Vaud, Suisse&quot;,&quot;lat&quot;:&quot;46.52071&quot;,&quot;lng&quot;:&quot;6.63253&quot;}]\"\n><div class=\"lf-item lf-item-default\" data-template=\"default\"> <a href=\"https:\/\/meetgirl.ch\/en\/escorts-2\/tyha\/\"> <div class=\"overlay\" style=\" background-color: #242429; opacity: 0;\"><\/div> <div class=\"lf-background\" style=\"background-image: url('https:\/\/meetgirl.ch\/wp-content\/uploads\/listing-uploads\/cover\/2025\/10\/IMG-20241129-WA0192-768x940.jpg');\"><\/div> <div class=\"lf-item-info\"> <h4 class=\"case27-primary-text listing-preview-title\"> Tyha <\/h4> <\/div> <\/a> <div class=\"lf-head level-promoted\"> <span class=\"tooltip-element tooltip-bottom\"> <div class=\"lf-head-btn ad-badge\"> <span><i class=\"icon-flash\"><\/i><\/span> <\/div> <span class=\"tooltip-container\">Promoted<\/span> <\/span> <\/div> <\/div> <div class=\"listing-details-3 c27-footer-section\"> <ul class=\"details-list no-list-style\"> <li class=\"\" > <span>Lausanne <\/span> <\/li> <li class=\"\" > <span> <div class=\"codicts-online-status\"><span class=\"codicts-dot cdtsols-offline\"><\/span> <span class=\"cdtsols-txt\">-24H<\/span><\/div> <\/span> <\/li> <\/ul> <\/div> <div class=\"listing-details-3 c27-footer-section\"> <ul class=\"details-list no-list-style\"> <li class=\"\" > <span>Hot babe <\/span> <\/li> <\/ul> <\/div> <\/div><\/div>\t\t\t\t\t\t\t\t\t<div class=\"col-lg-4 col-md-4 col-sm-6 col-xs-12 grid-item\"><div class=\"lf-item-container listing-preview type-independante c27-verified no-logo has-tagline no-info-fields level-promoted priority-2\" data-id=\"listing-id-7183\" data-category-icon=\"\t&lt;i class=&quot;mi bookmark_border&quot; style=&quot;color: #fff; background: #f67675; &quot;&gt;&lt;\/i&gt;\t\" data-category-color=\"#f67675\" data-category-text-color=\"#fff\" data-thumbnail=\"https:\/\/meetgirl.ch\/wp-content\/themes\/my-listing\/assets\/images\/marker.jpg\" data-marker=\"https:\/\/meetgirl.ch\/wp-content\/themes\/my-listing\/assets\/images\/marker.jpg\" data-template=\"default\" data-locations=\"[{&quot;address&quot;:&quot;Placette Du Tunnel, 1005 Lausanne, Suisse&quot;,&quot;lat&quot;:&quot;46.52555&quot;,&quot;lng&quot;:&quot;6.63648&quot;}]\"\n><div class=\"lf-item lf-item-default\" data-template=\"default\"> <a href=\"https:\/\/meetgirl.ch\/en\/escorts-2\/camilla\/\"> <div class=\"overlay\" style=\" background-color: #242429; opacity: 0;\"><\/div> <div class=\"lf-background\" style=\"background-image: url('https:\/\/meetgirl.ch\/wp-content\/uploads\/listing-uploads\/cover\/2025\/06\/WhatsApp-Image-2025-06-13-at-12.52.161.jpeg');\"><\/div> <div class=\"lf-item-info\"> <h4 class=\"case27-primary-text listing-preview-title\"> Camilla escort <img decoding=\"async\" height=\"18\" width=\"18\" alt=\"Verified listing\" class=\"verified-listing\" src=\"https:\/\/meetgirl.ch\/wp-content\/themes\/my-listing\/assets\/images\/tick.svg\"> <\/h4> <\/div> <\/a> <div class=\"lf-head level-promoted\"> <span class=\"tooltip-element tooltip-bottom\"> <div class=\"lf-head-btn ad-badge\"> <span><i class=\"icon-flash\"><\/i><\/span> <\/div> <span class=\"tooltip-container\">Promoted<\/span> <\/span> <\/div> <\/div> <div class=\"listing-details-3 c27-footer-section\"> <ul class=\"details-list no-list-style\"> <li class=\"\" > <span>Lausanne <\/span> <\/li> <li class=\"\" > <span> <div class=\"codicts-online-status\"><span class=\"codicts-dot cdtsols-offline\"><\/span> <span class=\"cdtsols-txt\">-24H<\/span><\/div> <\/span> <\/li> <\/ul> <\/div> <div class=\"listing-details-3 c27-footer-section\"> <ul class=\"details-list no-list-style\"> <li class=\"\" > <span>Super sexy and sensual <\/span> <\/li> <\/ul> <\/div> <\/div><\/div>\t\t\t\t\t\t\t<\/div>\r\n\t\t<\/div>\r\n\t<\/section>\r\n\r\n\t\t\t\t<\/div>\n\t\t\t\t<\/div>\n\t\t\t\t\t<\/div>\n\t\t\t\t<\/div>\n\t\t<div class=\"elementor-element elementor-element-022c6b0 e-flex e-con-boxed e-con e-parent\" data-id=\"022c6b0\" data-element_type=\"container\" data-settings=\"{&quot;jet_parallax_layout_list&quot;:[]}\">\n\t\t\t\t\t<div class=\"e-con-inner\">\n\t\t\t\t<div class=\"elementor-element elementor-element-d64b821 elementor-widget elementor-widget-text-editor\" data-id=\"d64b821\" data-element_type=\"widget\" data-widget_type=\"text-editor.default\">\n\t\t\t\t<div class=\"elementor-widget-container\">\n\t\t\t\t\t\t\t\t\t<div style=\"color: white; font-family: Arial, sans-serif; line-height: 1.6;\">\n  <h1 style=\"font-size: 32px; font-weight: bold; text-align: center; color: #ff6f61;\">\n    Explore your sexual fetishes in Lausanne with a specialist escort\n  <\/h1>\n\n  <h2 style=\"font-size: 28px; font-weight: bold; color: #ff6f61;\">\n    Live out your fantasies in Lausanne\n  <\/h2>\n  Are you fascinated by fetish games? In Lausanne, a number of escorts offer tailor-made experiences based around your favourite fetishes, in a respectful, non-judgemental atmosphere that's full of sensations.\n\n  <h2 style=\"font-size: 28px; font-weight: bold; color: #ff6f61;\">\n    What is sexual fetishism?\n  <\/h2>\n  Fetishism consists of feeling pleasure in the presence of an object, item of clothing or part of the body. In Lausanne, experienced escorts allow you to explore a variety of fetishes in areas such as <strong>Flon<\/strong>, <strong>Sallaz<\/strong>, <strong>Ouchy<\/strong> or <strong>Chauderon<\/strong>.\n\n  <h2 style=\"font-size: 28px; font-weight: bold; color: #ff6f61;\">\n    Why use an escort in Lausanne for your fetishes?\n  <\/h2>\n  An escort specialising in fetishes will put you at ease, listen to your desires and use fetish objects with subtlety and sensitivity. It's a way of living out your fantasies in a safe and supportive environment.\n\n  <h3 style=\"font-size: 24px; font-weight: bold; color: #ff6f61;\">\n    Examples of fetishes taken into account\n  <\/h3>\n  Escorts in Lausanne are often open to :\n  <ul>\n    <li>Leather heels or boots<\/li>\n    <li>Women's underwear<\/li>\n    <li>Foot and toe fetishes<\/li>\n    <li>Silk or latex stockings, tights and gloves<\/li>\n    <li>Tattoos or piercings<\/li>\n  <\/ul>\n\n  <h2 style=\"font-size: 28px; font-weight: bold; color: #ff6f61;\">\n    Respect, the cornerstone of a successful fetish encounter\n  <\/h2>\n  Trust and mutual consent are essential. Before any session, the escort will discuss your expectations and limits with you to ensure a pleasant experience.\n\n  <h2 style=\"font-size: 28px; font-weight: bold; color: #ff6f61;\">\n    An unforgettable fetish experience in Lausanne\n  <\/h2>\n  Thanks to <strong>meetgirl.ch<\/strong>It's easy to find escorts specialising in fetishes in Lausanne. Disguises, accessories, staging: everything is designed to stimulate your imagination.\n\n  <h3 style=\"font-size: 24px; font-weight: bold; color: #ff6f61;\">\n    An intimate moment made to measure\n  <\/h3>\n  Treat yourself to a sensual interlude with an escort in Lausanne who will listen to your fetish desires. Experience new sensations in a discreet and caring environment.\n\n<\/div>\n\t\t\t\t\t\t\t\t<\/div>\n\t\t\t\t<\/div>\n\t\t\t\t\t<\/div>\n\t\t\t\t<\/div>\n\t\t\t\t<\/div>","protected":false},"excerpt":{"rendered":"<p>Explorez vos f\u00e9tiches sexuels \u00e0 Lausanne avec une escort sp\u00e9cialis\u00e9e Vivez vos fantasmes librement \u00e0 Lausanne Vous \u00eates fascin\u00e9 par les jeux de f\u00e9tichisme ? \u00c0 Lausanne, certaines escortes offrent des exp\u00e9riences sur mesure autour de vos f\u00e9tiches pr\u00e9f\u00e9r\u00e9s, dans une ambiance respectueuse, sans jugement et riche en sensations. Qu&rsquo;est-ce que le f\u00e9tichisme sexuel ? [&hellip;]<\/p>","protected":false},"author":3,"featured_media":0,"parent":0,"menu_order":0,"comment_status":"closed","ping_status":"closed","template":"","meta":{"footnotes":""},"class_list":["post-10537","page","type-page","status-publish","hentry"],"acf":[],"yoast_head":"<!-- This site is optimized with the Yoast SEO plugin v26.0 - https:\/\/yoast.com\/wordpress\/plugins\/seo\/ -->\n<title>fetiches sexuels lausanne - Meetgirl - Annonces \u00e9rotiques - Escorts, massages et salons<\/title>\n<meta name=\"description\" content=\"Explorez vos f\u00e9tiches sexuels \u00e0 Lausanne avec des escortes discr\u00e8tes. Sur meetgirl.ch, vivez vos fantasmes librement et sans jugement.\" \/>\n<meta name=\"robots\" content=\"index, follow, max-snippet:-1, max-image-preview:large, max-video-preview:-1\" \/>\n<link rel=\"canonical\" href=\"https:\/\/meetgirl.ch\/en\/sex-toys-lausanne\/\" \/>\n<meta property=\"og:locale\" content=\"en_GB\" \/>\n<meta property=\"og:type\" content=\"article\" \/>\n<meta property=\"og:title\" content=\"fetiches sexuels lausanne - Meetgirl - Annonces \u00e9rotiques - Escorts, massages et salons\" \/>\n<meta property=\"og:description\" content=\"Explorez vos f\u00e9tiches sexuels \u00e0 Lausanne avec des escortes discr\u00e8tes. Sur meetgirl.ch, vivez vos fantasmes librement et sans jugement.\" \/>\n<meta property=\"og:url\" content=\"https:\/\/meetgirl.ch\/en\/sex-toys-lausanne\/\" \/>\n<meta property=\"og:site_name\" content=\"Meetgirl - Annonces \u00e9rotiques - Escorts, massages et salons\" \/>\n<meta property=\"article:modified_time\" content=\"2025-07-06T10:31:44+00:00\" \/>\n<meta property=\"og:image\" content=\"https:\/\/meetgirl.ch\/wp-content\/uploads\/2025\/03\/meetgirl-yoast.jpg\" \/>\n\t<meta property=\"og:image:width\" content=\"1200\" \/>\n\t<meta property=\"og:image:height\" content=\"675\" \/>\n\t<meta property=\"og:image:type\" content=\"image\/jpeg\" \/>\n<meta name=\"twitter:card\" content=\"summary_large_image\" \/>\n<meta name=\"twitter:label1\" content=\"Estimated reading time\" \/>\n\t<meta name=\"twitter:data1\" content=\"3 minutes\" \/>\n<script type=\"application\/ld+json\" class=\"yoast-schema-graph\">{\"@context\":\"https:\/\/schema.org\",\"@graph\":[{\"@type\":\"WebPage\",\"@id\":\"https:\/\/meetgirl.ch\/fetiches-sexuels-lausanne\/\",\"url\":\"https:\/\/meetgirl.ch\/fetiches-sexuels-lausanne\/\",\"name\":\"fetiches sexuels lausanne - Meetgirl - Annonces \u00e9rotiques - Escorts, massages et salons\",\"isPartOf\":{\"@id\":\"https:\/\/meetgirl.ch\/#website\"},\"datePublished\":\"2025-07-06T10:30:21+00:00\",\"dateModified\":\"2025-07-06T10:31:44+00:00\",\"description\":\"Explorez vos f\u00e9tiches sexuels \u00e0 Lausanne avec des escortes discr\u00e8tes. Sur meetgirl.ch, vivez vos fantasmes librement et sans jugement.\",\"breadcrumb\":{\"@id\":\"https:\/\/meetgirl.ch\/fetiches-sexuels-lausanne\/#breadcrumb\"},\"inLanguage\":\"en-GB\",\"potentialAction\":[{\"@type\":\"ReadAction\",\"target\":[\"https:\/\/meetgirl.ch\/fetiches-sexuels-lausanne\/\"]}]},{\"@type\":\"BreadcrumbList\",\"@id\":\"https:\/\/meetgirl.ch\/fetiches-sexuels-lausanne\/#breadcrumb\",\"itemListElement\":[{\"@type\":\"ListItem\",\"position\":1,\"name\":\"Accueil\",\"item\":\"https:\/\/meetgirl.ch\/\"},{\"@type\":\"ListItem\",\"position\":2,\"name\":\"fetiches sexuels lausanne\"}]},{\"@type\":\"WebSite\",\"@id\":\"https:\/\/meetgirl.ch\/#website\",\"url\":\"https:\/\/meetgirl.ch\/\",\"name\":\"MeetGirl - Annonces \u00e9rotiques Suisse - Escorts, massages et salons\",\"description\":\"Escorts et massages \u00e9rotiques\",\"publisher\":{\"@id\":\"https:\/\/meetgirl.ch\/#organization\"},\"alternateName\":\"Annuaire \u00e9rotique Suisse Escort \u00e0 Gen\u00e8ve, Lausanne, Valais, Neuch\u00e2tel\",\"potentialAction\":[{\"@type\":\"SearchAction\",\"target\":{\"@type\":\"EntryPoint\",\"urlTemplate\":\"https:\/\/meetgirl.ch\/?s={search_term_string}\"},\"query-input\":{\"@type\":\"PropertyValueSpecification\",\"valueRequired\":true,\"valueName\":\"search_term_string\"}}],\"inLanguage\":\"en-GB\"},{\"@type\":\"Organization\",\"@id\":\"https:\/\/meetgirl.ch\/#organization\",\"name\":\"Escort et massage \u00e9rotique\",\"alternateName\":\"Meetgirl escortes et masseuses\",\"url\":\"https:\/\/meetgirl.ch\/\",\"logo\":{\"@type\":\"ImageObject\",\"inLanguage\":\"en-GB\",\"@id\":\"https:\/\/meetgirl.ch\/#\/schema\/logo\/image\/\",\"url\":\"https:\/\/meetgirl.ch\/wp-content\/uploads\/2024\/05\/cropped-meet-logo.png\",\"contentUrl\":\"https:\/\/meetgirl.ch\/wp-content\/uploads\/2024\/05\/cropped-meet-logo.png\",\"width\":512,\"height\":512,\"caption\":\"Escort et massage \u00e9rotique\"},\"image\":{\"@id\":\"https:\/\/meetgirl.ch\/#\/schema\/logo\/image\/\"}}]}<\/script>\n<!-- \/ Yoast SEO plugin. -->","yoast_head_json":{"title":"fetiches sexuels lausanne - Meetgirl - Erotic ads - Escorts, massages and parlours","description":"Explore your sexual fetishes in Lausanne with discreet escorts. On meetgirl.ch, live out your fantasies freely and without judgement.","robots":{"index":"index","follow":"follow","max-snippet":"max-snippet:-1","max-image-preview":"max-image-preview:large","max-video-preview":"max-video-preview:-1"},"canonical":"https:\/\/meetgirl.ch\/en\/sex-toys-lausanne\/","og_locale":"en_GB","og_type":"article","og_title":"fetiches sexuels lausanne - Meetgirl - Annonces \u00e9rotiques - Escorts, massages et salons","og_description":"Explorez vos f\u00e9tiches sexuels \u00e0 Lausanne avec des escortes discr\u00e8tes. Sur meetgirl.ch, vivez vos fantasmes librement et sans jugement.","og_url":"https:\/\/meetgirl.ch\/en\/sex-toys-lausanne\/","og_site_name":"Meetgirl - Annonces \u00e9rotiques - Escorts, massages et salons","article_modified_time":"2025-07-06T10:31:44+00:00","og_image":[{"width":1200,"height":675,"url":"https:\/\/meetgirl.ch\/wp-content\/uploads\/2025\/03\/meetgirl-yoast.jpg","type":"image\/jpeg"}],"twitter_card":"summary_large_image","twitter_misc":{"Estimated reading time":"3 minutes"},"schema":{"@context":"https:\/\/schema.org","@graph":[{"@type":"WebPage","@id":"https:\/\/meetgirl.ch\/fetiches-sexuels-lausanne\/","url":"https:\/\/meetgirl.ch\/fetiches-sexuels-lausanne\/","name":"fetiches sexuels lausanne - Meetgirl - Erotic ads - Escorts, massages and parlours","isPartOf":{"@id":"https:\/\/meetgirl.ch\/#website"},"datePublished":"2025-07-06T10:30:21+00:00","dateModified":"2025-07-06T10:31:44+00:00","description":"Explore your sexual fetishes in Lausanne with discreet escorts. On meetgirl.ch, live out your fantasies freely and without judgement.","breadcrumb":{"@id":"https:\/\/meetgirl.ch\/fetiches-sexuels-lausanne\/#breadcrumb"},"inLanguage":"en-GB","potentialAction":[{"@type":"ReadAction","target":["https:\/\/meetgirl.ch\/fetiches-sexuels-lausanne\/"]}]},{"@type":"BreadcrumbList","@id":"https:\/\/meetgirl.ch\/fetiches-sexuels-lausanne\/#breadcrumb","itemListElement":[{"@type":"ListItem","position":1,"name":"Accueil","item":"https:\/\/meetgirl.ch\/"},{"@type":"ListItem","position":2,"name":"fetiches sexuels lausanne"}]},{"@type":"WebSite","@id":"https:\/\/meetgirl.ch\/#website","url":"https:\/\/meetgirl.ch\/","name":"MeetGirl - Erotic ads Switzerland - Escorts, massages and parlours","description":"Escorts and erotic massages","publisher":{"@id":"https:\/\/meetgirl.ch\/#organization"},"alternateName":"Annuaire \u00e9rotique Suisse Escort \u00e0 Gen\u00e8ve, Lausanne, Valais, Neuch\u00e2tel","potentialAction":[{"@type":"SearchAction","target":{"@type":"EntryPoint","urlTemplate":"https:\/\/meetgirl.ch\/?s={search_term_string}"},"query-input":{"@type":"PropertyValueSpecification","valueRequired":true,"valueName":"search_term_string"}}],"inLanguage":"en-GB"},{"@type":"Organization","@id":"https:\/\/meetgirl.ch\/#organization","name":"Escort and erotic massage","alternateName":"Meetgirl escortes et masseuses","url":"https:\/\/meetgirl.ch\/","logo":{"@type":"ImageObject","inLanguage":"en-GB","@id":"https:\/\/meetgirl.ch\/#\/schema\/logo\/image\/","url":"https:\/\/meetgirl.ch\/wp-content\/uploads\/2024\/05\/cropped-meet-logo.png","contentUrl":"https:\/\/meetgirl.ch\/wp-content\/uploads\/2024\/05\/cropped-meet-logo.png","width":512,"height":512,"caption":"Escort et massage \u00e9rotique"},"image":{"@id":"https:\/\/meetgirl.ch\/#\/schema\/logo\/image\/"}}]}},"_links":{"self":[{"href":"https:\/\/meetgirl.ch\/en\/wp-json\/wp\/v2\/pages\/10537","targetHints":{"allow":["GET"]}}],"collection":[{"href":"https:\/\/meetgirl.ch\/en\/wp-json\/wp\/v2\/pages"}],"about":[{"href":"https:\/\/meetgirl.ch\/en\/wp-json\/wp\/v2\/types\/page"}],"author":[{"embeddable":true,"href":"https:\/\/meetgirl.ch\/en\/wp-json\/wp\/v2\/users\/3"}],"replies":[{"embeddable":true,"href":"https:\/\/meetgirl.ch\/en\/wp-json\/wp\/v2\/comments?post=10537"}],"version-history":[{"count":0,"href":"https:\/\/meetgirl.ch\/en\/wp-json\/wp\/v2\/pages\/10537\/revisions"}],"wp:attachment":[{"href":"https:\/\/meetgirl.ch\/en\/wp-json\/wp\/v2\/media?parent=10537"}],"curies":[{"name":"wp","href":"https:\/\/api.w.org\/{rel}","templated":true}]}}