{"id":10649,"date":"2025-07-06T11:58:01","date_gmt":"2025-07-06T11:58:01","guid":{"rendered":"https:\/\/meetgirl.ch\/?page_id=10649"},"modified":"2025-07-06T11:59:40","modified_gmt":"2025-07-06T11:59:40","slug":"escort-spanking-lausanne","status":"publish","type":"page","link":"https:\/\/meetgirl.ch\/en\/escort-spanking-lausanne\/","title":{"rendered":"Escort spanking Lausanne"},"content":{"rendered":"<div data-elementor-type=\"wp-page\" data-elementor-id=\"10649\" class=\"elementor elementor-10649\">\n\t\t\t\t<div class=\"elementor-element elementor-element-98beaec e-flex e-con-boxed e-con e-parent\" data-id=\"98beaec\" data-element_type=\"container\" data-settings=\"{&quot;jet_parallax_layout_list&quot;:[]}\">\n\t\t\t\t\t<div class=\"e-con-inner\">\n\t\t<div class=\"elementor-element elementor-element-facbffa e-con-full e-flex e-con e-child\" data-id=\"facbffa\" data-element_type=\"container\" data-settings=\"{&quot;jet_parallax_layout_list&quot;:[]}\">\n\t\t\t\t<div class=\"elementor-element elementor-element-04cd443 elementor-widget elementor-widget-image\" data-id=\"04cd443\" data-element_type=\"widget\" data-widget_type=\"image.default\">\n\t\t\t\t<div class=\"elementor-widget-container\">\n\t\t\t\t\t\t\t\t\t\t\t\t\t\t\t<img decoding=\"async\" src=\"https:\/\/meetgirl.ch\/wp-content\/uploads\/2025\/05\/domina-geneve-2.jpg\" title=\"\" alt=\"\" loading=\"lazy\" \/>\t\t\t\t\t\t\t\t\t\t\t\t\t\t\t<\/div>\n\t\t\t\t<\/div>\n\t\t\t\t<\/div>\n\t\t<div class=\"elementor-element elementor-element-00ff00c e-con-full e-flex e-con e-child\" data-id=\"00ff00c\" data-element_type=\"container\" data-settings=\"{&quot;jet_parallax_layout_list&quot;:[]}\">\n\t\t\t\t<div class=\"elementor-element elementor-element-75a8210 elementor-widget elementor-widget-text-editor\" data-id=\"75a8210\" data-element_type=\"widget\" data-widget_type=\"text-editor.default\">\n\t\t\t\t<div class=\"elementor-widget-container\">\n\t\t\t\t\t\t\t\t\t<div style=\"color: white; font-family: Arial, sans-serif; line-height: 1.6;\">\n  <h1 style=\"font-size: 32px; font-weight: bold; text-align: center; color: #ff6f61;\">\n    Escort spanking in Lausanne - Experience sensual spanking without taboos\n  <\/h1>\n\n  <h2 style=\"font-size: 28px; font-weight: bold; color: #ff6f61;\">\n    Are you dreaming of a controlled and erotic spanking experience in Lausanne?\n  <\/h2>\n  On <strong>meetgirl.ch<\/strong>find a <strong>spanking escort in Lausanne<\/strong> ready to embody your most specific fantasies. Somewhere between pleasure, domination and erotic play, spanking becomes a veritable display of desire and control.\n\n  <h2 style=\"font-size: 28px; font-weight: bold; color: #ff6f61;\">\n    Spanking: between mild pain and mental excitement\n  <\/h2>\n  Le <strong>spanking<\/strong> is the art of giving or receiving a spanking in an erotic and consensual setting. It can range from simple, playful slaps on the bottom to more intense games combining submission and control. It's a practice much appreciated for the unique blend of physical sensation and mental tension it provides.\n\n  <h3 style=\"font-size: 24px; font-weight: bold; color: #ff6f61;\">\n    Types of spanking offered\n  <\/h3>\n  <ul style=\"margin-left: 20px;\">\n    <li>Spanking with bare hands, sensual or punitive<\/li>\n    <li>Spanking with paddle, swift, belt<\/li>\n    <li>Role-playing (pupil\/patron, teacher\/servant, etc.)<\/li>\n    <li>Combinations with light bondage or soft humiliation<\/li>\n  <\/ul>\n\n  <h2 style=\"font-size: 28px; font-weight: bold; color: #ff6f61;\">\n    Where can I meet an escort spanking in Lausanne?\n  <\/h2>\n  Meetings take place in private flats, hotels or at home in the districts of <strong>Lausanne-Flon<\/strong>, <strong>Ouchy<\/strong>, <strong>Chailly<\/strong> or <strong>City centre<\/strong>. Each escort guarantees discretion, hygiene and respect for your limits.\n\n  <h3 style=\"font-size: 24px; font-weight: bold; color: #ff6f61;\">\n    A practice based on mutual respect\n  <\/h3>\n  Before any spanking session, a clear discussion enables us to define your desires, limits, desired intensity and the use of a safety word. In this way, the pleasure remains under control and is based on trust.\n\n  <h2 style=\"font-size: 28px; font-weight: bold; color: #ff6f61;\">\n    Book your expert spanking escort in Lausanne\n  <\/h2>\n  Visit <strong>meetgirl.ch<\/strong> and discover the profiles of dominant or submissive women who offer spanking as an erotic service. Whether you're curious or passionate about soft BDSM, you'll find the ideal partner for your next experience.\n\n  <h2 style=\"font-size: 28px; font-weight: bold; color: #ff6f61;\">\n    Spanking in Lausanne: a fantasy within reach\n  <\/h2>\n  Experience a sensual and caring spanking session with an escort in Lausanne. Let yourself be guided by an expert for a moment of intense physical and mental pleasure.\n<\/div>\n\t\t\t\t\t\t\t\t<\/div>\n\t\t\t\t<\/div>\n\t\t\t\t<\/div>\n\t\t\t\t\t<\/div>\n\t\t\t\t<\/div>\n\t\t\t\t<\/div>","protected":false},"excerpt":{"rendered":"<p>Escort spanking \u00e0 Lausanne \u2013 Vivez la fess\u00e9e sensuelle sans tabou Vous r\u00eavez d&rsquo;une exp\u00e9rience de fess\u00e9e contr\u00f4l\u00e9e et \u00e9rotique \u00e0 Lausanne ? Sur meetgirl.ch, trouvez une escort sp\u00e9cialis\u00e9e en spanking \u00e0 Lausanne pr\u00eate \u00e0 incarner vos fantasmes les plus pr\u00e9cis. Entre plaisir, domination et jeu \u00e9rotique, la fess\u00e9e devient ici une v\u00e9ritable mise en [&hellip;]<\/p>","protected":false},"author":3,"featured_media":0,"parent":0,"menu_order":0,"comment_status":"closed","ping_status":"closed","template":"","meta":{"footnotes":""},"class_list":["post-10649","page","type-page","status-publish","hentry"],"acf":[],"yoast_head":"<!-- This site is optimized with the Yoast SEO plugin v26.0 - https:\/\/yoast.com\/wordpress\/plugins\/seo\/ -->\n<title>Escort spanking Lausanne - Meetgirl - Annonces \u00e9rotiques - Escorts, massages et salons<\/title>\n<meta name=\"description\" content=\"Vivez une s\u00e9ance de spanking \u00e0 Lausanne avec une escort experte sur meetgirl.ch. Fess\u00e9e \u00e9rotique, domination douce et jeux sensuels\" \/>\n<meta name=\"robots\" content=\"index, follow, max-snippet:-1, max-image-preview:large, max-video-preview:-1\" \/>\n<link rel=\"canonical\" href=\"https:\/\/meetgirl.ch\/en\/escort-spanking-lausanne\/\" \/>\n<meta property=\"og:locale\" content=\"en_GB\" \/>\n<meta property=\"og:type\" content=\"article\" \/>\n<meta property=\"og:title\" content=\"Escort spanking Lausanne - Meetgirl - Annonces \u00e9rotiques - Escorts, massages et salons\" \/>\n<meta property=\"og:description\" content=\"Vivez une s\u00e9ance de spanking \u00e0 Lausanne avec une escort experte sur meetgirl.ch. Fess\u00e9e \u00e9rotique, domination douce et jeux sensuels\" \/>\n<meta property=\"og:url\" content=\"https:\/\/meetgirl.ch\/en\/escort-spanking-lausanne\/\" \/>\n<meta property=\"og:site_name\" content=\"Meetgirl - Annonces \u00e9rotiques - Escorts, massages et salons\" \/>\n<meta property=\"article:modified_time\" content=\"2025-07-06T11:59:40+00:00\" \/>\n<meta property=\"og:image\" content=\"https:\/\/meetgirl.ch\/wp-content\/uploads\/2025\/03\/meetgirl-yoast.jpg\" \/>\n\t<meta property=\"og:image:width\" content=\"1200\" \/>\n\t<meta property=\"og:image:height\" content=\"675\" \/>\n\t<meta property=\"og:image:type\" content=\"image\/jpeg\" \/>\n<meta name=\"twitter:card\" content=\"summary_large_image\" \/>\n<meta name=\"twitter:label1\" content=\"Estimated reading time\" \/>\n\t<meta name=\"twitter:data1\" content=\"2 minutes\" \/>\n<script type=\"application\/ld+json\" class=\"yoast-schema-graph\">{\"@context\":\"https:\/\/schema.org\",\"@graph\":[{\"@type\":\"WebPage\",\"@id\":\"https:\/\/meetgirl.ch\/escort-spanking-lausanne\/\",\"url\":\"https:\/\/meetgirl.ch\/escort-spanking-lausanne\/\",\"name\":\"Escort spanking Lausanne - Meetgirl - Annonces \u00e9rotiques - Escorts, massages et salons\",\"isPartOf\":{\"@id\":\"https:\/\/meetgirl.ch\/#website\"},\"primaryImageOfPage\":{\"@id\":\"https:\/\/meetgirl.ch\/escort-spanking-lausanne\/#primaryimage\"},\"image\":{\"@id\":\"https:\/\/meetgirl.ch\/escort-spanking-lausanne\/#primaryimage\"},\"thumbnailUrl\":\"https:\/\/meetgirl.ch\/wp-content\/uploads\/2025\/05\/domina-geneve-2.jpg\",\"datePublished\":\"2025-07-06T11:58:01+00:00\",\"dateModified\":\"2025-07-06T11:59:40+00:00\",\"description\":\"Vivez une s\u00e9ance de spanking \u00e0 Lausanne avec une escort experte sur meetgirl.ch. Fess\u00e9e \u00e9rotique, domination douce et jeux sensuels\",\"breadcrumb\":{\"@id\":\"https:\/\/meetgirl.ch\/escort-spanking-lausanne\/#breadcrumb\"},\"inLanguage\":\"en-GB\",\"potentialAction\":[{\"@type\":\"ReadAction\",\"target\":[\"https:\/\/meetgirl.ch\/escort-spanking-lausanne\/\"]}]},{\"@type\":\"ImageObject\",\"inLanguage\":\"en-GB\",\"@id\":\"https:\/\/meetgirl.ch\/escort-spanking-lausanne\/#primaryimage\",\"url\":\"https:\/\/meetgirl.ch\/wp-content\/uploads\/2025\/05\/domina-geneve-2.jpg\",\"contentUrl\":\"https:\/\/meetgirl.ch\/wp-content\/uploads\/2025\/05\/domina-geneve-2.jpg\"},{\"@type\":\"BreadcrumbList\",\"@id\":\"https:\/\/meetgirl.ch\/escort-spanking-lausanne\/#breadcrumb\",\"itemListElement\":[{\"@type\":\"ListItem\",\"position\":1,\"name\":\"Accueil\",\"item\":\"https:\/\/meetgirl.ch\/\"},{\"@type\":\"ListItem\",\"position\":2,\"name\":\"Escort spanking Lausanne\"}]},{\"@type\":\"WebSite\",\"@id\":\"https:\/\/meetgirl.ch\/#website\",\"url\":\"https:\/\/meetgirl.ch\/\",\"name\":\"MeetGirl - Annonces \u00e9rotiques Suisse - Escorts, massages et salons\",\"description\":\"Escorts et massages \u00e9rotiques\",\"publisher\":{\"@id\":\"https:\/\/meetgirl.ch\/#organization\"},\"alternateName\":\"Annuaire \u00e9rotique Suisse Escort \u00e0 Gen\u00e8ve, Lausanne, Valais, Neuch\u00e2tel\",\"potentialAction\":[{\"@type\":\"SearchAction\",\"target\":{\"@type\":\"EntryPoint\",\"urlTemplate\":\"https:\/\/meetgirl.ch\/?s={search_term_string}\"},\"query-input\":{\"@type\":\"PropertyValueSpecification\",\"valueRequired\":true,\"valueName\":\"search_term_string\"}}],\"inLanguage\":\"en-GB\"},{\"@type\":\"Organization\",\"@id\":\"https:\/\/meetgirl.ch\/#organization\",\"name\":\"Escort et massage \u00e9rotique\",\"alternateName\":\"Meetgirl escortes et masseuses\",\"url\":\"https:\/\/meetgirl.ch\/\",\"logo\":{\"@type\":\"ImageObject\",\"inLanguage\":\"en-GB\",\"@id\":\"https:\/\/meetgirl.ch\/#\/schema\/logo\/image\/\",\"url\":\"https:\/\/meetgirl.ch\/wp-content\/uploads\/2024\/05\/cropped-meet-logo.png\",\"contentUrl\":\"https:\/\/meetgirl.ch\/wp-content\/uploads\/2024\/05\/cropped-meet-logo.png\",\"width\":512,\"height\":512,\"caption\":\"Escort et massage \u00e9rotique\"},\"image\":{\"@id\":\"https:\/\/meetgirl.ch\/#\/schema\/logo\/image\/\"}}]}<\/script>\n<!-- \/ Yoast SEO plugin. -->","yoast_head_json":{"title":"Escort spanking Lausanne - Meetgirl - Erotic ads - Escorts, massages and parlours","description":"Enjoy a spanking session in Lausanne with an expert escort on meetgirl.ch. Erotic spanking, gentle domination and sensual games","robots":{"index":"index","follow":"follow","max-snippet":"max-snippet:-1","max-image-preview":"max-image-preview:large","max-video-preview":"max-video-preview:-1"},"canonical":"https:\/\/meetgirl.ch\/en\/escort-spanking-lausanne\/","og_locale":"en_GB","og_type":"article","og_title":"Escort spanking Lausanne - Meetgirl - Annonces \u00e9rotiques - Escorts, massages et salons","og_description":"Vivez une s\u00e9ance de spanking \u00e0 Lausanne avec une escort experte sur meetgirl.ch. Fess\u00e9e \u00e9rotique, domination douce et jeux sensuels","og_url":"https:\/\/meetgirl.ch\/en\/escort-spanking-lausanne\/","og_site_name":"Meetgirl - Annonces \u00e9rotiques - Escorts, massages et salons","article_modified_time":"2025-07-06T11:59:40+00:00","og_image":[{"width":1200,"height":675,"url":"https:\/\/meetgirl.ch\/wp-content\/uploads\/2025\/03\/meetgirl-yoast.jpg","type":"image\/jpeg"}],"twitter_card":"summary_large_image","twitter_misc":{"Estimated reading time":"2 minutes"},"schema":{"@context":"https:\/\/schema.org","@graph":[{"@type":"WebPage","@id":"https:\/\/meetgirl.ch\/escort-spanking-lausanne\/","url":"https:\/\/meetgirl.ch\/escort-spanking-lausanne\/","name":"Escort spanking Lausanne - Meetgirl - Erotic ads - Escorts, massages and parlours","isPartOf":{"@id":"https:\/\/meetgirl.ch\/#website"},"primaryImageOfPage":{"@id":"https:\/\/meetgirl.ch\/escort-spanking-lausanne\/#primaryimage"},"image":{"@id":"https:\/\/meetgirl.ch\/escort-spanking-lausanne\/#primaryimage"},"thumbnailUrl":"https:\/\/meetgirl.ch\/wp-content\/uploads\/2025\/05\/domina-geneve-2.jpg","datePublished":"2025-07-06T11:58:01+00:00","dateModified":"2025-07-06T11:59:40+00:00","description":"Enjoy a spanking session in Lausanne with an expert escort on meetgirl.ch. Erotic spanking, gentle domination and sensual games","breadcrumb":{"@id":"https:\/\/meetgirl.ch\/escort-spanking-lausanne\/#breadcrumb"},"inLanguage":"en-GB","potentialAction":[{"@type":"ReadAction","target":["https:\/\/meetgirl.ch\/escort-spanking-lausanne\/"]}]},{"@type":"ImageObject","inLanguage":"en-GB","@id":"https:\/\/meetgirl.ch\/escort-spanking-lausanne\/#primaryimage","url":"https:\/\/meetgirl.ch\/wp-content\/uploads\/2025\/05\/domina-geneve-2.jpg","contentUrl":"https:\/\/meetgirl.ch\/wp-content\/uploads\/2025\/05\/domina-geneve-2.jpg"},{"@type":"BreadcrumbList","@id":"https:\/\/meetgirl.ch\/escort-spanking-lausanne\/#breadcrumb","itemListElement":[{"@type":"ListItem","position":1,"name":"Accueil","item":"https:\/\/meetgirl.ch\/"},{"@type":"ListItem","position":2,"name":"Escort spanking Lausanne"}]},{"@type":"WebSite","@id":"https:\/\/meetgirl.ch\/#website","url":"https:\/\/meetgirl.ch\/","name":"MeetGirl - Erotic ads Switzerland - Escorts, massages and parlours","description":"Escorts and erotic massages","publisher":{"@id":"https:\/\/meetgirl.ch\/#organization"},"alternateName":"Annuaire \u00e9rotique Suisse Escort \u00e0 Gen\u00e8ve, Lausanne, Valais, Neuch\u00e2tel","potentialAction":[{"@type":"SearchAction","target":{"@type":"EntryPoint","urlTemplate":"https:\/\/meetgirl.ch\/?s={search_term_string}"},"query-input":{"@type":"PropertyValueSpecification","valueRequired":true,"valueName":"search_term_string"}}],"inLanguage":"en-GB"},{"@type":"Organization","@id":"https:\/\/meetgirl.ch\/#organization","name":"Escort and erotic massage","alternateName":"Meetgirl escortes et masseuses","url":"https:\/\/meetgirl.ch\/","logo":{"@type":"ImageObject","inLanguage":"en-GB","@id":"https:\/\/meetgirl.ch\/#\/schema\/logo\/image\/","url":"https:\/\/meetgirl.ch\/wp-content\/uploads\/2024\/05\/cropped-meet-logo.png","contentUrl":"https:\/\/meetgirl.ch\/wp-content\/uploads\/2024\/05\/cropped-meet-logo.png","width":512,"height":512,"caption":"Escort et massage \u00e9rotique"},"image":{"@id":"https:\/\/meetgirl.ch\/#\/schema\/logo\/image\/"}}]}},"_links":{"self":[{"href":"https:\/\/meetgirl.ch\/en\/wp-json\/wp\/v2\/pages\/10649","targetHints":{"allow":["GET"]}}],"collection":[{"href":"https:\/\/meetgirl.ch\/en\/wp-json\/wp\/v2\/pages"}],"about":[{"href":"https:\/\/meetgirl.ch\/en\/wp-json\/wp\/v2\/types\/page"}],"author":[{"embeddable":true,"href":"https:\/\/meetgirl.ch\/en\/wp-json\/wp\/v2\/users\/3"}],"replies":[{"embeddable":true,"href":"https:\/\/meetgirl.ch\/en\/wp-json\/wp\/v2\/comments?post=10649"}],"version-history":[{"count":0,"href":"https:\/\/meetgirl.ch\/en\/wp-json\/wp\/v2\/pages\/10649\/revisions"}],"wp:attachment":[{"href":"https:\/\/meetgirl.ch\/en\/wp-json\/wp\/v2\/media?parent=10649"}],"curies":[{"name":"wp","href":"https:\/\/api.w.org\/{rel}","templated":true}]}}