{"id":11589,"date":"2025-08-05T12:54:13","date_gmt":"2025-08-05T12:54:13","guid":{"rendered":"https:\/\/meetgirl.ch\/?page_id=11589"},"modified":"2025-08-05T12:55:53","modified_gmt":"2025-08-05T12:55:53","slug":"trans-escort-in-valais-sensual-encounters-intense-pleasures-in-sion-martigny-monthey","status":"publish","type":"page","link":"https:\/\/meetgirl.ch\/en\/trans-escort-in-valais-sensual-encounters-intense-pleasures-in-sion-martigny-monthey\/","title":{"rendered":"Escort Trans en Valais \u2013 Rencontres Sensuelles &amp; Plaisirs Intenses \u00e0 Sion, Martigny, Monthey"},"content":{"rendered":"<div data-elementor-type=\"wp-page\" data-elementor-id=\"11589\" class=\"elementor elementor-11589\">\n\t\t\t\t<div class=\"elementor-element elementor-element-cfe9e13 e-flex e-con-boxed e-con e-parent\" data-id=\"cfe9e13\" data-element_type=\"container\" data-settings=\"{&quot;jet_parallax_layout_list&quot;:[]}\">\n\t\t\t\t\t<div class=\"e-con-inner\">\n\t\t\t\t<div class=\"elementor-element elementor-element-b210602 elementor-widget elementor-widget-case27-listing-feed-widget\" data-id=\"b210602\" data-element_type=\"widget\" data-widget_type=\"case27-listing-feed-widget.default\">\n\t\t\t\t<div class=\"elementor-widget-container\">\n\t\t\t\t\t\t\t<section class=\"i-section listing-feed\">\r\n\t\t<div class=\"container-fluid\">\r\n\t\t\t<div class=\"row section-body grid\">\r\n\t\t\t\t\t\t\t\t\t<div class=\"col-lg-4 col-md-4 col-sm-6 col-xs-12 grid-item\"><div class=\"lf-item-container listing-preview type-independante no-logo has-tagline no-info-fields level-promoted priority-2\" data-id=\"listing-id-14054\" data-category-icon=\"\t&lt;i class=&quot;mi bookmark_border&quot; style=&quot;color: #fff; background: #f67675; &quot;&gt;&lt;\/i&gt;\t\" data-category-color=\"#f67675\" data-category-text-color=\"#fff\" data-thumbnail=\"https:\/\/meetgirl.ch\/wp-content\/themes\/my-listing\/assets\/images\/marker.jpg\" data-marker=\"https:\/\/meetgirl.ch\/wp-content\/themes\/my-listing\/assets\/images\/marker.jpg\" data-template=\"default\" data-locations=\"[{&quot;address&quot;:&quot;canton du Valais, Suisse&quot;,&quot;lat&quot;:&quot;46.23118&quot;,&quot;lng&quot;:&quot;7.35888&quot;}]\"\n><div class=\"lf-item lf-item-default\" data-template=\"default\"> <a href=\"https:\/\/meetgirl.ch\/en\/escorts-2\/bellemancini-3\/\"> <div class=\"overlay\" style=\" background-color: #242429; opacity: 0;\"><\/div> <div class=\"lf-background\" style=\"background-image: url('https:\/\/meetgirl.ch\/wp-content\/uploads\/2025\/09\/IMG-20250906-WA0002-1-768x1042.jpg');\"><\/div> <div class=\"lf-item-info\"> <h4 class=\"case27-primary-text listing-preview-title\"> Bellemancini <\/h4> <\/div> <\/a> <div class=\"lf-head level-promoted\"> <span class=\"tooltip-element tooltip-bottom\"> <div class=\"lf-head-btn ad-badge\"> <span><i class=\"icon-flash\"><\/i><\/span> <\/div> <span class=\"tooltip-container\">Promoted<\/span> <\/span> <\/div> <\/div> <div class=\"listing-details-3 c27-footer-section\"> <ul class=\"details-list no-list-style\"> <li class=\"\" > <span>Sion <\/span> <\/li> <li class=\"\" > <span> <div class=\"codicts-online-status\"><span class=\"codicts-dot cdtsols-offline\"><\/span> <span class=\"cdtsols-txt\">-24H<\/span><\/div> <\/span> <\/li> <\/ul> <\/div> <div class=\"listing-details-3 c27-footer-section\"> <ul class=\"details-list no-list-style\"> <li class=\"\" > <span>Beautiful escort <\/span> <\/li> <\/ul> <\/div> <\/div><\/div>\t\t\t\t\t\t\t\t\t<div class=\"col-lg-4 col-md-4 col-sm-6 col-xs-12 grid-item\"><div class=\"lf-item-container listing-preview type-independante no-logo has-tagline no-info-fields level-promoted priority-2\" data-id=\"listing-id-11413\" data-category-icon=\"\t&lt;i class=&quot;mi bookmark_border&quot; style=&quot;color: #fff; background: #f67675; &quot;&gt;&lt;\/i&gt;\t\" data-category-color=\"#f67675\" data-category-text-color=\"#fff\" data-thumbnail=\"https:\/\/meetgirl.ch\/wp-content\/themes\/my-listing\/assets\/images\/marker.jpg\" data-marker=\"https:\/\/meetgirl.ch\/wp-content\/themes\/my-listing\/assets\/images\/marker.jpg\" data-template=\"default\" data-locations=\"[{&quot;address&quot;:&quot;Sion, canton du Valais, Suisse&quot;,&quot;lat&quot;:&quot;46.23094&quot;,&quot;lng&quot;:&quot;7.35953&quot;}]\"\n><div class=\"lf-item lf-item-default\" data-template=\"default\"> <a href=\"https:\/\/meetgirl.ch\/en\/escorts-2\/brenda-hot\/\"> <div class=\"overlay\" style=\" background-color: #242429; opacity: 0;\"><\/div> <div class=\"lf-background\" style=\"background-image: url('https:\/\/meetgirl.ch\/wp-content\/uploads\/listing-uploads\/cover\/2025\/07\/IMG-20231229-WA0010.jpg');\"><\/div> <div class=\"lf-item-info\"> <h4 class=\"case27-primary-text listing-preview-title\"> Brenda Hot <\/h4> <\/div> <\/a> <div class=\"lf-head level-promoted\"> <span class=\"tooltip-element tooltip-bottom\"> <div class=\"lf-head-btn ad-badge\"> <span><i class=\"icon-flash\"><\/i><\/span> <\/div> <span class=\"tooltip-container\">Promoted<\/span> <\/span> <\/div> <\/div> <div class=\"listing-details-3 c27-footer-section\"> <ul class=\"details-list no-list-style\"> <li class=\"\" > <span>Sion <\/span> <\/li> <li class=\"\" > <span> <div class=\"codicts-online-status\"><span class=\"codicts-dot cdtsols-offline\"><\/span> <span class=\"cdtsols-txt\">-24H<\/span><\/div> <\/span> <\/li> <\/ul> <\/div> <div class=\"listing-details-3 c27-footer-section\"> <ul class=\"details-list no-list-style\"> <li class=\"\" > <span>Disvers Massages chez moi pipi 69etplus <\/span> <\/li> <\/ul> <\/div> <\/div><\/div>\t\t\t\t\t\t\t\t\t<div class=\"col-lg-4 col-md-4 col-sm-6 col-xs-12 grid-item\"><div class=\"lf-item-container listing-preview type-independante no-logo has-tagline no-info-fields level-promoted priority-2\" data-id=\"listing-id-10108\" data-category-icon=\"\t&lt;i class=&quot;mi bookmark_border&quot; style=&quot;color: #fff; background: #f67675; &quot;&gt;&lt;\/i&gt;\t\" data-category-color=\"#f67675\" data-category-text-color=\"#fff\" data-thumbnail=\"https:\/\/meetgirl.ch\/wp-content\/themes\/my-listing\/assets\/images\/marker.jpg\" data-marker=\"https:\/\/meetgirl.ch\/wp-content\/themes\/my-listing\/assets\/images\/marker.jpg\" data-template=\"default\" data-locations=\"[{&quot;address&quot;:&quot;Martigny, canton du Valais, Suisse&quot;,&quot;lat&quot;:&quot;46.10220&quot;,&quot;lng&quot;:&quot;7.07405&quot;}]\"\n><div class=\"lf-item lf-item-default\" data-template=\"default\"> <a href=\"https:\/\/meetgirl.ch\/en\/escorts-2\/divina\/\"> <div class=\"overlay\" style=\" background-color: #242429; opacity: 0;\"><\/div> <div class=\"lf-background\" style=\"background-image: url('https:\/\/meetgirl.ch\/wp-content\/uploads\/2025\/06\/divina6.jpg');\"><\/div> <div class=\"lf-item-info\"> <h4 class=\"case27-primary-text listing-preview-title\"> Divina <\/h4> <\/div> <\/a> <div class=\"lf-head level-promoted\"> <span class=\"tooltip-element tooltip-bottom\"> <div class=\"lf-head-btn ad-badge\"> <span><i class=\"icon-flash\"><\/i><\/span> <\/div> <span class=\"tooltip-container\">Promoted<\/span> <\/span> <\/div> <\/div> <div class=\"listing-details-3 c27-footer-section\"> <ul class=\"details-list no-list-style\"> <li class=\"\" > <span>Martigny <\/span> <\/li> <li class=\"\" > <span> <div class=\"codicts-online-status\"><span class=\"codicts-dot cdtsols-online\"><\/span> <span class=\"cdtsols-txt\">Online<\/span><\/div> <\/span> <\/li> <\/ul> <\/div> <div class=\"listing-details-3 c27-footer-section\"> <ul class=\"details-list no-list-style\"> <li class=\"\" > <span>cruelly exquisite. \ud83d\udc60\u26d3\ud83d\udd25 <\/span> <\/li> <\/ul> <\/div> <\/div><\/div>\t\t\t\t\t\t\t<\/div>\r\n\t\t<\/div>\r\n\t<\/section>\r\n\r\n\t\t\t\t<\/div>\n\t\t\t\t<\/div>\n\t\t\t\t\t<\/div>\n\t\t\t\t<\/div>\n\t\t<div class=\"elementor-element elementor-element-a1d332d e-flex e-con-boxed e-con e-parent\" data-id=\"a1d332d\" data-element_type=\"container\" data-settings=\"{&quot;jet_parallax_layout_list&quot;:[]}\">\n\t\t\t\t\t<div class=\"e-con-inner\">\n\t\t\t\t<div class=\"elementor-element elementor-element-a541768 elementor-widget elementor-widget-text-editor\" data-id=\"a541768\" data-element_type=\"widget\" data-widget_type=\"text-editor.default\">\n\t\t\t\t<div class=\"elementor-widget-container\">\n\t\t\t\t\t\t\t\t\t<div style=\"color:#f67675; font-family: Arial, sans-serif; line-height: 1.6;\">\n  <h1>Escort Trans in Valais - Meet Sensual and Refined Transgirls<\/h1>\n\n  <h2>A unique experience with a trans escort in Valais<\/h2>\n  <p>\n    Whether you're curious or a connoisseur of encounters with transgender women, the Valais offers you a selection of authentic and delicate transgirl escorts. In towns like Sion, Martigny, Monthey, Conthey and Sierre, you'll find partners who combine assertive femininity, natural charm and sensuality. Visit <a href=\"https:\/\/meetgirl.ch\/en\/trans-suisse-advert\/?type=independante&#038;sort=latest&#038;category=trans&#038;custom-taxonomy-canton-ville=valais\" style=\"color:#f67675; font-weight:bold;\">meetgirl.ch<\/a>Discover profiles chosen for their professionalism and authenticity.\n  <\/p>\n\n  <h2>Why choose a trans escort in Valais?<\/h2>\n  <p>\n    The transgirls of the Valais offer a rich and varied experience, combining feminine sweetness and masculine singularities according to your preferences. They adapt to all types of rendezvous, whether for moments of complicity, sensuality, or role-play including domination or submission, in active, passive or versatile mode.\n  <\/p>\n\n  <h2>A wide range of personalised services<\/h2>\n  <ul>\n    <li>Active, passive or mixed encounters<\/li>\n    <li>Erotic and body-to-body massages<\/li>\n    <li>Role-playing and specific fantasies<\/li>\n    <li>Elegant and discreet accompaniment<\/li>\n  <\/ul>\n\n  <h2>Where can I find a trans escort in Valais?<\/h2>\n  <p>\n    It's easy to book a trans escort in Sion, Martigny, Monthey, Sierre or Conthey. Many also offer hotel or home visits, in a secure and confidential environment.\n  <\/p>\n\n  <h2>Discretion, respect and hygiene guaranteed<\/h2>\n  <p>\n    At meetgirl.ch, every trans escort is professional, attentive to your needs and respectful of your limits. Your satisfaction and comfort are our top priorities in order to provide you with an unforgettable experience.\n  <\/p>\n\n  <h2>Find all trans escorts in Valais and Switzerland<\/h2>\n  <p>\n    Browse now <a href=\"https:\/\/meetgirl.ch\/en\/trans-suisse-advert\/?type=independante&#038;sort=latest&#038;category=trans&#038;custom-taxonomy-canton-ville=valais\" style=\"color:#f67675; font-weight:bold;\">all trans in Valais<\/a> or explore <a href=\"https:\/\/meetgirl.ch\/en\/trans-suisse-advert\/\" style=\"color:#f67675; font-weight:bold;\">all trans in Switzerland<\/a> to find the perfect partner for you.\n  <\/p>\n<\/div>\n\t\t\t\t\t\t\t\t<\/div>\n\t\t\t\t<\/div>\n\t\t\t\t\t<\/div>\n\t\t\t\t<\/div>\n\t\t\t\t<\/div>","protected":false},"excerpt":{"rendered":"<p>Escort Trans en Valais \u2013 Rencontrez des Transgirls Sensuelles et Raffin\u00e9es Vivez une exp\u00e9rience unique avec une escort trans en Valais Que vous soyez curieux ou connaisseur des rencontres avec des femmes transgenres, le Valais vous propose une s\u00e9lection d\u2019escorts transgirls authentiques et d\u00e9licates. Dans des villes comme Sion, Martigny, Monthey, Conthey ou encore Sierre, [&hellip;]<\/p>","protected":false},"author":3,"featured_media":0,"parent":0,"menu_order":0,"comment_status":"closed","ping_status":"closed","template":"","meta":{"footnotes":""},"class_list":["post-11589","page","type-page","status-publish","hentry"],"acf":[],"yoast_head":"<!-- This site is optimized with the Yoast SEO plugin v26.0 - https:\/\/yoast.com\/wordpress\/plugins\/seo\/ -->\n<title>Escort Trans en Valais \u2013 Rencontres Sensuelles &amp; Plaisirs Intenses \u00e0 Sion, Martigny, Monthey - Meetgirl - Annonces \u00e9rotiques - Escorts, massages et salons<\/title>\n<meta name=\"description\" content=\"Osez des rencontres torrides avec des escort trans en Valais : sensualit\u00e9 explosive, charme et plaisirs intenses \u00e0 Sion, Martigny, Monthey\" \/>\n<meta name=\"robots\" content=\"index, follow, max-snippet:-1, max-image-preview:large, max-video-preview:-1\" \/>\n<link rel=\"canonical\" href=\"https:\/\/meetgirl.ch\/en\/trans-escort-in-valais-sensual-encounters-intense-pleasures-in-sion-martigny-monthey\/\" \/>\n<meta property=\"og:locale\" content=\"en_GB\" \/>\n<meta property=\"og:type\" content=\"article\" \/>\n<meta property=\"og:title\" content=\"Escort Trans en Valais \u2013 Rencontres Sensuelles &amp; Plaisirs Intenses \u00e0 Sion, Martigny, Monthey - Meetgirl - Annonces \u00e9rotiques - Escorts, massages et salons\" \/>\n<meta property=\"og:description\" content=\"Osez des rencontres torrides avec des escort trans en Valais : sensualit\u00e9 explosive, charme et plaisirs intenses \u00e0 Sion, Martigny, Monthey\" \/>\n<meta property=\"og:url\" content=\"https:\/\/meetgirl.ch\/en\/trans-escort-in-valais-sensual-encounters-intense-pleasures-in-sion-martigny-monthey\/\" \/>\n<meta property=\"og:site_name\" content=\"Meetgirl - Annonces \u00e9rotiques - Escorts, massages et salons\" \/>\n<meta property=\"article:modified_time\" content=\"2025-08-05T12:55:53+00:00\" \/>\n<meta property=\"og:image\" content=\"https:\/\/meetgirl.ch\/wp-content\/uploads\/2025\/03\/meetgirl-yoast.jpg\" \/>\n\t<meta property=\"og:image:width\" content=\"1200\" \/>\n\t<meta property=\"og:image:height\" content=\"675\" \/>\n\t<meta property=\"og:image:type\" content=\"image\/jpeg\" \/>\n<meta name=\"twitter:card\" content=\"summary_large_image\" \/>\n<meta name=\"twitter:label1\" content=\"Estimated reading time\" \/>\n\t<meta name=\"twitter:data1\" content=\"2 minutes\" \/>\n<script type=\"application\/ld+json\" class=\"yoast-schema-graph\">{\"@context\":\"https:\/\/schema.org\",\"@graph\":[{\"@type\":\"WebPage\",\"@id\":\"https:\/\/meetgirl.ch\/escort-trans-en-valais-rencontres-sensuelles-plaisirs-intenses-a-sion-martigny-monthey\/\",\"url\":\"https:\/\/meetgirl.ch\/escort-trans-en-valais-rencontres-sensuelles-plaisirs-intenses-a-sion-martigny-monthey\/\",\"name\":\"Escort Trans en Valais \u2013 Rencontres Sensuelles &amp; Plaisirs Intenses \u00e0 Sion, Martigny, Monthey - Meetgirl - Annonces \u00e9rotiques - Escorts, massages et salons\",\"isPartOf\":{\"@id\":\"https:\/\/meetgirl.ch\/#website\"},\"datePublished\":\"2025-08-05T12:54:13+00:00\",\"dateModified\":\"2025-08-05T12:55:53+00:00\",\"description\":\"Osez des rencontres torrides avec des escort trans en Valais : sensualit\u00e9 explosive, charme et plaisirs intenses \u00e0 Sion, Martigny, Monthey\",\"breadcrumb\":{\"@id\":\"https:\/\/meetgirl.ch\/escort-trans-en-valais-rencontres-sensuelles-plaisirs-intenses-a-sion-martigny-monthey\/#breadcrumb\"},\"inLanguage\":\"en-GB\",\"potentialAction\":[{\"@type\":\"ReadAction\",\"target\":[\"https:\/\/meetgirl.ch\/escort-trans-en-valais-rencontres-sensuelles-plaisirs-intenses-a-sion-martigny-monthey\/\"]}]},{\"@type\":\"BreadcrumbList\",\"@id\":\"https:\/\/meetgirl.ch\/escort-trans-en-valais-rencontres-sensuelles-plaisirs-intenses-a-sion-martigny-monthey\/#breadcrumb\",\"itemListElement\":[{\"@type\":\"ListItem\",\"position\":1,\"name\":\"Accueil\",\"item\":\"https:\/\/meetgirl.ch\/\"},{\"@type\":\"ListItem\",\"position\":2,\"name\":\"Escort Trans en Valais \u2013 Rencontres Sensuelles &amp; Plaisirs Intenses \u00e0 Sion, Martigny, Monthey\"}]},{\"@type\":\"WebSite\",\"@id\":\"https:\/\/meetgirl.ch\/#website\",\"url\":\"https:\/\/meetgirl.ch\/\",\"name\":\"MeetGirl - Annonces \u00e9rotiques Suisse - Escorts, massages et salons\",\"description\":\"Escorts et massages \u00e9rotiques\",\"publisher\":{\"@id\":\"https:\/\/meetgirl.ch\/#organization\"},\"alternateName\":\"Annuaire \u00e9rotique Suisse Escort \u00e0 Gen\u00e8ve, Lausanne, Valais, Neuch\u00e2tel\",\"potentialAction\":[{\"@type\":\"SearchAction\",\"target\":{\"@type\":\"EntryPoint\",\"urlTemplate\":\"https:\/\/meetgirl.ch\/?s={search_term_string}\"},\"query-input\":{\"@type\":\"PropertyValueSpecification\",\"valueRequired\":true,\"valueName\":\"search_term_string\"}}],\"inLanguage\":\"en-GB\"},{\"@type\":\"Organization\",\"@id\":\"https:\/\/meetgirl.ch\/#organization\",\"name\":\"Escort et massage \u00e9rotique\",\"alternateName\":\"Meetgirl escortes et masseuses\",\"url\":\"https:\/\/meetgirl.ch\/\",\"logo\":{\"@type\":\"ImageObject\",\"inLanguage\":\"en-GB\",\"@id\":\"https:\/\/meetgirl.ch\/#\/schema\/logo\/image\/\",\"url\":\"https:\/\/meetgirl.ch\/wp-content\/uploads\/2024\/05\/cropped-meet-logo.png\",\"contentUrl\":\"https:\/\/meetgirl.ch\/wp-content\/uploads\/2024\/05\/cropped-meet-logo.png\",\"width\":512,\"height\":512,\"caption\":\"Escort et massage \u00e9rotique\"},\"image\":{\"@id\":\"https:\/\/meetgirl.ch\/#\/schema\/logo\/image\/\"}}]}<\/script>\n<!-- \/ Yoast SEO plugin. -->","yoast_head_json":{"title":"Escort Trans en Valais \u2013 Rencontres Sensuelles &amp; Plaisirs Intenses \u00e0 Sion, Martigny, Monthey - Meetgirl - Annonces \u00e9rotiques - Escorts, massages et salons","description":"Dare to have torrid encounters with trans escorts in Valais: explosive sensuality, charm and intense pleasure in Sion, Martigny, Monthey","robots":{"index":"index","follow":"follow","max-snippet":"max-snippet:-1","max-image-preview":"max-image-preview:large","max-video-preview":"max-video-preview:-1"},"canonical":"https:\/\/meetgirl.ch\/en\/trans-escort-in-valais-sensual-encounters-intense-pleasures-in-sion-martigny-monthey\/","og_locale":"en_GB","og_type":"article","og_title":"Escort Trans en Valais \u2013 Rencontres Sensuelles &amp; Plaisirs Intenses \u00e0 Sion, Martigny, Monthey - Meetgirl - Annonces \u00e9rotiques - Escorts, massages et salons","og_description":"Osez des rencontres torrides avec des escort trans en Valais : sensualit\u00e9 explosive, charme et plaisirs intenses \u00e0 Sion, Martigny, Monthey","og_url":"https:\/\/meetgirl.ch\/en\/trans-escort-in-valais-sensual-encounters-intense-pleasures-in-sion-martigny-monthey\/","og_site_name":"Meetgirl - Annonces \u00e9rotiques - Escorts, massages et salons","article_modified_time":"2025-08-05T12:55:53+00:00","og_image":[{"width":1200,"height":675,"url":"https:\/\/meetgirl.ch\/wp-content\/uploads\/2025\/03\/meetgirl-yoast.jpg","type":"image\/jpeg"}],"twitter_card":"summary_large_image","twitter_misc":{"Estimated reading time":"2 minutes"},"schema":{"@context":"https:\/\/schema.org","@graph":[{"@type":"WebPage","@id":"https:\/\/meetgirl.ch\/escort-trans-en-valais-rencontres-sensuelles-plaisirs-intenses-a-sion-martigny-monthey\/","url":"https:\/\/meetgirl.ch\/escort-trans-en-valais-rencontres-sensuelles-plaisirs-intenses-a-sion-martigny-monthey\/","name":"Escort Trans en Valais \u2013 Rencontres Sensuelles &amp; Plaisirs Intenses \u00e0 Sion, Martigny, Monthey - Meetgirl - Annonces \u00e9rotiques - Escorts, massages et salons","isPartOf":{"@id":"https:\/\/meetgirl.ch\/#website"},"datePublished":"2025-08-05T12:54:13+00:00","dateModified":"2025-08-05T12:55:53+00:00","description":"Dare to have torrid encounters with trans escorts in Valais: explosive sensuality, charm and intense pleasure in Sion, Martigny, Monthey","breadcrumb":{"@id":"https:\/\/meetgirl.ch\/escort-trans-en-valais-rencontres-sensuelles-plaisirs-intenses-a-sion-martigny-monthey\/#breadcrumb"},"inLanguage":"en-GB","potentialAction":[{"@type":"ReadAction","target":["https:\/\/meetgirl.ch\/escort-trans-en-valais-rencontres-sensuelles-plaisirs-intenses-a-sion-martigny-monthey\/"]}]},{"@type":"BreadcrumbList","@id":"https:\/\/meetgirl.ch\/escort-trans-en-valais-rencontres-sensuelles-plaisirs-intenses-a-sion-martigny-monthey\/#breadcrumb","itemListElement":[{"@type":"ListItem","position":1,"name":"Accueil","item":"https:\/\/meetgirl.ch\/"},{"@type":"ListItem","position":2,"name":"Escort Trans en Valais \u2013 Rencontres Sensuelles &amp; Plaisirs Intenses \u00e0 Sion, Martigny, Monthey"}]},{"@type":"WebSite","@id":"https:\/\/meetgirl.ch\/#website","url":"https:\/\/meetgirl.ch\/","name":"MeetGirl - Erotic ads Switzerland - Escorts, massages and parlours","description":"Escorts and erotic massages","publisher":{"@id":"https:\/\/meetgirl.ch\/#organization"},"alternateName":"Annuaire \u00e9rotique Suisse Escort \u00e0 Gen\u00e8ve, Lausanne, Valais, Neuch\u00e2tel","potentialAction":[{"@type":"SearchAction","target":{"@type":"EntryPoint","urlTemplate":"https:\/\/meetgirl.ch\/?s={search_term_string}"},"query-input":{"@type":"PropertyValueSpecification","valueRequired":true,"valueName":"search_term_string"}}],"inLanguage":"en-GB"},{"@type":"Organization","@id":"https:\/\/meetgirl.ch\/#organization","name":"Escort and erotic massage","alternateName":"Meetgirl escortes et masseuses","url":"https:\/\/meetgirl.ch\/","logo":{"@type":"ImageObject","inLanguage":"en-GB","@id":"https:\/\/meetgirl.ch\/#\/schema\/logo\/image\/","url":"https:\/\/meetgirl.ch\/wp-content\/uploads\/2024\/05\/cropped-meet-logo.png","contentUrl":"https:\/\/meetgirl.ch\/wp-content\/uploads\/2024\/05\/cropped-meet-logo.png","width":512,"height":512,"caption":"Escort et massage \u00e9rotique"},"image":{"@id":"https:\/\/meetgirl.ch\/#\/schema\/logo\/image\/"}}]}},"_links":{"self":[{"href":"https:\/\/meetgirl.ch\/en\/wp-json\/wp\/v2\/pages\/11589","targetHints":{"allow":["GET"]}}],"collection":[{"href":"https:\/\/meetgirl.ch\/en\/wp-json\/wp\/v2\/pages"}],"about":[{"href":"https:\/\/meetgirl.ch\/en\/wp-json\/wp\/v2\/types\/page"}],"author":[{"embeddable":true,"href":"https:\/\/meetgirl.ch\/en\/wp-json\/wp\/v2\/users\/3"}],"replies":[{"embeddable":true,"href":"https:\/\/meetgirl.ch\/en\/wp-json\/wp\/v2\/comments?post=11589"}],"version-history":[{"count":4,"href":"https:\/\/meetgirl.ch\/en\/wp-json\/wp\/v2\/pages\/11589\/revisions"}],"predecessor-version":[{"id":11594,"href":"https:\/\/meetgirl.ch\/en\/wp-json\/wp\/v2\/pages\/11589\/revisions\/11594"}],"wp:attachment":[{"href":"https:\/\/meetgirl.ch\/en\/wp-json\/wp\/v2\/media?parent=11589"}],"curies":[{"name":"wp","href":"https:\/\/api.w.org\/{rel}","templated":true}]}}