{"id":12789,"date":"2025-08-17T13:29:41","date_gmt":"2025-08-17T13:29:41","guid":{"rendered":"https:\/\/meetgirl.ch\/?page_id=12789"},"modified":"2025-08-17T13:33:52","modified_gmt":"2025-08-17T13:33:52","slug":"submissive-escort-fribourg","status":"publish","type":"page","link":"https:\/\/meetgirl.ch\/en\/submissive-escort-fribourg\/","title":{"rendered":"Escort submissive in Fribourg - Hard and confidential encounters"},"content":{"rendered":"<div data-elementor-type=\"wp-page\" data-elementor-id=\"12789\" class=\"elementor elementor-12789\">\n\t\t\t\t<div class=\"elementor-element elementor-element-a055424 e-flex e-con-boxed e-con e-parent\" data-id=\"a055424\" data-element_type=\"container\" data-settings=\"{&quot;jet_parallax_layout_list&quot;:[]}\">\n\t\t\t\t\t<div class=\"e-con-inner\">\n\t\t\t\t<div class=\"elementor-element elementor-element-c2a174b elementor-widget elementor-widget-case27-listing-feed-widget\" data-id=\"c2a174b\" data-element_type=\"widget\" data-widget_type=\"case27-listing-feed-widget.default\">\n\t\t\t\t<div class=\"elementor-widget-container\">\n\t\t\t\t\t\t\t<section class=\"i-section listing-feed\">\r\n\t\t<div class=\"container-fluid\">\r\n\t\t\t<div class=\"row section-body grid\">\r\n\t\t\t\t\t\t\t\t\t<div class=\"col-lg-4 col-md-4 col-sm-6 col-xs-12 grid-item\"><div class=\"lf-item-container listing-preview type-independante no-logo has-tagline no-info-fields level-promoted priority-2\" data-id=\"listing-id-16565\" data-category-icon=\"\t&lt;i class=&quot;mi bookmark_border&quot; style=&quot;color: #fff; background: #f67675; &quot;&gt;&lt;\/i&gt;\t\" data-category-color=\"#f67675\" data-category-text-color=\"#fff\" data-thumbnail=\"https:\/\/meetgirl.ch\/wp-content\/themes\/my-listing\/assets\/images\/marker.jpg\" data-marker=\"https:\/\/meetgirl.ch\/wp-content\/themes\/my-listing\/assets\/images\/marker.jpg\" data-template=\"default\" data-locations=\"[{&quot;address&quot;:&quot;Fribourg, canton de Fribourg, Suisse&quot;,&quot;lat&quot;:&quot;46.80445&quot;,&quot;lng&quot;:&quot;7.15434&quot;}]\"\n><div class=\"lf-item lf-item-default\" data-template=\"default\"> <a href=\"https:\/\/meetgirl.ch\/en\/escorts-2\/christina-5542\/\"> <div class=\"overlay\" style=\" background-color: #242429; opacity: 0;\"><\/div> <div class=\"lf-background\" style=\"background-image: url('https:\/\/meetgirl.ch\/wp-content\/uploads\/listing-uploads\/cover\/2025\/11\/IMG-20201104-WA0039.jpg');\"><\/div> <div class=\"lf-item-info\"> <h4 class=\"case27-primary-text listing-preview-title\"> Christina 5542 <\/h4> <\/div> <\/a> <div class=\"lf-head level-promoted\"> <span class=\"tooltip-element tooltip-bottom\"> <div class=\"lf-head-btn ad-badge\"> <span><i class=\"icon-flash\"><\/i><\/span> <\/div> <span class=\"tooltip-container\">Promoted<\/span> <\/span> <\/div> <\/div> <div class=\"listing-details-3 c27-footer-section\"> <ul class=\"details-list no-list-style\"> <li class=\"\" > <span>Fribourg <\/span> <\/li> <li class=\"\" > <span> <div class=\"codicts-online-status\"><span class=\"codicts-dot cdtsols-offline\"><\/span> <span class=\"cdtsols-txt\">-24H<\/span><\/div> <\/span> <\/li> <\/ul> <\/div> <div class=\"listing-details-3 c27-footer-section\"> <ul class=\"details-list no-list-style\"> <li class=\"\" > <span>Available at <\/span> <\/li> <\/ul> <\/div> <\/div><\/div>\t\t\t\t\t\t\t\t\t<div class=\"col-lg-4 col-md-4 col-sm-6 col-xs-12 grid-item\"><div class=\"lf-item-container listing-preview type-independante no-logo has-tagline no-info-fields level-promoted priority-2\" data-id=\"listing-id-11157\" data-category-icon=\"\t&lt;i class=&quot;mi bookmark_border&quot; style=&quot;color: #fff; background: #f67675; &quot;&gt;&lt;\/i&gt;\t\" data-category-color=\"#f67675\" data-category-text-color=\"#fff\" data-thumbnail=\"https:\/\/meetgirl.ch\/wp-content\/themes\/my-listing\/assets\/images\/marker.jpg\" data-marker=\"https:\/\/meetgirl.ch\/wp-content\/themes\/my-listing\/assets\/images\/marker.jpg\" data-template=\"default\" data-locations=\"[{&quot;address&quot;:&quot;Bulle, canton de Fribourg, Suisse&quot;,&quot;lat&quot;:&quot;46.61919&quot;,&quot;lng&quot;:&quot;7.05757&quot;}]\"\n><div class=\"lf-item lf-item-default\" data-template=\"default\"> <a href=\"https:\/\/meetgirl.ch\/en\/escorts-2\/hot-booty%f0%9f%94%a5\/\"> <div class=\"overlay\" style=\" background-color: #242429; opacity: 0;\"><\/div> <div class=\"lf-background\" style=\"background-image: url('https:\/\/meetgirl.ch\/wp-content\/uploads\/listing-uploads\/cover\/2025\/07\/Internet_20250711_175358_29.jpeg');\"><\/div> <div class=\"lf-item-info\"> <h4 class=\"case27-primary-text listing-preview-title\"> Hot sex\ud83d\udd25 <\/h4> <\/div> <\/a> <div class=\"lf-head level-promoted\"> <span class=\"tooltip-element tooltip-bottom\"> <div class=\"lf-head-btn ad-badge\"> <span><i class=\"icon-flash\"><\/i><\/span> <\/div> <span class=\"tooltip-container\">Promoted<\/span> <\/span> <\/div> <\/div> <div class=\"listing-details-3 c27-footer-section\"> <ul class=\"details-list no-list-style\"> <li class=\"\" > <span>Bubble <\/span> <\/li> <li class=\"\" > <span> <div class=\"codicts-online-status\"><span class=\"codicts-dot cdtsols-offline\"><\/span> <span class=\"cdtsols-txt\">-24H<\/span><\/div> <\/span> <\/li> <\/ul> <\/div> <div class=\"listing-details-3 c27-footer-section\"> <ul class=\"details-list no-list-style\"> <li class=\"\" > <span>discreet <\/span> <\/li> <\/ul> <\/div> <\/div><\/div>\t\t\t\t\t\t\t\t\t<div class=\"col-lg-4 col-md-4 col-sm-6 col-xs-12 grid-item\"><div class=\"lf-item-container listing-preview type-independante c27-verified no-logo has-tagline no-info-fields level-promoted priority-2\" data-id=\"listing-id-3706\" data-category-icon=\"\t&lt;i class=&quot;mi bookmark_border&quot; style=&quot;color: #fff; background: #f67675; &quot;&gt;&lt;\/i&gt;\t\" data-category-color=\"#f67675\" data-category-text-color=\"#fff\" data-thumbnail=\"https:\/\/meetgirl.ch\/wp-content\/themes\/my-listing\/assets\/images\/marker.jpg\" data-marker=\"https:\/\/meetgirl.ch\/wp-content\/themes\/my-listing\/assets\/images\/marker.jpg\" data-template=\"default\" data-locations=\"[{&quot;address&quot;:&quot;Fribourg, canton de Fribourg, Suisse&quot;,&quot;lat&quot;:&quot;46.80445&quot;,&quot;lng&quot;:&quot;7.15434&quot;}]\"\n><div class=\"lf-item lf-item-default\" data-template=\"default\"> <a href=\"https:\/\/meetgirl.ch\/en\/escorts-2\/katja\/\"> <div class=\"overlay\" style=\" background-color: #242429; opacity: 0;\"><\/div> <div class=\"lf-background\" style=\"background-image: url('https:\/\/meetgirl.ch\/wp-content\/uploads\/listing-uploads\/cover\/2024\/09\/fc3c6816-4426-443e-91c5-aec876bb15f2_profile_s.jpg');\"><\/div> <div class=\"lf-item-info\"> <h4 class=\"case27-primary-text listing-preview-title\"> Katja <img decoding=\"async\" height=\"18\" width=\"18\" alt=\"Verified listing\" class=\"verified-listing\" src=\"https:\/\/meetgirl.ch\/wp-content\/themes\/my-listing\/assets\/images\/tick.svg\"> <\/h4> <\/div> <\/a> <div class=\"lf-head level-promoted\"> <span class=\"tooltip-element tooltip-bottom\"> <div class=\"lf-head-btn ad-badge\"> <span><i class=\"icon-flash\"><\/i><\/span> <\/div> <span class=\"tooltip-container\">Promoted<\/span> <\/span> <\/div> <\/div> <div class=\"listing-details-3 c27-footer-section\"> <ul class=\"details-list no-list-style\"> <li class=\"\" > <span>Fribourg <\/span> <\/li> <li class=\"\" > <span> <div class=\"codicts-online-status\"><span class=\"codicts-dot cdtsols-online\"><\/span> <span class=\"cdtsols-txt\">Online<\/span><\/div> <\/span> <\/li> <\/ul> <\/div> <div class=\"listing-details-3 c27-footer-section\"> <ul class=\"details-list no-list-style\"> <li class=\"\" > <span>your wishes <\/span> <\/li> <\/ul> <\/div> <\/div><\/div>\t\t\t\t\t\t\t<\/div>\r\n\t\t<\/div>\r\n\t<\/section>\r\n\r\n\t\t\t\t<\/div>\n\t\t\t\t<\/div>\n\t\t\t\t\t<\/div>\n\t\t\t\t<\/div>\n\t\t<div class=\"elementor-element elementor-element-fc0ac61 e-flex e-con-boxed e-con e-parent\" data-id=\"fc0ac61\" data-element_type=\"container\" data-settings=\"{&quot;jet_parallax_layout_list&quot;:[]}\">\n\t\t\t\t\t<div class=\"e-con-inner\">\n\t\t\t\t<div class=\"elementor-element elementor-element-93f235f elementor-widget elementor-widget-text-editor\" data-id=\"93f235f\" data-element_type=\"widget\" data-widget_type=\"text-editor.default\">\n\t\t\t\t<div class=\"elementor-widget-container\">\n\t\t\t\t\t\t\t\t\t<section style=\"padding:40px 20px; background-color:#222; font-family:Arial,sans-serif; color:#ffffff;\">\n  <div style=\"max-width:1000px; margin:0 auto;\">\n\n    <!-- Intro teaser -->\n    <p style=\"font-size:16px; line-height:1.6; text-align:center; margin-bottom:20px;\">\n      Discover intense experiences with our <strong>submissive escorts in Fribourg<\/strong>. These hot and hard encounters are designed for those who want to explore their fantasies in a discreet and secure setting. Our experienced professionals will adapt to your most daring desires, whether you are a beginner or a connoisseur.\n    <\/p>\n\n    <!-- Les avantages -->\n    <h2 style=\"color:#ff69b4; font-size:28px; margin-bottom:15px;\">Why choose a submissive escort in Fribourg?<\/h2>\n    <p style=\"font-size:16px; line-height:1.6; margin-bottom:15px;\">\n      Our submissive escorts in Fribourg offer unique experiences combining pleasure, role-play and extreme sensations. Each session is personalised to stimulate your desires, respect your limits and immerse you in a sensual and hard world, in complete safety and confidentiality.\n    <\/p>\n\n    <!-- Types de prestations -->\n    <h2 style=\"color:#ff69b4; font-size:28px; margin-bottom:15px;\">Services on offer<\/h2>\n    <p style=\"font-size:16px; line-height:1.6; margin-bottom:15px;\">\n      Experiences on offer include:\n    <\/p>\n    <ul style=\"font-size:16px; line-height:1.6; margin-bottom:20px;\">\n      <li>Games of domination and submission adapted to your fantasies<\/li>\n      <li>Hard and sensual sexual massages<\/li>\n      <li>Bondage, spanking and BDSM scenarios<\/li>\n      <li>Extreme role-play and personalised experiences<\/li>\n      <li>Meetings in Fribourg, Conthey and surrounding areas<\/li>\n    <\/ul>\n\n    <!-- Discr\u00e9tion et s\u00e9curit\u00e9 -->\n    <h2 style=\"color:#ff69b4; font-size:28px; margin-bottom:15px;\">Discretion and security<\/h2>\n    <p style=\"font-size:16px; line-height:1.6; margin-bottom:15px;\">\n      Each meeting takes place in the strictest confidence. Security and discretion mean you can enjoy the experience to the full, whether in the town centre, Conthey or the surrounding area.\n    <\/p>\n\n    <!-- Comment r\u00e9server -->\n    <h2 style=\"color:#ff69b4; font-size:28px; margin-bottom:15px;\">Book your submissive escort in Fribourg<\/h2>\n    <p style=\"font-size:16px; line-height:1.6; margin-bottom:20px;\">\n      For an intense, respectful and personalised session, discover our <a href=\"https:\/\/meetgirl.ch\/en\/sexual-massage-fribourg\/\" style=\"color:#ff69b4; text-decoration:underline; font-weight:bold;\">escorts in Fribourg<\/a>. Treat yourself to a moment of pleasure, domination and extreme sensuality, designed for your fantasies and your total satisfaction.\n    <\/p>\n\n  <\/div>\n<\/section>\n\t\t\t\t\t\t\t\t<\/div>\n\t\t\t\t<\/div>\n\t\t\t\t\t<\/div>\n\t\t\t\t<\/div>\n\t\t\t\t<\/div>","protected":false},"excerpt":{"rendered":"<p>D\u00e9couvrez des exp\u00e9riences intenses avec nos escortes soumises \u00e0 Fribourg. Ces rencontres hot et hard sont con\u00e7ues pour ceux qui souhaitent explorer leurs fantasmes dans un cadre discret et s\u00e9curis\u00e9. Nos professionnelles exp\u00e9riment\u00e9es s\u2019adaptent \u00e0 vos d\u00e9sirs les plus audacieux, que vous soyez d\u00e9butant ou connaisseur. Pourquoi choisir une escort soumise \u00e0 Fribourg ? Nos [&hellip;]<\/p>","protected":false},"author":3,"featured_media":0,"parent":0,"menu_order":0,"comment_status":"closed","ping_status":"closed","template":"","meta":{"footnotes":""},"class_list":["post-12789","page","type-page","status-publish","hentry"],"acf":[],"yoast_head":"<!-- This site is optimized with the Yoast SEO plugin v26.0 - https:\/\/yoast.com\/wordpress\/plugins\/seo\/ -->\n<title>Escort soumise \u00e0 Fribourg \u2013 Rencontres hard et confidentielles - Meetgirl - Annonces \u00e9rotiques - Escorts, massages et salons<\/title>\n<meta name=\"description\" content=\"D\u00e9couvrez nos escortes soumises \u00e0 Fribourg pour des rencontres hot et hard, discr\u00e8tes et personnalis\u00e9es. Vivez vos fantasmes\" \/>\n<meta name=\"robots\" content=\"index, follow, max-snippet:-1, max-image-preview:large, max-video-preview:-1\" \/>\n<link rel=\"canonical\" href=\"https:\/\/meetgirl.ch\/en\/submissive-escort-fribourg\/\" \/>\n<meta property=\"og:locale\" content=\"en_GB\" \/>\n<meta property=\"og:type\" content=\"article\" \/>\n<meta property=\"og:title\" content=\"Escort soumise \u00e0 Fribourg \u2013 Rencontres hard et confidentielles - Meetgirl - Annonces \u00e9rotiques - Escorts, massages et salons\" \/>\n<meta property=\"og:description\" content=\"D\u00e9couvrez nos escortes soumises \u00e0 Fribourg pour des rencontres hot et hard, discr\u00e8tes et personnalis\u00e9es. Vivez vos fantasmes\" \/>\n<meta property=\"og:url\" content=\"https:\/\/meetgirl.ch\/en\/submissive-escort-fribourg\/\" \/>\n<meta property=\"og:site_name\" content=\"Meetgirl - Annonces \u00e9rotiques - Escorts, massages et salons\" \/>\n<meta property=\"article:modified_time\" content=\"2025-08-17T13:33:52+00:00\" \/>\n<meta property=\"og:image\" content=\"https:\/\/meetgirl.ch\/wp-content\/uploads\/2025\/03\/meetgirl-yoast.jpg\" \/>\n\t<meta property=\"og:image:width\" content=\"1200\" \/>\n\t<meta property=\"og:image:height\" content=\"675\" \/>\n\t<meta property=\"og:image:type\" content=\"image\/jpeg\" \/>\n<meta name=\"twitter:card\" content=\"summary_large_image\" \/>\n<meta name=\"twitter:label1\" content=\"Estimated reading time\" \/>\n\t<meta name=\"twitter:data1\" content=\"2 minutes\" \/>\n<script type=\"application\/ld+json\" class=\"yoast-schema-graph\">{\"@context\":\"https:\/\/schema.org\",\"@graph\":[{\"@type\":\"WebPage\",\"@id\":\"https:\/\/meetgirl.ch\/escort-soumise-fribourg\/\",\"url\":\"https:\/\/meetgirl.ch\/escort-soumise-fribourg\/\",\"name\":\"Escort soumise \u00e0 Fribourg \u2013 Rencontres hard et confidentielles - Meetgirl - Annonces \u00e9rotiques - Escorts, massages et salons\",\"isPartOf\":{\"@id\":\"https:\/\/meetgirl.ch\/#website\"},\"datePublished\":\"2025-08-17T13:29:41+00:00\",\"dateModified\":\"2025-08-17T13:33:52+00:00\",\"description\":\"D\u00e9couvrez nos escortes soumises \u00e0 Fribourg pour des rencontres hot et hard, discr\u00e8tes et personnalis\u00e9es. Vivez vos fantasmes\",\"breadcrumb\":{\"@id\":\"https:\/\/meetgirl.ch\/escort-soumise-fribourg\/#breadcrumb\"},\"inLanguage\":\"en-GB\",\"potentialAction\":[{\"@type\":\"ReadAction\",\"target\":[\"https:\/\/meetgirl.ch\/escort-soumise-fribourg\/\"]}]},{\"@type\":\"BreadcrumbList\",\"@id\":\"https:\/\/meetgirl.ch\/escort-soumise-fribourg\/#breadcrumb\",\"itemListElement\":[{\"@type\":\"ListItem\",\"position\":1,\"name\":\"Accueil\",\"item\":\"https:\/\/meetgirl.ch\/\"},{\"@type\":\"ListItem\",\"position\":2,\"name\":\"Escort soumise \u00e0 Fribourg \u2013 Rencontres hard et confidentielles\"}]},{\"@type\":\"WebSite\",\"@id\":\"https:\/\/meetgirl.ch\/#website\",\"url\":\"https:\/\/meetgirl.ch\/\",\"name\":\"MeetGirl - Annonces \u00e9rotiques Suisse - Escorts, massages et salons\",\"description\":\"Escorts et massages \u00e9rotiques\",\"publisher\":{\"@id\":\"https:\/\/meetgirl.ch\/#organization\"},\"alternateName\":\"Annuaire \u00e9rotique Suisse Escort \u00e0 Gen\u00e8ve, Lausanne, Valais, Neuch\u00e2tel\",\"potentialAction\":[{\"@type\":\"SearchAction\",\"target\":{\"@type\":\"EntryPoint\",\"urlTemplate\":\"https:\/\/meetgirl.ch\/?s={search_term_string}\"},\"query-input\":{\"@type\":\"PropertyValueSpecification\",\"valueRequired\":true,\"valueName\":\"search_term_string\"}}],\"inLanguage\":\"en-GB\"},{\"@type\":\"Organization\",\"@id\":\"https:\/\/meetgirl.ch\/#organization\",\"name\":\"Escort et massage \u00e9rotique\",\"alternateName\":\"Meetgirl escortes et masseuses\",\"url\":\"https:\/\/meetgirl.ch\/\",\"logo\":{\"@type\":\"ImageObject\",\"inLanguage\":\"en-GB\",\"@id\":\"https:\/\/meetgirl.ch\/#\/schema\/logo\/image\/\",\"url\":\"https:\/\/meetgirl.ch\/wp-content\/uploads\/2024\/05\/cropped-meet-logo.png\",\"contentUrl\":\"https:\/\/meetgirl.ch\/wp-content\/uploads\/2024\/05\/cropped-meet-logo.png\",\"width\":512,\"height\":512,\"caption\":\"Escort et massage \u00e9rotique\"},\"image\":{\"@id\":\"https:\/\/meetgirl.ch\/#\/schema\/logo\/image\/\"}}]}<\/script>\n<!-- \/ Yoast SEO plugin. -->","yoast_head_json":{"title":"Escort soumise \u00e0 Fribourg - Rencontres hard et confidentielles - Meetgirl - Annonces \u00e9rotiques - Escorts, massages et salons","description":"Discover our submissive escorts in Fribourg for hot and hard, discreet and personalised encounters. Live your fantasies","robots":{"index":"index","follow":"follow","max-snippet":"max-snippet:-1","max-image-preview":"max-image-preview:large","max-video-preview":"max-video-preview:-1"},"canonical":"https:\/\/meetgirl.ch\/en\/submissive-escort-fribourg\/","og_locale":"en_GB","og_type":"article","og_title":"Escort soumise \u00e0 Fribourg \u2013 Rencontres hard et confidentielles - Meetgirl - Annonces \u00e9rotiques - Escorts, massages et salons","og_description":"D\u00e9couvrez nos escortes soumises \u00e0 Fribourg pour des rencontres hot et hard, discr\u00e8tes et personnalis\u00e9es. Vivez vos fantasmes","og_url":"https:\/\/meetgirl.ch\/en\/submissive-escort-fribourg\/","og_site_name":"Meetgirl - Annonces \u00e9rotiques - Escorts, massages et salons","article_modified_time":"2025-08-17T13:33:52+00:00","og_image":[{"width":1200,"height":675,"url":"https:\/\/meetgirl.ch\/wp-content\/uploads\/2025\/03\/meetgirl-yoast.jpg","type":"image\/jpeg"}],"twitter_card":"summary_large_image","twitter_misc":{"Estimated reading time":"2 minutes"},"schema":{"@context":"https:\/\/schema.org","@graph":[{"@type":"WebPage","@id":"https:\/\/meetgirl.ch\/escort-soumise-fribourg\/","url":"https:\/\/meetgirl.ch\/escort-soumise-fribourg\/","name":"Escort soumise \u00e0 Fribourg - Rencontres hard et confidentielles - Meetgirl - Annonces \u00e9rotiques - Escorts, massages et salons","isPartOf":{"@id":"https:\/\/meetgirl.ch\/#website"},"datePublished":"2025-08-17T13:29:41+00:00","dateModified":"2025-08-17T13:33:52+00:00","description":"Discover our submissive escorts in Fribourg for hot and hard, discreet and personalised encounters. Live your fantasies","breadcrumb":{"@id":"https:\/\/meetgirl.ch\/escort-soumise-fribourg\/#breadcrumb"},"inLanguage":"en-GB","potentialAction":[{"@type":"ReadAction","target":["https:\/\/meetgirl.ch\/escort-soumise-fribourg\/"]}]},{"@type":"BreadcrumbList","@id":"https:\/\/meetgirl.ch\/escort-soumise-fribourg\/#breadcrumb","itemListElement":[{"@type":"ListItem","position":1,"name":"Accueil","item":"https:\/\/meetgirl.ch\/"},{"@type":"ListItem","position":2,"name":"Escort soumise \u00e0 Fribourg \u2013 Rencontres hard et confidentielles"}]},{"@type":"WebSite","@id":"https:\/\/meetgirl.ch\/#website","url":"https:\/\/meetgirl.ch\/","name":"MeetGirl - Erotic ads Switzerland - Escorts, massages and parlours","description":"Escorts and erotic massages","publisher":{"@id":"https:\/\/meetgirl.ch\/#organization"},"alternateName":"Annuaire \u00e9rotique Suisse Escort \u00e0 Gen\u00e8ve, Lausanne, Valais, Neuch\u00e2tel","potentialAction":[{"@type":"SearchAction","target":{"@type":"EntryPoint","urlTemplate":"https:\/\/meetgirl.ch\/?s={search_term_string}"},"query-input":{"@type":"PropertyValueSpecification","valueRequired":true,"valueName":"search_term_string"}}],"inLanguage":"en-GB"},{"@type":"Organization","@id":"https:\/\/meetgirl.ch\/#organization","name":"Escort and erotic massage","alternateName":"Meetgirl escortes et masseuses","url":"https:\/\/meetgirl.ch\/","logo":{"@type":"ImageObject","inLanguage":"en-GB","@id":"https:\/\/meetgirl.ch\/#\/schema\/logo\/image\/","url":"https:\/\/meetgirl.ch\/wp-content\/uploads\/2024\/05\/cropped-meet-logo.png","contentUrl":"https:\/\/meetgirl.ch\/wp-content\/uploads\/2024\/05\/cropped-meet-logo.png","width":512,"height":512,"caption":"Escort et massage \u00e9rotique"},"image":{"@id":"https:\/\/meetgirl.ch\/#\/schema\/logo\/image\/"}}]}},"_links":{"self":[{"href":"https:\/\/meetgirl.ch\/en\/wp-json\/wp\/v2\/pages\/12789","targetHints":{"allow":["GET"]}}],"collection":[{"href":"https:\/\/meetgirl.ch\/en\/wp-json\/wp\/v2\/pages"}],"about":[{"href":"https:\/\/meetgirl.ch\/en\/wp-json\/wp\/v2\/types\/page"}],"author":[{"embeddable":true,"href":"https:\/\/meetgirl.ch\/en\/wp-json\/wp\/v2\/users\/3"}],"replies":[{"embeddable":true,"href":"https:\/\/meetgirl.ch\/en\/wp-json\/wp\/v2\/comments?post=12789"}],"version-history":[{"count":5,"href":"https:\/\/meetgirl.ch\/en\/wp-json\/wp\/v2\/pages\/12789\/revisions"}],"predecessor-version":[{"id":12796,"href":"https:\/\/meetgirl.ch\/en\/wp-json\/wp\/v2\/pages\/12789\/revisions\/12796"}],"wp:attachment":[{"href":"https:\/\/meetgirl.ch\/en\/wp-json\/wp\/v2\/media?parent=12789"}],"curies":[{"name":"wp","href":"https:\/\/api.w.org\/{rel}","templated":true}]}}