{"id":4119,"date":"2024-09-27T15:09:25","date_gmt":"2024-09-27T15:09:25","guid":{"rendered":"https:\/\/meet2.le-digital.ch\/?page_id=4119"},"modified":"2024-10-30T15:14:55","modified_gmt":"2024-10-30T15:14:55","slug":"general-terms-and-conditions","status":"publish","type":"page","link":"https:\/\/meetgirl.ch\/en\/general-terms-and-conditions\/","title":{"rendered":"General terms and conditions"},"content":{"rendered":"<div data-elementor-type=\"wp-page\" data-elementor-id=\"4119\" class=\"elementor elementor-4119\">\n\t\t\t\t<div class=\"elementor-element elementor-element-b81f5d3 e-flex e-con-boxed e-con e-parent\" data-id=\"b81f5d3\" data-element_type=\"container\" data-settings=\"{&quot;jet_parallax_layout_list&quot;:[]}\">\n\t\t\t\t\t<div class=\"e-con-inner\">\n\t\t\t\t<div class=\"elementor-element elementor-element-b965b6a elementor-widget elementor-widget-image\" data-id=\"b965b6a\" data-element_type=\"widget\" data-widget_type=\"image.default\">\n\t\t\t\t<div class=\"elementor-widget-container\">\n\t\t\t\t\t\t\t\t\t\t\t\t\t\t\t<img decoding=\"async\" width=\"724\" height=\"1024\" src=\"https:\/\/meetgirl.ch\/wp-content\/uploads\/2024\/10\/Conditions-Generales-meetgirl_Page_1-scaled-724x1024.jpg\" class=\"attachment-large size-large wp-image-4458\" alt=\"\" srcset=\"https:\/\/meetgirl.ch\/wp-content\/uploads\/2024\/10\/Conditions-Generales-meetgirl_Page_1-scaled-724x1024.jpg 724w, https:\/\/meetgirl.ch\/wp-content\/uploads\/2024\/10\/Conditions-Generales-meetgirl_Page_1-scaled-212x300.jpg 212w, https:\/\/meetgirl.ch\/wp-content\/uploads\/2024\/10\/Conditions-Generales-meetgirl_Page_1-scaled-768x1087.jpg 768w, https:\/\/meetgirl.ch\/wp-content\/uploads\/2024\/10\/Conditions-Generales-meetgirl_Page_1-scaled-1085x1536.jpg 1085w, https:\/\/meetgirl.ch\/wp-content\/uploads\/2024\/10\/Conditions-Generales-meetgirl_Page_1-scaled-1447x2048.jpg 1447w, https:\/\/meetgirl.ch\/wp-content\/uploads\/2024\/10\/Conditions-Generales-meetgirl_Page_1-scaled-8x12.jpg 8w, https:\/\/meetgirl.ch\/wp-content\/uploads\/2024\/10\/Conditions-Generales-meetgirl_Page_1-scaled-600x849.jpg 600w, https:\/\/meetgirl.ch\/wp-content\/uploads\/2024\/10\/Conditions-Generales-meetgirl_Page_1-scaled.jpg 1809w\" sizes=\"(max-width: 724px) 100vw, 724px\" \/>\t\t\t\t\t\t\t\t\t\t\t\t\t\t\t<\/div>\n\t\t\t\t<\/div>\n\t\t\t\t<div class=\"elementor-element elementor-element-346f8fc elementor-widget elementor-widget-image\" data-id=\"346f8fc\" data-element_type=\"widget\" data-widget_type=\"image.default\">\n\t\t\t\t<div class=\"elementor-widget-container\">\n\t\t\t\t\t\t\t\t\t\t\t\t\t\t\t<img decoding=\"async\" width=\"724\" height=\"1024\" src=\"https:\/\/meetgirl.ch\/wp-content\/uploads\/2024\/10\/Conditions-Generales-meetgirl_Page_2-724x1024.jpg\" class=\"attachment-large size-large wp-image-4459\" alt=\"\" srcset=\"https:\/\/meetgirl.ch\/wp-content\/uploads\/2024\/10\/Conditions-Generales-meetgirl_Page_2-724x1024.jpg 724w, https:\/\/meetgirl.ch\/wp-content\/uploads\/2024\/10\/Conditions-Generales-meetgirl_Page_2-212x300.jpg 212w, https:\/\/meetgirl.ch\/wp-content\/uploads\/2024\/10\/Conditions-Generales-meetgirl_Page_2-768x1087.jpg 768w, https:\/\/meetgirl.ch\/wp-content\/uploads\/2024\/10\/Conditions-Generales-meetgirl_Page_2-1086x1536.jpg 1086w, https:\/\/meetgirl.ch\/wp-content\/uploads\/2024\/10\/Conditions-Generales-meetgirl_Page_2-1447x2048.jpg 1447w, https:\/\/meetgirl.ch\/wp-content\/uploads\/2024\/10\/Conditions-Generales-meetgirl_Page_2-8x12.jpg 8w, https:\/\/meetgirl.ch\/wp-content\/uploads\/2024\/10\/Conditions-Generales-meetgirl_Page_2-600x849.jpg 600w, https:\/\/meetgirl.ch\/wp-content\/uploads\/2024\/10\/Conditions-Generales-meetgirl_Page_2.jpg 1653w\" sizes=\"(max-width: 724px) 100vw, 724px\" \/>\t\t\t\t\t\t\t\t\t\t\t\t\t\t\t<\/div>\n\t\t\t\t<\/div>\n\t\t\t\t<div class=\"elementor-element elementor-element-73fcd10 elementor-widget elementor-widget-image\" data-id=\"73fcd10\" data-element_type=\"widget\" data-widget_type=\"image.default\">\n\t\t\t\t<div class=\"elementor-widget-container\">\n\t\t\t\t\t\t\t\t\t\t\t\t\t\t\t<img decoding=\"async\" width=\"724\" height=\"1024\" src=\"https:\/\/meetgirl.ch\/wp-content\/uploads\/2024\/10\/Conditions-Generales-meetgirl_Page_3-724x1024.jpg\" class=\"attachment-large size-large wp-image-4460\" alt=\"\" srcset=\"https:\/\/meetgirl.ch\/wp-content\/uploads\/2024\/10\/Conditions-Generales-meetgirl_Page_3-724x1024.jpg 724w, https:\/\/meetgirl.ch\/wp-content\/uploads\/2024\/10\/Conditions-Generales-meetgirl_Page_3-212x300.jpg 212w, https:\/\/meetgirl.ch\/wp-content\/uploads\/2024\/10\/Conditions-Generales-meetgirl_Page_3-768x1087.jpg 768w, https:\/\/meetgirl.ch\/wp-content\/uploads\/2024\/10\/Conditions-Generales-meetgirl_Page_3-1086x1536.jpg 1086w, https:\/\/meetgirl.ch\/wp-content\/uploads\/2024\/10\/Conditions-Generales-meetgirl_Page_3-1447x2048.jpg 1447w, https:\/\/meetgirl.ch\/wp-content\/uploads\/2024\/10\/Conditions-Generales-meetgirl_Page_3-8x12.jpg 8w, https:\/\/meetgirl.ch\/wp-content\/uploads\/2024\/10\/Conditions-Generales-meetgirl_Page_3-600x849.jpg 600w, https:\/\/meetgirl.ch\/wp-content\/uploads\/2024\/10\/Conditions-Generales-meetgirl_Page_3.jpg 1653w\" sizes=\"(max-width: 724px) 100vw, 724px\" \/>\t\t\t\t\t\t\t\t\t\t\t\t\t\t\t<\/div>\n\t\t\t\t<\/div>\n\t\t\t\t<div class=\"elementor-element elementor-element-25a551e elementor-widget elementor-widget-image\" data-id=\"25a551e\" data-element_type=\"widget\" data-widget_type=\"image.default\">\n\t\t\t\t<div class=\"elementor-widget-container\">\n\t\t\t\t\t\t\t\t\t\t\t\t\t\t\t<img decoding=\"async\" width=\"724\" height=\"1024\" src=\"https:\/\/meetgirl.ch\/wp-content\/uploads\/2024\/10\/Conditions-Generales-meetgirl_Page_4-724x1024.jpg\" class=\"attachment-large size-large wp-image-4461\" alt=\"\" srcset=\"https:\/\/meetgirl.ch\/wp-content\/uploads\/2024\/10\/Conditions-Generales-meetgirl_Page_4-724x1024.jpg 724w, https:\/\/meetgirl.ch\/wp-content\/uploads\/2024\/10\/Conditions-Generales-meetgirl_Page_4-212x300.jpg 212w, https:\/\/meetgirl.ch\/wp-content\/uploads\/2024\/10\/Conditions-Generales-meetgirl_Page_4-768x1087.jpg 768w, https:\/\/meetgirl.ch\/wp-content\/uploads\/2024\/10\/Conditions-Generales-meetgirl_Page_4-1086x1536.jpg 1086w, https:\/\/meetgirl.ch\/wp-content\/uploads\/2024\/10\/Conditions-Generales-meetgirl_Page_4-1447x2048.jpg 1447w, https:\/\/meetgirl.ch\/wp-content\/uploads\/2024\/10\/Conditions-Generales-meetgirl_Page_4-8x12.jpg 8w, https:\/\/meetgirl.ch\/wp-content\/uploads\/2024\/10\/Conditions-Generales-meetgirl_Page_4-600x849.jpg 600w, https:\/\/meetgirl.ch\/wp-content\/uploads\/2024\/10\/Conditions-Generales-meetgirl_Page_4.jpg 1653w\" sizes=\"(max-width: 724px) 100vw, 724px\" \/>\t\t\t\t\t\t\t\t\t\t\t\t\t\t\t<\/div>\n\t\t\t\t<\/div>\n\t\t\t\t<div class=\"elementor-element elementor-element-cebc0b8 elementor-widget elementor-widget-image\" data-id=\"cebc0b8\" data-element_type=\"widget\" data-widget_type=\"image.default\">\n\t\t\t\t<div class=\"elementor-widget-container\">\n\t\t\t\t\t\t\t\t\t\t\t\t\t\t\t<img decoding=\"async\" width=\"724\" height=\"1024\" src=\"https:\/\/meetgirl.ch\/wp-content\/uploads\/2024\/10\/Conditions-Generales-meetgirl_Page_5-724x1024.jpg\" class=\"attachment-large size-large wp-image-4462\" alt=\"\" srcset=\"https:\/\/meetgirl.ch\/wp-content\/uploads\/2024\/10\/Conditions-Generales-meetgirl_Page_5-724x1024.jpg 724w, https:\/\/meetgirl.ch\/wp-content\/uploads\/2024\/10\/Conditions-Generales-meetgirl_Page_5-212x300.jpg 212w, https:\/\/meetgirl.ch\/wp-content\/uploads\/2024\/10\/Conditions-Generales-meetgirl_Page_5-768x1087.jpg 768w, https:\/\/meetgirl.ch\/wp-content\/uploads\/2024\/10\/Conditions-Generales-meetgirl_Page_5-1086x1536.jpg 1086w, https:\/\/meetgirl.ch\/wp-content\/uploads\/2024\/10\/Conditions-Generales-meetgirl_Page_5-1447x2048.jpg 1447w, https:\/\/meetgirl.ch\/wp-content\/uploads\/2024\/10\/Conditions-Generales-meetgirl_Page_5-8x12.jpg 8w, https:\/\/meetgirl.ch\/wp-content\/uploads\/2024\/10\/Conditions-Generales-meetgirl_Page_5-600x849.jpg 600w, https:\/\/meetgirl.ch\/wp-content\/uploads\/2024\/10\/Conditions-Generales-meetgirl_Page_5.jpg 1653w\" sizes=\"(max-width: 724px) 100vw, 724px\" \/>\t\t\t\t\t\t\t\t\t\t\t\t\t\t\t<\/div>\n\t\t\t\t<\/div>\n\t\t\t\t<div class=\"elementor-element elementor-element-3734ff3 elementor-widget elementor-widget-image\" data-id=\"3734ff3\" data-element_type=\"widget\" data-widget_type=\"image.default\">\n\t\t\t\t<div class=\"elementor-widget-container\">\n\t\t\t\t\t\t\t\t\t\t\t\t\t\t\t<img decoding=\"async\" width=\"724\" height=\"1024\" src=\"https:\/\/meetgirl.ch\/wp-content\/uploads\/2024\/10\/Conditions-Generales-meetgirl_Page_6-724x1024.jpg\" class=\"attachment-large size-large wp-image-4463\" alt=\"\" srcset=\"https:\/\/meetgirl.ch\/wp-content\/uploads\/2024\/10\/Conditions-Generales-meetgirl_Page_6-724x1024.jpg 724w, https:\/\/meetgirl.ch\/wp-content\/uploads\/2024\/10\/Conditions-Generales-meetgirl_Page_6-212x300.jpg 212w, https:\/\/meetgirl.ch\/wp-content\/uploads\/2024\/10\/Conditions-Generales-meetgirl_Page_6-768x1087.jpg 768w, https:\/\/meetgirl.ch\/wp-content\/uploads\/2024\/10\/Conditions-Generales-meetgirl_Page_6-1086x1536.jpg 1086w, https:\/\/meetgirl.ch\/wp-content\/uploads\/2024\/10\/Conditions-Generales-meetgirl_Page_6-1447x2048.jpg 1447w, https:\/\/meetgirl.ch\/wp-content\/uploads\/2024\/10\/Conditions-Generales-meetgirl_Page_6-8x12.jpg 8w, https:\/\/meetgirl.ch\/wp-content\/uploads\/2024\/10\/Conditions-Generales-meetgirl_Page_6-600x849.jpg 600w, https:\/\/meetgirl.ch\/wp-content\/uploads\/2024\/10\/Conditions-Generales-meetgirl_Page_6.jpg 1653w\" sizes=\"(max-width: 724px) 100vw, 724px\" \/>\t\t\t\t\t\t\t\t\t\t\t\t\t\t\t<\/div>\n\t\t\t\t<\/div>\n\t\t\t\t\t<\/div>\n\t\t\t\t<\/div>\n\t\t\t\t<\/div>","protected":false},"excerpt":{"rendered":"","protected":false},"author":3,"featured_media":0,"parent":0,"menu_order":0,"comment_status":"closed","ping_status":"closed","template":"","meta":{"footnotes":""},"class_list":["post-4119","page","type-page","status-publish","hentry"],"acf":[],"yoast_head":"<!-- This site is optimized with the Yoast SEO plugin v26.0 - https:\/\/yoast.com\/wordpress\/plugins\/seo\/ -->\n<title>Conditions g\u00e9n\u00e9rales - Meetgirl - Annonces \u00e9rotiques - Escorts, massages et salons<\/title>\n<meta name=\"robots\" content=\"index, follow, max-snippet:-1, max-image-preview:large, max-video-preview:-1\" \/>\n<link rel=\"canonical\" href=\"https:\/\/meetgirl.ch\/en\/general-terms-and-conditions\/\" \/>\n<meta property=\"og:locale\" content=\"en_GB\" \/>\n<meta property=\"og:type\" content=\"article\" \/>\n<meta property=\"og:title\" content=\"Conditions g\u00e9n\u00e9rales - Meetgirl - Annonces \u00e9rotiques - Escorts, massages et salons\" \/>\n<meta property=\"og:url\" content=\"https:\/\/meetgirl.ch\/en\/general-terms-and-conditions\/\" \/>\n<meta property=\"og:site_name\" content=\"Meetgirl - Annonces \u00e9rotiques - Escorts, massages et salons\" \/>\n<meta property=\"article:modified_time\" content=\"2024-10-30T15:14:55+00:00\" \/>\n<meta property=\"og:image\" content=\"https:\/\/meet2.le-digital.ch\/wp-content\/uploads\/2024\/10\/Conditions-Generales-meetgirl_Page_1-724x1024.jpg\" \/>\n<meta name=\"twitter:card\" content=\"summary_large_image\" \/>\n<meta name=\"twitter:label1\" content=\"Estimated reading time\" \/>\n\t<meta name=\"twitter:data1\" content=\"2 minutes\" \/>\n<script type=\"application\/ld+json\" class=\"yoast-schema-graph\">{\"@context\":\"https:\/\/schema.org\",\"@graph\":[{\"@type\":\"WebPage\",\"@id\":\"https:\/\/meetgirl.ch\/conditions-generales\/\",\"url\":\"https:\/\/meetgirl.ch\/conditions-generales\/\",\"name\":\"Conditions g\u00e9n\u00e9rales - Meetgirl - Annonces \u00e9rotiques - Escorts, massages et salons\",\"isPartOf\":{\"@id\":\"https:\/\/meetgirl.ch\/#website\"},\"primaryImageOfPage\":{\"@id\":\"https:\/\/meetgirl.ch\/conditions-generales\/#primaryimage\"},\"image\":{\"@id\":\"https:\/\/meetgirl.ch\/conditions-generales\/#primaryimage\"},\"thumbnailUrl\":\"https:\/\/meet2.le-digital.ch\/wp-content\/uploads\/2024\/10\/Conditions-Generales-meetgirl_Page_1-724x1024.jpg\",\"datePublished\":\"2024-09-27T15:09:25+00:00\",\"dateModified\":\"2024-10-30T15:14:55+00:00\",\"breadcrumb\":{\"@id\":\"https:\/\/meetgirl.ch\/conditions-generales\/#breadcrumb\"},\"inLanguage\":\"en-GB\",\"potentialAction\":[{\"@type\":\"ReadAction\",\"target\":[\"https:\/\/meetgirl.ch\/conditions-generales\/\"]}]},{\"@type\":\"ImageObject\",\"inLanguage\":\"en-GB\",\"@id\":\"https:\/\/meetgirl.ch\/conditions-generales\/#primaryimage\",\"url\":\"https:\/\/meet2.le-digital.ch\/wp-content\/uploads\/2024\/10\/Conditions-Generales-meetgirl_Page_1-724x1024.jpg\",\"contentUrl\":\"https:\/\/meet2.le-digital.ch\/wp-content\/uploads\/2024\/10\/Conditions-Generales-meetgirl_Page_1-724x1024.jpg\"},{\"@type\":\"BreadcrumbList\",\"@id\":\"https:\/\/meetgirl.ch\/conditions-generales\/#breadcrumb\",\"itemListElement\":[{\"@type\":\"ListItem\",\"position\":1,\"name\":\"Accueil\",\"item\":\"https:\/\/meetgirl.ch\/\"},{\"@type\":\"ListItem\",\"position\":2,\"name\":\"Conditions g\u00e9n\u00e9rales\"}]},{\"@type\":\"WebSite\",\"@id\":\"https:\/\/meetgirl.ch\/#website\",\"url\":\"https:\/\/meetgirl.ch\/\",\"name\":\"MeetGirl - Annonces \u00e9rotiques Suisse - Escorts, massages et salons\",\"description\":\"Escorts et massages \u00e9rotiques\",\"publisher\":{\"@id\":\"https:\/\/meetgirl.ch\/#organization\"},\"alternateName\":\"Annuaire \u00e9rotique Suisse Escort \u00e0 Gen\u00e8ve, Lausanne, Valais, Neuch\u00e2tel\",\"potentialAction\":[{\"@type\":\"SearchAction\",\"target\":{\"@type\":\"EntryPoint\",\"urlTemplate\":\"https:\/\/meetgirl.ch\/?s={search_term_string}\"},\"query-input\":{\"@type\":\"PropertyValueSpecification\",\"valueRequired\":true,\"valueName\":\"search_term_string\"}}],\"inLanguage\":\"en-GB\"},{\"@type\":\"Organization\",\"@id\":\"https:\/\/meetgirl.ch\/#organization\",\"name\":\"Escort et massage \u00e9rotique\",\"alternateName\":\"Meetgirl escortes et masseuses\",\"url\":\"https:\/\/meetgirl.ch\/\",\"logo\":{\"@type\":\"ImageObject\",\"inLanguage\":\"en-GB\",\"@id\":\"https:\/\/meetgirl.ch\/#\/schema\/logo\/image\/\",\"url\":\"https:\/\/meetgirl.ch\/wp-content\/uploads\/2024\/05\/cropped-meet-logo.png\",\"contentUrl\":\"https:\/\/meetgirl.ch\/wp-content\/uploads\/2024\/05\/cropped-meet-logo.png\",\"width\":512,\"height\":512,\"caption\":\"Escort et massage \u00e9rotique\"},\"image\":{\"@id\":\"https:\/\/meetgirl.ch\/#\/schema\/logo\/image\/\"}}]}<\/script>\n<!-- \/ Yoast SEO plugin. -->","yoast_head_json":{"title":"Terms and conditions - Meetgirl - Erotic ads - Escorts, massages and parlours","robots":{"index":"index","follow":"follow","max-snippet":"max-snippet:-1","max-image-preview":"max-image-preview:large","max-video-preview":"max-video-preview:-1"},"canonical":"https:\/\/meetgirl.ch\/en\/general-terms-and-conditions\/","og_locale":"en_GB","og_type":"article","og_title":"Conditions g\u00e9n\u00e9rales - Meetgirl - Annonces \u00e9rotiques - Escorts, massages et salons","og_url":"https:\/\/meetgirl.ch\/en\/general-terms-and-conditions\/","og_site_name":"Meetgirl - Annonces \u00e9rotiques - Escorts, massages et salons","article_modified_time":"2024-10-30T15:14:55+00:00","og_image":[{"url":"https:\/\/meet2.le-digital.ch\/wp-content\/uploads\/2024\/10\/Conditions-Generales-meetgirl_Page_1-724x1024.jpg","type":"","width":"","height":""}],"twitter_card":"summary_large_image","twitter_misc":{"Estimated reading time":"2 minutes"},"schema":{"@context":"https:\/\/schema.org","@graph":[{"@type":"WebPage","@id":"https:\/\/meetgirl.ch\/conditions-generales\/","url":"https:\/\/meetgirl.ch\/conditions-generales\/","name":"Terms and conditions - Meetgirl - Erotic ads - Escorts, massages and parlours","isPartOf":{"@id":"https:\/\/meetgirl.ch\/#website"},"primaryImageOfPage":{"@id":"https:\/\/meetgirl.ch\/conditions-generales\/#primaryimage"},"image":{"@id":"https:\/\/meetgirl.ch\/conditions-generales\/#primaryimage"},"thumbnailUrl":"https:\/\/meet2.le-digital.ch\/wp-content\/uploads\/2024\/10\/Conditions-Generales-meetgirl_Page_1-724x1024.jpg","datePublished":"2024-09-27T15:09:25+00:00","dateModified":"2024-10-30T15:14:55+00:00","breadcrumb":{"@id":"https:\/\/meetgirl.ch\/conditions-generales\/#breadcrumb"},"inLanguage":"en-GB","potentialAction":[{"@type":"ReadAction","target":["https:\/\/meetgirl.ch\/conditions-generales\/"]}]},{"@type":"ImageObject","inLanguage":"en-GB","@id":"https:\/\/meetgirl.ch\/conditions-generales\/#primaryimage","url":"https:\/\/meet2.le-digital.ch\/wp-content\/uploads\/2024\/10\/Conditions-Generales-meetgirl_Page_1-724x1024.jpg","contentUrl":"https:\/\/meet2.le-digital.ch\/wp-content\/uploads\/2024\/10\/Conditions-Generales-meetgirl_Page_1-724x1024.jpg"},{"@type":"BreadcrumbList","@id":"https:\/\/meetgirl.ch\/conditions-generales\/#breadcrumb","itemListElement":[{"@type":"ListItem","position":1,"name":"Accueil","item":"https:\/\/meetgirl.ch\/"},{"@type":"ListItem","position":2,"name":"Conditions g\u00e9n\u00e9rales"}]},{"@type":"WebSite","@id":"https:\/\/meetgirl.ch\/#website","url":"https:\/\/meetgirl.ch\/","name":"MeetGirl - Erotic ads Switzerland - Escorts, massages and parlours","description":"Escorts and erotic massages","publisher":{"@id":"https:\/\/meetgirl.ch\/#organization"},"alternateName":"Annuaire \u00e9rotique Suisse Escort \u00e0 Gen\u00e8ve, Lausanne, Valais, Neuch\u00e2tel","potentialAction":[{"@type":"SearchAction","target":{"@type":"EntryPoint","urlTemplate":"https:\/\/meetgirl.ch\/?s={search_term_string}"},"query-input":{"@type":"PropertyValueSpecification","valueRequired":true,"valueName":"search_term_string"}}],"inLanguage":"en-GB"},{"@type":"Organization","@id":"https:\/\/meetgirl.ch\/#organization","name":"Escort and erotic massage","alternateName":"Meetgirl escortes et masseuses","url":"https:\/\/meetgirl.ch\/","logo":{"@type":"ImageObject","inLanguage":"en-GB","@id":"https:\/\/meetgirl.ch\/#\/schema\/logo\/image\/","url":"https:\/\/meetgirl.ch\/wp-content\/uploads\/2024\/05\/cropped-meet-logo.png","contentUrl":"https:\/\/meetgirl.ch\/wp-content\/uploads\/2024\/05\/cropped-meet-logo.png","width":512,"height":512,"caption":"Escort et massage \u00e9rotique"},"image":{"@id":"https:\/\/meetgirl.ch\/#\/schema\/logo\/image\/"}}]}},"_links":{"self":[{"href":"https:\/\/meetgirl.ch\/en\/wp-json\/wp\/v2\/pages\/4119","targetHints":{"allow":["GET"]}}],"collection":[{"href":"https:\/\/meetgirl.ch\/en\/wp-json\/wp\/v2\/pages"}],"about":[{"href":"https:\/\/meetgirl.ch\/en\/wp-json\/wp\/v2\/types\/page"}],"author":[{"embeddable":true,"href":"https:\/\/meetgirl.ch\/en\/wp-json\/wp\/v2\/users\/3"}],"replies":[{"embeddable":true,"href":"https:\/\/meetgirl.ch\/en\/wp-json\/wp\/v2\/comments?post=4119"}],"version-history":[{"count":0,"href":"https:\/\/meetgirl.ch\/en\/wp-json\/wp\/v2\/pages\/4119\/revisions"}],"wp:attachment":[{"href":"https:\/\/meetgirl.ch\/en\/wp-json\/wp\/v2\/media?parent=4119"}],"curies":[{"name":"wp","href":"https:\/\/api.w.org\/{rel}","templated":true}]}}