{"id":6670,"date":"2025-06-11T04:44:40","date_gmt":"2025-06-11T04:44:40","guid":{"rendered":"https:\/\/meetgirl.ch\/?page_id=6670"},"modified":"2025-06-11T04:56:53","modified_gmt":"2025-06-11T04:56:53","slug":"sex-tour-limousine","status":"publish","type":"page","link":"https:\/\/meetgirl.ch\/en\/sex-tour-limousine\/","title":{"rendered":"Sex Tour limousine"},"content":{"rendered":"<div data-elementor-type=\"wp-page\" data-elementor-id=\"6670\" class=\"elementor elementor-6670\">\n\t\t\t\t<div class=\"elementor-element elementor-element-17e94ec e-flex e-con-boxed e-con e-parent\" data-id=\"17e94ec\" data-element_type=\"container\" data-settings=\"{&quot;jet_parallax_layout_list&quot;:[]}\">\n\t\t\t\t\t<div class=\"e-con-inner\">\n\t\t\t\t<div class=\"elementor-element elementor-element-89542b7 elementor-widget elementor-widget-image\" data-id=\"89542b7\" data-element_type=\"widget\" data-widget_type=\"image.default\">\n\t\t\t\t<div class=\"elementor-widget-container\">\n\t\t\t\t\t\t\t\t\t\t\t\t\t\t\t<img decoding=\"async\" width=\"1024\" height=\"512\" src=\"https:\/\/meetgirl.ch\/wp-content\/uploads\/2025\/06\/meet-voiture-1024x512.jpg\" class=\"attachment-large size-large wp-image-6668\" alt=\"meet girl tour voiture\" srcset=\"https:\/\/meetgirl.ch\/wp-content\/uploads\/2025\/06\/meet-voiture-1024x512.jpg 1024w, https:\/\/meetgirl.ch\/wp-content\/uploads\/2025\/06\/meet-voiture-300x150.jpg 300w, https:\/\/meetgirl.ch\/wp-content\/uploads\/2025\/06\/meet-voiture-768x384.jpg 768w, https:\/\/meetgirl.ch\/wp-content\/uploads\/2025\/06\/meet-voiture-18x9.jpg 18w, https:\/\/meetgirl.ch\/wp-content\/uploads\/2025\/06\/meet-voiture-600x300.jpg 600w, https:\/\/meetgirl.ch\/wp-content\/uploads\/2025\/06\/meet-voiture.jpg 1200w\" sizes=\"(max-width: 1024px) 100vw, 1024px\" \/>\t\t\t\t\t\t\t\t\t\t\t\t\t\t\t<\/div>\n\t\t\t\t<\/div>\n\t\t\t\t\t<\/div>\n\t\t\t\t<\/div>\n\t\t<div class=\"elementor-element elementor-element-dce487e e-flex e-con-boxed e-con e-parent\" data-id=\"dce487e\" data-element_type=\"container\" data-settings=\"{&quot;jet_parallax_layout_list&quot;:[]}\">\n\t\t\t\t\t<div class=\"e-con-inner\">\n\t\t\t\t<div class=\"elementor-element elementor-element-0c3f967 elementor-widget elementor-widget-heading\" data-id=\"0c3f967\" data-element_type=\"widget\" data-widget_type=\"heading.default\">\n\t\t\t\t<div class=\"elementor-widget-container\">\n\t\t\t\t\t<h2 class=\"elementor-heading-title elementor-size-default\">Never before seen in Switzerland! 1 hour of free sex in our limousine<\/h2>\t\t\t\t<\/div>\n\t\t\t\t<\/div>\n\t\t\t\t\t<\/div>\n\t\t\t\t<\/div>\n\t\t<div class=\"elementor-element elementor-element-2d8cfec e-flex e-con-boxed e-con e-parent\" data-id=\"2d8cfec\" data-element_type=\"container\" data-settings=\"{&quot;jet_parallax_layout_list&quot;:[]}\">\n\t\t\t\t\t<div class=\"e-con-inner\">\n\t\t<div class=\"elementor-element elementor-element-6aaa3a3 e-con-full e-flex e-con e-child\" data-id=\"6aaa3a3\" data-element_type=\"container\" data-settings=\"{&quot;jet_parallax_layout_list&quot;:[]}\">\n\t\t\t\t<div class=\"elementor-element elementor-element-ddb79d4 elementor-widget elementor-widget-text-editor\" data-id=\"ddb79d4\" data-element_type=\"widget\" data-widget_type=\"text-editor.default\">\n\t\t\t\t<div class=\"elementor-widget-container\">\n\t\t\t\t\t\t\t\t\t<p>Sign up for a ride in our limousine<\/p>\t\t\t\t\t\t\t\t<\/div>\n\t\t\t\t<\/div>\n\t\t\t\t<div class=\"elementor-element elementor-element-67de499 elementor-widget elementor-widget-contact-form-7\" data-id=\"67de499\" data-element_type=\"widget\" data-widget_type=\"contact-form-7.default\">\n\t\t\t\t<div class=\"elementor-widget-container\">\n\t\t\t\t\t<div class=\"elementor-contact-form-7 jet-elements\">\n<div class=\"wpcf7 no-js\" id=\"wpcf7-f202-o1\" lang=\"fr-FR\" dir=\"ltr\" data-wpcf7-id=\"202\">\n<div class=\"screen-reader-response\"><p role=\"status\" aria-live=\"polite\" aria-atomic=\"true\"><\/p> <ul><\/ul><\/div>\n<form action=\"\/en\/wp-json\/wp\/v2\/pages\/6670#wpcf7-f202-o1\" method=\"post\" class=\"wpcf7-form init\" aria-label=\"Formulaire de contact\" novalidate=\"novalidate\" data-status=\"init\" data-trp-original-action=\"\/en\/wp-json\/wp\/v2\/pages\/6670#wpcf7-f202-o1\">\n<fieldset class=\"hidden-fields-container\"><input type=\"hidden\" name=\"_wpcf7\" value=\"202\" \/><input type=\"hidden\" name=\"_wpcf7_version\" value=\"6.1.2\" \/><input type=\"hidden\" name=\"_wpcf7_locale\" value=\"fr_FR\" \/><input type=\"hidden\" name=\"_wpcf7_unit_tag\" value=\"wpcf7-f202-o1\" \/><input type=\"hidden\" name=\"_wpcf7_container_post\" value=\"0\" \/><input type=\"hidden\" name=\"_wpcf7_posted_data_hash\" value=\"\" \/><input type=\"hidden\" name=\"_case27_recipients\" value=\"%case27_recipients%\" \/><input type=\"hidden\" name=\"_case27_post_id\" value=\"6670\" \/>\n<\/fieldset>\n<p><label> Your name<br \/>\n<span class=\"wpcf7-form-control-wrap\" data-name=\"your-name\"><input size=\"40\" maxlength=\"400\" class=\"wpcf7-form-control wpcf7-text wpcf7-validates-as-required\" autocomplete=\"name\" aria-required=\"true\" aria-invalid=\"false\" value=\"\" type=\"text\" name=\"your-name\" \/><\/span> <\/label>\n<\/p>\n<p><label> your email<br \/>\n<span class=\"wpcf7-form-control-wrap\" data-name=\"your-email\"><input size=\"40\" maxlength=\"400\" class=\"wpcf7-form-control wpcf7-email wpcf7-validates-as-required wpcf7-text wpcf7-validates-as-email\" autocomplete=\"email\" aria-required=\"true\" aria-invalid=\"false\" value=\"\" type=\"email\" name=\"your-email\" \/><\/span> <\/label>\n<\/p>\n<p><label> Subject<br \/>\n<span class=\"wpcf7-form-control-wrap\" data-name=\"your-subject\"><input size=\"40\" maxlength=\"400\" class=\"wpcf7-form-control wpcf7-text wpcf7-validates-as-required\" aria-required=\"true\" aria-invalid=\"false\" value=\"\" type=\"text\" name=\"your-subject\" \/><\/span> <\/label>\n<\/p>\n<p><label> message (optional)<br \/>\n<span class=\"wpcf7-form-control-wrap\" data-name=\"your-message\"><textarea cols=\"40\" rows=\"10\" maxlength=\"2000\" class=\"wpcf7-form-control wpcf7-textarea\" aria-invalid=\"false\" name=\"your-message\"><\/textarea><\/span> <\/label>\n<\/p>\n<p><input class=\"wpcf7-form-control wpcf7-submit has-spinner\" type=\"submit\" value=\"Submit\" \/>\n<\/p><div class=\"wpcf7-response-output\" aria-hidden=\"true\"><\/div>\n<input type=\"hidden\" name=\"trp-form-language\" value=\"en\"\/><\/form>\n<\/div>\n<\/div>\t\t\t\t<\/div>\n\t\t\t\t<\/div>\n\t\t\t\t<\/div>\n\t\t<div class=\"elementor-element elementor-element-9afc89b e-con-full e-flex e-con e-child\" data-id=\"9afc89b\" data-element_type=\"container\" data-settings=\"{&quot;jet_parallax_layout_list&quot;:[]}\">\n\t\t\t\t<div class=\"elementor-element elementor-element-f1e444e elementor-widget elementor-widget-image\" data-id=\"f1e444e\" data-element_type=\"widget\" data-widget_type=\"image.default\">\n\t\t\t\t<div class=\"elementor-widget-container\">\n\t\t\t\t\t\t\t\t\t\t\t\t\t\t\t<img decoding=\"async\" width=\"724\" height=\"1024\" src=\"https:\/\/meetgirl.ch\/wp-content\/uploads\/2025\/06\/Pink-and-White-Neon-Night-Party-Club-Flyer-16-724x1024.jpg\" class=\"attachment-large size-large wp-image-6679\" alt=\"\" srcset=\"https:\/\/meetgirl.ch\/wp-content\/uploads\/2025\/06\/Pink-and-White-Neon-Night-Party-Club-Flyer-16-724x1024.jpg 724w, https:\/\/meetgirl.ch\/wp-content\/uploads\/2025\/06\/Pink-and-White-Neon-Night-Party-Club-Flyer-16-212x300.jpg 212w, https:\/\/meetgirl.ch\/wp-content\/uploads\/2025\/06\/Pink-and-White-Neon-Night-Party-Club-Flyer-16-768x1086.jpg 768w, https:\/\/meetgirl.ch\/wp-content\/uploads\/2025\/06\/Pink-and-White-Neon-Night-Party-Club-Flyer-16-1086x1536.jpg 1086w, https:\/\/meetgirl.ch\/wp-content\/uploads\/2025\/06\/Pink-and-White-Neon-Night-Party-Club-Flyer-16-8x12.jpg 8w, https:\/\/meetgirl.ch\/wp-content\/uploads\/2025\/06\/Pink-and-White-Neon-Night-Party-Club-Flyer-16-600x849.jpg 600w, https:\/\/meetgirl.ch\/wp-content\/uploads\/2025\/06\/Pink-and-White-Neon-Night-Party-Club-Flyer-16.jpg 848w\" sizes=\"(max-width: 724px) 100vw, 724px\" \/>\t\t\t\t\t\t\t\t\t\t\t\t\t\t\t<\/div>\n\t\t\t\t<\/div>\n\t\t\t\t<\/div>\n\t\t\t\t\t<\/div>\n\t\t\t\t<\/div>\n\t\t\t\t<\/div>","protected":false},"excerpt":{"rendered":"<p>Du Jamais vu en Suisse 1 heure d&rsquo;exp\u00e9rience \u00e9rotique et sensuelle dans notre limousine Inscription pour faire un tour dans notre limousine Votre nom votre email Sujet message (optional)<\/p>","protected":false},"author":3,"featured_media":0,"parent":0,"menu_order":0,"comment_status":"closed","ping_status":"closed","template":"","meta":{"footnotes":""},"class_list":["post-6670","page","type-page","status-publish","hentry"],"acf":[],"yoast_head":"<!-- This site is optimized with the Yoast SEO plugin v26.0 - https:\/\/yoast.com\/wordpress\/plugins\/seo\/ -->\n<title>Sex Tour limousine - Meetgirl - Annonces \u00e9rotiques - Escorts, massages et salons<\/title>\n<meta name=\"robots\" content=\"index, follow, max-snippet:-1, max-image-preview:large, max-video-preview:-1\" \/>\n<link rel=\"canonical\" href=\"https:\/\/meetgirl.ch\/en\/sex-tour-limousine\/\" \/>\n<meta property=\"og:locale\" content=\"en_GB\" \/>\n<meta property=\"og:type\" content=\"article\" \/>\n<meta property=\"og:title\" content=\"Sex Tour limousine - Meetgirl - Annonces \u00e9rotiques - Escorts, massages et salons\" \/>\n<meta property=\"og:description\" content=\"Du Jamais vu en Suisse 1 heure d&rsquo;exp\u00e9rience \u00e9rotique et sensuelle dans notre limousine Inscription pour faire un tour dans notre limousine Votre nom votre email Sujet message (optional)\" \/>\n<meta property=\"og:url\" content=\"https:\/\/meetgirl.ch\/en\/sex-tour-limousine\/\" \/>\n<meta property=\"og:site_name\" content=\"Meetgirl - Annonces \u00e9rotiques - Escorts, massages et salons\" \/>\n<meta property=\"article:modified_time\" content=\"2025-06-11T04:56:53+00:00\" \/>\n<meta property=\"og:image\" content=\"https:\/\/meetgirl.ch\/wp-content\/uploads\/2025\/06\/meet-voiture.jpg\" \/>\n\t<meta property=\"og:image:width\" content=\"1200\" \/>\n\t<meta property=\"og:image:height\" content=\"600\" \/>\n\t<meta property=\"og:image:type\" content=\"image\/jpeg\" \/>\n<meta name=\"twitter:card\" content=\"summary_large_image\" \/>\n<meta name=\"twitter:label1\" content=\"Estimated reading time\" \/>\n\t<meta name=\"twitter:data1\" content=\"1 minute\" \/>\n<script type=\"application\/ld+json\" class=\"yoast-schema-graph\">{\"@context\":\"https:\/\/schema.org\",\"@graph\":[{\"@type\":\"WebPage\",\"@id\":\"https:\/\/meetgirl.ch\/sex-tour-limousine\/\",\"url\":\"https:\/\/meetgirl.ch\/sex-tour-limousine\/\",\"name\":\"Sex Tour limousine - Meetgirl - Annonces \u00e9rotiques - Escorts, massages et salons\",\"isPartOf\":{\"@id\":\"https:\/\/meetgirl.ch\/#website\"},\"primaryImageOfPage\":{\"@id\":\"https:\/\/meetgirl.ch\/sex-tour-limousine\/#primaryimage\"},\"image\":{\"@id\":\"https:\/\/meetgirl.ch\/sex-tour-limousine\/#primaryimage\"},\"thumbnailUrl\":\"https:\/\/meetgirl.ch\/wp-content\/uploads\/2025\/06\/meet-voiture-1024x512.jpg\",\"datePublished\":\"2025-06-11T04:44:40+00:00\",\"dateModified\":\"2025-06-11T04:56:53+00:00\",\"breadcrumb\":{\"@id\":\"https:\/\/meetgirl.ch\/sex-tour-limousine\/#breadcrumb\"},\"inLanguage\":\"en-GB\",\"potentialAction\":[{\"@type\":\"ReadAction\",\"target\":[\"https:\/\/meetgirl.ch\/sex-tour-limousine\/\"]}]},{\"@type\":\"ImageObject\",\"inLanguage\":\"en-GB\",\"@id\":\"https:\/\/meetgirl.ch\/sex-tour-limousine\/#primaryimage\",\"url\":\"https:\/\/meetgirl.ch\/wp-content\/uploads\/2025\/06\/meet-voiture-1024x512.jpg\",\"contentUrl\":\"https:\/\/meetgirl.ch\/wp-content\/uploads\/2025\/06\/meet-voiture-1024x512.jpg\"},{\"@type\":\"BreadcrumbList\",\"@id\":\"https:\/\/meetgirl.ch\/sex-tour-limousine\/#breadcrumb\",\"itemListElement\":[{\"@type\":\"ListItem\",\"position\":1,\"name\":\"Accueil\",\"item\":\"https:\/\/meetgirl.ch\/\"},{\"@type\":\"ListItem\",\"position\":2,\"name\":\"Sex Tour limousine\"}]},{\"@type\":\"WebSite\",\"@id\":\"https:\/\/meetgirl.ch\/#website\",\"url\":\"https:\/\/meetgirl.ch\/\",\"name\":\"MeetGirl - Annonces \u00e9rotiques Suisse - Escorts, massages et salons\",\"description\":\"Escorts et massages \u00e9rotiques\",\"publisher\":{\"@id\":\"https:\/\/meetgirl.ch\/#organization\"},\"alternateName\":\"Annuaire \u00e9rotique Suisse Escort \u00e0 Gen\u00e8ve, Lausanne, Valais, Neuch\u00e2tel\",\"potentialAction\":[{\"@type\":\"SearchAction\",\"target\":{\"@type\":\"EntryPoint\",\"urlTemplate\":\"https:\/\/meetgirl.ch\/?s={search_term_string}\"},\"query-input\":{\"@type\":\"PropertyValueSpecification\",\"valueRequired\":true,\"valueName\":\"search_term_string\"}}],\"inLanguage\":\"en-GB\"},{\"@type\":\"Organization\",\"@id\":\"https:\/\/meetgirl.ch\/#organization\",\"name\":\"Escort et massage \u00e9rotique\",\"alternateName\":\"Meetgirl escortes et masseuses\",\"url\":\"https:\/\/meetgirl.ch\/\",\"logo\":{\"@type\":\"ImageObject\",\"inLanguage\":\"en-GB\",\"@id\":\"https:\/\/meetgirl.ch\/#\/schema\/logo\/image\/\",\"url\":\"https:\/\/meetgirl.ch\/wp-content\/uploads\/2024\/05\/cropped-meet-logo.png\",\"contentUrl\":\"https:\/\/meetgirl.ch\/wp-content\/uploads\/2024\/05\/cropped-meet-logo.png\",\"width\":512,\"height\":512,\"caption\":\"Escort et massage \u00e9rotique\"},\"image\":{\"@id\":\"https:\/\/meetgirl.ch\/#\/schema\/logo\/image\/\"}}]}<\/script>\n<!-- \/ Yoast SEO plugin. -->","yoast_head_json":{"title":"Sex Tour limousine - Meetgirl - Annonces \u00e9rotiques - Escorts, massages et salons","robots":{"index":"index","follow":"follow","max-snippet":"max-snippet:-1","max-image-preview":"max-image-preview:large","max-video-preview":"max-video-preview:-1"},"canonical":"https:\/\/meetgirl.ch\/en\/sex-tour-limousine\/","og_locale":"en_GB","og_type":"article","og_title":"Sex Tour limousine - Meetgirl - Annonces \u00e9rotiques - Escorts, massages et salons","og_description":"Du Jamais vu en Suisse 1 heure d&rsquo;exp\u00e9rience \u00e9rotique et sensuelle dans notre limousine Inscription pour faire un tour dans notre limousine Votre nom votre email Sujet message (optional)","og_url":"https:\/\/meetgirl.ch\/en\/sex-tour-limousine\/","og_site_name":"Meetgirl - Annonces \u00e9rotiques - Escorts, massages et salons","article_modified_time":"2025-06-11T04:56:53+00:00","og_image":[{"width":1200,"height":600,"url":"https:\/\/meetgirl.ch\/wp-content\/uploads\/2025\/06\/meet-voiture.jpg","type":"image\/jpeg"}],"twitter_card":"summary_large_image","twitter_misc":{"Estimated reading time":"1 minute"},"schema":{"@context":"https:\/\/schema.org","@graph":[{"@type":"WebPage","@id":"https:\/\/meetgirl.ch\/sex-tour-limousine\/","url":"https:\/\/meetgirl.ch\/sex-tour-limousine\/","name":"Sex Tour limousine - Meetgirl - Annonces \u00e9rotiques - Escorts, massages et salons","isPartOf":{"@id":"https:\/\/meetgirl.ch\/#website"},"primaryImageOfPage":{"@id":"https:\/\/meetgirl.ch\/sex-tour-limousine\/#primaryimage"},"image":{"@id":"https:\/\/meetgirl.ch\/sex-tour-limousine\/#primaryimage"},"thumbnailUrl":"https:\/\/meetgirl.ch\/wp-content\/uploads\/2025\/06\/meet-voiture-1024x512.jpg","datePublished":"2025-06-11T04:44:40+00:00","dateModified":"2025-06-11T04:56:53+00:00","breadcrumb":{"@id":"https:\/\/meetgirl.ch\/sex-tour-limousine\/#breadcrumb"},"inLanguage":"en-GB","potentialAction":[{"@type":"ReadAction","target":["https:\/\/meetgirl.ch\/sex-tour-limousine\/"]}]},{"@type":"ImageObject","inLanguage":"en-GB","@id":"https:\/\/meetgirl.ch\/sex-tour-limousine\/#primaryimage","url":"https:\/\/meetgirl.ch\/wp-content\/uploads\/2025\/06\/meet-voiture-1024x512.jpg","contentUrl":"https:\/\/meetgirl.ch\/wp-content\/uploads\/2025\/06\/meet-voiture-1024x512.jpg"},{"@type":"BreadcrumbList","@id":"https:\/\/meetgirl.ch\/sex-tour-limousine\/#breadcrumb","itemListElement":[{"@type":"ListItem","position":1,"name":"Accueil","item":"https:\/\/meetgirl.ch\/"},{"@type":"ListItem","position":2,"name":"Sex Tour limousine"}]},{"@type":"WebSite","@id":"https:\/\/meetgirl.ch\/#website","url":"https:\/\/meetgirl.ch\/","name":"MeetGirl - Erotic ads Switzerland - Escorts, massages and parlours","description":"Escorts and erotic massages","publisher":{"@id":"https:\/\/meetgirl.ch\/#organization"},"alternateName":"Annuaire \u00e9rotique Suisse Escort \u00e0 Gen\u00e8ve, Lausanne, Valais, Neuch\u00e2tel","potentialAction":[{"@type":"SearchAction","target":{"@type":"EntryPoint","urlTemplate":"https:\/\/meetgirl.ch\/?s={search_term_string}"},"query-input":{"@type":"PropertyValueSpecification","valueRequired":true,"valueName":"search_term_string"}}],"inLanguage":"en-GB"},{"@type":"Organization","@id":"https:\/\/meetgirl.ch\/#organization","name":"Escort and erotic massage","alternateName":"Meetgirl escortes et masseuses","url":"https:\/\/meetgirl.ch\/","logo":{"@type":"ImageObject","inLanguage":"en-GB","@id":"https:\/\/meetgirl.ch\/#\/schema\/logo\/image\/","url":"https:\/\/meetgirl.ch\/wp-content\/uploads\/2024\/05\/cropped-meet-logo.png","contentUrl":"https:\/\/meetgirl.ch\/wp-content\/uploads\/2024\/05\/cropped-meet-logo.png","width":512,"height":512,"caption":"Escort et massage \u00e9rotique"},"image":{"@id":"https:\/\/meetgirl.ch\/#\/schema\/logo\/image\/"}}]}},"_links":{"self":[{"href":"https:\/\/meetgirl.ch\/en\/wp-json\/wp\/v2\/pages\/6670","targetHints":{"allow":["GET"]}}],"collection":[{"href":"https:\/\/meetgirl.ch\/en\/wp-json\/wp\/v2\/pages"}],"about":[{"href":"https:\/\/meetgirl.ch\/en\/wp-json\/wp\/v2\/types\/page"}],"author":[{"embeddable":true,"href":"https:\/\/meetgirl.ch\/en\/wp-json\/wp\/v2\/users\/3"}],"replies":[{"embeddable":true,"href":"https:\/\/meetgirl.ch\/en\/wp-json\/wp\/v2\/comments?post=6670"}],"version-history":[{"count":0,"href":"https:\/\/meetgirl.ch\/en\/wp-json\/wp\/v2\/pages\/6670\/revisions"}],"wp:attachment":[{"href":"https:\/\/meetgirl.ch\/en\/wp-json\/wp\/v2\/media?parent=6670"}],"curies":[{"name":"wp","href":"https:\/\/api.w.org\/{rel}","templated":true}]}}