{"id":10134,"date":"2025-06-28T11:35:54","date_gmt":"2025-06-28T11:35:54","guid":{"rendered":"https:\/\/meetgirl.ch\/?page_id=10134"},"modified":"2025-06-28T11:38:45","modified_gmt":"2025-06-28T11:38:45","slug":"sexo-anal-escort-en-ginebra","status":"publish","type":"page","link":"https:\/\/meetgirl.ch\/es\/sexo-anal-escort-en-ginebra\/","title":{"rendered":"Escort sexo anal en Ginebra"},"content":{"rendered":"<div data-elementor-type=\"wp-page\" data-elementor-id=\"10134\" class=\"elementor elementor-10134\">\n\t\t\t\t<div class=\"elementor-element elementor-element-9988c44 e-flex e-con-boxed e-con e-parent\" data-id=\"9988c44\" data-element_type=\"container\" data-settings=\"{&quot;jet_parallax_layout_list&quot;:[]}\">\n\t\t\t\t\t<div class=\"e-con-inner\">\n\t\t<div class=\"elementor-element elementor-element-7af17b1 e-con-full e-flex e-con e-child\" data-id=\"7af17b1\" data-element_type=\"container\" data-settings=\"{&quot;jet_parallax_layout_list&quot;:[]}\">\n\t\t\t\t<div class=\"elementor-element elementor-element-2d7fc72 elementor-widget elementor-widget-image\" data-id=\"2d7fc72\" data-element_type=\"widget\" data-widget_type=\"image.default\">\n\t\t\t\t<div class=\"elementor-widget-container\">\n\t\t\t\t\t\t\t\t\t\t\t\t\t\t\t<img decoding=\"async\" width=\"768\" height=\"768\" src=\"https:\/\/meetgirl.ch\/wp-content\/uploads\/2025\/02\/sd-i6FAUmr8wQ.png\" class=\"attachment-large size-large wp-image-5190\" alt=\"\" srcset=\"https:\/\/meetgirl.ch\/wp-content\/uploads\/2025\/02\/sd-i6FAUmr8wQ.png 768w, https:\/\/meetgirl.ch\/wp-content\/uploads\/2025\/02\/sd-i6FAUmr8wQ-300x300.png 300w, https:\/\/meetgirl.ch\/wp-content\/uploads\/2025\/02\/sd-i6FAUmr8wQ-150x150.png 150w, https:\/\/meetgirl.ch\/wp-content\/uploads\/2025\/02\/sd-i6FAUmr8wQ-12x12.png 12w, https:\/\/meetgirl.ch\/wp-content\/uploads\/2025\/02\/sd-i6FAUmr8wQ-600x600.png 600w, https:\/\/meetgirl.ch\/wp-content\/uploads\/2025\/02\/sd-i6FAUmr8wQ-100x100.png 100w\" sizes=\"(max-width: 768px) 100vw, 768px\" \/>\t\t\t\t\t\t\t\t\t\t\t\t\t\t\t<\/div>\n\t\t\t\t<\/div>\n\t\t\t\t<\/div>\n\t\t<div class=\"elementor-element elementor-element-e1a2ba0 e-con-full e-flex e-con e-child\" data-id=\"e1a2ba0\" data-element_type=\"container\" data-settings=\"{&quot;jet_parallax_layout_list&quot;:[]}\">\n\t\t\t\t<div class=\"elementor-element elementor-element-2c42ead elementor-widget elementor-widget-text-editor\" data-id=\"2c42ead\" data-element_type=\"widget\" data-widget_type=\"text-editor.default\">\n\t\t\t\t<div class=\"elementor-widget-container\">\n\t\t\t\t\t\t\t\t\t<h1><span style=\"color: #ffffff;\">Escort experta en sexo anal en Ginebra: vive tus fantas\u00edas con total confianza<\/span><\/h1>\n<p><span style=\"color: #ffffff;\">Le <strong>sexo anal en Ginebra<\/strong> El acompa\u00f1amiento es una pr\u00e1ctica muy solicitada y que despierta muchos deseos entre los amantes de los placeres intensos. Ya sea por curiosidad o por experiencia, algunas escorts en Ginebra ofrecen esta experiencia con elegancia, delicadeza y respeto por sus deseos.<\/span><\/p>\n<h2><span style=\"color: #ffffff;\">Sexo anal en Ginebra: una pr\u00e1ctica sensual y regulada<\/span><\/h2>\n<p><span style=\"color: #ffffff;\">Tambi\u00e9n conocida como sodom\u00eda, la <strong>sexo anal<\/strong> consiste en penetrar el ano, ya sea con el pene o con juguetes sexuales como plugs, consoladores o cinturones. Es una fantas\u00eda com\u00fan para muchos hombres, pero dif\u00edcil de cumplir sin una pareja dispuesta a practicarla.<\/span><\/p>\n<h2><span style=\"color: #ffffff;\">\u00bfPor qu\u00e9 elegir una escort para sexo anal en Ginebra?<\/span><\/h2>\n<p><span style=\"color: #ffffff;\">Recurrir a un <strong>sexo anal escort en Ginebra<\/strong> le permite vivir esta fantas\u00eda con total seguridad, en un ambiente \u00edntimo y sin tab\u00faes. Estas escorts tienen experiencia, est\u00e1n atentas a tus deseos y saben adaptar el ritmo y las sensaciones a tu nivel de comodidad.<\/span><\/p>\n<h3><span style=\"color: #ffffff;\">Un servicio adaptado a sus necesidades<\/span><\/h3>\n<p><span style=\"color: #ffffff;\">Tanto si prefiere una iniciaci\u00f3n suave como una experiencia m\u00e1s intensa, el <strong>escorts para sexo anal en Ginebra<\/strong> le guiar\u00e1 para hacer de \u00e9sta una experiencia inolvidable. El respeto, la comunicaci\u00f3n y el placer compartido est\u00e1n siempre en el centro del encuentro.<\/span><\/p><p><span style=\"color: rgb(255, 255, 255); font-family: inherit; font-size: 24px; font-weight: 600; text-align: var(--text-align);\">Una experiencia segura de sexo anal en Ginebra<\/span><br><\/p>\n<p><span style=\"color: #ffffff;\">Cada reuni\u00f3n con un <strong>escort de lujo para sexo anal en ginebra<\/strong> se prepara con esmero: higiene, seguridad, lubricantes de calidad, accesorios adaptados... todo est\u00e1 pensado para garantizarle una experiencia placentera, relajada y sin riesgos.<\/span><\/p>\t\t\t\t\t\t\t\t<\/div>\n\t\t\t\t<\/div>\n\t\t\t\t<\/div>\n\t\t\t\t\t<\/div>\n\t\t\t\t<\/div>\n\t\t\t\t<\/div>","protected":false},"excerpt":{"rendered":"<p>Escort experte en sexe anal \u00e0 Gen\u00e8ve : vivez vos fantasmes en toute confiance Le sexe anal \u00e0 Gen\u00e8ve est une pratique tr\u00e8s demand\u00e9e et suscite de nombreuses envies chez les amateurs de plaisirs intenses. Que vous soyez curieux ou exp\u00e9riment\u00e9, certaines escortes \u00e0 Gen\u00e8ve proposent cette exp\u00e9rience avec \u00e9l\u00e9gance, douceur et respect de vos [&hellip;]<\/p>","protected":false},"author":3,"featured_media":0,"parent":0,"menu_order":0,"comment_status":"closed","ping_status":"closed","template":"","meta":{"footnotes":""},"class_list":["post-10134","page","type-page","status-publish","hentry"],"acf":[],"yoast_head":"<!-- This site is optimized with the Yoast SEO plugin v26.0 - https:\/\/yoast.com\/wordpress\/plugins\/seo\/ -->\n<title>Escort qui pratique le Sexe Anal \u00e0 Gen\u00e8ve - Meetgirl - Annonces \u00e9rotiques - Escorts, massages et salons<\/title>\n<meta name=\"description\" content=\"D\u00e9couvrez les escorts sp\u00e9cialis\u00e9es dans le sexe anal \u00e0 Gen\u00e8ve. Une exp\u00e9rience intime,\" \/>\n<meta name=\"robots\" content=\"index, follow, max-snippet:-1, max-image-preview:large, max-video-preview:-1\" \/>\n<link rel=\"canonical\" href=\"https:\/\/meetgirl.ch\/es\/sexo-anal-escort-en-ginebra\/\" \/>\n<meta property=\"og:locale\" content=\"es_ES\" \/>\n<meta property=\"og:type\" content=\"article\" \/>\n<meta property=\"og:title\" content=\"Escort qui pratique le Sexe Anal \u00e0 Gen\u00e8ve - Meetgirl - Annonces \u00e9rotiques - Escorts, massages et salons\" \/>\n<meta property=\"og:description\" content=\"D\u00e9couvrez les escorts sp\u00e9cialis\u00e9es dans le sexe anal \u00e0 Gen\u00e8ve. Une exp\u00e9rience intime,\" \/>\n<meta property=\"og:url\" content=\"https:\/\/meetgirl.ch\/es\/sexo-anal-escort-en-ginebra\/\" \/>\n<meta property=\"og:site_name\" content=\"Meetgirl - Annonces \u00e9rotiques - Escorts, massages et salons\" \/>\n<meta property=\"article:modified_time\" content=\"2025-06-28T11:38:45+00:00\" \/>\n<meta property=\"og:image\" content=\"https:\/\/meetgirl.ch\/wp-content\/uploads\/2025\/02\/sd-i6FAUmr8wQ.png\" \/>\n<meta name=\"twitter:card\" content=\"summary_large_image\" \/>\n<meta name=\"twitter:label1\" content=\"Tiempo de lectura\" \/>\n\t<meta name=\"twitter:data1\" content=\"2 minutos\" \/>\n<script type=\"application\/ld+json\" class=\"yoast-schema-graph\">{\"@context\":\"https:\/\/schema.org\",\"@graph\":[{\"@type\":\"WebPage\",\"@id\":\"https:\/\/meetgirl.ch\/escort-qui-pratique-le-sexe-anal-a-geneve\/\",\"url\":\"https:\/\/meetgirl.ch\/escort-qui-pratique-le-sexe-anal-a-geneve\/\",\"name\":\"Escort qui pratique le Sexe Anal \u00e0 Gen\u00e8ve - Meetgirl - Annonces \u00e9rotiques - Escorts, massages et salons\",\"isPartOf\":{\"@id\":\"https:\/\/meetgirl.ch\/#website\"},\"primaryImageOfPage\":{\"@id\":\"https:\/\/meetgirl.ch\/escort-qui-pratique-le-sexe-anal-a-geneve\/#primaryimage\"},\"image\":{\"@id\":\"https:\/\/meetgirl.ch\/escort-qui-pratique-le-sexe-anal-a-geneve\/#primaryimage\"},\"thumbnailUrl\":\"https:\/\/meetgirl.ch\/wp-content\/uploads\/2025\/02\/sd-i6FAUmr8wQ.png\",\"datePublished\":\"2025-06-28T11:35:54+00:00\",\"dateModified\":\"2025-06-28T11:38:45+00:00\",\"description\":\"D\u00e9couvrez les escorts sp\u00e9cialis\u00e9es dans le sexe anal \u00e0 Gen\u00e8ve. Une exp\u00e9rience intime,\",\"breadcrumb\":{\"@id\":\"https:\/\/meetgirl.ch\/escort-qui-pratique-le-sexe-anal-a-geneve\/#breadcrumb\"},\"inLanguage\":\"es\",\"potentialAction\":[{\"@type\":\"ReadAction\",\"target\":[\"https:\/\/meetgirl.ch\/escort-qui-pratique-le-sexe-anal-a-geneve\/\"]}]},{\"@type\":\"ImageObject\",\"inLanguage\":\"es\",\"@id\":\"https:\/\/meetgirl.ch\/escort-qui-pratique-le-sexe-anal-a-geneve\/#primaryimage\",\"url\":\"https:\/\/meetgirl.ch\/wp-content\/uploads\/2025\/02\/sd-i6FAUmr8wQ.png\",\"contentUrl\":\"https:\/\/meetgirl.ch\/wp-content\/uploads\/2025\/02\/sd-i6FAUmr8wQ.png\"},{\"@type\":\"BreadcrumbList\",\"@id\":\"https:\/\/meetgirl.ch\/escort-qui-pratique-le-sexe-anal-a-geneve\/#breadcrumb\",\"itemListElement\":[{\"@type\":\"ListItem\",\"position\":1,\"name\":\"Accueil\",\"item\":\"https:\/\/meetgirl.ch\/\"},{\"@type\":\"ListItem\",\"position\":2,\"name\":\"Escort qui pratique le Sexe Anal \u00e0 Gen\u00e8ve\"}]},{\"@type\":\"WebSite\",\"@id\":\"https:\/\/meetgirl.ch\/#website\",\"url\":\"https:\/\/meetgirl.ch\/\",\"name\":\"MeetGirl - Annonces \u00e9rotiques Suisse - Escorts, massages et salons\",\"description\":\"Escorts et massages \u00e9rotiques\",\"publisher\":{\"@id\":\"https:\/\/meetgirl.ch\/#organization\"},\"alternateName\":\"Annuaire \u00e9rotique Suisse Escort \u00e0 Gen\u00e8ve, Lausanne, Valais, Neuch\u00e2tel\",\"potentialAction\":[{\"@type\":\"SearchAction\",\"target\":{\"@type\":\"EntryPoint\",\"urlTemplate\":\"https:\/\/meetgirl.ch\/?s={search_term_string}\"},\"query-input\":{\"@type\":\"PropertyValueSpecification\",\"valueRequired\":true,\"valueName\":\"search_term_string\"}}],\"inLanguage\":\"es\"},{\"@type\":\"Organization\",\"@id\":\"https:\/\/meetgirl.ch\/#organization\",\"name\":\"Escort et massage \u00e9rotique\",\"alternateName\":\"Meetgirl escortes et masseuses\",\"url\":\"https:\/\/meetgirl.ch\/\",\"logo\":{\"@type\":\"ImageObject\",\"inLanguage\":\"es\",\"@id\":\"https:\/\/meetgirl.ch\/#\/schema\/logo\/image\/\",\"url\":\"https:\/\/meetgirl.ch\/wp-content\/uploads\/2024\/05\/cropped-meet-logo.png\",\"contentUrl\":\"https:\/\/meetgirl.ch\/wp-content\/uploads\/2024\/05\/cropped-meet-logo.png\",\"width\":512,\"height\":512,\"caption\":\"Escort et massage \u00e9rotique\"},\"image\":{\"@id\":\"https:\/\/meetgirl.ch\/#\/schema\/logo\/image\/\"}}]}<\/script>\n<!-- \/ Yoast SEO plugin. -->","yoast_head_json":{"title":"Escort anal en Ginebra - Meetgirl - Anuncios er\u00f3ticos - Escorts, masajes y salones","description":"Descubre las escorts especializadas en sexo anal en Ginebra. Una experiencia \u00edntima,","robots":{"index":"index","follow":"follow","max-snippet":"max-snippet:-1","max-image-preview":"max-image-preview:large","max-video-preview":"max-video-preview:-1"},"canonical":"https:\/\/meetgirl.ch\/es\/sexo-anal-escort-en-ginebra\/","og_locale":"es_ES","og_type":"article","og_title":"Escort qui pratique le Sexe Anal \u00e0 Gen\u00e8ve - Meetgirl - Annonces \u00e9rotiques - Escorts, massages et salons","og_description":"D\u00e9couvrez les escorts sp\u00e9cialis\u00e9es dans le sexe anal \u00e0 Gen\u00e8ve. Une exp\u00e9rience intime,","og_url":"https:\/\/meetgirl.ch\/es\/sexo-anal-escort-en-ginebra\/","og_site_name":"Meetgirl - Annonces \u00e9rotiques - Escorts, massages et salons","article_modified_time":"2025-06-28T11:38:45+00:00","og_image":[{"url":"https:\/\/meetgirl.ch\/wp-content\/uploads\/2025\/02\/sd-i6FAUmr8wQ.png","type":"","width":"","height":""}],"twitter_card":"summary_large_image","twitter_misc":{"Tiempo de lectura":"2 minutos"},"schema":{"@context":"https:\/\/schema.org","@graph":[{"@type":"WebPage","@id":"https:\/\/meetgirl.ch\/escort-qui-pratique-le-sexe-anal-a-geneve\/","url":"https:\/\/meetgirl.ch\/escort-qui-pratique-le-sexe-anal-a-geneve\/","name":"Escort anal en Ginebra - Meetgirl - Anuncios er\u00f3ticos - Escorts, masajes y salones","isPartOf":{"@id":"https:\/\/meetgirl.ch\/#website"},"primaryImageOfPage":{"@id":"https:\/\/meetgirl.ch\/escort-qui-pratique-le-sexe-anal-a-geneve\/#primaryimage"},"image":{"@id":"https:\/\/meetgirl.ch\/escort-qui-pratique-le-sexe-anal-a-geneve\/#primaryimage"},"thumbnailUrl":"https:\/\/meetgirl.ch\/wp-content\/uploads\/2025\/02\/sd-i6FAUmr8wQ.png","datePublished":"2025-06-28T11:35:54+00:00","dateModified":"2025-06-28T11:38:45+00:00","description":"Descubre las escorts especializadas en sexo anal en Ginebra. Una experiencia \u00edntima,","breadcrumb":{"@id":"https:\/\/meetgirl.ch\/escort-qui-pratique-le-sexe-anal-a-geneve\/#breadcrumb"},"inLanguage":"es","potentialAction":[{"@type":"ReadAction","target":["https:\/\/meetgirl.ch\/escort-qui-pratique-le-sexe-anal-a-geneve\/"]}]},{"@type":"ImageObject","inLanguage":"es","@id":"https:\/\/meetgirl.ch\/escort-qui-pratique-le-sexe-anal-a-geneve\/#primaryimage","url":"https:\/\/meetgirl.ch\/wp-content\/uploads\/2025\/02\/sd-i6FAUmr8wQ.png","contentUrl":"https:\/\/meetgirl.ch\/wp-content\/uploads\/2025\/02\/sd-i6FAUmr8wQ.png"},{"@type":"BreadcrumbList","@id":"https:\/\/meetgirl.ch\/escort-qui-pratique-le-sexe-anal-a-geneve\/#breadcrumb","itemListElement":[{"@type":"ListItem","position":1,"name":"Accueil","item":"https:\/\/meetgirl.ch\/"},{"@type":"ListItem","position":2,"name":"Escort qui pratique le Sexe Anal \u00e0 Gen\u00e8ve"}]},{"@type":"WebSite","@id":"https:\/\/meetgirl.ch\/#website","url":"https:\/\/meetgirl.ch\/","name":"MeetGirl - Anuncios er\u00f3ticos Suiza - Escorts, masajes y salones","description":"Escorts y masajes er\u00f3ticos","publisher":{"@id":"https:\/\/meetgirl.ch\/#organization"},"alternateName":"Annuaire \u00e9rotique Suisse Escort \u00e0 Gen\u00e8ve, Lausanne, Valais, Neuch\u00e2tel","potentialAction":[{"@type":"SearchAction","target":{"@type":"EntryPoint","urlTemplate":"https:\/\/meetgirl.ch\/?s={search_term_string}"},"query-input":{"@type":"PropertyValueSpecification","valueRequired":true,"valueName":"search_term_string"}}],"inLanguage":"es"},{"@type":"Organization","@id":"https:\/\/meetgirl.ch\/#organization","name":"Escort y masaje er\u00f3tico","alternateName":"Meetgirl escortes et masseuses","url":"https:\/\/meetgirl.ch\/","logo":{"@type":"ImageObject","inLanguage":"es","@id":"https:\/\/meetgirl.ch\/#\/schema\/logo\/image\/","url":"https:\/\/meetgirl.ch\/wp-content\/uploads\/2024\/05\/cropped-meet-logo.png","contentUrl":"https:\/\/meetgirl.ch\/wp-content\/uploads\/2024\/05\/cropped-meet-logo.png","width":512,"height":512,"caption":"Escort et massage \u00e9rotique"},"image":{"@id":"https:\/\/meetgirl.ch\/#\/schema\/logo\/image\/"}}]}},"_links":{"self":[{"href":"https:\/\/meetgirl.ch\/es\/wp-json\/wp\/v2\/pages\/10134","targetHints":{"allow":["GET"]}}],"collection":[{"href":"https:\/\/meetgirl.ch\/es\/wp-json\/wp\/v2\/pages"}],"about":[{"href":"https:\/\/meetgirl.ch\/es\/wp-json\/wp\/v2\/types\/page"}],"author":[{"embeddable":true,"href":"https:\/\/meetgirl.ch\/es\/wp-json\/wp\/v2\/users\/3"}],"replies":[{"embeddable":true,"href":"https:\/\/meetgirl.ch\/es\/wp-json\/wp\/v2\/comments?post=10134"}],"version-history":[{"count":0,"href":"https:\/\/meetgirl.ch\/es\/wp-json\/wp\/v2\/pages\/10134\/revisions"}],"wp:attachment":[{"href":"https:\/\/meetgirl.ch\/es\/wp-json\/wp\/v2\/media?parent=10134"}],"curies":[{"name":"wp","href":"https:\/\/api.w.org\/{rel}","templated":true}]}}