{"id":10139,"date":"2025-06-28T11:40:19","date_gmt":"2025-06-28T11:40:19","guid":{"rendered":"https:\/\/meetgirl.ch\/?page_id=10139"},"modified":"2025-06-28T11:44:43","modified_gmt":"2025-06-28T11:44:43","slug":"profundo-desfiladero-de-ginebra","status":"publish","type":"page","link":"https:\/\/meetgirl.ch\/es\/profundo-desfiladero-de-ginebra\/","title":{"rendered":"Gorge Profonde en Ginebra"},"content":{"rendered":"<div data-elementor-type=\"wp-page\" data-elementor-id=\"10139\" class=\"elementor elementor-10139\">\n\t\t\t\t<div class=\"elementor-element elementor-element-6b7747a e-flex e-con-boxed e-con e-parent\" data-id=\"6b7747a\" data-element_type=\"container\" data-settings=\"{&quot;jet_parallax_layout_list&quot;:[]}\">\n\t\t\t\t\t<div class=\"e-con-inner\">\n\t\t<div class=\"elementor-element elementor-element-9857701 e-con-full e-flex e-con e-child\" data-id=\"9857701\" data-element_type=\"container\" data-settings=\"{&quot;jet_parallax_layout_list&quot;:[]}\">\n\t\t\t\t<div class=\"elementor-element elementor-element-ab45d18 elementor-widget elementor-widget-image\" data-id=\"ab45d18\" data-element_type=\"widget\" data-widget_type=\"image.default\">\n\t\t\t\t<div class=\"elementor-widget-container\">\n\t\t\t\t\t\t\t\t\t\t\t\t\t\t\t<img decoding=\"async\" width=\"1024\" height=\"682\" src=\"https:\/\/meetgirl.ch\/wp-content\/uploads\/2025\/04\/person-holding-yellow-banana-fruit-scaled-1024x682.jpg\" class=\"attachment-large size-large wp-image-5814\" alt=\"\" srcset=\"https:\/\/meetgirl.ch\/wp-content\/uploads\/2025\/04\/person-holding-yellow-banana-fruit-scaled-1024x682.jpg 1024w, https:\/\/meetgirl.ch\/wp-content\/uploads\/2025\/04\/person-holding-yellow-banana-fruit-scaled-300x200.jpg 300w, https:\/\/meetgirl.ch\/wp-content\/uploads\/2025\/04\/person-holding-yellow-banana-fruit-scaled-768x512.jpg 768w, https:\/\/meetgirl.ch\/wp-content\/uploads\/2025\/04\/person-holding-yellow-banana-fruit-scaled-1536x1024.jpg 1536w, https:\/\/meetgirl.ch\/wp-content\/uploads\/2025\/04\/person-holding-yellow-banana-fruit-scaled-2048x1365.jpg 2048w, https:\/\/meetgirl.ch\/wp-content\/uploads\/2025\/04\/person-holding-yellow-banana-fruit-scaled-18x12.jpg 18w, https:\/\/meetgirl.ch\/wp-content\/uploads\/2025\/04\/person-holding-yellow-banana-fruit-scaled-600x400.jpg 600w\" sizes=\"(max-width: 1024px) 100vw, 1024px\" \/>\t\t\t\t\t\t\t\t\t\t\t\t\t\t\t<\/div>\n\t\t\t\t<\/div>\n\t\t\t\t<\/div>\n\t\t<div class=\"elementor-element elementor-element-7b45411 e-con-full e-flex e-con e-child\" data-id=\"7b45411\" data-element_type=\"container\" data-settings=\"{&quot;jet_parallax_layout_list&quot;:[]}\">\n\t\t\t\t<div class=\"elementor-element elementor-element-6ef141b elementor-widget elementor-widget-text-editor\" data-id=\"6ef141b\" data-element_type=\"widget\" data-widget_type=\"text-editor.default\">\n\t\t\t\t<div class=\"elementor-widget-container\">\n\t\t\t\t\t\t\t\t\t<h1><span style=\"color: #ffffff;\">Escort especializada en garganta profunda en Ginebra: disfrute de una experiencia intensa<\/span><\/h1><p><span style=\"color: #ffffff;\">\u00bfEst\u00e1 buscando un <strong>escort garganta profunda en ginebra<\/strong> ? Esta t\u00e9cnica de sexo oral, reservada a los expertos, ofrece una estimulaci\u00f3n excepcional y una oleada de placer incomparable para los hombres. En Felina Gen\u00e8ve, algunas de nuestras escorts son maestras de este arte er\u00f3tico.<\/span><\/p><h2><span style=\"color: #ffffff;\">\u00bfQu\u00e9 es la garganta profunda?<\/span><\/h2><p><span style=\"color: #ffffff;\">La <strong>garganta profunda<\/strong> es una forma avanzada de felaci\u00f3n en la que el pene se introduce completamente en la boca hasta tocar la garganta. Esta sensaci\u00f3n, muy buscada por muchos hombres, intensifica el placer mediante una succi\u00f3n profunda, r\u00edtmica y continua.<\/span><\/p>\t\t\t\t\t\t\t\t<\/div>\n\t\t\t\t<\/div>\n\t\t\t\t<\/div>\n\t\t\t\t\t<\/div>\n\t\t\t\t<\/div>\n\t\t<div class=\"elementor-element elementor-element-f663026 e-flex e-con-boxed e-con e-parent\" data-id=\"f663026\" data-element_type=\"container\" data-settings=\"{&quot;jet_parallax_layout_list&quot;:[]}\">\n\t\t\t\t\t<div class=\"e-con-inner\">\n\t\t\t\t<div class=\"elementor-element elementor-element-e4ae829 elementor-widget elementor-widget-text-editor\" data-id=\"e4ae829\" data-element_type=\"widget\" data-widget_type=\"text-editor.default\">\n\t\t\t\t<div class=\"elementor-widget-container\">\n\t\t\t\t\t\t\t\t\t<h2><span style=\"color: #ffffff;\">Los beneficios de una garganta profunda controlada<\/span><\/h2>\n<p><span style=\"color: #ffffff;\">Practicada por expertos <strong>garganta profunda<\/strong> puede provocar un poderoso placer f\u00edsico y mental. La capacidad de evitar el reflejo nauseoso requiere un gran dominio, a menudo adquirido a trav\u00e9s de la experiencia o de ejercicios preparatorios con juguetes u objetos sexuales adaptados.<\/span><\/p>\n<h3><span style=\"color: #ffffff;\">\u00bfPor qu\u00e9 elegir una escort de garganta profunda en Ginebra?<\/span><\/h3>\n<p><span style=\"color: #ffffff;\">Utilizando un <strong>escort garganta profunda en ginebra<\/strong> te garantiza una experiencia suave, sin obst\u00e1culos y extremadamente excitante. Estos profesionales saben adaptar la profundidad y el ritmo a tus deseos, ofreci\u00e9ndote un momento de puro abandono.<\/span><\/p>\n<h2><span style=\"color: #ffffff;\">Escorts expertas en garganta profunda<\/span><\/h2>\n<p><span style=\"color: #ffffff;\">Meetgirl, te trae una selecci\u00f3n de<strong>chicas de compa\u00f1\u00eda en Ginebra<\/strong> que practican <strong>garganta profunda<\/strong> con pasi\u00f3n, discreci\u00f3n y sensibilidad. Su experiencia le permite disfrutar plenamente de esta fantas\u00eda sin ninguna incomodidad o torpeza.<\/span><\/p>\n<h3><span style=\"color: #ffffff;\">Un encuentro refinado y emocionante<\/span><\/h3>\n<p><span style=\"color: #ffffff;\">Las escorts combinan belleza, elegancia y habilidades sexuales avanzadas. En <strong>profundo desfiladero de Ginebra<\/strong> se convierte en un momento \u00edntimo de gran intensidad, en un marco refinado y respetuoso.<\/span><\/p>\n<h2><span style=\"color: #ffffff;\">Reserva tu escort para una experiencia de garganta profunda en Ginebra<\/span><\/h2>\n<p><span style=\"color: #ffffff;\">Busca un momento especial con un <strong>escort experta en garganta profunda en Ginebra<\/strong> ?&nbsp;<\/span><\/p>\t\t\t\t\t\t\t\t<\/div>\n\t\t\t\t<\/div>\n\t\t\t\t\t<\/div>\n\t\t\t\t<\/div>\n\t\t\t\t<\/div>","protected":false},"excerpt":{"rendered":"<p>Escort sp\u00e9cialis\u00e9e en gorge profonde \u00e0 Gen\u00e8ve : vivez une exp\u00e9rience intense Vous \u00eates \u00e0 la recherche d\u2019une escort qui pratique la gorge profonde \u00e0 Gen\u00e8ve ? Cette technique de sexe oral, r\u00e9serv\u00e9e aux expertes, offre une stimulation exceptionnelle et une mont\u00e9e de plaisir incomparable pour l\u2019homme. Chez Felina Gen\u00e8ve, certaines escortes ma\u00eetrisent parfaitement cet [&hellip;]<\/p>","protected":false},"author":3,"featured_media":0,"parent":0,"menu_order":0,"comment_status":"closed","ping_status":"closed","template":"","meta":{"footnotes":""},"class_list":["post-10139","page","type-page","status-publish","hentry"],"acf":[],"yoast_head":"<!-- This site is optimized with the Yoast SEO plugin v26.0 - https:\/\/yoast.com\/wordpress\/plugins\/seo\/ -->\n<title>Gorge Profonde \u00e0 Gen\u00e8ve - Meetgirl - Annonces \u00e9rotiques - Escorts, massages et salons<\/title>\n<meta name=\"description\" content=\"Profitez d\u2019une exp\u00e9rience de gorge profonde \u00e0 Gen\u00e8ve avec une escort experte. Un plaisir oral intense, ma\u00eetris\u00e9 et raffin\u00e9\" \/>\n<meta name=\"robots\" content=\"index, follow, max-snippet:-1, max-image-preview:large, max-video-preview:-1\" \/>\n<link rel=\"canonical\" href=\"https:\/\/meetgirl.ch\/es\/profundo-desfiladero-de-ginebra\/\" \/>\n<meta property=\"og:locale\" content=\"es_ES\" \/>\n<meta property=\"og:type\" content=\"article\" \/>\n<meta property=\"og:title\" content=\"Gorge Profonde \u00e0 Gen\u00e8ve - Meetgirl - Annonces \u00e9rotiques - Escorts, massages et salons\" \/>\n<meta property=\"og:description\" content=\"Profitez d\u2019une exp\u00e9rience de gorge profonde \u00e0 Gen\u00e8ve avec une escort experte. Un plaisir oral intense, ma\u00eetris\u00e9 et raffin\u00e9\" \/>\n<meta property=\"og:url\" content=\"https:\/\/meetgirl.ch\/es\/profundo-desfiladero-de-ginebra\/\" \/>\n<meta property=\"og:site_name\" content=\"Meetgirl - Annonces \u00e9rotiques - Escorts, massages et salons\" \/>\n<meta property=\"article:modified_time\" content=\"2025-06-28T11:44:43+00:00\" \/>\n<meta property=\"og:image\" content=\"https:\/\/meetgirl.ch\/wp-content\/uploads\/2025\/04\/person-holding-yellow-banana-fruit-scaled.jpg\" \/>\n<meta name=\"twitter:card\" content=\"summary_large_image\" \/>\n<meta name=\"twitter:label1\" content=\"Tiempo de lectura\" \/>\n\t<meta name=\"twitter:data1\" content=\"2 minutos\" \/>\n<script type=\"application\/ld+json\" class=\"yoast-schema-graph\">{\"@context\":\"https:\/\/schema.org\",\"@graph\":[{\"@type\":\"WebPage\",\"@id\":\"https:\/\/meetgirl.ch\/gorge-profonde-a-geneve\/\",\"url\":\"https:\/\/meetgirl.ch\/gorge-profonde-a-geneve\/\",\"name\":\"Gorge Profonde \u00e0 Gen\u00e8ve - Meetgirl - Annonces \u00e9rotiques - Escorts, massages et salons\",\"isPartOf\":{\"@id\":\"https:\/\/meetgirl.ch\/#website\"},\"primaryImageOfPage\":{\"@id\":\"https:\/\/meetgirl.ch\/gorge-profonde-a-geneve\/#primaryimage\"},\"image\":{\"@id\":\"https:\/\/meetgirl.ch\/gorge-profonde-a-geneve\/#primaryimage\"},\"thumbnailUrl\":\"https:\/\/meetgirl.ch\/wp-content\/uploads\/2025\/04\/person-holding-yellow-banana-fruit-scaled.jpg\",\"datePublished\":\"2025-06-28T11:40:19+00:00\",\"dateModified\":\"2025-06-28T11:44:43+00:00\",\"description\":\"Profitez d\u2019une exp\u00e9rience de gorge profonde \u00e0 Gen\u00e8ve avec une escort experte. Un plaisir oral intense, ma\u00eetris\u00e9 et raffin\u00e9\",\"breadcrumb\":{\"@id\":\"https:\/\/meetgirl.ch\/gorge-profonde-a-geneve\/#breadcrumb\"},\"inLanguage\":\"es\",\"potentialAction\":[{\"@type\":\"ReadAction\",\"target\":[\"https:\/\/meetgirl.ch\/gorge-profonde-a-geneve\/\"]}]},{\"@type\":\"ImageObject\",\"inLanguage\":\"es\",\"@id\":\"https:\/\/meetgirl.ch\/gorge-profonde-a-geneve\/#primaryimage\",\"url\":\"https:\/\/meetgirl.ch\/wp-content\/uploads\/2025\/04\/person-holding-yellow-banana-fruit-scaled.jpg\",\"contentUrl\":\"https:\/\/meetgirl.ch\/wp-content\/uploads\/2025\/04\/person-holding-yellow-banana-fruit-scaled.jpg\"},{\"@type\":\"BreadcrumbList\",\"@id\":\"https:\/\/meetgirl.ch\/gorge-profonde-a-geneve\/#breadcrumb\",\"itemListElement\":[{\"@type\":\"ListItem\",\"position\":1,\"name\":\"Accueil\",\"item\":\"https:\/\/meetgirl.ch\/\"},{\"@type\":\"ListItem\",\"position\":2,\"name\":\"Gorge Profonde \u00e0 Gen\u00e8ve\"}]},{\"@type\":\"WebSite\",\"@id\":\"https:\/\/meetgirl.ch\/#website\",\"url\":\"https:\/\/meetgirl.ch\/\",\"name\":\"MeetGirl - Annonces \u00e9rotiques Suisse - Escorts, massages et salons\",\"description\":\"Escorts et massages \u00e9rotiques\",\"publisher\":{\"@id\":\"https:\/\/meetgirl.ch\/#organization\"},\"alternateName\":\"Annuaire \u00e9rotique Suisse Escort \u00e0 Gen\u00e8ve, Lausanne, Valais, Neuch\u00e2tel\",\"potentialAction\":[{\"@type\":\"SearchAction\",\"target\":{\"@type\":\"EntryPoint\",\"urlTemplate\":\"https:\/\/meetgirl.ch\/?s={search_term_string}\"},\"query-input\":{\"@type\":\"PropertyValueSpecification\",\"valueRequired\":true,\"valueName\":\"search_term_string\"}}],\"inLanguage\":\"es\"},{\"@type\":\"Organization\",\"@id\":\"https:\/\/meetgirl.ch\/#organization\",\"name\":\"Escort et massage \u00e9rotique\",\"alternateName\":\"Meetgirl escortes et masseuses\",\"url\":\"https:\/\/meetgirl.ch\/\",\"logo\":{\"@type\":\"ImageObject\",\"inLanguage\":\"es\",\"@id\":\"https:\/\/meetgirl.ch\/#\/schema\/logo\/image\/\",\"url\":\"https:\/\/meetgirl.ch\/wp-content\/uploads\/2024\/05\/cropped-meet-logo.png\",\"contentUrl\":\"https:\/\/meetgirl.ch\/wp-content\/uploads\/2024\/05\/cropped-meet-logo.png\",\"width\":512,\"height\":512,\"caption\":\"Escort et massage \u00e9rotique\"},\"image\":{\"@id\":\"https:\/\/meetgirl.ch\/#\/schema\/logo\/image\/\"}}]}<\/script>\n<!-- \/ Yoast SEO plugin. -->","yoast_head_json":{"title":"Gorge Profonde \u00e0 Gen\u00e8ve - Meetgirl - Anuncios er\u00f3ticos - Escorts, masajes y salones","description":"Disfrute de una experiencia de garganta profunda en Ginebra con una escort experta. Placer oral intenso, controlado y refinado.","robots":{"index":"index","follow":"follow","max-snippet":"max-snippet:-1","max-image-preview":"max-image-preview:large","max-video-preview":"max-video-preview:-1"},"canonical":"https:\/\/meetgirl.ch\/es\/profundo-desfiladero-de-ginebra\/","og_locale":"es_ES","og_type":"article","og_title":"Gorge Profonde \u00e0 Gen\u00e8ve - Meetgirl - Annonces \u00e9rotiques - Escorts, massages et salons","og_description":"Profitez d\u2019une exp\u00e9rience de gorge profonde \u00e0 Gen\u00e8ve avec une escort experte. Un plaisir oral intense, ma\u00eetris\u00e9 et raffin\u00e9","og_url":"https:\/\/meetgirl.ch\/es\/profundo-desfiladero-de-ginebra\/","og_site_name":"Meetgirl - Annonces \u00e9rotiques - Escorts, massages et salons","article_modified_time":"2025-06-28T11:44:43+00:00","og_image":[{"url":"https:\/\/meetgirl.ch\/wp-content\/uploads\/2025\/04\/person-holding-yellow-banana-fruit-scaled.jpg","type":"","width":"","height":""}],"twitter_card":"summary_large_image","twitter_misc":{"Tiempo de lectura":"2 minutos"},"schema":{"@context":"https:\/\/schema.org","@graph":[{"@type":"WebPage","@id":"https:\/\/meetgirl.ch\/gorge-profonde-a-geneve\/","url":"https:\/\/meetgirl.ch\/gorge-profonde-a-geneve\/","name":"Gorge Profonde \u00e0 Gen\u00e8ve - Meetgirl - Anuncios er\u00f3ticos - Escorts, masajes y salones","isPartOf":{"@id":"https:\/\/meetgirl.ch\/#website"},"primaryImageOfPage":{"@id":"https:\/\/meetgirl.ch\/gorge-profonde-a-geneve\/#primaryimage"},"image":{"@id":"https:\/\/meetgirl.ch\/gorge-profonde-a-geneve\/#primaryimage"},"thumbnailUrl":"https:\/\/meetgirl.ch\/wp-content\/uploads\/2025\/04\/person-holding-yellow-banana-fruit-scaled.jpg","datePublished":"2025-06-28T11:40:19+00:00","dateModified":"2025-06-28T11:44:43+00:00","description":"Disfrute de una experiencia de garganta profunda en Ginebra con una escort experta. Placer oral intenso, controlado y refinado.","breadcrumb":{"@id":"https:\/\/meetgirl.ch\/gorge-profonde-a-geneve\/#breadcrumb"},"inLanguage":"es","potentialAction":[{"@type":"ReadAction","target":["https:\/\/meetgirl.ch\/gorge-profonde-a-geneve\/"]}]},{"@type":"ImageObject","inLanguage":"es","@id":"https:\/\/meetgirl.ch\/gorge-profonde-a-geneve\/#primaryimage","url":"https:\/\/meetgirl.ch\/wp-content\/uploads\/2025\/04\/person-holding-yellow-banana-fruit-scaled.jpg","contentUrl":"https:\/\/meetgirl.ch\/wp-content\/uploads\/2025\/04\/person-holding-yellow-banana-fruit-scaled.jpg"},{"@type":"BreadcrumbList","@id":"https:\/\/meetgirl.ch\/gorge-profonde-a-geneve\/#breadcrumb","itemListElement":[{"@type":"ListItem","position":1,"name":"Accueil","item":"https:\/\/meetgirl.ch\/"},{"@type":"ListItem","position":2,"name":"Gorge Profonde \u00e0 Gen\u00e8ve"}]},{"@type":"WebSite","@id":"https:\/\/meetgirl.ch\/#website","url":"https:\/\/meetgirl.ch\/","name":"MeetGirl - Anuncios er\u00f3ticos Suiza - Escorts, masajes y salones","description":"Escorts y masajes er\u00f3ticos","publisher":{"@id":"https:\/\/meetgirl.ch\/#organization"},"alternateName":"Annuaire \u00e9rotique Suisse Escort \u00e0 Gen\u00e8ve, Lausanne, Valais, Neuch\u00e2tel","potentialAction":[{"@type":"SearchAction","target":{"@type":"EntryPoint","urlTemplate":"https:\/\/meetgirl.ch\/?s={search_term_string}"},"query-input":{"@type":"PropertyValueSpecification","valueRequired":true,"valueName":"search_term_string"}}],"inLanguage":"es"},{"@type":"Organization","@id":"https:\/\/meetgirl.ch\/#organization","name":"Escort y masaje er\u00f3tico","alternateName":"Meetgirl escortes et masseuses","url":"https:\/\/meetgirl.ch\/","logo":{"@type":"ImageObject","inLanguage":"es","@id":"https:\/\/meetgirl.ch\/#\/schema\/logo\/image\/","url":"https:\/\/meetgirl.ch\/wp-content\/uploads\/2024\/05\/cropped-meet-logo.png","contentUrl":"https:\/\/meetgirl.ch\/wp-content\/uploads\/2024\/05\/cropped-meet-logo.png","width":512,"height":512,"caption":"Escort et massage \u00e9rotique"},"image":{"@id":"https:\/\/meetgirl.ch\/#\/schema\/logo\/image\/"}}]}},"_links":{"self":[{"href":"https:\/\/meetgirl.ch\/es\/wp-json\/wp\/v2\/pages\/10139","targetHints":{"allow":["GET"]}}],"collection":[{"href":"https:\/\/meetgirl.ch\/es\/wp-json\/wp\/v2\/pages"}],"about":[{"href":"https:\/\/meetgirl.ch\/es\/wp-json\/wp\/v2\/types\/page"}],"author":[{"embeddable":true,"href":"https:\/\/meetgirl.ch\/es\/wp-json\/wp\/v2\/users\/3"}],"replies":[{"embeddable":true,"href":"https:\/\/meetgirl.ch\/es\/wp-json\/wp\/v2\/comments?post=10139"}],"version-history":[{"count":0,"href":"https:\/\/meetgirl.ch\/es\/wp-json\/wp\/v2\/pages\/10139\/revisions"}],"wp:attachment":[{"href":"https:\/\/meetgirl.ch\/es\/wp-json\/wp\/v2\/media?parent=10139"}],"curies":[{"name":"wp","href":"https:\/\/api.w.org\/{rel}","templated":true}]}}