{"id":10164,"date":"2025-06-28T12:10:08","date_gmt":"2025-06-28T12:10:08","guid":{"rendered":"https:\/\/meetgirl.ch\/?page_id=10164"},"modified":"2025-08-29T08:33:14","modified_gmt":"2025-08-29T08:33:14","slug":"masajes-eroticos-en-ginebra","status":"publish","type":"page","link":"https:\/\/meetgirl.ch\/es\/masajes-eroticos-en-ginebra\/","title":{"rendered":"Masajes er\u00f3ticos en Ginebra"},"content":{"rendered":"<div data-elementor-type=\"wp-page\" data-elementor-id=\"10164\" class=\"elementor elementor-10164\">\n\t\t\t\t<div class=\"elementor-element elementor-element-29679f8 e-flex e-con-boxed e-con e-parent\" data-id=\"29679f8\" data-element_type=\"container\" data-settings=\"{&quot;jet_parallax_layout_list&quot;:[]}\">\n\t\t\t\t\t<div class=\"e-con-inner\">\n\t\t<div class=\"elementor-element elementor-element-672f812 e-con-full e-flex e-con e-child\" data-id=\"672f812\" data-element_type=\"container\" data-settings=\"{&quot;jet_parallax_layout_list&quot;:[]}\">\n\t\t\t\t<div class=\"elementor-element elementor-element-cc911f2 elementor-widget elementor-widget-image\" data-id=\"cc911f2\" data-element_type=\"widget\" data-widget_type=\"image.default\">\n\t\t\t\t<div class=\"elementor-widget-container\">\n\t\t\t\t\t\t\t\t\t\t\t\t\t\t\t<img decoding=\"async\" width=\"1024\" height=\"512\" src=\"https:\/\/meetgirl.ch\/wp-content\/uploads\/2024\/10\/massage-erotique-lausanne-1024x512.jpeg\" class=\"attachment-large size-large wp-image-4240\" alt=\"\" srcset=\"https:\/\/meetgirl.ch\/wp-content\/uploads\/2024\/10\/massage-erotique-lausanne-1024x512.jpeg 1024w, https:\/\/meetgirl.ch\/wp-content\/uploads\/2024\/10\/massage-erotique-lausanne-300x150.jpeg 300w, https:\/\/meetgirl.ch\/wp-content\/uploads\/2024\/10\/massage-erotique-lausanne-768x384.jpeg 768w, https:\/\/meetgirl.ch\/wp-content\/uploads\/2024\/10\/massage-erotique-lausanne-18x9.jpeg 18w, https:\/\/meetgirl.ch\/wp-content\/uploads\/2024\/10\/massage-erotique-lausanne-600x300.jpeg 600w, https:\/\/meetgirl.ch\/wp-content\/uploads\/2024\/10\/massage-erotique-lausanne.jpeg 1408w\" sizes=\"(max-width: 1024px) 100vw, 1024px\" \/>\t\t\t\t\t\t\t\t\t\t\t\t\t\t\t<\/div>\n\t\t\t\t<\/div>\n\t\t\t\t<div class=\"elementor-element elementor-element-b1ad899 elementor-widget elementor-widget-image\" data-id=\"b1ad899\" data-element_type=\"widget\" data-widget_type=\"image.default\">\n\t\t\t\t<div class=\"elementor-widget-container\">\n\t\t\t\t\t\t\t\t\t\t\t\t\t\t\t<img decoding=\"async\" width=\"600\" height=\"400\" src=\"https:\/\/meetgirl.ch\/wp-content\/uploads\/2025\/02\/massage-erotique-geneve.webp\" class=\"attachment-large size-large wp-image-5048\" alt=\"\" srcset=\"https:\/\/meetgirl.ch\/wp-content\/uploads\/2025\/02\/massage-erotique-geneve.webp 600w, https:\/\/meetgirl.ch\/wp-content\/uploads\/2025\/02\/massage-erotique-geneve-300x200.webp 300w, https:\/\/meetgirl.ch\/wp-content\/uploads\/2025\/02\/massage-erotique-geneve-18x12.webp 18w\" sizes=\"(max-width: 600px) 100vw, 600px\" \/>\t\t\t\t\t\t\t\t\t\t\t\t\t\t\t<\/div>\n\t\t\t\t<\/div>\n\t\t\t\t<\/div>\n\t\t<div class=\"elementor-element elementor-element-8d2b098 e-con-full e-flex e-con e-child\" data-id=\"8d2b098\" data-element_type=\"container\" data-settings=\"{&quot;jet_parallax_layout_list&quot;:[]}\">\n\t\t\t\t<div class=\"elementor-element elementor-element-e2c0068 elementor-widget elementor-widget-text-editor\" data-id=\"e2c0068\" data-element_type=\"widget\" data-widget_type=\"text-editor.default\">\n\t\t\t\t<div class=\"elementor-widget-container\">\n\t\t\t\t\t\t\t\t\t<section class=\"massage-erotique-geneve\" style=\"color:#ffffff;\">\n\n<h1 style=\"color:#ffffff;\">Masajes er\u00f3ticos en Ginebra con acompa\u00f1antes en meetgirl.ch<\/h1>\n<p>\u00bfBuscas un momento \u00edntimo y sensual con un <strong>escort especializada en masajes er\u00f3ticos en Ginebra<\/strong> ? Visite <strong>meetgirl.ch<\/strong>Descubra una selecci\u00f3n de refinadas profesionales. Dominan el arte del masaje er\u00f3tico y ofrecen momentos de puro placer.<\/p>\n\n<h2 style=\"color:#ffffff;\">\u00bfQu\u00e9 es un masaje er\u00f3tico en Ginebra?<\/h2>\n<p>A <strong>masaje er\u00f3tico<\/strong> es una experiencia sensual completa. Combina relajaci\u00f3n, caricias sugerentes y estimulaci\u00f3n corporal. Realizado por una escort desnuda o en lencer\u00eda, este masaje \u00edntimo despierta sus sentidos y le conduce lentamente hacia el \u00e9xtasis.<\/p>\n\n<h2 style=\"color:#ffffff;\">Escorts expertas en masajes \u00edntimos en Ginebra<\/h2>\n<p>Escort girls en <strong>meetgirl.ch<\/strong> ofrecen diferentes tipos de <strong>masajes sensuales en ginebra<\/strong>. Su objetivo: ofrecerte un intenso momento de despertar er\u00f3tico. Puedes disfrutar de estos servicios en un piso privado, en tu hotel o en casa.<\/p>\n\n<h3 style=\"color:#ffffff;\">Masaje cuerpo a cuerpo<\/h3>\n<p>El masaje cuerpo a cuerpo es uno de los servicios m\u00e1s populares. La escort desliza su cuerpo lubricado contra el tuyo. Esta pr\u00e1ctica ultrasensorial le envuelve en calor y deseo. Es la forma ideal de liberar todas tus tensiones.<\/p>\n\n<h3 style=\"color:#ffffff;\">Masaje naturista completo<\/h3>\n<p>El masaje naturista se realiza en un ambiente \u00edntimo. El acompa\u00f1ante trabaja suave y sensualmente todo el cuerpo, incluidas las zonas er\u00f3genas. Esto crea un aumento gradual del placer, que culmina en el orgasmo.<\/p>\n\n<h2 style=\"color:#ffffff;\">Encuentra tu escort de masajes er\u00f3ticos en meetgirl.ch<\/h2>\n<p>Visite <strong>meetgirl.ch<\/strong>navegar por los perfiles de<strong>masajes eroticos chicas de compa\u00f1ia en Ginebra<\/strong>. Elija el que m\u00e1s le convenga. Cada perfil detalla servicios, precios y posibles lugares de encuentro.<\/p>\n\n<h3 style=\"color:#ffffff;\">Discreci\u00f3n, placer y profesionalidad<\/h3>\n<p>Todos los encuentros a trav\u00e9s de meetgirl.ch se realizan con respeto, discreci\u00f3n e higiene. Las escorts adaptan sus gestos a tus preferencias para un placer a medida, garantizando al mismo tiempo tu comodidad y seguridad.<\/p>\n\n<h2 style=\"color:#ffffff;\">Reserve ahora su masaje er\u00f3tico<\/h2>\n<p>D\u00e9jese tentar por una experiencia sensorial \u00fanica con un <strong>masaje er\u00f3tico escort en Ginebra<\/strong>. Reserve directamente en <strong>meetgirl.ch<\/strong> y disfrute de un servicio de alta gama en un marco tranquilizador y confidencial.<\/p>\n\n<\/section>\n\t\t\t\t\t\t\t\t<\/div>\n\t\t\t\t<\/div>\n\t\t\t\t<\/div>\n\t\t\t\t\t<\/div>\n\t\t\t\t<\/div>\n\t\t\t\t<\/div>","protected":false},"excerpt":{"rendered":"<p>Masaje er\u00f3tico en Ginebra con una escort en meetgirl.ch \u00bfBuscas un momento \u00edntimo y sensual con una escort especializada en masajes er\u00f3ticos en Ginebra? Descubra en meetgirl.ch una selecci\u00f3n de profesionales refinadas. Dominan el arte del masaje er\u00f3tico y le ofrecen momentos de puro placer. \u00bfQu\u00e9 es un masaje er\u00f3tico en Ginebra? Un [...]<\/p>","protected":false},"author":3,"featured_media":0,"parent":0,"menu_order":0,"comment_status":"closed","ping_status":"closed","template":"","meta":{"footnotes":""},"class_list":["post-10164","page","type-page","status-publish","hentry"],"acf":[],"yoast_head":"<!-- This site is optimized with the Yoast SEO plugin v26.0 - https:\/\/yoast.com\/wordpress\/plugins\/seo\/ -->\n<title>Massages \u00c9rotiques \u00e0 Gen\u00e8ve - Meetgirl - Annonces \u00e9rotiques - Escorts, massages et salons<\/title>\n<meta name=\"description\" content=\"Profitez d\u2019un massage \u00e9rotique \u00e0 Gen\u00e8ve avec une escort experte. R\u00e9servez sur meetgirl.ch pour une exp\u00e9rience sensuelle, intime et discr\u00e8te.\" \/>\n<meta name=\"robots\" content=\"index, follow, max-snippet:-1, max-image-preview:large, max-video-preview:-1\" \/>\n<link rel=\"canonical\" href=\"https:\/\/meetgirl.ch\/es\/masajes-eroticos-en-ginebra\/\" \/>\n<meta property=\"og:locale\" content=\"es_ES\" \/>\n<meta property=\"og:type\" content=\"article\" \/>\n<meta property=\"og:title\" content=\"Massages \u00c9rotiques \u00e0 Gen\u00e8ve - Meetgirl - Annonces \u00e9rotiques - Escorts, massages et salons\" \/>\n<meta property=\"og:description\" content=\"Profitez d\u2019un massage \u00e9rotique \u00e0 Gen\u00e8ve avec une escort experte. R\u00e9servez sur meetgirl.ch pour une exp\u00e9rience sensuelle, intime et discr\u00e8te.\" \/>\n<meta property=\"og:url\" content=\"https:\/\/meetgirl.ch\/es\/masajes-eroticos-en-ginebra\/\" \/>\n<meta property=\"og:site_name\" content=\"Meetgirl - Annonces \u00e9rotiques - Escorts, massages et salons\" \/>\n<meta property=\"article:modified_time\" content=\"2025-08-29T08:33:14+00:00\" \/>\n<meta property=\"og:image\" content=\"https:\/\/meetgirl.ch\/wp-content\/uploads\/2024\/10\/massage-erotique-lausanne-1024x512.jpeg\" \/>\n<meta name=\"twitter:card\" content=\"summary_large_image\" \/>\n<meta name=\"twitter:label1\" content=\"Tiempo de lectura\" \/>\n\t<meta name=\"twitter:data1\" content=\"3 minutos\" \/>\n<script type=\"application\/ld+json\" class=\"yoast-schema-graph\">{\"@context\":\"https:\/\/schema.org\",\"@graph\":[{\"@type\":\"WebPage\",\"@id\":\"https:\/\/meetgirl.ch\/massages-erotiques-a-geneve\/\",\"url\":\"https:\/\/meetgirl.ch\/massages-erotiques-a-geneve\/\",\"name\":\"Massages \u00c9rotiques \u00e0 Gen\u00e8ve - Meetgirl - Annonces \u00e9rotiques - Escorts, massages et salons\",\"isPartOf\":{\"@id\":\"https:\/\/meetgirl.ch\/#website\"},\"primaryImageOfPage\":{\"@id\":\"https:\/\/meetgirl.ch\/massages-erotiques-a-geneve\/#primaryimage\"},\"image\":{\"@id\":\"https:\/\/meetgirl.ch\/massages-erotiques-a-geneve\/#primaryimage\"},\"thumbnailUrl\":\"https:\/\/meetgirl.ch\/wp-content\/uploads\/2024\/10\/massage-erotique-lausanne-1024x512.jpeg\",\"datePublished\":\"2025-06-28T12:10:08+00:00\",\"dateModified\":\"2025-08-29T08:33:14+00:00\",\"description\":\"Profitez d\u2019un massage \u00e9rotique \u00e0 Gen\u00e8ve avec une escort experte. R\u00e9servez sur meetgirl.ch pour une exp\u00e9rience sensuelle, intime et discr\u00e8te.\",\"breadcrumb\":{\"@id\":\"https:\/\/meetgirl.ch\/massages-erotiques-a-geneve\/#breadcrumb\"},\"inLanguage\":\"es\",\"potentialAction\":[{\"@type\":\"ReadAction\",\"target\":[\"https:\/\/meetgirl.ch\/massages-erotiques-a-geneve\/\"]}]},{\"@type\":\"ImageObject\",\"inLanguage\":\"es\",\"@id\":\"https:\/\/meetgirl.ch\/massages-erotiques-a-geneve\/#primaryimage\",\"url\":\"https:\/\/meetgirl.ch\/wp-content\/uploads\/2024\/10\/massage-erotique-lausanne-1024x512.jpeg\",\"contentUrl\":\"https:\/\/meetgirl.ch\/wp-content\/uploads\/2024\/10\/massage-erotique-lausanne-1024x512.jpeg\"},{\"@type\":\"BreadcrumbList\",\"@id\":\"https:\/\/meetgirl.ch\/massages-erotiques-a-geneve\/#breadcrumb\",\"itemListElement\":[{\"@type\":\"ListItem\",\"position\":1,\"name\":\"Accueil\",\"item\":\"https:\/\/meetgirl.ch\/\"},{\"@type\":\"ListItem\",\"position\":2,\"name\":\"Massages \u00c9rotiques \u00e0 Gen\u00e8ve\"}]},{\"@type\":\"WebSite\",\"@id\":\"https:\/\/meetgirl.ch\/#website\",\"url\":\"https:\/\/meetgirl.ch\/\",\"name\":\"MeetGirl - Annonces \u00e9rotiques Suisse - Escorts, massages et salons\",\"description\":\"Escorts et massages \u00e9rotiques\",\"publisher\":{\"@id\":\"https:\/\/meetgirl.ch\/#organization\"},\"alternateName\":\"Annuaire \u00e9rotique Suisse Escort \u00e0 Gen\u00e8ve, Lausanne, Valais, Neuch\u00e2tel\",\"potentialAction\":[{\"@type\":\"SearchAction\",\"target\":{\"@type\":\"EntryPoint\",\"urlTemplate\":\"https:\/\/meetgirl.ch\/?s={search_term_string}\"},\"query-input\":{\"@type\":\"PropertyValueSpecification\",\"valueRequired\":true,\"valueName\":\"search_term_string\"}}],\"inLanguage\":\"es\"},{\"@type\":\"Organization\",\"@id\":\"https:\/\/meetgirl.ch\/#organization\",\"name\":\"Escort et massage \u00e9rotique\",\"alternateName\":\"Meetgirl escortes et masseuses\",\"url\":\"https:\/\/meetgirl.ch\/\",\"logo\":{\"@type\":\"ImageObject\",\"inLanguage\":\"es\",\"@id\":\"https:\/\/meetgirl.ch\/#\/schema\/logo\/image\/\",\"url\":\"https:\/\/meetgirl.ch\/wp-content\/uploads\/2024\/05\/cropped-meet-logo.png\",\"contentUrl\":\"https:\/\/meetgirl.ch\/wp-content\/uploads\/2024\/05\/cropped-meet-logo.png\",\"width\":512,\"height\":512,\"caption\":\"Escort et massage \u00e9rotique\"},\"image\":{\"@id\":\"https:\/\/meetgirl.ch\/#\/schema\/logo\/image\/\"}}]}<\/script>\n<!-- \/ Yoast SEO plugin. -->","yoast_head_json":{"title":"Masajes er\u00f3ticos en Ginebra - Meetgirl - Anuncios er\u00f3ticos - Escorts, masajes y salones","description":"Disfrute de un masaje er\u00f3tico en Ginebra con una acompa\u00f1ante experta. Reserva en meetgirl.ch para una experiencia sensual, \u00edntima y discreta.","robots":{"index":"index","follow":"follow","max-snippet":"max-snippet:-1","max-image-preview":"max-image-preview:large","max-video-preview":"max-video-preview:-1"},"canonical":"https:\/\/meetgirl.ch\/es\/masajes-eroticos-en-ginebra\/","og_locale":"es_ES","og_type":"article","og_title":"Massages \u00c9rotiques \u00e0 Gen\u00e8ve - Meetgirl - Annonces \u00e9rotiques - Escorts, massages et salons","og_description":"Profitez d\u2019un massage \u00e9rotique \u00e0 Gen\u00e8ve avec une escort experte. R\u00e9servez sur meetgirl.ch pour une exp\u00e9rience sensuelle, intime et discr\u00e8te.","og_url":"https:\/\/meetgirl.ch\/es\/masajes-eroticos-en-ginebra\/","og_site_name":"Meetgirl - Annonces \u00e9rotiques - Escorts, massages et salons","article_modified_time":"2025-08-29T08:33:14+00:00","og_image":[{"url":"https:\/\/meetgirl.ch\/wp-content\/uploads\/2024\/10\/massage-erotique-lausanne-1024x512.jpeg","type":"","width":"","height":""}],"twitter_card":"summary_large_image","twitter_misc":{"Tiempo de lectura":"3 minutos"},"schema":{"@context":"https:\/\/schema.org","@graph":[{"@type":"WebPage","@id":"https:\/\/meetgirl.ch\/massages-erotiques-a-geneve\/","url":"https:\/\/meetgirl.ch\/massages-erotiques-a-geneve\/","name":"Masajes er\u00f3ticos en Ginebra - Meetgirl - Anuncios er\u00f3ticos - Escorts, masajes y salones","isPartOf":{"@id":"https:\/\/meetgirl.ch\/#website"},"primaryImageOfPage":{"@id":"https:\/\/meetgirl.ch\/massages-erotiques-a-geneve\/#primaryimage"},"image":{"@id":"https:\/\/meetgirl.ch\/massages-erotiques-a-geneve\/#primaryimage"},"thumbnailUrl":"https:\/\/meetgirl.ch\/wp-content\/uploads\/2024\/10\/massage-erotique-lausanne-1024x512.jpeg","datePublished":"2025-06-28T12:10:08+00:00","dateModified":"2025-08-29T08:33:14+00:00","description":"Disfrute de un masaje er\u00f3tico en Ginebra con una acompa\u00f1ante experta. Reserva en meetgirl.ch para una experiencia sensual, \u00edntima y discreta.","breadcrumb":{"@id":"https:\/\/meetgirl.ch\/massages-erotiques-a-geneve\/#breadcrumb"},"inLanguage":"es","potentialAction":[{"@type":"ReadAction","target":["https:\/\/meetgirl.ch\/massages-erotiques-a-geneve\/"]}]},{"@type":"ImageObject","inLanguage":"es","@id":"https:\/\/meetgirl.ch\/massages-erotiques-a-geneve\/#primaryimage","url":"https:\/\/meetgirl.ch\/wp-content\/uploads\/2024\/10\/massage-erotique-lausanne-1024x512.jpeg","contentUrl":"https:\/\/meetgirl.ch\/wp-content\/uploads\/2024\/10\/massage-erotique-lausanne-1024x512.jpeg"},{"@type":"BreadcrumbList","@id":"https:\/\/meetgirl.ch\/massages-erotiques-a-geneve\/#breadcrumb","itemListElement":[{"@type":"ListItem","position":1,"name":"Accueil","item":"https:\/\/meetgirl.ch\/"},{"@type":"ListItem","position":2,"name":"Massages \u00c9rotiques \u00e0 Gen\u00e8ve"}]},{"@type":"WebSite","@id":"https:\/\/meetgirl.ch\/#website","url":"https:\/\/meetgirl.ch\/","name":"MeetGirl - Anuncios er\u00f3ticos Suiza - Escorts, masajes y salones","description":"Escorts y masajes er\u00f3ticos","publisher":{"@id":"https:\/\/meetgirl.ch\/#organization"},"alternateName":"Annuaire \u00e9rotique Suisse Escort \u00e0 Gen\u00e8ve, Lausanne, Valais, Neuch\u00e2tel","potentialAction":[{"@type":"SearchAction","target":{"@type":"EntryPoint","urlTemplate":"https:\/\/meetgirl.ch\/?s={search_term_string}"},"query-input":{"@type":"PropertyValueSpecification","valueRequired":true,"valueName":"search_term_string"}}],"inLanguage":"es"},{"@type":"Organization","@id":"https:\/\/meetgirl.ch\/#organization","name":"Escort y masaje er\u00f3tico","alternateName":"Meetgirl escortes et masseuses","url":"https:\/\/meetgirl.ch\/","logo":{"@type":"ImageObject","inLanguage":"es","@id":"https:\/\/meetgirl.ch\/#\/schema\/logo\/image\/","url":"https:\/\/meetgirl.ch\/wp-content\/uploads\/2024\/05\/cropped-meet-logo.png","contentUrl":"https:\/\/meetgirl.ch\/wp-content\/uploads\/2024\/05\/cropped-meet-logo.png","width":512,"height":512,"caption":"Escort et massage \u00e9rotique"},"image":{"@id":"https:\/\/meetgirl.ch\/#\/schema\/logo\/image\/"}}]}},"_links":{"self":[{"href":"https:\/\/meetgirl.ch\/es\/wp-json\/wp\/v2\/pages\/10164","targetHints":{"allow":["GET"]}}],"collection":[{"href":"https:\/\/meetgirl.ch\/es\/wp-json\/wp\/v2\/pages"}],"about":[{"href":"https:\/\/meetgirl.ch\/es\/wp-json\/wp\/v2\/types\/page"}],"author":[{"embeddable":true,"href":"https:\/\/meetgirl.ch\/es\/wp-json\/wp\/v2\/users\/3"}],"replies":[{"embeddable":true,"href":"https:\/\/meetgirl.ch\/es\/wp-json\/wp\/v2\/comments?post=10164"}],"version-history":[{"count":3,"href":"https:\/\/meetgirl.ch\/es\/wp-json\/wp\/v2\/pages\/10164\/revisions"}],"predecessor-version":[{"id":13182,"href":"https:\/\/meetgirl.ch\/es\/wp-json\/wp\/v2\/pages\/10164\/revisions\/13182"}],"wp:attachment":[{"href":"https:\/\/meetgirl.ch\/es\/wp-json\/wp\/v2\/media?parent=10164"}],"curies":[{"name":"wp","href":"https:\/\/api.w.org\/{rel}","templated":true}]}}