{"id":10174,"date":"2025-06-28T12:18:18","date_gmt":"2025-06-28T12:18:18","guid":{"rendered":"https:\/\/meetgirl.ch\/?page_id=10174"},"modified":"2025-06-28T12:22:35","modified_gmt":"2025-06-28T12:22:35","slug":"pajas-espanolas-en-ginebra","status":"publish","type":"page","link":"https:\/\/meetgirl.ch\/es\/pajas-espanolas-en-ginebra\/","title":{"rendered":"Ruleta espa\u00f1ola en Ginebra"},"content":{"rendered":"<div data-elementor-type=\"wp-page\" data-elementor-id=\"10174\" class=\"elementor elementor-10174\">\n\t\t\t\t<div class=\"elementor-element elementor-element-0fbcdd9 e-flex e-con-boxed e-con e-parent\" data-id=\"0fbcdd9\" data-element_type=\"container\" data-settings=\"{&quot;jet_parallax_layout_list&quot;:[]}\">\n\t\t\t\t\t<div class=\"e-con-inner\">\n\t\t<div class=\"elementor-element elementor-element-72bea14 e-con-full e-flex e-con e-child\" data-id=\"72bea14\" data-element_type=\"container\" data-settings=\"{&quot;jet_parallax_layout_list&quot;:[]}\">\n\t\t\t\t<div class=\"elementor-element elementor-element-29db25f elementor-widget elementor-widget-image\" data-id=\"29db25f\" data-element_type=\"widget\" data-widget_type=\"image.default\">\n\t\t\t\t<div class=\"elementor-widget-container\">\n\t\t\t\t\t\t\t\t\t\t\t\t\t\t\t<img decoding=\"async\" width=\"612\" height=\"408\" src=\"https:\/\/meetgirl.ch\/wp-content\/uploads\/2025\/02\/escort-fribourg.jpg\" class=\"attachment-large size-large wp-image-5152\" alt=\"una cautivadora acompa\u00f1ante que conoce los activos de Bulle, en el cant\u00f3n de Friburgo.\" srcset=\"https:\/\/meetgirl.ch\/wp-content\/uploads\/2025\/02\/escort-fribourg.jpg 612w, https:\/\/meetgirl.ch\/wp-content\/uploads\/2025\/02\/escort-fribourg-300x200.jpg 300w, https:\/\/meetgirl.ch\/wp-content\/uploads\/2025\/02\/escort-fribourg-18x12.jpg 18w, https:\/\/meetgirl.ch\/wp-content\/uploads\/2025\/02\/escort-fribourg-600x400.jpg 600w\" sizes=\"(max-width: 612px) 100vw, 612px\" \/>\t\t\t\t\t\t\t\t\t\t\t\t\t\t\t<\/div>\n\t\t\t\t<\/div>\n\t\t\t\t<div class=\"elementor-element elementor-element-7d2e93f elementor-widget elementor-widget-image\" data-id=\"7d2e93f\" data-element_type=\"widget\" data-widget_type=\"image.default\">\n\t\t\t\t<div class=\"elementor-widget-container\">\n\t\t\t\t\t\t\t\t\t\t\t\t\t\t\t<img decoding=\"async\" width=\"600\" height=\"900\" src=\"https:\/\/meetgirl.ch\/wp-content\/uploads\/2025\/06\/escort-milf-felina-geneve-1.jpg\" class=\"attachment-large size-large wp-image-8214\" alt=\"\" srcset=\"https:\/\/meetgirl.ch\/wp-content\/uploads\/2025\/06\/escort-milf-felina-geneve-1.jpg 600w, https:\/\/meetgirl.ch\/wp-content\/uploads\/2025\/06\/escort-milf-felina-geneve-1-200x300.jpg 200w, https:\/\/meetgirl.ch\/wp-content\/uploads\/2025\/06\/escort-milf-felina-geneve-1-8x12.jpg 8w\" sizes=\"(max-width: 600px) 100vw, 600px\" \/>\t\t\t\t\t\t\t\t\t\t\t\t\t\t\t<\/div>\n\t\t\t\t<\/div>\n\t\t\t\t<\/div>\n\t\t<div class=\"elementor-element elementor-element-1328f2d e-con-full e-flex e-con e-child\" data-id=\"1328f2d\" data-element_type=\"container\" data-settings=\"{&quot;jet_parallax_layout_list&quot;:[]}\">\n\t\t\t\t<div class=\"elementor-element elementor-element-945edf5 elementor-widget elementor-widget-text-editor\" data-id=\"945edf5\" data-element_type=\"widget\" data-widget_type=\"text-editor.default\">\n\t\t\t\t<div class=\"elementor-widget-container\">\n\t\t\t\t\t\t\t\t\t<h1><span style=\"color: #ffffff;\">Escort especializada en ligues espa\u00f1oles en Ginebra en meetgirl.ch<\/span><\/h1><p><span style=\"color: #ffffff;\">La <strong>paja espa\u00f1ola<\/strong>tambi\u00e9n conocida como \"atadura notarial\", es una t\u00e9cnica de masturbaci\u00f3n altamente sensual en la que el pene se estimula entre los pechos de la escort. Esta pr\u00e1ctica combina placer visual y sensaciones t\u00e1ctiles \u00fanicas, proporcionando al cliente un placer intenso.<\/span><\/p><h2><span style=\"color: #ffffff;\">\u00bfQu\u00e9 es una paja espa\u00f1ola?<\/span><\/h2><p><span style=\"color: #ffffff;\">Durante esta pr\u00e1ctica, el hombre coloca su pene entre los pechos de la mujer, los aprieta y se mueve hacia delante y hacia atr\u00e1s, simulando la penetraci\u00f3n mientras estimula suavemente el glande frotando la piel. Este juego er\u00f3tico puede conducir al orgasmo masculino, con o sin eyaculaci\u00f3n facial o corporal.<\/span><\/p><h2><span style=\"color: #ffffff;\">Una fantas\u00eda popular en Ginebra<\/span><\/h2><p><span style=\"color: #ffffff;\">La paja espa\u00f1ola es muy apreciada por la excitaci\u00f3n visual que genera y el suave contacto entre la sensible piel de los pechos y el pene. A menudo se utiliza como paso previo a otros actos sexuales como la felaci\u00f3n o la penetraci\u00f3n vaginal o anal.<\/span><\/p><h3><span style=\"color: #ffffff;\">Escorts que ofrecen pajas espa\u00f1olas en meetgirl.ch<\/span><\/h3><p><span style=\"color: #ffffff;\">Visite <strong>meetgirl.ch<\/strong>podr\u00e1 descubrir una selecci\u00f3n de<strong>escorts en Ginebra que dominan el arte de la paja espa\u00f1ola<\/strong>. Cada perfil detalla los servicios ofrecidos, lo que le permite elegir a un profesional seg\u00fan sus preferencias y deseos.<\/span><\/p><h2><span style=\"color: #ffffff;\">Consejos para elegir a su escolta<\/span><\/h2><p><span style=\"color: #ffffff;\">Antes de reservar, te recomendamos que compruebes detenidamente los servicios que aparecen en el perfil de la escort para asegurarte de que realmente realiza pajas espa\u00f1olas. Tambi\u00e9n puedes pedir confirmaci\u00f3n cuando contactes para evitar malentendidos.<\/span><\/p><h2><span style=\"color: #ffffff;\">Vive tu fantas\u00eda con una escort experta en Ginebra<\/span><\/h2><p><span style=\"color: #ffffff;\">D\u00e9jese tentar por esta experiencia sensual y refinada con un <strong>escort especializada en pajas espa\u00f1olas en Ginebra<\/strong>. Reserve directamente a trav\u00e9s de <strong>meetgirl.ch<\/strong> para una cita privada y discreta, y disfrute de un momento \u00fanico de placer.<\/span><\/p>\t\t\t\t\t\t\t\t<\/div>\n\t\t\t\t<\/div>\n\t\t\t\t<\/div>\n\t\t\t\t\t<\/div>\n\t\t\t\t<\/div>\n\t\t\t\t<\/div>","protected":false},"excerpt":{"rendered":"<p>Escort sp\u00e9cialis\u00e9e en Branlette Espagnole \u00e0 Gen\u00e8ve sur meetgirl.ch La branlette espagnole, aussi appel\u00e9e \u00ab cravate de notaire \u00bb, est une technique de masturbation tr\u00e8s sensuelle o\u00f9 le p\u00e9nis est stimul\u00e9 entre les seins de l\u2019escort. Cette pratique combine \u00e0 la fois plaisir visuel et sensations tactiles uniques, procurant un intense plaisir au client. En [&hellip;]<\/p>","protected":false},"author":3,"featured_media":0,"parent":0,"menu_order":0,"comment_status":"closed","ping_status":"closed","template":"","meta":{"footnotes":""},"class_list":["post-10174","page","type-page","status-publish","hentry"],"acf":[],"yoast_head":"<!-- This site is optimized with the Yoast SEO plugin v26.0 - https:\/\/yoast.com\/wordpress\/plugins\/seo\/ -->\n<title>Branlette Espagnole \u00e0 Gen\u00e8ve - Meetgirl - Annonces \u00e9rotiques - Escorts, massages et salons<\/title>\n<meta name=\"description\" content=\"Trouvez des escortes pratiquant la branlette espagnole \u00e0 Gen\u00e8ve sur meetgirl.ch. R\u00e9alisez votre fantasme avec des professionnelles expertes\" \/>\n<meta name=\"robots\" content=\"index, follow, max-snippet:-1, max-image-preview:large, max-video-preview:-1\" \/>\n<link rel=\"canonical\" href=\"https:\/\/meetgirl.ch\/es\/pajas-espanolas-en-ginebra\/\" \/>\n<meta property=\"og:locale\" content=\"es_ES\" \/>\n<meta property=\"og:type\" content=\"article\" \/>\n<meta property=\"og:title\" content=\"Branlette Espagnole \u00e0 Gen\u00e8ve - Meetgirl - Annonces \u00e9rotiques - Escorts, massages et salons\" \/>\n<meta property=\"og:description\" content=\"Trouvez des escortes pratiquant la branlette espagnole \u00e0 Gen\u00e8ve sur meetgirl.ch. R\u00e9alisez votre fantasme avec des professionnelles expertes\" \/>\n<meta property=\"og:url\" content=\"https:\/\/meetgirl.ch\/es\/pajas-espanolas-en-ginebra\/\" \/>\n<meta property=\"og:site_name\" content=\"Meetgirl - Annonces \u00e9rotiques - Escorts, massages et salons\" \/>\n<meta property=\"article:modified_time\" content=\"2025-06-28T12:22:35+00:00\" \/>\n<meta property=\"og:image\" content=\"https:\/\/meetgirl.ch\/wp-content\/uploads\/2025\/02\/escort-fribourg.jpg\" \/>\n<meta name=\"twitter:card\" content=\"summary_large_image\" \/>\n<meta name=\"twitter:label1\" content=\"Tiempo de lectura\" \/>\n\t<meta name=\"twitter:data1\" content=\"2 minutos\" \/>\n<script type=\"application\/ld+json\" class=\"yoast-schema-graph\">{\"@context\":\"https:\/\/schema.org\",\"@graph\":[{\"@type\":\"WebPage\",\"@id\":\"https:\/\/meetgirl.ch\/branlette-espagnole-a-geneve\/\",\"url\":\"https:\/\/meetgirl.ch\/branlette-espagnole-a-geneve\/\",\"name\":\"Branlette Espagnole \u00e0 Gen\u00e8ve - Meetgirl - Annonces \u00e9rotiques - Escorts, massages et salons\",\"isPartOf\":{\"@id\":\"https:\/\/meetgirl.ch\/#website\"},\"primaryImageOfPage\":{\"@id\":\"https:\/\/meetgirl.ch\/branlette-espagnole-a-geneve\/#primaryimage\"},\"image\":{\"@id\":\"https:\/\/meetgirl.ch\/branlette-espagnole-a-geneve\/#primaryimage\"},\"thumbnailUrl\":\"https:\/\/meetgirl.ch\/wp-content\/uploads\/2025\/02\/escort-fribourg.jpg\",\"datePublished\":\"2025-06-28T12:18:18+00:00\",\"dateModified\":\"2025-06-28T12:22:35+00:00\",\"description\":\"Trouvez des escortes pratiquant la branlette espagnole \u00e0 Gen\u00e8ve sur meetgirl.ch. R\u00e9alisez votre fantasme avec des professionnelles expertes\",\"breadcrumb\":{\"@id\":\"https:\/\/meetgirl.ch\/branlette-espagnole-a-geneve\/#breadcrumb\"},\"inLanguage\":\"es\",\"potentialAction\":[{\"@type\":\"ReadAction\",\"target\":[\"https:\/\/meetgirl.ch\/branlette-espagnole-a-geneve\/\"]}]},{\"@type\":\"ImageObject\",\"inLanguage\":\"es\",\"@id\":\"https:\/\/meetgirl.ch\/branlette-espagnole-a-geneve\/#primaryimage\",\"url\":\"https:\/\/meetgirl.ch\/wp-content\/uploads\/2025\/02\/escort-fribourg.jpg\",\"contentUrl\":\"https:\/\/meetgirl.ch\/wp-content\/uploads\/2025\/02\/escort-fribourg.jpg\"},{\"@type\":\"BreadcrumbList\",\"@id\":\"https:\/\/meetgirl.ch\/branlette-espagnole-a-geneve\/#breadcrumb\",\"itemListElement\":[{\"@type\":\"ListItem\",\"position\":1,\"name\":\"Accueil\",\"item\":\"https:\/\/meetgirl.ch\/\"},{\"@type\":\"ListItem\",\"position\":2,\"name\":\"Branlette Espagnole \u00e0 Gen\u00e8ve\"}]},{\"@type\":\"WebSite\",\"@id\":\"https:\/\/meetgirl.ch\/#website\",\"url\":\"https:\/\/meetgirl.ch\/\",\"name\":\"MeetGirl - Annonces \u00e9rotiques Suisse - Escorts, massages et salons\",\"description\":\"Escorts et massages \u00e9rotiques\",\"publisher\":{\"@id\":\"https:\/\/meetgirl.ch\/#organization\"},\"alternateName\":\"Annuaire \u00e9rotique Suisse Escort \u00e0 Gen\u00e8ve, Lausanne, Valais, Neuch\u00e2tel\",\"potentialAction\":[{\"@type\":\"SearchAction\",\"target\":{\"@type\":\"EntryPoint\",\"urlTemplate\":\"https:\/\/meetgirl.ch\/?s={search_term_string}\"},\"query-input\":{\"@type\":\"PropertyValueSpecification\",\"valueRequired\":true,\"valueName\":\"search_term_string\"}}],\"inLanguage\":\"es\"},{\"@type\":\"Organization\",\"@id\":\"https:\/\/meetgirl.ch\/#organization\",\"name\":\"Escort et massage \u00e9rotique\",\"alternateName\":\"Meetgirl escortes et masseuses\",\"url\":\"https:\/\/meetgirl.ch\/\",\"logo\":{\"@type\":\"ImageObject\",\"inLanguage\":\"es\",\"@id\":\"https:\/\/meetgirl.ch\/#\/schema\/logo\/image\/\",\"url\":\"https:\/\/meetgirl.ch\/wp-content\/uploads\/2024\/05\/cropped-meet-logo.png\",\"contentUrl\":\"https:\/\/meetgirl.ch\/wp-content\/uploads\/2024\/05\/cropped-meet-logo.png\",\"width\":512,\"height\":512,\"caption\":\"Escort et massage \u00e9rotique\"},\"image\":{\"@id\":\"https:\/\/meetgirl.ch\/#\/schema\/logo\/image\/\"}}]}<\/script>\n<!-- \/ Yoast SEO plugin. -->","yoast_head_json":{"title":"Branlette Espagnole \u00e0 Gen\u00e8ve - Meetgirl - Anuncios er\u00f3ticos - Escorts, masajes y salones","description":"Encuentra escorts pajas espa\u00f1olas en Ginebra en meetgirl.ch. Realiza tu fantas\u00eda con profesionales expertas","robots":{"index":"index","follow":"follow","max-snippet":"max-snippet:-1","max-image-preview":"max-image-preview:large","max-video-preview":"max-video-preview:-1"},"canonical":"https:\/\/meetgirl.ch\/es\/pajas-espanolas-en-ginebra\/","og_locale":"es_ES","og_type":"article","og_title":"Branlette Espagnole \u00e0 Gen\u00e8ve - Meetgirl - Annonces \u00e9rotiques - Escorts, massages et salons","og_description":"Trouvez des escortes pratiquant la branlette espagnole \u00e0 Gen\u00e8ve sur meetgirl.ch. R\u00e9alisez votre fantasme avec des professionnelles expertes","og_url":"https:\/\/meetgirl.ch\/es\/pajas-espanolas-en-ginebra\/","og_site_name":"Meetgirl - Annonces \u00e9rotiques - Escorts, massages et salons","article_modified_time":"2025-06-28T12:22:35+00:00","og_image":[{"url":"https:\/\/meetgirl.ch\/wp-content\/uploads\/2025\/02\/escort-fribourg.jpg","type":"","width":"","height":""}],"twitter_card":"summary_large_image","twitter_misc":{"Tiempo de lectura":"2 minutos"},"schema":{"@context":"https:\/\/schema.org","@graph":[{"@type":"WebPage","@id":"https:\/\/meetgirl.ch\/branlette-espagnole-a-geneve\/","url":"https:\/\/meetgirl.ch\/branlette-espagnole-a-geneve\/","name":"Branlette Espagnole \u00e0 Gen\u00e8ve - Meetgirl - Anuncios er\u00f3ticos - Escorts, masajes y salones","isPartOf":{"@id":"https:\/\/meetgirl.ch\/#website"},"primaryImageOfPage":{"@id":"https:\/\/meetgirl.ch\/branlette-espagnole-a-geneve\/#primaryimage"},"image":{"@id":"https:\/\/meetgirl.ch\/branlette-espagnole-a-geneve\/#primaryimage"},"thumbnailUrl":"https:\/\/meetgirl.ch\/wp-content\/uploads\/2025\/02\/escort-fribourg.jpg","datePublished":"2025-06-28T12:18:18+00:00","dateModified":"2025-06-28T12:22:35+00:00","description":"Encuentra escorts pajas espa\u00f1olas en Ginebra en meetgirl.ch. Realiza tu fantas\u00eda con profesionales expertas","breadcrumb":{"@id":"https:\/\/meetgirl.ch\/branlette-espagnole-a-geneve\/#breadcrumb"},"inLanguage":"es","potentialAction":[{"@type":"ReadAction","target":["https:\/\/meetgirl.ch\/branlette-espagnole-a-geneve\/"]}]},{"@type":"ImageObject","inLanguage":"es","@id":"https:\/\/meetgirl.ch\/branlette-espagnole-a-geneve\/#primaryimage","url":"https:\/\/meetgirl.ch\/wp-content\/uploads\/2025\/02\/escort-fribourg.jpg","contentUrl":"https:\/\/meetgirl.ch\/wp-content\/uploads\/2025\/02\/escort-fribourg.jpg"},{"@type":"BreadcrumbList","@id":"https:\/\/meetgirl.ch\/branlette-espagnole-a-geneve\/#breadcrumb","itemListElement":[{"@type":"ListItem","position":1,"name":"Accueil","item":"https:\/\/meetgirl.ch\/"},{"@type":"ListItem","position":2,"name":"Branlette Espagnole \u00e0 Gen\u00e8ve"}]},{"@type":"WebSite","@id":"https:\/\/meetgirl.ch\/#website","url":"https:\/\/meetgirl.ch\/","name":"MeetGirl - Anuncios er\u00f3ticos Suiza - Escorts, masajes y salones","description":"Escorts y masajes er\u00f3ticos","publisher":{"@id":"https:\/\/meetgirl.ch\/#organization"},"alternateName":"Annuaire \u00e9rotique Suisse Escort \u00e0 Gen\u00e8ve, Lausanne, Valais, Neuch\u00e2tel","potentialAction":[{"@type":"SearchAction","target":{"@type":"EntryPoint","urlTemplate":"https:\/\/meetgirl.ch\/?s={search_term_string}"},"query-input":{"@type":"PropertyValueSpecification","valueRequired":true,"valueName":"search_term_string"}}],"inLanguage":"es"},{"@type":"Organization","@id":"https:\/\/meetgirl.ch\/#organization","name":"Escort y masaje er\u00f3tico","alternateName":"Meetgirl escortes et masseuses","url":"https:\/\/meetgirl.ch\/","logo":{"@type":"ImageObject","inLanguage":"es","@id":"https:\/\/meetgirl.ch\/#\/schema\/logo\/image\/","url":"https:\/\/meetgirl.ch\/wp-content\/uploads\/2024\/05\/cropped-meet-logo.png","contentUrl":"https:\/\/meetgirl.ch\/wp-content\/uploads\/2024\/05\/cropped-meet-logo.png","width":512,"height":512,"caption":"Escort et massage \u00e9rotique"},"image":{"@id":"https:\/\/meetgirl.ch\/#\/schema\/logo\/image\/"}}]}},"_links":{"self":[{"href":"https:\/\/meetgirl.ch\/es\/wp-json\/wp\/v2\/pages\/10174","targetHints":{"allow":["GET"]}}],"collection":[{"href":"https:\/\/meetgirl.ch\/es\/wp-json\/wp\/v2\/pages"}],"about":[{"href":"https:\/\/meetgirl.ch\/es\/wp-json\/wp\/v2\/types\/page"}],"author":[{"embeddable":true,"href":"https:\/\/meetgirl.ch\/es\/wp-json\/wp\/v2\/users\/3"}],"replies":[{"embeddable":true,"href":"https:\/\/meetgirl.ch\/es\/wp-json\/wp\/v2\/comments?post=10174"}],"version-history":[{"count":0,"href":"https:\/\/meetgirl.ch\/es\/wp-json\/wp\/v2\/pages\/10174\/revisions"}],"wp:attachment":[{"href":"https:\/\/meetgirl.ch\/es\/wp-json\/wp\/v2\/media?parent=10174"}],"curies":[{"name":"wp","href":"https:\/\/api.w.org\/{rel}","templated":true}]}}