{"id":10238,"date":"2025-06-28T13:27:24","date_gmt":"2025-06-28T13:27:24","guid":{"rendered":"https:\/\/meetgirl.ch\/?page_id=10238"},"modified":"2025-06-28T13:29:24","modified_gmt":"2025-06-28T13:29:24","slug":"escort-prostituta-en-lausana","status":"publish","type":"page","link":"https:\/\/meetgirl.ch\/es\/escort-prostituta-en-lausana\/","title":{"rendered":"Escort prostituta en Lausana"},"content":{"rendered":"<div data-elementor-type=\"wp-page\" data-elementor-id=\"10238\" class=\"elementor elementor-10238\">\n\t\t\t\t<div class=\"elementor-element elementor-element-40b57c4 e-flex e-con-boxed e-con e-parent\" data-id=\"40b57c4\" data-element_type=\"container\" data-settings=\"{&quot;jet_parallax_layout_list&quot;:[]}\">\n\t\t\t\t\t<div class=\"e-con-inner\">\n\t\t\t\t<div class=\"elementor-element elementor-element-5585874 elementor-widget elementor-widget-case27-listing-feed-widget\" data-id=\"5585874\" data-element_type=\"widget\" data-widget_type=\"case27-listing-feed-widget.default\">\n\t\t\t\t<div class=\"elementor-widget-container\">\n\t\t\t\t\t\t\t<section class=\"i-section listing-feed\">\r\n\t\t<div class=\"container-fluid\">\r\n\t\t\t<div class=\"row section-body grid\">\r\n\t\t\t\t\t\t\t\t\t<div class=\"col-lg-4 col-md-4 col-sm-6 col-xs-12 grid-item\"><div class=\"lf-item-container listing-preview type-independante c27-verified no-logo has-tagline no-info-fields level-promoted priority-2\" data-id=\"listing-id-16574\" data-category-icon=\"\t&lt;i class=&quot;mi bookmark_border&quot; style=&quot;color: #fff; background: #f67675; &quot;&gt;&lt;\/i&gt;\t\" data-category-color=\"#f67675\" data-category-text-color=\"#fff\" data-thumbnail=\"https:\/\/meetgirl.ch\/wp-content\/themes\/my-listing\/assets\/images\/marker.jpg\" data-marker=\"https:\/\/meetgirl.ch\/wp-content\/themes\/my-listing\/assets\/images\/marker.jpg\" data-template=\"default\" data-locations=\"[{&quot;address&quot;:&quot;Lausanne, canton de Vaud, Suisse&quot;,&quot;lat&quot;:&quot;46.52071&quot;,&quot;lng&quot;:&quot;6.63253&quot;}]\"\n><div class=\"lf-item lf-item-default\" data-template=\"default\"> <a href=\"https:\/\/meetgirl.ch\/es\/acompanantes-2\/sabrina-brune-chaude-italienne\/\"> <div class=\"overlay\" style=\" background-color: #242429; opacity: 0;\"><\/div> <div class=\"lf-background\" style=\"background-image: url('https:\/\/meetgirl.ch\/wp-content\/uploads\/2025\/11\/WhatsApp-Image-2025-11-12-at-09.05.40.jpeg');\"><\/div> <div class=\"lf-item-info\"> <h4 class=\"case27-primary-text listing-preview-title\"> Sabrina morena caliente italiana <img decoding=\"async\" height=\"18\" width=\"18\" alt=\"Listado verificado\" class=\"verified-listing\" src=\"https:\/\/meetgirl.ch\/wp-content\/themes\/my-listing\/assets\/images\/tick.svg\"> <\/h4> <\/div> <\/a> <div class=\"lf-head level-promoted\"> <span class=\"tooltip-element tooltip-bottom\"> <div class=\"lf-head-btn ad-badge\"> <span><i class=\"icon-flash\"><\/i><\/span> <\/div> <span class=\"tooltip-container\">Promocionado<\/span> <\/span> <\/div> <\/div> <div class=\"listing-details-3 c27-footer-section\"> <ul class=\"details-list no-list-style\"> <li class=\"\" > <span>Lausana <\/span> <\/li> <li class=\"\" > <span> <div class=\"codicts-online-status\"><span class=\"codicts-dot cdtsols-online\"><\/span> <span class=\"cdtsols-txt\">En l\u00ednea<\/span><\/div> <\/span> <\/li> <\/ul> <\/div> <div class=\"listing-details-3 c27-footer-section\"> <ul class=\"details-list no-list-style\"> <li class=\"\" > <span>dominaci\u00f3n dura y suave <\/span> <\/li> <\/ul> <\/div> <\/div><\/div>\t\t\t\t\t\t\t\t\t<div class=\"col-lg-4 col-md-4 col-sm-6 col-xs-12 grid-item\"><div class=\"lf-item-container listing-preview type-independante c27-verified no-logo has-tagline no-info-fields level-promoted priority-2\" data-id=\"listing-id-16551\" data-category-icon=\"\t&lt;i class=&quot;mi bookmark_border&quot; style=&quot;color: #fff; background: #f67675; &quot;&gt;&lt;\/i&gt;\t\" data-category-color=\"#f67675\" data-category-text-color=\"#fff\" data-thumbnail=\"https:\/\/meetgirl.ch\/wp-content\/themes\/my-listing\/assets\/images\/marker.jpg\" data-marker=\"https:\/\/meetgirl.ch\/wp-content\/themes\/my-listing\/assets\/images\/marker.jpg\" data-template=\"default\" data-locations=\"[{&quot;address&quot;:&quot;Rue De L&#039;industrie 7, 1005 Lausanne, Suisse&quot;,&quot;lat&quot;:&quot;46.52591&quot;,&quot;lng&quot;:&quot;6.63848&quot;}]\"\n><div class=\"lf-item lf-item-default\" data-template=\"default\"> <a href=\"https:\/\/meetgirl.ch\/es\/acompanantes-2\/diana-5\/\"> <div class=\"overlay\" style=\" background-color: #242429; opacity: 0;\"><\/div> <div class=\"lf-background\" style=\"background-image: url('https:\/\/meetgirl.ch\/wp-content\/uploads\/listing-uploads\/cover\/2025\/11\/Snapchat-19137046793.jpg');\"><\/div> <div class=\"lf-item-info\"> <h4 class=\"case27-primary-text listing-preview-title\"> Diana <img decoding=\"async\" height=\"18\" width=\"18\" alt=\"Listado verificado\" class=\"verified-listing\" src=\"https:\/\/meetgirl.ch\/wp-content\/themes\/my-listing\/assets\/images\/tick.svg\"> <\/h4> <\/div> <\/a> <div class=\"lf-head level-promoted\"> <span class=\"tooltip-element tooltip-bottom\"> <div class=\"lf-head-btn ad-badge\"> <span><i class=\"icon-flash\"><\/i><\/span> <\/div> <span class=\"tooltip-container\">Promocionado<\/span> <\/span> <\/div> <\/div> <div class=\"listing-details-3 c27-footer-section\"> <ul class=\"details-list no-list-style\"> <li class=\"\" > <span>Lausana <\/span> <\/li> <li class=\"\" > <span> <div class=\"codicts-online-status\"><span class=\"codicts-dot cdtsols-offline\"><\/span> <span class=\"cdtsols-txt\">-24H<\/span><\/div> <\/span> <\/li> <\/ul> <\/div> <div class=\"listing-details-3 c27-footer-section\"> <ul class=\"details-list no-list-style\"> <li class=\"\" > <span>caluroso y h\u00famedo <\/span> <\/li> <\/ul> <\/div> <\/div><\/div>\t\t\t\t\t\t\t\t\t<div class=\"col-lg-4 col-md-4 col-sm-6 col-xs-12 grid-item\"><div class=\"lf-item-container listing-preview type-independante no-logo has-tagline no-info-fields level-promoted priority-2\" data-id=\"listing-id-15816\" data-category-icon=\"\t&lt;i class=&quot;mi bookmark_border&quot; style=&quot;color: #fff; background: #f67675; &quot;&gt;&lt;\/i&gt;\t\" data-category-color=\"#f67675\" data-category-text-color=\"#fff\" data-thumbnail=\"https:\/\/meetgirl.ch\/wp-content\/themes\/my-listing\/assets\/images\/marker.jpg\" data-marker=\"https:\/\/meetgirl.ch\/wp-content\/themes\/my-listing\/assets\/images\/marker.jpg\" data-template=\"default\" data-locations=\"[{&quot;address&quot;:&quot;Lausanne, canton de Vaud, Suisse&quot;,&quot;lat&quot;:&quot;46.52071&quot;,&quot;lng&quot;:&quot;6.63253&quot;}]\"\n><div class=\"lf-item lf-item-default\" data-template=\"default\"> <a href=\"https:\/\/meetgirl.ch\/es\/acompanantes-2\/tyha\/\"> <div class=\"overlay\" style=\" background-color: #242429; opacity: 0;\"><\/div> <div class=\"lf-background\" style=\"background-image: url('https:\/\/meetgirl.ch\/wp-content\/uploads\/listing-uploads\/cover\/2025\/10\/IMG-20241129-WA0192-768x940.jpg');\"><\/div> <div class=\"lf-item-info\"> <h4 class=\"case27-primary-text listing-preview-title\"> Tyha <\/h4> <\/div> <\/a> <div class=\"lf-head level-promoted\"> <span class=\"tooltip-element tooltip-bottom\"> <div class=\"lf-head-btn ad-badge\"> <span><i class=\"icon-flash\"><\/i><\/span> <\/div> <span class=\"tooltip-container\">Promocionado<\/span> <\/span> <\/div> <\/div> <div class=\"listing-details-3 c27-footer-section\"> <ul class=\"details-list no-list-style\"> <li class=\"\" > <span>Lausana <\/span> <\/li> <li class=\"\" > <span> <div class=\"codicts-online-status\"><span class=\"codicts-dot cdtsols-offline\"><\/span> <span class=\"cdtsols-txt\">-24H<\/span><\/div> <\/span> <\/li> <\/ul> <\/div> <div class=\"listing-details-3 c27-footer-section\"> <ul class=\"details-list no-list-style\"> <li class=\"\" > <span>Nena caliente <\/span> <\/li> <\/ul> <\/div> <\/div><\/div>\t\t\t\t\t\t\t<\/div>\r\n\t\t<\/div>\r\n\t<\/section>\r\n\r\n\t\t\t\t<\/div>\n\t\t\t\t<\/div>\n\t\t\t\t\t<\/div>\n\t\t\t\t<\/div>\n\t\t<div class=\"elementor-element elementor-element-609871b e-flex e-con-boxed e-con e-parent\" data-id=\"609871b\" data-element_type=\"container\" data-settings=\"{&quot;jet_parallax_layout_list&quot;:[]}\">\n\t\t\t\t\t<div class=\"e-con-inner\">\n\t\t\t\t<div class=\"elementor-element elementor-element-2444002 elementor-widget elementor-widget-text-editor\" data-id=\"2444002\" data-element_type=\"widget\" data-widget_type=\"text-editor.default\">\n\t\t\t\t<div class=\"elementor-widget-container\">\n\t\t\t\t\t\t\t\t\t<h1 data-start=\"184\" data-end=\"283\"><span style=\"color: #ffffff;\">Escort Prostituta en Lausana : C\u00f3mo encontrar una prostituta para una experiencia er\u00f3tica \u00fanica<\/span><\/h1><h2 data-start=\"285\" data-end=\"339\"><span style=\"color: #ffffff;\">\u00bfPor qu\u00e9 elegir una prostituta escort en Lausana?<\/span><\/h2><p data-start=\"341\" data-end=\"738\"><span style=\"color: #ffffff;\">En la din\u00e1mica ciudad de Lausana, muchas personas eligen prostitutas escorts para satisfacer necesidades \u00edntimas o emocionales, o simplemente para disfrutar de una experiencia sin restricciones. Recurrir a una prostituta escort te permite explorar tus deseos sin las complicaciones de las relaciones tradicionales, ofreci\u00e9ndote un espacio de libertad donde las expectativas son claras y respetadas.<\/span><\/p><p data-start=\"740\" data-end=\"1042\"><span style=\"color: #ffffff;\">Las escorts de Lausana suelen ofrecer servicios personalizados, que van desde la simple compa\u00f1\u00eda hasta encuentros m\u00e1s apasionados adaptados a los deseos individuales. Permiten a sus clientes vivir momentos a medida, con total discreci\u00f3n y seguridad, dentro de un marco legal estrictamente respetado.<\/span><\/p><h2 data-start=\"1044\" data-end=\"1119\"><span style=\"color: #ffffff;\">\u00bfC\u00f3mo puedo concertar una cita con una escort prostituta en Lausana?<\/span><\/h2><h3 data-start=\"1121\" data-end=\"1159\"><span style=\"color: #ffffff;\">Elegir la prostituta de compa\u00f1\u00eda adecuada<\/span><\/h3><p data-start=\"1161\" data-end=\"1404\"><span style=\"color: #ffffff;\">El primer paso es seleccionar a la escort que se ajuste a sus expectativas: estilo, servicios ofrecidos, tarifas y disponibilidad. Dedicar tiempo a mirar los perfiles, las fotos y las rese\u00f1as le ayudar\u00e1 a tomar una decisi\u00f3n informada y satisfactoria.<\/span><\/p><h3 data-start=\"1406\" data-end=\"1438\"><span style=\"color: #ffffff;\">Comunicaci\u00f3n y reservas<\/span><\/h3><p data-start=\"1440\" data-end=\"1730\"><span style=\"color: #ffffff;\">Es esencial mantener una conversaci\u00f3n respetuosa y clara con el acompa\u00f1ante para definir los servicios requeridos, las condiciones y asegurarse de que todo se ajusta a sus deseos. La discreci\u00f3n debe ser siempre una prioridad, con canales de comunicaci\u00f3n seguros (tel\u00e9fono privado, mensajer\u00eda encriptada).<\/span><\/p><h3 data-start=\"1732\" data-end=\"1771\"><span style=\"color: #ffffff;\">Consejos para una cita con \u00e9xito<\/span><\/h3><p data-start=\"1773\" data-end=\"1995\"><span style=\"color: #ffffff;\">Elige un lugar neutral o tu propia casa para garantizar la comodidad y la seguridad. Respete las normas de higiene y consentimiento mutuo. Estas precauciones garantizar\u00e1n una experiencia agradable y sin estr\u00e9s para ambas partes.<\/span><\/p><h2 data-start=\"1997\" data-end=\"2052\"><span style=\"color: #ffffff;\">Servicios que ofrecen las prostitutas en Lausana<\/span><\/h2><p data-start=\"2054\" data-end=\"2158\"><span style=\"color: #ffffff;\">Los acompa\u00f1antes de Lausana ofrecen una amplia gama de servicios adaptados a las preferencias de sus clientes:<\/span><\/p><ul data-start=\"2160\" data-end=\"2476\"><li data-start=\"2160\" data-end=\"2243\"><p data-start=\"2162\" data-end=\"2243\"><span style=\"color: #ffffff;\"><strong data-start=\"2162\" data-end=\"2175\">Sexo oral<\/strong> Un servicio a menudo favorecido por su intimidad y complicidad.<\/span><\/p><\/li><li data-start=\"2244\" data-end=\"2358\"><p data-start=\"2246\" data-end=\"2358\"><span style=\"color: #ffffff;\"><strong data-start=\"2246\" data-end=\"2266\">Masaje er\u00f3tico<\/strong> Combina relajaci\u00f3n y estimulaci\u00f3n sensual, perfecto para desconectar y despertar los sentidos.<\/span><\/p><\/li><li data-start=\"2359\" data-end=\"2476\"><p data-start=\"2361\" data-end=\"2476\"><span style=\"color: #ffffff;\"><strong data-start=\"2361\" data-end=\"2386\">Pr\u00e1cticas espec\u00edficas<\/strong> La mejor manera de conocerse es hablar y ponerse de acuerdo antes del encuentro, por ejemplo sobre el sexo anal u otras fantas\u00edas.<\/span><\/p><\/li><\/ul><p data-start=\"2478\" data-end=\"2602\"><span style=\"color: #ffffff;\">Es aconsejable comprobar de antemano qu\u00e9 servicios est\u00e1n disponibles a trav\u00e9s de las descripciones de los perfiles o durante el contacto inicial.<\/span><\/p><h2 data-start=\"2604\" data-end=\"2659\"><span style=\"color: #ffffff;\">Los diferentes tipos de prostitutas de compa\u00f1\u00eda en Lausana<\/span><\/h2><p data-start=\"2661\" data-end=\"2785\"><span style=\"color: #ffffff;\">Lausana alberga una gran variedad de prostitutas escorts, que ofrecen una gran riqueza cultural y una gran variedad de experiencias:<\/span><\/p><h3 data-start=\"2787\" data-end=\"2807\"><span style=\"color: #ffffff;\">Acompa\u00f1antes suizos<\/span><\/h3><p data-start=\"2809\" data-end=\"2942\"><span style=\"color: #ffffff;\">Reconocidos por su discreci\u00f3n y profesionalidad, ofrecen una experiencia aut\u00e9ntica acorde con las normas locales.<\/span><\/p><h3 data-start=\"2944\" data-end=\"2972\"><span style=\"color: #ffffff;\">Escorts internacionales<\/span><\/h3><p data-start=\"2974\" data-end=\"3116\"><span style=\"color: #ffffff;\">Los or\u00edgenes franceses, latinos, eslavos y otros est\u00e1n presentes, aportando encanto, diversidad y una variedad de estilos para todos los gustos.<\/span><\/p>\t\t\t\t\t\t\t\t<\/div>\n\t\t\t\t<\/div>\n\t\t\t\t\t<\/div>\n\t\t\t\t<\/div>\n\t\t\t\t<\/div>","protected":false},"excerpt":{"rendered":"<p>Escort Prostitu\u00e9e \u00e0 Lausanne : Comment Trouver une Prostitu\u00e9e pour une Exp\u00e9rience \u00c9rotique Unique Pourquoi Choisir une Escort Prostitu\u00e9e \u00e0 Lausanne ? Dans la dynamique ville de Lausanne, de nombreuses personnes choisissent les escortes prostitu\u00e9es pour r\u00e9pondre \u00e0 des besoins intimes, \u00e9motionnels ou simplement pour vivre une exp\u00e9rience sans contraintes. Faire appel \u00e0 une escort [&hellip;]<\/p>","protected":false},"author":3,"featured_media":0,"parent":0,"menu_order":0,"comment_status":"closed","ping_status":"closed","template":"","meta":{"footnotes":""},"class_list":["post-10238","page","type-page","status-publish","hentry"],"acf":[],"yoast_head":"<!-- This site is optimized with the Yoast SEO plugin v26.0 - https:\/\/yoast.com\/wordpress\/plugins\/seo\/ -->\n<title>Escort prostitu\u00e9e \u00e0 Lausanne - Meetgirl - Annonces \u00e9rotiques - Escorts, massages et salons<\/title>\n<meta name=\"description\" content=\"Trouvez une escort prostitu\u00e9e \u00e0 Lausanne pour une exp\u00e9rience \u00e9rotique sur mesure, en toute s\u00e9curit\u00e9 et discr\u00e9tion.\" \/>\n<meta name=\"robots\" content=\"index, follow, max-snippet:-1, max-image-preview:large, max-video-preview:-1\" \/>\n<link rel=\"canonical\" href=\"https:\/\/meetgirl.ch\/es\/escort-prostituta-en-lausana\/\" \/>\n<meta property=\"og:locale\" content=\"es_ES\" \/>\n<meta property=\"og:type\" content=\"article\" \/>\n<meta property=\"og:title\" content=\"Escort prostitu\u00e9e \u00e0 Lausanne - Meetgirl - Annonces \u00e9rotiques - Escorts, massages et salons\" \/>\n<meta property=\"og:description\" content=\"Trouvez une escort prostitu\u00e9e \u00e0 Lausanne pour une exp\u00e9rience \u00e9rotique sur mesure, en toute s\u00e9curit\u00e9 et discr\u00e9tion.\" \/>\n<meta property=\"og:url\" content=\"https:\/\/meetgirl.ch\/es\/escort-prostituta-en-lausana\/\" \/>\n<meta property=\"og:site_name\" content=\"Meetgirl - Annonces \u00e9rotiques - Escorts, massages et salons\" \/>\n<meta property=\"article:modified_time\" content=\"2025-06-28T13:29:24+00:00\" \/>\n<meta property=\"og:image\" content=\"https:\/\/meetgirl.ch\/wp-content\/uploads\/2025\/03\/meetgirl-yoast.jpg\" \/>\n\t<meta property=\"og:image:width\" content=\"1200\" \/>\n\t<meta property=\"og:image:height\" content=\"675\" \/>\n\t<meta property=\"og:image:type\" content=\"image\/jpeg\" \/>\n<meta name=\"twitter:card\" content=\"summary_large_image\" \/>\n<meta name=\"twitter:label1\" content=\"Tiempo de lectura\" \/>\n\t<meta name=\"twitter:data1\" content=\"3 minutos\" \/>\n<script type=\"application\/ld+json\" class=\"yoast-schema-graph\">{\"@context\":\"https:\/\/schema.org\",\"@graph\":[{\"@type\":\"WebPage\",\"@id\":\"https:\/\/meetgirl.ch\/escort-prostituee-a-lausanne\/\",\"url\":\"https:\/\/meetgirl.ch\/escort-prostituee-a-lausanne\/\",\"name\":\"Escort prostitu\u00e9e \u00e0 Lausanne - Meetgirl - Annonces \u00e9rotiques - Escorts, massages et salons\",\"isPartOf\":{\"@id\":\"https:\/\/meetgirl.ch\/#website\"},\"datePublished\":\"2025-06-28T13:27:24+00:00\",\"dateModified\":\"2025-06-28T13:29:24+00:00\",\"description\":\"Trouvez une escort prostitu\u00e9e \u00e0 Lausanne pour une exp\u00e9rience \u00e9rotique sur mesure, en toute s\u00e9curit\u00e9 et discr\u00e9tion.\",\"breadcrumb\":{\"@id\":\"https:\/\/meetgirl.ch\/escort-prostituee-a-lausanne\/#breadcrumb\"},\"inLanguage\":\"es\",\"potentialAction\":[{\"@type\":\"ReadAction\",\"target\":[\"https:\/\/meetgirl.ch\/escort-prostituee-a-lausanne\/\"]}]},{\"@type\":\"BreadcrumbList\",\"@id\":\"https:\/\/meetgirl.ch\/escort-prostituee-a-lausanne\/#breadcrumb\",\"itemListElement\":[{\"@type\":\"ListItem\",\"position\":1,\"name\":\"Accueil\",\"item\":\"https:\/\/meetgirl.ch\/\"},{\"@type\":\"ListItem\",\"position\":2,\"name\":\"Escort prostitu\u00e9e \u00e0 Lausanne\"}]},{\"@type\":\"WebSite\",\"@id\":\"https:\/\/meetgirl.ch\/#website\",\"url\":\"https:\/\/meetgirl.ch\/\",\"name\":\"MeetGirl - Annonces \u00e9rotiques Suisse - Escorts, massages et salons\",\"description\":\"Escorts et massages \u00e9rotiques\",\"publisher\":{\"@id\":\"https:\/\/meetgirl.ch\/#organization\"},\"alternateName\":\"Annuaire \u00e9rotique Suisse Escort \u00e0 Gen\u00e8ve, Lausanne, Valais, Neuch\u00e2tel\",\"potentialAction\":[{\"@type\":\"SearchAction\",\"target\":{\"@type\":\"EntryPoint\",\"urlTemplate\":\"https:\/\/meetgirl.ch\/?s={search_term_string}\"},\"query-input\":{\"@type\":\"PropertyValueSpecification\",\"valueRequired\":true,\"valueName\":\"search_term_string\"}}],\"inLanguage\":\"es\"},{\"@type\":\"Organization\",\"@id\":\"https:\/\/meetgirl.ch\/#organization\",\"name\":\"Escort et massage \u00e9rotique\",\"alternateName\":\"Meetgirl escortes et masseuses\",\"url\":\"https:\/\/meetgirl.ch\/\",\"logo\":{\"@type\":\"ImageObject\",\"inLanguage\":\"es\",\"@id\":\"https:\/\/meetgirl.ch\/#\/schema\/logo\/image\/\",\"url\":\"https:\/\/meetgirl.ch\/wp-content\/uploads\/2024\/05\/cropped-meet-logo.png\",\"contentUrl\":\"https:\/\/meetgirl.ch\/wp-content\/uploads\/2024\/05\/cropped-meet-logo.png\",\"width\":512,\"height\":512,\"caption\":\"Escort et massage \u00e9rotique\"},\"image\":{\"@id\":\"https:\/\/meetgirl.ch\/#\/schema\/logo\/image\/\"}}]}<\/script>\n<!-- \/ Yoast SEO plugin. -->","yoast_head_json":{"title":"Escort prostituta en Lausana - Meetgirl - Anuncios er\u00f3ticos - Escorts, masajes y salones","description":"Encuentre una prostituta escort en Lausana para vivir una experiencia er\u00f3tica a su medida, con total seguridad y discreci\u00f3n.","robots":{"index":"index","follow":"follow","max-snippet":"max-snippet:-1","max-image-preview":"max-image-preview:large","max-video-preview":"max-video-preview:-1"},"canonical":"https:\/\/meetgirl.ch\/es\/escort-prostituta-en-lausana\/","og_locale":"es_ES","og_type":"article","og_title":"Escort prostitu\u00e9e \u00e0 Lausanne - Meetgirl - Annonces \u00e9rotiques - Escorts, massages et salons","og_description":"Trouvez une escort prostitu\u00e9e \u00e0 Lausanne pour une exp\u00e9rience \u00e9rotique sur mesure, en toute s\u00e9curit\u00e9 et discr\u00e9tion.","og_url":"https:\/\/meetgirl.ch\/es\/escort-prostituta-en-lausana\/","og_site_name":"Meetgirl - Annonces \u00e9rotiques - Escorts, massages et salons","article_modified_time":"2025-06-28T13:29:24+00:00","og_image":[{"width":1200,"height":675,"url":"https:\/\/meetgirl.ch\/wp-content\/uploads\/2025\/03\/meetgirl-yoast.jpg","type":"image\/jpeg"}],"twitter_card":"summary_large_image","twitter_misc":{"Tiempo de lectura":"3 minutos"},"schema":{"@context":"https:\/\/schema.org","@graph":[{"@type":"WebPage","@id":"https:\/\/meetgirl.ch\/escort-prostituee-a-lausanne\/","url":"https:\/\/meetgirl.ch\/escort-prostituee-a-lausanne\/","name":"Escort prostituta en Lausana - Meetgirl - Anuncios er\u00f3ticos - Escorts, masajes y salones","isPartOf":{"@id":"https:\/\/meetgirl.ch\/#website"},"datePublished":"2025-06-28T13:27:24+00:00","dateModified":"2025-06-28T13:29:24+00:00","description":"Encuentre una prostituta escort en Lausana para vivir una experiencia er\u00f3tica a su medida, con total seguridad y discreci\u00f3n.","breadcrumb":{"@id":"https:\/\/meetgirl.ch\/escort-prostituee-a-lausanne\/#breadcrumb"},"inLanguage":"es","potentialAction":[{"@type":"ReadAction","target":["https:\/\/meetgirl.ch\/escort-prostituee-a-lausanne\/"]}]},{"@type":"BreadcrumbList","@id":"https:\/\/meetgirl.ch\/escort-prostituee-a-lausanne\/#breadcrumb","itemListElement":[{"@type":"ListItem","position":1,"name":"Accueil","item":"https:\/\/meetgirl.ch\/"},{"@type":"ListItem","position":2,"name":"Escort prostitu\u00e9e \u00e0 Lausanne"}]},{"@type":"WebSite","@id":"https:\/\/meetgirl.ch\/#website","url":"https:\/\/meetgirl.ch\/","name":"MeetGirl - Anuncios er\u00f3ticos Suiza - Escorts, masajes y salones","description":"Escorts y masajes er\u00f3ticos","publisher":{"@id":"https:\/\/meetgirl.ch\/#organization"},"alternateName":"Annuaire \u00e9rotique Suisse Escort \u00e0 Gen\u00e8ve, Lausanne, Valais, Neuch\u00e2tel","potentialAction":[{"@type":"SearchAction","target":{"@type":"EntryPoint","urlTemplate":"https:\/\/meetgirl.ch\/?s={search_term_string}"},"query-input":{"@type":"PropertyValueSpecification","valueRequired":true,"valueName":"search_term_string"}}],"inLanguage":"es"},{"@type":"Organization","@id":"https:\/\/meetgirl.ch\/#organization","name":"Escort y masaje er\u00f3tico","alternateName":"Meetgirl escortes et masseuses","url":"https:\/\/meetgirl.ch\/","logo":{"@type":"ImageObject","inLanguage":"es","@id":"https:\/\/meetgirl.ch\/#\/schema\/logo\/image\/","url":"https:\/\/meetgirl.ch\/wp-content\/uploads\/2024\/05\/cropped-meet-logo.png","contentUrl":"https:\/\/meetgirl.ch\/wp-content\/uploads\/2024\/05\/cropped-meet-logo.png","width":512,"height":512,"caption":"Escort et massage \u00e9rotique"},"image":{"@id":"https:\/\/meetgirl.ch\/#\/schema\/logo\/image\/"}}]}},"_links":{"self":[{"href":"https:\/\/meetgirl.ch\/es\/wp-json\/wp\/v2\/pages\/10238","targetHints":{"allow":["GET"]}}],"collection":[{"href":"https:\/\/meetgirl.ch\/es\/wp-json\/wp\/v2\/pages"}],"about":[{"href":"https:\/\/meetgirl.ch\/es\/wp-json\/wp\/v2\/types\/page"}],"author":[{"embeddable":true,"href":"https:\/\/meetgirl.ch\/es\/wp-json\/wp\/v2\/users\/3"}],"replies":[{"embeddable":true,"href":"https:\/\/meetgirl.ch\/es\/wp-json\/wp\/v2\/comments?post=10238"}],"version-history":[{"count":0,"href":"https:\/\/meetgirl.ch\/es\/wp-json\/wp\/v2\/pages\/10238\/revisions"}],"wp:attachment":[{"href":"https:\/\/meetgirl.ch\/es\/wp-json\/wp\/v2\/media?parent=10238"}],"curies":[{"name":"wp","href":"https:\/\/api.w.org\/{rel}","templated":true}]}}