{"id":10547,"date":"2025-07-06T10:39:20","date_gmt":"2025-07-06T10:39:20","guid":{"rendered":"https:\/\/meetgirl.ch\/?page_id=10547"},"modified":"2025-07-06T10:41:16","modified_gmt":"2025-07-06T10:41:16","slug":"desfiladero-profonde-lausana","status":"publish","type":"page","link":"https:\/\/meetgirl.ch\/es\/desfiladero-profonde-lausana\/","title":{"rendered":"desfiladero profonde lausana"},"content":{"rendered":"<div data-elementor-type=\"wp-page\" data-elementor-id=\"10547\" class=\"elementor elementor-10547\">\n\t\t\t\t<div class=\"elementor-element elementor-element-85d3eaa e-flex e-con-boxed e-con e-parent\" data-id=\"85d3eaa\" data-element_type=\"container\" data-settings=\"{&quot;jet_parallax_layout_list&quot;:[]}\">\n\t\t\t\t\t<div class=\"e-con-inner\">\n\t\t\t\t<div class=\"elementor-element elementor-element-d373de3 elementor-widget elementor-widget-case27-listing-feed-widget\" data-id=\"d373de3\" data-element_type=\"widget\" data-widget_type=\"case27-listing-feed-widget.default\">\n\t\t\t\t<div class=\"elementor-widget-container\">\n\t\t\t\t\t\t\t<section class=\"i-section listing-feed\">\r\n\t\t<div class=\"container-fluid\">\r\n\t\t\t<div class=\"row section-body grid\">\r\n\t\t\t\t\t\t\t\t\t<div class=\"col-lg-4 col-md-4 col-sm-6 col-xs-12 grid-item\"><div class=\"lf-item-container listing-preview type-independante c27-verified no-logo has-tagline no-info-fields level-promoted priority-2\" data-id=\"listing-id-16551\" data-category-icon=\"\t&lt;i class=&quot;mi bookmark_border&quot; style=&quot;color: #fff; background: #f67675; &quot;&gt;&lt;\/i&gt;\t\" data-category-color=\"#f67675\" data-category-text-color=\"#fff\" data-thumbnail=\"https:\/\/meetgirl.ch\/wp-content\/themes\/my-listing\/assets\/images\/marker.jpg\" data-marker=\"https:\/\/meetgirl.ch\/wp-content\/themes\/my-listing\/assets\/images\/marker.jpg\" data-template=\"default\" data-locations=\"[{&quot;address&quot;:&quot;Rue De L&#039;industrie 7, 1005 Lausanne, Suisse&quot;,&quot;lat&quot;:&quot;46.52591&quot;,&quot;lng&quot;:&quot;6.63848&quot;}]\"\n><div class=\"lf-item lf-item-default\" data-template=\"default\"> <a href=\"https:\/\/meetgirl.ch\/en\/escorts-2\/diana-5\/\"> <div class=\"overlay\" style=\" background-color: #242429; opacity: 0;\"><\/div> <div class=\"lf-background\" style=\"background-image: url('https:\/\/meetgirl.ch\/wp-content\/uploads\/listing-uploads\/cover\/2025\/11\/Snapchat-19137046793.jpg');\"><\/div> <div class=\"lf-item-info\"> <h4 class=\"case27-primary-text listing-preview-title\"> Diana <img decoding=\"async\" height=\"18\" width=\"18\" alt=\"Verified listing\" class=\"verified-listing\" src=\"https:\/\/meetgirl.ch\/wp-content\/themes\/my-listing\/assets\/images\/tick.svg\" data-no-translation-alt=\"\"> <\/h4> <\/div> <\/a> <div class=\"lf-head level-promoted\"> <span class=\"tooltip-element tooltip-bottom\"> <div class=\"lf-head-btn ad-badge\"> <span><i class=\"icon-flash\"><\/i><\/span> <\/div> <span class=\"tooltip-container\" data-no-translation=\"\" data-trp-gettext=\"\">Promoted<\/span> <\/span> <\/div> <\/div> <div class=\"listing-details-3 c27-footer-section\"> <ul class=\"details-list no-list-style\"> <li class=\"\" > <span>Rue De L&#039;industrie 7 <\/span> <\/li> <li class=\"\" > <span> <div class=\"codicts-online-status\"><span class=\"codicts-dot cdtsols-offline\"><\/span> <span class=\"cdtsols-txt\">-Online-8H<\/span><\/div> <\/span> <\/li> <\/ul> <\/div> <div class=\"listing-details-3 c27-footer-section\"> <ul class=\"details-list no-list-style\"> <li class=\"\" > <span>caluroso y h\u00famedo <\/span> <\/li> <\/ul> <\/div> <\/div><\/div>\t\t\t\t\t\t\t\t\t<div class=\"col-lg-4 col-md-4 col-sm-6 col-xs-12 grid-item\"><div class=\"lf-item-container listing-preview type-independante c27-verified no-logo has-tagline no-info-fields level-promoted priority-2\" data-id=\"listing-id-7183\" data-category-icon=\"\t&lt;i class=&quot;mi bookmark_border&quot; style=&quot;color: #fff; background: #f67675; &quot;&gt;&lt;\/i&gt;\t\" data-category-color=\"#f67675\" data-category-text-color=\"#fff\" data-thumbnail=\"https:\/\/meetgirl.ch\/wp-content\/themes\/my-listing\/assets\/images\/marker.jpg\" data-marker=\"https:\/\/meetgirl.ch\/wp-content\/themes\/my-listing\/assets\/images\/marker.jpg\" data-template=\"default\" data-locations=\"[{&quot;address&quot;:&quot;Placette Du Tunnel, 1005 Lausanne, Suisse&quot;,&quot;lat&quot;:&quot;46.52555&quot;,&quot;lng&quot;:&quot;6.63648&quot;}]\"\n><div class=\"lf-item lf-item-default\" data-template=\"default\"> <a href=\"https:\/\/meetgirl.ch\/es\/acompanantes-2\/camilla\/\"> <div class=\"overlay\" style=\" background-color: #242429; opacity: 0;\"><\/div> <div class=\"lf-background\" style=\"background-image: url('https:\/\/meetgirl.ch\/wp-content\/uploads\/listing-uploads\/cover\/2025\/06\/WhatsApp-Image-2025-06-13-at-12.52.161.jpeg');\"><\/div> <div class=\"lf-item-info\"> <h4 class=\"case27-primary-text listing-preview-title\"> Camilla escort <img decoding=\"async\" height=\"18\" width=\"18\" alt=\"Listado verificado\" class=\"verified-listing\" src=\"https:\/\/meetgirl.ch\/wp-content\/themes\/my-listing\/assets\/images\/tick.svg\"> <\/h4> <\/div> <\/a> <div class=\"lf-head level-promoted\"> <span class=\"tooltip-element tooltip-bottom\"> <div class=\"lf-head-btn ad-badge\"> <span><i class=\"icon-flash\"><\/i><\/span> <\/div> <span class=\"tooltip-container\">Promocionado<\/span> <\/span> <\/div> <\/div> <div class=\"listing-details-3 c27-footer-section\"> <ul class=\"details-list no-list-style\"> <li class=\"\" > <span>Placette Du Tunnel <\/span> <\/li> <li class=\"\" > <span> <div class=\"codicts-online-status\"><span class=\"codicts-dot cdtsols-offline\"><\/span> <span class=\"cdtsols-txt\">-Online-8H<\/span><\/div> <\/span> <\/li> <\/ul> <\/div> <div class=\"listing-details-3 c27-footer-section\"> <ul class=\"details-list no-list-style\"> <li class=\"\" > <span>Super sexy y sensual <\/span> <\/li> <\/ul> <\/div> <\/div><\/div>\t\t\t\t\t\t\t<\/div>\r\n\t\t<\/div>\r\n\t<\/section>\r\n\r\n\t\t\t\t<\/div>\n\t\t\t\t<\/div>\n\t\t\t\t\t<\/div>\n\t\t\t\t<\/div>\n\t\t<div class=\"elementor-element elementor-element-df45a8e e-flex e-con-boxed e-con e-parent\" data-id=\"df45a8e\" data-element_type=\"container\" data-settings=\"{&quot;jet_parallax_layout_list&quot;:[]}\">\n\t\t\t\t\t<div class=\"e-con-inner\">\n\t\t\t\t<div class=\"elementor-element elementor-element-130c1bf elementor-widget elementor-widget-text-editor\" data-id=\"130c1bf\" data-element_type=\"widget\" data-widget_type=\"text-editor.default\">\n\t\t\t\t<div class=\"elementor-widget-container\">\n\t\t\t\t\t\t\t\t\t<div style=\"color: white; font-family: Arial, sans-serif; line-height: 1.6;\">\n<h1 style=\"font-size: 32px; font-weight: bold; text-align: center; color: #ff6f61;\">Garganta Profunda en Lausana: una experiencia oral extraordinaria<\/h1>\n<h2 style=\"font-size: 28px; font-weight: bold; color: #ff6f61;\">Pr\u00e1cticas intensas con acompa\u00f1antes expertos<\/h2>\n<p>\u00bfSue\u00f1a con una felaci\u00f3n profunda, fluida y totalmente controlada? En Lausana, varias escorts especializadas en sexo oral de garganta profunda le ofrecen una experiencia inolvidable, donde el placer y la intensidad se encuentran sin tab\u00faes.<\/p>\n<h2 style=\"font-size: 28px; font-weight: bold; color: #ff6f61;\">\u00bfQu\u00e9 es exactamente la garganta profunda?<\/h2>\n<p>La garganta profunda es una t\u00e9cnica avanzada de sexo oral en la que el pene se introduce profundamente en la boca, hasta la garganta, sin ning\u00fan reflejo nauseoso. En Lausana, las escorts experimentadas lo realizan con destreza, respetando tu ritmo y tus deseos.<\/p>\n<h2 style=\"font-size: 28px; font-weight: bold; color: #ff6f61;\">Las sensaciones \u00fanicas de la garganta profunda en Lausana<\/h2>\n<p>Cuando esta pr\u00e1ctica se domina, proporciona una estimulaci\u00f3n excepcional, tanto f\u00edsica como mental. Gracias a un control preciso de la respiraci\u00f3n, los movimientos y la succi\u00f3n, las escorts te ofrecen un momento de abandono total.<\/p>\n<h3 style=\"font-size: 24px; font-weight: bold; color: #ff6f61;\">Experiencia poco com\u00fan en un entorno refinado<\/h3>\n<p>La garganta profunda requiere una t\u00e9cnica sutil y mucha experiencia. En Lausana, en barrios discretos como <strong>Ouchy<\/strong>, <strong>Montbenon<\/strong> o <strong>La Sallaz<\/strong>Las escorts que prestan este servicio le reciben en un entorno c\u00f3modo y cuidado.<\/p>\n<h2 style=\"font-size: 28px; font-weight: bold; color: #ff6f61;\">\u00bfPor qu\u00e9 elegir una escort de garganta profunda en Lausana?<\/h2>\n<p>Recurrir a los servicios de una escort especializada le permitir\u00e1 explorar esta fantas\u00eda con total libertad, sin verg\u00fcenza ni presi\u00f3n. Estas profesionales saben adaptar su ritmo, su t\u00e9cnica y su compromiso para ofrecerle una experiencia a su medida.<\/p>\n<h2 style=\"font-size: 28px; font-weight: bold; color: #ff6f61;\">meetgirl.ch: su referencia para garganta profunda en Lausana<\/h2>\n<p>Visite <strong>meetgirl.ch<\/strong>Aqu\u00ed encontrar\u00e1s una selecci\u00f3n de escorts en Lausana que ofrecen garganta profunda con pasi\u00f3n y experiencia. Fotos verificadas, servicios claros, perfiles detallados: puedes elegir con confianza.<\/p>\n<h3 style=\"font-size: 24px; font-weight: bold; color: #ff6f61;\">Reg\u00e1late un momento de intenso placer<\/h3>\n<p>Belleza, elegancia, atenci\u00f3n y t\u00e9cnica: las escorts de Lausana tienen todos los ingredientes para hacer realidad su fantas\u00eda. Reserve ahora para vivir una memorable sesi\u00f3n de garganta profunda.<\/p>\n<\/div>\t\t\t\t\t\t\t\t<\/div>\n\t\t\t\t<\/div>\n\t\t\t\t\t<\/div>\n\t\t\t\t<\/div>\n\t\t\t\t<\/div>","protected":false},"excerpt":{"rendered":"<p>Garganta profunda en Lausana: disfrute de una experiencia oral extraordinaria Una experiencia intensa ofrecida por escorts expertas \u00bfSue\u00f1a con una felaci\u00f3n profunda, fluida y totalmente controlada? En Lausana, varias escorts especializadas en garganta profunda le ofrecen una experiencia inolvidable, donde el placer y la intensidad se encuentran sin tab\u00faes. \u00bfQu\u00e9 es la garganta profunda?<\/p>","protected":false},"author":3,"featured_media":0,"parent":0,"menu_order":0,"comment_status":"closed","ping_status":"closed","template":"","meta":{"footnotes":""},"class_list":["post-10547","page","type-page","status-publish","hentry"],"acf":[],"yoast_head":"<!-- This site is optimized with the Yoast SEO plugin v26.0 - https:\/\/yoast.com\/wordpress\/plugins\/seo\/ -->\n<title>gorge profonde lausanne - Meetgirl - Annonces \u00e9rotiques - Escorts, massages et salons<\/title>\n<meta name=\"description\" content=\"D\u00e9couvrez la gorge profonde \u00e0 Lausanne avec une escort experte. Sur meetgirl.ch, vivez une exp\u00e9rience orale intense, ma\u00eetris\u00e9e et sans tabou.\" \/>\n<meta name=\"robots\" content=\"index, follow, max-snippet:-1, max-image-preview:large, max-video-preview:-1\" \/>\n<link rel=\"canonical\" href=\"https:\/\/meetgirl.ch\/es\/desfiladero-profonde-lausana\/\" \/>\n<meta property=\"og:locale\" content=\"es_ES\" \/>\n<meta property=\"og:type\" content=\"article\" \/>\n<meta property=\"og:title\" content=\"gorge profonde lausanne - Meetgirl - Annonces \u00e9rotiques - Escorts, massages et salons\" \/>\n<meta property=\"og:description\" content=\"D\u00e9couvrez la gorge profonde \u00e0 Lausanne avec une escort experte. Sur meetgirl.ch, vivez une exp\u00e9rience orale intense, ma\u00eetris\u00e9e et sans tabou.\" \/>\n<meta property=\"og:url\" content=\"https:\/\/meetgirl.ch\/es\/desfiladero-profonde-lausana\/\" \/>\n<meta property=\"og:site_name\" content=\"Meetgirl - Annonces \u00e9rotiques - Escorts, massages et salons\" \/>\n<meta property=\"article:modified_time\" content=\"2025-07-06T10:41:16+00:00\" \/>\n<meta property=\"og:image\" content=\"https:\/\/meetgirl.ch\/wp-content\/uploads\/2025\/03\/meetgirl-yoast.jpg\" \/>\n\t<meta property=\"og:image:width\" content=\"1200\" \/>\n\t<meta property=\"og:image:height\" content=\"675\" \/>\n\t<meta property=\"og:image:type\" content=\"image\/jpeg\" \/>\n<meta name=\"twitter:card\" content=\"summary_large_image\" \/>\n<meta name=\"twitter:label1\" content=\"Tiempo de lectura\" \/>\n\t<meta name=\"twitter:data1\" content=\"3 minutos\" \/>\n<script type=\"application\/ld+json\" class=\"yoast-schema-graph\">{\"@context\":\"https:\/\/schema.org\",\"@graph\":[{\"@type\":\"WebPage\",\"@id\":\"https:\/\/meetgirl.ch\/gorge-profonde-lausanne\/\",\"url\":\"https:\/\/meetgirl.ch\/gorge-profonde-lausanne\/\",\"name\":\"gorge profonde lausanne - Meetgirl - Annonces \u00e9rotiques - Escorts, massages et salons\",\"isPartOf\":{\"@id\":\"https:\/\/meetgirl.ch\/#website\"},\"datePublished\":\"2025-07-06T10:39:20+00:00\",\"dateModified\":\"2025-07-06T10:41:16+00:00\",\"description\":\"D\u00e9couvrez la gorge profonde \u00e0 Lausanne avec une escort experte. Sur meetgirl.ch, vivez une exp\u00e9rience orale intense, ma\u00eetris\u00e9e et sans tabou.\",\"breadcrumb\":{\"@id\":\"https:\/\/meetgirl.ch\/gorge-profonde-lausanne\/#breadcrumb\"},\"inLanguage\":\"es\",\"potentialAction\":[{\"@type\":\"ReadAction\",\"target\":[\"https:\/\/meetgirl.ch\/gorge-profonde-lausanne\/\"]}]},{\"@type\":\"BreadcrumbList\",\"@id\":\"https:\/\/meetgirl.ch\/gorge-profonde-lausanne\/#breadcrumb\",\"itemListElement\":[{\"@type\":\"ListItem\",\"position\":1,\"name\":\"Accueil\",\"item\":\"https:\/\/meetgirl.ch\/\"},{\"@type\":\"ListItem\",\"position\":2,\"name\":\"gorge profonde lausanne\"}]},{\"@type\":\"WebSite\",\"@id\":\"https:\/\/meetgirl.ch\/#website\",\"url\":\"https:\/\/meetgirl.ch\/\",\"name\":\"MeetGirl - Annonces \u00e9rotiques Suisse - Escorts, massages et salons\",\"description\":\"Escorts et massages \u00e9rotiques\",\"publisher\":{\"@id\":\"https:\/\/meetgirl.ch\/#organization\"},\"alternateName\":\"Annuaire \u00e9rotique Suisse Escort \u00e0 Gen\u00e8ve, Lausanne, Valais, Neuch\u00e2tel\",\"potentialAction\":[{\"@type\":\"SearchAction\",\"target\":{\"@type\":\"EntryPoint\",\"urlTemplate\":\"https:\/\/meetgirl.ch\/?s={search_term_string}\"},\"query-input\":{\"@type\":\"PropertyValueSpecification\",\"valueRequired\":true,\"valueName\":\"search_term_string\"}}],\"inLanguage\":\"es\"},{\"@type\":\"Organization\",\"@id\":\"https:\/\/meetgirl.ch\/#organization\",\"name\":\"Escort et massage \u00e9rotique\",\"alternateName\":\"Meetgirl escortes et masseuses\",\"url\":\"https:\/\/meetgirl.ch\/\",\"logo\":{\"@type\":\"ImageObject\",\"inLanguage\":\"es\",\"@id\":\"https:\/\/meetgirl.ch\/#\/schema\/logo\/image\/\",\"url\":\"https:\/\/meetgirl.ch\/wp-content\/uploads\/2024\/05\/cropped-meet-logo.png\",\"contentUrl\":\"https:\/\/meetgirl.ch\/wp-content\/uploads\/2024\/05\/cropped-meet-logo.png\",\"width\":512,\"height\":512,\"caption\":\"Escort et massage \u00e9rotique\"},\"image\":{\"@id\":\"https:\/\/meetgirl.ch\/#\/schema\/logo\/image\/\"}}]}<\/script>\n<!-- \/ Yoast SEO plugin. -->","yoast_head_json":{"title":"gorge profonde lausanne - Meetgirl - Anuncios er\u00f3ticos - Escorts, masajes y salones","description":"Descubre la garganta profunda en Lausana con una escort experta. En meetgirl.ch podr\u00e1s disfrutar de una experiencia oral intensa, controlada y sin tab\u00faes.","robots":{"index":"index","follow":"follow","max-snippet":"max-snippet:-1","max-image-preview":"max-image-preview:large","max-video-preview":"max-video-preview:-1"},"canonical":"https:\/\/meetgirl.ch\/es\/desfiladero-profonde-lausana\/","og_locale":"es_ES","og_type":"article","og_title":"gorge profonde lausanne - Meetgirl - Annonces \u00e9rotiques - Escorts, massages et salons","og_description":"D\u00e9couvrez la gorge profonde \u00e0 Lausanne avec une escort experte. Sur meetgirl.ch, vivez une exp\u00e9rience orale intense, ma\u00eetris\u00e9e et sans tabou.","og_url":"https:\/\/meetgirl.ch\/es\/desfiladero-profonde-lausana\/","og_site_name":"Meetgirl - Annonces \u00e9rotiques - Escorts, massages et salons","article_modified_time":"2025-07-06T10:41:16+00:00","og_image":[{"width":1200,"height":675,"url":"https:\/\/meetgirl.ch\/wp-content\/uploads\/2025\/03\/meetgirl-yoast.jpg","type":"image\/jpeg"}],"twitter_card":"summary_large_image","twitter_misc":{"Tiempo de lectura":"3 minutos"},"schema":{"@context":"https:\/\/schema.org","@graph":[{"@type":"WebPage","@id":"https:\/\/meetgirl.ch\/gorge-profonde-lausanne\/","url":"https:\/\/meetgirl.ch\/gorge-profonde-lausanne\/","name":"gorge profonde lausanne - Meetgirl - Anuncios er\u00f3ticos - Escorts, masajes y salones","isPartOf":{"@id":"https:\/\/meetgirl.ch\/#website"},"datePublished":"2025-07-06T10:39:20+00:00","dateModified":"2025-07-06T10:41:16+00:00","description":"Descubre la garganta profunda en Lausana con una escort experta. En meetgirl.ch podr\u00e1s disfrutar de una experiencia oral intensa, controlada y sin tab\u00faes.","breadcrumb":{"@id":"https:\/\/meetgirl.ch\/gorge-profonde-lausanne\/#breadcrumb"},"inLanguage":"es","potentialAction":[{"@type":"ReadAction","target":["https:\/\/meetgirl.ch\/gorge-profonde-lausanne\/"]}]},{"@type":"BreadcrumbList","@id":"https:\/\/meetgirl.ch\/gorge-profonde-lausanne\/#breadcrumb","itemListElement":[{"@type":"ListItem","position":1,"name":"Accueil","item":"https:\/\/meetgirl.ch\/"},{"@type":"ListItem","position":2,"name":"gorge profonde lausanne"}]},{"@type":"WebSite","@id":"https:\/\/meetgirl.ch\/#website","url":"https:\/\/meetgirl.ch\/","name":"MeetGirl - Anuncios er\u00f3ticos Suiza - Escorts, masajes y salones","description":"Escorts y masajes er\u00f3ticos","publisher":{"@id":"https:\/\/meetgirl.ch\/#organization"},"alternateName":"Annuaire \u00e9rotique Suisse Escort \u00e0 Gen\u00e8ve, Lausanne, Valais, Neuch\u00e2tel","potentialAction":[{"@type":"SearchAction","target":{"@type":"EntryPoint","urlTemplate":"https:\/\/meetgirl.ch\/?s={search_term_string}"},"query-input":{"@type":"PropertyValueSpecification","valueRequired":true,"valueName":"search_term_string"}}],"inLanguage":"es"},{"@type":"Organization","@id":"https:\/\/meetgirl.ch\/#organization","name":"Escort y masaje er\u00f3tico","alternateName":"Meetgirl escortes et masseuses","url":"https:\/\/meetgirl.ch\/","logo":{"@type":"ImageObject","inLanguage":"es","@id":"https:\/\/meetgirl.ch\/#\/schema\/logo\/image\/","url":"https:\/\/meetgirl.ch\/wp-content\/uploads\/2024\/05\/cropped-meet-logo.png","contentUrl":"https:\/\/meetgirl.ch\/wp-content\/uploads\/2024\/05\/cropped-meet-logo.png","width":512,"height":512,"caption":"Escort et massage \u00e9rotique"},"image":{"@id":"https:\/\/meetgirl.ch\/#\/schema\/logo\/image\/"}}]}},"_links":{"self":[{"href":"https:\/\/meetgirl.ch\/es\/wp-json\/wp\/v2\/pages\/10547","targetHints":{"allow":["GET"]}}],"collection":[{"href":"https:\/\/meetgirl.ch\/es\/wp-json\/wp\/v2\/pages"}],"about":[{"href":"https:\/\/meetgirl.ch\/es\/wp-json\/wp\/v2\/types\/page"}],"author":[{"embeddable":true,"href":"https:\/\/meetgirl.ch\/es\/wp-json\/wp\/v2\/users\/3"}],"replies":[{"embeddable":true,"href":"https:\/\/meetgirl.ch\/es\/wp-json\/wp\/v2\/comments?post=10547"}],"version-history":[{"count":0,"href":"https:\/\/meetgirl.ch\/es\/wp-json\/wp\/v2\/pages\/10547\/revisions"}],"wp:attachment":[{"href":"https:\/\/meetgirl.ch\/es\/wp-json\/wp\/v2\/media?parent=10547"}],"curies":[{"name":"wp","href":"https:\/\/api.w.org\/{rel}","templated":true}]}}