{"id":10557,"date":"2025-07-06T10:46:46","date_gmt":"2025-07-06T10:46:46","guid":{"rendered":"https:\/\/meetgirl.ch\/?page_id=10557"},"modified":"2025-07-06T10:49:49","modified_gmt":"2025-07-06T10:49:49","slug":"felacion-lausana","status":"publish","type":"page","link":"https:\/\/meetgirl.ch\/es\/felacion-lausana\/","title":{"rendered":"Mamada Lausana"},"content":{"rendered":"<div data-elementor-type=\"wp-page\" data-elementor-id=\"10557\" class=\"elementor elementor-10557\">\n\t\t\t\t<div class=\"elementor-element elementor-element-ff5ccba e-flex e-con-boxed e-con e-parent\" data-id=\"ff5ccba\" data-element_type=\"container\" data-settings=\"{&quot;jet_parallax_layout_list&quot;:[]}\">\n\t\t\t\t\t<div class=\"e-con-inner\">\n\t\t\t\t<div class=\"elementor-element elementor-element-edef7cf elementor-widget elementor-widget-case27-listing-feed-widget\" data-id=\"edef7cf\" data-element_type=\"widget\" data-widget_type=\"case27-listing-feed-widget.default\">\n\t\t\t\t<div class=\"elementor-widget-container\">\n\t\t\t\t\t\t\t<section class=\"i-section listing-feed\">\r\n\t\t<div class=\"container-fluid\">\r\n\t\t\t<div class=\"row section-body grid\">\r\n\t\t\t\t\t\t\t\t\t<div class=\"col-lg-4 col-md-4 col-sm-6 col-xs-12 grid-item\"><div class=\"lf-item-container listing-preview type-independante c27-verified no-logo has-tagline no-info-fields level-promoted priority-2\" data-id=\"listing-id-16551\" data-category-icon=\"\t&lt;i class=&quot;mi bookmark_border&quot; style=&quot;color: #fff; background: #f67675; &quot;&gt;&lt;\/i&gt;\t\" data-category-color=\"#f67675\" data-category-text-color=\"#fff\" data-thumbnail=\"https:\/\/meetgirl.ch\/wp-content\/themes\/my-listing\/assets\/images\/marker.jpg\" data-marker=\"https:\/\/meetgirl.ch\/wp-content\/themes\/my-listing\/assets\/images\/marker.jpg\" data-template=\"default\" data-locations=\"[{&quot;address&quot;:&quot;Rue De L&#039;industrie 7, 1005 Lausanne, Suisse&quot;,&quot;lat&quot;:&quot;46.52591&quot;,&quot;lng&quot;:&quot;6.63848&quot;}]\"\n><div class=\"lf-item lf-item-default\" data-template=\"default\"> <a href=\"https:\/\/meetgirl.ch\/en\/escorts-2\/diana-5\/\"> <div class=\"overlay\" style=\" background-color: #242429; opacity: 0;\"><\/div> <div class=\"lf-background\" style=\"background-image: url('https:\/\/meetgirl.ch\/wp-content\/uploads\/listing-uploads\/cover\/2025\/11\/Snapchat-19137046793.jpg');\"><\/div> <div class=\"lf-item-info\"> <h4 class=\"case27-primary-text listing-preview-title\"> Diana <img decoding=\"async\" height=\"18\" width=\"18\" alt=\"Verified listing\" class=\"verified-listing\" src=\"https:\/\/meetgirl.ch\/wp-content\/themes\/my-listing\/assets\/images\/tick.svg\" data-no-translation-alt=\"\"> <\/h4> <\/div> <\/a> <div class=\"lf-head level-promoted\"> <span class=\"tooltip-element tooltip-bottom\"> <div class=\"lf-head-btn ad-badge\"> <span><i class=\"icon-flash\"><\/i><\/span> <\/div> <span class=\"tooltip-container\" data-no-translation=\"\" data-trp-gettext=\"\">Promoted<\/span> <\/span> <\/div> <\/div> <div class=\"listing-details-3 c27-footer-section\"> <ul class=\"details-list no-list-style\"> <li class=\"\" > <span>Rue De L&#039;industrie 7 <\/span> <\/li> <li class=\"\" > <span> <div class=\"codicts-online-status\"><span class=\"codicts-dot cdtsols-offline\"><\/span> <span class=\"cdtsols-txt\">-Online-8H<\/span><\/div> <\/span> <\/li> <\/ul> <\/div> <div class=\"listing-details-3 c27-footer-section\"> <ul class=\"details-list no-list-style\"> <li class=\"\" > <span>caluroso y h\u00famedo <\/span> <\/li> <\/ul> <\/div> <\/div><\/div>\t\t\t\t\t\t\t\t\t<div class=\"col-lg-4 col-md-4 col-sm-6 col-xs-12 grid-item\"><div class=\"lf-item-container listing-preview type-independante no-logo has-tagline no-info-fields level-promoted priority-2\" data-id=\"listing-id-11177\" data-category-icon=\"\t&lt;i class=&quot;mi bookmark_border&quot; style=&quot;color: #fff; background: #f67675; &quot;&gt;&lt;\/i&gt;\t\" data-category-color=\"#f67675\" data-category-text-color=\"#fff\" data-thumbnail=\"https:\/\/meetgirl.ch\/wp-content\/themes\/my-listing\/assets\/images\/marker.jpg\" data-marker=\"https:\/\/meetgirl.ch\/wp-content\/themes\/my-listing\/assets\/images\/marker.jpg\" data-template=\"default\" data-locations=\"[{&quot;address&quot;:&quot;Lausanne, canton de Vaud, Suisse&quot;,&quot;lat&quot;:&quot;46.52071&quot;,&quot;lng&quot;:&quot;6.63253&quot;}]\"\n><div class=\"lf-item lf-item-default\" data-template=\"default\"> <a href=\"https:\/\/meetgirl.ch\/es\/acompanantes-2\/latina-culo-gordo\/\"> <div class=\"overlay\" style=\" background-color: #242429; opacity: 0;\"><\/div> <div class=\"lf-background\" style=\"background-image: url('https:\/\/meetgirl.ch\/wp-content\/uploads\/2025\/07\/Latina-Gros-cul5-768x1024.webp');\"><\/div> <div class=\"lf-item-info\"> <h4 class=\"case27-primary-text listing-preview-title\"> Latina culo gordo <\/h4> <\/div> <\/a> <div class=\"lf-head level-promoted\"> <span class=\"tooltip-element tooltip-bottom\"> <div class=\"lf-head-btn ad-badge\"> <span><i class=\"icon-flash\"><\/i><\/span> <\/div> <span class=\"tooltip-container\">Promocionado<\/span> <\/span> <\/div> <\/div> <div class=\"listing-details-3 c27-footer-section\"> <ul class=\"details-list no-list-style\"> <li class=\"\" > <span>Lausana <\/span> <\/li> <li class=\"\" > <span> <div class=\"codicts-online-status\"><span class=\"codicts-dot cdtsols-online\"><\/span> <span class=\"cdtsols-txt\">En l\u00ednea<\/span><\/div> <\/span> <\/li> <\/ul> <\/div> <div class=\"listing-details-3 c27-footer-section\"> <ul class=\"details-list no-list-style\"> <li class=\"\" > <span>\u00e9xtasis \ud83d\ude08 <\/span> <\/li> <\/ul> <\/div> <\/div><\/div>\t\t\t\t\t\t\t\t\t<div class=\"col-lg-4 col-md-4 col-sm-6 col-xs-12 grid-item\"><div class=\"lf-item-container listing-preview type-independante c27-verified no-logo has-tagline no-info-fields level-promoted priority-2\" data-id=\"listing-id-10042\" data-category-icon=\"\t&lt;i class=&quot;mi bookmark_border&quot; style=&quot;color: #fff; background: #f67675; &quot;&gt;&lt;\/i&gt;\t\" data-category-color=\"#f67675\" data-category-text-color=\"#fff\" data-thumbnail=\"https:\/\/meetgirl.ch\/wp-content\/themes\/my-listing\/assets\/images\/marker.jpg\" data-marker=\"https:\/\/meetgirl.ch\/wp-content\/themes\/my-listing\/assets\/images\/marker.jpg\" data-template=\"default\" data-locations=\"[{&quot;address&quot;:&quot;Lausanne, canton de Vaud, Suisse&quot;,&quot;lat&quot;:&quot;46.52071&quot;,&quot;lng&quot;:&quot;6.63253&quot;}]\"\n><div class=\"lf-item lf-item-default\" data-template=\"default\"> <a href=\"https:\/\/meetgirl.ch\/es\/acompanantes-2\/kristal-escort\/\"> <div class=\"overlay\" style=\" background-color: #242429; opacity: 0;\"><\/div> <div class=\"lf-background\" style=\"background-image: url('https:\/\/meetgirl.ch\/wp-content\/uploads\/2025\/06\/kristal-escort-768x1063.webp');\"><\/div> <div class=\"lf-item-info\"> <h4 class=\"case27-primary-text listing-preview-title\"> Kristal escort <img decoding=\"async\" height=\"18\" width=\"18\" alt=\"Listado verificado\" class=\"verified-listing\" src=\"https:\/\/meetgirl.ch\/wp-content\/themes\/my-listing\/assets\/images\/tick.svg\"> <\/h4> <\/div> <\/a> <div class=\"lf-head level-promoted\"> <span class=\"tooltip-element tooltip-bottom\"> <div class=\"lf-head-btn ad-badge\"> <span><i class=\"icon-flash\"><\/i><\/span> <\/div> <span class=\"tooltip-container\">Promocionado<\/span> <\/span> <\/div> <\/div> <div class=\"listing-details-3 c27-footer-section\"> <ul class=\"details-list no-list-style\"> <li class=\"\" > <span>Lausana <\/span> <\/li> <li class=\"\" > <span> <div class=\"codicts-online-status\"><span class=\"codicts-dot cdtsols-online\"><\/span> <span class=\"cdtsols-txt\">En l\u00ednea<\/span><\/div> <\/span> <\/li> <\/ul> <\/div> <div class=\"listing-details-3 c27-footer-section\"> <ul class=\"details-list no-list-style\"> <li class=\"\" > <span>ME GUSTA LA GARGANTA PROFUNDA \ud83d\ude1d <\/span> <\/li> <\/ul> <\/div> <\/div><\/div>\t\t\t\t\t\t\t<\/div>\r\n\t\t<\/div>\r\n\t<\/section>\r\n\r\n\t\t\t\t<\/div>\n\t\t\t\t<\/div>\n\t\t\t\t\t<\/div>\n\t\t\t\t<\/div>\n\t\t<div class=\"elementor-element elementor-element-30543b8 e-flex e-con-boxed e-con e-parent\" data-id=\"30543b8\" data-element_type=\"container\" data-settings=\"{&quot;jet_parallax_layout_list&quot;:[]}\">\n\t\t\t\t\t<div class=\"e-con-inner\">\n\t\t\t\t<div class=\"elementor-element elementor-element-66fce74 elementor-widget elementor-widget-text-editor\" data-id=\"66fce74\" data-element_type=\"widget\" data-widget_type=\"text-editor.default\">\n\t\t\t\t<div class=\"elementor-widget-container\">\n\t\t\t\t\t\t\t\t\t<div style=\"color: white; font-family: Arial, sans-serif; line-height: 1.6;\">\n<h1 style=\"font-size: 32px; font-weight: bold; text-align: center; color: #ff6f61;\">\n    Mamadas en Lausana con una escort de lujo: explora el arte del placer oral<br>\n  <\/h1>\n<h2 style=\"font-size: 28px; font-weight: bold; color: #ff6f61;\">\n    Una experiencia \u00edntima, refinada y a medida<br>\n  <\/h2>\n<p>  \u00bfTe gustar\u00eda vivir una felaci\u00f3n inolvidable en Lausana? Las escorts de lujo que encontrar\u00e1s en <strong>meetgirl.ch<\/strong> son maestros en el arte del placer oral. Suave o intenso, cada encuentro se adapta a sus deseos.<\/p>\n<h2 style=\"font-size: 28px; font-weight: bold; color: #ff6f61;\">\n    \u00bfQu\u00e9 es exactamente una felaci\u00f3n?<br>\n  <\/h2>\n<p>  Se trata de estimular el pene con la boca, los labios y la lengua. En Lausana, esta pr\u00e1ctica es ofrecida con sensualidad, esmero y t\u00e9cnica por escorts que saben leer tus reacciones y ajustar el ritmo para proporcionarte un aumento gradual del placer.<\/p>\n<h2 style=\"font-size: 28px; font-weight: bold; color: #ff6f61;\">\n    Diversas t\u00e9cnicas para un placer personalizado<br>\n  <\/h2>\n<p>  Las escorts de Lausana ofrecen varios estilos de felaci\u00f3n seg\u00fan tus preferencias:<\/p>\n<ul>\n<li><strong>Mamada cl\u00e1sica<\/strong> Suave o en\u00e9rgica, con variaciones de ritmo y caricias manuales.<\/li>\n<li><strong>Garganta profunda<\/strong> Para conseguir la m\u00e1xima intensidad, algunas escorts dominan esta t\u00e9cnica con elegancia y respiraci\u00f3n controlada.<\/li>\n<li><strong>Estimulaci\u00f3n anal simult\u00e1nea<\/strong> Una opci\u00f3n que ofrecen algunas escorts para intensificar la experiencia oral.<\/li>\n<li><strong>Juego para dos<\/strong> \u00bfQu\u00e9 tal una mamada de dos escorts? Tambi\u00e9n es posible en Lausana.<\/li>\n<\/ul>\n<h2 style=\"font-size: 28px; font-weight: bold; color: #ff6f61;\">\n    Posiciones variadas para m\u00e1s sensaciones<br>\n  <\/h2>\n<p>  Ya sea de pie, tumbado, sentado o en la postura del 69, la felaci\u00f3n puede ser lo que m\u00e1s te apetezca. En zonas como <strong>Ouchy<\/strong>, <strong>Flon<\/strong> o <strong>Estaci\u00f3n de Lausana<\/strong>Disfrute de un entorno discreto y confortable para esta experiencia.<\/p>\n<h2 style=\"font-size: 28px; font-weight: bold; color: #ff6f61;\">\n    \u00bfPor qu\u00e9 elegir meetgirl.ch para una felaci\u00f3n en Lausana?<br>\n  <\/h2>\n<p>  Acompa\u00f1antes disponibles en <strong>meetgirl.ch<\/strong> no se limitan a realizar una felaci\u00f3n: la transforman en un momento de pura sensualidad. Elegantes, atentas y experimentadas, saben c\u00f3mo despertar tus sentidos y satisfacer tus expectativas.<\/p>\n<h3 style=\"font-size: 24px; font-weight: bold; color: #ff6f61;\">\n    Reserva ya tu acompa\u00f1ante especializada en Mamadas en Lausana<br>\n  <\/h3>\n<p>  Reg\u00e1late un intenso momento de placer oral en Lausana con una refinada escort. Ver perfiles en <strong>meetgirl.ch<\/strong> y elige la experiencia m\u00e1s adecuada para ti.<\/p>\n<\/div>\t\t\t\t\t\t\t\t<\/div>\n\t\t\t\t<\/div>\n\t\t\t\t\t<\/div>\n\t\t\t\t<\/div>\n\t\t\t\t<\/div>","protected":false},"excerpt":{"rendered":"<p>Fellation \u00e0 Lausanne avec une escort de luxe : explorez l&rsquo;art du plaisir oral Une exp\u00e9rience intime, raffin\u00e9e et sur-mesure Vous souhaitez vivre une fellation inoubliable \u00e0 Lausanne ? Les escortes de luxe que vous trouverez sur meetgirl.ch ma\u00eetrisent parfaitement l\u2019art du plaisir oral. Douce ou intense, chaque rencontre est adapt\u00e9e \u00e0 vos envies. Qu\u2019est-ce [&hellip;]<\/p>","protected":false},"author":3,"featured_media":0,"parent":0,"menu_order":0,"comment_status":"closed","ping_status":"closed","template":"","meta":{"footnotes":""},"class_list":["post-10557","page","type-page","status-publish","hentry"],"acf":[],"yoast_head":"<!-- This site is optimized with the Yoast SEO plugin v26.0 - https:\/\/yoast.com\/wordpress\/plugins\/seo\/ -->\n<title>Fellation Lausanne - Meetgirl - Annonces \u00e9rotiques - Escorts, massages et salons<\/title>\n<meta name=\"description\" content=\"Vivez une fellation \u00e0 Lausanne avec une escort experte. D\u00e9couvrez l&#039;art du plaisir oral dans un cadre raffin\u00e9, discret et personnalis\u00e9\" \/>\n<meta name=\"robots\" content=\"index, follow, max-snippet:-1, max-image-preview:large, max-video-preview:-1\" \/>\n<link rel=\"canonical\" href=\"https:\/\/meetgirl.ch\/es\/felacion-lausana\/\" \/>\n<meta property=\"og:locale\" content=\"es_ES\" \/>\n<meta property=\"og:type\" content=\"article\" \/>\n<meta property=\"og:title\" content=\"Fellation Lausanne - Meetgirl - Annonces \u00e9rotiques - Escorts, massages et salons\" \/>\n<meta property=\"og:description\" content=\"Vivez une fellation \u00e0 Lausanne avec une escort experte. D\u00e9couvrez l&#039;art du plaisir oral dans un cadre raffin\u00e9, discret et personnalis\u00e9\" \/>\n<meta property=\"og:url\" content=\"https:\/\/meetgirl.ch\/es\/felacion-lausana\/\" \/>\n<meta property=\"og:site_name\" content=\"Meetgirl - Annonces \u00e9rotiques - Escorts, massages et salons\" \/>\n<meta property=\"article:modified_time\" content=\"2025-07-06T10:49:49+00:00\" \/>\n<meta property=\"og:image\" content=\"https:\/\/meetgirl.ch\/wp-content\/uploads\/2025\/03\/meetgirl-yoast.jpg\" \/>\n\t<meta property=\"og:image:width\" content=\"1200\" \/>\n\t<meta property=\"og:image:height\" content=\"675\" \/>\n\t<meta property=\"og:image:type\" content=\"image\/jpeg\" \/>\n<meta name=\"twitter:card\" content=\"summary_large_image\" \/>\n<meta name=\"twitter:label1\" content=\"Tiempo de lectura\" \/>\n\t<meta name=\"twitter:data1\" content=\"3 minutos\" \/>\n<script type=\"application\/ld+json\" class=\"yoast-schema-graph\">{\"@context\":\"https:\/\/schema.org\",\"@graph\":[{\"@type\":\"WebPage\",\"@id\":\"https:\/\/meetgirl.ch\/fellation-lausanne\/\",\"url\":\"https:\/\/meetgirl.ch\/fellation-lausanne\/\",\"name\":\"Fellation Lausanne - Meetgirl - Annonces \u00e9rotiques - Escorts, massages et salons\",\"isPartOf\":{\"@id\":\"https:\/\/meetgirl.ch\/#website\"},\"datePublished\":\"2025-07-06T10:46:46+00:00\",\"dateModified\":\"2025-07-06T10:49:49+00:00\",\"description\":\"Vivez une fellation \u00e0 Lausanne avec une escort experte. D\u00e9couvrez l'art du plaisir oral dans un cadre raffin\u00e9, discret et personnalis\u00e9\",\"breadcrumb\":{\"@id\":\"https:\/\/meetgirl.ch\/fellation-lausanne\/#breadcrumb\"},\"inLanguage\":\"es\",\"potentialAction\":[{\"@type\":\"ReadAction\",\"target\":[\"https:\/\/meetgirl.ch\/fellation-lausanne\/\"]}]},{\"@type\":\"BreadcrumbList\",\"@id\":\"https:\/\/meetgirl.ch\/fellation-lausanne\/#breadcrumb\",\"itemListElement\":[{\"@type\":\"ListItem\",\"position\":1,\"name\":\"Accueil\",\"item\":\"https:\/\/meetgirl.ch\/\"},{\"@type\":\"ListItem\",\"position\":2,\"name\":\"Fellation Lausanne\"}]},{\"@type\":\"WebSite\",\"@id\":\"https:\/\/meetgirl.ch\/#website\",\"url\":\"https:\/\/meetgirl.ch\/\",\"name\":\"MeetGirl - Annonces \u00e9rotiques Suisse - Escorts, massages et salons\",\"description\":\"Escorts et massages \u00e9rotiques\",\"publisher\":{\"@id\":\"https:\/\/meetgirl.ch\/#organization\"},\"alternateName\":\"Annuaire \u00e9rotique Suisse Escort \u00e0 Gen\u00e8ve, Lausanne, Valais, Neuch\u00e2tel\",\"potentialAction\":[{\"@type\":\"SearchAction\",\"target\":{\"@type\":\"EntryPoint\",\"urlTemplate\":\"https:\/\/meetgirl.ch\/?s={search_term_string}\"},\"query-input\":{\"@type\":\"PropertyValueSpecification\",\"valueRequired\":true,\"valueName\":\"search_term_string\"}}],\"inLanguage\":\"es\"},{\"@type\":\"Organization\",\"@id\":\"https:\/\/meetgirl.ch\/#organization\",\"name\":\"Escort et massage \u00e9rotique\",\"alternateName\":\"Meetgirl escortes et masseuses\",\"url\":\"https:\/\/meetgirl.ch\/\",\"logo\":{\"@type\":\"ImageObject\",\"inLanguage\":\"es\",\"@id\":\"https:\/\/meetgirl.ch\/#\/schema\/logo\/image\/\",\"url\":\"https:\/\/meetgirl.ch\/wp-content\/uploads\/2024\/05\/cropped-meet-logo.png\",\"contentUrl\":\"https:\/\/meetgirl.ch\/wp-content\/uploads\/2024\/05\/cropped-meet-logo.png\",\"width\":512,\"height\":512,\"caption\":\"Escort et massage \u00e9rotique\"},\"image\":{\"@id\":\"https:\/\/meetgirl.ch\/#\/schema\/logo\/image\/\"}}]}<\/script>\n<!-- \/ Yoast SEO plugin. -->","yoast_head_json":{"title":"Fellation Lausanne - Meetgirl - Anuncios er\u00f3ticos - Escorts, masajes y salones","description":"Experimente el sexo oral en Lausana con una acompa\u00f1ante experta. Descubra el arte del placer oral en un ambiente refinado, discreto y personalizado.","robots":{"index":"index","follow":"follow","max-snippet":"max-snippet:-1","max-image-preview":"max-image-preview:large","max-video-preview":"max-video-preview:-1"},"canonical":"https:\/\/meetgirl.ch\/es\/felacion-lausana\/","og_locale":"es_ES","og_type":"article","og_title":"Fellation Lausanne - Meetgirl - Annonces \u00e9rotiques - Escorts, massages et salons","og_description":"Vivez une fellation \u00e0 Lausanne avec une escort experte. D\u00e9couvrez l'art du plaisir oral dans un cadre raffin\u00e9, discret et personnalis\u00e9","og_url":"https:\/\/meetgirl.ch\/es\/felacion-lausana\/","og_site_name":"Meetgirl - Annonces \u00e9rotiques - Escorts, massages et salons","article_modified_time":"2025-07-06T10:49:49+00:00","og_image":[{"width":1200,"height":675,"url":"https:\/\/meetgirl.ch\/wp-content\/uploads\/2025\/03\/meetgirl-yoast.jpg","type":"image\/jpeg"}],"twitter_card":"summary_large_image","twitter_misc":{"Tiempo de lectura":"3 minutos"},"schema":{"@context":"https:\/\/schema.org","@graph":[{"@type":"WebPage","@id":"https:\/\/meetgirl.ch\/fellation-lausanne\/","url":"https:\/\/meetgirl.ch\/fellation-lausanne\/","name":"Fellation Lausanne - Meetgirl - Anuncios er\u00f3ticos - Escorts, masajes y salones","isPartOf":{"@id":"https:\/\/meetgirl.ch\/#website"},"datePublished":"2025-07-06T10:46:46+00:00","dateModified":"2025-07-06T10:49:49+00:00","description":"Experimente el sexo oral en Lausana con una acompa\u00f1ante experta. Descubra el arte del placer oral en un ambiente refinado, discreto y personalizado.","breadcrumb":{"@id":"https:\/\/meetgirl.ch\/fellation-lausanne\/#breadcrumb"},"inLanguage":"es","potentialAction":[{"@type":"ReadAction","target":["https:\/\/meetgirl.ch\/fellation-lausanne\/"]}]},{"@type":"BreadcrumbList","@id":"https:\/\/meetgirl.ch\/fellation-lausanne\/#breadcrumb","itemListElement":[{"@type":"ListItem","position":1,"name":"Accueil","item":"https:\/\/meetgirl.ch\/"},{"@type":"ListItem","position":2,"name":"Fellation Lausanne"}]},{"@type":"WebSite","@id":"https:\/\/meetgirl.ch\/#website","url":"https:\/\/meetgirl.ch\/","name":"MeetGirl - Anuncios er\u00f3ticos Suiza - Escorts, masajes y salones","description":"Escorts y masajes er\u00f3ticos","publisher":{"@id":"https:\/\/meetgirl.ch\/#organization"},"alternateName":"Annuaire \u00e9rotique Suisse Escort \u00e0 Gen\u00e8ve, Lausanne, Valais, Neuch\u00e2tel","potentialAction":[{"@type":"SearchAction","target":{"@type":"EntryPoint","urlTemplate":"https:\/\/meetgirl.ch\/?s={search_term_string}"},"query-input":{"@type":"PropertyValueSpecification","valueRequired":true,"valueName":"search_term_string"}}],"inLanguage":"es"},{"@type":"Organization","@id":"https:\/\/meetgirl.ch\/#organization","name":"Escort y masaje er\u00f3tico","alternateName":"Meetgirl escortes et masseuses","url":"https:\/\/meetgirl.ch\/","logo":{"@type":"ImageObject","inLanguage":"es","@id":"https:\/\/meetgirl.ch\/#\/schema\/logo\/image\/","url":"https:\/\/meetgirl.ch\/wp-content\/uploads\/2024\/05\/cropped-meet-logo.png","contentUrl":"https:\/\/meetgirl.ch\/wp-content\/uploads\/2024\/05\/cropped-meet-logo.png","width":512,"height":512,"caption":"Escort et massage \u00e9rotique"},"image":{"@id":"https:\/\/meetgirl.ch\/#\/schema\/logo\/image\/"}}]}},"_links":{"self":[{"href":"https:\/\/meetgirl.ch\/es\/wp-json\/wp\/v2\/pages\/10557","targetHints":{"allow":["GET"]}}],"collection":[{"href":"https:\/\/meetgirl.ch\/es\/wp-json\/wp\/v2\/pages"}],"about":[{"href":"https:\/\/meetgirl.ch\/es\/wp-json\/wp\/v2\/types\/page"}],"author":[{"embeddable":true,"href":"https:\/\/meetgirl.ch\/es\/wp-json\/wp\/v2\/users\/3"}],"replies":[{"embeddable":true,"href":"https:\/\/meetgirl.ch\/es\/wp-json\/wp\/v2\/comments?post=10557"}],"version-history":[{"count":0,"href":"https:\/\/meetgirl.ch\/es\/wp-json\/wp\/v2\/pages\/10557\/revisions"}],"wp:attachment":[{"href":"https:\/\/meetgirl.ch\/es\/wp-json\/wp\/v2\/media?parent=10557"}],"curies":[{"name":"wp","href":"https:\/\/api.w.org\/{rel}","templated":true}]}}