{"id":10572,"date":"2025-07-06T10:58:26","date_gmt":"2025-07-06T10:58:26","guid":{"rendered":"https:\/\/meetgirl.ch\/?page_id=10572"},"modified":"2025-07-06T11:00:24","modified_gmt":"2025-07-06T11:00:24","slug":"douche-doree-lausanne","status":"publish","type":"page","link":"https:\/\/meetgirl.ch\/es\/douche-doree-lausanne\/","title":{"rendered":"Ducha dorada Lausana"},"content":{"rendered":"<div data-elementor-type=\"wp-page\" data-elementor-id=\"10572\" class=\"elementor elementor-10572\">\n\t\t\t\t<div class=\"elementor-element elementor-element-98c6943 e-flex e-con-boxed e-con e-parent\" data-id=\"98c6943\" data-element_type=\"container\" data-settings=\"{&quot;jet_parallax_layout_list&quot;:[]}\">\n\t\t\t\t\t<div class=\"e-con-inner\">\n\t\t<div class=\"elementor-element elementor-element-f5c21be e-con-full e-flex e-con e-child\" data-id=\"f5c21be\" data-element_type=\"container\" data-settings=\"{&quot;jet_parallax_layout_list&quot;:[]}\">\n\t\t\t\t<div class=\"elementor-element elementor-element-4c41687 elementor-widget elementor-widget-image\" data-id=\"4c41687\" data-element_type=\"widget\" data-widget_type=\"image.default\">\n\t\t\t\t<div class=\"elementor-widget-container\">\n\t\t\t\t\t\t\t\t\t\t\t\t\t\t\t<img decoding=\"async\" src=\"https:\/\/meetgirl.ch\/wp-content\/uploads\/2025\/05\/domina-geneve-3.jpg\" title=\"\" alt=\"\" loading=\"lazy\" \/>\t\t\t\t\t\t\t\t\t\t\t\t\t\t\t<\/div>\n\t\t\t\t<\/div>\n\t\t\t\t<div class=\"elementor-element elementor-element-bafcaf1 elementor-widget elementor-widget-image\" data-id=\"bafcaf1\" data-element_type=\"widget\" data-widget_type=\"image.default\">\n\t\t\t\t<div class=\"elementor-widget-container\">\n\t\t\t\t\t\t\t\t\t\t\t\t\t\t\t<img decoding=\"async\" src=\"https:\/\/meetgirl.ch\/wp-content\/uploads\/2025\/05\/domina-geneve-2.jpg\" title=\"\" alt=\"\" loading=\"lazy\" \/>\t\t\t\t\t\t\t\t\t\t\t\t\t\t\t<\/div>\n\t\t\t\t<\/div>\n\t\t\t\t<\/div>\n\t\t<div class=\"elementor-element elementor-element-2cd4e88 e-con-full e-flex e-con e-child\" data-id=\"2cd4e88\" data-element_type=\"container\" data-settings=\"{&quot;jet_parallax_layout_list&quot;:[]}\">\n\t\t\t\t<div class=\"elementor-element elementor-element-bff7fac elementor-widget elementor-widget-text-editor\" data-id=\"bff7fac\" data-element_type=\"widget\" data-widget_type=\"text-editor.default\">\n\t\t\t\t<div class=\"elementor-widget-container\">\n\t\t\t\t\t\t\t\t\t<div style=\"color: white; font-family: Arial, sans-serif; line-height: 1.6;\">\n  <h1 style=\"font-size: 32px; font-weight: bold; text-align: center; color: #ff6f61;\">\n    Escort lluvia dorada en Lausana - Explora tus fantas\u00edas con discreci\u00f3n\n  <\/h1>\n\n  <h2 style=\"font-size: 28px; font-weight: bold; color: #ff6f61;\">\n    Una experiencia \u00edntima y atrevida por descubrir en meetgirl.ch\n  <\/h2>\n  \u00bfLe atrae el mundo de los fetiches y quiere experimentar una lluvia dorada en Lausana? Visite <strong>meetgirl.ch<\/strong>Encontrar\u00e1s escorts abiertas a esta pr\u00e1ctica y dispuestas a satisfacer tus deseos en un ambiente higi\u00e9nico, sensual y respetuoso.\n\n  <h2 style=\"font-size: 28px; font-weight: bold; color: #ff6f61;\">\n    \u00bfQu\u00e9 es la lluvia dorada?\n  <\/h2>\n  Tambi\u00e9n conocida como lluvia dorada, esta pr\u00e1ctica consiste en orinar sobre la pareja en un contexto sexual consentido. Puede formar parte de un juego de rol er\u00f3tico, a menudo vinculado a la sumisi\u00f3n, y suele tener lugar en la ducha o en una zona habilitada para ello.\n\n  <h2 style=\"font-size: 28px; font-weight: bold; color: #ff6f61;\">\n    Un fetiche supervisado en Lausana\n  <\/h2>\n  Como en cualquier pr\u00e1ctica BDSM o fetichista, la clave est\u00e1 en la comunicaci\u00f3n. Con escorts de <strong>meetgirl.ch<\/strong>Los l\u00edmites se definen de antemano para garantizar una experiencia agradable y sin ataduras que respete plenamente sus preferencias y la comodidad mutua.\n\n  <h3 style=\"font-size: 24px; font-weight: bold; color: #ff6f61;\">\n    \u00bfPor qu\u00e9 elegir una escort para una lluvia dorada?\n  <\/h3>\n  Vivir esta fantas\u00eda con una escort en Lausana le permite beneficiarse de una compa\u00f1era experimentada que le escucha sin juzgarle. Este entorno profesional elimina las inhibiciones a menudo presentes en las relaciones tradicionales.\n\n  <h2 style=\"font-size: 28px; font-weight: bold; color: #ff6f61;\">\n    Seleccione su acompa\u00f1ante de lluvia dorada en Lausana\n  <\/h2>\n  Visite <strong>meetgirl.ch<\/strong>Navega por los perfiles de las escorts que indican claramente que est\u00e1n abiertas a esta pr\u00e1ctica. Puedes elegir seg\u00fan tus criterios: lugar de encuentro, ambiente, estilo o nivel de experiencia.\n\n  <h3 style=\"font-size: 24px; font-weight: bold; color: #ff6f61;\">\n    Higiene, discreci\u00f3n y comodidad garantizadas\n  <\/h3>\n  Las reuniones se celebran en lugares adecuados: hoteles, pisos particulares o a domicilio, respetando siempre las normas de higiene y confidencialidad. Lausana ofrece barrios discretos como <strong>Subestaci\u00f3n<\/strong> o <strong>Chailly<\/strong> para citas tranquilas y confidenciales.\n\n  <h3 style=\"font-size: 24px; font-weight: bold; color: #ff6f61;\">\n    Reserve ahora su experiencia en Lausana\n  <\/h3>\n  Reg\u00e1late un interludio atrevido con una escort especializada en lluvias doradas. En <strong>meetgirl.ch<\/strong>Encontrar\u00e1 al compa\u00f1ero perfecto para dar vida a esta fantas\u00eda de forma elegante, controlada e inolvidable.\n\n<\/div>\n\t\t\t\t\t\t\t\t<\/div>\n\t\t\t\t<\/div>\n\t\t\t\t<\/div>\n\t\t\t\t\t<\/div>\n\t\t\t\t<\/div>\n\t\t\t\t<\/div>","protected":false},"excerpt":{"rendered":"<p>Escort lluvia dorada en Lausana - Explora tus fantas\u00edas con discreci\u00f3n Una experiencia \u00edntima y atrevida para descubrir en meetgirl.ch \u00bfTe atrae el mundo de los fetiches y quieres experimentar una lluvia dorada en Lausana? En meetgirl.ch encontrar\u00e1s escorts abiertas a esta pr\u00e1ctica y dispuestas a satisfacer tus deseos [...].<\/p>","protected":false},"author":3,"featured_media":0,"parent":0,"menu_order":0,"comment_status":"closed","ping_status":"closed","template":"","meta":{"footnotes":""},"class_list":["post-10572","page","type-page","status-publish","hentry"],"acf":[],"yoast_head":"<!-- This site is optimized with the Yoast SEO plugin v26.0 - https:\/\/yoast.com\/wordpress\/plugins\/seo\/ -->\n<title>Douche dor\u00e9e Lausanne - Meetgirl - Annonces \u00e9rotiques - Escorts, massages et salons<\/title>\n<meta name=\"description\" content=\"Explorez la douche dor\u00e9e \u00e0 Lausanne avec une escort experte. Vivez ce fantasme f\u00e9tichiste dans un cadre discret, hygi\u00e9nique et respectueux\" \/>\n<meta name=\"robots\" content=\"index, follow, max-snippet:-1, max-image-preview:large, max-video-preview:-1\" \/>\n<link rel=\"canonical\" href=\"https:\/\/meetgirl.ch\/es\/douche-doree-lausanne\/\" \/>\n<meta property=\"og:locale\" content=\"es_ES\" \/>\n<meta property=\"og:type\" content=\"article\" \/>\n<meta property=\"og:title\" content=\"Douche dor\u00e9e Lausanne - Meetgirl - Annonces \u00e9rotiques - Escorts, massages et salons\" \/>\n<meta property=\"og:description\" content=\"Explorez la douche dor\u00e9e \u00e0 Lausanne avec une escort experte. Vivez ce fantasme f\u00e9tichiste dans un cadre discret, hygi\u00e9nique et respectueux\" \/>\n<meta property=\"og:url\" content=\"https:\/\/meetgirl.ch\/es\/douche-doree-lausanne\/\" \/>\n<meta property=\"og:site_name\" content=\"Meetgirl - Annonces \u00e9rotiques - Escorts, massages et salons\" \/>\n<meta property=\"article:modified_time\" content=\"2025-07-06T11:00:24+00:00\" \/>\n<meta property=\"og:image\" content=\"https:\/\/meetgirl.ch\/wp-content\/uploads\/2025\/03\/meetgirl-yoast.jpg\" \/>\n\t<meta property=\"og:image:width\" content=\"1200\" \/>\n\t<meta property=\"og:image:height\" content=\"675\" \/>\n\t<meta property=\"og:image:type\" content=\"image\/jpeg\" \/>\n<meta name=\"twitter:card\" content=\"summary_large_image\" \/>\n<meta name=\"twitter:label1\" content=\"Tiempo de lectura\" \/>\n\t<meta name=\"twitter:data1\" content=\"3 minutos\" \/>\n<script type=\"application\/ld+json\" class=\"yoast-schema-graph\">{\"@context\":\"https:\/\/schema.org\",\"@graph\":[{\"@type\":\"WebPage\",\"@id\":\"https:\/\/meetgirl.ch\/douche-doree-lausanne\/\",\"url\":\"https:\/\/meetgirl.ch\/douche-doree-lausanne\/\",\"name\":\"Douche dor\u00e9e Lausanne - Meetgirl - Annonces \u00e9rotiques - Escorts, massages et salons\",\"isPartOf\":{\"@id\":\"https:\/\/meetgirl.ch\/#website\"},\"primaryImageOfPage\":{\"@id\":\"https:\/\/meetgirl.ch\/douche-doree-lausanne\/#primaryimage\"},\"image\":{\"@id\":\"https:\/\/meetgirl.ch\/douche-doree-lausanne\/#primaryimage\"},\"thumbnailUrl\":\"https:\/\/meetgirl.ch\/wp-content\/uploads\/2025\/05\/domina-geneve-3.jpg\",\"datePublished\":\"2025-07-06T10:58:26+00:00\",\"dateModified\":\"2025-07-06T11:00:24+00:00\",\"description\":\"Explorez la douche dor\u00e9e \u00e0 Lausanne avec une escort experte. Vivez ce fantasme f\u00e9tichiste dans un cadre discret, hygi\u00e9nique et respectueux\",\"breadcrumb\":{\"@id\":\"https:\/\/meetgirl.ch\/douche-doree-lausanne\/#breadcrumb\"},\"inLanguage\":\"es\",\"potentialAction\":[{\"@type\":\"ReadAction\",\"target\":[\"https:\/\/meetgirl.ch\/douche-doree-lausanne\/\"]}]},{\"@type\":\"ImageObject\",\"inLanguage\":\"es\",\"@id\":\"https:\/\/meetgirl.ch\/douche-doree-lausanne\/#primaryimage\",\"url\":\"https:\/\/meetgirl.ch\/wp-content\/uploads\/2025\/05\/domina-geneve-3.jpg\",\"contentUrl\":\"https:\/\/meetgirl.ch\/wp-content\/uploads\/2025\/05\/domina-geneve-3.jpg\"},{\"@type\":\"BreadcrumbList\",\"@id\":\"https:\/\/meetgirl.ch\/douche-doree-lausanne\/#breadcrumb\",\"itemListElement\":[{\"@type\":\"ListItem\",\"position\":1,\"name\":\"Accueil\",\"item\":\"https:\/\/meetgirl.ch\/\"},{\"@type\":\"ListItem\",\"position\":2,\"name\":\"Douche dor\u00e9e Lausanne\"}]},{\"@type\":\"WebSite\",\"@id\":\"https:\/\/meetgirl.ch\/#website\",\"url\":\"https:\/\/meetgirl.ch\/\",\"name\":\"MeetGirl - Annonces \u00e9rotiques Suisse - Escorts, massages et salons\",\"description\":\"Escorts et massages \u00e9rotiques\",\"publisher\":{\"@id\":\"https:\/\/meetgirl.ch\/#organization\"},\"alternateName\":\"Annuaire \u00e9rotique Suisse Escort \u00e0 Gen\u00e8ve, Lausanne, Valais, Neuch\u00e2tel\",\"potentialAction\":[{\"@type\":\"SearchAction\",\"target\":{\"@type\":\"EntryPoint\",\"urlTemplate\":\"https:\/\/meetgirl.ch\/?s={search_term_string}\"},\"query-input\":{\"@type\":\"PropertyValueSpecification\",\"valueRequired\":true,\"valueName\":\"search_term_string\"}}],\"inLanguage\":\"es\"},{\"@type\":\"Organization\",\"@id\":\"https:\/\/meetgirl.ch\/#organization\",\"name\":\"Escort et massage \u00e9rotique\",\"alternateName\":\"Meetgirl escortes et masseuses\",\"url\":\"https:\/\/meetgirl.ch\/\",\"logo\":{\"@type\":\"ImageObject\",\"inLanguage\":\"es\",\"@id\":\"https:\/\/meetgirl.ch\/#\/schema\/logo\/image\/\",\"url\":\"https:\/\/meetgirl.ch\/wp-content\/uploads\/2024\/05\/cropped-meet-logo.png\",\"contentUrl\":\"https:\/\/meetgirl.ch\/wp-content\/uploads\/2024\/05\/cropped-meet-logo.png\",\"width\":512,\"height\":512,\"caption\":\"Escort et massage \u00e9rotique\"},\"image\":{\"@id\":\"https:\/\/meetgirl.ch\/#\/schema\/logo\/image\/\"}}]}<\/script>\n<!-- \/ Yoast SEO plugin. -->","yoast_head_json":{"title":"Douche dor\u00e9e Lausanne - Meetgirl - Anuncios er\u00f3ticos - Escorts, masajes y salones","description":"Explore la lluvia dorada en Lausana con una escort experta. Experimente esta fantas\u00eda fetichista en un entorno discreto, higi\u00e9nico y respetuoso.","robots":{"index":"index","follow":"follow","max-snippet":"max-snippet:-1","max-image-preview":"max-image-preview:large","max-video-preview":"max-video-preview:-1"},"canonical":"https:\/\/meetgirl.ch\/es\/douche-doree-lausanne\/","og_locale":"es_ES","og_type":"article","og_title":"Douche dor\u00e9e Lausanne - Meetgirl - Annonces \u00e9rotiques - Escorts, massages et salons","og_description":"Explorez la douche dor\u00e9e \u00e0 Lausanne avec une escort experte. Vivez ce fantasme f\u00e9tichiste dans un cadre discret, hygi\u00e9nique et respectueux","og_url":"https:\/\/meetgirl.ch\/es\/douche-doree-lausanne\/","og_site_name":"Meetgirl - Annonces \u00e9rotiques - Escorts, massages et salons","article_modified_time":"2025-07-06T11:00:24+00:00","og_image":[{"width":1200,"height":675,"url":"https:\/\/meetgirl.ch\/wp-content\/uploads\/2025\/03\/meetgirl-yoast.jpg","type":"image\/jpeg"}],"twitter_card":"summary_large_image","twitter_misc":{"Tiempo de lectura":"3 minutos"},"schema":{"@context":"https:\/\/schema.org","@graph":[{"@type":"WebPage","@id":"https:\/\/meetgirl.ch\/douche-doree-lausanne\/","url":"https:\/\/meetgirl.ch\/douche-doree-lausanne\/","name":"Douche dor\u00e9e Lausanne - Meetgirl - Anuncios er\u00f3ticos - Escorts, masajes y salones","isPartOf":{"@id":"https:\/\/meetgirl.ch\/#website"},"primaryImageOfPage":{"@id":"https:\/\/meetgirl.ch\/douche-doree-lausanne\/#primaryimage"},"image":{"@id":"https:\/\/meetgirl.ch\/douche-doree-lausanne\/#primaryimage"},"thumbnailUrl":"https:\/\/meetgirl.ch\/wp-content\/uploads\/2025\/05\/domina-geneve-3.jpg","datePublished":"2025-07-06T10:58:26+00:00","dateModified":"2025-07-06T11:00:24+00:00","description":"Explore la lluvia dorada en Lausana con una escort experta. Experimente esta fantas\u00eda fetichista en un entorno discreto, higi\u00e9nico y respetuoso.","breadcrumb":{"@id":"https:\/\/meetgirl.ch\/douche-doree-lausanne\/#breadcrumb"},"inLanguage":"es","potentialAction":[{"@type":"ReadAction","target":["https:\/\/meetgirl.ch\/douche-doree-lausanne\/"]}]},{"@type":"ImageObject","inLanguage":"es","@id":"https:\/\/meetgirl.ch\/douche-doree-lausanne\/#primaryimage","url":"https:\/\/meetgirl.ch\/wp-content\/uploads\/2025\/05\/domina-geneve-3.jpg","contentUrl":"https:\/\/meetgirl.ch\/wp-content\/uploads\/2025\/05\/domina-geneve-3.jpg"},{"@type":"BreadcrumbList","@id":"https:\/\/meetgirl.ch\/douche-doree-lausanne\/#breadcrumb","itemListElement":[{"@type":"ListItem","position":1,"name":"Accueil","item":"https:\/\/meetgirl.ch\/"},{"@type":"ListItem","position":2,"name":"Douche dor\u00e9e Lausanne"}]},{"@type":"WebSite","@id":"https:\/\/meetgirl.ch\/#website","url":"https:\/\/meetgirl.ch\/","name":"MeetGirl - Anuncios er\u00f3ticos Suiza - Escorts, masajes y salones","description":"Escorts y masajes er\u00f3ticos","publisher":{"@id":"https:\/\/meetgirl.ch\/#organization"},"alternateName":"Annuaire \u00e9rotique Suisse Escort \u00e0 Gen\u00e8ve, Lausanne, Valais, Neuch\u00e2tel","potentialAction":[{"@type":"SearchAction","target":{"@type":"EntryPoint","urlTemplate":"https:\/\/meetgirl.ch\/?s={search_term_string}"},"query-input":{"@type":"PropertyValueSpecification","valueRequired":true,"valueName":"search_term_string"}}],"inLanguage":"es"},{"@type":"Organization","@id":"https:\/\/meetgirl.ch\/#organization","name":"Escort y masaje er\u00f3tico","alternateName":"Meetgirl escortes et masseuses","url":"https:\/\/meetgirl.ch\/","logo":{"@type":"ImageObject","inLanguage":"es","@id":"https:\/\/meetgirl.ch\/#\/schema\/logo\/image\/","url":"https:\/\/meetgirl.ch\/wp-content\/uploads\/2024\/05\/cropped-meet-logo.png","contentUrl":"https:\/\/meetgirl.ch\/wp-content\/uploads\/2024\/05\/cropped-meet-logo.png","width":512,"height":512,"caption":"Escort et massage \u00e9rotique"},"image":{"@id":"https:\/\/meetgirl.ch\/#\/schema\/logo\/image\/"}}]}},"_links":{"self":[{"href":"https:\/\/meetgirl.ch\/es\/wp-json\/wp\/v2\/pages\/10572","targetHints":{"allow":["GET"]}}],"collection":[{"href":"https:\/\/meetgirl.ch\/es\/wp-json\/wp\/v2\/pages"}],"about":[{"href":"https:\/\/meetgirl.ch\/es\/wp-json\/wp\/v2\/types\/page"}],"author":[{"embeddable":true,"href":"https:\/\/meetgirl.ch\/es\/wp-json\/wp\/v2\/users\/3"}],"replies":[{"embeddable":true,"href":"https:\/\/meetgirl.ch\/es\/wp-json\/wp\/v2\/comments?post=10572"}],"version-history":[{"count":0,"href":"https:\/\/meetgirl.ch\/es\/wp-json\/wp\/v2\/pages\/10572\/revisions"}],"wp:attachment":[{"href":"https:\/\/meetgirl.ch\/es\/wp-json\/wp\/v2\/media?parent=10572"}],"curies":[{"name":"wp","href":"https:\/\/api.w.org\/{rel}","templated":true}]}}