{"id":10619,"date":"2025-07-06T11:42:17","date_gmt":"2025-07-06T11:42:17","guid":{"rendered":"https:\/\/meetgirl.ch\/?page_id=10619"},"modified":"2025-07-06T12:32:27","modified_gmt":"2025-07-06T12:32:27","slug":"shibari-artistique-lausanne","status":"publish","type":"page","link":"https:\/\/meetgirl.ch\/es\/shibari-artistique-lausanne\/","title":{"rendered":"Shibari artistique Lausanne"},"content":{"rendered":"<div data-elementor-type=\"wp-page\" data-elementor-id=\"10619\" class=\"elementor elementor-10619\">\n\t\t\t\t<div class=\"elementor-element elementor-element-84a900b e-flex e-con-boxed e-con e-parent\" data-id=\"84a900b\" data-element_type=\"container\" data-settings=\"{&quot;jet_parallax_layout_list&quot;:[]}\">\n\t\t\t\t\t<div class=\"e-con-inner\">\n\t\t<div class=\"elementor-element elementor-element-c2de33e e-con-full e-flex e-con e-child\" data-id=\"c2de33e\" data-element_type=\"container\" data-settings=\"{&quot;jet_parallax_layout_list&quot;:[]}\">\n\t\t\t\t<div class=\"elementor-element elementor-element-3fdeac5 elementor-widget elementor-widget-image\" data-id=\"3fdeac5\" data-element_type=\"widget\" data-widget_type=\"image.default\">\n\t\t\t\t<div class=\"elementor-widget-container\">\n\t\t\t\t\t\t\t\t\t\t\t\t\t\t\t<img decoding=\"async\" src=\"https:\/\/meetgirl.ch\/wp-content\/uploads\/2025\/05\/domina-geneve-3.jpg\" title=\"\" alt=\"\" loading=\"lazy\" \/>\t\t\t\t\t\t\t\t\t\t\t\t\t\t\t<\/div>\n\t\t\t\t<\/div>\n\t\t\t\t<div class=\"elementor-element elementor-element-feb6a58 elementor-widget elementor-widget-text-editor\" data-id=\"feb6a58\" data-element_type=\"widget\" data-widget_type=\"text-editor.default\">\n\t\t\t\t<div class=\"elementor-widget-container\">\n\t\t\t\t\t\t\t\t\t<p><span style=\"color: #ffffff;\"><a style=\"color: #ffffff;\" href=\"https:\/\/meetgirl.ch\/es\/bondage-lausana\/\">Descubra tambi\u00e9n Bondage<\/a><\/span><\/p>\t\t\t\t\t\t\t\t<\/div>\n\t\t\t\t<\/div>\n\t\t\t\t<\/div>\n\t\t<div class=\"elementor-element elementor-element-5b09e63 e-con-full e-flex e-con e-child\" data-id=\"5b09e63\" data-element_type=\"container\" data-settings=\"{&quot;jet_parallax_layout_list&quot;:[]}\">\n\t\t\t\t<div class=\"elementor-element elementor-element-7558b03 elementor-widget elementor-widget-text-editor\" data-id=\"7558b03\" data-element_type=\"widget\" data-widget_type=\"text-editor.default\">\n\t\t\t\t<div class=\"elementor-widget-container\">\n\t\t\t\t\t\t\t\t\t<div style=\"color: white; font-family: Arial, sans-serif; line-height: 1.6;\">\n  <h1 style=\"font-size: 32px; font-weight: bold; text-align: center; color: #ff6f61;\">\n    Shibari art\u00edstico en Lausana - El arte del bondage japon\u00e9s con una refinada escort\n  <\/h1>\n\n  <h2 style=\"font-size: 28px; font-weight: bold; color: #ff6f61;\">\n    Descubre la belleza del Shibari con una escort experimentada\n  <\/h2>\n  En Lausana, algunas escorts le proponen una iniciaci\u00f3n o una sesi\u00f3n de <strong>Shibari art\u00edstico<\/strong>Una forma de bondage japon\u00e9s que combina erotismo, est\u00e9tica y emoci\u00f3n. Estos juegos con cuerdas subliman el cuerpo y despiertan los sentidos en un entorno \u00edntimo y seguro.\n\n  <h2 style=\"font-size: 28px; font-weight: bold; color: #ff6f61;\">\n    \u00bfQu\u00e9 es el shibari?\n  <\/h2>\n  Shibari (\u7e1b\u308a), tambi\u00e9n conocido como Kinbaku, es el arte de atar el cuerpo con cuerdas naturales utilizando t\u00e9cnicas precisas. M\u00e1s que bondage, es un lenguaje corporal que evoca confianza, vulnerabilidad, dejarse llevar y excitaci\u00f3n visual.\n\n  <h3 style=\"font-size: 24px; font-weight: bold; color: #ff6f61;\">\n    Una experiencia est\u00e9tica y emocional\n  <\/h3>\n  El shibari puede ser suave, lento y meditativo, o m\u00e1s intenso, seg\u00fan tus deseos. El acompa\u00f1ante crea una escena en la que tu cuerpo se convierte en una obra de arte. Cada nudo, cada tensi\u00f3n de la cuerda es una invitaci\u00f3n a sentir de forma diferente.\n\n  <h2 style=\"font-size: 28px; font-weight: bold; color: #ff6f61;\">\n    \u00bfPor qu\u00e9 experimentar una sesi\u00f3n de Shibari con una escort en Lausana?\n  <\/h2>\n  Una escort formada en Shibari conoce las t\u00e9cnicas de seguridad, los puntos de presi\u00f3n y los l\u00edmites que deben respetarse. Le acompa\u00f1ar\u00e1 con profesionalidad para una sesi\u00f3n armoniosa, ya sea puramente art\u00edstica, sensual o ligeramente BDSM.\n\n  <h3 style=\"font-size: 24px; font-weight: bold; color: #ff6f61;\">\n    Un arte \u00edntimo que se practica en los barrios chic de Lausana\n  <\/h3>\n  Conoce a tu escort Shibari en <strong>Ouchy<\/strong>, <strong>Lausana-Centro<\/strong>, <strong>Chailly<\/strong> o <strong>Polea<\/strong>. Las citas se celebran con total discreci\u00f3n, en un entorno c\u00e1lido, limpio y seguro.\n\n  <h2 style=\"font-size: 28px; font-weight: bold; color: #ff6f61;\">\n    Encuentra una escort especializada en Shibari en meetgirl.ch\n  <\/h2>\n  Visite <strong>meetgirl.ch<\/strong>Puedes filtrar los perfiles de los escorts en Lausana que ofrecen Shibari art\u00edstico. D\u00e9jate guiar por las fotos, las rese\u00f1as y las descripciones detalladas para elegir a la que satisfaga tus deseos.\n\n  <h2 style=\"font-size: 28px; font-weight: bold; color: #ff6f61;\">\n    Reserve una experiencia Shibari \u00fanica en Lausana\n  <\/h2>\n  Tanto si desea explorar una nueva forma de placer como abandonarse en manos de un experto, Shibari es un interludio sensual y est\u00e9tico. Reserve ahora en <strong>meetgirl.ch<\/strong> para una sesi\u00f3n inolvidable.\n<\/div>\n\t\t\t\t\t\t\t\t<\/div>\n\t\t\t\t<\/div>\n\t\t\t\t<\/div>\n\t\t\t\t\t<\/div>\n\t\t\t\t<\/div>\n\t\t\t\t<\/div>","protected":false},"excerpt":{"rendered":"<p>A d\u00e9couvrir aussi le Bondage Shibari artistique \u00e0 Lausanne \u2013 L\u2019art du bondage japonais avec une escort raffin\u00e9e D\u00e9couvrez la beaut\u00e9 du Shibari avec une escort exp\u00e9riment\u00e9e \u00c0 Lausanne, certaines escorts vous proposent une initiation ou une s\u00e9ance immersive de Shibari artistique, une forme de bondage japonais m\u00ealant \u00e9rotisme, esth\u00e9tique et \u00e9motion. Ces jeux de [&hellip;]<\/p>","protected":false},"author":3,"featured_media":0,"parent":0,"menu_order":0,"comment_status":"closed","ping_status":"closed","template":"","meta":{"footnotes":""},"class_list":["post-10619","page","type-page","status-publish","hentry"],"acf":[],"yoast_head":"<!-- This site is optimized with the Yoast SEO plugin v26.0 - https:\/\/yoast.com\/wordpress\/plugins\/seo\/ -->\n<title>Shibari artistique Lausanne - Meetgirl - Annonces \u00e9rotiques - Escorts, massages et salons<\/title>\n<meta name=\"description\" content=\"Vivez une s\u00e9ance de Shibari artistique \u00e0 Lausanne avec une escort experte. Sensualit\u00e9, esth\u00e9tique et cordes japonaises sur meetgirl.ch\" \/>\n<meta name=\"robots\" content=\"index, follow, max-snippet:-1, max-image-preview:large, max-video-preview:-1\" \/>\n<link rel=\"canonical\" href=\"https:\/\/meetgirl.ch\/es\/shibari-artistique-lausanne\/\" \/>\n<meta property=\"og:locale\" content=\"es_ES\" \/>\n<meta property=\"og:type\" content=\"article\" \/>\n<meta property=\"og:title\" content=\"Shibari artistique Lausanne - Meetgirl - Annonces \u00e9rotiques - Escorts, massages et salons\" \/>\n<meta property=\"og:description\" content=\"Vivez une s\u00e9ance de Shibari artistique \u00e0 Lausanne avec une escort experte. Sensualit\u00e9, esth\u00e9tique et cordes japonaises sur meetgirl.ch\" \/>\n<meta property=\"og:url\" content=\"https:\/\/meetgirl.ch\/es\/shibari-artistique-lausanne\/\" \/>\n<meta property=\"og:site_name\" content=\"Meetgirl - Annonces \u00e9rotiques - Escorts, massages et salons\" \/>\n<meta property=\"article:modified_time\" content=\"2025-07-06T12:32:27+00:00\" \/>\n<meta property=\"og:image\" content=\"https:\/\/meetgirl.ch\/wp-content\/uploads\/2025\/03\/meetgirl-yoast.jpg\" \/>\n\t<meta property=\"og:image:width\" content=\"1200\" \/>\n\t<meta property=\"og:image:height\" content=\"675\" \/>\n\t<meta property=\"og:image:type\" content=\"image\/jpeg\" \/>\n<meta name=\"twitter:card\" content=\"summary_large_image\" \/>\n<meta name=\"twitter:label1\" content=\"Tiempo de lectura\" \/>\n\t<meta name=\"twitter:data1\" content=\"2 minutos\" \/>\n<script type=\"application\/ld+json\" class=\"yoast-schema-graph\">{\"@context\":\"https:\/\/schema.org\",\"@graph\":[{\"@type\":\"WebPage\",\"@id\":\"https:\/\/meetgirl.ch\/shibari-artistique-lausanne\/\",\"url\":\"https:\/\/meetgirl.ch\/shibari-artistique-lausanne\/\",\"name\":\"Shibari artistique Lausanne - Meetgirl - Annonces \u00e9rotiques - Escorts, massages et salons\",\"isPartOf\":{\"@id\":\"https:\/\/meetgirl.ch\/#website\"},\"primaryImageOfPage\":{\"@id\":\"https:\/\/meetgirl.ch\/shibari-artistique-lausanne\/#primaryimage\"},\"image\":{\"@id\":\"https:\/\/meetgirl.ch\/shibari-artistique-lausanne\/#primaryimage\"},\"thumbnailUrl\":\"https:\/\/meetgirl.ch\/wp-content\/uploads\/2025\/05\/domina-geneve-3.jpg\",\"datePublished\":\"2025-07-06T11:42:17+00:00\",\"dateModified\":\"2025-07-06T12:32:27+00:00\",\"description\":\"Vivez une s\u00e9ance de Shibari artistique \u00e0 Lausanne avec une escort experte. Sensualit\u00e9, esth\u00e9tique et cordes japonaises sur meetgirl.ch\",\"breadcrumb\":{\"@id\":\"https:\/\/meetgirl.ch\/shibari-artistique-lausanne\/#breadcrumb\"},\"inLanguage\":\"es\",\"potentialAction\":[{\"@type\":\"ReadAction\",\"target\":[\"https:\/\/meetgirl.ch\/shibari-artistique-lausanne\/\"]}]},{\"@type\":\"ImageObject\",\"inLanguage\":\"es\",\"@id\":\"https:\/\/meetgirl.ch\/shibari-artistique-lausanne\/#primaryimage\",\"url\":\"https:\/\/meetgirl.ch\/wp-content\/uploads\/2025\/05\/domina-geneve-3.jpg\",\"contentUrl\":\"https:\/\/meetgirl.ch\/wp-content\/uploads\/2025\/05\/domina-geneve-3.jpg\"},{\"@type\":\"BreadcrumbList\",\"@id\":\"https:\/\/meetgirl.ch\/shibari-artistique-lausanne\/#breadcrumb\",\"itemListElement\":[{\"@type\":\"ListItem\",\"position\":1,\"name\":\"Accueil\",\"item\":\"https:\/\/meetgirl.ch\/\"},{\"@type\":\"ListItem\",\"position\":2,\"name\":\"Shibari artistique Lausanne\"}]},{\"@type\":\"WebSite\",\"@id\":\"https:\/\/meetgirl.ch\/#website\",\"url\":\"https:\/\/meetgirl.ch\/\",\"name\":\"MeetGirl - Annonces \u00e9rotiques Suisse - Escorts, massages et salons\",\"description\":\"Escorts et massages \u00e9rotiques\",\"publisher\":{\"@id\":\"https:\/\/meetgirl.ch\/#organization\"},\"alternateName\":\"Annuaire \u00e9rotique Suisse Escort \u00e0 Gen\u00e8ve, Lausanne, Valais, Neuch\u00e2tel\",\"potentialAction\":[{\"@type\":\"SearchAction\",\"target\":{\"@type\":\"EntryPoint\",\"urlTemplate\":\"https:\/\/meetgirl.ch\/?s={search_term_string}\"},\"query-input\":{\"@type\":\"PropertyValueSpecification\",\"valueRequired\":true,\"valueName\":\"search_term_string\"}}],\"inLanguage\":\"es\"},{\"@type\":\"Organization\",\"@id\":\"https:\/\/meetgirl.ch\/#organization\",\"name\":\"Escort et massage \u00e9rotique\",\"alternateName\":\"Meetgirl escortes et masseuses\",\"url\":\"https:\/\/meetgirl.ch\/\",\"logo\":{\"@type\":\"ImageObject\",\"inLanguage\":\"es\",\"@id\":\"https:\/\/meetgirl.ch\/#\/schema\/logo\/image\/\",\"url\":\"https:\/\/meetgirl.ch\/wp-content\/uploads\/2024\/05\/cropped-meet-logo.png\",\"contentUrl\":\"https:\/\/meetgirl.ch\/wp-content\/uploads\/2024\/05\/cropped-meet-logo.png\",\"width\":512,\"height\":512,\"caption\":\"Escort et massage \u00e9rotique\"},\"image\":{\"@id\":\"https:\/\/meetgirl.ch\/#\/schema\/logo\/image\/\"}}]}<\/script>\n<!-- \/ Yoast SEO plugin. -->","yoast_head_json":{"title":"Shibari artistique Lausanne - Meetgirl - Anuncios er\u00f3ticos - Escorts, masajes y salones","description":"Vive una sesi\u00f3n de Shibari art\u00edstico en Lausana con una escort experta. Sensualidad, est\u00e9tica y cuerdas japonesas en meetgirl.ch","robots":{"index":"index","follow":"follow","max-snippet":"max-snippet:-1","max-image-preview":"max-image-preview:large","max-video-preview":"max-video-preview:-1"},"canonical":"https:\/\/meetgirl.ch\/es\/shibari-artistique-lausanne\/","og_locale":"es_ES","og_type":"article","og_title":"Shibari artistique Lausanne - Meetgirl - Annonces \u00e9rotiques - Escorts, massages et salons","og_description":"Vivez une s\u00e9ance de Shibari artistique \u00e0 Lausanne avec une escort experte. Sensualit\u00e9, esth\u00e9tique et cordes japonaises sur meetgirl.ch","og_url":"https:\/\/meetgirl.ch\/es\/shibari-artistique-lausanne\/","og_site_name":"Meetgirl - Annonces \u00e9rotiques - Escorts, massages et salons","article_modified_time":"2025-07-06T12:32:27+00:00","og_image":[{"width":1200,"height":675,"url":"https:\/\/meetgirl.ch\/wp-content\/uploads\/2025\/03\/meetgirl-yoast.jpg","type":"image\/jpeg"}],"twitter_card":"summary_large_image","twitter_misc":{"Tiempo de lectura":"2 minutos"},"schema":{"@context":"https:\/\/schema.org","@graph":[{"@type":"WebPage","@id":"https:\/\/meetgirl.ch\/shibari-artistique-lausanne\/","url":"https:\/\/meetgirl.ch\/shibari-artistique-lausanne\/","name":"Shibari artistique Lausanne - Meetgirl - Anuncios er\u00f3ticos - Escorts, masajes y salones","isPartOf":{"@id":"https:\/\/meetgirl.ch\/#website"},"primaryImageOfPage":{"@id":"https:\/\/meetgirl.ch\/shibari-artistique-lausanne\/#primaryimage"},"image":{"@id":"https:\/\/meetgirl.ch\/shibari-artistique-lausanne\/#primaryimage"},"thumbnailUrl":"https:\/\/meetgirl.ch\/wp-content\/uploads\/2025\/05\/domina-geneve-3.jpg","datePublished":"2025-07-06T11:42:17+00:00","dateModified":"2025-07-06T12:32:27+00:00","description":"Vive una sesi\u00f3n de Shibari art\u00edstico en Lausana con una escort experta. Sensualidad, est\u00e9tica y cuerdas japonesas en meetgirl.ch","breadcrumb":{"@id":"https:\/\/meetgirl.ch\/shibari-artistique-lausanne\/#breadcrumb"},"inLanguage":"es","potentialAction":[{"@type":"ReadAction","target":["https:\/\/meetgirl.ch\/shibari-artistique-lausanne\/"]}]},{"@type":"ImageObject","inLanguage":"es","@id":"https:\/\/meetgirl.ch\/shibari-artistique-lausanne\/#primaryimage","url":"https:\/\/meetgirl.ch\/wp-content\/uploads\/2025\/05\/domina-geneve-3.jpg","contentUrl":"https:\/\/meetgirl.ch\/wp-content\/uploads\/2025\/05\/domina-geneve-3.jpg"},{"@type":"BreadcrumbList","@id":"https:\/\/meetgirl.ch\/shibari-artistique-lausanne\/#breadcrumb","itemListElement":[{"@type":"ListItem","position":1,"name":"Accueil","item":"https:\/\/meetgirl.ch\/"},{"@type":"ListItem","position":2,"name":"Shibari artistique Lausanne"}]},{"@type":"WebSite","@id":"https:\/\/meetgirl.ch\/#website","url":"https:\/\/meetgirl.ch\/","name":"MeetGirl - Anuncios er\u00f3ticos Suiza - Escorts, masajes y salones","description":"Escorts y masajes er\u00f3ticos","publisher":{"@id":"https:\/\/meetgirl.ch\/#organization"},"alternateName":"Annuaire \u00e9rotique Suisse Escort \u00e0 Gen\u00e8ve, Lausanne, Valais, Neuch\u00e2tel","potentialAction":[{"@type":"SearchAction","target":{"@type":"EntryPoint","urlTemplate":"https:\/\/meetgirl.ch\/?s={search_term_string}"},"query-input":{"@type":"PropertyValueSpecification","valueRequired":true,"valueName":"search_term_string"}}],"inLanguage":"es"},{"@type":"Organization","@id":"https:\/\/meetgirl.ch\/#organization","name":"Escort y masaje er\u00f3tico","alternateName":"Meetgirl escortes et masseuses","url":"https:\/\/meetgirl.ch\/","logo":{"@type":"ImageObject","inLanguage":"es","@id":"https:\/\/meetgirl.ch\/#\/schema\/logo\/image\/","url":"https:\/\/meetgirl.ch\/wp-content\/uploads\/2024\/05\/cropped-meet-logo.png","contentUrl":"https:\/\/meetgirl.ch\/wp-content\/uploads\/2024\/05\/cropped-meet-logo.png","width":512,"height":512,"caption":"Escort et massage \u00e9rotique"},"image":{"@id":"https:\/\/meetgirl.ch\/#\/schema\/logo\/image\/"}}]}},"_links":{"self":[{"href":"https:\/\/meetgirl.ch\/es\/wp-json\/wp\/v2\/pages\/10619","targetHints":{"allow":["GET"]}}],"collection":[{"href":"https:\/\/meetgirl.ch\/es\/wp-json\/wp\/v2\/pages"}],"about":[{"href":"https:\/\/meetgirl.ch\/es\/wp-json\/wp\/v2\/types\/page"}],"author":[{"embeddable":true,"href":"https:\/\/meetgirl.ch\/es\/wp-json\/wp\/v2\/users\/3"}],"replies":[{"embeddable":true,"href":"https:\/\/meetgirl.ch\/es\/wp-json\/wp\/v2\/comments?post=10619"}],"version-history":[{"count":0,"href":"https:\/\/meetgirl.ch\/es\/wp-json\/wp\/v2\/pages\/10619\/revisions"}],"wp:attachment":[{"href":"https:\/\/meetgirl.ch\/es\/wp-json\/wp\/v2\/media?parent=10619"}],"curies":[{"name":"wp","href":"https:\/\/api.w.org\/{rel}","templated":true}]}}