{"id":11558,"date":"2025-08-05T12:11:18","date_gmt":"2025-08-05T12:11:18","guid":{"rendered":"https:\/\/meetgirl.ch\/?page_id=11558"},"modified":"2025-08-05T12:13:48","modified_gmt":"2025-08-05T12:13:48","slug":"rencontrer-une-escort-soumise-en-valais","status":"publish","type":"page","link":"https:\/\/meetgirl.ch\/es\/rencontrer-une-escort-soumise-en-valais\/","title":{"rendered":"Rencontrer une escort soumise en Valais"},"content":{"rendered":"<div data-elementor-type=\"wp-page\" data-elementor-id=\"11558\" class=\"elementor elementor-11558\">\n\t\t\t\t<div class=\"elementor-element elementor-element-1d577c7 e-flex e-con-boxed e-con e-parent\" data-id=\"1d577c7\" data-element_type=\"container\" data-settings=\"{&quot;jet_parallax_layout_list&quot;:[]}\">\n\t\t\t\t\t<div class=\"e-con-inner\">\n\t\t\t\t<div class=\"elementor-element elementor-element-ec04eff elementor-widget elementor-widget-case27-listing-feed-widget\" data-id=\"ec04eff\" data-element_type=\"widget\" data-widget_type=\"case27-listing-feed-widget.default\">\n\t\t\t\t<div class=\"elementor-widget-container\">\n\t\t\t\t\t\t\t<section class=\"i-section listing-feed\">\r\n\t\t<div class=\"container-fluid\">\r\n\t\t\t<div class=\"row section-body grid\">\r\n\t\t\t\t\t\t\t\t\t<div class=\"col-lg-4 col-md-4 col-sm-6 col-xs-12 grid-item\"><div class=\"lf-item-container listing-preview type-independante no-logo has-tagline no-info-fields level-promoted priority-2\" data-id=\"listing-id-14054\" data-category-icon=\"\t&lt;i class=&quot;mi bookmark_border&quot; style=&quot;color: #fff; background: #f67675; &quot;&gt;&lt;\/i&gt;\t\" data-category-color=\"#f67675\" data-category-text-color=\"#fff\" data-thumbnail=\"https:\/\/meetgirl.ch\/wp-content\/themes\/my-listing\/assets\/images\/marker.jpg\" data-marker=\"https:\/\/meetgirl.ch\/wp-content\/themes\/my-listing\/assets\/images\/marker.jpg\" data-template=\"default\" data-locations=\"[{&quot;address&quot;:&quot;canton du Valais, Suisse&quot;,&quot;lat&quot;:&quot;46.23118&quot;,&quot;lng&quot;:&quot;7.35888&quot;}]\"\n><div class=\"lf-item lf-item-default\" data-template=\"default\"> <a href=\"https:\/\/meetgirl.ch\/de\/escorts\/bellemancini-3\/\"> <div class=\"overlay\" style=\" background-color: #242429; opacity: 0;\"><\/div> <div class=\"lf-background\" style=\"background-image: url('https:\/\/meetgirl.ch\/wp-content\/uploads\/2025\/09\/IMG-20250906-WA0002-1-768x1042.jpg');\"><\/div> <div class=\"lf-item-info\"> <h4 class=\"case27-primary-text listing-preview-title\"> Bellemancini <\/h4> <\/div> <\/a> <div class=\"lf-head level-promoted\"> <span class=\"tooltip-element tooltip-bottom\"> <div class=\"lf-head-btn ad-badge\"> <span><i class=\"icon-flash\"><\/i><\/span> <\/div> <span class=\"tooltip-container\" data-no-translation=\"\" data-trp-gettext=\"\">Promoted<\/span> <\/span> <\/div> <\/div> <div class=\"listing-details-3 c27-footer-section\"> <ul class=\"details-list no-list-style\"> <li class=\"\" > <span>cant\u00f3n de Valais <\/span> <\/li> <li class=\"\" > <span> <div class=\"codicts-online-status\"><span class=\"codicts-dot cdtsols-offline\"><\/span> <span class=\"cdtsols-txt\">-Online-8H<\/span><\/div> <\/span> <\/li> <\/ul> <\/div> <div class=\"listing-details-3 c27-footer-section\"> <ul class=\"details-list no-list-style\"> <li class=\"\" > <span>Hermosa acompa\u00f1ante <\/span> <\/li> <\/ul> <\/div> <\/div><\/div>\t\t\t\t\t\t\t\t\t<div class=\"col-lg-4 col-md-4 col-sm-6 col-xs-12 grid-item\"><div class=\"lf-item-container listing-preview type-independante no-logo has-tagline no-info-fields level-promoted priority-2\" data-id=\"listing-id-11413\" data-category-icon=\"\t&lt;i class=&quot;mi bookmark_border&quot; style=&quot;color: #fff; background: #f67675; &quot;&gt;&lt;\/i&gt;\t\" data-category-color=\"#f67675\" data-category-text-color=\"#fff\" data-thumbnail=\"https:\/\/meetgirl.ch\/wp-content\/themes\/my-listing\/assets\/images\/marker.jpg\" data-marker=\"https:\/\/meetgirl.ch\/wp-content\/themes\/my-listing\/assets\/images\/marker.jpg\" data-template=\"default\" data-locations=\"[{&quot;address&quot;:&quot;Sion, canton du Valais, Suisse&quot;,&quot;lat&quot;:&quot;46.23094&quot;,&quot;lng&quot;:&quot;7.35953&quot;}]\"\n><div class=\"lf-item lf-item-default\" data-template=\"default\"> <a href=\"https:\/\/meetgirl.ch\/es\/acompanantes-2\/brenda-hot\/\"> <div class=\"overlay\" style=\" background-color: #242429; opacity: 0;\"><\/div> <div class=\"lf-background\" style=\"background-image: url('https:\/\/meetgirl.ch\/wp-content\/uploads\/listing-uploads\/cover\/2025\/07\/IMG-20231229-WA0010.jpg');\"><\/div> <div class=\"lf-item-info\"> <h4 class=\"case27-primary-text listing-preview-title\"> Brenda Caliente <\/h4> <\/div> <\/a> <div class=\"lf-head level-promoted\"> <span class=\"tooltip-element tooltip-bottom\"> <div class=\"lf-head-btn ad-badge\"> <span><i class=\"icon-flash\"><\/i><\/span> <\/div> <span class=\"tooltip-container\">Promocionado<\/span> <\/span> <\/div> <\/div> <div class=\"listing-details-3 c27-footer-section\"> <ul class=\"details-list no-list-style\"> <li class=\"\" > <span>Sion <\/span> <\/li> <li class=\"\" > <span> <div class=\"codicts-online-status\"><span class=\"codicts-dot cdtsols-offline\"><\/span> <span class=\"cdtsols-txt\">-Online-8H<\/span><\/div> <\/span> <\/li> <\/ul> <\/div> <div class=\"listing-details-3 c27-footer-section\"> <ul class=\"details-list no-list-style\"> <li class=\"\" > <span>Disvers Massages chez moi pipi 69etplus <\/span> <\/li> <\/ul> <\/div> <\/div><\/div>\t\t\t\t\t\t\t\t\t<div class=\"col-lg-4 col-md-4 col-sm-6 col-xs-12 grid-item\"><div class=\"lf-item-container listing-preview type-independante no-logo has-tagline no-info-fields level-promoted priority-2\" data-id=\"listing-id-10108\" data-category-icon=\"\t&lt;i class=&quot;mi bookmark_border&quot; style=&quot;color: #fff; background: #f67675; &quot;&gt;&lt;\/i&gt;\t\" data-category-color=\"#f67675\" data-category-text-color=\"#fff\" data-thumbnail=\"https:\/\/meetgirl.ch\/wp-content\/themes\/my-listing\/assets\/images\/marker.jpg\" data-marker=\"https:\/\/meetgirl.ch\/wp-content\/themes\/my-listing\/assets\/images\/marker.jpg\" data-template=\"default\" data-locations=\"[{&quot;address&quot;:&quot;Martigny, canton du Valais, Suisse&quot;,&quot;lat&quot;:&quot;46.10220&quot;,&quot;lng&quot;:&quot;7.07405&quot;}]\"\n><div class=\"lf-item lf-item-default\" data-template=\"default\"> <a href=\"https:\/\/meetgirl.ch\/es\/acompanantes-2\/divina\/\"> <div class=\"overlay\" style=\" background-color: #242429; opacity: 0;\"><\/div> <div class=\"lf-background\" style=\"background-image: url('https:\/\/meetgirl.ch\/wp-content\/uploads\/2025\/06\/divina6.jpg');\"><\/div> <div class=\"lf-item-info\"> <h4 class=\"case27-primary-text listing-preview-title\"> Divina <\/h4> <\/div> <\/a> <div class=\"lf-head level-promoted\"> <span class=\"tooltip-element tooltip-bottom\"> <div class=\"lf-head-btn ad-badge\"> <span><i class=\"icon-flash\"><\/i><\/span> <\/div> <span class=\"tooltip-container\">Promocionado<\/span> <\/span> <\/div> <\/div> <div class=\"listing-details-3 c27-footer-section\"> <ul class=\"details-list no-list-style\"> <li class=\"\" > <span>Martigny <\/span> <\/li> <li class=\"\" > <span> <div class=\"codicts-online-status\"><span class=\"codicts-dot cdtsols-online\"><\/span> <span class=\"cdtsols-txt\">En l\u00ednea<\/span><\/div> <\/span> <\/li> <\/ul> <\/div> <div class=\"listing-details-3 c27-footer-section\"> <ul class=\"details-list no-list-style\"> <li class=\"\" > <span>cruelmente exquisito. \ud83d\udc60\u26d3\ud83d\udd25 <\/span> <\/li> <\/ul> <\/div> <\/div><\/div>\t\t\t\t\t\t\t\t\t<div class=\"col-lg-4 col-md-4 col-sm-6 col-xs-12 grid-item\"><div class=\"lf-item-container listing-preview type-independante no-logo has-tagline no-info-fields level-featured priority-1\" data-id=\"listing-id-11239\" data-category-icon=\"\t&lt;i class=&quot;mi bookmark_border&quot; style=&quot;color: #fff; background: #f67675; &quot;&gt;&lt;\/i&gt;\t\" data-category-color=\"#f67675\" data-category-text-color=\"#fff\" data-thumbnail=\"https:\/\/meetgirl.ch\/wp-content\/themes\/my-listing\/assets\/images\/marker.jpg\" data-marker=\"https:\/\/meetgirl.ch\/wp-content\/themes\/my-listing\/assets\/images\/marker.jpg\" data-template=\"default\" data-locations=\"[{&quot;address&quot;:&quot;Z\\u00fcrichstrasse, 8340 Hinwil, Suisse&quot;,&quot;lat&quot;:&quot;47.30483&quot;,&quot;lng&quot;:&quot;8.82875&quot;}]\"\n><div class=\"lf-item lf-item-default\" data-template=\"default\"> <a href=\"https:\/\/meetgirl.ch\/es\/acompanantes-2\/jsuis-disponible-maintenant\/\"> <div class=\"overlay\" style=\" background-color: #242429; opacity: 0;\"><\/div> <div class=\"lf-background\" style=\"background-image: url('https:\/\/meetgirl.ch\/wp-content\/uploads\/listing-uploads\/cover\/2025\/07\/Gf1a-NSWAAAY2I4.jpeg');\"><\/div> <div class=\"lf-item-info\"> <h4 class=\"case27-primary-text listing-preview-title\"> Estoy disponible ahora <\/h4> <\/div> <\/a> <div class=\"lf-head level-featured\"> <span class=\"tooltip-element tooltip-bottom\"> <div class=\"lf-head-btn ad-badge\"> <span><i class=\"icon-flash\"><\/i><\/span> <\/div> <span class=\"tooltip-container\">Destacados<\/span> <\/span> <\/div> <\/div> <div class=\"listing-details-3 c27-footer-section\"> <ul class=\"details-list no-list-style\"> <li class=\"\" > <span>Z\u00fcrichstrasse <\/span> <\/li> <li class=\"\" > <span> <div class=\"codicts-online-status\"><span class=\"codicts-dot cdtsols-offline\"><\/span> <span class=\"cdtsols-txt\">-Online-8H<\/span><\/div> <\/span> <\/li> <\/ul> <\/div> <div class=\"listing-details-3 c27-footer-section\"> <ul class=\"details-list no-list-style\"> <li class=\"\" > <span>Ass \ud83d\udca6 <\/span> <\/li> <\/ul> <\/div> <\/div><\/div>\t\t\t\t\t\t\t\t\t<div class=\"col-lg-4 col-md-4 col-sm-6 col-xs-12 grid-item\"><div class=\"lf-item-container listing-preview type-independante no-logo has-tagline no-info-fields level-normal priority-0\" data-id=\"listing-id-19164\" data-category-icon=\"\t&lt;i class=&quot;mi bookmark_border&quot; style=&quot;color: #fff; background: #f67675; &quot;&gt;&lt;\/i&gt;\t\" data-category-color=\"#f67675\" data-category-text-color=\"#fff\" data-thumbnail=\"https:\/\/meetgirl.ch\/wp-content\/themes\/my-listing\/assets\/images\/marker.jpg\" data-marker=\"https:\/\/meetgirl.ch\/wp-content\/themes\/my-listing\/assets\/images\/marker.jpg\" data-template=\"default\" data-locations=\"[{&quot;address&quot;:&quot;Sion, canton du Valais, Suisse&quot;,&quot;lat&quot;:&quot;46.23094&quot;,&quot;lng&quot;:&quot;7.35953&quot;}]\"\n><div class=\"lf-item lf-item-default\" data-template=\"default\"> <a href=\"https:\/\/meetgirl.ch\/de\/escorts\/lenaweber\/\"> <div class=\"overlay\" style=\" background-color: #242429; opacity: 0;\"><\/div> <div class=\"lf-background\" style=\"background-image: url('https:\/\/meetgirl.ch\/wp-content\/uploads\/listing-uploads\/cover\/2026\/01\/GGmnwKGXUAIn7P8-1.jpg_large-1-768x1024.jpg');\"><\/div> <div class=\"lf-item-info\"> <h4 class=\"case27-primary-text listing-preview-title\"> Lenaweber <\/h4> <\/div> <\/a> <div class=\"lf-head level-normal\"> <\/div> <\/div> <div class=\"listing-details-3 c27-footer-section\"> <ul class=\"details-list no-list-style\"> <li class=\"\" > <span>Sion <\/span> <\/li> <li class=\"\" > <span> <div class=\"codicts-online-status\"><span class=\"codicts-dot cdtsols-offline\"><\/span> <span class=\"cdtsols-txt\">-Online-8H<\/span><\/div> <\/span> <\/li> <\/ul> <\/div> <div class=\"listing-details-3 c27-footer-section\"> <ul class=\"details-list no-list-style\"> <li class=\"\" > <span>Beautiful girl <\/span> <\/li> <\/ul> <\/div> <\/div><\/div>\t\t\t\t\t\t\t\t\t<div class=\"col-lg-4 col-md-4 col-sm-6 col-xs-12 grid-item\"><div class=\"lf-item-container listing-preview type-independante no-logo has-tagline no-info-fields level-normal priority-0\" data-id=\"listing-id-17500\" data-category-icon=\"\t&lt;i class=&quot;mi bookmark_border&quot; style=&quot;color: #fff; background: #f67675; &quot;&gt;&lt;\/i&gt;\t\" data-category-color=\"#f67675\" data-category-text-color=\"#fff\" data-thumbnail=\"https:\/\/meetgirl.ch\/wp-content\/themes\/my-listing\/assets\/images\/marker.jpg\" data-marker=\"https:\/\/meetgirl.ch\/wp-content\/themes\/my-listing\/assets\/images\/marker.jpg\" data-template=\"default\" data-locations=\"[{&quot;address&quot;:&quot;canton du Valais, Suisse&quot;,&quot;lat&quot;:&quot;46.23118&quot;,&quot;lng&quot;:&quot;7.35888&quot;}]\"\n><div class=\"lf-item lf-item-default\" data-template=\"default\"> <a href=\"https:\/\/meetgirl.ch\/it\/accompagnatori-2\/christina-3\/\"> <div class=\"overlay\" style=\" background-color: #242429; opacity: 0;\"><\/div> <div class=\"lf-background\" style=\"background-image: url('https:\/\/meetgirl.ch\/wp-content\/uploads\/listing-uploads\/cover\/2025\/11\/IMG-20201104-WA0055.jpg');\"><\/div> <div class=\"lf-item-info\"> <h4 class=\"case27-primary-text listing-preview-title\"> Christina <\/h4> <\/div> <\/a> <div class=\"lf-head level-normal\"> <\/div> <\/div> <div class=\"listing-details-3 c27-footer-section\"> <ul class=\"details-list no-list-style\"> <li class=\"\" > <span>cant\u00f3n de Valais <\/span> <\/li> <li class=\"\" > <span> <div class=\"codicts-online-status\"><span class=\"codicts-dot cdtsols-offline\"><\/span> <span class=\"cdtsols-txt\">-Online-8H<\/span><\/div> <\/span> <\/li> <\/ul> <\/div> <div class=\"listing-details-3 c27-footer-section\"> <ul class=\"details-list no-list-style\"> <li class=\"\" > <span>Sexy <\/span> <\/li> <\/ul> <\/div> <\/div><\/div>\t\t\t\t\t\t\t<\/div>\r\n\t\t<\/div>\r\n\t<\/section>\r\n\r\n\t\t\t\t<\/div>\n\t\t\t\t<\/div>\n\t\t\t\t\t<\/div>\n\t\t\t\t<\/div>\n\t\t<div class=\"elementor-element elementor-element-ca66ea7 e-flex e-con-boxed e-con e-parent\" data-id=\"ca66ea7\" data-element_type=\"container\" data-settings=\"{&quot;jet_parallax_layout_list&quot;:[]}\">\n\t\t\t\t\t<div class=\"e-con-inner\">\n\t\t\t\t<div class=\"elementor-element elementor-element-b3958d4 elementor-widget elementor-widget-text-editor\" data-id=\"b3958d4\" data-element_type=\"widget\" data-widget_type=\"text-editor.default\">\n\t\t\t\t<div class=\"elementor-widget-container\">\n\t\t\t\t\t\t\t\t\t<h1>Conoce a <a href=\"https:\/\/meetgirl.ch\/es\/escort-erotica-suiza\/?type=independante&amp;sort=latest&amp;category=escort&amp;search_location=canton%20du%20Valais,%20Suisse&amp;lat=46.23117&amp;lng=7.35888&amp;proximity=10&amp;tags=jeux-de-roles,domination-soft,fetichiste\">escort sumisa en Valais<\/a> Explore sus deseos BDSM<\/h1><h2>\u00bfPor qu\u00e9 elegir una escort sumisa en Valais?<\/h2><p>En Valais, el mundo del BDSM se abre a quienes desean explorar la din\u00e1mica del poder, el control y el placer er\u00f3tico. Encuentre un <strong>escort sumisa en Valais<\/strong> le permite disfrutar de experiencias intensas, supervisadas y respetuosas. Gracias a <a href=\"https:\/\/meetgirl.ch\/es\/\">Meetgirl.ch<\/a>Entrar\u00e1s en un mundo discreto donde la sumisi\u00f3n se eleva a una forma de arte sensual, al servicio de tus deseos m\u00e1s profundos.<\/p><h2>Las bases del \u00e9xito de una relaci\u00f3n BDSM<\/h2><p>La confianza y el consentimiento son esenciales. Desde el primer intercambio con una escort sumisa, defina claramente los l\u00edmites, las palabras de seguridad y los tipos de escenarios deseados: sumisi\u00f3n suave, castigo, petplay, adoraci\u00f3n, servidumbre o humillaci\u00f3n. En Valais, las escorts especializadas en sumisi\u00f3n entienden estos c\u00f3digos y saben c\u00f3mo crear momentos fuertes, \u00edntimos y respetuosos.<\/p><h3>Escenarios personalizados<\/h3><p>Cada encuentro puede adaptarse: dominaci\u00f3n psicol\u00f3gica, bondage, obediencia o una simple postura de sumisi\u00f3n silenciosa. Algunas de ellas alternan entre posiciones sumisas y dominantes, en funci\u00f3n de lo que desee, mientras que otras se ci\u00f1en a una postura concreta. Cada escort sumisa en Valais ofrece una experiencia a medida.<\/p><h2>\u00bfC\u00f3mo organizar un encuentro BDSM en Valais?<\/h2><p>Con Meetgirl.ch, concertar una cita con una escort sumisa es sencillo y seguro. Puedes filtrar los perfiles seg\u00fan tus criterios (aspecto, pr\u00e1cticas, estilo) y, a continuaci\u00f3n, contactar directamente con la compa\u00f1era a trav\u00e9s de mensajer\u00eda privada, Telegram o formulario.<\/p><p>Para garantizarle discreci\u00f3n y comodidad, elija un lugar adecuado: un hotel confidencial, un piso privado o un sal\u00f3n er\u00f3tico totalmente equipado. La comunicaci\u00f3n es la clave para que sus expectativas sean comprendidas y respetadas.<\/p><h2>Lugares discretos para sus juegos BDSM en Valais<\/h2><p>El Valais cuenta con numerosos lugares ideales para estos encuentros: hoteles de alta gama, salones privados o pisos reservados. Algunos establecimientos est\u00e1n especialmente acondicionados para el BDSM, con mobiliario y un ambiente propicio para despertar los sentidos.<\/p><p>Estos espacios permiten una inmersi\u00f3n total en su escenario, al tiempo que garantizan seguridad, comodidad y discreci\u00f3n. Tambi\u00e9n puedes conocer a experimentadas escorts apasionadas por la sumisi\u00f3n y el fetichismo.<\/p><h2>Conclusi\u00f3n: una experiencia \u00fanica y respetuosa<\/h2><p>Conoce a <strong>escort sumisa en Valais<\/strong>Estar con nosotros es vivir una extraordinaria aventura sensual, basada en el respeto, la libertad y el juego. Cada momento compartido es un interludio er\u00f3tico construido en torno a sus deseos, con tacto y profesionalidad.<\/p><p>Visite <a href=\"https:\/\/meetgirl.ch\/es\/\">Meetgirl.ch<\/a>Con BDSM, encontrar\u00e1 parejas atentas y experimentadas dispuestas a guiarle por el fascinante mundo del BDSM. Elija la excelencia, la discreci\u00f3n y la intensidad.<\/p>\t\t\t\t\t\t\t\t<\/div>\n\t\t\t\t<\/div>\n\t\t\t\t\t<\/div>\n\t\t\t\t<\/div>\n\t\t\t\t<\/div>","protected":false},"excerpt":{"rendered":"<p>Rencontrer une escort soumise en Valais : explorez vos d\u00e9sirs BDSM Pourquoi choisir une escort soumise en Valais ? En Valais, le monde du BDSM s\u2019ouvre \u00e0 ceux qui d\u00e9sirent explorer des dynamiques de pouvoir, de contr\u00f4le et de plaisir \u00e9rotique. Trouver une escort soumise en Valais vous permet de vivre des exp\u00e9riences intenses, encadr\u00e9es [&hellip;]<\/p>","protected":false},"author":3,"featured_media":0,"parent":0,"menu_order":0,"comment_status":"closed","ping_status":"closed","template":"","meta":{"footnotes":""},"class_list":["post-11558","page","type-page","status-publish","hentry"],"acf":[],"yoast_head":"<!-- This site is optimized with the Yoast SEO plugin v26.0 - https:\/\/yoast.com\/wordpress\/plugins\/seo\/ -->\n<title>Rencontrer une escort soumise en Valais - Meetgirl - Annonces \u00e9rotiques - Escorts, massages et salons<\/title>\n<meta name=\"description\" content=\"Explorez vos fantasmes BDSM avec une escort soumise en Valais. Discr\u00e9tion, respect et exp\u00e9rience sur-mesure avec Meetgirl.ch.\" \/>\n<meta name=\"robots\" content=\"index, follow, max-snippet:-1, max-image-preview:large, max-video-preview:-1\" \/>\n<link rel=\"canonical\" href=\"https:\/\/meetgirl.ch\/es\/rencontrer-une-escort-soumise-en-valais\/\" \/>\n<meta property=\"og:locale\" content=\"es_ES\" \/>\n<meta property=\"og:type\" content=\"article\" \/>\n<meta property=\"og:title\" content=\"Rencontrer une escort soumise en Valais - Meetgirl - Annonces \u00e9rotiques - Escorts, massages et salons\" \/>\n<meta property=\"og:description\" content=\"Explorez vos fantasmes BDSM avec une escort soumise en Valais. Discr\u00e9tion, respect et exp\u00e9rience sur-mesure avec Meetgirl.ch.\" \/>\n<meta property=\"og:url\" content=\"https:\/\/meetgirl.ch\/es\/rencontrer-une-escort-soumise-en-valais\/\" \/>\n<meta property=\"og:site_name\" content=\"Meetgirl - Annonces \u00e9rotiques - Escorts, massages et salons\" \/>\n<meta property=\"article:modified_time\" content=\"2025-08-05T12:13:48+00:00\" \/>\n<meta property=\"og:image\" content=\"https:\/\/meetgirl.ch\/wp-content\/uploads\/2025\/03\/meetgirl-yoast.jpg\" \/>\n\t<meta property=\"og:image:width\" content=\"1200\" \/>\n\t<meta property=\"og:image:height\" content=\"675\" \/>\n\t<meta property=\"og:image:type\" content=\"image\/jpeg\" \/>\n<meta name=\"twitter:card\" content=\"summary_large_image\" \/>\n<meta name=\"twitter:label1\" content=\"Tiempo de lectura\" \/>\n\t<meta name=\"twitter:data1\" content=\"3 minutos\" \/>\n<script type=\"application\/ld+json\" class=\"yoast-schema-graph\">{\"@context\":\"https:\/\/schema.org\",\"@graph\":[{\"@type\":\"WebPage\",\"@id\":\"https:\/\/meetgirl.ch\/rencontrer-une-escort-soumise-en-valais\/\",\"url\":\"https:\/\/meetgirl.ch\/rencontrer-une-escort-soumise-en-valais\/\",\"name\":\"Rencontrer une escort soumise en Valais - Meetgirl - Annonces \u00e9rotiques - Escorts, massages et salons\",\"isPartOf\":{\"@id\":\"https:\/\/meetgirl.ch\/#website\"},\"datePublished\":\"2025-08-05T12:11:18+00:00\",\"dateModified\":\"2025-08-05T12:13:48+00:00\",\"description\":\"Explorez vos fantasmes BDSM avec une escort soumise en Valais. Discr\u00e9tion, respect et exp\u00e9rience sur-mesure avec Meetgirl.ch.\",\"breadcrumb\":{\"@id\":\"https:\/\/meetgirl.ch\/rencontrer-une-escort-soumise-en-valais\/#breadcrumb\"},\"inLanguage\":\"es\",\"potentialAction\":[{\"@type\":\"ReadAction\",\"target\":[\"https:\/\/meetgirl.ch\/rencontrer-une-escort-soumise-en-valais\/\"]}]},{\"@type\":\"BreadcrumbList\",\"@id\":\"https:\/\/meetgirl.ch\/rencontrer-une-escort-soumise-en-valais\/#breadcrumb\",\"itemListElement\":[{\"@type\":\"ListItem\",\"position\":1,\"name\":\"Accueil\",\"item\":\"https:\/\/meetgirl.ch\/\"},{\"@type\":\"ListItem\",\"position\":2,\"name\":\"Rencontrer une escort soumise en Valais\"}]},{\"@type\":\"WebSite\",\"@id\":\"https:\/\/meetgirl.ch\/#website\",\"url\":\"https:\/\/meetgirl.ch\/\",\"name\":\"MeetGirl - Annonces \u00e9rotiques Suisse - Escorts, massages et salons\",\"description\":\"Escorts et massages \u00e9rotiques\",\"publisher\":{\"@id\":\"https:\/\/meetgirl.ch\/#organization\"},\"alternateName\":\"Annuaire \u00e9rotique Suisse Escort \u00e0 Gen\u00e8ve, Lausanne, Valais, Neuch\u00e2tel\",\"potentialAction\":[{\"@type\":\"SearchAction\",\"target\":{\"@type\":\"EntryPoint\",\"urlTemplate\":\"https:\/\/meetgirl.ch\/?s={search_term_string}\"},\"query-input\":{\"@type\":\"PropertyValueSpecification\",\"valueRequired\":true,\"valueName\":\"search_term_string\"}}],\"inLanguage\":\"es\"},{\"@type\":\"Organization\",\"@id\":\"https:\/\/meetgirl.ch\/#organization\",\"name\":\"Escort et massage \u00e9rotique\",\"alternateName\":\"Meetgirl escortes et masseuses\",\"url\":\"https:\/\/meetgirl.ch\/\",\"logo\":{\"@type\":\"ImageObject\",\"inLanguage\":\"es\",\"@id\":\"https:\/\/meetgirl.ch\/#\/schema\/logo\/image\/\",\"url\":\"https:\/\/meetgirl.ch\/wp-content\/uploads\/2024\/05\/cropped-meet-logo.png\",\"contentUrl\":\"https:\/\/meetgirl.ch\/wp-content\/uploads\/2024\/05\/cropped-meet-logo.png\",\"width\":512,\"height\":512,\"caption\":\"Escort et massage \u00e9rotique\"},\"image\":{\"@id\":\"https:\/\/meetgirl.ch\/#\/schema\/logo\/image\/\"}}]}<\/script>\n<!-- \/ Yoast SEO plugin. -->","yoast_head_json":{"title":"Conoce a una escort sumisa en Valais - Meetgirl - Anuncios er\u00f3ticos - Escorts, masajes y salones","description":"Explora tus fantas\u00edas BDSM con una escort sumisa en Valais. Discreci\u00f3n, respeto y una experiencia a medida con Meetgirl.ch.","robots":{"index":"index","follow":"follow","max-snippet":"max-snippet:-1","max-image-preview":"max-image-preview:large","max-video-preview":"max-video-preview:-1"},"canonical":"https:\/\/meetgirl.ch\/es\/rencontrer-une-escort-soumise-en-valais\/","og_locale":"es_ES","og_type":"article","og_title":"Rencontrer une escort soumise en Valais - Meetgirl - Annonces \u00e9rotiques - Escorts, massages et salons","og_description":"Explorez vos fantasmes BDSM avec une escort soumise en Valais. Discr\u00e9tion, respect et exp\u00e9rience sur-mesure avec Meetgirl.ch.","og_url":"https:\/\/meetgirl.ch\/es\/rencontrer-une-escort-soumise-en-valais\/","og_site_name":"Meetgirl - Annonces \u00e9rotiques - Escorts, massages et salons","article_modified_time":"2025-08-05T12:13:48+00:00","og_image":[{"width":1200,"height":675,"url":"https:\/\/meetgirl.ch\/wp-content\/uploads\/2025\/03\/meetgirl-yoast.jpg","type":"image\/jpeg"}],"twitter_card":"summary_large_image","twitter_misc":{"Tiempo de lectura":"3 minutos"},"schema":{"@context":"https:\/\/schema.org","@graph":[{"@type":"WebPage","@id":"https:\/\/meetgirl.ch\/rencontrer-une-escort-soumise-en-valais\/","url":"https:\/\/meetgirl.ch\/rencontrer-une-escort-soumise-en-valais\/","name":"Conoce a una escort sumisa en Valais - Meetgirl - Anuncios er\u00f3ticos - Escorts, masajes y salones","isPartOf":{"@id":"https:\/\/meetgirl.ch\/#website"},"datePublished":"2025-08-05T12:11:18+00:00","dateModified":"2025-08-05T12:13:48+00:00","description":"Explora tus fantas\u00edas BDSM con una escort sumisa en Valais. Discreci\u00f3n, respeto y una experiencia a medida con Meetgirl.ch.","breadcrumb":{"@id":"https:\/\/meetgirl.ch\/rencontrer-une-escort-soumise-en-valais\/#breadcrumb"},"inLanguage":"es","potentialAction":[{"@type":"ReadAction","target":["https:\/\/meetgirl.ch\/rencontrer-une-escort-soumise-en-valais\/"]}]},{"@type":"BreadcrumbList","@id":"https:\/\/meetgirl.ch\/rencontrer-une-escort-soumise-en-valais\/#breadcrumb","itemListElement":[{"@type":"ListItem","position":1,"name":"Accueil","item":"https:\/\/meetgirl.ch\/"},{"@type":"ListItem","position":2,"name":"Rencontrer une escort soumise en Valais"}]},{"@type":"WebSite","@id":"https:\/\/meetgirl.ch\/#website","url":"https:\/\/meetgirl.ch\/","name":"MeetGirl - Anuncios er\u00f3ticos Suiza - Escorts, masajes y salones","description":"Escorts y masajes er\u00f3ticos","publisher":{"@id":"https:\/\/meetgirl.ch\/#organization"},"alternateName":"Annuaire \u00e9rotique Suisse Escort \u00e0 Gen\u00e8ve, Lausanne, Valais, Neuch\u00e2tel","potentialAction":[{"@type":"SearchAction","target":{"@type":"EntryPoint","urlTemplate":"https:\/\/meetgirl.ch\/?s={search_term_string}"},"query-input":{"@type":"PropertyValueSpecification","valueRequired":true,"valueName":"search_term_string"}}],"inLanguage":"es"},{"@type":"Organization","@id":"https:\/\/meetgirl.ch\/#organization","name":"Escort y masaje er\u00f3tico","alternateName":"Meetgirl escortes et masseuses","url":"https:\/\/meetgirl.ch\/","logo":{"@type":"ImageObject","inLanguage":"es","@id":"https:\/\/meetgirl.ch\/#\/schema\/logo\/image\/","url":"https:\/\/meetgirl.ch\/wp-content\/uploads\/2024\/05\/cropped-meet-logo.png","contentUrl":"https:\/\/meetgirl.ch\/wp-content\/uploads\/2024\/05\/cropped-meet-logo.png","width":512,"height":512,"caption":"Escort et massage \u00e9rotique"},"image":{"@id":"https:\/\/meetgirl.ch\/#\/schema\/logo\/image\/"}}]}},"_links":{"self":[{"href":"https:\/\/meetgirl.ch\/es\/wp-json\/wp\/v2\/pages\/11558","targetHints":{"allow":["GET"]}}],"collection":[{"href":"https:\/\/meetgirl.ch\/es\/wp-json\/wp\/v2\/pages"}],"about":[{"href":"https:\/\/meetgirl.ch\/es\/wp-json\/wp\/v2\/types\/page"}],"author":[{"embeddable":true,"href":"https:\/\/meetgirl.ch\/es\/wp-json\/wp\/v2\/users\/3"}],"replies":[{"embeddable":true,"href":"https:\/\/meetgirl.ch\/es\/wp-json\/wp\/v2\/comments?post=11558"}],"version-history":[{"count":4,"href":"https:\/\/meetgirl.ch\/es\/wp-json\/wp\/v2\/pages\/11558\/revisions"}],"predecessor-version":[{"id":11562,"href":"https:\/\/meetgirl.ch\/es\/wp-json\/wp\/v2\/pages\/11558\/revisions\/11562"}],"wp:attachment":[{"href":"https:\/\/meetgirl.ch\/es\/wp-json\/wp\/v2\/media?parent=11558"}],"curies":[{"name":"wp","href":"https:\/\/api.w.org\/{rel}","templated":true}]}}