{"id":11563,"date":"2025-08-05T12:17:21","date_gmt":"2025-08-05T12:17:21","guid":{"rendered":"https:\/\/meetgirl.ch\/?page_id=11563"},"modified":"2025-08-05T12:18:45","modified_gmt":"2025-08-05T12:18:45","slug":"escort-dominatrix-en-valais","status":"publish","type":"page","link":"https:\/\/meetgirl.ch\/es\/escort-dominatrix-en-valais\/","title":{"rendered":"Escort Dominatrix en Valais"},"content":{"rendered":"<div data-elementor-type=\"wp-page\" data-elementor-id=\"11563\" class=\"elementor elementor-11563\">\n\t\t\t\t<div class=\"elementor-element elementor-element-f36c4bd e-flex e-con-boxed e-con e-parent\" data-id=\"f36c4bd\" data-element_type=\"container\" data-settings=\"{&quot;jet_parallax_layout_list&quot;:[]}\">\n\t\t\t\t\t<div class=\"e-con-inner\">\n\t\t\t\t<div class=\"elementor-element elementor-element-bc20dda elementor-widget elementor-widget-case27-listing-feed-widget\" data-id=\"bc20dda\" data-element_type=\"widget\" data-widget_type=\"case27-listing-feed-widget.default\">\n\t\t\t\t<div class=\"elementor-widget-container\">\n\t\t\t\t\t\t\t<section class=\"i-section listing-feed\">\r\n\t\t<div class=\"container-fluid\">\r\n\t\t\t<div class=\"row section-body grid\">\r\n\t\t\t\t\t\t\t\t\t<div class=\"col-lg-4 col-md-4 col-sm-6 col-xs-12 grid-item\"><div class=\"lf-item-container listing-preview type-independante no-logo has-tagline no-info-fields level-promoted priority-2\" data-id=\"listing-id-14054\" data-category-icon=\"\t&lt;i class=&quot;mi bookmark_border&quot; style=&quot;color: #fff; background: #f67675; &quot;&gt;&lt;\/i&gt;\t\" data-category-color=\"#f67675\" data-category-text-color=\"#fff\" data-thumbnail=\"https:\/\/meetgirl.ch\/wp-content\/themes\/my-listing\/assets\/images\/marker.jpg\" data-marker=\"https:\/\/meetgirl.ch\/wp-content\/themes\/my-listing\/assets\/images\/marker.jpg\" data-template=\"default\" data-locations=\"[{&quot;address&quot;:&quot;canton du Valais, Suisse&quot;,&quot;lat&quot;:&quot;46.23118&quot;,&quot;lng&quot;:&quot;7.35888&quot;}]\"\n><div class=\"lf-item lf-item-default\" data-template=\"default\"> <a href=\"https:\/\/meetgirl.ch\/es\/acompanantes-2\/bellemancini-3\/\"> <div class=\"overlay\" style=\" background-color: #242429; opacity: 0;\"><\/div> <div class=\"lf-background\" style=\"background-image: url('https:\/\/meetgirl.ch\/wp-content\/uploads\/2025\/09\/IMG-20250906-WA0002-1-768x1042.jpg');\"><\/div> <div class=\"lf-item-info\"> <h4 class=\"case27-primary-text listing-preview-title\"> Bellemancini <\/h4> <\/div> <\/a> <div class=\"lf-head level-promoted\"> <span class=\"tooltip-element tooltip-bottom\"> <div class=\"lf-head-btn ad-badge\"> <span><i class=\"icon-flash\"><\/i><\/span> <\/div> <span class=\"tooltip-container\">Promocionado<\/span> <\/span> <\/div> <\/div> <div class=\"listing-details-3 c27-footer-section\"> <ul class=\"details-list no-list-style\"> <li class=\"\" > <span>Sion <\/span> <\/li> <li class=\"\" > <span> <div class=\"codicts-online-status\"><span class=\"codicts-dot cdtsols-offline\"><\/span> <span class=\"cdtsols-txt\">-24H<\/span><\/div> <\/span> <\/li> <\/ul> <\/div> <div class=\"listing-details-3 c27-footer-section\"> <ul class=\"details-list no-list-style\"> <li class=\"\" > <span>Hermosa acompa\u00f1ante <\/span> <\/li> <\/ul> <\/div> <\/div><\/div>\t\t\t\t\t\t\t\t\t<div class=\"col-lg-4 col-md-4 col-sm-6 col-xs-12 grid-item\"><div class=\"lf-item-container listing-preview type-independante no-logo has-tagline no-info-fields level-promoted priority-2\" data-id=\"listing-id-11413\" data-category-icon=\"\t&lt;i class=&quot;mi bookmark_border&quot; style=&quot;color: #fff; background: #f67675; &quot;&gt;&lt;\/i&gt;\t\" data-category-color=\"#f67675\" data-category-text-color=\"#fff\" data-thumbnail=\"https:\/\/meetgirl.ch\/wp-content\/themes\/my-listing\/assets\/images\/marker.jpg\" data-marker=\"https:\/\/meetgirl.ch\/wp-content\/themes\/my-listing\/assets\/images\/marker.jpg\" data-template=\"default\" data-locations=\"[{&quot;address&quot;:&quot;Sion, canton du Valais, Suisse&quot;,&quot;lat&quot;:&quot;46.23094&quot;,&quot;lng&quot;:&quot;7.35953&quot;}]\"\n><div class=\"lf-item lf-item-default\" data-template=\"default\"> <a href=\"https:\/\/meetgirl.ch\/es\/acompanantes-2\/brenda-hot\/\"> <div class=\"overlay\" style=\" background-color: #242429; opacity: 0;\"><\/div> <div class=\"lf-background\" style=\"background-image: url('https:\/\/meetgirl.ch\/wp-content\/uploads\/listing-uploads\/cover\/2025\/07\/IMG-20231229-WA0010.jpg');\"><\/div> <div class=\"lf-item-info\"> <h4 class=\"case27-primary-text listing-preview-title\"> Brenda Caliente <\/h4> <\/div> <\/a> <div class=\"lf-head level-promoted\"> <span class=\"tooltip-element tooltip-bottom\"> <div class=\"lf-head-btn ad-badge\"> <span><i class=\"icon-flash\"><\/i><\/span> <\/div> <span class=\"tooltip-container\">Promocionado<\/span> <\/span> <\/div> <\/div> <div class=\"listing-details-3 c27-footer-section\"> <ul class=\"details-list no-list-style\"> <li class=\"\" > <span>Sion <\/span> <\/li> <li class=\"\" > <span> <div class=\"codicts-online-status\"><span class=\"codicts-dot cdtsols-offline\"><\/span> <span class=\"cdtsols-txt\">-24H<\/span><\/div> <\/span> <\/li> <\/ul> <\/div> <div class=\"listing-details-3 c27-footer-section\"> <ul class=\"details-list no-list-style\"> <li class=\"\" > <span>Disvers Massages chez moi pipi 69etplus <\/span> <\/li> <\/ul> <\/div> <\/div><\/div>\t\t\t\t\t\t\t\t\t<div class=\"col-lg-4 col-md-4 col-sm-6 col-xs-12 grid-item\"><div class=\"lf-item-container listing-preview type-independante no-logo has-tagline no-info-fields level-promoted priority-2\" data-id=\"listing-id-10108\" data-category-icon=\"\t&lt;i class=&quot;mi bookmark_border&quot; style=&quot;color: #fff; background: #f67675; &quot;&gt;&lt;\/i&gt;\t\" data-category-color=\"#f67675\" data-category-text-color=\"#fff\" data-thumbnail=\"https:\/\/meetgirl.ch\/wp-content\/themes\/my-listing\/assets\/images\/marker.jpg\" data-marker=\"https:\/\/meetgirl.ch\/wp-content\/themes\/my-listing\/assets\/images\/marker.jpg\" data-template=\"default\" data-locations=\"[{&quot;address&quot;:&quot;Martigny, canton du Valais, Suisse&quot;,&quot;lat&quot;:&quot;46.10220&quot;,&quot;lng&quot;:&quot;7.07405&quot;}]\"\n><div class=\"lf-item lf-item-default\" data-template=\"default\"> <a href=\"https:\/\/meetgirl.ch\/es\/acompanantes-2\/divina\/\"> <div class=\"overlay\" style=\" background-color: #242429; opacity: 0;\"><\/div> <div class=\"lf-background\" style=\"background-image: url('https:\/\/meetgirl.ch\/wp-content\/uploads\/2025\/06\/divina6.jpg');\"><\/div> <div class=\"lf-item-info\"> <h4 class=\"case27-primary-text listing-preview-title\"> Divina <\/h4> <\/div> <\/a> <div class=\"lf-head level-promoted\"> <span class=\"tooltip-element tooltip-bottom\"> <div class=\"lf-head-btn ad-badge\"> <span><i class=\"icon-flash\"><\/i><\/span> <\/div> <span class=\"tooltip-container\">Promocionado<\/span> <\/span> <\/div> <\/div> <div class=\"listing-details-3 c27-footer-section\"> <ul class=\"details-list no-list-style\"> <li class=\"\" > <span>Martigny <\/span> <\/li> <li class=\"\" > <span> <div class=\"codicts-online-status\"><span class=\"codicts-dot cdtsols-online\"><\/span> <span class=\"cdtsols-txt\">En l\u00ednea<\/span><\/div> <\/span> <\/li> <\/ul> <\/div> <div class=\"listing-details-3 c27-footer-section\"> <ul class=\"details-list no-list-style\"> <li class=\"\" > <span>cruelmente exquisito. \ud83d\udc60\u26d3\ud83d\udd25 <\/span> <\/li> <\/ul> <\/div> <\/div><\/div>\t\t\t\t\t\t\t\t\t<div class=\"col-lg-4 col-md-4 col-sm-6 col-xs-12 grid-item\"><div class=\"lf-item-container listing-preview type-independante no-logo has-tagline no-info-fields level-featured priority-1\" data-id=\"listing-id-11239\" data-category-icon=\"\t&lt;i class=&quot;mi bookmark_border&quot; style=&quot;color: #fff; background: #f67675; &quot;&gt;&lt;\/i&gt;\t\" data-category-color=\"#f67675\" data-category-text-color=\"#fff\" data-thumbnail=\"https:\/\/meetgirl.ch\/wp-content\/themes\/my-listing\/assets\/images\/marker.jpg\" data-marker=\"https:\/\/meetgirl.ch\/wp-content\/themes\/my-listing\/assets\/images\/marker.jpg\" data-template=\"default\" data-locations=\"[{&quot;address&quot;:&quot;Z\\u00fcrichstrasse, 8340 Hinwil, Suisse&quot;,&quot;lat&quot;:&quot;47.30483&quot;,&quot;lng&quot;:&quot;8.82875&quot;}]\"\n><div class=\"lf-item lf-item-default\" data-template=\"default\"> <a href=\"https:\/\/meetgirl.ch\/es\/acompanantes-2\/jsuis-disponible-maintenant\/\"> <div class=\"overlay\" style=\" background-color: #242429; opacity: 0;\"><\/div> <div class=\"lf-background\" style=\"background-image: url('https:\/\/meetgirl.ch\/wp-content\/uploads\/listing-uploads\/cover\/2025\/07\/Gf1a-NSWAAAY2I4.jpeg');\"><\/div> <div class=\"lf-item-info\"> <h4 class=\"case27-primary-text listing-preview-title\"> Estoy disponible ahora <\/h4> <\/div> <\/a> <div class=\"lf-head level-featured\"> <span class=\"tooltip-element tooltip-bottom\"> <div class=\"lf-head-btn ad-badge\"> <span><i class=\"icon-flash\"><\/i><\/span> <\/div> <span class=\"tooltip-container\">Destacados<\/span> <\/span> <\/div> <\/div> <div class=\"listing-details-3 c27-footer-section\"> <ul class=\"details-list no-list-style\"> <li class=\"\" > <span>Brig <\/span> <\/li> <li class=\"\" > <span> <div class=\"codicts-online-status\"><span class=\"codicts-dot cdtsols-offline\"><\/span> <span class=\"cdtsols-txt\">-24H<\/span><\/div> <\/span> <\/li> <\/ul> <\/div> <div class=\"listing-details-3 c27-footer-section\"> <ul class=\"details-list no-list-style\"> <li class=\"\" > <span>Ass \ud83d\udca6 <\/span> <\/li> <\/ul> <\/div> <\/div><\/div>\t\t\t\t\t\t\t\t\t<div class=\"col-lg-4 col-md-4 col-sm-6 col-xs-12 grid-item\"><div class=\"lf-item-container listing-preview type-independante no-logo has-tagline no-info-fields level-normal priority-0\" data-id=\"listing-id-19164\" data-category-icon=\"\t&lt;i class=&quot;mi bookmark_border&quot; style=&quot;color: #fff; background: #f67675; &quot;&gt;&lt;\/i&gt;\t\" data-category-color=\"#f67675\" data-category-text-color=\"#fff\" data-thumbnail=\"https:\/\/meetgirl.ch\/wp-content\/themes\/my-listing\/assets\/images\/marker.jpg\" data-marker=\"https:\/\/meetgirl.ch\/wp-content\/themes\/my-listing\/assets\/images\/marker.jpg\" data-template=\"default\" data-locations=\"[{&quot;address&quot;:&quot;Sion, canton du Valais, Suisse&quot;,&quot;lat&quot;:&quot;46.23094&quot;,&quot;lng&quot;:&quot;7.35953&quot;}]\"\n><div class=\"lf-item lf-item-default\" data-template=\"default\"> <a href=\"https:\/\/meetgirl.ch\/es\/acompanantes-2\/lenaweber\/\"> <div class=\"overlay\" style=\" background-color: #242429; opacity: 0;\"><\/div> <div class=\"lf-background\" style=\"background-image: url('https:\/\/meetgirl.ch\/wp-content\/uploads\/listing-uploads\/cover\/2026\/01\/GGmnwKGXUAIn7P8-1.jpg_large-1-768x1024.jpg');\"><\/div> <div class=\"lf-item-info\"> <h4 class=\"case27-primary-text listing-preview-title\"> Lenaweber <\/h4> <\/div> <\/a> <div class=\"lf-head level-normal\"> <\/div> <\/div> <div class=\"listing-details-3 c27-footer-section\"> <ul class=\"details-list no-list-style\"> <li class=\"\" > <span>Sion <\/span> <\/li> <li class=\"\" > <span> <div class=\"codicts-online-status\"><span class=\"codicts-dot cdtsols-offline\"><\/span> <span class=\"cdtsols-txt\">-24H<\/span><\/div> <\/span> <\/li> <\/ul> <\/div> <div class=\"listing-details-3 c27-footer-section\"> <ul class=\"details-list no-list-style\"> <li class=\"\" > <span>Beautiful girl <\/span> <\/li> <\/ul> <\/div> <\/div><\/div>\t\t\t\t\t\t\t\t\t<div class=\"col-lg-4 col-md-4 col-sm-6 col-xs-12 grid-item\"><div class=\"lf-item-container listing-preview type-independante no-logo has-tagline no-info-fields level-normal priority-0\" data-id=\"listing-id-17500\" data-category-icon=\"\t&lt;i class=&quot;mi bookmark_border&quot; style=&quot;color: #fff; background: #f67675; &quot;&gt;&lt;\/i&gt;\t\" data-category-color=\"#f67675\" data-category-text-color=\"#fff\" data-thumbnail=\"https:\/\/meetgirl.ch\/wp-content\/themes\/my-listing\/assets\/images\/marker.jpg\" data-marker=\"https:\/\/meetgirl.ch\/wp-content\/themes\/my-listing\/assets\/images\/marker.jpg\" data-template=\"default\" data-locations=\"[{&quot;address&quot;:&quot;canton du Valais, Suisse&quot;,&quot;lat&quot;:&quot;46.23118&quot;,&quot;lng&quot;:&quot;7.35888&quot;}]\"\n><div class=\"lf-item lf-item-default\" data-template=\"default\"> <a href=\"https:\/\/meetgirl.ch\/es\/acompanantes-2\/christina-3\/\"> <div class=\"overlay\" style=\" background-color: #242429; opacity: 0;\"><\/div> <div class=\"lf-background\" style=\"background-image: url('https:\/\/meetgirl.ch\/wp-content\/uploads\/listing-uploads\/cover\/2025\/11\/IMG-20201104-WA0055.jpg');\"><\/div> <div class=\"lf-item-info\"> <h4 class=\"case27-primary-text listing-preview-title\"> Christina <\/h4> <\/div> <\/a> <div class=\"lf-head level-normal\"> <\/div> <\/div> <div class=\"listing-details-3 c27-footer-section\"> <ul class=\"details-list no-list-style\"> <li class=\"\" > <span>Martigny <\/span> <\/li> <li class=\"\" > <span> <div class=\"codicts-online-status\"><span class=\"codicts-dot cdtsols-offline\"><\/span> <span class=\"cdtsols-txt\">-24H<\/span><\/div> <\/span> <\/li> <\/ul> <\/div> <div class=\"listing-details-3 c27-footer-section\"> <ul class=\"details-list no-list-style\"> <li class=\"\" > <span>Sexy <\/span> <\/li> <\/ul> <\/div> <\/div><\/div>\t\t\t\t\t\t\t<\/div>\r\n\t\t<\/div>\r\n\t<\/section>\r\n\r\n\t\t\t\t<\/div>\n\t\t\t\t<\/div>\n\t\t\t\t\t<\/div>\n\t\t\t\t<\/div>\n\t\t<div class=\"elementor-element elementor-element-e81870b e-flex e-con-boxed e-con e-parent\" data-id=\"e81870b\" data-element_type=\"container\" data-settings=\"{&quot;jet_parallax_layout_list&quot;:[]}\">\n\t\t\t\t\t<div class=\"e-con-inner\">\n\t\t\t\t<div class=\"elementor-element elementor-element-ca7f57a elementor-widget elementor-widget-text-editor\" data-id=\"ca7f57a\" data-element_type=\"widget\" data-widget_type=\"text-editor.default\">\n\t\t\t\t<div class=\"elementor-widget-container\">\n\t\t\t\t\t\t\t\t\t<section>\n  <h1>Escort Dominatrix en Valais : Explora el universo BDSM con Meetgirl.ch<\/h1>\n\n  <h2>Encuentre una Escort Dominatrix en Valais (Sion, Martigny, Sierre, Monthey...)<\/h2>\n  <p>\n    En el <strong>cant\u00f3n de Valais<\/strong>entre <strong>Sion<\/strong>, <strong>Martigny<\/strong>, <strong>Sierre<\/strong> y <strong>Mesey<\/strong>,\n    conocer a <strong>escort dominatrix<\/strong> te permite explorar pr\u00e1cticas BDSM poderosas y respetuosas. Tanto si eres un principiante como un iniciado\n    estos encuentros ofrecen una experiencia intensa en un entorno discreto, profesional y seguro.\n  <\/p>\n\n  <h2>\u00bfPor qu\u00e9 elegir una Escort Dominatrix en Valais?<\/h2>\n\n  <h3>Aut\u00e9ntica dominaci\u00f3n a medida<\/h3>\n  <p>\n    En <strong>escorts dominatrix en el Valais<\/strong> acompa\u00f1arle en sesiones de <strong>dominaci\u00f3n, bondage, fetichismo<\/strong> o\n    juegos de rol. \u00c0 <strong>Crans-Montana<\/strong>, <strong>Verbier<\/strong> o <strong>Brig<\/strong>Cada dominatrix adapta la experiencia en funci\u00f3n de tus l\u00edmites.\n  <\/p>\n\n  <h3>Consentimiento y comunicaci\u00f3n: los fundamentos del BDSM<\/h3>\n  <p>\n    Antes de cada reuni\u00f3n, es esencial un debate claro sobre los l\u00edmites, las expectativas y las normas de seguridad. Se ha establecido una palabra de seguridad\n    para garantizar una pr\u00e1ctica respetuosa y \u00e9tica, tanto si est\u00e1s en <strong>Mesey<\/strong>, <strong>Nendaz<\/strong> o en cualquier otro lugar.\n  <\/p>\n\n  <h3>Discreci\u00f3n e higiene profesional<\/h3>\n  <p>\n    Cada <strong>escort dominatrix<\/strong> activo el <a href=\"https:\/\/meetgirl.ch\/es\/anuncio-domina-suiza\/\" target=\"_blank\">meetgirl.ch<\/a> respeta\n    una estricta carta de discreci\u00f3n e higiene, garantiz\u00e1ndole un momento de intenso placer, confidencial y sin juicios.\n  <\/p>\n\n  <h2>\u00bfD\u00f3nde encontrar una Escort Dominatrix en el Cant\u00f3n de Valais?<\/h2>\n\n  <p>\n    El sitio web <a href=\"https:\/\/meetgirl.ch\/es\/anuncio-domina-suiza\/\" target=\"_blank\">meetgirl.ch<\/a> ofrece una refinada selecci\u00f3n de <strong>dominante en Valais<\/strong>,\n    con perfiles detallados, disponibilidad y opciones BDSM. Tanto si buscas una amante autoritaria en <strong>Sion<\/strong> o una elegante dominatrix\n    \u00e0 <strong>Martigny<\/strong>La plataforma le permite tomar la decisi\u00f3n correcta con total seguridad.\n  <\/p>\n\n  <h2>\u00bfC\u00f3mo prepararse para un encuentro BDSM en Valais?<\/h2>\n\n  <ul>\n    <li><strong>Define tus deseos y l\u00edmites<\/strong> (juegos psicol\u00f3gicos, azotes, el papel del sumiso...)<\/li>\n    <li><strong>Elija un lugar discreto<\/strong> hotel, piso privado en <strong>Sion<\/strong> o <strong>Sierre<\/strong><\/li>\n    <li><strong>Trae tus propios accesorios<\/strong> si es necesario, o dejar que la dominatrix gu\u00ede<\/li>\n    <li><strong>Comunicarse durante la sesi\u00f3n<\/strong> para ajustar la intensidad y el confort<\/li>\n  <\/ul>\n\n  <h2>Explora tus fantas\u00edas BDSM en el Valais con Meetgirl.ch<\/h2>\n  <p>\n    Gracias a <a href=\"https:\/\/meetgirl.ch\/es\/anuncio-domina-suiza\/\" target=\"_blank\">meetgirl.ch<\/a>puedes disfrutar de una aut\u00e9ntica experiencia BDSM\n    con una escort dominatrix en todo el cant\u00f3n de Valais. Desde <strong>Brig<\/strong> \u00e0 <strong>Mesey<\/strong>a trav\u00e9s de <strong>Verbier<\/strong>,\n    <strong>Nendaz<\/strong> y <strong>Crans-Montana<\/strong>D\u00e9jese guiar por profesionales apasionados en un mundo donde el respeto\n    respeto, placer y confianza.\n  <\/p>\n<\/section>\n\t\t\t\t\t\t\t\t<\/div>\n\t\t\t\t<\/div>\n\t\t\t\t\t<\/div>\n\t\t\t\t<\/div>\n\t\t\t\t<\/div>","protected":false},"excerpt":{"rendered":"<p>Escort Dominatrice en Valais : Explorez l\u2019Univers BDSM avec Meetgirl.ch Trouvez une Escort Dominatrice en Valais (Sion, Martigny, Sierre, Monthey&#8230;) Dans le canton du Valais, entre Sion, Martigny, Sierre et Monthey, rencontrer une escort dominatrice permet d\u2019explorer des pratiques BDSM puissantes et respectueuses. Que vous soyez novice ou initi\u00e9, ces rencontres offrent une exp\u00e9rience intense [&hellip;]<\/p>","protected":false},"author":3,"featured_media":0,"parent":0,"menu_order":0,"comment_status":"closed","ping_status":"closed","template":"","meta":{"footnotes":""},"class_list":["post-11563","page","type-page","status-publish","hentry"],"acf":[],"yoast_head":"<!-- This site is optimized with the Yoast SEO plugin v26.0 - https:\/\/yoast.com\/wordpress\/plugins\/seo\/ -->\n<title>Escort Dominatrice en Valais - Meetgirl - Annonces \u00e9rotiques - Escorts, massages et salons<\/title>\n<meta name=\"description\" content=\"D\u00e9couvrez l\u2019univers BDSM avec une escort dominatrice en Valais. Explorez vos fantasmes en toute s\u00e9curit\u00e9 \u00e0 Sion, Martigny, Monthey ou Sierre\" \/>\n<meta name=\"robots\" content=\"index, follow, max-snippet:-1, max-image-preview:large, max-video-preview:-1\" \/>\n<link rel=\"canonical\" href=\"https:\/\/meetgirl.ch\/es\/escort-dominatrix-en-valais\/\" \/>\n<meta property=\"og:locale\" content=\"es_ES\" \/>\n<meta property=\"og:type\" content=\"article\" \/>\n<meta property=\"og:title\" content=\"Escort Dominatrice en Valais - Meetgirl - Annonces \u00e9rotiques - Escorts, massages et salons\" \/>\n<meta property=\"og:description\" content=\"D\u00e9couvrez l\u2019univers BDSM avec une escort dominatrice en Valais. Explorez vos fantasmes en toute s\u00e9curit\u00e9 \u00e0 Sion, Martigny, Monthey ou Sierre\" \/>\n<meta property=\"og:url\" content=\"https:\/\/meetgirl.ch\/es\/escort-dominatrix-en-valais\/\" \/>\n<meta property=\"og:site_name\" content=\"Meetgirl - Annonces \u00e9rotiques - Escorts, massages et salons\" \/>\n<meta property=\"article:modified_time\" content=\"2025-08-05T12:18:45+00:00\" \/>\n<meta property=\"og:image\" content=\"https:\/\/meetgirl.ch\/wp-content\/uploads\/2025\/03\/meetgirl-yoast.jpg\" \/>\n\t<meta property=\"og:image:width\" content=\"1200\" \/>\n\t<meta property=\"og:image:height\" content=\"675\" \/>\n\t<meta property=\"og:image:type\" content=\"image\/jpeg\" \/>\n<meta name=\"twitter:card\" content=\"summary_large_image\" \/>\n<meta name=\"twitter:label1\" content=\"Tiempo de lectura\" \/>\n\t<meta name=\"twitter:data1\" content=\"3 minutos\" \/>\n<script type=\"application\/ld+json\" class=\"yoast-schema-graph\">{\"@context\":\"https:\/\/schema.org\",\"@graph\":[{\"@type\":\"WebPage\",\"@id\":\"https:\/\/meetgirl.ch\/escort-dominatrice-en-valais\/\",\"url\":\"https:\/\/meetgirl.ch\/escort-dominatrice-en-valais\/\",\"name\":\"Escort Dominatrice en Valais - Meetgirl - Annonces \u00e9rotiques - Escorts, massages et salons\",\"isPartOf\":{\"@id\":\"https:\/\/meetgirl.ch\/#website\"},\"datePublished\":\"2025-08-05T12:17:21+00:00\",\"dateModified\":\"2025-08-05T12:18:45+00:00\",\"description\":\"D\u00e9couvrez l\u2019univers BDSM avec une escort dominatrice en Valais. Explorez vos fantasmes en toute s\u00e9curit\u00e9 \u00e0 Sion, Martigny, Monthey ou Sierre\",\"breadcrumb\":{\"@id\":\"https:\/\/meetgirl.ch\/escort-dominatrice-en-valais\/#breadcrumb\"},\"inLanguage\":\"es\",\"potentialAction\":[{\"@type\":\"ReadAction\",\"target\":[\"https:\/\/meetgirl.ch\/escort-dominatrice-en-valais\/\"]}]},{\"@type\":\"BreadcrumbList\",\"@id\":\"https:\/\/meetgirl.ch\/escort-dominatrice-en-valais\/#breadcrumb\",\"itemListElement\":[{\"@type\":\"ListItem\",\"position\":1,\"name\":\"Accueil\",\"item\":\"https:\/\/meetgirl.ch\/\"},{\"@type\":\"ListItem\",\"position\":2,\"name\":\"Escort Dominatrice en Valais\"}]},{\"@type\":\"WebSite\",\"@id\":\"https:\/\/meetgirl.ch\/#website\",\"url\":\"https:\/\/meetgirl.ch\/\",\"name\":\"MeetGirl - Annonces \u00e9rotiques Suisse - Escorts, massages et salons\",\"description\":\"Escorts et massages \u00e9rotiques\",\"publisher\":{\"@id\":\"https:\/\/meetgirl.ch\/#organization\"},\"alternateName\":\"Annuaire \u00e9rotique Suisse Escort \u00e0 Gen\u00e8ve, Lausanne, Valais, Neuch\u00e2tel\",\"potentialAction\":[{\"@type\":\"SearchAction\",\"target\":{\"@type\":\"EntryPoint\",\"urlTemplate\":\"https:\/\/meetgirl.ch\/?s={search_term_string}\"},\"query-input\":{\"@type\":\"PropertyValueSpecification\",\"valueRequired\":true,\"valueName\":\"search_term_string\"}}],\"inLanguage\":\"es\"},{\"@type\":\"Organization\",\"@id\":\"https:\/\/meetgirl.ch\/#organization\",\"name\":\"Escort et massage \u00e9rotique\",\"alternateName\":\"Meetgirl escortes et masseuses\",\"url\":\"https:\/\/meetgirl.ch\/\",\"logo\":{\"@type\":\"ImageObject\",\"inLanguage\":\"es\",\"@id\":\"https:\/\/meetgirl.ch\/#\/schema\/logo\/image\/\",\"url\":\"https:\/\/meetgirl.ch\/wp-content\/uploads\/2024\/05\/cropped-meet-logo.png\",\"contentUrl\":\"https:\/\/meetgirl.ch\/wp-content\/uploads\/2024\/05\/cropped-meet-logo.png\",\"width\":512,\"height\":512,\"caption\":\"Escort et massage \u00e9rotique\"},\"image\":{\"@id\":\"https:\/\/meetgirl.ch\/#\/schema\/logo\/image\/\"}}]}<\/script>\n<!-- \/ Yoast SEO plugin. -->","yoast_head_json":{"title":"Escort Dominatrice en Valais - Meetgirl - Anuncios er\u00f3ticos - Escorts, masajes y salones","description":"Descubra el mundo del BDSM con una escort dominatrix en Valais. Explora tus fantas\u00edas con total seguridad en Sion, Martigny, Monthey o Sierre.","robots":{"index":"index","follow":"follow","max-snippet":"max-snippet:-1","max-image-preview":"max-image-preview:large","max-video-preview":"max-video-preview:-1"},"canonical":"https:\/\/meetgirl.ch\/es\/escort-dominatrix-en-valais\/","og_locale":"es_ES","og_type":"article","og_title":"Escort Dominatrice en Valais - Meetgirl - Annonces \u00e9rotiques - Escorts, massages et salons","og_description":"D\u00e9couvrez l\u2019univers BDSM avec une escort dominatrice en Valais. Explorez vos fantasmes en toute s\u00e9curit\u00e9 \u00e0 Sion, Martigny, Monthey ou Sierre","og_url":"https:\/\/meetgirl.ch\/es\/escort-dominatrix-en-valais\/","og_site_name":"Meetgirl - Annonces \u00e9rotiques - Escorts, massages et salons","article_modified_time":"2025-08-05T12:18:45+00:00","og_image":[{"width":1200,"height":675,"url":"https:\/\/meetgirl.ch\/wp-content\/uploads\/2025\/03\/meetgirl-yoast.jpg","type":"image\/jpeg"}],"twitter_card":"summary_large_image","twitter_misc":{"Tiempo de lectura":"3 minutos"},"schema":{"@context":"https:\/\/schema.org","@graph":[{"@type":"WebPage","@id":"https:\/\/meetgirl.ch\/escort-dominatrice-en-valais\/","url":"https:\/\/meetgirl.ch\/escort-dominatrice-en-valais\/","name":"Escort Dominatrice en Valais - Meetgirl - Anuncios er\u00f3ticos - Escorts, masajes y salones","isPartOf":{"@id":"https:\/\/meetgirl.ch\/#website"},"datePublished":"2025-08-05T12:17:21+00:00","dateModified":"2025-08-05T12:18:45+00:00","description":"Descubra el mundo del BDSM con una escort dominatrix en Valais. Explora tus fantas\u00edas con total seguridad en Sion, Martigny, Monthey o Sierre.","breadcrumb":{"@id":"https:\/\/meetgirl.ch\/escort-dominatrice-en-valais\/#breadcrumb"},"inLanguage":"es","potentialAction":[{"@type":"ReadAction","target":["https:\/\/meetgirl.ch\/escort-dominatrice-en-valais\/"]}]},{"@type":"BreadcrumbList","@id":"https:\/\/meetgirl.ch\/escort-dominatrice-en-valais\/#breadcrumb","itemListElement":[{"@type":"ListItem","position":1,"name":"Accueil","item":"https:\/\/meetgirl.ch\/"},{"@type":"ListItem","position":2,"name":"Escort Dominatrice en Valais"}]},{"@type":"WebSite","@id":"https:\/\/meetgirl.ch\/#website","url":"https:\/\/meetgirl.ch\/","name":"MeetGirl - Anuncios er\u00f3ticos Suiza - Escorts, masajes y salones","description":"Escorts y masajes er\u00f3ticos","publisher":{"@id":"https:\/\/meetgirl.ch\/#organization"},"alternateName":"Annuaire \u00e9rotique Suisse Escort \u00e0 Gen\u00e8ve, Lausanne, Valais, Neuch\u00e2tel","potentialAction":[{"@type":"SearchAction","target":{"@type":"EntryPoint","urlTemplate":"https:\/\/meetgirl.ch\/?s={search_term_string}"},"query-input":{"@type":"PropertyValueSpecification","valueRequired":true,"valueName":"search_term_string"}}],"inLanguage":"es"},{"@type":"Organization","@id":"https:\/\/meetgirl.ch\/#organization","name":"Escort y masaje er\u00f3tico","alternateName":"Meetgirl escortes et masseuses","url":"https:\/\/meetgirl.ch\/","logo":{"@type":"ImageObject","inLanguage":"es","@id":"https:\/\/meetgirl.ch\/#\/schema\/logo\/image\/","url":"https:\/\/meetgirl.ch\/wp-content\/uploads\/2024\/05\/cropped-meet-logo.png","contentUrl":"https:\/\/meetgirl.ch\/wp-content\/uploads\/2024\/05\/cropped-meet-logo.png","width":512,"height":512,"caption":"Escort et massage \u00e9rotique"},"image":{"@id":"https:\/\/meetgirl.ch\/#\/schema\/logo\/image\/"}}]}},"_links":{"self":[{"href":"https:\/\/meetgirl.ch\/es\/wp-json\/wp\/v2\/pages\/11563","targetHints":{"allow":["GET"]}}],"collection":[{"href":"https:\/\/meetgirl.ch\/es\/wp-json\/wp\/v2\/pages"}],"about":[{"href":"https:\/\/meetgirl.ch\/es\/wp-json\/wp\/v2\/types\/page"}],"author":[{"embeddable":true,"href":"https:\/\/meetgirl.ch\/es\/wp-json\/wp\/v2\/users\/3"}],"replies":[{"embeddable":true,"href":"https:\/\/meetgirl.ch\/es\/wp-json\/wp\/v2\/comments?post=11563"}],"version-history":[{"count":4,"href":"https:\/\/meetgirl.ch\/es\/wp-json\/wp\/v2\/pages\/11563\/revisions"}],"predecessor-version":[{"id":11567,"href":"https:\/\/meetgirl.ch\/es\/wp-json\/wp\/v2\/pages\/11563\/revisions\/11567"}],"wp:attachment":[{"href":"https:\/\/meetgirl.ch\/es\/wp-json\/wp\/v2\/media?parent=11563"}],"curies":[{"name":"wp","href":"https:\/\/api.w.org\/{rel}","templated":true}]}}