{"id":12825,"date":"2025-08-17T14:11:26","date_gmt":"2025-08-17T14:11:26","guid":{"rendered":"https:\/\/meetgirl.ch\/?page_id=12825"},"modified":"2025-09-21T14:18:04","modified_gmt":"2025-09-21T14:18:04","slug":"massage-sensuel-fribourg","status":"publish","type":"page","link":"https:\/\/meetgirl.ch\/es\/massage-sensuel-fribourg\/","title":{"rendered":"Massage sensuel \u00e0 Fribourg \u2013 Exp\u00e9riences sensorielles et intenses"},"content":{"rendered":"<div data-elementor-type=\"wp-page\" data-elementor-id=\"12825\" class=\"elementor elementor-12825\">\n\t\t\t\t<div class=\"elementor-element elementor-element-0671ed0 e-flex e-con-boxed e-con e-parent\" data-id=\"0671ed0\" data-element_type=\"container\" data-settings=\"{&quot;jet_parallax_layout_list&quot;:[]}\">\n\t\t\t\t\t<div class=\"e-con-inner\">\n\t\t\t\t<div class=\"elementor-element elementor-element-7320b05 elementor-widget elementor-widget-case27-listing-feed-widget\" data-id=\"7320b05\" data-element_type=\"widget\" data-widget_type=\"case27-listing-feed-widget.default\">\n\t\t\t\t<div class=\"elementor-widget-container\">\n\t\t\t\t\t\t\t<section class=\"i-section listing-feed\">\r\n\t\t<div class=\"container-fluid\">\r\n\t\t\t<div class=\"row section-body grid\">\r\n\t\t\t\t\t\t\t\t\t<div class=\"col-lg-4 col-md-4 col-sm-6 col-xs-12 grid-item\"><div class=\"lf-item-container listing-preview type-independante no-logo has-tagline no-info-fields level-promoted priority-2\" data-id=\"listing-id-16570\" data-category-icon=\"\t&lt;i class=&quot;mi bookmark_border&quot; style=&quot;color: #fff; background: #f67675; &quot;&gt;&lt;\/i&gt;\t\" data-category-color=\"#f67675\" data-category-text-color=\"#fff\" data-thumbnail=\"https:\/\/meetgirl.ch\/wp-content\/themes\/my-listing\/assets\/images\/marker.jpg\" data-marker=\"https:\/\/meetgirl.ch\/wp-content\/themes\/my-listing\/assets\/images\/marker.jpg\" data-template=\"default\" data-locations=\"[{&quot;address&quot;:&quot;Fribourg, canton de Fribourg, Suisse&quot;,&quot;lat&quot;:&quot;46.80445&quot;,&quot;lng&quot;:&quot;7.15434&quot;}]\"\n><div class=\"lf-item lf-item-default\" data-template=\"default\"> <a href=\"https:\/\/meetgirl.ch\/es\/acompanantes-2\/chantale334\/\"> <div class=\"overlay\" style=\" background-color: #242429; opacity: 0;\"><\/div> <div class=\"lf-background\" style=\"background-image: url('https:\/\/meetgirl.ch\/wp-content\/uploads\/listing-uploads\/cover\/2025\/11\/ZA1-1.jpg');\"><\/div> <div class=\"lf-item-info\"> <h4 class=\"case27-primary-text listing-preview-title\"> Chantale334 <\/h4> <\/div> <\/a> <div class=\"lf-head level-promoted\"> <span class=\"tooltip-element tooltip-bottom\"> <div class=\"lf-head-btn ad-badge\"> <span><i class=\"icon-flash\"><\/i><\/span> <\/div> <span class=\"tooltip-container\">Promocionado<\/span> <\/span> <\/div> <\/div> <div class=\"listing-details-3 c27-footer-section\"> <ul class=\"details-list no-list-style\"> <li class=\"\" > <span>Friburgo <\/span> <\/li> <li class=\"\" > <span> <div class=\"codicts-online-status\"><span class=\"codicts-dot cdtsols-offline\"><\/span> <span class=\"cdtsols-txt\">-24H<\/span><\/div> <\/span> <\/li> <\/ul> <\/div> <div class=\"listing-details-3 c27-footer-section\"> <ul class=\"details-list no-list-style\"> <li class=\"\" > <span>Sexy <\/span> <\/li> <\/ul> <\/div> <\/div><\/div>\t\t\t\t\t\t\t\t\t<div class=\"col-lg-4 col-md-4 col-sm-6 col-xs-12 grid-item\"><div class=\"lf-item-container listing-preview type-independante no-logo has-tagline no-info-fields level-promoted priority-2\" data-id=\"listing-id-16565\" data-category-icon=\"\t&lt;i class=&quot;mi bookmark_border&quot; style=&quot;color: #fff; background: #f67675; &quot;&gt;&lt;\/i&gt;\t\" data-category-color=\"#f67675\" data-category-text-color=\"#fff\" data-thumbnail=\"https:\/\/meetgirl.ch\/wp-content\/themes\/my-listing\/assets\/images\/marker.jpg\" data-marker=\"https:\/\/meetgirl.ch\/wp-content\/themes\/my-listing\/assets\/images\/marker.jpg\" data-template=\"default\" data-locations=\"[{&quot;address&quot;:&quot;Fribourg, canton de Fribourg, Suisse&quot;,&quot;lat&quot;:&quot;46.80445&quot;,&quot;lng&quot;:&quot;7.15434&quot;}]\"\n><div class=\"lf-item lf-item-default\" data-template=\"default\"> <a href=\"https:\/\/meetgirl.ch\/es\/acompanantes-2\/christina-5542\/\"> <div class=\"overlay\" style=\" background-color: #242429; opacity: 0;\"><\/div> <div class=\"lf-background\" style=\"background-image: url('https:\/\/meetgirl.ch\/wp-content\/uploads\/listing-uploads\/cover\/2025\/11\/IMG-20201104-WA0039.jpg');\"><\/div> <div class=\"lf-item-info\"> <h4 class=\"case27-primary-text listing-preview-title\"> Christina 5542 <\/h4> <\/div> <\/a> <div class=\"lf-head level-promoted\"> <span class=\"tooltip-element tooltip-bottom\"> <div class=\"lf-head-btn ad-badge\"> <span><i class=\"icon-flash\"><\/i><\/span> <\/div> <span class=\"tooltip-container\">Promocionado<\/span> <\/span> <\/div> <\/div> <div class=\"listing-details-3 c27-footer-section\"> <ul class=\"details-list no-list-style\"> <li class=\"\" > <span>Friburgo <\/span> <\/li> <li class=\"\" > <span> <div class=\"codicts-online-status\"><span class=\"codicts-dot cdtsols-offline\"><\/span> <span class=\"cdtsols-txt\">-24H<\/span><\/div> <\/span> <\/li> <\/ul> <\/div> <div class=\"listing-details-3 c27-footer-section\"> <ul class=\"details-list no-list-style\"> <li class=\"\" > <span>Disponible en <\/span> <\/li> <\/ul> <\/div> <\/div><\/div>\t\t\t\t\t\t\t\t\t<div class=\"col-lg-4 col-md-4 col-sm-6 col-xs-12 grid-item\"><div class=\"lf-item-container listing-preview type-independante no-logo has-tagline no-info-fields level-promoted priority-2\" data-id=\"listing-id-14448\" data-category-icon=\"\t&lt;i class=&quot;mi bookmark_border&quot; style=&quot;color: #fff; background: #f67675; &quot;&gt;&lt;\/i&gt;\t\" data-category-color=\"#f67675\" data-category-text-color=\"#fff\" data-thumbnail=\"https:\/\/meetgirl.ch\/wp-content\/themes\/my-listing\/assets\/images\/marker.jpg\" data-marker=\"https:\/\/meetgirl.ch\/wp-content\/themes\/my-listing\/assets\/images\/marker.jpg\" data-template=\"default\" data-locations=\"[{&quot;address&quot;:&quot;1763, Granges-Paccot, canton de Fribourg, Suisse&quot;,&quot;lat&quot;:&quot;46.82827&quot;,&quot;lng&quot;:&quot;7.14877&quot;}]\"\n><div class=\"lf-item lf-item-default\" data-template=\"default\"> <a href=\"https:\/\/meetgirl.ch\/es\/acompanantes-2\/brunelle_zio\/\"> <div class=\"overlay\" style=\" background-color: #242429; opacity: 0;\"><\/div> <div class=\"lf-background\" style=\"background-image: url('https:\/\/meetgirl.ch\/wp-content\/uploads\/listing-uploads\/cover\/2025\/09\/20250723_134235-768x991.jpg');\"><\/div> <div class=\"lf-item-info\"> <h4 class=\"case27-primary-text listing-preview-title\"> Brunelle_zio <\/h4> <\/div> <\/a> <div class=\"lf-head level-promoted\"> <span class=\"tooltip-element tooltip-bottom\"> <div class=\"lf-head-btn ad-badge\"> <span><i class=\"icon-flash\"><\/i><\/span> <\/div> <span class=\"tooltip-container\">Promocionado<\/span> <\/span> <\/div> <\/div> <div class=\"listing-details-3 c27-footer-section\"> <ul class=\"details-list no-list-style\"> <li class=\"\" > <span>Friburgo <\/span> <\/li> <li class=\"\" > <span> <div class=\"codicts-online-status\"><span class=\"codicts-dot cdtsols-offline\"><\/span> <span class=\"cdtsols-txt\">-24H<\/span><\/div> <\/span> <\/li> <\/ul> <\/div> <div class=\"listing-details-3 c27-footer-section\"> <ul class=\"details-list no-list-style\"> <li class=\"\" > <span>Cita sexual <\/span> <\/li> <\/ul> <\/div> <\/div><\/div>\t\t\t\t\t\t\t<\/div>\r\n\t\t<\/div>\r\n\t<\/section>\r\n\r\n\t\t\t\t<\/div>\n\t\t\t\t<\/div>\n\t\t\t\t\t<\/div>\n\t\t\t\t<\/div>\n\t\t<div class=\"elementor-element elementor-element-d6e65e1 e-flex e-con-boxed e-con e-parent\" data-id=\"d6e65e1\" data-element_type=\"container\" data-settings=\"{&quot;jet_parallax_layout_list&quot;:[]}\">\n\t\t\t\t\t<div class=\"e-con-inner\">\n\t\t\t\t<div class=\"elementor-element elementor-element-2c90d3f elementor-widget elementor-widget-text-editor\" data-id=\"2c90d3f\" data-element_type=\"widget\" data-widget_type=\"text-editor.default\">\n\t\t\t\t<div class=\"elementor-widget-container\">\n\t\t\t\t\t\t\t\t\t<section style=\"padding:40px 20px; background-color:#222; font-family:Arial,sans-serif; color:#ffffff;\">\n  <div style=\"max-width:1000px; margin:0 auto;\">\n\n    <!-- Intro teaser -->\n    <p style=\"font-size:16px; line-height:1.6; text-align:center; margin-bottom:20px;\">\n      Descubra el placer y la relajaci\u00f3n con un <strong>masaje sensual en Fribourg<\/strong>. Nuestros profesionales cualificados ofrecen una gran variedad de sesiones, como masaje t\u00e1ntrico, masaje lingam, masaje prost\u00e1tico, masaje cuerpo a cuerpo, masaje Nuru y masaje tailand\u00e9s, para despertar sus sentidos y regalarle un momento de relajaci\u00f3n intenso e inolvidable.\n    <\/p>\n\n    <!-- Qu\u2019est-ce qu\u2019un massage sensuel -->\n    <h2 style=\"color:#ff69b4; font-size:28px; margin-bottom:15px;\">\u00bfQu\u00e9 es un masaje sensual en Friburgo?<\/h2>\n    <p style=\"font-size:16px; line-height:1.6; margin-bottom:20px;\">\n      Le <strong>masaje sensual en Fribourg<\/strong> no se limita a la relajaci\u00f3n f\u00edsica. Es una experiencia hol\u00edstica que combina movimientos suaves, presiones espec\u00edficas y contacto corporal, anim\u00e1ndole a dejarse llevar y a estimular las zonas er\u00f3genas. Cada sesi\u00f3n est\u00e1 dise\u00f1ada para crear el equilibrio perfecto entre placer y bienestar.\n    <\/p>\n\n    <!-- Prestations -->\n    <h2 style=\"color:#ff69b4; font-size:28px; margin-bottom:15px;\">Servicios ofrecidos<\/h2>\n    <p style=\"font-size:16px; line-height:1.6; margin-bottom:20px;\">\n      Nuestros masajes sensuales incluyen : \n      <ul style=\"margin-left:20px; line-height:1.6;\">\n        <li><strong>Masaje t\u00e1ntrico<\/strong> armonizar la energ\u00eda corporal y despertar los sentidos<\/li>\n        <li><strong>Masaje Lingam o Yoni<\/strong> Estimulaci\u00f3n selectiva para un placer profundo<\/li>\n        <li><strong>Masaje prost\u00e1tico<\/strong> Relajaci\u00f3n intensa y estimulaci\u00f3n masculina<\/li>\n        <li><strong>Cuerpo a cuerpo y Nuru<\/strong> deslizamiento sensual y contacto total sobre aceite especial<\/li>\n        <li><strong>Masaje sensual tailand\u00e9s<\/strong> una combinaci\u00f3n de estiramientos y caricias para liberar tensiones<\/li>\n      <\/ul>\n      Cada masaje se personaliza por completo en funci\u00f3n de sus deseos y su comodidad, lo que garantiza una experiencia \u00fanica en cada cita.\n    <\/p>\n\n    <!-- Pourquoi Fribourg -->\n    <h2 style=\"color:#ff69b4; font-size:28px; margin-bottom:15px;\">\u00bfPor qu\u00e9 elegir Friburgo para un masaje sensual?<\/h2>\n    <p style=\"font-size:16px; line-height:1.6; margin-bottom:20px;\">\n      Friburgo ofrece un marco discreto y relajante para aprovechar al m\u00e1ximo sus sesiones. Los profesionales locales est\u00e1n formados para garantizar la confidencialidad, la seguridad y la profesionalidad. Tanto si se encuentra en la ciudad como en los alrededores, cada sesi\u00f3n se desarrolla en un ambiente tranquilo y confortable, ideal para explorar sus sensaciones.\n    <\/p>\n\n    <!-- Comment r\u00e9server -->\n    <h2 style=\"color:#ff69b4; font-size:28px; margin-bottom:15px;\">\u00bfC\u00f3mo reservar un masaje sensual en Friburgo?<\/h2>\n    <p style=\"font-size:16px; line-height:1.6; margin-bottom:20px;\">\n      Para reservar su sesi\u00f3n, consulte los perfiles y opiniones de los profesionales para elegir el que mejor se adapte a sus necesidades. Comunique sus preferencias antes de la cita para garantizar un masaje personalizado. Para descubrir m\u00e1s experiencias sensuales, visite <a href=\"https:\/\/meetgirl.ch\/es\/escort-coquine-fribourg\/\" style=\"color:#ff69b4; text-decoration:underline; font-weight:bold;\">escort traviesa en Friburgo<\/a>.\n    <\/p>\n\n    <!-- Conclusion -->\n    <h2 style=\"color:#ff69b4; font-size:28px; margin-bottom:15px;\">Viva un momento sensual inolvidable<\/h2>\n    <p style=\"font-size:16px; line-height:1.6;\">\n      Elija una <strong>masaje sensual en Fribourg<\/strong> es la garant\u00eda de un momento \u00fanico de relajaci\u00f3n y placer. Despierte sus sentidos, explore su cuerpo y d\u00e9jese llevar por una experiencia refinada e \u00edntima, en un entorno seguro y discreto.\n    <\/p>\n\n  <\/div>\n<\/section>\n\t\t\t\t\t\t\t\t<\/div>\n\t\t\t\t<\/div>\n\t\t\t\t\t<\/div>\n\t\t\t\t<\/div>\n\t\t\t\t<\/div>","protected":false},"excerpt":{"rendered":"<p>D\u00e9couvrez le plaisir et la relaxation gr\u00e2ce \u00e0 un massage sensuel \u00e0 Fribourg. Nos praticiennes qualifi\u00e9es vous proposent des s\u00e9ances vari\u00e9es incluant massage tantrique, lingam, massage prostatique, body-to-body, Nuru et Thai massage, pour \u00e9veiller vos sens et vous offrir un moment de d\u00e9tente intense et m\u00e9morable. Qu\u2019est-ce qu\u2019un massage sensuel \u00e0 Fribourg ? Le massage [&hellip;]<\/p>","protected":false},"author":3,"featured_media":0,"parent":0,"menu_order":0,"comment_status":"closed","ping_status":"closed","template":"","meta":{"footnotes":""},"class_list":["post-12825","page","type-page","status-publish","hentry"],"acf":[],"yoast_head":"<!-- This site is optimized with the Yoast SEO plugin v26.0 - https:\/\/yoast.com\/wordpress\/plugins\/seo\/ -->\n<title>Massage sensuel \u00e0 Fribourg \u2013 Exp\u00e9riences sensorielles et intenses - Meetgirl - Annonces \u00e9rotiques - Escorts, massages et salons<\/title>\n<meta name=\"description\" content=\"Offrez-vous un massage sensuel \u00e0 Fribourg avec des prestations tantriques, lingam, nuru, body-to-body. Exp\u00e9riences sensorielles et intenses\" \/>\n<meta name=\"robots\" content=\"index, follow, max-snippet:-1, max-image-preview:large, max-video-preview:-1\" \/>\n<link rel=\"canonical\" href=\"https:\/\/meetgirl.ch\/es\/massage-sensuel-fribourg\/\" \/>\n<meta property=\"og:locale\" content=\"es_ES\" \/>\n<meta property=\"og:type\" content=\"article\" \/>\n<meta property=\"og:title\" content=\"Massage sensuel \u00e0 Fribourg \u2013 Exp\u00e9riences sensorielles et intenses - Meetgirl - Annonces \u00e9rotiques - Escorts, massages et salons\" \/>\n<meta property=\"og:description\" content=\"Offrez-vous un massage sensuel \u00e0 Fribourg avec des prestations tantriques, lingam, nuru, body-to-body. Exp\u00e9riences sensorielles et intenses\" \/>\n<meta property=\"og:url\" content=\"https:\/\/meetgirl.ch\/es\/massage-sensuel-fribourg\/\" \/>\n<meta property=\"og:site_name\" content=\"Meetgirl - Annonces \u00e9rotiques - Escorts, massages et salons\" \/>\n<meta property=\"article:modified_time\" content=\"2025-09-21T14:18:04+00:00\" \/>\n<meta property=\"og:image\" content=\"https:\/\/meetgirl.ch\/wp-content\/uploads\/2025\/03\/meetgirl-yoast.jpg\" \/>\n\t<meta property=\"og:image:width\" content=\"1200\" \/>\n\t<meta property=\"og:image:height\" content=\"675\" \/>\n\t<meta property=\"og:image:type\" content=\"image\/jpeg\" \/>\n<meta name=\"twitter:card\" content=\"summary_large_image\" \/>\n<meta name=\"twitter:label1\" content=\"Tiempo de lectura\" \/>\n\t<meta name=\"twitter:data1\" content=\"2 minutos\" \/>\n<script type=\"application\/ld+json\" class=\"yoast-schema-graph\">{\"@context\":\"https:\/\/schema.org\",\"@graph\":[{\"@type\":\"WebPage\",\"@id\":\"https:\/\/meetgirl.ch\/massage-sensuel-fribourg\/\",\"url\":\"https:\/\/meetgirl.ch\/massage-sensuel-fribourg\/\",\"name\":\"Massage sensuel \u00e0 Fribourg \u2013 Exp\u00e9riences sensorielles et intenses - Meetgirl - Annonces \u00e9rotiques - Escorts, massages et salons\",\"isPartOf\":{\"@id\":\"https:\/\/meetgirl.ch\/#website\"},\"datePublished\":\"2025-08-17T14:11:26+00:00\",\"dateModified\":\"2025-09-21T14:18:04+00:00\",\"description\":\"Offrez-vous un massage sensuel \u00e0 Fribourg avec des prestations tantriques, lingam, nuru, body-to-body. Exp\u00e9riences sensorielles et intenses\",\"breadcrumb\":{\"@id\":\"https:\/\/meetgirl.ch\/massage-sensuel-fribourg\/#breadcrumb\"},\"inLanguage\":\"es\",\"potentialAction\":[{\"@type\":\"ReadAction\",\"target\":[\"https:\/\/meetgirl.ch\/massage-sensuel-fribourg\/\"]}]},{\"@type\":\"BreadcrumbList\",\"@id\":\"https:\/\/meetgirl.ch\/massage-sensuel-fribourg\/#breadcrumb\",\"itemListElement\":[{\"@type\":\"ListItem\",\"position\":1,\"name\":\"Accueil\",\"item\":\"https:\/\/meetgirl.ch\/\"},{\"@type\":\"ListItem\",\"position\":2,\"name\":\"Massage sensuel \u00e0 Fribourg \u2013 Exp\u00e9riences sensorielles et intenses\"}]},{\"@type\":\"WebSite\",\"@id\":\"https:\/\/meetgirl.ch\/#website\",\"url\":\"https:\/\/meetgirl.ch\/\",\"name\":\"MeetGirl - Annonces \u00e9rotiques Suisse - Escorts, massages et salons\",\"description\":\"Escorts et massages \u00e9rotiques\",\"publisher\":{\"@id\":\"https:\/\/meetgirl.ch\/#organization\"},\"alternateName\":\"Annuaire \u00e9rotique Suisse Escort \u00e0 Gen\u00e8ve, Lausanne, Valais, Neuch\u00e2tel\",\"potentialAction\":[{\"@type\":\"SearchAction\",\"target\":{\"@type\":\"EntryPoint\",\"urlTemplate\":\"https:\/\/meetgirl.ch\/?s={search_term_string}\"},\"query-input\":{\"@type\":\"PropertyValueSpecification\",\"valueRequired\":true,\"valueName\":\"search_term_string\"}}],\"inLanguage\":\"es\"},{\"@type\":\"Organization\",\"@id\":\"https:\/\/meetgirl.ch\/#organization\",\"name\":\"Escort et massage \u00e9rotique\",\"alternateName\":\"Meetgirl escortes et masseuses\",\"url\":\"https:\/\/meetgirl.ch\/\",\"logo\":{\"@type\":\"ImageObject\",\"inLanguage\":\"es\",\"@id\":\"https:\/\/meetgirl.ch\/#\/schema\/logo\/image\/\",\"url\":\"https:\/\/meetgirl.ch\/wp-content\/uploads\/2024\/05\/cropped-meet-logo.png\",\"contentUrl\":\"https:\/\/meetgirl.ch\/wp-content\/uploads\/2024\/05\/cropped-meet-logo.png\",\"width\":512,\"height\":512,\"caption\":\"Escort et massage \u00e9rotique\"},\"image\":{\"@id\":\"https:\/\/meetgirl.ch\/#\/schema\/logo\/image\/\"}}]}<\/script>\n<!-- \/ Yoast SEO plugin. -->","yoast_head_json":{"title":"Masaje sensual en Friburgo - Experiencias sensuales intensas - Meetgirl - Anuncios er\u00f3ticos - Escorts, masajes y salones","description":"Reg\u00e1lese un masaje sensual en Friburgo con servicios t\u00e1ntricos, lingam, nuru y cuerpo a cuerpo. Experiencias sensoriales intensas","robots":{"index":"index","follow":"follow","max-snippet":"max-snippet:-1","max-image-preview":"max-image-preview:large","max-video-preview":"max-video-preview:-1"},"canonical":"https:\/\/meetgirl.ch\/es\/massage-sensuel-fribourg\/","og_locale":"es_ES","og_type":"article","og_title":"Massage sensuel \u00e0 Fribourg \u2013 Exp\u00e9riences sensorielles et intenses - Meetgirl - Annonces \u00e9rotiques - Escorts, massages et salons","og_description":"Offrez-vous un massage sensuel \u00e0 Fribourg avec des prestations tantriques, lingam, nuru, body-to-body. Exp\u00e9riences sensorielles et intenses","og_url":"https:\/\/meetgirl.ch\/es\/massage-sensuel-fribourg\/","og_site_name":"Meetgirl - Annonces \u00e9rotiques - Escorts, massages et salons","article_modified_time":"2025-09-21T14:18:04+00:00","og_image":[{"width":1200,"height":675,"url":"https:\/\/meetgirl.ch\/wp-content\/uploads\/2025\/03\/meetgirl-yoast.jpg","type":"image\/jpeg"}],"twitter_card":"summary_large_image","twitter_misc":{"Tiempo de lectura":"2 minutos"},"schema":{"@context":"https:\/\/schema.org","@graph":[{"@type":"WebPage","@id":"https:\/\/meetgirl.ch\/massage-sensuel-fribourg\/","url":"https:\/\/meetgirl.ch\/massage-sensuel-fribourg\/","name":"Masaje sensual en Friburgo - Experiencias sensuales intensas - Meetgirl - Anuncios er\u00f3ticos - Escorts, masajes y salones","isPartOf":{"@id":"https:\/\/meetgirl.ch\/#website"},"datePublished":"2025-08-17T14:11:26+00:00","dateModified":"2025-09-21T14:18:04+00:00","description":"Reg\u00e1lese un masaje sensual en Friburgo con servicios t\u00e1ntricos, lingam, nuru y cuerpo a cuerpo. Experiencias sensoriales intensas","breadcrumb":{"@id":"https:\/\/meetgirl.ch\/massage-sensuel-fribourg\/#breadcrumb"},"inLanguage":"es","potentialAction":[{"@type":"ReadAction","target":["https:\/\/meetgirl.ch\/massage-sensuel-fribourg\/"]}]},{"@type":"BreadcrumbList","@id":"https:\/\/meetgirl.ch\/massage-sensuel-fribourg\/#breadcrumb","itemListElement":[{"@type":"ListItem","position":1,"name":"Accueil","item":"https:\/\/meetgirl.ch\/"},{"@type":"ListItem","position":2,"name":"Massage sensuel \u00e0 Fribourg \u2013 Exp\u00e9riences sensorielles et intenses"}]},{"@type":"WebSite","@id":"https:\/\/meetgirl.ch\/#website","url":"https:\/\/meetgirl.ch\/","name":"MeetGirl - Anuncios er\u00f3ticos Suiza - Escorts, masajes y salones","description":"Escorts y masajes er\u00f3ticos","publisher":{"@id":"https:\/\/meetgirl.ch\/#organization"},"alternateName":"Annuaire \u00e9rotique Suisse Escort \u00e0 Gen\u00e8ve, Lausanne, Valais, Neuch\u00e2tel","potentialAction":[{"@type":"SearchAction","target":{"@type":"EntryPoint","urlTemplate":"https:\/\/meetgirl.ch\/?s={search_term_string}"},"query-input":{"@type":"PropertyValueSpecification","valueRequired":true,"valueName":"search_term_string"}}],"inLanguage":"es"},{"@type":"Organization","@id":"https:\/\/meetgirl.ch\/#organization","name":"Escort y masaje er\u00f3tico","alternateName":"Meetgirl escortes et masseuses","url":"https:\/\/meetgirl.ch\/","logo":{"@type":"ImageObject","inLanguage":"es","@id":"https:\/\/meetgirl.ch\/#\/schema\/logo\/image\/","url":"https:\/\/meetgirl.ch\/wp-content\/uploads\/2024\/05\/cropped-meet-logo.png","contentUrl":"https:\/\/meetgirl.ch\/wp-content\/uploads\/2024\/05\/cropped-meet-logo.png","width":512,"height":512,"caption":"Escort et massage \u00e9rotique"},"image":{"@id":"https:\/\/meetgirl.ch\/#\/schema\/logo\/image\/"}}]}},"_links":{"self":[{"href":"https:\/\/meetgirl.ch\/es\/wp-json\/wp\/v2\/pages\/12825","targetHints":{"allow":["GET"]}}],"collection":[{"href":"https:\/\/meetgirl.ch\/es\/wp-json\/wp\/v2\/pages"}],"about":[{"href":"https:\/\/meetgirl.ch\/es\/wp-json\/wp\/v2\/types\/page"}],"author":[{"embeddable":true,"href":"https:\/\/meetgirl.ch\/es\/wp-json\/wp\/v2\/users\/3"}],"replies":[{"embeddable":true,"href":"https:\/\/meetgirl.ch\/es\/wp-json\/wp\/v2\/comments?post=12825"}],"version-history":[{"count":4,"href":"https:\/\/meetgirl.ch\/es\/wp-json\/wp\/v2\/pages\/12825\/revisions"}],"predecessor-version":[{"id":12830,"href":"https:\/\/meetgirl.ch\/es\/wp-json\/wp\/v2\/pages\/12825\/revisions\/12830"}],"wp:attachment":[{"href":"https:\/\/meetgirl.ch\/es\/wp-json\/wp\/v2\/media?parent=12825"}],"curies":[{"name":"wp","href":"https:\/\/api.w.org\/{rel}","templated":true}]}}