{"id":14142,"date":"2025-09-21T12:02:38","date_gmt":"2025-09-21T12:02:38","guid":{"rendered":"https:\/\/meetgirl.ch\/?page_id=14142"},"modified":"2025-09-21T12:07:14","modified_gmt":"2025-09-21T12:07:14","slug":"cologny","status":"publish","type":"page","link":"https:\/\/meetgirl.ch\/es\/acompanante\/geneve\/cologny\/","title":{"rendered":"Escort Cologny Gen\u00e8ve - anuncios certificados y verificados"},"content":{"rendered":"<div data-elementor-type=\"wp-page\" data-elementor-id=\"14142\" class=\"elementor elementor-14142\">\n\t\t\t\t<div class=\"elementor-element elementor-element-675c6bd e-flex e-con-boxed e-con e-parent\" data-id=\"675c6bd\" data-element_type=\"container\" data-settings=\"{&quot;jet_parallax_layout_list&quot;:[]}\">\n\t\t\t\t\t<div class=\"e-con-inner\">\n\t\t\t\t<div class=\"elementor-element elementor-element-24a9df6 elementor-widget elementor-widget-text-editor\" data-id=\"24a9df6\" data-element_type=\"widget\" data-widget_type=\"text-editor.default\">\n\t\t\t\t<div class=\"elementor-widget-container\">\n\t\t\t\t\t\t\t\t\t<div style=\"color:#ffffff;\">\n\n  <h1 style=\"color:#f67675;\">Escort Cologny Gen\u00e8ve - anuncios certificados y verificados<\/h1>\n  <p>En<strong>escort cologny geneve<\/strong> atraen a visitantes que buscan elegancia y discreci\u00f3n. <strong>En efecto<\/strong>, <strong>Cologny<\/strong> es uno de los barrios m\u00e1s prestigiosos de <strong>Ginebra<\/strong>famosa por sus villas de lujo, sus vistas al lago Lem\u00e1n y su ambiente residencial. <strong>Adem\u00e1s<\/strong>varios <strong>Escort Cologny Ginebra<\/strong> publicar anuncios <strong>certificado<\/strong> 24 horas al d\u00eda, garantizando una experiencia refinada y segura.<\/p>\n\n  <h2 style=\"color:#f67675;\">Presentaci\u00f3n del barrio de Cologny<\/h2>\n  <p><strong>Cologny<\/strong> se encuentra en las alturas de <strong>Ginebra<\/strong>con vistas panor\u00e1micas sobre el lago Lem\u00e1n y la ciudad. <strong>Adem\u00e1s<\/strong>Es conocida por sus residencias de lujo y las sedes de importantes instituciones financieras. <strong>En pocas palabras<\/strong>conocer a <strong>Escort Cologny Ginebra<\/strong> ofrece un entorno exclusivo, discreto y prestigioso.<\/p>\n\n  <h2 style=\"color:#f67675;\">Barrios cercanos a Cologny<\/h2>\n  <p>En <strong>Cologny<\/strong>Tambi\u00e9n tendr\u00e1 acceso r\u00e1pido a otras zonas emblem\u00e1ticas de la ciudad. <strong>Ginebra<\/strong>. <strong>Por ejemplo<\/strong>Eaux-Vives ofrece una animada vida nocturna, mientras que Champel destaca por su tranquilidad y lujo. <strong>As\u00ed que<\/strong>Elegir Cologny es combinar prestigio y proximidad al centro de la ciudad.<\/p>\n\n  <h2 style=\"color:#f67675;\">Tarifas escort cologny geneve<\/h2>\n  <p>Las tarifas para un <strong>escort cologny geneve<\/strong> reflejan el prestigio de la zona. Un independiente ofrece reuniones por tan solo unos cientos de francos. <strong>Sin embargo<\/strong>Las agencias locales ofrecen servicios de gama alta para una clientela internacional. Cada anuncio es <strong>certificado<\/strong> y especifica sus condiciones de fijaci\u00f3n de precios, garantizando la claridad y la transparencia.<\/p>\n\n  <h2 style=\"color:#f67675;\">Seguridad y discreci\u00f3n<\/h2>\n  <p>Comprobamos todos los anuncios para eliminar los perfiles falsos. <strong>En consecuencia<\/strong>S\u00f3lo se puede acceder a los perfiles fiables. <strong>Cologny<\/strong>Con su entorno residencial y protegido, es el lugar ideal para conocer a gente variada. <strong>escort girl Cologny Ginebra<\/strong> con total confianza. <strong>En conclusi\u00f3n<\/strong>opte siempre por la publicidad <strong>certificado<\/strong> para una experiencia segura.<\/p>\n\n  <h2 style=\"color:#f67675;\">FAQ - Escort Cologny Ginebra<\/h2>\n  <h3 style=\"color:#f67675;\">\u00bfC\u00f3mo encuentro un acompa\u00f1ante en Cologny Geneve?<\/h3>\n  <p>Consultar los anuncios <strong>certificado<\/strong> en esta p\u00e1gina. Cada perfil incluye datos de contacto y disponibilidad.<\/p>\n\n  <h3 style=\"color:#f67675;\">\u00bfLos anuncios de Escort Cologny Gen\u00e8ve est\u00e1n verificados?<\/h3>\n  <p>S\u00ed, borramos regularmente los perfiles inactivos para conservar s\u00f3lo los anuncios. <strong>certificado<\/strong>.<\/p>\n\n  <h3 style=\"color:#f67675;\">\u00bfLos escoltas de Cologny est\u00e1n certificados las 24 horas del d\u00eda?<\/h3>\n  <p>Algunos anuncios especifican disponibilidad permanente. <strong>Por lo tanto<\/strong>Puede concertar una reuni\u00f3n en cualquier momento.<\/p>\n\n  <h3 style=\"color:#f67675;\">\u00bfCu\u00e1les son los distritos vecinos de Cologny?<\/h3>\n  <p>Les Eaux-Vives, Champel y el centro de la ciudad de <strong>Ginebra<\/strong> se puede llegar r\u00e1pidamente desde <strong>Cologny<\/strong>.<\/p>\n\n  <p style=\"margin-top:20px; font-weight:bold; color:#f67675;\">\u27a1 Navega ahora por todos los personales de acompa\u00f1antes de cologny geneve y encuentra la chica de compa\u00f1\u00eda certificada que m\u00e1s te convenga en. <strong>Ginebra<\/strong>.<\/p>\n\n<\/div>\n\n<script type=\"application\/ld+json\">\n{\n  \"@context\": \"https:\/\/schema.org\",\n  \"@type\": \"LocalBusiness\",\n  \"name\": \"Escort Cologny Gen\u00e8ve - Meetgirl\",\n  \"address\": {\n    \"@type\": \"PostalAddress\",\n    \"addressLocality\": \"Gen\u00e8ve - Cologny\",\n    \"addressCountry\": \"CH\"\n  }\n}\n<\/script>\n\t\t\t\t\t\t\t\t<\/div>\n\t\t\t\t<\/div>\n\t\t\t\t\t<\/div>\n\t\t\t\t<\/div>\n\t\t<div class=\"elementor-element elementor-element-5352225 e-flex e-con-boxed e-con e-parent\" data-id=\"5352225\" data-element_type=\"container\" data-settings=\"{&quot;jet_parallax_layout_list&quot;:[]}\">\n\t\t\t\t\t<div class=\"e-con-inner\">\n\t\t<div class=\"elementor-element elementor-element-ba26c36 e-con-full e-flex e-con e-child\" data-id=\"ba26c36\" data-element_type=\"container\" data-settings=\"{&quot;jet_parallax_layout_list&quot;:[]}\">\n\t\t\t\t<div class=\"elementor-element elementor-element-c369696 elementor-widget elementor-widget-image\" data-id=\"c369696\" data-element_type=\"widget\" data-widget_type=\"image.default\">\n\t\t\t\t<div class=\"elementor-widget-container\">\n\t\t\t\t\t\t\t\t\t\t\t\t\t\t\t<img decoding=\"async\" width=\"820\" height=\"540\" src=\"https:\/\/meetgirl.ch\/wp-content\/uploads\/2025\/09\/escort-cologny-geneve-lac.png\" class=\"attachment-large size-large wp-image-14145\" alt=\"Escort Cologny Gen\u00e8ve - anuncios certificados con vistas al lago Lem\u00e1n\" srcset=\"https:\/\/meetgirl.ch\/wp-content\/uploads\/2025\/09\/escort-cologny-geneve-lac.png 820w, https:\/\/meetgirl.ch\/wp-content\/uploads\/2025\/09\/escort-cologny-geneve-lac-300x198.png 300w, https:\/\/meetgirl.ch\/wp-content\/uploads\/2025\/09\/escort-cologny-geneve-lac-768x506.png 768w, https:\/\/meetgirl.ch\/wp-content\/uploads\/2025\/09\/escort-cologny-geneve-lac-18x12.png 18w, https:\/\/meetgirl.ch\/wp-content\/uploads\/2025\/09\/escort-cologny-geneve-lac-600x395.png 600w\" sizes=\"(max-width: 820px) 100vw, 820px\" \/>\t\t\t\t\t\t\t\t\t\t\t\t\t\t\t<\/div>\n\t\t\t\t<\/div>\n\t\t\t\t<\/div>\n\t\t<div class=\"elementor-element elementor-element-2bbc4d4 e-con-full e-flex e-con e-child\" data-id=\"2bbc4d4\" data-element_type=\"container\" data-settings=\"{&quot;jet_parallax_layout_list&quot;:[]}\">\n\t\t\t\t<div class=\"elementor-element elementor-element-c8a3cee elementor-widget elementor-widget-image\" data-id=\"c8a3cee\" data-element_type=\"widget\" data-widget_type=\"image.default\">\n\t\t\t\t<div class=\"elementor-widget-container\">\n\t\t\t\t\t\t\t\t\t\t\t\t\t\t\t<img decoding=\"async\" width=\"822\" height=\"532\" src=\"https:\/\/meetgirl.ch\/wp-content\/uploads\/2025\/09\/escort-cologny-geneve-lifestyle.png\" class=\"attachment-large size-large wp-image-14147\" alt=\"Escort girl Cologny Gen\u00e8ve - anuncios certificados en un ambiente elegante y discreto\" srcset=\"https:\/\/meetgirl.ch\/wp-content\/uploads\/2025\/09\/escort-cologny-geneve-lifestyle.png 822w, https:\/\/meetgirl.ch\/wp-content\/uploads\/2025\/09\/escort-cologny-geneve-lifestyle-300x194.png 300w, https:\/\/meetgirl.ch\/wp-content\/uploads\/2025\/09\/escort-cologny-geneve-lifestyle-768x497.png 768w, https:\/\/meetgirl.ch\/wp-content\/uploads\/2025\/09\/escort-cologny-geneve-lifestyle-18x12.png 18w, https:\/\/meetgirl.ch\/wp-content\/uploads\/2025\/09\/escort-cologny-geneve-lifestyle-600x388.png 600w\" sizes=\"(max-width: 822px) 100vw, 822px\" \/>\t\t\t\t\t\t\t\t\t\t\t\t\t\t\t<\/div>\n\t\t\t\t<\/div>\n\t\t\t\t<\/div>\n\t\t<div class=\"elementor-element elementor-element-cbf8804 e-con-full e-flex e-con e-child\" data-id=\"cbf8804\" data-element_type=\"container\" data-settings=\"{&quot;jet_parallax_layout_list&quot;:[]}\">\n\t\t\t\t<div class=\"elementor-element elementor-element-9237071 elementor-widget elementor-widget-image\" data-id=\"9237071\" data-element_type=\"widget\" data-widget_type=\"image.default\">\n\t\t\t\t<div class=\"elementor-widget-container\">\n\t\t\t\t\t\t\t\t\t\t\t\t\t\t\t<img decoding=\"async\" width=\"816\" height=\"532\" src=\"https:\/\/meetgirl.ch\/wp-content\/uploads\/2025\/09\/escort-cologny-geneve-villa.png\" class=\"attachment-large size-large wp-image-14146\" alt=\"Escort cologny geneve - anuncios certificados en una zona residencial chic\" srcset=\"https:\/\/meetgirl.ch\/wp-content\/uploads\/2025\/09\/escort-cologny-geneve-villa.png 816w, https:\/\/meetgirl.ch\/wp-content\/uploads\/2025\/09\/escort-cologny-geneve-villa-300x196.png 300w, https:\/\/meetgirl.ch\/wp-content\/uploads\/2025\/09\/escort-cologny-geneve-villa-768x501.png 768w, https:\/\/meetgirl.ch\/wp-content\/uploads\/2025\/09\/escort-cologny-geneve-villa-18x12.png 18w, https:\/\/meetgirl.ch\/wp-content\/uploads\/2025\/09\/escort-cologny-geneve-villa-600x391.png 600w\" sizes=\"(max-width: 816px) 100vw, 816px\" \/>\t\t\t\t\t\t\t\t\t\t\t\t\t\t\t<\/div>\n\t\t\t\t<\/div>\n\t\t\t\t<\/div>\n\t\t\t\t\t<\/div>\n\t\t\t\t<\/div>\n\t\t\t\t<\/div>","protected":false},"excerpt":{"rendered":"<p>Escort Cologny Gen\u00e8ve \u2013 annonces certifi\u00e9es et v\u00e9rifi\u00e9es Les annonces d\u2019escort cologny geneve attirent les visiteurs en qu\u00eate d\u2019\u00e9l\u00e9gance et de discr\u00e9tion. En effet, Cologny est l\u2019un des quartiers les plus prestigieux de Gen\u00e8ve, r\u00e9put\u00e9 pour ses villas de luxe, sa vue sur le lac L\u00e9man et son atmosph\u00e8re r\u00e9sidentielle. De plus, plusieurs Escort Cologny [&hellip;]<\/p>","protected":false},"author":3,"featured_media":0,"parent":14082,"menu_order":0,"comment_status":"closed","ping_status":"closed","template":"","meta":{"footnotes":""},"class_list":["post-14142","page","type-page","status-publish","hentry"],"acf":[],"yoast_head":"<!-- This site is optimized with the Yoast SEO plugin v26.0 - https:\/\/yoast.com\/wordpress\/plugins\/seo\/ -->\n<title>Escort Cologny Gen\u00e8ve | Escort Cologny Gen\u00e8ve \u2013 Meetgirl<\/title>\n<meta name=\"description\" content=\"D\u00e9couvrez les annonces d\u2019escort \u00e0 Cologny \u00e0 Gen\u00e8ve : ind\u00e9pendantes, agences et escort girls certifi\u00e9es dans ce quartier prestigieux\" \/>\n<meta name=\"robots\" content=\"index, follow, max-snippet:-1, max-image-preview:large, max-video-preview:-1\" \/>\n<link rel=\"canonical\" href=\"https:\/\/meetgirl.ch\/es\/acompanante\/geneve\/cologny\/\" \/>\n<meta property=\"og:locale\" content=\"es_ES\" \/>\n<meta property=\"og:type\" content=\"article\" \/>\n<meta property=\"og:title\" content=\"Escort Cologny Gen\u00e8ve | Escort Cologny Gen\u00e8ve \u2013 Meetgirl\" \/>\n<meta property=\"og:description\" content=\"D\u00e9couvrez les annonces d\u2019escort \u00e0 Cologny \u00e0 Gen\u00e8ve : ind\u00e9pendantes, agences et escort girls certifi\u00e9es dans ce quartier prestigieux\" \/>\n<meta property=\"og:url\" content=\"https:\/\/meetgirl.ch\/es\/acompanante\/geneve\/cologny\/\" \/>\n<meta property=\"og:site_name\" content=\"Meetgirl - Annonces \u00e9rotiques - Escorts, massages et salons\" \/>\n<meta property=\"article:modified_time\" content=\"2025-09-21T12:07:14+00:00\" \/>\n<meta property=\"og:image\" content=\"https:\/\/meetgirl.ch\/wp-content\/uploads\/2025\/09\/escort-cologny-geneve-lac.png\" \/>\n\t<meta property=\"og:image:width\" content=\"820\" \/>\n\t<meta property=\"og:image:height\" content=\"540\" \/>\n\t<meta property=\"og:image:type\" content=\"image\/png\" \/>\n<meta name=\"twitter:card\" content=\"summary_large_image\" \/>\n<meta name=\"twitter:label1\" content=\"Tiempo de lectura\" \/>\n\t<meta name=\"twitter:data1\" content=\"3 minutos\" \/>\n<script type=\"application\/ld+json\" class=\"yoast-schema-graph\">{\"@context\":\"https:\/\/schema.org\",\"@graph\":[{\"@type\":\"WebPage\",\"@id\":\"https:\/\/meetgirl.ch\/escort\/geneve\/cologny\/\",\"url\":\"https:\/\/meetgirl.ch\/escort\/geneve\/cologny\/\",\"name\":\"Escort Cologny Gen\u00e8ve | Escort Cologny Gen\u00e8ve \u2013 Meetgirl\",\"isPartOf\":{\"@id\":\"https:\/\/meetgirl.ch\/#website\"},\"primaryImageOfPage\":{\"@id\":\"https:\/\/meetgirl.ch\/escort\/geneve\/cologny\/#primaryimage\"},\"image\":{\"@id\":\"https:\/\/meetgirl.ch\/escort\/geneve\/cologny\/#primaryimage\"},\"thumbnailUrl\":\"https:\/\/meetgirl.ch\/wp-content\/uploads\/2025\/09\/escort-cologny-geneve-lac.png\",\"datePublished\":\"2025-09-21T12:02:38+00:00\",\"dateModified\":\"2025-09-21T12:07:14+00:00\",\"description\":\"D\u00e9couvrez les annonces d\u2019escort \u00e0 Cologny \u00e0 Gen\u00e8ve : ind\u00e9pendantes, agences et escort girls certifi\u00e9es dans ce quartier prestigieux\",\"breadcrumb\":{\"@id\":\"https:\/\/meetgirl.ch\/escort\/geneve\/cologny\/#breadcrumb\"},\"inLanguage\":\"es\",\"potentialAction\":[{\"@type\":\"ReadAction\",\"target\":[\"https:\/\/meetgirl.ch\/escort\/geneve\/cologny\/\"]}]},{\"@type\":\"ImageObject\",\"inLanguage\":\"es\",\"@id\":\"https:\/\/meetgirl.ch\/escort\/geneve\/cologny\/#primaryimage\",\"url\":\"https:\/\/meetgirl.ch\/wp-content\/uploads\/2025\/09\/escort-cologny-geneve-lac.png\",\"contentUrl\":\"https:\/\/meetgirl.ch\/wp-content\/uploads\/2025\/09\/escort-cologny-geneve-lac.png\"},{\"@type\":\"BreadcrumbList\",\"@id\":\"https:\/\/meetgirl.ch\/escort\/geneve\/cologny\/#breadcrumb\",\"itemListElement\":[{\"@type\":\"ListItem\",\"position\":1,\"name\":\"Accueil\",\"item\":\"https:\/\/meetgirl.ch\/\"},{\"@type\":\"ListItem\",\"position\":2,\"name\":\"Escort en Suisse \u2013 annonces certifi\u00e9es et v\u00e9rifi\u00e9es\",\"item\":\"https:\/\/meetgirl.ch\/escort\/\"},{\"@type\":\"ListItem\",\"position\":3,\"name\":\"Escort Gen\u00e8ve \u2013 annonces certifi\u00e9es et v\u00e9rifi\u00e9es\",\"item\":\"https:\/\/meetgirl.ch\/escort\/geneve\/\"},{\"@type\":\"ListItem\",\"position\":4,\"name\":\"Escort Cologny Gen\u00e8ve \u2013 annonces certifi\u00e9es et v\u00e9rifi\u00e9es\"}]},{\"@type\":\"WebSite\",\"@id\":\"https:\/\/meetgirl.ch\/#website\",\"url\":\"https:\/\/meetgirl.ch\/\",\"name\":\"MeetGirl - Annonces \u00e9rotiques Suisse - Escorts, massages et salons\",\"description\":\"Escorts et massages \u00e9rotiques\",\"publisher\":{\"@id\":\"https:\/\/meetgirl.ch\/#organization\"},\"alternateName\":\"Annuaire \u00e9rotique Suisse Escort \u00e0 Gen\u00e8ve, Lausanne, Valais, Neuch\u00e2tel\",\"potentialAction\":[{\"@type\":\"SearchAction\",\"target\":{\"@type\":\"EntryPoint\",\"urlTemplate\":\"https:\/\/meetgirl.ch\/?s={search_term_string}\"},\"query-input\":{\"@type\":\"PropertyValueSpecification\",\"valueRequired\":true,\"valueName\":\"search_term_string\"}}],\"inLanguage\":\"es\"},{\"@type\":\"Organization\",\"@id\":\"https:\/\/meetgirl.ch\/#organization\",\"name\":\"Escort et massage \u00e9rotique\",\"alternateName\":\"Meetgirl escortes et masseuses\",\"url\":\"https:\/\/meetgirl.ch\/\",\"logo\":{\"@type\":\"ImageObject\",\"inLanguage\":\"es\",\"@id\":\"https:\/\/meetgirl.ch\/#\/schema\/logo\/image\/\",\"url\":\"https:\/\/meetgirl.ch\/wp-content\/uploads\/2024\/05\/cropped-meet-logo.png\",\"contentUrl\":\"https:\/\/meetgirl.ch\/wp-content\/uploads\/2024\/05\/cropped-meet-logo.png\",\"width\":512,\"height\":512,\"caption\":\"Escort et massage \u00e9rotique\"},\"image\":{\"@id\":\"https:\/\/meetgirl.ch\/#\/schema\/logo\/image\/\"}}]}<\/script>\n<!-- \/ Yoast SEO plugin. -->","yoast_head_json":{"title":"Escort Cologny Gen\u00e8ve | Escort Cologny Gen\u00e8ve - Meetgirl","description":"Descubra los anuncios de escorts en Cologny en Ginebra: independientes, agencias y chicas de compa\u00f1\u00eda certificadas en esta prestigiosa zona.","robots":{"index":"index","follow":"follow","max-snippet":"max-snippet:-1","max-image-preview":"max-image-preview:large","max-video-preview":"max-video-preview:-1"},"canonical":"https:\/\/meetgirl.ch\/es\/acompanante\/geneve\/cologny\/","og_locale":"es_ES","og_type":"article","og_title":"Escort Cologny Gen\u00e8ve | Escort Cologny Gen\u00e8ve \u2013 Meetgirl","og_description":"D\u00e9couvrez les annonces d\u2019escort \u00e0 Cologny \u00e0 Gen\u00e8ve : ind\u00e9pendantes, agences et escort girls certifi\u00e9es dans ce quartier prestigieux","og_url":"https:\/\/meetgirl.ch\/es\/acompanante\/geneve\/cologny\/","og_site_name":"Meetgirl - Annonces \u00e9rotiques - Escorts, massages et salons","article_modified_time":"2025-09-21T12:07:14+00:00","og_image":[{"width":820,"height":540,"url":"https:\/\/meetgirl.ch\/wp-content\/uploads\/2025\/09\/escort-cologny-geneve-lac.png","type":"image\/png"}],"twitter_card":"summary_large_image","twitter_misc":{"Tiempo de lectura":"3 minutos"},"schema":{"@context":"https:\/\/schema.org","@graph":[{"@type":"WebPage","@id":"https:\/\/meetgirl.ch\/escort\/geneve\/cologny\/","url":"https:\/\/meetgirl.ch\/escort\/geneve\/cologny\/","name":"Escort Cologny Gen\u00e8ve | Escort Cologny Gen\u00e8ve - Meetgirl","isPartOf":{"@id":"https:\/\/meetgirl.ch\/#website"},"primaryImageOfPage":{"@id":"https:\/\/meetgirl.ch\/escort\/geneve\/cologny\/#primaryimage"},"image":{"@id":"https:\/\/meetgirl.ch\/escort\/geneve\/cologny\/#primaryimage"},"thumbnailUrl":"https:\/\/meetgirl.ch\/wp-content\/uploads\/2025\/09\/escort-cologny-geneve-lac.png","datePublished":"2025-09-21T12:02:38+00:00","dateModified":"2025-09-21T12:07:14+00:00","description":"Descubra los anuncios de escorts en Cologny en Ginebra: independientes, agencias y chicas de compa\u00f1\u00eda certificadas en esta prestigiosa zona.","breadcrumb":{"@id":"https:\/\/meetgirl.ch\/escort\/geneve\/cologny\/#breadcrumb"},"inLanguage":"es","potentialAction":[{"@type":"ReadAction","target":["https:\/\/meetgirl.ch\/escort\/geneve\/cologny\/"]}]},{"@type":"ImageObject","inLanguage":"es","@id":"https:\/\/meetgirl.ch\/escort\/geneve\/cologny\/#primaryimage","url":"https:\/\/meetgirl.ch\/wp-content\/uploads\/2025\/09\/escort-cologny-geneve-lac.png","contentUrl":"https:\/\/meetgirl.ch\/wp-content\/uploads\/2025\/09\/escort-cologny-geneve-lac.png"},{"@type":"BreadcrumbList","@id":"https:\/\/meetgirl.ch\/escort\/geneve\/cologny\/#breadcrumb","itemListElement":[{"@type":"ListItem","position":1,"name":"Accueil","item":"https:\/\/meetgirl.ch\/"},{"@type":"ListItem","position":2,"name":"Escort en Suisse \u2013 annonces certifi\u00e9es et v\u00e9rifi\u00e9es","item":"https:\/\/meetgirl.ch\/escort\/"},{"@type":"ListItem","position":3,"name":"Escort Gen\u00e8ve \u2013 annonces certifi\u00e9es et v\u00e9rifi\u00e9es","item":"https:\/\/meetgirl.ch\/escort\/geneve\/"},{"@type":"ListItem","position":4,"name":"Escort Cologny Gen\u00e8ve \u2013 annonces certifi\u00e9es et v\u00e9rifi\u00e9es"}]},{"@type":"WebSite","@id":"https:\/\/meetgirl.ch\/#website","url":"https:\/\/meetgirl.ch\/","name":"MeetGirl - Anuncios er\u00f3ticos Suiza - Escorts, masajes y salones","description":"Escorts y masajes er\u00f3ticos","publisher":{"@id":"https:\/\/meetgirl.ch\/#organization"},"alternateName":"Annuaire \u00e9rotique Suisse Escort \u00e0 Gen\u00e8ve, Lausanne, Valais, Neuch\u00e2tel","potentialAction":[{"@type":"SearchAction","target":{"@type":"EntryPoint","urlTemplate":"https:\/\/meetgirl.ch\/?s={search_term_string}"},"query-input":{"@type":"PropertyValueSpecification","valueRequired":true,"valueName":"search_term_string"}}],"inLanguage":"es"},{"@type":"Organization","@id":"https:\/\/meetgirl.ch\/#organization","name":"Escort y masaje er\u00f3tico","alternateName":"Meetgirl escortes et masseuses","url":"https:\/\/meetgirl.ch\/","logo":{"@type":"ImageObject","inLanguage":"es","@id":"https:\/\/meetgirl.ch\/#\/schema\/logo\/image\/","url":"https:\/\/meetgirl.ch\/wp-content\/uploads\/2024\/05\/cropped-meet-logo.png","contentUrl":"https:\/\/meetgirl.ch\/wp-content\/uploads\/2024\/05\/cropped-meet-logo.png","width":512,"height":512,"caption":"Escort et massage \u00e9rotique"},"image":{"@id":"https:\/\/meetgirl.ch\/#\/schema\/logo\/image\/"}}]}},"_links":{"self":[{"href":"https:\/\/meetgirl.ch\/es\/wp-json\/wp\/v2\/pages\/14142","targetHints":{"allow":["GET"]}}],"collection":[{"href":"https:\/\/meetgirl.ch\/es\/wp-json\/wp\/v2\/pages"}],"about":[{"href":"https:\/\/meetgirl.ch\/es\/wp-json\/wp\/v2\/types\/page"}],"author":[{"embeddable":true,"href":"https:\/\/meetgirl.ch\/es\/wp-json\/wp\/v2\/users\/3"}],"replies":[{"embeddable":true,"href":"https:\/\/meetgirl.ch\/es\/wp-json\/wp\/v2\/comments?post=14142"}],"version-history":[{"count":4,"href":"https:\/\/meetgirl.ch\/es\/wp-json\/wp\/v2\/pages\/14142\/revisions"}],"predecessor-version":[{"id":14150,"href":"https:\/\/meetgirl.ch\/es\/wp-json\/wp\/v2\/pages\/14142\/revisions\/14150"}],"up":[{"embeddable":true,"href":"https:\/\/meetgirl.ch\/es\/wp-json\/wp\/v2\/pages\/14082"}],"wp:attachment":[{"href":"https:\/\/meetgirl.ch\/es\/wp-json\/wp\/v2\/media?parent=14142"}],"curies":[{"name":"wp","href":"https:\/\/api.w.org\/{rel}","templated":true}]}}